{"id":3366,"date":"2024-07-31T07:54:51","date_gmt":"2024-07-31T07:54:51","guid":{"rendered":"https:\/\/aiartfree.online\/?page_id=3366"},"modified":"2024-08-02T10:41:37","modified_gmt":"2024-08-02T10:41:37","slug":"ai-background-generator","status":"publish","type":"page","link":"https:\/\/aiartfree.online\/hu\/ai-hatter-generator\/","title":{"rendered":"AI h\u00e1tt\u00e9r gener\u00e1tor"},"content":{"rendered":"<h2 class=\"wp-block-heading has-text-align-center\" id=\"before-vs-after\">El\u0151tte vs. Ut\u00e1na<\/h2>\n\n\n\n<figure class=\"gb-block-image gb-block-image-1822da1f\"><img data-recalc-dims=\"1\" decoding=\"async\" loading=\"lazy\" width=\"1200\" height=\"423\" class=\"gb-image gb-image-1822da1f\" src=\"https:\/\/i0.wp.com\/aiartfree.online\/wp-content\/uploads\/2024\/07\/WX20240731-145349%402x-scaled.webp?resize=1200%2C423&#038;ssl=1\" alt=\"AI Background Generator | Ingyenes H\u00e1tt\u00e9rv\u00e1lt\u00f3, Korl\u00e1tlan\" title=\"WX20240731-145349@2x\" srcset=\"https:\/\/i0.wp.com\/aiartfree.online\/wp-content\/uploads\/2024\/07\/WX20240731-145349%402x-scaled.webp?w=2560&amp;ssl=1 2560w, https:\/\/i0.wp.com\/aiartfree.online\/wp-content\/uploads\/2024\/07\/WX20240731-145349%402x-scaled.webp?resize=300%2C106&amp;ssl=1 300w, https:\/\/i0.wp.com\/aiartfree.online\/wp-content\/uploads\/2024\/07\/WX20240731-145349%402x-scaled.webp?resize=1024%2C361&amp;ssl=1 1024w, https:\/\/i0.wp.com\/aiartfree.online\/wp-content\/uploads\/2024\/07\/WX20240731-145349%402x-scaled.webp?resize=768%2C271&amp;ssl=1 768w, https:\/\/i0.wp.com\/aiartfree.online\/wp-content\/uploads\/2024\/07\/WX20240731-145349%402x-scaled.webp?resize=1536%2C541&amp;ssl=1 1536w, https:\/\/i0.wp.com\/aiartfree.online\/wp-content\/uploads\/2024\/07\/WX20240731-145349%402x-scaled.webp?resize=2048%2C721&amp;ssl=1 2048w, https:\/\/i0.wp.com\/aiartfree.online\/wp-content\/uploads\/2024\/07\/WX20240731-145349%402x-scaled.webp?resize=18%2C6&amp;ssl=1 18w, https:\/\/i0.wp.com\/aiartfree.online\/wp-content\/uploads\/2024\/07\/WX20240731-145349%402x-scaled.webp?resize=600%2C211&amp;ssl=1 600w, https:\/\/i0.wp.com\/aiartfree.online\/wp-content\/uploads\/2024\/07\/WX20240731-145349%402x-scaled.webp?w=2400&amp;ssl=1 2400w\" sizes=\"auto, (max-width: 1200px) 100vw, 1200px\" \/><\/figure>\n\n\n\n<h2 class=\"wp-block-heading\" id=\"how-to-use-the-ai-background-generator\">Az AI h\u00e1tt\u00e9rgener\u00e1tor haszn\u00e1lata<\/h2>\n\n\n\n<ol class=\"wp-block-list\">\n<li class=\"\">Dobja el vagy t\u00f6ltse fel a k\u00e9pet<\/li>\n\n\n\n<li class=\"\">\u00cdrja be a k\u00e9r\u00e9st (Select <strong>H\u00e1tt\u00e9r elt\u00e1vol\u00edt\u00e1sa<\/strong> ha a k\u00e9ped h\u00e1tt\u00e9rrel van, hogy jobb eredm\u00e9nyt kapj)<\/li>\n\n\n\n<li class=\"\">Kattintson a \"Gener\u00e1l\u00e1s\" gombra<\/li>\n\n\n\n<li class=\"\">V\u00e1rj, ez az!<\/li>\n<\/ol>\n\n\n\n<p class=\"\">* Nyugodtan pr\u00f3b\u00e1lja ki az al\u00e1bbi p\u00e9ld\u00e1kat, ha nincs semmilyen gondolat a fej\u00e9ben<\/p>\n\n\n\n<p class=\"\"><em>* Az internet sebess\u00e9g\u00e9t\u0151l f\u00fcgg\u0151en a modell bet\u00f6lt\u00e9se n\u00e9h\u00e1ny m\u00e1sodpercet vehet ig\u00e9nybe.<br>* A folyamatos gener\u00e1l\u00e1s sor\u00e1n gyors\u00edt\u00f3t\u00e1raz\u00e1sra ker\u00fcl sor, \u00e9s az \u00faj k\u00e9p k\u00f6r\u00fclbel\u00fcl 3 m\u00e1sodperc m\u00falva jelenik meg.<\/em><\/p>\n\n\n<div class=\"gb-container gb-container-968be51b\">\n\n<div class=\"iframe-wrapper\" style=\"position: relative; width: 100%; height: 2650px;\">\n  <div class=\"loading\" style=\"position: absolute; top: 100px; left: 50%; transform: translate(-50%, -50%); width: 40px; height: 40px; border: 3px solid #f0f0f0; border-top: 3px solid #db7093; border-radius: 50%; animation: spin 1s linear infinite;\"><\/div>\n  <iframe loading=\"lazy\" src=\"https:\/\/fotographerai-fai-fuzer.hf.space\" frameborder=\"0\" width=\"100%\" height=\"100%\" style=\"position: absolute; top: 0; left: 0; opacity: 0; transition: opacity 0.3s;\" onload=\"this.style.opacity=1;this.previousElementSibling.style.display='none';\"><\/iframe>\n<\/div>\n\n<style>\n@keyframes spin {\n  0% { transform: translate(-50%, -50%) rotate(0deg); }\n  100% { transform: translate(-50%, -50%) rotate(360deg); }\n}\n<\/style>\n\n<\/div>\n\n\n<div style=\"height:100px\" aria-hidden=\"true\" class=\"wp-block-spacer\"><\/div>\n\n\n\n<h2 class=\"wp-block-heading\" id=\"ai-background-generator-revolutionizing-image-creation\">AI h\u00e1tt\u00e9rgener\u00e1tor: Forradalmas\u00edtja a k\u00e9pk\u00e9sz\u00edt\u00e9st<\/h2>\n\n\n\n<p class=\"\">Ez a cikk a mesters\u00e9ges intelligencia h\u00e1tt\u00e9rgener\u00e1torok vil\u00e1g\u00e1t, azok el\u0151nyeit \u00e9s a digit\u00e1lis k\u00e9palkot\u00e1s \u00e1talakul\u00e1s\u00e1t mutatja be. Az alapfogalmakt\u00f3l a fejlett alkalmaz\u00e1sokig mindent t\u00e1rgyalunk, seg\u00edt\u00fcnk meg\u00e9rteni, mi\u00e9rt v\u00e1lik ez az eszk\u00f6z n\u00e9lk\u00fcl\u00f6zhetetlenn\u00e9 az alkot\u00f3k \u00e9s a v\u00e1llalkoz\u00e1sok sz\u00e1m\u00e1ra egyar\u00e1nt.<\/p>\n\n\n\n<div class=\"wp-block-rank-math-toc-block\" id=\"rank-math-toc\"><h3>Tartalomjegyz\u00e9k<\/h3><nav><ul><li><a href=\"#what-is-an-ai-background-generator\">Mi az az AI h\u00e1tt\u00e9rgener\u00e1tor?<\/a><\/li><li><a href=\"#why-use-an-ai-background-generator\">Mi\u00e9rt \u00e9rdemes AI h\u00e1tt\u00e9rgener\u00e1tort haszn\u00e1lni?<\/a><\/li><li><a href=\"#main-features-of-ai-background-generators\">Az AI h\u00e1tt\u00e9rgener\u00e1torok f\u0151 jellemz\u0151i<\/a><ul><li><a href=\"#1-image-generation-from-text\">1. K\u00e9pgener\u00e1l\u00e1s sz\u00f6vegb\u0151l<\/a><\/li><li><a href=\"#2-style-transfer\">2. St\u00edlus\u00e1tvitel<\/a><\/li><li><a href=\"#3-background-removal-and-replacement\">3. H\u00e1tt\u00e9r elt\u00e1vol\u00edt\u00e1sa \u00e9s cser\u00e9je<\/a><\/li><li><a href=\"#4-resolution-enhancement\">4. Felbont\u00e1s jav\u00edt\u00e1sa<\/a><\/li><\/ul><\/li><li><a href=\"#who-should-use-ai-background-generators\">Kinek \u00e9rdemes AI h\u00e1tt\u00e9rgener\u00e1torokat haszn\u00e1lni?<\/a><\/li><li><a href=\"#industries-benefiting-from-ai-background-generators\">A mesters\u00e9ges intelligencia h\u00e1tt\u00e9rgener\u00e1torok el\u0151nyeit \u00e9lvez\u0151 ipar\u00e1gak<\/a><\/li><li><a href=\"#how-to-use-an-ai-background-generator\">Hogyan haszn\u00e1ljunk AI h\u00e1tt\u00e9rgener\u00e1tort<\/a><\/li><li><a href=\"#use-cases-for-ai-background-generators\">A mesters\u00e9ges intelligencia h\u00e1tt\u00e9rgener\u00e1torok felhaszn\u00e1l\u00e1si esetei<\/a><ul><li><a href=\"#e-commerce-product-images\">E-kereskedelmi term\u00e9kk\u00e9pek<\/a><\/li><li><a href=\"#social-media-content\">K\u00f6z\u00f6ss\u00e9gi m\u00e9dia tartalom<\/a><\/li><li><a href=\"#video-production\">Vide\u00f3 gy\u00e1rt\u00e1s<\/a><\/li><li><a href=\"#website-design\">Weboldal tervez\u00e9s<\/a><\/li><\/ul><\/li><li><a href=\"#10-ai-background-generator-tools-pros-cons-and-features\">10 AI h\u00e1tt\u00e9rgener\u00e1tor eszk\u00f6z\u00f6k: El\u0151ny\u00f6k, h\u00e1tr\u00e1nyok \u00e9s jellemz\u0151k<\/a><\/li><li><a href=\"#advantages-challenges-and-recommendations-for-the-ai-background-generation-industry\">El\u0151ny\u00f6k, kih\u00edv\u00e1sok \u00e9s aj\u00e1nl\u00e1sok a mesters\u00e9ges intelligenci\u00e1val kapcsolatos h\u00e1tt\u00e9rgener\u00e1ci\u00f3s ipar\u00e1g sz\u00e1m\u00e1ra<\/a><ul><li><a href=\"#advantages\">El\u0151ny\u00f6k<\/a><\/li><li><a href=\"#challenges\">Kih\u00edv\u00e1sok<\/a><\/li><li><a href=\"#recommendations\">Aj\u00e1nl\u00e1sok<\/a><\/li><\/ul><\/li><li><a href=\"#faq\">GYIK<\/a><\/li><li><a href=\"#conclusion\">K\u00f6vetkeztet\u00e9s<\/a><\/li><\/ul><\/nav><\/div>\n\n\n\n<h3 class=\"wp-block-heading\" id=\"what-is-an-ai-background-generator\">Mi az az AI h\u00e1tt\u00e9rgener\u00e1tor?<\/h3>\n\n\n\n<p class=\"\">Az AI h\u00e1tt\u00e9rgener\u00e1tor egy olyan \u00e9lvonalbeli eszk\u00f6z, amely a mesters\u00e9ges intelligenci\u00e1t haszn\u00e1lja fel, hogy leny\u0171g\u00f6z\u0151, egyedi h\u00e1ttereket hozzon l\u00e9tre k\u00fcl\u00f6nb\u00f6z\u0151 digit\u00e1lis projektekhez. Ez a no.1 technol\u00f3gia lehet\u0151v\u00e9 teszi a felhaszn\u00e1l\u00f3k sz\u00e1m\u00e1ra, hogy kiv\u00e1l\u00f3 min\u0151s\u00e9g\u0171 k\u00e9peket k\u00e9sz\u00edtsenek an\u00e9lk\u00fcl, hogy kiterjedt grafikai tervez\u0151i ismeretekre vagy dr\u00e1ga szoftverekre lenne sz\u00fcks\u00e9g\u00fck.<\/p>\n\n\n\n<h3 class=\"wp-block-heading\" id=\"why-use-an-ai-background-generator\">Mi\u00e9rt \u00e9rdemes AI h\u00e1tt\u00e9rgener\u00e1tort haszn\u00e1lni?<\/h3>\n\n\n\n<p class=\"\">Az AI h\u00e1tt\u00e9rgener\u00e1tor haszn\u00e1lata sz\u00e1mos el\u0151nnyel j\u00e1r:<\/p>\n\n\n\n<ol class=\"wp-block-list\">\n<li class=\"\">Id\u0151megtakar\u00edt\u00e1s: H\u00e1tt\u00e9rk\u00e9pek gener\u00e1l\u00e1sa m\u00e1sodpercek alatt<\/li>\n\n\n\n<li class=\"\">K\u00f6lts\u00e9ghat\u00e9kony: 100% ingyenes \u00e9s korl\u00e1tlan<\/li>\n\n\n\n<li class=\"\">Sokoldal\u00fa: H\u00e1tt\u00e9rk\u00e9pek k\u00e9sz\u00edt\u00e9se k\u00fcl\u00f6nb\u00f6z\u0151 c\u00e9lokra<\/li>\n\n\n\n<li class=\"\">Nincs sz\u00fcks\u00e9g tervez\u0151i ismeretekre: A mesters\u00e9ges intelligencia elv\u00e9gzi a nehez\u00e9t<\/li>\n\n\n\n<li class=\"\">Testreszabhat\u00f3: A kimenetek testreszab\u00e1sa az \u00d6n egyedi ig\u00e9nyeihez<\/li>\n<\/ol>\n\n\n\n<h3 class=\"wp-block-heading\" id=\"main-features-of-ai-background-generators\">Az AI h\u00e1tt\u00e9rgener\u00e1torok f\u0151 jellemz\u0151i<\/h3>\n\n\n\n<h4 class=\"wp-block-heading\" id=\"1-image-generation-from-text\">1. K\u00e9pgener\u00e1l\u00e1s sz\u00f6vegb\u0151l<\/h4>\n\n\n\n<p class=\"\">A mesters\u00e9ges intelligencia h\u00e1tt\u00e9rgener\u00e1torok k\u00e9pesek k\u00e9peket l\u00e9trehozni a sz\u00f6veges le\u00edr\u00e1sok alapj\u00e1n, ami hihetetlen\u00fcl specifikus \u00e9s testreszabott kimeneteket tesz lehet\u0151v\u00e9.<\/p>\n\n\n\n<h4 class=\"wp-block-heading\" id=\"2-style-transfer\">2. St\u00edlus\u00e1tvitel<\/h4>\n\n\n\n<p class=\"\">Alkalmazzon m\u0171v\u00e9szi st\u00edlusokat a megl\u00e9v\u0151 k\u00e9pekre, vagy hozzon l\u00e9tre \u00fajakat meghat\u00e1rozott st\u00edlusokban, a fot\u00f3realisztikust\u00f3l az absztraktig.<\/p>\n\n\n\n<h4 class=\"wp-block-heading\" id=\"3-background-removal-and-replacement\">3. H\u00e1tt\u00e9r elt\u00e1vol\u00edt\u00e1sa \u00e9s cser\u00e9je<\/h4>\n\n\n\n<p class=\"\">K\u00f6nnyed\u00e9n elt\u00e1vol\u00edthatja \u00e9s megv\u00e1ltoztathatja a f\u00e9nyk\u00e9pek h\u00e1tter\u00e9t, t\u00f6k\u00e9letes term\u00e9kk\u00e9pekhez vagy portr\u00e9khoz.<\/p>\n\n\n\n<h4 class=\"wp-block-heading\" id=\"4-resolution-enhancement\">4. Felbont\u00e1s jav\u00edt\u00e1sa<\/h4>\n\n\n\n<p class=\"\">Nagy\u00edthatja \u00e9s jav\u00edthatja a megl\u00e9v\u0151 k\u00e9pek min\u0151s\u00e9g\u00e9t, vagy nagy felbont\u00e1s\u00fa h\u00e1ttereket k\u00e9sz\u00edthet a semmib\u0151l.<\/p>\n\n\n\n<h3 class=\"wp-block-heading\" id=\"who-should-use-ai-background-generators\">Kinek \u00e9rdemes AI h\u00e1tt\u00e9rgener\u00e1torokat haszn\u00e1lni?<\/h3>\n\n\n\n<ul class=\"wp-block-list\">\n<li class=\"\">Grafikusok<\/li>\n\n\n\n<li class=\"\">K\u00f6z\u00f6ss\u00e9gi m\u00e9dia marketingesek<\/li>\n\n\n\n<li class=\"\">E-kereskedelmi v\u00e1llalkoz\u00e1sok<\/li>\n\n\n\n<li class=\"\">J\u00e1t\u00e9kfejleszt\u0151k (pl. dnd h\u00e1tt\u00e9r gener\u00e1tor ai)<\/li>\n\n\n\n<li class=\"\">Tartalomk\u00e9sz\u00edt\u0151k<\/li>\n\n\n\n<li class=\"\">Fot\u00f3sok<\/li>\n<\/ul>\n\n\n\n<h3 class=\"wp-block-heading\" id=\"industries-benefiting-from-ai-background-generators\">A mesters\u00e9ges intelligencia h\u00e1tt\u00e9rgener\u00e1torok el\u0151nyeit \u00e9lvez\u0151 ipar\u00e1gak<\/h3>\n\n\n\n<ul class=\"wp-block-list\">\n<li class=\"\">Rekl\u00e1m \u00e9s marketing<\/li>\n\n\n\n<li class=\"\">E-kereskedelem \u00e9s term\u00e9kfot\u00f3z\u00e1s<\/li>\n\n\n\n<li class=\"\">J\u00e1t\u00e9k \u00e9s sz\u00f3rakoz\u00e1s<\/li>\n\n\n\n<li class=\"\">Ingatlanok<\/li>\n\n\n\n<li class=\"\">Divat \u00e9s \u00e9letm\u00f3d<\/li>\n\n\n\n<li class=\"\">Oktat\u00e1s \u00e9s e-tanul\u00e1s<\/li>\n<\/ul>\n\n\n\n<h3 class=\"wp-block-heading\" id=\"how-to-use-an-ai-background-generator\">Hogyan haszn\u00e1ljunk AI h\u00e1tt\u00e9rgener\u00e1tort<\/h3>\n\n\n\n<ol class=\"wp-block-list\">\n<li class=\"\">V\u00e1lasszon egy megb\u00edzhat\u00f3 AI h\u00e1tt\u00e9r gener\u00e1tor eszk\u00f6zt<\/li>\n\n\n\n<li class=\"\">V\u00e1lassza ki a k\u00edv\u00e1nt funkci\u00f3t (pl. \u00faj k\u00e9p l\u00e9trehoz\u00e1sa, h\u00e1tt\u00e9r elt\u00e1vol\u00edt\u00e1sa).<\/li>\n\n\n\n<li class=\"\">Sz\u00f6veges le\u00edr\u00e1s bevitele vagy k\u00e9p felt\u00f6lt\u00e9se<\/li>\n\n\n\n<li class=\"\">A be\u00e1ll\u00edt\u00e1sok sz\u00fcks\u00e9g szerinti m\u00f3dos\u00edt\u00e1sa<\/li>\n\n\n\n<li class=\"\">Gener\u00e1lja a h\u00e1tteret<\/li>\n\n\n\n<li class=\"\">T\u00f6ltse le \u00e9s haszn\u00e1lja az \u00faj h\u00e1tteret<\/li>\n<\/ol>\n\n\n\n<h3 class=\"wp-block-heading\" id=\"use-cases-for-ai-background-generators\">A mesters\u00e9ges intelligencia h\u00e1tt\u00e9rgener\u00e1torok felhaszn\u00e1l\u00e1si esetei<\/h3>\n\n\n\n<h4 class=\"wp-block-heading\" id=\"e-commerce-product-images\">E-kereskedelmi term\u00e9kk\u00e9pek<\/h4>\n\n\n\n<p class=\"\">K\u00e9sz\u00edtsen professzion\u00e1lis megjelen\u00e9s\u0171 term\u00e9kk\u00e9peket az ai \u00e1ltal gener\u00e1lt gy\u00f6ny\u00f6r\u0171 vir\u00e1gk\u00e9pekkel, elmos\u00f3dott h\u00e1tt\u00e9rrel vagy m\u00e1s megfelel\u0151 kontextusban.<\/p>\n\n\n\n<h4 class=\"wp-block-heading\" id=\"social-media-content\">K\u00f6z\u00f6ss\u00e9gi m\u00e9dia tartalom<\/h4>\n\n\n\n<p class=\"\">Hozzon l\u00e9tre szemet gy\u00f6ny\u00f6rk\u00f6dtet\u0151 h\u00e1ttereket posztokhoz, t\u00f6rt\u00e9netekhez \u00e9s hirdet\u00e9sekhez.<\/p>\n\n\n\n<h4 class=\"wp-block-heading\" id=\"video-production\">Vide\u00f3 gy\u00e1rt\u00e1s<\/h4>\n\n\n\n<p class=\"\">K\u00e9sz\u00edtsen egyedi h\u00e1ttereket videoprojektekhez, virtu\u00e1lis d\u00edszletekhez vagy z\u00f6ld k\u00e9perny\u0151 helyettes\u00edt\u00e9s\u00e9hez.<\/p>\n\n\n\n<h4 class=\"wp-block-heading\" id=\"website-design\">Weboldal tervez\u00e9s<\/h4>\n\n\n\n<p class=\"\">Egyedi h\u00e1tterek fejleszt\u00e9se weboldalakhoz, fejl\u00e9cekhez \u00e9s bannerekhez.<\/p>\n\n\n\n<h3 class=\"wp-block-heading\" id=\"10-ai-background-generator-tools-pros-cons-and-features\">10 AI h\u00e1tt\u00e9rgener\u00e1tor eszk\u00f6z\u00f6k: El\u0151ny\u00f6k, h\u00e1tr\u00e1nyok \u00e9s jellemz\u0151k<\/h3>\n\n\n\n<figure class=\"wp-block-table\"><table class=\"has-fixed-layout\"><thead><tr><th>Szersz\u00e1m<\/th><th>El\u0151ny\u00f6k<\/th><th>H\u00e1tr\u00e1nyok<\/th><th>Jellemz\u0151k<\/th><th>URL<\/th><\/tr><\/thead><tbody><tr><td>AIArtFree<\/td><td>100% Ingyenes, nincs regisztr\u00e1ci\u00f3, korl\u00e1tlan haszn\u00e1lat<\/td><td>Korl\u00e1tozott fejlett funkci\u00f3k<\/td><td>AI h\u00e1tt\u00e9r gener\u00e1tor, H\u00e1tt\u00e9r elt\u00e1vol\u00edt\u00e1sa<\/td><td><a href=\"https:\/\/aiartfree.online\/hu\/ai-hatter-generator\/\">https:\/\/aiartfree.online\/ai-background-generator\/<\/a><\/td><\/tr><tr><td>DALL-E 2<\/td><td>Kiv\u00e1l\u00f3 min\u0151s\u00e9g\u0171 kimenetek, sokoldal\u00fa<\/td><td>Fizet\u0151s szolg\u00e1ltat\u00e1s, OpenAI fi\u00f3k sz\u00fcks\u00e9ges<\/td><td>Sz\u00f6veg-k\u00e9p gener\u00e1l\u00e1s, K\u00e9pszerkeszt\u00e9s<\/td><td><a href=\"https:\/\/openai.com\/dall-e-2\" target=\"_blank\" rel=\"noreferrer noopener\">https:\/\/openai.com\/dall-e-2<\/a><\/td><\/tr><tr><td>Az utaz\u00e1s k\u00f6zepe<\/td><td>M\u0171v\u00e9szi kimenetek, K\u00f6z\u00f6ss\u00e9g \u00e1ltal vez\u00e9relt<\/td><td>Fizet\u0151s szolg\u00e1ltat\u00e1s, Discord-alap\u00fa fel\u00fclet<\/td><td>Sz\u00f6veg-k\u00e9p gener\u00e1l\u00e1s, St\u00edlus testreszab\u00e1s<\/td><td>https:\/\/www.midjourney.com<\/td><\/tr><tr><td>Stabil diff\u00fazi\u00f3<\/td><td>Ny\u00edlt forr\u00e1sk\u00f3d\u00fa, testreszabhat\u00f3<\/td><td>A be\u00e1ll\u00edt\u00e1shoz m\u0171szaki ismeretekre van sz\u00fcks\u00e9g<\/td><td>Sz\u00f6veg-k\u00e9p gener\u00e1l\u00e1s, K\u00e9p-k\u00e9p ford\u00edt\u00e1s<\/td><td>https:\/\/stability.ai<\/td><\/tr><tr><td>Canva<\/td><td>Felhaszn\u00e1l\u00f3bar\u00e1t fel\u00fclet, integr\u00e1lt tervez\u0151eszk\u00f6z\u00f6k<\/td><td>Korl\u00e1tozott AI funkci\u00f3k az ingyenes verzi\u00f3ban<\/td><td>H\u00e1tt\u00e9r elt\u00e1vol\u00edt\u00e1sa, k\u00e9pgener\u00e1l\u00e1s (Magic Studio seg\u00edts\u00e9g\u00e9vel)<\/td><td>https:\/\/www.canva.com<\/td><\/tr><tr><td>Remove.bg<\/td><td>A h\u00e1tt\u00e9r elt\u00e1vol\u00edt\u00e1s\u00e1ra szakosodott, API el\u00e9rhet\u0151<\/td><td>Csak a h\u00e1tt\u00e9r elt\u00e1vol\u00edt\u00e1s\u00e1ra korl\u00e1toz\u00f3dik<\/td><td>Automatikus h\u00e1tt\u00e9relt\u00e1vol\u00edt\u00e1s, szem\u00e9lyfelismer\u00e9s<\/td><td>https:\/\/www.remove.bg<\/td><\/tr><tr><td>Pixlr<\/td><td>Ingyenes alapverzi\u00f3, web-alap\u00fa<\/td><td>A speci\u00e1lis funkci\u00f3k el\u0151fizet\u00e9st ig\u00e9nyelnek<\/td><td>AI h\u00e1tt\u00e9r elt\u00e1vol\u00edt\u00e1sa, K\u00e9pszerkeszt\u0151 eszk\u00f6z\u00f6k<\/td><td>https:\/\/pixlr.com<\/td><\/tr><tr><td>PhotoRoom<\/td><td>Mobilbar\u00e1t, J\u00f3 term\u00e9kfot\u00f3khoz<\/td><td>A teljes k\u00f6r\u0171 funkci\u00f3k el\u0151fizet\u00e9st ig\u00e9nyelnek<\/td><td>H\u00e1tt\u00e9r elt\u00e1vol\u00edt\u00e1sa, Objektum elt\u00e1vol\u00edt\u00e1s, AI k\u00e9pgener\u00e1l\u00e1s<\/td><td>https:\/\/www.photoroom.com<\/td><\/tr><tr><td>Artbreeder<\/td><td>Egyed\u00fcl\u00e1ll\u00f3 k\u00e9pkever\u00e9si k\u00e9pess\u00e9gek<\/td><td>Tanul\u00e1si g\u00f6rbe a legjobb eredm\u00e9nyekhez<\/td><td>K\u00e9pkever\u00e9s, St\u00edlus\u00e1tvitel<\/td><td>https:\/\/www.artbreeder.com<\/td><\/tr><tr><td>Fotor<\/td><td>K\u00f6nnyen haszn\u00e1lhat\u00f3, t\u00f6bb AI eszk\u00f6z<\/td><td>N\u00e9h\u00e1ny funkci\u00f3 fizet\u0151s fal m\u00f6g\u00e9 z\u00e1rt<\/td><td>H\u00e1tt\u00e9r elt\u00e1vol\u00edt\u00e1sa, AI art gener\u00e1tor, Fot\u00f3 effektek, H\u00e1tt\u00e9r elt\u00e1vol\u00edt\u00e1sa, AI art gener\u00e1tor, Fot\u00f3 effektek<\/td><td>https:\/\/www.fotor.com<\/td><\/tr><\/tbody><\/table><figcaption class=\"wp-element-caption\">Ez a t\u00e1bl\u00e1zat \u00e1tfog\u00f3 \u00e1ttekint\u00e9st ny\u00fajt a k\u00fcl\u00f6nb\u00f6z\u0151 AI h\u00e1tt\u00e9rgener\u00e1tor eszk\u00f6z\u00f6kr\u0151l, bele\u00e9rtve azok el\u0151nyeit, h\u00e1tr\u00e1nyait, f\u0151bb jellemz\u0151it \u00e9s URL-j\u00e9t.<\/figcaption><\/figure>\n\n\n\n<h3 class=\"wp-block-heading\" id=\"advantages-challenges-and-recommendations-for-the-ai-background-generation-industry\">El\u0151ny\u00f6k, kih\u00edv\u00e1sok \u00e9s aj\u00e1nl\u00e1sok a mesters\u00e9ges intelligenci\u00e1val kapcsolatos h\u00e1tt\u00e9rgener\u00e1ci\u00f3s ipar\u00e1g sz\u00e1m\u00e1ra<\/h3>\n\n\n\n<h4 class=\"wp-block-heading\" id=\"advantages\">El\u0151ny\u00f6k<\/h4>\n\n\n\n<ul class=\"wp-block-list\">\n<li class=\"\">Gyors innov\u00e1ci\u00f3 a mesters\u00e9ges intelligencia technol\u00f3gi\u00e1ban<\/li>\n\n\n\n<li class=\"\">N\u00f6vekv\u0151 kereslet a k\u00fcl\u00f6nb\u00f6z\u0151 \u00e1gazatokban<\/li>\n\n\n\n<li class=\"\">M\u00e1s AI eszk\u00f6z\u00f6kkel val\u00f3 integr\u00e1ci\u00f3 lehet\u0151s\u00e9ge<\/li>\n<\/ul>\n\n\n\n<h4 class=\"wp-block-heading\" id=\"challenges\">Kih\u00edv\u00e1sok<\/h4>\n\n\n\n<ul class=\"wp-block-list\">\n<li class=\"\">Szerz\u0151i jogi \u00e9s etikai agg\u00e1lyok<\/li>\n\n\n\n<li class=\"\">A k\u00e9pmin\u0151s\u00e9g \u00e9s a konzisztencia biztos\u00edt\u00e1sa<\/li>\n\n\n\n<li class=\"\">Az automatiz\u00e1l\u00e1s \u00e9s az emberi kreativit\u00e1s egyens\u00falya<\/li>\n<\/ul>\n\n\n\n<h4 class=\"wp-block-heading\" id=\"recommendations\">Aj\u00e1nl\u00e1sok<\/h4>\n\n\n\n<ul class=\"wp-block-list\">\n<li class=\"\">A felhaszn\u00e1l\u00f3bar\u00e1t interf\u00e9szekre val\u00f3 \u00f6sszpontos\u00edt\u00e1s<\/li>\n\n\n\n<li class=\"\">Ipar\u00e1g-specifikus funkci\u00f3k fejleszt\u00e9se<\/li>\n\n\n\n<li class=\"\">Az etikus AI-gyakorlatok \u00e9s az \u00e1tl\u00e1that\u00f3s\u00e1g el\u0151t\u00e9rbe helyez\u00e9se<\/li>\n<\/ul>\n\n\n\n<h3 class=\"wp-block-heading\" id=\"faq\">GYIK<\/h3>\n\n\n\n<ol class=\"wp-block-list\">\n<li class=\"\">Hogyan gener\u00e1ljunk AI h\u00e1tteret Photoshopban?<br>B\u00e1r a Photoshop k\u00edn\u00e1l n\u00e9h\u00e1ny mesters\u00e9ges intelligencia funkci\u00f3t, egy olyan speci\u00e1lis eszk\u00f6z, mint a https:\/\/aiartfree.online\/ai-background-generator\/ haszn\u00e1lata gyorsabb, egyszer\u0171bb \u00e9s ingyenes.<\/li>\n\n\n\n<li class=\"\">Hogyan gener\u00e1lhatok AI h\u00e1tteret Photoshopban?<br>Photoshop helyett pr\u00f3b\u00e1lja ki ingyenes AI h\u00e1tt\u00e9rgener\u00e1torunkat a gyorsabb \u00e9s egyszer\u0171bb eredm\u00e9nyek\u00e9rt.<\/li>\n\n\n\n<li class=\"\">Hogyan gener\u00e1lhat az AI h\u00e1tteret?<br>L\u00e1togasson el a https:\/\/aiartfree.online\/ai-background-generator\/ oldalra, adja meg a k\u00edv\u00e1nt le\u00edr\u00e1st vagy t\u00f6lts\u00f6n fel egy k\u00e9pet, \u00e9s hagyja, hogy a mesters\u00e9ges intelligencia l\u00e9trehozzon egy h\u00e1tteret az \u00d6n sz\u00e1m\u00e1ra.<\/li>\n\n\n\n<li class=\"\">Haszn\u00e1lhatok mesters\u00e9ges intelligencia \u00e1ltal gener\u00e1lt h\u00e1ttereket kereskedelmi c\u00e9lokra?<br>Ez az eszk\u00f6zt\u0151l \u00e9s annak szolg\u00e1ltat\u00e1si felt\u00e9teleit\u0151l f\u00fcgg. A kereskedelmi felhaszn\u00e1l\u00e1s el\u0151tt mindig ellen\u0151rizze a licencszerz\u0151d\u00e9st.<\/li>\n\n\n\n<li class=\"\">Ingyenesek az AI h\u00e1tt\u00e9rgener\u00e1torok?<br>Sok eszk\u00f6z k\u00edn\u00e1l ingyenes lehet\u0151s\u00e9geket, mint p\u00e9ld\u00e1ul az 100% ingyenes \u00e9s korl\u00e1tlan gener\u00e1torunk a https:\/\/aiartfree.online\/ai-background-generator\/ oldalon.<\/li>\n\n\n\n<li class=\"\">A mesters\u00e9ges intelligencia h\u00e1tt\u00e9rgener\u00e1torok k\u00e9pesek val\u00f3s\u00e1gh\u0171 k\u00e9peket l\u00e9trehozni?<br>Igen, sok mesters\u00e9ges intelligencia eszk\u00f6z k\u00e9pes rendk\u00edv\u00fcl val\u00f3s\u00e1gh\u0171 h\u00e1ttereket \u00e9s k\u00e9peket l\u00e9trehozni.<\/li>\n\n\n\n<li class=\"\">Hogyan t\u00e1vol\u00edthatom el a h\u00e1tteret egy megl\u00e9v\u0151 k\u00e9pb\u0151l?<br>A legt\u00f6bb AI h\u00e1tt\u00e9rgener\u00e1tor h\u00e1tt\u00e9relt\u00e1vol\u00edt\u00e1si funkci\u00f3kat k\u00edn\u00e1l. Egyszer\u0171en t\u00f6ltse fel a k\u00e9pet, \u00e9s v\u00e1lassza ki a h\u00e1tt\u00e9r elt\u00e1vol\u00edt\u00e1sa opci\u00f3t.<\/li>\n\n\n\n<li class=\"\">Tudok h\u00e1ttereket gener\u00e1lni speci\u00e1lis t\u00e9m\u00e1khoz, p\u00e9ld\u00e1ul fantasy vagy sci-fi t\u00e9m\u00e1khoz?<br>Abszol\u00fat! A mesters\u00e9ges intelligencia-gener\u00e1torok az \u00d6n sz\u00f6veges le\u00edr\u00e1sai alapj\u00e1n k\u00fcl\u00f6nb\u00f6z\u0151 t\u00e9m\u00e1khoz tudnak h\u00e1tteret l\u00e9trehozni.<\/li>\n\n\n\n<li class=\"\">Vannak korl\u00e1toz\u00e1sok a mesters\u00e9ges intelligencia \u00e1ltal gener\u00e1lt h\u00e1tterekn\u00e9l?<br>B\u00e1r a mesters\u00e9ges intelligencia-gener\u00e1torok nagy teljes\u00edtm\u00e9ny\u0171ek, n\u00e9ha k\u00f6vetkezetlens\u00e9geket vagy irre\u00e1lis elemeket produk\u00e1lnak. Mindig vizsg\u00e1lja fel\u00fcl \u00e9s esetleg szerkessze az eredm\u00e9nyeket.<\/li>\n\n\n\n<li class=\"\">Hogyan biztos\u00edthatom az AI \u00e1ltal gener\u00e1lt h\u00e1tterek egyedis\u00e9g\u00e9t?<br>Haszn\u00e1ljon k\u00fcl\u00f6nleges k\u00e9r\u00e9seket, kombin\u00e1ljon t\u00f6bb gener\u00e1ci\u00f3t, vagy adjon hozz\u00e1 szem\u00e9lyes jegyeket, hogy a h\u00e1tterek val\u00f3ban egyediv\u00e9 v\u00e1ljanak.<\/li>\n<\/ol>\n\n\n\n<h3 class=\"wp-block-heading\" id=\"conclusion\">K\u00f6vetkeztet\u00e9s<\/h3>\n\n\n\n<p class=\"\">A mesters\u00e9ges intelligencia h\u00e1tt\u00e9rgener\u00e1torok forradalmas\u00edtj\u00e1k a digit\u00e1lis k\u00e9pek l\u00e9trehoz\u00e1s\u00e1nak \u00e9s kezel\u00e9s\u00e9nek m\u00f3dj\u00e1t. Az olyan eszk\u00f6z\u00f6kkel, mint a https:\/\/aiartfree.online\/ai-background-generator\/, amelyek 100% ingyenes, korl\u00e1tlan \u00e9s regisztr\u00e1ci\u00f3 n\u00e9lk\u00fcli lehet\u0151s\u00e9get k\u00edn\u00e1lnak, minden eddigin\u00e9l k\u00f6nnyebb leny\u0171g\u00f6z\u0151 l\u00e1tv\u00e1nyt k\u00e9sz\u00edteni b\u00e1rmilyen projekthez. Ak\u00e1r profi tervez\u0151, ak\u00e1r alkalmi alkot\u00f3, az AI h\u00e1tt\u00e9rgener\u00e1torok el\u00e9rhet\u0151, hat\u00e9kony \u00e9s hat\u00e9kony megold\u00e1st k\u00edn\u00e1lnak a k\u00e9pi ig\u00e9nyek kiel\u00e9g\u00edt\u00e9s\u00e9re. Pr\u00f3b\u00e1ljon ki egyet m\u00e9g ma, \u00e9s tapasztalja meg a digit\u00e1lis kreativit\u00e1s j\u00f6v\u0151j\u00e9t!<\/p>","protected":false},"excerpt":{"rendered":"<p>Before vs After How to use the AI Background Generator * Feel free to try our examples below if you don&#8217;t have any thoughts in your mind *&nbsp;Depending on your internet speed, loading the model may take a few seconds.* There will be caching during continuous generation, and the new image will appear after about &#8230; <a title=\"AI h\u00e1tt\u00e9r gener\u00e1tor\" class=\"read-more\" href=\"https:\/\/aiartfree.online\/hu\/ai-hatter-generator\/\" aria-label=\"Read more about AI Background Generator\">Olvass tov\u00e1bb<\/a><\/p>","protected":false},"author":1,"featured_media":3377,"parent":0,"menu_order":0,"comment_status":"open","ping_status":"closed","template":"","meta":{"nf_dc_page":"","footnotes":""},"class_list":["post-3366","page","type-page","status-publish","has-post-thumbnail"],"jetpack_sharing_enabled":true,"_links":{"self":[{"href":"https:\/\/aiartfree.online\/hu\/wp-json\/wp\/v2\/pages\/3366","targetHints":{"allow":["GET"]}}],"collection":[{"href":"https:\/\/aiartfree.online\/hu\/wp-json\/wp\/v2\/pages"}],"about":[{"href":"https:\/\/aiartfree.online\/hu\/wp-json\/wp\/v2\/types\/page"}],"author":[{"embeddable":true,"href":"https:\/\/aiartfree.online\/hu\/wp-json\/wp\/v2\/users\/1"}],"replies":[{"embeddable":true,"href":"https:\/\/aiartfree.online\/hu\/wp-json\/wp\/v2\/comments?post=3366"}],"version-history":[{"count":0,"href":"https:\/\/aiartfree.online\/hu\/wp-json\/wp\/v2\/pages\/3366\/revisions"}],"wp:featuredmedia":[{"embeddable":true,"href":"https:\/\/aiartfree.online\/hu\/wp-json\/wp\/v2\/media\/3377"}],"wp:attachment":[{"href":"https:\/\/aiartfree.online\/hu\/wp-json\/wp\/v2\/media?parent=3366"}],"curies":[{"name":"wp","href":"https:\/\/api.w.org\/{rel}","templated":true}]}}