{"id":3351,"date":"2024-07-30T17:07:44","date_gmt":"2024-07-30T17:07:44","guid":{"rendered":"https:\/\/aiartfree.online\/?page_id=3351"},"modified":"2024-08-16T10:09:07","modified_gmt":"2024-08-16T10:09:07","slug":"ai-voice-generator","status":"publish","type":"page","link":"https:\/\/aiartfree.online\/hu\/ai-hanggenerator\/","title":{"rendered":"AI hanggener\u00e1tor"},"content":{"rendered":"<h2 class=\"wp-block-heading\" id=\"how-to-use-the-ai-voice-generator\">Az AI hanggener\u00e1tor haszn\u00e1lata<\/h2>\n\n\n\n<ol class=\"wp-block-list\">\n<li class=\"\">Sz\u00f6veg bevitele<\/li>\n\n\n\n<li class=\"\">Hang kiv\u00e1laszt\u00e1sa<\/li>\n\n\n\n<li class=\"\">Kattintson a \"Bek\u00fcld\u00e9s\" gombra<\/li>\n\n\n\n<li class=\"\">V\u00e1rj, ez az!<\/li>\n<\/ol>\n\n\n\n<p class=\"\">* Nyugodtan pr\u00f3b\u00e1lja ki az al\u00e1bbi p\u00e9ld\u00e1kat, ha nincs semmilyen gondolat a fej\u00e9ben<\/p>\n\n\n\n<p class=\"\"><em>* Az internet sebess\u00e9g\u00e9t\u0151l f\u00fcgg\u0151en a modell bet\u00f6lt\u00e9se a k\u00f6vetkez\u0151 ideig tarthat <\/em>legfeljebb 10 m\u00e1sodpercig \u2193<\/p>\n\n\n\n<div class=\"iframe-wrapper\" style=\"position: relative; width: 100%; height: 1000px;\">\n  <div class=\"loading\" style=\"position: absolute; top: 50px; left: 50%; transform: translate(-50%, -50%); width: 40px; height: 40px; border: 3px solid #f0f0f0; border-top: 3px solid #db7093; border-radius: 50%; animation: spin 1s linear infinite;\"><\/div>\n  <iframe loading=\"lazy\" src=\"https:\/\/innoai-edge-tts-text-to-speech.hf.space\" frameborder=\"0\" width=\"100%\" height=\"100%\" style=\"position: absolute; top: 0; left: 0; opacity: 0; transition: opacity 0.3s;\" onload=\"this.style.opacity=1;this.previousElementSibling.style.display='none';\"><\/iframe>\n<\/div>\n\n<style>\n@keyframes spin {\n  0% { transform: translate(-50%, -50%) rotate(0deg); }\n  100% { transform: translate(-50%, -50%) rotate(360deg); }\n}\n<\/style>\n\n\n\n<div style=\"height:80px\" aria-hidden=\"true\" class=\"wp-block-spacer\"><\/div>\n\n\n\n<h2 class=\"wp-block-heading\" id=\"the-ultimate-guide-to-ai-voice-generators\">Az AI hanggener\u00e1torok v\u00e9gs\u0151 \u00fatmutat\u00f3ja<\/h2>\n\n\n\n<h3 class=\"wp-block-heading\" id=\"outline\">V\u00e1zlat<\/h3>\n\n\n\n<p class=\"\">Az AI hanggener\u00e1torok forradalmas\u00edtott\u00e1k az audiotartalmak l\u00e9trehoz\u00e1s\u00e1nak m\u00f3dj\u00e1t, mivel kiv\u00e1l\u00f3 min\u0151s\u00e9g\u0171, ultra-realisztikus hangokat k\u00edn\u00e1lnak, amelyek \u00fagy hangzanak, mint az emberi besz\u00e9d. Ez az \u00fatmutat\u00f3 az AI hanggener\u00e1torok defin\u00edci\u00f3j\u00e1t, el\u0151nyeit, funkci\u00f3it, c\u00e9lk\u00f6z\u00f6ns\u00e9g\u00e9t, ipar\u00e1gi felhaszn\u00e1l\u00e1si m\u00f3djait, l\u00e9p\u00e9sr\u0151l l\u00e9p\u00e9sre t\u00f6rt\u00e9n\u0151 \u00fatmutat\u00e1sait, felhaszn\u00e1l\u00e1si eseteit, eszk\u00f6zeit, ipar\u00e1gi el\u0151nyeit \u00e9s h\u00e1tr\u00e1nyait, valamint a gyakran feltett k\u00e9rd\u00e9seket vizsg\u00e1lja.<\/p>\n\n\n\n<figure class=\"wp-block-image size-large is-resized\"><img data-recalc-dims=\"1\" data-dominant-color=\"52455b\" data-has-transparency=\"false\" decoding=\"async\" width=\"1024\" height=\"585\"   loading=\"lazy\" src=\"https:\/\/i0.wp.com\/aiartfree.online\/wp-content\/uploads\/2024\/08\/out-0-1.webp?resize=1024%2C585&#038;ssl=1\" alt=\"Fedezze fel a legjobb AI hanggener\u00e1tort az AIArtFree oldalon. Gener\u00e1ljon kiv\u00e1l\u00f3 min\u0151s\u00e9g\u0171, ultra-realisztikus hangokat k\u00f6nnyed\u00e9n tartalomk\u00e9sz\u00edt\u00e9shez \u00e9s szinkronhangokhoz. Nincs korl\u00e1t. A legjobb AI hanggener\u00e1tor - 100% Ingyenes, korl\u00e1tlan, regisztr\u00e1ci\u00f3 n\u00e9lk\u00fcl\" class=\"wp-image-3458 not-transparent\" style=\"--dominant-color: #52455b; width:598px;height:auto\" srcset=\"https:\/\/i0.wp.com\/aiartfree.online\/wp-content\/uploads\/2024\/08\/out-0-1.webp?resize=1024%2C585&amp;ssl=1 1024w, https:\/\/i0.wp.com\/aiartfree.online\/wp-content\/uploads\/2024\/08\/out-0-1.webp?resize=300%2C171&amp;ssl=1 300w, https:\/\/i0.wp.com\/aiartfree.online\/wp-content\/uploads\/2024\/08\/out-0-1.webp?resize=768%2C439&amp;ssl=1 768w, https:\/\/i0.wp.com\/aiartfree.online\/wp-content\/uploads\/2024\/08\/out-0-1.webp?resize=18%2C10&amp;ssl=1 18w, https:\/\/i0.wp.com\/aiartfree.online\/wp-content\/uploads\/2024\/08\/out-0-1.webp?resize=600%2C343&amp;ssl=1 600w, https:\/\/i0.wp.com\/aiartfree.online\/wp-content\/uploads\/2024\/08\/out-0-1.webp?w=1344&amp;ssl=1 1344w\" sizes=\"auto, (max-width: 1024px) 100vw, 1024px\" \/><\/figure>\n\n\n\n<div class=\"wp-block-rank-math-toc-block\" id=\"rank-math-toc\"><h3>Tartalomjegyz\u00e9k<\/h3><nav><ul><li><a href=\"#outline\">V\u00e1zlat<\/a><\/li><li><a href=\"#what-is-an-ai-voice-generator\">Mi az AI hanggener\u00e1tor<\/a><\/li><li><a href=\"#why-use-an-ai-voice-generator\">Mi\u00e9rt haszn\u00e1ljon AI hanggener\u00e1tort<\/a><\/li><li><a href=\"#main-features-of-ai-voice-generators\">Az AI hanggener\u00e1torok f\u0151 jellemz\u0151i<\/a><ul><li><a href=\"#text-to-speech-ai\">Sz\u00f6vegr\u0151l besz\u00e9dre t\u00f6rt\u00e9n\u0151 mesters\u00e9ges intelligencia<\/a><\/li><li><a href=\"#ultra-realistic-voices\">Ultra realisztikus hangok<\/a><\/li><li><a href=\"#generative-ai\">Generat\u00edv mesters\u00e9ges intelligencia<\/a><\/li><li><a href=\"#multiple-languages-and-accents\">T\u00f6bb nyelv \u00e9s nyelvj\u00e1r\u00e1s<\/a><\/li><li><a href=\"#high-quality-voiceovers\">Kiv\u00e1l\u00f3 min\u0151s\u00e9g\u0171 hangal\u00e1mond\u00e1s<\/a><\/li><\/ul><\/li><li><a href=\"#who-should-use-ai-voice-generators\">Kinek \u00e9rdemes AI hanggener\u00e1torokat haszn\u00e1lni<\/a><\/li><li><a href=\"#industry-uses-of-ai-voice-generators\">Az AI hanggener\u00e1torok ipari felhaszn\u00e1l\u00e1sa<\/a><ul><li><a href=\"#media-and-entertainment\">M\u00e9dia \u00e9s sz\u00f3rakoz\u00e1s<\/a><\/li><li><a href=\"#education\">Oktat\u00e1s<\/a><\/li><li><a href=\"#customer-service\">\u00dcgyf\u00e9lszolg\u00e1lat<\/a><\/li><li><a href=\"#marketing\">Marketing<\/a><\/li><\/ul><\/li><li><a href=\"#how-to-use-an-ai-voice-generator\">Hogyan haszn\u00e1ljunk AI hanggener\u00e1tort<\/a><\/li><li><a href=\"#ai-voice-generator-usage-cases\">AI Voice Generator Felhaszn\u00e1l\u00e1si esetek<\/a><ul><li><a href=\"#content-creation\">Tartalom l\u00e9trehoz\u00e1sa<\/a><\/li><li><a href=\"#education-1\">Oktat\u00e1s<\/a><\/li><li><a href=\"#business-communication\">\u00dczleti kommunik\u00e1ci\u00f3<\/a><\/li><li><a href=\"#marketing-2\">Marketing<\/a><\/li><\/ul><\/li><li><a href=\"#top-10-ai-voice-generator-tools\">Top 10 AI hanggener\u00e1tor eszk\u00f6z\u00f6k<\/a><\/li><li><a href=\"#industry-pros-and-cons\">Ipari el\u0151ny\u00f6k \u00e9s h\u00e1tr\u00e1nyok<\/a><ul><li><a href=\"#pros\">El\u0151ny\u00f6k<\/a><\/li><li><a href=\"#cons\">H\u00e1tr\u00e1nyok<\/a><\/li><li><a href=\"#advantages\">El\u0151ny\u00f6k<\/a><\/li><li><a href=\"#challenges\">Kih\u00edv\u00e1sok<\/a><\/li><li><a href=\"#suggestions\">Javaslatok<\/a><\/li><\/ul><\/li><li><a href=\"#frequently-asked-questions\">Gyakran ism\u00e9telt k\u00e9rd\u00e9sek<\/a><\/li><\/ul><\/nav><\/div>\n\n\n\n<h3 class=\"wp-block-heading\" id=\"what-is-an-ai-voice-generator\">Mi az AI hanggener\u00e1tor<\/h3>\n\n\n\n<p class=\"\">Az AI Voice Generator egy olyan szoftveralkalmaz\u00e1s, amely mesters\u00e9ges intelligenci\u00e1t haszn\u00e1l arra, hogy a sz\u00f6veget val\u00f3s\u00e1gh\u0171, emberhez hasonl\u00f3 besz\u00e9dd\u00e9 alak\u00edtsa. A fejlett neur\u00e1lis h\u00e1l\u00f3zatokat \u00e9s a generat\u00edv AI-t kihaszn\u00e1lva kiv\u00e1l\u00f3 min\u0151s\u00e9g\u0171 hangot hoz l\u00e9tre, amely k\u00fcl\u00f6nb\u00f6z\u0151 alkalmaz\u00e1sokban haszn\u00e1lhat\u00f3, a tartalomk\u00e9sz\u00edt\u00e9st\u0151l a szinkronhangokig \u00e9s azon t\u00fal.<\/p>\n\n\n\n<h3 class=\"wp-block-heading\" id=\"why-use-an-ai-voice-generator\">Mi\u00e9rt haszn\u00e1ljon AI hanggener\u00e1tort<\/h3>\n\n\n\n<p class=\"\">Az AI hanggener\u00e1tor haszn\u00e1lata sz\u00e1mos el\u0151nnyel j\u00e1r:<\/p>\n\n\n\n<ul class=\"wp-block-list\">\n<li class=\"\"><strong>100% Ingyenes<\/strong>: Sz\u00e1mos platform k\u00edn\u00e1l ingyenes verzi\u00f3t a felhaszn\u00e1l\u00f3k sz\u00e1m\u00e1ra.<\/li>\n\n\n\n<li class=\"\"><strong>Korl\u00e1tlan haszn\u00e1lat<\/strong>: Hozzon l\u00e9tre annyi hangal\u00e1mond\u00e1st, amennyit csak sz\u00fcks\u00e9ges, korl\u00e1toz\u00e1sok n\u00e9lk\u00fcl.<\/li>\n\n\n\n<li class=\"\"><strong>Nincs sz\u00fcks\u00e9g regisztr\u00e1ci\u00f3ra<\/strong>: K\u00f6nnyen hozz\u00e1f\u00e9rhet\u0151, fi\u00f3k n\u00e9lk\u00fcl.<\/li>\n\n\n\n<li class=\"\"><strong>Kiv\u00e1l\u00f3 min\u0151s\u00e9g\u0171 kimenet<\/strong>: Az emberi besz\u00e9ddel majdnem azonos hangokat produk\u00e1l.<\/li>\n\n\n\n<li class=\"\"><strong>Sz\u00e9lesk\u00f6r\u0171 nyelvi \u00e9s nyelvj\u00e1r\u00e1si t\u00e1mogat\u00e1s<\/strong>: K\u00e9pes t\u00f6bb nyelven \u00e9s akcentussal is hangokat gener\u00e1lni.<\/li>\n\n\n\n<li class=\"\"><strong>Hat\u00e9konys\u00e1g \u00e9s sebess\u00e9g<\/strong>: Gyorsan gener\u00e1l hangot sz\u00f6vegb\u0151l, id\u0151t \u00e9s energi\u00e1t takar\u00edtva meg.<\/li>\n\n\n\n<li class=\"\"><strong>Glob\u00e1lis k\u00f6z\u00f6ns\u00e9g el\u00e9r\u00e9se<\/strong>: A k\u00fcl\u00f6nb\u00f6z\u0151 nyelvek t\u00e1mogat\u00e1s\u00e1val sz\u00e9lesebb k\u00f6z\u00f6ns\u00e9g sz\u00e1m\u00e1ra teszi el\u00e9rhet\u0151v\u00e9 a tartalmat.<\/li>\n<\/ul>\n\n\n\n<h3 class=\"wp-block-heading\" id=\"main-features-of-ai-voice-generators\">Az AI hanggener\u00e1torok f\u0151 jellemz\u0151i<\/h3>\n\n\n\n<h4 class=\"wp-block-heading\" id=\"text-to-speech-ai\">Sz\u00f6vegr\u0151l besz\u00e9dre t\u00f6rt\u00e9n\u0151 mesters\u00e9ges intelligencia<\/h4>\n\n\n\n<p class=\"\">Az \u00edrott sz\u00f6veget term\u00e9szetes hangz\u00e1s\u00fa szavakk\u00e1 alak\u00edtja \u00e1t.<\/p>\n\n\n\n<h4 class=\"wp-block-heading\" id=\"ultra-realistic-voices\">Ultra realisztikus hangok<\/h4>\n\n\n\n<p class=\"\">Olyan hangokat gener\u00e1l, amelyek megk\u00fcl\u00f6nb\u00f6ztethetetlenek a val\u00f3di emberi hangokt\u00f3l, \u00edgy fokozva a hallgat\u00f3 \u00e9lm\u00e9ny\u00e9t.<\/p>\n\n\n\n<h4 class=\"wp-block-heading\" id=\"generative-ai\">Generat\u00edv mesters\u00e9ges intelligencia<\/h4>\n\n\n\n<p class=\"\">Fejlett AI modelleket haszn\u00e1l a v\u00e1ltozatos \u00e9s kiv\u00e1l\u00f3 min\u0151s\u00e9g\u0171 hangkimenetek el\u0151\u00e1ll\u00edt\u00e1s\u00e1hoz.<\/p>\n\n\n\n<h4 class=\"wp-block-heading\" id=\"multiple-languages-and-accents\">T\u00f6bb nyelv \u00e9s nyelvj\u00e1r\u00e1s<\/h4>\n\n\n\n<p class=\"\">Nyelvek \u00e9s akcentusok sz\u00e9les sk\u00e1l\u00e1j\u00e1t t\u00e1mogatja, \u00edgy a glob\u00e1lis k\u00f6z\u00f6ns\u00e9gnek is megfelel.<\/p>\n\n\n\n<h4 class=\"wp-block-heading\" id=\"high-quality-voiceovers\">Kiv\u00e1l\u00f3 min\u0151s\u00e9g\u0171 hangal\u00e1mond\u00e1s<\/h4>\n\n\n\n<p class=\"\">Professzion\u00e1lis min\u0151s\u00e9g\u0171 hangfelv\u00e9telek k\u00e9sz\u00edt\u00e9se, amelyek alkalmasak k\u00fcl\u00f6nb\u00f6z\u0151 alkalmaz\u00e1sokhoz, t\u00f6bbek k\u00f6z\u00f6tt vide\u00f3khoz \u00e9s prezent\u00e1ci\u00f3khoz.<\/p>\n\n\n\n<h3 class=\"wp-block-heading\" id=\"who-should-use-ai-voice-generators\">Kinek \u00e9rdemes AI hanggener\u00e1torokat haszn\u00e1lni<\/h3>\n\n\n\n<ul class=\"wp-block-list\">\n<li class=\"\"><strong>Tartalomk\u00e9sz\u00edt\u0151k<\/strong>: Vide\u00f3k, podcastok \u00e9s m\u00e1s multim\u00e9di\u00e1s tartalmak feljav\u00edt\u00e1sa val\u00f3s\u00e1gh\u0171 hangal\u00e1mond\u00e1ssal.<\/li>\n\n\n\n<li class=\"\"><strong>Pedag\u00f3gusok<\/strong>: \u00c1talak\u00edtja az oktat\u00e1si anyagokat hangform\u00e1tumba, \u00edgy a tanul\u00e1s k\u00f6nnyebben hozz\u00e1f\u00e9rhet\u0151v\u00e9 v\u00e1lik.<\/li>\n\n\n\n<li class=\"\"><strong>V\u00e1llalkoz\u00e1sok<\/strong>: Jav\u00edtja az \u00fcgyf\u00e9lkiszolg\u00e1l\u00e1st automatiz\u00e1lt, de emberhez hasonl\u00f3 v\u00e1laszokkal.<\/li>\n\n\n\n<li class=\"\"><strong>Piacosok<\/strong>: Mag\u00e1val ragad\u00f3 hanganyagokat k\u00e9sz\u00edt hirdet\u00e9sekhez \u00e9s a k\u00f6z\u00f6ss\u00e9gi m\u00e9di\u00e1hoz.<\/li>\n<\/ul>\n\n\n\n<h3 class=\"wp-block-heading\" id=\"industry-uses-of-ai-voice-generators\">Az AI hanggener\u00e1torok ipari felhaszn\u00e1l\u00e1sa<\/h3>\n\n\n\n<h4 class=\"wp-block-heading\" id=\"media-and-entertainment\">M\u00e9dia \u00e9s sz\u00f3rakoz\u00e1s<\/h4>\n\n\n\n<p class=\"\">Vide\u00f3kban, filmekben \u00e9s anim\u00e1ci\u00f3kban haszn\u00e1lt hangal\u00e1mond\u00e1s.<\/p>\n\n\n\n<h4 class=\"wp-block-heading\" id=\"education\">Oktat\u00e1s<\/h4>\n\n\n\n<p class=\"\">Seg\u00edt hangosk\u00f6nyvek \u00e9s e-learning tartalmak l\u00e9trehoz\u00e1s\u00e1ban.<\/p>\n\n\n\n<h4 class=\"wp-block-heading\" id=\"customer-service\">\u00dcgyf\u00e9lszolg\u00e1lat<\/h4>\n\n\n\n<p class=\"\">A hangalap\u00fa asszisztensek \u00e9s az automatiz\u00e1lt \u00fcgyf\u00e9lszolg\u00e1lati rendszerek m\u0171k\u00f6dtet\u00e9se.<\/p>\n\n\n\n<h4 class=\"wp-block-heading\" id=\"marketing\">Marketing<\/h4>\n\n\n\n<p class=\"\">Hanghirdet\u00e9sek \u00e9s prom\u00f3ci\u00f3s tartalmak gener\u00e1l\u00e1sa.<\/p>\n\n\n\n<h3 class=\"wp-block-heading\" id=\"how-to-use-an-ai-voice-generator\">Hogyan haszn\u00e1ljunk AI hanggener\u00e1tort<\/h3>\n\n\n\n<ol class=\"wp-block-list\">\n<li class=\"\"><strong>V\u00e1lasszon eszk\u00f6zt<\/strong>: V\u00e1lasszon egy olyan eszk\u00f6zt, mint&nbsp;<a href=\"https:\/\/aiartfree.online\/hu\/ai-hanggenerator\/\">AI hanggener\u00e1tor<\/a>.<\/li>\n\n\n\n<li class=\"\"><strong>Beviteli sz\u00f6veg<\/strong>: \u00cdrja be a besz\u00e9dd\u00e9 alak\u00edtand\u00f3 sz\u00f6veget.<\/li>\n\n\n\n<li class=\"\"><strong>Hang \u00e9s nyelv kiv\u00e1laszt\u00e1sa<\/strong>: V\u00e1lassza ki a k\u00edv\u00e1nt hang- \u00e9s nyelvi be\u00e1ll\u00edt\u00e1sokat.<\/li>\n\n\n\n<li class=\"\"><strong>Audio gener\u00e1l\u00e1sa<\/strong>: Kattintson a gener\u00e1l\u00e1s gombra a hangfelv\u00e9tel l\u00e9trehoz\u00e1s\u00e1hoz.<\/li>\n\n\n\n<li class=\"\"><strong>Let\u00f6lt\u00e9s \u00e9s haszn\u00e1lat<\/strong>: T\u00f6ltse le a projekthez gener\u00e1lt hangf\u00e1jlt.<\/li>\n<\/ol>\n\n\n\n<h3 class=\"wp-block-heading\" id=\"ai-voice-generator-usage-cases\">AI Voice Generator Felhaszn\u00e1l\u00e1si esetek<\/h3>\n\n\n\n<h4 class=\"wp-block-heading\" id=\"content-creation\">Tartalom l\u00e9trehoz\u00e1sa<\/h4>\n\n\n\n<p class=\"\">Hangal\u00e1mond\u00e1sok k\u00e9sz\u00edt\u00e9se YouTube-vide\u00f3khoz, podcastokhoz \u00e9s egy\u00e9b multim\u00e9di\u00e1s tartalmakhoz.<\/p>\n\n\n\n<h4 class=\"wp-block-heading\" id=\"education-1\">Oktat\u00e1s<\/h4>\n\n\n\n<p class=\"\">A tank\u00f6nyvek \u00e9s tananyagok hangos v\u00e1ltozatainak el\u0151\u00e1ll\u00edt\u00e1sa.<\/p>\n\n\n\n<h4 class=\"wp-block-heading\" id=\"business-communication\">\u00dczleti kommunik\u00e1ci\u00f3<\/h4>\n\n\n\n<p class=\"\">Az interakt\u00edv hangv\u00e1laszrendszerek (IVR) val\u00f3s\u00e1gh\u0171 hangokkal t\u00f6rt\u00e9n\u0151 b\u0151v\u00edt\u00e9se.<\/p>\n\n\n\n<h4 class=\"wp-block-heading\" id=\"marketing-2\">Marketing<\/h4>\n\n\n\n<p class=\"\">Hangos rekl\u00e1mok k\u00e9sz\u00edt\u00e9se k\u00fcl\u00f6nb\u00f6z\u0151 platformokra.<\/p>\n\n\n\n<h3 class=\"wp-block-heading\" id=\"top-10-ai-voice-generator-tools\">Top 10 AI hanggener\u00e1tor eszk\u00f6z\u00f6k<\/h3>\n\n\n\n<figure class=\"wp-block-table\"><table class=\"has-fixed-layout\"><thead><tr><th>Szersz\u00e1m<\/th><th>Jellemz\u0151k<\/th><th>El\u0151ny\u00f6k<\/th><th>Kih\u00edv\u00e1sok<\/th><th>URL<\/th><\/tr><\/thead><tbody><tr><td><strong>AI hanggener\u00e1tor<\/strong><\/td><td>100% Ingyenes, regisztr\u00e1ci\u00f3 n\u00e9lk\u00fcl, kiv\u00e1l\u00f3 min\u0151s\u00e9g\u0171 hangok<\/td><td>Korl\u00e1tlan haszn\u00e1lat, k\u00f6nny\u0171 haszn\u00e1lat<\/td><td>Korl\u00e1tozott fejlett funkci\u00f3k<\/td><td><a href=\"https:\/\/aiartfree.online\/hu\/ai-hanggenerator\/\">aiartfree.online\/ai-voice-generator<\/a><\/td><\/tr><tr><td><strong>Google Text-to-Speech<\/strong><\/td><td>T\u00f6bb nyelv \u00e9s akcentus t\u00e1mogat\u00e1sa<\/td><td>Kiv\u00e1l\u00f3 min\u0151s\u00e9g\u0171 kimenet<\/td><td>Google-fi\u00f3k sz\u00fcks\u00e9ges<\/td><td>cloud.google.com\/text-to-speech<\/td><\/tr><tr><td><strong>Amazon Polly<\/strong><\/td><td>Sz\u00e9les hangv\u00e1laszt\u00e9k, val\u00f3s idej\u0171 feldolgoz\u00e1s<\/td><td>Sk\u00e1l\u00e1zhat\u00f3s\u00e1g<\/td><td>A k\u00f6lts\u00e9gek \u00f6sszead\u00f3dhatnak<\/td><td>aws.amazon.com\/polly<\/td><\/tr><tr><td><strong>IBM Watson Text to Speech<\/strong><\/td><td>Testreszabhat\u00f3 hangok, kiv\u00e1l\u00f3 min\u0151s\u00e9g<\/td><td>Speci\u00e1lis funkci\u00f3k<\/td><td>\u00c1rk\u00e9pz\u00e9si strukt\u00fara<\/td><td>ibm.com\/cloud\/watson-text-to-speech<\/td><\/tr><tr><td><strong>Microsoft Azure TTS<\/strong><\/td><td>Neur\u00e1lis hangok, sz\u00e9les k\u00f6r\u0171 nyelvi t\u00e1mogat\u00e1s<\/td><td>Integr\u00e1ci\u00f3 Azure szolg\u00e1ltat\u00e1sokkal<\/td><td>\u00c1rk\u00e9pz\u00e9s<\/td><td>azure.microsoft.com\/services\/cognitive-services\/text-to-speech<\/td><\/tr><tr><td><strong>iSpeech<\/strong><\/td><td>K\u00f6nnyen haszn\u00e1lhat\u00f3, t\u00f6bb nyelven<\/td><td>Korl\u00e1tozott ingyenes verzi\u00f3<\/td><td>&#8211;<\/td><td>ispeech.org<\/td><\/tr><tr><td><strong>ResponsiveVoice<\/strong><\/td><td>Web-alap\u00fa, egyszer\u0171 integr\u00e1ci\u00f3<\/td><td>Alapvet\u0151 hangok<\/td><td>Korl\u00e1tozott funkci\u00f3k az ingyenes verzi\u00f3ban<\/td><td>responsivevoice.org<\/td><\/tr><tr><td><strong>NaturalReader<\/strong><\/td><td>Egyszer\u0171 kezel\u0151fel\u00fclet, kiv\u00e1l\u00f3 min\u0151s\u00e9g\u0171 hangok<\/td><td>Offline hozz\u00e1f\u00e9r\u00e9s<\/td><td>Korl\u00e1tozott testreszabhat\u00f3s\u00e1g<\/td><td>naturalreaders.com<\/td><\/tr><tr><td><strong>Balabolka<\/strong><\/td><td>Ingyenes, t\u00e1mogatja a k\u00fcl\u00f6nb\u00f6z\u0151 form\u00e1tumokat<\/td><td>Alapvet\u0151 interf\u00e9sz<\/td><td>&#8211;<\/td><td>balabolka.site<\/td><\/tr><tr><td><strong>ReadSpeaker<\/strong><\/td><td>Testreszabhat\u00f3, kiv\u00e1l\u00f3 min\u0151s\u00e9g\u0171 hangok<\/td><td>Speci\u00e1lis funkci\u00f3k<\/td><td>K\u00f6lts\u00e9gek<\/td><td><a href=\"https:\/\/readspeaker.com\/\" target=\"_blank\" rel=\"noopener\">readspeaker.com<\/a><\/td><\/tr><\/tbody><\/table><\/figure>\n\n\n\n<h3 class=\"wp-block-heading\" id=\"industry-pros-and-cons\">Ipari el\u0151ny\u00f6k \u00e9s h\u00e1tr\u00e1nyok<\/h3>\n\n\n\n<h4 class=\"wp-block-heading\" id=\"pros\">El\u0151ny\u00f6k<\/h4>\n\n\n\n<ul class=\"wp-block-list\">\n<li class=\"\"><strong>Hozz\u00e1f\u00e9rhet\u0151s\u00e9g<\/strong>: Hozz\u00e1f\u00e9rhet\u0151v\u00e9 teszi a tartalmat a l\u00e1t\u00e1ss\u00e9r\u00fclt felhaszn\u00e1l\u00f3k sz\u00e1m\u00e1ra.<\/li>\n\n\n\n<li class=\"\"><strong>Hat\u00e9konys\u00e1g<\/strong>: Id\u0151t takar\u00edt meg a tartalomk\u00e9sz\u00edt\u00e9s sor\u00e1n.<\/li>\n\n\n\n<li class=\"\"><strong>K\u00f6lts\u00e9ghat\u00e9kony<\/strong>: Cs\u00f6kkenti az emberi szinkronsz\u00edn\u00e9szek sz\u00fcks\u00e9gess\u00e9g\u00e9t.<\/li>\n\n\n\n<li class=\"\"><strong>Sk\u00e1l\u00e1zhat\u00f3s\u00e1g<\/strong>: K\u00f6nnyen m\u00e9retezhet\u0151 nagy projektekhez.<\/li>\n<\/ul>\n\n\n\n<h4 class=\"wp-block-heading\" id=\"cons\">H\u00e1tr\u00e1nyok<\/h4>\n\n\n\n<ul class=\"wp-block-list\">\n<li class=\"\"><strong>Min\u0151s\u00e9gi elt\u00e9r\u00e9s<\/strong>: A min\u0151s\u00e9g a k\u00fcl\u00f6nb\u00f6z\u0151 eszk\u00f6z\u00f6k k\u00f6z\u00f6tt v\u00e1ltozhat.<\/li>\n\n\n\n<li class=\"\"><strong>Nyelvj\u00e1r\u00e1si \u00e9s nyelvi korl\u00e1toz\u00e1sok<\/strong>: Nem minden akcentus \u00e9s nyelv egyform\u00e1n t\u00e1mogatott.<\/li>\n\n\n\n<li class=\"\"><strong>Kezdeti be\u00e1ll\u00edt\u00e1s<\/strong>: Egyes eszk\u00f6z\u00f6k tanul\u00e1si folyamatot ig\u00e9nyelnek.<\/li>\n<\/ul>\n\n\n\n<h4 class=\"wp-block-heading\" id=\"advantages\">El\u0151ny\u00f6k<\/h4>\n\n\n\n<ul class=\"wp-block-list\">\n<li class=\"\"><strong>Kiv\u00e1l\u00f3 min\u0151s\u00e9g\u0171 kimenet<\/strong>: Professzion\u00e1lis min\u0151s\u00e9g\u0171 hangot \u00e1ll\u00edt el\u0151.<\/li>\n\n\n\n<li class=\"\"><strong>Testreszab\u00e1s<\/strong>: Lehet\u0151v\u00e9 teszi a hang \u00e9s a nyelv testreszab\u00e1s\u00e1t.<\/li>\n\n\n\n<li class=\"\"><strong>Integr\u00e1ci\u00f3<\/strong>: Integr\u00e1lhat\u00f3 k\u00fcl\u00f6nb\u00f6z\u0151 alkalmaz\u00e1sokkal.<\/li>\n<\/ul>\n\n\n\n<h4 class=\"wp-block-heading\" id=\"challenges\">Kih\u00edv\u00e1sok<\/h4>\n\n\n\n<ul class=\"wp-block-list\">\n<li class=\"\"><strong>K\u00f6lts\u00e9gek<\/strong>: A fejlett funkci\u00f3knak \u00e1ra lehet.<\/li>\n\n\n\n<li class=\"\"><strong>M\u0171szaki k\u00f6vetelm\u00e9nyek<\/strong>: Egyes eszk\u00f6z\u00f6k m\u0171szaki ismereteket ig\u00e9nyelhetnek.<\/li>\n\n\n\n<li class=\"\"><strong>Hang term\u00e9szetess\u00e9ge<\/strong>: A t\u00f6k\u00e9letes term\u00e9szetess\u00e9g el\u00e9r\u00e9se kih\u00edv\u00e1st jelenthet.<\/li>\n<\/ul>\n\n\n\n<h4 class=\"wp-block-heading\" id=\"suggestions\">Javaslatok<\/h4>\n\n\n\n<ul class=\"wp-block-list\">\n<li class=\"\"><strong>V\u00e1lassza ki a megfelel\u0151 eszk\u00f6zt<\/strong>: V\u00e1lassza ki az ig\u00e9nyeinek \u00e9s k\u00f6lts\u00e9gvet\u00e9s\u00e9nek megfelel\u0151 eszk\u00f6zt.<\/li>\n\n\n\n<li class=\"\"><strong>K\u00eds\u00e9rlet<\/strong>: Tesztelje a k\u00fcl\u00f6nb\u00f6z\u0151 be\u00e1ll\u00edt\u00e1sokat a legjobb eredm\u00e9ny el\u00e9r\u00e9se \u00e9rdek\u00e9ben.<\/li>\n\n\n\n<li class=\"\"><strong>Maradjon naprak\u00e9sz<\/strong>: L\u00e9p\u00e9st tarthat a mesters\u00e9ges intelligencia hangtechnol\u00f3gia leg\u00fajabb fejleszt\u00e9seivel.<\/li>\n<\/ul>\n\n\n\n<h3 class=\"wp-block-heading\" id=\"frequently-asked-questions\">Gyakran ism\u00e9telt k\u00e9rd\u00e9sek<\/h3>\n\n\n\n<ol class=\"wp-block-list\">\n<li class=\"\"><strong>Milyen AI hanggener\u00e1tort haszn\u00e1l mindenki?<\/strong><br>A legt\u00f6bben olyan eszk\u00f6z\u00f6ket haszn\u00e1lnak, mint a Google Text-to-Speech \u00e9s az Amazon Polly a kiv\u00e1l\u00f3 min\u0151s\u00e9g\u0171 kimenet \u00e9s a megb\u00edzhat\u00f3s\u00e1g miatt.<\/li>\n\n\n\n<li class=\"\"><strong>Hogyan haszn\u00e1ljunk mesters\u00e9ges intelligencia hanggener\u00e1tort?<\/strong><br>V\u00e1lasszon egy eszk\u00f6zt, adja meg a sz\u00f6veget, v\u00e1lassza ki a hang- \u00e9s nyelvi be\u00e1ll\u00edt\u00e1sokat, gener\u00e1lja a hangot, \u00e9s t\u00f6ltse le.<\/li>\n\n\n\n<li class=\"\"><strong>Melyik a legjobb AI hanggener\u00e1tor?<\/strong><br>A legjobb AI hanggener\u00e1tor az \u00d6n ig\u00e9nyeit\u0151l f\u00fcgg, de a legjobb lehet\u0151s\u00e9gek k\u00f6z\u00e9 tartozik az AI Voice Generator, a Google Text-to-Speech \u00e9s az Amazon Polly.<\/li>\n\n\n\n<li class=\"\"><strong>Hogyan gener\u00e1ljunk AI hangot?<\/strong><br>Haszn\u00e1ljon egy mesters\u00e9ges intelligencia hanggener\u00e1tor eszk\u00f6zt, adja meg a sz\u00f6veget, v\u00e1lassza ki a be\u00e1ll\u00edt\u00e1sokat, \u00e9s gener\u00e1lja a hangot.<\/li>\n\n\n\n<li class=\"\"><strong>Hogyan k\u00e9sz\u00edts\u00fcnk egy AI hanggener\u00e1tort?<\/strong><br>Egy mesters\u00e9ges intelligencia hanggener\u00e1tor l\u00e9trehoz\u00e1sa fejlett programoz\u00e1si k\u00e9szs\u00e9geket, valamint a g\u00e9pi tanul\u00e1s \u00e9s a neur\u00e1lis h\u00e1l\u00f3zatok ismeret\u00e9t ig\u00e9nyli.<\/li>\n\n\n\n<li class=\"\"><strong>Melyek a legjobb ingyenes AI hanggener\u00e1torok?<\/strong><br>Az AI Voice Generator \u00e9s az iSpeech n\u00e9pszer\u0171 ingyenes lehet\u0151s\u00e9gek.<\/li>\n\n\n\n<li class=\"\"><strong>A mesters\u00e9ges intelligencia hanggener\u00e1torok felolvass\u00e1k a sz\u00f6veget?<\/strong><br>Igen, az AI hanggener\u00e1torok k\u00e9pesek a sz\u00f6veget besz\u00e9dd\u00e9 alak\u00edtani \u00e9s hangosan felolvasni.<\/li>\n<\/ol>","protected":false},"excerpt":{"rendered":"<p>How to use the AI Voice Generator * Feel free to try our examples below if you don&#8217;t have any thoughts in your mind *&nbsp;Depending on your internet speed, loading the model may take up to 10 seconds \u2193 The Ultimate Guide to AI Voice Generators Outline AI Voice Generators have revolutionized the way we &#8230; <a title=\"AI hanggener\u00e1tor\" class=\"read-more\" href=\"https:\/\/aiartfree.online\/hu\/ai-hanggenerator\/\" aria-label=\"Read more about AI Voice Generator\">Olvass tov\u00e1bb<\/a><\/p>","protected":false},"author":1,"featured_media":3458,"parent":0,"menu_order":0,"comment_status":"open","ping_status":"closed","template":"","meta":{"nf_dc_page":"","footnotes":""},"class_list":["post-3351","page","type-page","status-publish","has-post-thumbnail"],"jetpack_sharing_enabled":true,"_links":{"self":[{"href":"https:\/\/aiartfree.online\/hu\/wp-json\/wp\/v2\/pages\/3351","targetHints":{"allow":["GET"]}}],"collection":[{"href":"https:\/\/aiartfree.online\/hu\/wp-json\/wp\/v2\/pages"}],"about":[{"href":"https:\/\/aiartfree.online\/hu\/wp-json\/wp\/v2\/types\/page"}],"author":[{"embeddable":true,"href":"https:\/\/aiartfree.online\/hu\/wp-json\/wp\/v2\/users\/1"}],"replies":[{"embeddable":true,"href":"https:\/\/aiartfree.online\/hu\/wp-json\/wp\/v2\/comments?post=3351"}],"version-history":[{"count":0,"href":"https:\/\/aiartfree.online\/hu\/wp-json\/wp\/v2\/pages\/3351\/revisions"}],"wp:featuredmedia":[{"embeddable":true,"href":"https:\/\/aiartfree.online\/hu\/wp-json\/wp\/v2\/media\/3458"}],"wp:attachment":[{"href":"https:\/\/aiartfree.online\/hu\/wp-json\/wp\/v2\/media?parent=3351"}],"curies":[{"name":"wp","href":"https:\/\/api.w.org\/{rel}","templated":true}]}}