{"id":3340,"date":"2024-07-30T15:52:48","date_gmt":"2024-07-30T15:52:48","guid":{"rendered":"https:\/\/aiartfree.online\/?page_id=3340"},"modified":"2024-08-02T10:02:12","modified_gmt":"2024-08-02T10:02:12","slug":"transcript","status":"publish","type":"page","link":"https:\/\/aiartfree.online\/hu\/atirat\/","title":{"rendered":"\u00c1tirat"},"content":{"rendered":"<h2 class=\"wp-block-heading\" id=\"how-to-use-transcript\" style=\"font-size:23px\">Hogyan kell haszn\u00e1lni az \u00e1tiratot<\/h2>\n\n\n\n<ol class=\"wp-block-list\">\n<li class=\"\">V\u00e1lassza ki a  c\u00edmet. <strong>Mikrofon<\/strong> vagy <strong>Hangf\u00e1jl<\/strong> vagy <strong>YouTube<\/strong> a fels\u0151 lapon<\/li>\n\n\n\n<li class=\"\">T\u00f6ltse fel a tartalm\u00e1t<\/li>\n\n\n\n<li class=\"\">V\u00e1lassza ki a \"Visszat\u00e9r\u00e9si id\u0151b\u00e9lyegek\" lehet\u0151s\u00e9get<\/li>\n\n\n\n<li class=\"\">Kattintson a \"Bek\u00fcld\u00e9s\" gombra<\/li>\n\n\n\n<li class=\"\">V\u00e1rj, ez az!<\/li>\n<\/ol>\n\n\n\n<p class=\"\">* <em>Az internet sebess\u00e9g\u00e9t\u0151l f\u00fcgg\u0151en a modell bet\u00f6lt\u00e9se n\u00e9h\u00e1ny m\u00e1sodpercet vehet ig\u00e9nybe.<\/em> \u2193<\/p>\n\n\n\n<div class=\"iframe-wrapper\" style=\"position: relative; width: 100%; height: 1400px;\">\n  <div class=\"loading\" style=\"position: absolute; top: 50px; left: 50%; transform: translate(-50%, -50%); width: 40px; height: 40px; border: 3px solid #f0f0f0; border-top: 3px solid #db7093; border-radius: 50%; animation: spin 1s linear infinite;\"><\/div>\n  <iframe loading=\"lazy\" src=\"https:\/\/sanchit-gandhi-whisper-jax.hf.space\" frameborder=\"0\" width=\"100%\" height=\"100%\" style=\"position: absolute; top: 0; left: 0; opacity: 0; transition: opacity 0.3s;\" onload=\"this.style.opacity=1;this.previousElementSibling.style.display='none';\"><\/iframe>\n<\/div>\n\n<style>\n@keyframes spin {\n  0% { transform: translate(-50%, -50%) rotate(0deg); }\n  100% { transform: translate(-50%, -50%) rotate(360deg); }\n}\n<\/style>\n\n\n\n<div style=\"height:60px\" aria-hidden=\"true\" class=\"wp-block-spacer\"><\/div>\n\n\n\n<h2 class=\"wp-block-heading\" id=\"how-to-use-transcript-services-your-ultimate-guide\">Hogyan haszn\u00e1lja a Transcript Services-t: Az \u00d6n v\u00e9gs\u0151 \u00fatmutat\u00f3ja<\/h2>\n\n\n\n<h3 class=\"wp-block-heading\" id=\"introduction\">Bevezet\u00e9s<\/h3>\n\n\n\n<p class=\"\">Az \u00e1t\u00edr\u00e1si szolg\u00e1ltat\u00e1sok forradalmas\u00edtott\u00e1k a hang- \u00e9s videotartalmak kezel\u00e9s\u00e9t az\u00e1ltal, hogy a besz\u00e9lt szavakat \u00edrott sz\u00f6vegg\u00e9 alak\u00edtj\u00e1k. Ak\u00e1r di\u00e1k, ak\u00e1r szakember vagy tartalomk\u00e9sz\u00edt\u0151, az \u00e1t\u00edr\u00e1s rejtelmeinek meg\u00e9rt\u00e9se jelent\u0151sen n\u00f6velheti a termel\u00e9kenys\u00e9get \u00e9s a hozz\u00e1f\u00e9rhet\u0151s\u00e9get.<\/p>\n\n\n\n<figure class=\"wp-block-image size-large is-resized\"><img data-recalc-dims=\"1\" data-dominant-color=\"b7aaa7\" data-has-transparency=\"false\" decoding=\"async\" width=\"1024\" height=\"640\"   loading=\"lazy\" src=\"https:\/\/i0.wp.com\/aiartfree.online\/wp-content\/uploads\/2024\/07\/WX20240730-200353%402x-1024x640.webp?resize=1024%2C640&#038;ssl=1\" alt=\"No.1 ingyenes \u00e9s korl\u00e1tlan \u00e1t\u00edr\u00e1si szolg\u00e1ltat\u00e1s. Nincs regisztr\u00e1ci\u00f3. Konvert\u00e1ljon hangot sz\u00f6vegg\u00e9, YouTube vide\u00f3k \u00e1tirata, Szerezze be k\u00f6z\u00e9piskolai \u00e9s f\u0151iskolai \u00e1tiratait online.\" class=\"wp-image-3345 not-transparent\" style=\"--dominant-color: #b7aaa7; width:578px;height:auto\" srcset=\"https:\/\/i0.wp.com\/aiartfree.online\/wp-content\/uploads\/2024\/07\/WX20240730-200353%402x.jpg?resize=1024%2C640&amp;ssl=1 1024w, https:\/\/i0.wp.com\/aiartfree.online\/wp-content\/uploads\/2024\/07\/WX20240730-200353%402x.jpg?resize=300%2C188&amp;ssl=1 300w, https:\/\/i0.wp.com\/aiartfree.online\/wp-content\/uploads\/2024\/07\/WX20240730-200353%402x.jpg?resize=768%2C480&amp;ssl=1 768w, https:\/\/i0.wp.com\/aiartfree.online\/wp-content\/uploads\/2024\/07\/WX20240730-200353%402x.jpg?resize=1536%2C960&amp;ssl=1 1536w, https:\/\/i0.wp.com\/aiartfree.online\/wp-content\/uploads\/2024\/07\/WX20240730-200353%402x.jpg?resize=18%2C12&amp;ssl=1 18w, https:\/\/i0.wp.com\/aiartfree.online\/wp-content\/uploads\/2024\/07\/WX20240730-200353%402x.jpg?resize=600%2C375&amp;ssl=1 600w, https:\/\/i0.wp.com\/aiartfree.online\/wp-content\/uploads\/2024\/07\/WX20240730-200353%402x.jpg?w=1808&amp;ssl=1 1808w\" sizes=\"auto, (max-width: 1024px) 100vw, 1024px\" \/><\/figure>\n\n\n\n<div class=\"wp-block-rank-math-toc-block\" id=\"rank-math-toc\"><h3>Tartalomjegyz\u00e9k<\/h3><nav><ul><li><a href=\"#introduction\">Bevezet\u00e9s<\/a><\/li><li><a href=\"#what-is-transcript\">Mi az \u00e1tirat?<\/a><\/li><li><a href=\"#why-use-transcript-services\">Mi\u00e9rt \u00e9rdemes \u00e1t\u00edr\u00e1si szolg\u00e1ltat\u00e1sokat ig\u00e9nybe venni?<\/a><\/li><li><a href=\"#main-features-of-transcript-services\">A Transcript Services f\u0151 jellemz\u0151i<\/a><ul><li><a href=\"#100-free\">100% Ingyenes<\/a><\/li><li><a href=\"#unlimited-transcription\">Korl\u00e1tlan \u00e1t\u00edr\u00e1s<\/a><\/li><li><a href=\"#no-1-choice\">No.1 v\u00e1laszt\u00e1s<\/a><\/li><li><a href=\"#no-sign-up-required\">Nincs sz\u00fcks\u00e9g regisztr\u00e1ci\u00f3ra<\/a><\/li><\/ul><\/li><li><a href=\"#who-should-use-transcription-services\">Kinek \u00e9rdemes \u00e1t\u00edr\u00e1si szolg\u00e1ltat\u00e1sokat ig\u00e9nybe vennie?<\/a><\/li><li><a href=\"#industries-benefiting-from-transcription-services\">Az \u00e1t\u00edr\u00e1si szolg\u00e1ltat\u00e1sokb\u00f3l profit\u00e1l\u00f3 ipar\u00e1gak<\/a><\/li><li><a href=\"#how-to-use-transcription-services-step-by-step\">Hogyan haszn\u00e1ljuk az \u00e1t\u00edr\u00e1si szolg\u00e1ltat\u00e1sokat: .<\/a><\/li><li><a href=\"#use-cases-of-transcription-services\">Az \u00e1t\u00edr\u00e1si szolg\u00e1ltat\u00e1sok felhaszn\u00e1l\u00e1si esetei<\/a><\/li><li><a href=\"#top-10-transcription-tools-and-resources\">Top 10 \u00e1t\u00edr\u00e1si eszk\u00f6z \u00e9s forr\u00e1s<\/a><\/li><li><a href=\"#advantages-disadvantages-and-challenges-in-the-transcription-industry\">El\u0151ny\u00f6k, h\u00e1tr\u00e1nyok \u00e9s kih\u00edv\u00e1sok az \u00e1t\u00edr\u00f3iparban<\/a><ul><li><a href=\"#advantages\">El\u0151ny\u00f6k<\/a><\/li><li><a href=\"#disadvantages\">H\u00e1tr\u00e1nyok<\/a><\/li><li><a href=\"#challenges\">Kih\u00edv\u00e1sok<\/a><\/li><\/ul><\/li><li><a href=\"#frequently-asked-questions-faq\">Gyakran ism\u00e9telt k\u00e9rd\u00e9sek (GYIK)<\/a><\/li><li><a href=\"#conclusion\">K\u00f6vetkeztet\u00e9s<\/a><\/li><\/ul><\/nav><\/div>\n\n\n\n<h3 class=\"wp-block-heading\" id=\"what-is-transcript\">Mi az \u00e1tirat?<\/h3>\n\n\n\n<p class=\"\">Az \u00e1t\u00edr\u00e1s a besz\u00e9lt nyelv \u00edrott sz\u00f6vegg\u00e9 alak\u00edt\u00e1s\u00e1nak folyamata. Ez a szolg\u00e1ltat\u00e1s k\u00fcl\u00f6nb\u00f6z\u0151 hanganyagok, p\u00e9ld\u00e1ul interj\u00fak, el\u0151ad\u00e1sok, podcastok \u00e9s vide\u00f3k olvashat\u00f3 dokumentumokk\u00e1 t\u00f6rt\u00e9n\u0151 \u00e1t\u00edr\u00e1s\u00e1ra haszn\u00e1lhat\u00f3.<\/p>\n\n\n\n<h3 class=\"wp-block-heading\" id=\"why-use-transcript-services\">Mi\u00e9rt \u00e9rdemes \u00e1t\u00edr\u00e1si szolg\u00e1ltat\u00e1sokat ig\u00e9nybe venni?<\/h3>\n\n\n\n<p class=\"\">Az \u00e1t\u00edr\u00e1si szolg\u00e1ltat\u00e1sok sz\u00e1mos el\u0151nnyel j\u00e1rnak:<\/p>\n\n\n\n<ul class=\"wp-block-list\">\n<li class=\"\"><strong>Hozz\u00e1f\u00e9rhet\u0151s\u00e9g:<\/strong> Az \u00e1tiratok a hall\u00e1ss\u00e9r\u00fcltek sz\u00e1m\u00e1ra is hozz\u00e1f\u00e9rhet\u0151v\u00e9 teszik a tartalmat.<\/li>\n\n\n\n<li class=\"\"><strong>Kereshet\u0151s\u00e9g:<\/strong> A sz\u00f6veges dokumentumok k\u00f6nnyen kereshet\u0151k, indexelhet\u0151k \u00e9s hivatkozhat\u00f3k.<\/li>\n\n\n\n<li class=\"\"><strong>Pontoss\u00e1g:<\/strong> A professzion\u00e1lis \u00e1t\u00edr\u00e1si szolg\u00e1ltat\u00e1sok biztos\u00edtj\u00e1k az \u00e1t\u00edrt tartalom nagyfok\u00fa pontoss\u00e1g\u00e1t.<\/li>\n\n\n\n<li class=\"\"><strong>Hat\u00e9konys\u00e1g:<\/strong> Id\u0151t takar\u00edt meg a k\u00e9zi \u00e1t\u00edr\u00e1shoz k\u00e9pest.<\/li>\n<\/ul>\n\n\n\n<h3 class=\"wp-block-heading\" id=\"main-features-of-transcript-services\">A Transcript Services f\u0151 jellemz\u0151i<\/h3>\n\n\n\n<h4 class=\"wp-block-heading\" id=\"100-free\">100% Ingyenes<\/h4>\n\n\n\n<p class=\"\">Sok \u00e1t\u00edr\u00e1si szolg\u00e1ltat\u00e1s ingyenes tervezetet k\u00edn\u00e1l, \u00edgy mindenki sz\u00e1m\u00e1ra el\u00e9rhet\u0151v\u00e9 v\u00e1lik, akinek nincsenek p\u00e9nz\u00fcgyi korl\u00e1tai.<\/p>\n\n\n\n<h4 class=\"wp-block-heading\" id=\"unlimited-transcription\">Korl\u00e1tlan \u00e1t\u00edr\u00e1s<\/h4>\n\n\n\n<p class=\"\">Egyes szolg\u00e1ltat\u00e1sok korl\u00e1tlan \u00e1t\u00edr\u00e1si lehet\u0151s\u00e9get biztos\u00edtanak, lehet\u0151v\u00e9 t\u00e9ve a felhaszn\u00e1l\u00f3k sz\u00e1m\u00e1ra, hogy annyi f\u00e1jlt \u00edrjanak \u00e1t, amennyit csak sz\u00fcks\u00e9ges.<\/p>\n\n\n\n<h4 class=\"wp-block-heading\" id=\"no-1-choice\">No.1 v\u00e1laszt\u00e1s<\/h4>\n\n\n\n<p class=\"\">A vezet\u0151 \u00e1t\u00edr\u00e1si szolg\u00e1ltat\u00e1sokat megb\u00edzhat\u00f3s\u00e1guk, pontoss\u00e1guk \u00e9s egyszer\u0171 haszn\u00e1latuk miatt gyakran a legjobb v\u00e1laszt\u00e1snak tartj\u00e1k.<\/p>\n\n\n\n<h4 class=\"wp-block-heading\" id=\"no-sign-up-required\">Nincs sz\u00fcks\u00e9g regisztr\u00e1ci\u00f3ra<\/h4>\n\n\n\n<p class=\"\">A k\u00e9nyelem kulcsfontoss\u00e1g\u00fa, mivel egyes platformok regisztr\u00e1ci\u00f3 n\u00e9lk\u00fcli \u00e1t\u00edr\u00e1si szolg\u00e1ltat\u00e1sokat k\u00edn\u00e1lnak.<\/p>\n\n\n\n<h3 class=\"wp-block-heading\" id=\"who-should-use-transcription-services\">Kinek \u00e9rdemes \u00e1t\u00edr\u00e1si szolg\u00e1ltat\u00e1sokat ig\u00e9nybe vennie?<\/h3>\n\n\n\n<p class=\"\">Az \u00e1t\u00edr\u00e1si szolg\u00e1ltat\u00e1sok ide\u00e1lisak a k\u00f6vetkez\u0151kh\u00f6z:<\/p>\n\n\n\n<ul class=\"wp-block-list\">\n<li class=\"\"><strong>Di\u00e1kok:<\/strong> Az el\u0151ad\u00e1sok \u00e9s megbesz\u00e9l\u00e9sek jegyzetekk\u00e9 alak\u00edt\u00e1sa.<\/li>\n\n\n\n<li class=\"\"><strong>Szakemberek:<\/strong> Az \u00e9rtekezleti jegyz\u0151k\u00f6nyvek elk\u00e9sz\u00edt\u00e9s\u00e9hez \u00e9s az interj\u00fak \u00e1t\u00edr\u00e1s\u00e1hoz.<\/li>\n\n\n\n<li class=\"\"><strong>Tartalomk\u00e9sz\u00edt\u0151k:<\/strong> Sz\u00f6veges tartalom gener\u00e1l\u00e1sa podcastokb\u00f3l \u00e9s vide\u00f3kb\u00f3l.<\/li>\n\n\n\n<li class=\"\"><strong>Kutat\u00f3k:<\/strong> Sz\u00f3beli t\u00f6rt\u00e9netek \u00e9s interj\u00fak dokument\u00e1l\u00e1s\u00e1hoz.<\/li>\n<\/ul>\n\n\n\n<h3 class=\"wp-block-heading\" id=\"industries-benefiting-from-transcription-services\">Az \u00e1t\u00edr\u00e1si szolg\u00e1ltat\u00e1sokb\u00f3l profit\u00e1l\u00f3 ipar\u00e1gak<\/h3>\n\n\n\n<p class=\"\">Az \u00e1t\u00edr\u00e1si szolg\u00e1ltat\u00e1sok sz\u00e1mos ipar\u00e1gban el\u0151ny\u00f6sek, mint p\u00e9ld\u00e1ul:<\/p>\n\n\n\n<ul class=\"wp-block-list\">\n<li class=\"\"><strong>Oktat\u00e1s:<\/strong> El\u0151ad\u00e1s-\u00e1tiratok \u00e9s kutat\u00e1si dokument\u00e1ci\u00f3.<\/li>\n\n\n\n<li class=\"\"><strong>M\u00e9dia:<\/strong> Interj\u00fak \u00e1t\u00edr\u00e1sa \u00e9s feliratok k\u00e9sz\u00edt\u00e9se.<\/li>\n\n\n\n<li class=\"\"><strong>Jogilag:<\/strong> B\u00edr\u00f3s\u00e1gi \u00e1tiratok \u00e9s jogi dokument\u00e1ci\u00f3.<\/li>\n\n\n\n<li class=\"\"><strong>Eg\u00e9szs\u00e9g\u00fcgy:<\/strong> Orvosi dikt\u00e1l\u00e1sok \u00e9s betegdokument\u00e1ci\u00f3k \u00e1t\u00edr\u00e1s\u00e1hoz.<\/li>\n<\/ul>\n\n\n\n<h3 class=\"wp-block-heading\" id=\"how-to-use-transcription-services-step-by-step\">Hogyan haszn\u00e1ljuk az \u00e1t\u00edr\u00e1si szolg\u00e1ltat\u00e1sokat: .<\/h3>\n\n\n\n<ol class=\"wp-block-list\">\n<li class=\"\"><strong>V\u00e1lasszon szolg\u00e1ltat\u00e1st:<\/strong> V\u00e1lassza ki az ig\u00e9nyeinek megfelel\u0151 \u00e1t\u00edr\u00e1si szolg\u00e1ltat\u00e1st. Aj\u00e1nlott eszk\u00f6z: <a href=\"https:\/\/aiartfree.online\/hu\/atirat\/\">https:\/\/aiartfree.online\/transcript<\/a>.<\/li>\n\n\n\n<li class=\"\"><strong>Audi\u00f3\/vide\u00f3 f\u00e1jl felt\u00f6lt\u00e9se:<\/strong> T\u00f6ltse fel az \u00e1t\u00edrand\u00f3 f\u00e1jlt.<\/li>\n\n\n\n<li class=\"\"><strong>Be\u00e1ll\u00edt\u00e1sok be\u00e1ll\u00edt\u00e1sa:<\/strong> V\u00e1lassza ki a k\u00edv\u00e1nt be\u00e1ll\u00edt\u00e1sokat, p\u00e9ld\u00e1ul a nyelvet, a form\u00e1tumot \u00e9s az esetleges speci\u00e1lis k\u00f6vetelm\u00e9nyeket.<\/li>\n\n\n\n<li class=\"\"><strong>Ind\u00edtsa el az \u00e1t\u00edr\u00e1st:<\/strong> Ind\u00edtsa el az \u00e1t\u00edr\u00e1si folyamatot.<\/li>\n\n\n\n<li class=\"\"><strong>Fel\u00fclvizsg\u00e1lat \u00e9s szerkeszt\u00e9s:<\/strong> Ha az \u00e1t\u00edr\u00e1s elk\u00e9sz\u00fclt, n\u00e9zze \u00e1t, \u00e9s v\u00e9gezze el a sz\u00fcks\u00e9ges m\u00f3dos\u00edt\u00e1sokat.<\/li>\n\n\n\n<li class=\"\"><strong>Let\u00f6lt\u00e9s \u00e9s haszn\u00e1lat:<\/strong> T\u00f6ltse le a v\u00e9gleges \u00e1tiratot saj\u00e1t haszn\u00e1latra.<\/li>\n<\/ol>\n\n\n\n<h3 class=\"wp-block-heading\" id=\"use-cases-of-transcription-services\">Az \u00e1t\u00edr\u00e1si szolg\u00e1ltat\u00e1sok felhaszn\u00e1l\u00e1si esetei<\/h3>\n\n\n\n<ul class=\"wp-block-list\">\n<li class=\"\"><strong>Akad\u00e9miai kutat\u00e1s:<\/strong> Interj\u00fak \u00e1t\u00edr\u00e1sa kvalitat\u00edv kutat\u00e1shoz.<\/li>\n\n\n\n<li class=\"\"><strong>Tartalomk\u00e9sz\u00edt\u00e9s:<\/strong> Blogbejegyz\u00e9sek \u00e9s cikkek gener\u00e1l\u00e1sa podcastokb\u00f3l.<\/li>\n\n\n\n<li class=\"\"><strong>Jogi dokument\u00e1ci\u00f3:<\/strong> Tan\u00favallom\u00e1sok \u00e9s b\u00edr\u00f3s\u00e1gi t\u00e1rgyal\u00e1sok \u00e1t\u00edr\u00e1sa.<\/li>\n\n\n\n<li class=\"\"><strong>\u00dczleti tal\u00e1lkoz\u00f3k:<\/strong> R\u00e9szletes t\u00e1rgyal\u00e1si jegyz\u0151k\u00f6nyvek k\u00e9sz\u00edt\u00e9se.<\/li>\n<\/ul>\n\n\n\n<h3 class=\"wp-block-heading\" id=\"top-10-transcription-tools-and-resources\">Top 10 \u00e1t\u00edr\u00e1si eszk\u00f6z \u00e9s forr\u00e1s<\/h3>\n\n\n\n<p class=\"\">Az al\u00e1bbi t\u00e1bl\u00e1zat \u00f6sszefoglalja a 10 legjobb \u00e1t\u00edr\u00f3 eszk\u00f6zt \u00e9s azok jellemz\u0151it:<\/p>\n\n\n\n<figure class=\"wp-block-table\"><table class=\"has-fixed-layout\"><thead><tr><th>Eszk\u00f6z\/Weboldal<\/th><th>Jellemz\u0151k<\/th><th>El\u0151ny\u00f6k<\/th><th>H\u00e1tr\u00e1nyok<\/th><th>URL<\/th><\/tr><\/thead><tbody><tr><td><strong>AI Art Free<\/strong><\/td><td>Hangr\u00f3l sz\u00f6vegre, vide\u00f3 \u00e1t\u00edr\u00e1s<\/td><td>Ingyenes, regisztr\u00e1ci\u00f3 n\u00e9lk\u00fcl, korl\u00e1tlan<\/td><td>Korl\u00e1tozott testreszabhat\u00f3s\u00e1g<\/td><td><a href=\"https:\/\/aiartfree.online\/hu\/atirat\/\">Link<\/a><\/td><\/tr><tr><td><strong>TranscribeMe<\/strong><\/td><td>Nagy pontoss\u00e1g\u00fa, emberi \u00e9s mesters\u00e9ges \u00e1t\u00edr\u00e1s<\/td><td>Megb\u00edzhat\u00f3, t\u00f6bb form\u00e1tum<\/td><td>Fizetett szolg\u00e1ltat\u00e1s<\/td><td><a href=\"https:\/\/www.transcribeme.com\" target=\"_blank\" rel=\"noopener\">Link<\/a><\/td><\/tr><tr><td><strong>Otter.ai<\/strong><\/td><td>Val\u00f3s idej\u0171 \u00e1t\u00edr\u00e1s, egy\u00fcttm\u0171k\u00f6d\u00e9si eszk\u00f6z\u00f6k<\/td><td>K\u00f6nnyen haszn\u00e1lhat\u00f3, mobil alkalmaz\u00e1s<\/td><td>Korl\u00e1tozott ingyenes terv<\/td><td><a href=\"https:\/\/otter.ai\" target=\"_blank\" rel=\"noopener\">Link<\/a><\/td><\/tr><tr><td><strong>Sonix<\/strong><\/td><td>Automatiz\u00e1lt \u00e1t\u00edr\u00e1s, t\u00f6bbnyelv\u0171 t\u00e1mogat\u00e1s<\/td><td>Gyors, pontos<\/td><td>El\u0151fizet\u00e9s sz\u00fcks\u00e9ges<\/td><td><a href=\"https:\/\/sonix.ai\" target=\"_blank\" rel=\"noopener\">Link<\/a><\/td><\/tr><tr><td><strong>Rev<\/strong><\/td><td>Emberi \u00e1t\u00edr\u00e1s, feliratoz\u00e1s<\/td><td>Kiv\u00e1l\u00f3 min\u0151s\u00e9g, gyors \u00e1tfut\u00e1si id\u0151<\/td><td>Dr\u00e1ga<\/td><td><a href=\"https:\/\/www.rev.com\" target=\"_blank\" rel=\"noopener\">Link<\/a><\/td><\/tr><tr><td><strong>Temi<\/strong><\/td><td>Megfizethet\u0151 automatiz\u00e1lt \u00e1t\u00edr\u00e1s<\/td><td>Gyors, felhaszn\u00e1l\u00f3bar\u00e1t<\/td><td>Nem mindig pontos<\/td><td><a href=\"https:\/\/www.temi.com\" target=\"_blank\" rel=\"noopener\">Link<\/a><\/td><\/tr><tr><td><strong>Le\u00edr\u00e1s<\/strong><\/td><td>Hang- \u00e9s vide\u00f3szerkeszt\u00e9s, \u00e1t\u00edr\u00e1s<\/td><td>Sokoldal\u00fa, er\u0151s<\/td><td>Tanul\u00e1si g\u00f6rbe<\/td><td><a href=\"https:\/\/www.descript.com\" target=\"_blank\" rel=\"noopener\">Link<\/a><\/td><\/tr><tr><td><strong>Trint<\/strong><\/td><td>AI-alap\u00fa \u00e1t\u00edr\u00e1s, szerkeszt\u00e9si eszk\u00f6z\u00f6k<\/td><td>Pontos, rugalmas<\/td><td>Dr\u00e1ga<\/td><td><a href=\"https:\/\/trint.com\" target=\"_blank\" rel=\"noopener\">Link<\/a><\/td><\/tr><tr><td><strong>Boldog \u00edr\u00f3<\/strong><\/td><td>T\u00f6bbnyelv\u0171, egy\u00fcttm\u0171k\u00f6d\u0151 eszk\u00f6z\u00f6k<\/td><td>Pontos, j\u00f3 t\u00e1mogat\u00e1s<\/td><td>El\u0151fizet\u00e9s sz\u00fcks\u00e9ges<\/td><td><a href=\"https:\/\/www.happyscribe.com\" target=\"_blank\" rel=\"noopener\">Link<\/a><\/td><\/tr><tr><td><strong>Scribie<\/strong><\/td><td>K\u00e9zi \u00e9s automatikus \u00e1t\u00edr\u00e1s<\/td><td>Megfizethet\u0151, pontos<\/td><td>Korl\u00e1tozott ingyenes terv<\/td><td><a href=\"https:\/\/www.scribie.com\" target=\"_blank\" rel=\"noopener\">Link<\/a><\/td><\/tr><\/tbody><\/table><\/figure>\n\n\n\n<h3 class=\"wp-block-heading\" id=\"advantages-disadvantages-and-challenges-in-the-transcription-industry\">El\u0151ny\u00f6k, h\u00e1tr\u00e1nyok \u00e9s kih\u00edv\u00e1sok az \u00e1t\u00edr\u00f3iparban<\/h3>\n\n\n\n<h4 class=\"wp-block-heading\" id=\"advantages\">El\u0151ny\u00f6k<\/h4>\n\n\n\n<ul class=\"wp-block-list\">\n<li class=\"\"><strong>Jav\u00edtott hozz\u00e1f\u00e9rhet\u0151s\u00e9g:<\/strong> Mindenki sz\u00e1m\u00e1ra hozz\u00e1f\u00e9rhet\u0151v\u00e9 teszi a tartalmat.<\/li>\n\n\n\n<li class=\"\"><strong>Fokozott termel\u00e9kenys\u00e9g:<\/strong> Id\u0151t \u00e9s energi\u00e1t takar\u00edt meg a besz\u00e9d sz\u00f6vegg\u00e9 alak\u00edt\u00e1s\u00e1val.<\/li>\n\n\n\n<li class=\"\"><strong>Jobb dokument\u00e1ci\u00f3:<\/strong> Pontos feljegyz\u00e9sek a megbesz\u00e9l\u00e9sekr\u0151l, interj\u00fakr\u00f3l \u00e9s egyebekr\u0151l.<\/li>\n<\/ul>\n\n\n\n<h4 class=\"wp-block-heading\" id=\"disadvantages\">H\u00e1tr\u00e1nyok<\/h4>\n\n\n\n<ul class=\"wp-block-list\">\n<li class=\"\"><strong>K\u00f6lts\u00e9gek:<\/strong> Egyes szolg\u00e1ltat\u00e1sok dr\u00e1g\u00e1k lehetnek.<\/li>\n\n\n\n<li class=\"\"><strong>Pontoss\u00e1gi probl\u00e9m\u00e1k:<\/strong> Az automatiz\u00e1lt szolg\u00e1ltat\u00e1sok nem mindig pontosak.<\/li>\n\n\n\n<li class=\"\"><strong>Adatv\u00e9delmi agg\u00e1lyok:<\/strong> Az \u00e9rz\u00e9keny inform\u00e1ci\u00f3k kezel\u00e9se aggodalomra adhat okot.<\/li>\n<\/ul>\n\n\n\n<h4 class=\"wp-block-heading\" id=\"challenges\">Kih\u00edv\u00e1sok<\/h4>\n\n\n\n<ul class=\"wp-block-list\">\n<li class=\"\"><strong>Besz\u00e9dvariabilit\u00e1s:<\/strong> Az akcentusok, a dialektusok \u00e9s a rossz hangmin\u0151s\u00e9g befoly\u00e1solhatj\u00e1k a pontoss\u00e1got.<\/li>\n\n\n\n<li class=\"\"><strong>M\u0171szaki korl\u00e1toz\u00e1sok:<\/strong> A mesters\u00e9ges intelligencia \u00e1t\u00edr\u00e1s m\u00e9g mindig k\u00fcszk\u00f6dik a sz\u00f6vegk\u00f6rnyezettel \u00e9s a homofonokkal.<\/li>\n<\/ul>\n\n\n\n<h3 class=\"wp-block-heading\" id=\"frequently-asked-questions-faq\">Gyakran ism\u00e9telt k\u00e9rd\u00e9sek (GYIK)<\/h3>\n\n\n\n<ol class=\"wp-block-list\">\n<li class=\"\"><strong>Hol t\u00f6rt\u00e9nik az \u00e1t\u00edr\u00e1s?<\/strong> Az \u00e1t\u00edr\u00e1s minden\u00fctt el\u0151fordul, ahol a besz\u00e9lt nyelvet sz\u00f6vegg\u00e9 kell alak\u00edtani, gyakran \u00e1t\u00edr\u00f3 szolg\u00e1ltat\u00e1sok \u00e9s szoftverek seg\u00edts\u00e9g\u00e9vel.<\/li>\n\n\n\n<li class=\"\"><strong>Hogyan szerezhetek k\u00f6z\u00e9piskolai bizony\u00edtv\u00e1nyt?<\/strong> A k\u00f6z\u00e9piskolai bizony\u00edtv\u00e1nyt az iskola adminisztrat\u00edv irod\u00e1j\u00e1ban vagy az online port\u00e1lon szerezheti be.<\/li>\n\n\n\n<li class=\"\"><strong>Mi az \u00e1t\u00edr\u00e1s?<\/strong> Az \u00e1t\u00edr\u00e1s a besz\u00e9lt nyelv \u00edrott sz\u00f6vegg\u00e9 alak\u00edt\u00e1s\u00e1nak folyamata.<\/li>\n\n\n\n<li class=\"\"><strong>Hol t\u00f6rt\u00e9nik az \u00e1t\u00edr\u00e1s?<\/strong> Az \u00e1t\u00edr\u00e1s k\u00fcl\u00f6nb\u00f6z\u0151 helysz\u00edneken t\u00f6rt\u00e9nik, t\u00f6bbek k\u00f6z\u00f6tt iskol\u00e1kban, irod\u00e1kban \u00e9s \u00e1t\u00edr\u00e1si szolg\u00e1ltat\u00f3kn\u00e1l.<\/li>\n\n\n\n<li class=\"\"><strong>Hogyan kaphatok \u00e1tiratot az Aeries-t\u0151l?<\/strong> Ha szeretne \u00e1tiratot kapni az Aeries-t\u0151l, jelentkezzen be az Aeries-fi\u00f3kj\u00e1ba, navig\u00e1ljon az \u00e1tiratok r\u00e9szhez, \u00e9s k\u00f6vesse az utas\u00edt\u00e1sokat az \u00e1tirat ig\u00e9nyl\u00e9s\u00e9hez.<\/li>\n\n\n\n<li class=\"\"><strong>Milyen t\u00edpus\u00fa \u00e1tiratok vannak?<\/strong> Az \u00e1tiratok t\u00edpusai k\u00f6z\u00e9 tartoznak az egyetemi \u00e1tiratok, orvosi \u00e1tiratok, jogi \u00e1tiratok \u00e9s m\u00e9dia\u00e1tiratok.<\/li>\n\n\n\n<li class=\"\"><strong>Hogyan kell \u00e1t\u00edrni a YouTube vide\u00f3kat?<\/strong> Haszn\u00e1ljon olyan eszk\u00f6z\u00f6ket, mint a <a href=\"https:\/\/aiartfree.online\/hu\/atirat\/\">https:\/\/aiartfree.online\/transcript<\/a> YouTube-vide\u00f3k felt\u00f6lt\u00e9se \u00e9s \u00e1tiratok beszerz\u00e9se.<\/li>\n\n\n\n<li class=\"\"><strong>Mi az IRS \u00e1tirat?<\/strong> Az IRS-\u00e1tirat az \u00d6n ad\u00f3bevall\u00e1si inform\u00e1ci\u00f3inak \u00f6sszefoglal\u00f3ja, amelyet az Internal Revenue Service biztos\u00edt.<\/li>\n\n\n\n<li class=\"\"><strong>Hogyan szerezhetek egyetemi \u00e1tiratokat?<\/strong> K\u00e9rjen egyetemi \u00e1tiratokat az int\u00e9zm\u00e9ny\u00e9nek nyilv\u00e1ntart\u00f3 hivatal\u00e1t\u00f3l vagy online szolg\u00e1ltat\u00e1saikt\u00f3l.<\/li>\n\n\n\n<li class=\"\"><strong>Mik azok az \u00e1t\u00edr\u00e1si munk\u00e1k?<\/strong> Az \u00e1t\u00edr\u00e1si munkak\u00f6r\u00f6k k\u00f6z\u00e9 tartozik a hangfelv\u00e9telek meghallgat\u00e1sa \u00e9s a hallottak \u00edr\u00e1sos form\u00e1ban t\u00f6rt\u00e9n\u0151 beg\u00e9pel\u00e9se.<\/li>\n<\/ol>\n\n\n\n<h3 class=\"wp-block-heading\" id=\"conclusion\">K\u00f6vetkeztet\u00e9s<\/h3>\n\n\n\n<p class=\"\">Az \u00e1t\u00edr\u00e1si szolg\u00e1ltat\u00e1sok sz\u00e1mtalan el\u0151nyt k\u00edn\u00e1lnak, a hozz\u00e1f\u00e9rhet\u0151s\u00e9g jav\u00edt\u00e1s\u00e1t\u00f3l a termel\u00e9kenys\u00e9g fokoz\u00e1s\u00e1ig. Az olyan eszk\u00f6z\u00f6kkel, mint a <a href=\"https:\/\/aiartfree.online\/hu\/atirat\/\">https:\/\/aiartfree.online\/transcript<\/a>seg\u00edts\u00e9g\u00e9vel k\u00f6nnyed\u00e9n \u00e1talak\u00edthatja audio- \u00e9s videof\u00e1jljait sz\u00f6vegg\u00e9. Fedezze fel a legjobb eszk\u00f6z\u00f6ket, ismerje meg jellemz\u0151iket, \u00e9s v\u00e1lassza ki az ig\u00e9nyeinek megfelel\u0151 szolg\u00e1ltat\u00e1st. Kezdje el az \u00e1t\u00edr\u00e1st m\u00e9g ma, \u00e9s szabad\u00edtsa fel a tartalmaiban rejl\u0151 teljes potenci\u00e1lt!<\/p>\n\n\n\n<p class=\"\">L\u00e1togasson el a  oldalra. <a href=\"https:\/\/aiartfree.online\/hu\/atirat\/\">https:\/\/aiartfree.online\/transcript<\/a> most, hogy megtapasztalja a legjobb ingyenes \u00e9s korl\u00e1tlan \u00e1t\u00edr\u00e1si szolg\u00e1ltat\u00e1st a regisztr\u00e1ci\u00f3 gondja n\u00e9lk\u00fcl!<\/p>","protected":false},"excerpt":{"rendered":"<p>How to use Transcript * Depending on your internet speed, loading the model may take a few seconds. \u2193 How to Use Transcript Services: Your Ultimate Guide Introduction Transcription services have revolutionized the way we handle audio and video content by converting spoken words into written text. Whether you&#8217;re a student, professional, or content creator, &#8230; <a title=\"\u00c1tirat\" class=\"read-more\" href=\"https:\/\/aiartfree.online\/hu\/atirat\/\" aria-label=\"Read more about Transcript\">Olvass tov\u00e1bb<\/a><\/p>","protected":false},"author":1,"featured_media":3345,"parent":0,"menu_order":0,"comment_status":"open","ping_status":"closed","template":"","meta":{"nf_dc_page":"","footnotes":""},"class_list":["post-3340","page","type-page","status-publish","has-post-thumbnail"],"jetpack_sharing_enabled":true,"_links":{"self":[{"href":"https:\/\/aiartfree.online\/hu\/wp-json\/wp\/v2\/pages\/3340","targetHints":{"allow":["GET"]}}],"collection":[{"href":"https:\/\/aiartfree.online\/hu\/wp-json\/wp\/v2\/pages"}],"about":[{"href":"https:\/\/aiartfree.online\/hu\/wp-json\/wp\/v2\/types\/page"}],"author":[{"embeddable":true,"href":"https:\/\/aiartfree.online\/hu\/wp-json\/wp\/v2\/users\/1"}],"replies":[{"embeddable":true,"href":"https:\/\/aiartfree.online\/hu\/wp-json\/wp\/v2\/comments?post=3340"}],"version-history":[{"count":0,"href":"https:\/\/aiartfree.online\/hu\/wp-json\/wp\/v2\/pages\/3340\/revisions"}],"wp:featuredmedia":[{"embeddable":true,"href":"https:\/\/aiartfree.online\/hu\/wp-json\/wp\/v2\/media\/3345"}],"wp:attachment":[{"href":"https:\/\/aiartfree.online\/hu\/wp-json\/wp\/v2\/media?parent=3340"}],"curies":[{"name":"wp","href":"https:\/\/api.w.org\/{rel}","templated":true}]}}