{"id":3307,"date":"2024-07-29T14:15:31","date_gmt":"2024-07-29T14:15:31","guid":{"rendered":"https:\/\/aiartfree.online\/?page_id=3307"},"modified":"2024-08-02T10:02:58","modified_gmt":"2024-08-02T10:02:58","slug":"face-swap","status":"publish","type":"page","link":"https:\/\/aiartfree.online\/hu\/arccsere\/","title":{"rendered":"Arc csere"},"content":{"rendered":"<h2 class=\"wp-block-heading\" id=\"how-to-use-face-swap\">Hogyan kell haszn\u00e1lni az arccser\u00e9t<\/h2>\n\n\n\n<ol class=\"wp-block-list\">\n<li class=\"\">Dobja el vagy t\u00f6ltse fel <strong>C\u00e9lk\u00e9p<\/strong><\/li>\n\n\n\n<li class=\"\">Dobja el vagy t\u00f6ltse fel <strong>Forr\u00e1s K\u00e9p<\/strong><\/li>\n\n\n\n<li class=\"\">Kattintson az \"Arccsere\" gombra<\/li>\n\n\n\n<li class=\"\">V\u00e1rj, ez az!<\/li>\n<\/ol>\n\n\n\n<p class=\"\"><em>* Az internet sebess\u00e9g\u00e9t\u0151l f\u00fcgg\u0151en a modell bet\u00f6lt\u00e9se n\u00e9h\u00e1ny m\u00e1sodpercet vehet ig\u00e9nybe.<br>* A folyamatos gener\u00e1l\u00e1s sor\u00e1n gyors\u00edt\u00f3t\u00e1raz\u00e1sra ker\u00fcl sor, \u00e9s az \u00faj k\u00e9p k\u00f6r\u00fclbel\u00fcl 3 m\u00e1sodperc m\u00falva jelenik meg.<\/em><\/p>\n\n\n\n<div class=\"iframe-wrapper\" style=\"position: relative; width: 100%; height: 1500px;\">\n  <div class=\"loading\" style=\"position: absolute; top: 50px; left: 50%; transform: translate(-50%, -50%); width: 40px; height: 40px; border: 3px solid #f0f0f0; border-top: 3px solid #db7093; border-radius: 50%; animation: spin 1s linear infinite;\"><\/div>\n  <iframe loading=\"lazy\" src=\"https:\/\/felixrosberg-face-swap.hf.space\" frameborder=\"0\" width=\"100%\" height=\"100%\" style=\"position: absolute; top: 0; left: 0; opacity: 0; transition: opacity 0.3s;\" onload=\"this.style.opacity=1;this.previousElementSibling.style.display='none';\"><\/iframe>\n<\/div>\n\n<style>\n@keyframes spin {\n  0% { transform: translate(-50%, -50%) rotate(0deg); }\n  100% { transform: translate(-50%, -50%) rotate(360deg); }\n}\n<\/style>\n\n\n\n<div style=\"height:50px\" aria-hidden=\"true\" class=\"wp-block-spacer\"><\/div>\n\n\n\n<h2 class=\"wp-block-heading\" id=\"face-swap-the-ultimate-guide\">Arccsere: A v\u00e9gs\u0151 \u00fatmutat\u00f3<\/h2>\n\n\n\n<div class=\"wp-block-rank-math-toc-block\" id=\"rank-math-toc\"><h3>Tartalomjegyz\u00e9k<\/h3><nav><ul><li><a href=\"#introduction\">Bevezet\u00e9s<\/a><\/li><li><a href=\"#what-is-face-swap\">Mi az a Face Swap?<\/a><\/li><li><a href=\"#why-use-face-swap\">Mi\u00e9rt haszn\u00e1lja a Face Swapot?<\/a><\/li><li><a href=\"#who-should-use-face-swap\">Kinek \u00e9rdemes haszn\u00e1lni a Face Swapot?<\/a><\/li><li><a href=\"#top-10-face-swap-tools\">Top 10 arccsere eszk\u00f6z<\/a><\/li><li><a href=\"#faq\">GYIK<\/a><ul><li><a href=\"#1-what-is-face-swapping\">1. Mi az arccsere?<\/a><\/li><li><a href=\"#2-is-face-swapping-safe\">2. Biztons\u00e1gos az arccsere?<\/a><\/li><li><a href=\"#3-can-i-use-face-swap-for-free\">3. Haszn\u00e1lhatom ingyen az arccser\u00e9t?<\/a><\/li><li><a href=\"#4-do-i-need-to-sign-up-to-use-face-swap-tools\">4. Regisztr\u00e1lnom kell az arccsere-eszk\u00f6z\u00f6k haszn\u00e1lat\u00e1hoz?<\/a><\/li><li><a href=\"#5-can-i-swap-faces-in-videos\">5. Lehet arcot cser\u00e9lni a vide\u00f3kban?<\/a><\/li><li><a href=\"#6-what-are-the-best-free-face-swap-tools\">6. Melyek a legjobb ingyenes arccsere eszk\u00f6z\u00f6k?<\/a><\/li><li><a href=\"#7-how-accurate-are-face-swap-tools\">7. Mennyire pontosak az arccsere eszk\u00f6z\u00f6k?<\/a><\/li><li><a href=\"#8-can-i-use-face-swap-for-commercial-purposes\">8. Haszn\u00e1lhatom-e az arccser\u00e9t kereskedelmi c\u00e9lokra?<\/a><\/li><li><a href=\"#9-are-there-any-privacy-concerns-with-face-swap\">9. Vannak adatv\u00e9delmi agg\u00e1lyok az arccsere kapcs\u00e1n?<\/a><\/li><li><a href=\"#10-what-are-the-limitations-of-face-swap-technology\">10. Mik a face swap technol\u00f3gia korl\u00e1tai?<\/a><\/li><\/ul><\/li><li><a href=\"#conclusion\">K\u00f6vetkeztet\u00e9s<\/a><\/li><\/ul><\/nav><\/div>\n\n\n\n<h3 class=\"wp-block-heading\" id=\"introduction\">Bevezet\u00e9s<\/h3>\n\n\n\n<p class=\"\">Az arccsere-technol\u00f3gia forradalmas\u00edtotta a digit\u00e1lis m\u00e9di\u00e1val val\u00f3 interakci\u00f3inkat, v\u00e9gtelen sz\u00f3rakoz\u00e1si \u00e9s gyakorlati felhaszn\u00e1l\u00e1si lehet\u0151s\u00e9get biztos\u00edtva. Ebben az \u00fatmutat\u00f3ban felt\u00e1rjuk, mi az arccsere, mi\u00e9rt hasznos, kinek lehet haszn\u00e1ra, \u00e9s \u00e1ttekintj\u00fck a ma el\u00e9rhet\u0151 legjobb eszk\u00f6z\u00f6ket. Els\u0151dleges aj\u00e1nl\u00e1sunk a <strong>Face Swap eszk\u00f6z a <a href=\"https:\/\/aiartfree.online\/hu\/arccsere\/\">aiartfree.online\/face-swap<\/a><\/strong>.<\/p>\n\n\n\n<figure class=\"wp-block-image size-large is-resized\"><img data-recalc-dims=\"1\" data-dominant-color=\"8d7d78\" data-has-transparency=\"false\" decoding=\"async\" width=\"1024\" height=\"452\"   loading=\"lazy\" src=\"https:\/\/i0.wp.com\/aiartfree.online\/wp-content\/uploads\/2024\/07\/WX20240729-174607%402x-1024x452.webp?resize=1024%2C452&#038;ssl=1\" alt=\"Fedezze fel a legjobb ingyenes, korl\u00e1tlan sz\u00e1m\u00fa arccsere-eszk\u00f6z\u00f6ket a z\u00f6kken\u0151mentes fot\u00f3- \u00e9s vide\u00f3cser\u00e9hez, bele\u00e9rtve az AI arccsere \u00e9s az arccsere online lehet\u0151s\u00e9geket.\" class=\"wp-image-3309 not-transparent\" style=\"--dominant-color: #8d7d78; width:744px;height:auto\" srcset=\"https:\/\/i0.wp.com\/aiartfree.online\/wp-content\/uploads\/2024\/07\/WX20240729-174607%402x-scaled.webp?resize=1024%2C452&amp;ssl=1 1024w, https:\/\/i0.wp.com\/aiartfree.online\/wp-content\/uploads\/2024\/07\/WX20240729-174607%402x-scaled.webp?resize=300%2C133&amp;ssl=1 300w, https:\/\/i0.wp.com\/aiartfree.online\/wp-content\/uploads\/2024\/07\/WX20240729-174607%402x-scaled.webp?resize=768%2C339&amp;ssl=1 768w, https:\/\/i0.wp.com\/aiartfree.online\/wp-content\/uploads\/2024\/07\/WX20240729-174607%402x-scaled.webp?resize=1536%2C679&amp;ssl=1 1536w, https:\/\/i0.wp.com\/aiartfree.online\/wp-content\/uploads\/2024\/07\/WX20240729-174607%402x-scaled.webp?resize=2048%2C905&amp;ssl=1 2048w, https:\/\/i0.wp.com\/aiartfree.online\/wp-content\/uploads\/2024\/07\/WX20240729-174607%402x-scaled.webp?resize=18%2C8&amp;ssl=1 18w, https:\/\/i0.wp.com\/aiartfree.online\/wp-content\/uploads\/2024\/07\/WX20240729-174607%402x-scaled.webp?resize=600%2C265&amp;ssl=1 600w, https:\/\/i0.wp.com\/aiartfree.online\/wp-content\/uploads\/2024\/07\/WX20240729-174607%402x-scaled.webp?w=2400&amp;ssl=1 2400w\" sizes=\"auto, (max-width: 1024px) 100vw, 1024px\" \/><\/figure>\n\n\n\n<h3 class=\"wp-block-heading\" id=\"what-is-face-swap\">Mi az a Face Swap?<\/h3>\n\n\n\n<p class=\"\">Az arccsere egy olyan technol\u00f3gia, amely lehet\u0151v\u00e9 teszi a felhaszn\u00e1l\u00f3k sz\u00e1m\u00e1ra, hogy digit\u00e1lisan kicser\u00e9lj\u00e9k az egyik arcot egy m\u00e1sikra a f\u00e9nyk\u00e9peken vagy vide\u00f3kon. A fejlett mesters\u00e9ges intelligenci\u00e1t \u00e9s a g\u00e9pi tanul\u00e1si algoritmusokat kihaszn\u00e1lva z\u00f6kken\u0151mentesen integr\u00e1lja a kicser\u00e9lt arcot, \u00edgy az term\u00e9szetesnek \u00e9s val\u00f3s\u00e1gh\u0171nek t\u0171nik.<\/p>\n\n\n\n<h3 class=\"wp-block-heading\" id=\"why-use-face-swap\">Mi\u00e9rt haszn\u00e1lja a Face Swapot?<\/h3>\n\n\n\n<p class=\"\">Az arccsere-technol\u00f3gia t\u00f6bb okb\u00f3l is l\u00e9nyeges:<\/p>\n\n\n\n<ul class=\"wp-block-list\">\n<li class=\"\"><strong>Sz\u00f3rakoz\u00e1s<\/strong>: K\u00e9sz\u00edtsen vicces fot\u00f3kat \u00e9s vide\u00f3kat a k\u00f6z\u00f6ss\u00e9gi m\u00e9di\u00e1hoz.<\/li>\n\n\n\n<li class=\"\"><strong>Marketing<\/strong>: Testreszabhatja a prom\u00f3ci\u00f3s tartalmat a k\u00fcl\u00f6nb\u00f6z\u0151 demogr\u00e1fiai c\u00e9lcsoportok sz\u00e1m\u00e1ra.<\/li>\n\n\n\n<li class=\"\"><strong>Oktat\u00e1s<\/strong>: Haszn\u00e1lja k\u00e9pz\u00e9si szimul\u00e1ci\u00f3kban \u00e9s oktat\u00e1si vide\u00f3kban.<\/li>\n\n\n\n<li class=\"\"><strong>Adatv\u00e9delem<\/strong>: Az \u00e9rz\u00e9keny tartalmak identit\u00e1s\u00e1nak elfed\u00e9se.<\/li>\n\n\n\n<li class=\"\"><strong>M\u0171v\u00e9szet \u00e9s kreativit\u00e1s<\/strong>: K\u00eds\u00e9rletezzen digit\u00e1lis m\u0171v\u00e9szeti projektekkel.<\/li>\n<\/ul>\n\n\n\n<h3 class=\"wp-block-heading\" id=\"who-should-use-face-swap\">Kinek \u00e9rdemes haszn\u00e1lni a Face Swapot?<\/h3>\n\n\n\n<p class=\"\">Az arccsere-technol\u00f3gia sz\u00e1mos egy\u00e9n \u00e9s ipar\u00e1g sz\u00e1m\u00e1ra el\u0151ny\u00f6s lehet:<\/p>\n\n\n\n<ul class=\"wp-block-list\">\n<li class=\"\"><strong>A k\u00f6z\u00f6ss\u00e9gi m\u00e9dia szerelmesei<\/strong>: Mag\u00e1val ragad\u00f3 \u00e9s sz\u00f3rakoztat\u00f3 tartalmak l\u00e9trehoz\u00e1sa.<\/li>\n\n\n\n<li class=\"\"><strong>Digit\u00e1lis marketingesek<\/strong>: Marketingkamp\u00e1nyok testre szab\u00e1sa.<\/li>\n\n\n\n<li class=\"\"><strong>Oktat\u00f3k \u00e9s oktat\u00f3k<\/strong>: Oktat\u00e1si anyagok k\u00e9sz\u00edt\u00e9s\u00e9hez.<\/li>\n\n\n\n<li class=\"\"><strong>Tartalomk\u00e9sz\u00edt\u0151k<\/strong>: Hogy egyedi csavart adjanak a projektjeikhez.<\/li>\n\n\n\n<li class=\"\"><strong>Mag\u00e1n\u00e9letet keres\u0151 szem\u00e9lyek<\/strong>: Arcok anonimiz\u00e1l\u00e1sa a megosztott m\u00e9di\u00e1ban.<\/li>\n<\/ul>\n\n\n\n<h3 class=\"wp-block-heading\" id=\"top-10-face-swap-tools\">Top 10 arccsere eszk\u00f6z<\/h3>\n\n\n\n<p class=\"\">\u00cdme a ma kaphat\u00f3 legjobb arccsere-eszk\u00f6z\u00f6k \u00f6sszehasonl\u00edt\u00e1sa:<\/p>\n\n\n\n<figure class=\"wp-block-table\"><table class=\"has-fixed-layout\"><thead><tr><th>Eszk\u00f6z neve<\/th><th>URL<\/th><th>El\u0151ny\u00f6k<\/th><th>H\u00e1tr\u00e1nyok<\/th><th>Er\u0151ss\u00e9gek<\/th><th>Kih\u00edv\u00e1sok<\/th><th>Aj\u00e1nl\u00e1sok<\/th><\/tr><\/thead><tbody><tr><td>Face Swap AI<\/td><td><a href=\"https:\/\/aiartfree.online\/hu\/arccsere\/\">aiartfree.online\/face-swap<\/a><\/td><td>Ingyenes, Nincs regisztr\u00e1ci\u00f3, Korl\u00e1tlan<\/td><td>Internetet ig\u00e9nyel<\/td><td>Kiv\u00e1l\u00f3 min\u0151s\u00e9g\u0171 swapok<\/td><td>Alkalmank\u00e9nt el\u0151fordulhatnak k\u00e9s\u00e9sek<\/td><td>\u00d6sszess\u00e9g\u00e9ben a legjobb szabad felhaszn\u00e1l\u00e1sra<\/td><\/tr><tr><td>FaceApp<\/td><td>faceapp.com<\/td><td>K\u00f6nnyen haszn\u00e1lhat\u00f3, t\u00f6bb funkci\u00f3<\/td><td>V\u00edzjeles k\u00e9pek<\/td><td>N\u00e9pszer\u0171, sokoldal\u00fa<\/td><td>Korl\u00e1tozott ingyenes verzi\u00f3<\/td><td>Nagyszer\u0171 alkalmi haszn\u00e1latra<\/td><\/tr><tr><td>Reface<\/td><td>reface.app<\/td><td>Kiv\u00e1l\u00f3 min\u0151s\u00e9g\u0171 vide\u00f3k<\/td><td>El\u0151fizet\u00e9s sz\u00fcks\u00e9ges a teljes funkcionalit\u00e1shoz<\/td><td>Re\u00e1lis cser\u00e9k<\/td><td>Korl\u00e1tozott ingyenes haszn\u00e1lat<\/td><td>Ide\u00e1lis vide\u00f3cser\u00e9khez<\/td><\/tr><tr><td>Snapchat<\/td><td>snapchat.com<\/td><td>Sz\u00f3rakoztat\u00f3 sz\u0171r\u0151k, K\u00f6z\u00f6ss\u00e9gi megoszt\u00e1s<\/td><td>Snapchat fi\u00f3k sz\u00fcks\u00e9ges<\/td><td>N\u00e9pszer\u0171 a fiatalok k\u00f6r\u00e9ben<\/td><td>Alkalmaz\u00e1sra korl\u00e1tozva<\/td><td>A legjobb a k\u00f6z\u00f6ss\u00e9gi m\u00e9di\u00e1hoz<\/td><\/tr><tr><td>DeepFaceLab<\/td><td><a href=\"https:\/\/github.com\/iperov\/DeepFaceLab\" target=\"_blank\" rel=\"noopener\">github.com\/iperov\/DeepFaceLab<\/a><\/td><td>Fejlett, testreszabhat\u00f3<\/td><td>Meredek tanul\u00e1si g\u00f6rbe<\/td><td>Nagym\u00e9rt\u00e9kben testreszabhat\u00f3<\/td><td>M\u0171szaki ismereteket ig\u00e9nyel<\/td><td>A legjobb halad\u00f3 felhaszn\u00e1l\u00f3knak<\/td><\/tr><tr><td>ZAO<\/td><td>zaomakeup.com<\/td><td>Val\u00f3s idej\u0171 swapok<\/td><td>Adatv\u00e9delmi agg\u00e1lyok<\/td><td>Re\u00e1lis kimenetek<\/td><td>Adatv\u00e9delmi k\u00e9rd\u00e9sek<\/td><td>J\u00f3 val\u00f3s idej\u0171 haszn\u00e1latra<\/td><\/tr><tr><td>B612<\/td><td>b612.snow.me<\/td><td>Felhaszn\u00e1l\u00f3bar\u00e1t, sz\u00f3rakoztat\u00f3 sz\u0171r\u0151k<\/td><td>Korl\u00e1tozott funkci\u00f3k<\/td><td>K\u00f6nnyen haszn\u00e1lhat\u00f3<\/td><td>Alkalmaz\u00e1s let\u00f6lt\u00e9se sz\u00fcks\u00e9ges<\/td><td>Nagyszer\u0171 kezd\u0151knek<\/td><\/tr><tr><td>Face Swap Live<\/td><td>faceswaplive.com<\/td><td>Val\u00f3s idej\u0171 csere<\/td><td>Fizet\u0151s alkalmaz\u00e1s<\/td><td>Val\u00f3s idej\u0171 eredm\u00e9nyek<\/td><td>Korl\u00e1tozott ingyenes funkci\u00f3k<\/td><td>Ide\u00e1lis \u00e9l\u0151 haszn\u00e1latra<\/td><\/tr><tr><td>MSQRD<\/td><td>msqrd.me<\/td><td>K\u00fcl\u00f6nf\u00e9le maszkok<\/td><td>Megsz\u0171nt<\/td><td>Sz\u00f3rakoztat\u00f3 \u00e9s mag\u00e1val ragad\u00f3<\/td><td>M\u00e1r nem friss\u00fcl<\/td><td>J\u00f3 offline haszn\u00e1latra<\/td><\/tr><tr><td>Face Swap Booth<\/td><td>faceswapbooth.com<\/td><td>Testreszabhat\u00f3 cser\u00e9k<\/td><td>Hirdet\u00e9sek az ingyenes verzi\u00f3ban<\/td><td>Sokoldal\u00fa<\/td><td>A teljes hozz\u00e1f\u00e9r\u00e9shez v\u00e1s\u00e1rl\u00e1s sz\u00fcks\u00e9ges<\/td><td>A legjobb testreszab\u00e1shoz<\/td><\/tr><\/tbody><\/table><\/figure>\n\n\n\n<h3 class=\"wp-block-heading\" id=\"faq\">GYIK<\/h3>\n\n\n\n<h4 class=\"wp-block-heading\" id=\"1-what-is-face-swapping\">1. Mi az arccsere?<\/h4>\n\n\n\n<p class=\"\">Az arccsere egy olyan technol\u00f3gia, amely digit\u00e1lisan, mesters\u00e9ges intelligencia \u00e9s g\u00e9pi tanul\u00e1s seg\u00edts\u00e9g\u00e9vel egy arcot egy m\u00e1sikkal helyettes\u00edt f\u00e9nyk\u00e9peken vagy vide\u00f3kon.<\/p>\n\n\n\n<h4 class=\"wp-block-heading\" id=\"2-is-face-swapping-safe\">2. Biztons\u00e1gos az arccsere?<\/h4>\n\n\n\n<p class=\"\">Igen, az arccsere \u00e1ltal\u00e1ban biztons\u00e1gos, ha j\u00f3 h\u00edr\u0171 eszk\u00f6z\u00f6ket haszn\u00e1l \u00e9s v\u00e9di szem\u00e9lyes adatait.<\/p>\n\n\n\n<h4 class=\"wp-block-heading\" id=\"3-can-i-use-face-swap-for-free\">3. Haszn\u00e1lhatom ingyen az arccser\u00e9t?<\/h4>\n\n\n\n<p class=\"\">Igen, sok eszk\u00f6z k\u00edn\u00e1l ingyenes verzi\u00f3t, t\u00f6bbek k\u00f6z\u00f6tt <a href=\"https:\/\/aiartfree.online\/hu\/arccsere\/\">aiartfree.online\/face-swap<\/a>.<\/p>\n\n\n\n<h4 class=\"wp-block-heading\" id=\"4-do-i-need-to-sign-up-to-use-face-swap-tools\">4. Regisztr\u00e1lnom kell az arccsere-eszk\u00f6z\u00f6k haszn\u00e1lat\u00e1hoz?<\/h4>\n\n\n\n<p class=\"\">Nem, n\u00e9h\u00e1ny eszk\u00f6z, mint p\u00e9ld\u00e1ul <a href=\"https:\/\/aiartfree.online\/hu\/arccsere\/\">aiartfree.online\/face-swap<\/a> nem ig\u00e9nyel regisztr\u00e1ci\u00f3t.<\/p>\n\n\n\n<h4 class=\"wp-block-heading\" id=\"5-can-i-swap-faces-in-videos\">5. Lehet arcot cser\u00e9lni a vide\u00f3kban?<\/h4>\n\n\n\n<p class=\"\">Igen, n\u00e9h\u00e1ny fejlett eszk\u00f6z, p\u00e9ld\u00e1ul a Reface lehet\u0151v\u00e9 teszi az arcok cser\u00e9j\u00e9t vide\u00f3kban.<\/p>\n\n\n\n<h4 class=\"wp-block-heading\" id=\"6-what-are-the-best-free-face-swap-tools\">6. Melyek a legjobb ingyenes arccsere eszk\u00f6z\u00f6k?<\/h4>\n\n\n\n<p class=\"\">A legjobb ingyenes eszk\u00f6z\u00f6k a k\u00f6vetkez\u0151k <a href=\"https:\/\/aiartfree.online\/hu\/arccsere\/\">aiartfree.online\/face-swap<\/a> \u00e9s a Snapchat.<\/p>\n\n\n\n<h4 class=\"wp-block-heading\" id=\"7-how-accurate-are-face-swap-tools\">7. Mennyire pontosak az arccsere eszk\u00f6z\u00f6k?<\/h4>\n\n\n\n<p class=\"\">A pontoss\u00e1g v\u00e1ltoz\u00f3, de az olyan fejlett eszk\u00f6z\u00f6k, mint a DeepFaceLab, nagy pontoss\u00e1got biztos\u00edtanak.<\/p>\n\n\n\n<h4 class=\"wp-block-heading\" id=\"8-can-i-use-face-swap-for-commercial-purposes\">8. Haszn\u00e1lhatom-e az arccser\u00e9t kereskedelmi c\u00e9lokra?<\/h4>\n\n\n\n<p class=\"\">Igen, de gy\u0151z\u0151dj\u00f6n meg r\u00f3la, hogy rendelkezik a megfelel\u0151 enged\u00e9lyekkel az \u00d6n \u00e1ltal haszn\u00e1lt arcokhoz.<\/p>\n\n\n\n<h4 class=\"wp-block-heading\" id=\"9-are-there-any-privacy-concerns-with-face-swap\">9. Vannak adatv\u00e9delmi agg\u00e1lyok az arccsere kapcs\u00e1n?<\/h4>\n\n\n\n<p class=\"\">Egyes eszk\u00f6z\u00f6k adatv\u00e9delmi probl\u00e9m\u00e1kat vethetnek fel, ez\u00e9rt olyan eszk\u00f6z\u00f6ket v\u00e1lasszon, amelyek az adatbiztons\u00e1got helyezik el\u0151t\u00e9rbe.<\/p>\n\n\n\n<h4 class=\"wp-block-heading\" id=\"10-what-are-the-limitations-of-face-swap-technology\">10. Mik a face swap technol\u00f3gia korl\u00e1tai?<\/h4>\n\n\n\n<p class=\"\">A korl\u00e1tok k\u00f6z\u00e9 tartozik a lehets\u00e9ges k\u00e9sedelem, a tanul\u00e1si g\u00f6rbe \u00e9s a swapok v\u00e1ltoz\u00f3 min\u0151s\u00e9ge.<\/p>\n\n\n\n<h3 class=\"wp-block-heading\" id=\"conclusion\">K\u00f6vetkeztet\u00e9s<\/h3>\n\n\n\n<p class=\"\">Az arccsere egy sokoldal\u00fa \u00e9s sz\u00f3rakoztat\u00f3 technol\u00f3gia, amelynek sz\u00e1mos alkalmaz\u00e1si ter\u00fclete van. Legyen sz\u00f3 sz\u00f3rakoz\u00e1sr\u00f3l vagy gyakorlati felhaszn\u00e1l\u00e1sr\u00f3l, mindenki sz\u00e1m\u00e1ra van egy megfelel\u0151 eszk\u00f6z. Ne felejtse el kipr\u00f3b\u00e1lni az aj\u00e1nlott <a href=\"https:\/\/aiartfree.online\/hu\/arccsere\/\">aiartfree.online\/face-swap<\/a> egy fels\u0151kateg\u00f3ri\u00e1s, regisztr\u00e1ci\u00f3 n\u00e9lk\u00fcli, korl\u00e1tlan \u00e9lm\u00e9ny\u00e9rt.<\/p>","protected":false},"excerpt":{"rendered":"<p>How to use Face Swap *&nbsp;Depending on your internet speed, loading the model may take a few seconds.* There will be caching during continuous generation, and the new image will appear after about 3 seconds. Face Swap: The Ultimate Guide Introduction Face swapping technology has revolutionized how we interact with digital media, providing endless entertainment &#8230; <a title=\"Arc csere\" class=\"read-more\" href=\"https:\/\/aiartfree.online\/hu\/arccsere\/\" aria-label=\"Read more about Face Swap\">Olvass tov\u00e1bb<\/a><\/p>","protected":false},"author":1,"featured_media":3309,"parent":0,"menu_order":0,"comment_status":"open","ping_status":"closed","template":"","meta":{"nf_dc_page":"","footnotes":""},"class_list":["post-3307","page","type-page","status-publish","has-post-thumbnail"],"jetpack_sharing_enabled":true,"_links":{"self":[{"href":"https:\/\/aiartfree.online\/hu\/wp-json\/wp\/v2\/pages\/3307","targetHints":{"allow":["GET"]}}],"collection":[{"href":"https:\/\/aiartfree.online\/hu\/wp-json\/wp\/v2\/pages"}],"about":[{"href":"https:\/\/aiartfree.online\/hu\/wp-json\/wp\/v2\/types\/page"}],"author":[{"embeddable":true,"href":"https:\/\/aiartfree.online\/hu\/wp-json\/wp\/v2\/users\/1"}],"replies":[{"embeddable":true,"href":"https:\/\/aiartfree.online\/hu\/wp-json\/wp\/v2\/comments?post=3307"}],"version-history":[{"count":0,"href":"https:\/\/aiartfree.online\/hu\/wp-json\/wp\/v2\/pages\/3307\/revisions"}],"wp:featuredmedia":[{"embeddable":true,"href":"https:\/\/aiartfree.online\/hu\/wp-json\/wp\/v2\/media\/3309"}],"wp:attachment":[{"href":"https:\/\/aiartfree.online\/hu\/wp-json\/wp\/v2\/media?parent=3307"}],"curies":[{"name":"wp","href":"https:\/\/api.w.org\/{rel}","templated":true}]}}