{"id":3292,"date":"2024-07-29T12:48:46","date_gmt":"2024-07-29T12:48:46","guid":{"rendered":"https:\/\/aiartfree.online\/?page_id=3292"},"modified":"2024-08-02T10:03:15","modified_gmt":"2024-08-02T10:03:15","slug":"vocal-remover","status":"publish","type":"page","link":"https:\/\/aiartfree.online\/hu\/hangszal-eltavolito\/","title":{"rendered":"Vocal Remover"},"content":{"rendered":"<h2 class=\"wp-block-heading\" id=\"how-to-use-vocal-remover\">Hogyan kell haszn\u00e1lni a Vocal Remover-t<\/h2>\n\n\n\n<ol class=\"wp-block-list\">\n<li class=\"\">Folyamatm\u00f3dszer kiv\u00e1laszt\u00e1sa<\/li>\n\n\n\n<li class=\"\">VR modell kiv\u00e1laszt\u00e1sa<\/li>\n\n\n\n<li class=\"\">Ablakm\u00e9ret kiv\u00e1laszt\u00e1sa<\/li>\n\n\n\n<li class=\"\">T\u00f6ltse fel vagy tegye le a hangf\u00e1jlj\u00e1t<\/li>\n\n\n\n<li class=\"\">Kattintson a \"Feldolgoz\u00e1s ind\u00edt\u00e1sa\" gombra<\/li>\n\n\n\n<li class=\"\">V\u00e1rj, ez az!<\/li>\n<\/ol>\n\n\n\n<p class=\"\"><em>* Az internet sebess\u00e9g\u00e9t\u0151l f\u00fcgg\u0151en a modell bet\u00f6lt\u00e9se n\u00e9h\u00e1ny m\u00e1sodpercet vehet ig\u00e9nybe.<br>* A folyamatos gener\u00e1l\u00e1s sor\u00e1n gyors\u00edt\u00f3t\u00e1raz\u00e1sra ker\u00fcl sor, \u00e9s az \u00faj k\u00e9p k\u00f6r\u00fclbel\u00fcl 3 m\u00e1sodperc m\u00falva jelenik meg.<\/em><\/p>\n\n\n\n<div class=\"iframe-wrapper\" style=\"position: relative; width: 100%; height: 1300px;\">\n  <div class=\"loading\" style=\"position: absolute; top: 50px; left: 50%; transform: translate(-50%, -50%); width: 40px; height: 40px; border: 3px solid #f0f0f0; border-top: 3px solid #db7093; border-radius: 50%; animation: spin 1s linear infinite;\"><\/div>\n  <iframe loading=\"lazy\" src=\"https:\/\/r3gm-ultimate-vocal-remover-webui.hf.space\" frameborder=\"0\" width=\"100%\" height=\"100%\" style=\"position: absolute; top: 0; left: 0; opacity: 0; transition: opacity 0.3s;\" onload=\"this.style.opacity=1;this.previousElementSibling.style.display='none';\"><\/iframe>\n<\/div>\n\n<style>\n@keyframes spin {\n  0% { transform: translate(-50%, -50%) rotate(0deg); }\n  100% { transform: translate(-50%, -50%) rotate(360deg); }\n}\n<\/style>\n\n\n\n<div style=\"height:50px\" aria-hidden=\"true\" class=\"wp-block-spacer\"><\/div>\n\n\n\n<h2 class=\"wp-block-heading\" id=\"vocal-remover-the-ultimate-guide-to-removing-vocals-from-songs\">Vocal Remover: Vok\u00e1lok elt\u00e1vol\u00edt\u00e1sa a dalokb\u00f3l: A v\u00e9gs\u0151 \u00fatmutat\u00f3 a dalok elt\u00e1vol\u00edt\u00e1s\u00e1hoz<\/h2>\n\n\n\n<div class=\"wp-block-rank-math-toc-block\" id=\"rank-math-toc\"><h3>Tartalomjegyz\u00e9k<\/h3><nav><ul><li><a href=\"#introduction\">Bevezet\u00e9s<\/a><\/li><li><a href=\"#what-is-a-vocal-remover\">Mi az a Vocal Remover?<\/a><\/li><li><a href=\"#why-use-a-vocal-remover\">Mi\u00e9rt haszn\u00e1ljunk hangsz\u00e1lelt\u00e1vol\u00edt\u00f3t?<\/a><\/li><li><a href=\"#who-can-benefit-from-using-a-vocal-remover\">Kinek lehet el\u0151ny\u00f6s a hangsz\u00e1lelt\u00e1vol\u00edt\u00f3 haszn\u00e1lata?<\/a><\/li><li><a href=\"#top-10-vocal-remover-tools-pros-cons-advantages-challenges-and-recommendations\">Top 10 Vocal Remover Tools: El\u0151ny\u00f6k, h\u00e1tr\u00e1nyok, el\u0151ny\u00f6k, kih\u00edv\u00e1sok \u00e9s aj\u00e1nl\u00e1sok<\/a><\/li><li><a href=\"#faq-frequently-asked-questions-about-vocal-removers\">GYIK: Vocal Removers: Gyakran Ism\u00e9telt K\u00e9rd\u00e9sek a Vocal Removersr\u0151l<\/a><\/li><li><a href=\"#conclusion\">K\u00f6vetkeztet\u00e9s<\/a><\/li><\/ul><\/nav><\/div>\n\n\n\n<h3 class=\"wp-block-heading\" id=\"introduction\">Bevezet\u00e9s<\/h3>\n\n\n\n<p class=\"\">A vok\u00e1lok elt\u00e1vol\u00edt\u00e1sa a dalokb\u00f3l megv\u00e1ltoztathatja a zen\u00e9szek, producerek \u00e9s hobbist\u00e1k \u00e9let\u00e9t. Ak\u00e1r karaoke-s\u00e1vokat k\u00e9sz\u00edt, ak\u00e1r dalokat remixel, vagy oktat\u00e1si c\u00e9lokra vonja ki a vok\u00e1lokat, a vok\u00e1lelt\u00e1vol\u00edt\u00f3k egyszer\u0171v\u00e9 \u00e9s hat\u00e9konny\u00e1 tehetik a folyamatot. Ez a cikk felt\u00e1rja a vok\u00e1lelt\u00e1vol\u00edt\u00f3kkal kapcsolatos tudnival\u00f3kat, megvitatja a rendelkez\u00e9sre \u00e1ll\u00f3 legjobb eszk\u00f6z\u00f6ket, \u00e9s r\u00e9szletes GYIK-szekci\u00f3t biztos\u00edt a gyakori k\u00e9rd\u00e9sek megv\u00e1laszol\u00e1s\u00e1hoz.<\/p>\n\n\n\n<figure class=\"wp-block-image size-full is-resized\"><img data-recalc-dims=\"1\" data-dominant-color=\"58514d\" data-has-transparency=\"false\" decoding=\"async\" width=\"1024\" height=\"1024\"   loading=\"lazy\" src=\"https:\/\/i0.wp.com\/aiartfree.online\/wp-content\/uploads\/2024\/07\/image-31-2.webp?resize=1024%2C1024&#038;ssl=1\" alt=\"Fedezze fel a legjobb vok\u00e1lelt\u00e1vol\u00edt\u00f3 eszk\u00f6z\u00f6ket, amelyekkel elt\u00e1vol\u00edthatja a vok\u00e1lokat egy dalb\u00f3l. Fedezze fel az ingyenes, korl\u00e1tlan, regisztr\u00e1ci\u00f3 n\u00e9lk\u00fcli lehet\u0151s\u00e9geket \u00e9s az AI-alap\u00fa AI Vocal Remover-t.\" class=\"wp-image-3297 not-transparent\" style=\"--dominant-color: #58514d; width:536px;height:auto\" srcset=\"https:\/\/i0.wp.com\/aiartfree.online\/wp-content\/uploads\/2024\/07\/image-31-2.webp?w=1024&amp;ssl=1 1024w, https:\/\/i0.wp.com\/aiartfree.online\/wp-content\/uploads\/2024\/07\/image-31-2.webp?resize=300%2C300&amp;ssl=1 300w, https:\/\/i0.wp.com\/aiartfree.online\/wp-content\/uploads\/2024\/07\/image-31-2.webp?resize=150%2C150&amp;ssl=1 150w, https:\/\/i0.wp.com\/aiartfree.online\/wp-content\/uploads\/2024\/07\/image-31-2.webp?resize=768%2C768&amp;ssl=1 768w, https:\/\/i0.wp.com\/aiartfree.online\/wp-content\/uploads\/2024\/07\/image-31-2.webp?resize=12%2C12&amp;ssl=1 12w, https:\/\/i0.wp.com\/aiartfree.online\/wp-content\/uploads\/2024\/07\/image-31-2.webp?resize=600%2C600&amp;ssl=1 600w, https:\/\/i0.wp.com\/aiartfree.online\/wp-content\/uploads\/2024\/07\/image-31-2.webp?resize=100%2C100&amp;ssl=1 100w\" sizes=\"auto, (max-width: 1024px) 100vw, 1024px\" \/><\/figure>\n\n\n\n<h3 class=\"wp-block-heading\" id=\"what-is-a-vocal-remover\">Mi az a Vocal Remover?<\/h3>\n\n\n\n<p class=\"\">A vok\u00e1lelt\u00e1vol\u00edt\u00f3 olyan szoftver vagy eszk\u00f6z, amely hangfeldolgoz\u00f3 algoritmusokat haszn\u00e1l a vok\u00e1lok elk\u00fcl\u00f6n\u00edt\u00e9s\u00e9re \u00e9s elt\u00e1vol\u00edt\u00e1s\u00e1ra egy zenesz\u00e1mb\u00f3l. Ez a folyamat jellemz\u0151en f\u00e1ziskikapcsol\u00e1si \u00e9s frekvenciasz\u0171r\u00e9si technik\u00e1kat tartalmaz, hogy megk\u00fcl\u00f6nb\u00f6ztesse a dal vok\u00e1lis \u00e9s instrument\u00e1lis komponenseit.<\/p>\n\n\n\n<h3 class=\"wp-block-heading\" id=\"why-use-a-vocal-remover\">Mi\u00e9rt haszn\u00e1ljunk hangsz\u00e1lelt\u00e1vol\u00edt\u00f3t?<\/h3>\n\n\n\n<p class=\"\">A hangsz\u00e1lelt\u00e1vol\u00edt\u00f3 haszn\u00e1lata sz\u00e1mos el\u0151nnyel j\u00e1r:<\/p>\n\n\n\n<ul class=\"wp-block-list\">\n<li class=\"\"><strong>Kreat\u00edv szabads\u00e1g:<\/strong> Lehet\u0151v\u00e9 teszi a zen\u00e9szek \u00e9s producerek sz\u00e1m\u00e1ra, hogy dalok instrument\u00e1lis v\u00e1ltozatait vagy remixeit k\u00e9sz\u00edts\u00e9k el.<\/li>\n\n\n\n<li class=\"\"><strong>Karaoke sz\u00e1mok:<\/strong> Lehet\u0151v\u00e9 teszi a karaoke-s\u00e1vok l\u00e9trehoz\u00e1s\u00e1t az eredeti \u00e9nekhang elt\u00e1vol\u00edt\u00e1s\u00e1val.<\/li>\n\n\n\n<li class=\"\"><strong>Tanul\u00e1si eszk\u00f6z:<\/strong> Seg\u00edt a zenetanul\u00f3knak \u00e9s az \u00e9nekeseknek gyakorolni a hangszeres zenesz\u00e1mok mellett \u00e9nekelve.<\/li>\n\n\n\n<li class=\"\"><strong>Tartalomk\u00e9sz\u00edt\u00e9s:<\/strong> Hasznos olyan tartalomk\u00e9sz\u00edt\u0151k sz\u00e1m\u00e1ra, akiknek vok\u00e1l n\u00e9lk\u00fcli h\u00e1tt\u00e9rzen\u00e9re van sz\u00fcks\u00e9g\u00fck.<\/li>\n<\/ul>\n\n\n\n<h3 class=\"wp-block-heading\" id=\"who-can-benefit-from-using-a-vocal-remover\">Kinek lehet el\u0151ny\u00f6s a hangsz\u00e1lelt\u00e1vol\u00edt\u00f3 haszn\u00e1lata?<\/h3>\n\n\n\n<p class=\"\">A vok\u00e1lis elt\u00e1vol\u00edt\u00f3k k\u00fcl\u00f6nb\u00f6z\u0151 csoportok sz\u00e1m\u00e1ra el\u0151ny\u00f6sek, t\u00f6bbek k\u00f6z\u00f6tt:<\/p>\n\n\n\n<ul class=\"wp-block-list\">\n<li class=\"\"><strong>Zen\u00e9szek \u00e9s producerek:<\/strong> Remixek \u00e9s instrument\u00e1lis anyagok k\u00e9sz\u00edt\u00e9s\u00e9hez.<\/li>\n\n\n\n<li class=\"\"><strong>Karaoke rajong\u00f3k:<\/strong> Karaoke-s\u00e1vok l\u00e9trehoz\u00e1sa \u00e9nekl\u00e9shez.<\/li>\n\n\n\n<li class=\"\"><strong>Zenei hallgat\u00f3k \u00e9s tan\u00e1rok:<\/strong> Oktat\u00e1si c\u00e9lokra.<\/li>\n\n\n\n<li class=\"\"><strong>Tartalomk\u00e9sz\u00edt\u0151k:<\/strong> H\u00e1tt\u00e9rzene haszn\u00e1lata vide\u00f3kban vagy prezent\u00e1ci\u00f3kban.<\/li>\n\n\n\n<li class=\"\"><strong>DJ-k:<\/strong> Egyedi mixek \u00e9s mashupok l\u00e9trehoz\u00e1sa.<\/li>\n<\/ul>\n\n\n\n<h3 class=\"wp-block-heading\" id=\"top-10-vocal-remover-tools-pros-cons-advantages-challenges-and-recommendations\">Top 10 Vocal Remover Tools: El\u0151ny\u00f6k, h\u00e1tr\u00e1nyok, el\u0151ny\u00f6k, kih\u00edv\u00e1sok \u00e9s aj\u00e1nl\u00e1sok<\/h3>\n\n\n\n<figure class=\"wp-block-table\"><table class=\"has-fixed-layout\"><thead><tr><th>Eszk\u00f6z\/Weboldal<\/th><th>El\u0151ny\u00f6k<\/th><th>H\u00e1tr\u00e1nyok<\/th><th>El\u0151ny\u00f6k<\/th><th>Kih\u00edv\u00e1sok<\/th><th>Aj\u00e1nl\u00e1sok<\/th><\/tr><\/thead><tbody><tr><td><a href=\"https:\/\/aiartfree.online\/hu\/hangszal-eltavolito\/\">AI Art Free Vocal Remover<\/a><\/td><td>Ingyenes, Korl\u00e1tlan, Nincs regisztr\u00e1ci\u00f3, Magas hangmin\u0151s\u00e9g<\/td><td>Korl\u00e1tozott testreszab\u00e1si lehet\u0151s\u00e9gek<\/td><td>K\u00f6nnyen haszn\u00e1lhat\u00f3, AI-alap\u00fa<\/td><td>Lehet, hogy nem kezeli az \u00f6sszes hangform\u00e1tumot<\/td><td>Nagyszer\u0171 a gyors \u00e9s kiv\u00e1l\u00f3 min\u0151s\u00e9g\u0171 \u00e9nekelt\u00e1vol\u00edt\u00e1shoz<\/td><\/tr><tr><td>Noteburner AI Vocal Remover<\/td><td>Kiv\u00e1l\u00f3 min\u0151s\u00e9g\u0171 hangkivonat, felhaszn\u00e1l\u00f3bar\u00e1t kezel\u0151fel\u00fclet<\/td><td>V\u00e1s\u00e1rl\u00e1sra van sz\u00fcks\u00e9g a pr\u00f3baid\u0151szak ut\u00e1n<\/td><td>Fejlett AI algoritmusok, j\u00f3 \u00fcgyf\u00e9lszolg\u00e1lat<\/td><td>M\u00e1s eszk\u00f6z\u00f6kh\u00f6z k\u00e9pest magasabb k\u00f6lts\u00e9gek<\/td><td>Ide\u00e1lis a prec\u00edz hangelt\u00e1vol\u00edt\u00e1st keres\u0151 szakemberek sz\u00e1m\u00e1ra<\/td><\/tr><tr><td>PhonicMind<\/td><td>T\u00e1mogatja a k\u00fcl\u00f6nb\u00f6z\u0151 form\u00e1tumokat, k\u00f6tegelt feldolgoz\u00e1si k\u00e9pess\u00e9gek<\/td><td>Fizetett szolg\u00e1ltat\u00e1s<\/td><td>Pontos vok\u00e1lis \u00e9s hangszeres elv\u00e1laszt\u00e1s<\/td><td>Er\u0151s internetkapcsolat sz\u00fcks\u00e9ges<\/td><td>A legjobb a k\u00f6tegelt feldolgoz\u00e1shoz \u00e9s a nagy pontoss\u00e1ghoz<\/td><\/tr><tr><td>Lalal.ai<\/td><td>Egyszer\u0171 l\u00e9p\u00e9sek, nincs sz\u00fcks\u00e9g szoftver telep\u00edt\u00e9s\u00e9re<\/td><td>Korl\u00e1tozott szabad felhaszn\u00e1l\u00e1s<\/td><td>Gyors feldolgoz\u00e1s, T\u00e1mogatja mind az audio-, mind a videof\u00e1jlokat<\/td><td>R\u00f6vid p\u00e1ly\u00e1kra korl\u00e1toz\u00f3dik az ingyenes verzi\u00f3ban<\/td><td>Alkalmas olyan felhaszn\u00e1l\u00f3k sz\u00e1m\u00e1ra, akiknek gyors \u00e9s egyszer\u0171 \u00e9nekelt\u00e1vol\u00edt\u00e1sra van sz\u00fcks\u00e9g\u00fck.<\/td><\/tr><tr><td>Audacity<\/td><td>Ingyenes \u00e9s ny\u00edlt forr\u00e1sk\u00f3d\u00fa, sz\u00e9lesk\u00f6r\u0171 hangszerkeszt\u00e9si k\u00e9pess\u00e9gek<\/td><td>Meredekebb tanul\u00e1si g\u00f6rbe, manu\u00e1lis folyamat<\/td><td>Testreszabhat\u00f3, t\u00f6bb form\u00e1tum t\u00e1mogat\u00e1sa<\/td><td>N\u00e9mi m\u0171szaki ismeretet ig\u00e9nyel<\/td><td>Nagyszer\u0171 azoknak a felhaszn\u00e1l\u00f3knak, akiknek fejlett hangszerkeszt\u00e9si funkci\u00f3kra van sz\u00fcks\u00e9g\u00fck<\/td><\/tr><tr><td>Spleeter<\/td><td>Ny\u00edlt forr\u00e1sk\u00f3d\u00fa, Python-alap\u00fa, nagym\u00e9rt\u00e9kben testreszabhat\u00f3<\/td><td>M\u0171szaki szak\u00e9rtelmet ig\u00e9nyel, parancssori eszk\u00f6z<\/td><td>Er\u0151teljes AI algoritmusok, Ingyenes<\/td><td>A telep\u00edt\u00e9s \u00e9s a be\u00e1ll\u00edt\u00e1s \u00f6sszetett lehet<\/td><td>A legjobb a technik\u00e1ban j\u00e1rtas felhaszn\u00e1l\u00f3k \u00e9s fejleszt\u0151k sz\u00e1m\u00e1ra<\/td><\/tr><tr><td>VocalRemover.org<\/td><td>Ingyenes online eszk\u00f6z, felhaszn\u00e1l\u00f3bar\u00e1t fel\u00fclet<\/td><td>Online haszn\u00e1latra korl\u00e1toz\u00f3dik, a hirdet\u00e9sek tolakod\u00f3ak lehetnek<\/td><td>Gyors \u00e9s egyszer\u0171 haszn\u00e1lat, nincs sz\u00fcks\u00e9g szoftver let\u00f6lt\u00e9s\u00e9re<\/td><td>A hangmin\u0151s\u00e9g a zenesz\u00e1mt\u00f3l f\u00fcgg\u0151en v\u00e1ltozhat<\/td><td>T\u00f6k\u00e9letes alkalmi felhaszn\u00e1l\u00f3knak \u00e9s gyors feladatokhoz<\/td><\/tr><tr><td><a href=\"http:\/\/X-Minus.pro\" target=\"_blank\" data-type=\"link\" data-id=\"X-Minus.pro\" rel=\"noreferrer noopener\">X-Minus.pro<\/a><\/td><td>Kiv\u00e1l\u00f3 min\u0151s\u00e9g\u0171 kimenet, t\u00f6bb nyelv t\u00e1mogat\u00e1sa<\/td><td>El\u0151fizet\u00e9ses alap\u00fa<\/td><td>Nagy pontoss\u00e1g, t\u00e9teles feldolgoz\u00e1s<\/td><td>El\u0151fizet\u00e9s sz\u00fcks\u00e9ges a teljes funkcionalit\u00e1shoz<\/td><td>Ide\u00e1lis a gyakori felhaszn\u00e1l\u00f3k sz\u00e1m\u00e1ra, akiknek egyenletes min\u0151s\u00e9gre van sz\u00fcks\u00e9g\u00fck<\/td><\/tr><tr><td>Karaoke B\u00e1rmi<\/td><td>Ingyenes szoftver, egyszer\u0171 fel\u00fclet<\/td><td>Korl\u00e1tozott funkci\u00f3k, csak Windows<\/td><td>K\u00f6nnyen haszn\u00e1lhat\u00f3, hat\u00e9kony az alapvet\u0151 hangsz\u00e1lak elt\u00e1vol\u00edt\u00e1s\u00e1hoz<\/td><td>Csak Windows alatt el\u00e9rhet\u0151<\/td><td>J\u00f3 kezd\u0151knek<\/td><\/tr><tr><td>WavePad Audio Editor<\/td><td>\u00c1tfog\u00f3 hangszerkeszt\u0151 csomag, T\u00f6bb form\u00e1tum t\u00e1mogat\u00e1sa<\/td><td>Fizet\u0151s szoftver<\/td><td>Sokoldal\u00fa, sz\u00e1mos hanghat\u00e1st tartalmaz<\/td><td>Megterhel\u0151 lehet az \u00faj felhaszn\u00e1l\u00f3k sz\u00e1m\u00e1ra<\/td><td>Kiv\u00e1l\u00f3 a felhaszn\u00e1l\u00f3k sz\u00e1m\u00e1ra, akiknek teljes k\u00f6r\u0171 hangszerkeszt\u0151 csomagra van sz\u00fcks\u00e9g\u00fck<\/td><\/tr><\/tbody><\/table><\/figure>\n\n\n\n<h3 class=\"wp-block-heading\" id=\"faq-frequently-asked-questions-about-vocal-removers\">GYIK: Vocal Removers: Gyakran Ism\u00e9telt K\u00e9rd\u00e9sek a Vocal Removersr\u0151l<\/h3>\n\n\n\n<ol class=\"wp-block-list\">\n<li class=\"\"><strong>Hogyan lehet elt\u00e1vol\u00edtani az \u00e9nekhangot egy dalb\u00f3l?<\/strong>\n<ul class=\"wp-block-list\">\n<li class=\"\">Haszn\u00e1lhatsz vok\u00e1lelt\u00e1vol\u00edt\u00f3 eszk\u00f6z\u00f6ket, mint p\u00e9ld\u00e1ul az AI Art Free Vocal Remover vagy az Audacity, hogy elk\u00fcl\u00f6n\u00edtsd \u00e9s elt\u00e1vol\u00edtsd a vok\u00e1lokat a s\u00e1vb\u00f3l.<\/li>\n<\/ul>\n<\/li>\n\n\n\n<li class=\"\"><strong>Hogyan lehet elt\u00e1vol\u00edtani az \u00e9nekhangot egy dalb\u00f3l?<\/strong>\n<ul class=\"wp-block-list\">\n<li class=\"\">A legt\u00f6bb eszk\u00f6z f\u00e1ziskiolt\u00e1si \u00e9s frekvenciasz\u0171r\u00e9si technik\u00e1kat haszn\u00e1l a vok\u00e1lok elt\u00e1vol\u00edt\u00e1s\u00e1ra. Egyszer\u0171en t\u00f6ltse fel a zenesz\u00e1mot, \u00e9s k\u00f6vesse az eszk\u00f6z utas\u00edt\u00e1sait.<\/li>\n<\/ul>\n<\/li>\n\n\n\n<li class=\"\"><strong>Hogyan t\u00e1vol\u00edthatom el a vok\u00e1lokat egy dalb\u00f3l?<\/strong>\n<ul class=\"wp-block-list\">\n<li class=\"\">V\u00e1lasszon egy hangelt\u00e1vol\u00edt\u00f3 eszk\u00f6zt, t\u00f6ltse fel a hangf\u00e1jlj\u00e1t, \u00e9s hagyja, hogy az eszk\u00f6z feldolgozza a f\u00e1jlt a hangok elt\u00e1vol\u00edt\u00e1sa \u00e9rdek\u00e9ben.<\/li>\n<\/ul>\n<\/li>\n\n\n\n<li class=\"\"><strong>Hogyan lehet elt\u00e1vol\u00edtani az \u00e9nekhangot egy zenesz\u00e1mb\u00f3l?<\/strong>\n<ul class=\"wp-block-list\">\n<li class=\"\">Haszn\u00e1ljon olyan szoftvereket, mint a Noteburner AI Vocal Remover, vagy olyan online eszk\u00f6z\u00f6ket, mint a Lalal.ai, hogy feldolgozza \u00e9s elt\u00e1vol\u00edtsa a vok\u00e1lokat a zenesz\u00e1mb\u00f3l.<\/li>\n<\/ul>\n<\/li>\n\n\n\n<li class=\"\"><strong>Hogyan lehet elt\u00e1vol\u00edtani az \u00e9nekhangot a zen\u00e9b\u0151l?<\/strong>\n<ul class=\"wp-block-list\">\n<li class=\"\">Az olyan eszk\u00f6z\u00f6k, mint a PhonicMind \u00e9s a VocalRemover.org egyszer\u0171 m\u00f3dot k\u00edn\u00e1lnak a vok\u00e1lok online elt\u00e1vol\u00edt\u00e1s\u00e1ra a zenesz\u00e1mokb\u00f3l.<\/li>\n<\/ul>\n<\/li>\n\n\n\n<li class=\"\"><strong>Lehets\u00e9ges a vok\u00e1lokat teljesen elt\u00e1vol\u00edtani egy dalb\u00f3l?<\/strong>\n<ul class=\"wp-block-list\">\n<li class=\"\">B\u00e1r a vok\u00e1lok teljes elt\u00e1vol\u00edt\u00e1sa a hangmin\u0151s\u00e9g befoly\u00e1sol\u00e1sa n\u00e9lk\u00fcl kih\u00edv\u00e1st jelent, a fejlett eszk\u00f6z\u00f6kkel nagy pontoss\u00e1got lehet el\u00e9rni.<\/li>\n<\/ul>\n<\/li>\n\n\n\n<li class=\"\"><strong>Mi a legjobb hangsz\u00e1lelt\u00e1vol\u00edt\u00f3?<\/strong>\n<ul class=\"wp-block-list\">\n<li class=\"\">A legjobb hangsz\u00e1lelt\u00e1vol\u00edt\u00f3 az \u00d6n ig\u00e9nyeit\u0151l f\u00fcgg. Az AI Art Free Vocal Remover nagyszer\u0171 gyors haszn\u00e1latra, m\u00edg a Noteburner AI Vocal Remover kiv\u00e1l\u00f3 a profik sz\u00e1m\u00e1ra.<\/li>\n<\/ul>\n<\/li>\n\n\n\n<li class=\"\"><strong>A vok\u00e1lelt\u00e1vol\u00edt\u00f3k pontosan el tudj\u00e1k v\u00e1lasztani a vok\u00e1lokat a h\u00e1tt\u00e9rzen\u00e9t\u0151l?<\/strong>\n<ul class=\"wp-block-list\">\n<li class=\"\">Igen, sok hangelt\u00e1vol\u00edt\u00f3, k\u00fcl\u00f6n\u00f6sen azok, amelyek mesters\u00e9ges intelligencia algoritmusokat haszn\u00e1lnak, pontosan el tudj\u00e1k k\u00fcl\u00f6n\u00edteni a vok\u00e1lt a h\u00e1tt\u00e9rzen\u00e9t\u0151l.<\/li>\n<\/ul>\n<\/li>\n\n\n\n<li class=\"\"><strong>Vannak ingyenes \u00e9nekelt\u00e1vol\u00edt\u00f3 eszk\u00f6z\u00f6k?<\/strong>\n<ul class=\"wp-block-list\">\n<li class=\"\">Igen, az olyan eszk\u00f6z\u00f6k, mint a VocalRemover.org \u00e9s az Audacity ingyenes lehet\u0151s\u00e9geket k\u00edn\u00e1lnak a dalok \u00e9nek\u00e9nek elt\u00e1vol\u00edt\u00e1s\u00e1ra.<\/li>\n<\/ul>\n<\/li>\n\n\n\n<li class=\"\"><strong>A hangelt\u00e1vol\u00edt\u00f3k minden hangf\u00e1jln\u00e1l m\u0171k\u00f6dnek?<\/strong>\n<ul class=\"wp-block-list\">\n<li class=\"\">A legt\u00f6bb \u00e9nekelt hang elt\u00e1vol\u00edt\u00f3 t\u00e1mogatja az \u00e1ltal\u00e1nos hangform\u00e1tumokat, de a hat\u00e9konys\u00e1g a s\u00e1v min\u0151s\u00e9g\u00e9t\u0151l \u00e9s \u00f6sszetetts\u00e9g\u00e9t\u0151l f\u00fcgg\u0151en v\u00e1ltozhat.<\/li>\n<\/ul>\n<\/li>\n<\/ol>\n\n\n\n<h3 class=\"wp-block-heading\" id=\"conclusion\">K\u00f6vetkeztet\u00e9s<\/h3>\n\n\n\n<p class=\"\">A hangelt\u00e1vol\u00edt\u00f3k felbecs\u00fclhetetlen \u00e9rt\u00e9k\u0171 eszk\u00f6z\u00f6k a zen\u00e9szek, producerek \u00e9s tartalomk\u00e9sz\u00edt\u0151k sz\u00e1m\u00e1ra. A megfelel\u0151 eszk\u00f6zzel k\u00f6nnyed\u00e9n k\u00e9sz\u00edthet instrument\u00e1lis verzi\u00f3kat, remixeket \u00e9s karaoke-s\u00e1vokat. Ez az \u00fatmutat\u00f3 \u00e1ttekint\u00e9st ny\u00fajtott a legjobb el\u00e9rhet\u0151 vok\u00e1lelt\u00e1vol\u00edt\u00f3 eszk\u00f6z\u00f6kr\u0151l, valamint azok el\u0151nyeir\u0151l, h\u00e1tr\u00e1nyair\u00f3l \u00e9s aj\u00e1nl\u00e1sair\u00f3l, hogy seg\u00edtsen a megalapozott v\u00e1laszt\u00e1s meghozatal\u00e1ban.<\/p>","protected":false},"excerpt":{"rendered":"<p>How to use Vocal Remover *&nbsp;Depending on your internet speed, loading the model may take a few seconds.* There will be caching during continuous generation, and the new image will appear after about 3 seconds. Vocal Remover: The Ultimate Guide to Removing Vocals from Songs Introduction Removing vocals from songs can be a game-changer for &#8230; <a title=\"Vocal Remover\" class=\"read-more\" href=\"https:\/\/aiartfree.online\/hu\/hangszal-eltavolito\/\" aria-label=\"Read more about Vocal Remover\">Olvass tov\u00e1bb<\/a><\/p>","protected":false},"author":1,"featured_media":3297,"parent":0,"menu_order":0,"comment_status":"closed","ping_status":"closed","template":"","meta":{"nf_dc_page":"","footnotes":""},"class_list":["post-3292","page","type-page","status-publish","has-post-thumbnail"],"jetpack_sharing_enabled":true,"_links":{"self":[{"href":"https:\/\/aiartfree.online\/hu\/wp-json\/wp\/v2\/pages\/3292","targetHints":{"allow":["GET"]}}],"collection":[{"href":"https:\/\/aiartfree.online\/hu\/wp-json\/wp\/v2\/pages"}],"about":[{"href":"https:\/\/aiartfree.online\/hu\/wp-json\/wp\/v2\/types\/page"}],"author":[{"embeddable":true,"href":"https:\/\/aiartfree.online\/hu\/wp-json\/wp\/v2\/users\/1"}],"replies":[{"embeddable":true,"href":"https:\/\/aiartfree.online\/hu\/wp-json\/wp\/v2\/comments?post=3292"}],"version-history":[{"count":0,"href":"https:\/\/aiartfree.online\/hu\/wp-json\/wp\/v2\/pages\/3292\/revisions"}],"wp:featuredmedia":[{"embeddable":true,"href":"https:\/\/aiartfree.online\/hu\/wp-json\/wp\/v2\/media\/3297"}],"wp:attachment":[{"href":"https:\/\/aiartfree.online\/hu\/wp-json\/wp\/v2\/media?parent=3292"}],"curies":[{"name":"wp","href":"https:\/\/api.w.org\/{rel}","templated":true}]}}