{"id":3281,"date":"2024-07-28T12:00:16","date_gmt":"2024-07-28T12:00:16","guid":{"rendered":"https:\/\/aiartfree.online\/?page_id=3281"},"modified":"2024-08-02T11:09:05","modified_gmt":"2024-08-02T11:09:05","slug":"watermark-remover","status":"publish","type":"page","link":"https:\/\/aiartfree.online\/hu\/vizjel-eltavolito\/","title":{"rendered":"V\u00edzjel elt\u00e1vol\u00edt\u00f3"},"content":{"rendered":"<h2 class=\"wp-block-heading has-text-align-center\" id=\"before-vs-after\">El\u0151tte vs. Ut\u00e1na<\/h2>\n\n\n\n<figure class=\"gb-block-image gb-block-image-1822da1f\"><img data-recalc-dims=\"1\" decoding=\"async\" loading=\"lazy\" width=\"1024\" height=\"518\" class=\"gb-image gb-image-1822da1f\" src=\"https:\/\/i0.wp.com\/aiartfree.online\/wp-content\/uploads\/2024\/07\/WX20240729-171649%402x-1024x518.webp?resize=1024%2C518&#038;ssl=1\" alt=\"A v\u00edzjelelt\u00e1vol\u00edt\u00f3 a mesters\u00e9ges intelligencia seg\u00edts\u00e9g\u00e9vel t\u00f6rli a f\u00e9nyk\u00e9pekre vagy vide\u00f3kra helyezett log\u00f3kat, sz\u00f6veget vagy grafik\u00e1kat, \u00e9s a tulajdonosi jelek elt\u00e1vol\u00edt\u00e1s\u00e1val vissza\u00e1ll\u00edtja az eredeti adathordoz\u00f3t.\" title=\"WX20240729-171649@2x\" srcset=\"https:\/\/i0.wp.com\/aiartfree.online\/wp-content\/uploads\/2024\/07\/WX20240729-171649%402x-scaled.webp?resize=1024%2C518&amp;ssl=1 1024w, https:\/\/i0.wp.com\/aiartfree.online\/wp-content\/uploads\/2024\/07\/WX20240729-171649%402x-scaled.webp?resize=300%2C152&amp;ssl=1 300w, https:\/\/i0.wp.com\/aiartfree.online\/wp-content\/uploads\/2024\/07\/WX20240729-171649%402x-scaled.webp?resize=768%2C388&amp;ssl=1 768w, https:\/\/i0.wp.com\/aiartfree.online\/wp-content\/uploads\/2024\/07\/WX20240729-171649%402x-scaled.webp?resize=1536%2C777&amp;ssl=1 1536w, https:\/\/i0.wp.com\/aiartfree.online\/wp-content\/uploads\/2024\/07\/WX20240729-171649%402x-scaled.webp?resize=2048%2C1036&amp;ssl=1 2048w, https:\/\/i0.wp.com\/aiartfree.online\/wp-content\/uploads\/2024\/07\/WX20240729-171649%402x-scaled.webp?resize=18%2C9&amp;ssl=1 18w, https:\/\/i0.wp.com\/aiartfree.online\/wp-content\/uploads\/2024\/07\/WX20240729-171649%402x-scaled.webp?resize=600%2C303&amp;ssl=1 600w, https:\/\/i0.wp.com\/aiartfree.online\/wp-content\/uploads\/2024\/07\/WX20240729-171649%402x-scaled.webp?w=2400&amp;ssl=1 2400w\" sizes=\"auto, (max-width: 1024px) 100vw, 1024px\" \/><\/figure>\n\n\n\n<h2 class=\"wp-block-heading\" id=\"how-to-use-watermark-remover\">Hogyan kell haszn\u00e1lni a Watermark Remover-t<\/h2>\n\n\n\n<ol class=\"wp-block-list\">\n<li class=\"\">Dobja el vagy t\u00f6ltse fel a k\u00e9pet<\/li>\n\n\n\n<li class=\"\"><strong>Rajzolja (ecsettel) a k\u00e9p azon r\u00e9sz\u00e9t, amelyet el szeretne t\u00e1vol\u00edtani.<\/strong><\/li>\n\n\n\n<li class=\"\">Kattintson a \"Bek\u00fcld\u00e9s\" gombra<\/li>\n\n\n\n<li class=\"\">V\u00e1rj, ez az!<\/li>\n<\/ol>\n\n\n\n<p class=\"\"><em>* Az internet sebess\u00e9g\u00e9t\u0151l f\u00fcgg\u0151en a modell bet\u00f6lt\u00e9se n\u00e9h\u00e1ny m\u00e1sodpercet vehet ig\u00e9nybe.<br>* A folyamatos gener\u00e1l\u00e1s sor\u00e1n gyors\u00edt\u00f3t\u00e1raz\u00e1sra ker\u00fcl sor, \u00e9s az \u00faj k\u00e9p k\u00f6r\u00fclbel\u00fcl 3 m\u00e1sodperc m\u00falva jelenik meg.<\/em><\/p>\n\n\n\n<div style=\"text-align: center; border: 2px solid; border-image-source: linear-gradient(to right, #16b86c, #912899); border-image-slice: 1; box-shadow: 0 0 10px rgba(0, 0, 0, 0.1); border-radius: 15px; position: relative;\">\n  <div id=\"loading\" style=\"position: absolute; top: 100px; left: 50%; transform: translate(-50%, -50%); z-index: 1000;\">\n    <div style=\"width: 50px; height: 50px; border: 5px solid #f3f3f3; border-top: 5px solid #16b86c; border-radius: 50%; animation: spin 1s linear infinite;\"><\/div>\n  <\/div>\n  <iframe loading=\"lazy\"\n    src=\"https:\/\/rooc-remove-photo-object.hf.space\"\n    frameborder=\"0\"\n    width=\"100%\"\n    height=\"2500\"\n    style=\"display: inline-block; margin: 0 auto;\"\n    onload=\"document.getElementById('loading').style.display='none';\"\n  ><\/iframe>\n<\/div>\n\n<style>\n  @keyframes spin {\n    0% { transform: rotate(0deg); }\n    100% { transform: rotate(360deg); }\n  }\n<\/style>\n\n\n\n<div style=\"height:50px\" aria-hidden=\"true\" class=\"wp-block-spacer\"><\/div>\n\n\n\n<h2 class=\"wp-block-heading\" id=\"introduction-of-watermark-remover\">A v\u00edzjel elt\u00e1vol\u00edt\u00f3 bevezet\u00e9se<\/h2>\n\n\n\n<div class=\"wp-block-rank-math-toc-block\" id=\"rank-math-toc\"><h3>Tartalomjegyz\u00e9k<\/h3><nav><ul><li><a href=\"#what-is-a-watermark-remover\">Mi az a v\u00edzjel elt\u00e1vol\u00edt\u00f3?<\/a><\/li><li><a href=\"#why-use-a-watermark-remover\">Mi\u00e9rt \u00e9rdemes v\u00edzjelelt\u00e1vol\u00edt\u00f3t haszn\u00e1lni?<\/a><\/li><li><a href=\"#who-can-benefit-from-using-a-watermark-remover\">Kinek lehet el\u0151ny\u00f6s a v\u00edzjelelt\u00e1vol\u00edt\u00f3 haszn\u00e1lata?<\/a><\/li><li><a href=\"#top-10-watermark-remover-tools-features-pros-cons-advantages-challenges-and-suggestions\">Top 10 v\u00edzjel elt\u00e1vol\u00edt\u00f3 eszk\u00f6z\u00f6k: El\u0151ny\u00f6k, kih\u00edv\u00e1sok \u00e9s javaslatok<\/a><\/li><li><a href=\"#frequently-asked-questions-faq\">Gyakran ism\u00e9telt k\u00e9rd\u00e9sek (GYIK)<\/a><\/li><\/ul><\/nav><\/div>\n\n\n\n<h3 class=\"wp-block-heading\" id=\"what-is-a-watermark-remover\">Mi az a v\u00edzjel elt\u00e1vol\u00edt\u00f3?<\/h3>\n\n\n\n<p class=\"\">A v\u00edzjelelt\u00e1vol\u00edt\u00f3 olyan eszk\u00f6z vagy szoftver, amelyet a v\u00edzjelek elt\u00e1vol\u00edt\u00e1s\u00e1ra terveztek a f\u00e9nyk\u00e9pekr\u0151l vagy vide\u00f3kr\u00f3l. A v\u00edzjelek \u00e1ltal\u00e1ban log\u00f3k, sz\u00f6vegek vagy m\u00e1s grafik\u00e1k, amelyeket a k\u00e9pek vagy vide\u00f3k f\u00f6l\u00e9 helyeznek, hogy jelezz\u00e9k a tulajdonjogot vagy a szerz\u0151i jogokat. A v\u00edzjelelt\u00e1vol\u00edt\u00f3 fejlett, gyakran mesters\u00e9ges intelligenci\u00e1val m\u0171k\u00f6d\u0151 algoritmusokat haszn\u00e1l, hogy azonos\u00edtsa \u00e9s t\u00f6r\u00f6lje ezeket a v\u00edzjeleket, \u00e9rintetlen\u00fcl hagyva az eredeti k\u00e9pet vagy vide\u00f3t.<\/p>\n\n\n\n<h3 class=\"wp-block-heading\" id=\"why-use-a-watermark-remover\">Mi\u00e9rt \u00e9rdemes v\u00edzjelelt\u00e1vol\u00edt\u00f3t haszn\u00e1lni?<\/h3>\n\n\n\n<p class=\"\">A v\u00edzjelelt\u00e1vol\u00edt\u00f3 haszn\u00e1lata t\u00f6bb okb\u00f3l is kulcsfontoss\u00e1g\u00fa lehet:<\/p>\n\n\n\n<ul class=\"wp-block-list\">\n<li class=\"\"><strong>Helyre\u00e1ll\u00edt\u00e1s<\/strong>: Seg\u00edt az eredeti adathordoz\u00f3 akad\u00e1lyok n\u00e9lk\u00fcli helyre\u00e1ll\u00edt\u00e1s\u00e1ban.<\/li>\n\n\n\n<li class=\"\"><strong>Professzion\u00e1lis haszn\u00e1lat<\/strong>: Elengedhetetlen a fot\u00f3sok, vide\u00f3sok \u00e9s tervez\u0151k sz\u00e1m\u00e1ra, akiknek tiszta k\u00e9pekre \u00e9s vide\u00f3kra van sz\u00fcks\u00e9g\u00fck munk\u00e1jukhoz.<\/li>\n\n\n\n<li class=\"\"><strong>Tartalom szerkeszt\u00e9s<\/strong>: Lehet\u0151v\u00e9 teszi a felhaszn\u00e1l\u00f3k sz\u00e1m\u00e1ra a m\u00e9dia szerkeszt\u00e9s\u00e9t \u00e9s \u00fajrafelhaszn\u00e1l\u00e1s\u00e1t a v\u00edzjelek zavar\u00f3 hat\u00e1sa n\u00e9lk\u00fcl.<\/li>\n\n\n\n<li class=\"\"><strong>Leg\u00e1lis haszn\u00e1lat<\/strong>: Fontos, hogy elt\u00e1vol\u00edtsa a v\u00edzjeleket azokr\u00f3l a m\u00e9di\u00e1kr\u00f3l, amelyekhez jogai vannak, de kor\u00e1bbi felhaszn\u00e1l\u00e1s vagy terjeszt\u00e9s miatt v\u00edzjelet kaptak.<\/li>\n<\/ul>\n\n\n\n<h3 class=\"wp-block-heading\" id=\"who-can-benefit-from-using-a-watermark-remover\">Kinek lehet el\u0151ny\u00f6s a v\u00edzjelelt\u00e1vol\u00edt\u00f3 haszn\u00e1lata?<\/h3>\n\n\n\n<p class=\"\">A v\u00edzjelelt\u00e1vol\u00edt\u00f3 haszn\u00e1lata sz\u00e1mos egy\u00e9n \u00e9s ipar\u00e1g sz\u00e1m\u00e1ra el\u0151ny\u00f6s lehet, t\u00f6bbek k\u00f6z\u00f6tt:<\/p>\n\n\n\n<ul class=\"wp-block-list\">\n<li class=\"\"><strong>Fot\u00f3sok<\/strong>: A k\u00e9pek tiszt\u00edt\u00e1sa a portf\u00f3li\u00f3 bemutat\u00e1s\u00e1hoz.<\/li>\n\n\n\n<li class=\"\"><strong>Tartalomk\u00e9sz\u00edt\u0151k<\/strong>: V\u00edzjelmentes tartalmak k\u00e9sz\u00edt\u00e9s\u00e9hez a k\u00f6z\u00f6ss\u00e9gi m\u00e9di\u00e1ban \u00e9s weboldalakon.<\/li>\n\n\n\n<li class=\"\"><strong>Marketing szakemberek<\/strong>: Biztos\u00edtani, hogy a prom\u00f3ci\u00f3s anyagok tiszt\u00e1k \u00e9s professzion\u00e1lis megjelen\u00e9s\u0171ek legyenek.<\/li>\n\n\n\n<li class=\"\"><strong>Pedag\u00f3gusok<\/strong>: K\u00e9pek \u00e9s vide\u00f3k zavartalan haszn\u00e1lat\u00e1hoz prezent\u00e1ci\u00f3kban \u00e9s oktat\u00e1si anyagokban.<\/li>\n\n\n\n<li class=\"\"><strong>V\u00e1llalkoz\u00e1sok<\/strong>: A professzion\u00e1lis arculat fenntart\u00e1sa a marketing \u00e9s m\u00e1rka\u00e9p\u00edt\u00e9si anyagokban.<\/li>\n<\/ul>\n\n\n\n<h3 class=\"wp-block-heading\" id=\"top-10-watermark-remover-tools-features-pros-cons-advantages-challenges-and-suggestions\">Top 10 v\u00edzjel elt\u00e1vol\u00edt\u00f3 eszk\u00f6z\u00f6k: El\u0151ny\u00f6k, kih\u00edv\u00e1sok \u00e9s javaslatok<\/h3>\n\n\n\n<figure class=\"wp-block-table\"><table class=\"has-fixed-layout\"><thead><tr><th>Eszk\u00f6z neve<\/th><th>URL<\/th><th>Jellemz\u0151k<\/th><th>El\u0151ny\u00f6k<\/th><th>H\u00e1tr\u00e1nyok<\/th><th>El\u0151ny\u00f6k<\/th><th>Kih\u00edv\u00e1sok<\/th><th>Javaslatok<\/th><\/tr><\/thead><tbody><tr><td>AI Art ingyenes v\u00edzjel elt\u00e1vol\u00edt\u00f3<\/td><td><a href=\"https:\/\/aiartfree.online\/hu\/vizjel-eltavolito\/\">AI Art Free<\/a><\/td><td>Ingyenes, korl\u00e1tlan, nincs regisztr\u00e1ci\u00f3, AI-alap\u00fa, felhaszn\u00e1l\u00f3bar\u00e1t<\/td><td>K\u00f6nnyen haszn\u00e1lhat\u00f3, Ingyenes, Nincs sz\u00fcks\u00e9g regisztr\u00e1ci\u00f3ra, Kiv\u00e1l\u00f3 min\u0151s\u00e9g\u0171 kimenet<\/td><td>Korl\u00e1tozott fejlett funkci\u00f3k<\/td><td>Kiv\u00e1l\u00f3an alkalmas a gyors \u00e9s egyszer\u0171 elt\u00e1vol\u00edt\u00e1sra<\/td><td>Nem m\u0171k\u00f6dik j\u00f3l \u00f6sszetett h\u00e1ttereken<\/td><td>Ide\u00e1lis alkalmi felhaszn\u00e1l\u00f3k sz\u00e1m\u00e1ra, akiknek gyors v\u00edzjelelt\u00e1vol\u00edt\u00e1sra van sz\u00fcks\u00e9g\u00fck<\/td><\/tr><tr><td>Remove.bg<\/td><td>Remove.bg<\/td><td>AI-alap\u00fa, t\u00e1mogatja a f\u00e9nyk\u00e9peket<\/td><td>Nagy pontoss\u00e1g, felhaszn\u00e1l\u00f3bar\u00e1t<\/td><td>Fot\u00f3kra korl\u00e1tozva, Nem ingyenes<\/td><td>Nagyszer\u0171 fot\u00f3soknak<\/td><td>El\u0151fizet\u00e9s sz\u00fcks\u00e9ges a pr\u00e9mium funkci\u00f3khoz<\/td><td>T\u00f6k\u00e9letes a fot\u00f3kra \u00f6sszpontos\u00edt\u00f3 felhaszn\u00e1l\u00f3k sz\u00e1m\u00e1ra<\/td><\/tr><tr><td>Inpaint<\/td><td>Inpaint<\/td><td>K\u00e9zi kiv\u00e1laszt\u00e1s, K\u00fcl\u00f6nb\u00f6z\u0151 form\u00e1tumok t\u00e1mogat\u00e1sa<\/td><td>Magas szint\u0171 vez\u00e9rl\u00e9s, sokoldal\u00fas\u00e1g<\/td><td>A manu\u00e1lis folyamat id\u0151ig\u00e9nyes lehet<\/td><td>Ide\u00e1lis a r\u00e9szletes munk\u00e1hoz<\/td><td>Meredek tanul\u00e1si g\u00f6rbe<\/td><td>Halad\u00f3 felhaszn\u00e1l\u00f3knak aj\u00e1nlott<\/td><\/tr><tr><td>Apowersoft v\u00edzjel elt\u00e1vol\u00edt\u00f3<\/td><td>Apowersoft<\/td><td>K\u00f6tegelt feldolgoz\u00e1s, T\u00e1mogatja a f\u00e9nyk\u00e9peket \u00e9s vide\u00f3kat<\/td><td>Hat\u00e9kony, sokoldal\u00fa<\/td><td>El\u0151fizet\u00e9s sz\u00fcks\u00e9ges a teljes funkcionalit\u00e1shoz<\/td><td>J\u00f3 a t\u00f6meges feladatokhoz<\/td><td>K\u00f6lts\u00e9ges lehet<\/td><td>A legjobb a gyakori felhaszn\u00e1l\u00f3k sz\u00e1m\u00e1ra, akiknek t\u00f6meges ig\u00e9nyeik vannak<\/td><\/tr><tr><td>HitPaw v\u00edzjel elt\u00e1vol\u00edt\u00f3<\/td><td>HitPaw<\/td><td>T\u00e1mogatja a f\u00e9nyk\u00e9peket \u00e9s vide\u00f3kat, mesters\u00e9ges intelligenci\u00e1val t\u00e1mogatott<\/td><td>Kiv\u00e1l\u00f3 min\u0151s\u00e9g\u0171, sokoldal\u00fa<\/td><td>El\u0151fizet\u00e9s sz\u00fcks\u00e9ges a teljes funkcionalit\u00e1shoz<\/td><td>Alkalmas f\u00e9nyk\u00e9pekhez \u00e9s vide\u00f3khoz egyar\u00e1nt<\/td><td>Dr\u00e1ga lehet<\/td><td>Nagyszer\u0171 a szakemberek sz\u00e1m\u00e1ra<\/td><\/tr><tr><td>SoftOrbits Fot\u00f3 b\u00e9lyegz\u0151 elt\u00e1vol\u00edt\u00f3<\/td><td>SoftOrbits<\/td><td>AI-alap\u00fa, T\u00e1mogatja a k\u00f6tegelt feldolgoz\u00e1st<\/td><td>Hat\u00e9kony, pontos<\/td><td>El\u0151fizet\u00e9s sz\u00fcks\u00e9ges a pr\u00e9mium funkci\u00f3khoz<\/td><td>Ide\u00e1lis t\u00f6meges feladatokhoz<\/td><td>K\u00f6lts\u00e9ges az alkalmi felhaszn\u00e1l\u00f3k sz\u00e1m\u00e1ra<\/td><td>Gyakori felhaszn\u00e1l\u00f3knak aj\u00e1nlott<\/td><\/tr><tr><td>Wondershare Fotophire<\/td><td>Fotophire<\/td><td>T\u00e1mogatja a k\u00fcl\u00f6nb\u00f6z\u0151 form\u00e1tumokat, k\u00f6nnyen haszn\u00e1lhat\u00f3<\/td><td>Sokoldal\u00fa, felhaszn\u00e1l\u00f3bar\u00e1t<\/td><td>El\u0151fizet\u00e9s sz\u00fcks\u00e9ges a teljes funkcionalit\u00e1shoz<\/td><td>Nagyszer\u0171 kezd\u0151knek<\/td><td>Dr\u00e1ga<\/td><td>Ide\u00e1lis \u00faj felhaszn\u00e1l\u00f3k sz\u00e1m\u00e1ra<\/td><\/tr><tr><td>GIMP<\/td><td>GIMP<\/td><td>Ingyenes, ny\u00edlt forr\u00e1sk\u00f3d\u00fa, k\u00e9zi szerkeszt\u00e9s<\/td><td>Nagym\u00e9rt\u00e9kben testreszabhat\u00f3, Ingyenes<\/td><td>Meredek tanul\u00e1si g\u00f6rbe<\/td><td>Ide\u00e1lis r\u00e9szletes szerkeszt\u00e9shez<\/td><td>Komplex interf\u00e9sz<\/td><td>A legjobb halad\u00f3 felhaszn\u00e1l\u00f3knak<\/td><\/tr><tr><td>PhotoWorks<\/td><td>PhotoWorks<\/td><td>AI-alap\u00fa, T\u00e1mogatja a k\u00fcl\u00f6nb\u00f6z\u0151 form\u00e1tumokat<\/td><td>Pontos, k\u00f6nnyen haszn\u00e1lhat\u00f3<\/td><td>El\u0151fizet\u00e9s sz\u00fcks\u00e9ges a teljes funkcionalit\u00e1shoz<\/td><td>Alkalmi \u00e9s professzion\u00e1lis haszn\u00e1latra egyar\u00e1nt alkalmas<\/td><td>K\u00f6lts\u00e9ges lehet<\/td><td>T\u00f6k\u00e9letes minden felhaszn\u00e1l\u00f3i szint sz\u00e1m\u00e1ra<\/td><\/tr><tr><td>Pixlr<\/td><td><a href=\"https:\/\/bingimagecreator.online\/\" target=\"_blank\" data-type=\"link\" data-id=\"https:\/\/bingimagecreator.online\/\" rel=\"noreferrer noopener\">Pixlr<\/a><\/td><td>Ingyenes, Online eszk\u00f6z, K\u00e9zi szerkeszt\u00e9s<\/td><td>Hozz\u00e1f\u00e9rhet\u0151, Ingyenes<\/td><td>Korl\u00e1tozott fejlett funkci\u00f3k<\/td><td>J\u00f3 a gyors szerkeszt\u00e9shez<\/td><td>Korl\u00e1tozott funkci\u00f3k<\/td><td>A legjobb gyors \u00e9s egyszer\u0171 feladatokhoz<\/td><\/tr><\/tbody><\/table><\/figure>\n\n\n\n<h3 class=\"wp-block-heading\" id=\"frequently-asked-questions-faq\">Gyakran ism\u00e9telt k\u00e9rd\u00e9sek (GYIK)<\/h3>\n\n\n\n<ol class=\"wp-block-list\">\n<li class=\"\"><strong>Hogyan lehet elt\u00e1vol\u00edtani a v\u00edzjelet a fot\u00f3r\u00f3l?<\/strong>\n<ul class=\"wp-block-list\">\n<li class=\"\">A v\u00edzjel elt\u00e1vol\u00edt\u00e1s\u00e1hoz olyan online eszk\u00f6z\u00f6ket haszn\u00e1lhat, mint az AI Art Free Watermark Remover. Egyszer\u0171en t\u00f6ltse fel a f\u00e9nyk\u00e9pet, v\u00e1lassza ki a v\u00edzjel ter\u00fclet\u00e9t, \u00e9s az eszk\u00f6z automatikusan elt\u00e1vol\u00edtja \u00d6nnek.<\/li>\n<\/ul>\n<\/li>\n\n\n\n<li class=\"\"><strong>Hogyan lehet elt\u00e1vol\u00edtani a v\u00edzjelet a vide\u00f3b\u00f3l?<\/strong>\n<ul class=\"wp-block-list\">\n<li class=\"\">Haszn\u00e1ljon olyan eszk\u00f6z\u00f6ket, mint az Apowersoft Watermark Remover, amelyek t\u00e1mogatj\u00e1k a vide\u00f3 form\u00e1tumokat. T\u00f6ltse fel a vide\u00f3t, v\u00e1lassza ki a v\u00edzjel ter\u00fclet\u00e9t, \u00e9s az eszk\u00f6z feldolgozza a vide\u00f3t a v\u00edzjel elt\u00e1vol\u00edt\u00e1s\u00e1hoz.<\/li>\n<\/ul>\n<\/li>\n\n\n\n<li class=\"\"><strong>Van ingyenes v\u00edzjelelt\u00e1vol\u00edt\u00f3?<\/strong>\n<ul class=\"wp-block-list\">\n<li class=\"\">Igen, az AI Art Free Watermark Remover egy ingyenes eszk\u00f6z, amely korl\u00e1tlan haszn\u00e1latot tesz lehet\u0151v\u00e9 regisztr\u00e1ci\u00f3 n\u00e9lk\u00fcl.<\/li>\n<\/ul>\n<\/li>\n\n\n\n<li class=\"\"><strong>A mesters\u00e9ges intelligencia el tudja t\u00e1vol\u00edtani a v\u00edzjeleket?<\/strong>\n<ul class=\"wp-block-list\">\n<li class=\"\">Igen, az AI-alap\u00fa eszk\u00f6z\u00f6k, mint az AI Art Free Watermark Remover \u00e9s a Remove.bg fejlett algoritmusok seg\u00edts\u00e9g\u00e9vel hat\u00e9konyan elt\u00e1vol\u00edtj\u00e1k a v\u00edzjeleket a k\u00e9pekr\u0151l.<\/li>\n<\/ul>\n<\/li>\n\n\n\n<li class=\"\"><strong>Mi a legjobb v\u00edzjel elt\u00e1vol\u00edt\u00f3 a f\u00e9nyk\u00e9pekhez?<\/strong>\n<ul class=\"wp-block-list\">\n<li class=\"\">Az AI Art Free Watermark Remover \u00e9s a Remove.bg a v\u00edzjelek f\u00e9nyk\u00e9pekr\u0151l val\u00f3 elt\u00e1vol\u00edt\u00e1s\u00e1ra szolg\u00e1l\u00f3 legjobb eszk\u00f6z\u00f6k k\u00f6z\u00e9 tartoznak, mivel nagy pontoss\u00e1ggal \u00e9s egyszer\u0171 haszn\u00e1lat mellett is k\u00f6nnyen kezelhet\u0151k.<\/li>\n<\/ul>\n<\/li>\n\n\n\n<li class=\"\"><strong>Mi a legjobb v\u00edzjel elt\u00e1vol\u00edt\u00f3 a vide\u00f3khoz?<\/strong>\n<ul class=\"wp-block-list\">\n<li class=\"\">Az Apowersoft Watermark Remover \u00e9s a HitPaw Watermark Remover kiv\u00e1l\u00f3 v\u00e1laszt\u00e1s a v\u00edzjelek elt\u00e1vol\u00edt\u00e1s\u00e1ra a vide\u00f3kb\u00f3l.<\/li>\n<\/ul>\n<\/li>\n\n\n\n<li class=\"\"><strong>Vannak korl\u00e1tlan haszn\u00e1lat\u00fa v\u00edzjelelt\u00e1vol\u00edt\u00f3k?<\/strong>\n<ul class=\"wp-block-list\">\n<li class=\"\">Igen, az AI Art Free Watermark Remover korl\u00e1tlan haszn\u00e1latot k\u00edn\u00e1l, regisztr\u00e1ci\u00f3 vagy el\u0151fizet\u00e9s n\u00e9lk\u00fcl.<\/li>\n<\/ul>\n<\/li>\n\n\n\n<li class=\"\"><strong>Hogyan lehet elt\u00e1vol\u00edtani a nem k\u00edv\u00e1nt objektumokat a k\u00e9pekr\u0151l?<\/strong>\n<ul class=\"wp-block-list\">\n<li class=\"\">Az olyan eszk\u00f6z\u00f6k, mint az Inpaint, lehet\u0151v\u00e9 teszik a nem k\u00edv\u00e1nt objektumok k\u00e9zi kijel\u00f6l\u00e9s\u00e9t \u00e9s elt\u00e1vol\u00edt\u00e1s\u00e1t a k\u00e9pekr\u0151l, pontos ellen\u0151rz\u00e9st biztos\u00edtva a szerkeszt\u00e9si folyamat felett.<\/li>\n<\/ul>\n<\/li>\n\n\n\n<li class=\"\"><strong>Vannak felhaszn\u00e1l\u00f3bar\u00e1t v\u00edzjelelt\u00e1vol\u00edt\u00f3k?<\/strong>\n<ul class=\"wp-block-list\">\n<li class=\"\">Igen, az olyan eszk\u00f6z\u00f6k, mint az AI Art Free Watermark Remover \u00e9s a Wondershare Fotophire a felhaszn\u00e1l\u00f3bar\u00e1t fel\u00fclet\u00fckr\u0151l ismertek.<\/li>\n<\/ul>\n<\/li>\n\n\n\n<li class=\"\"><strong>A v\u00edzjelelt\u00e1vol\u00edt\u00f3k meg\u0151rizhetik az eredeti min\u0151s\u00e9get?<\/strong>\n<ul class=\"wp-block-list\">\n<li class=\"\">Az olyan kiv\u00e1l\u00f3 min\u0151s\u00e9g\u0171 eszk\u00f6z\u00f6ket, mint az AI Art Free Watermark Remover \u00e9s a HitPaw Watermark Remover \u00fagy tervezt\u00e9k, hogy a v\u00edzjelek elt\u00e1vol\u00edt\u00e1sa ut\u00e1n meg\u0151rizz\u00e9k a k\u00e9pek \u00e9s vide\u00f3k eredeti min\u0151s\u00e9g\u00e9t.<\/li>\n<\/ul>\n<\/li>\n<\/ol>","protected":false},"excerpt":{"rendered":"<p>Before vs After How to use Watermark Remover *&nbsp;Depending on your internet speed, loading the model may take a few seconds.* There will be caching during continuous generation, and the new image will appear after about 3 seconds. Introduction of Watermark Remover What is a Watermark Remover? A watermark remover is a tool or software &#8230; <a title=\"V\u00edzjel elt\u00e1vol\u00edt\u00f3\" class=\"read-more\" href=\"https:\/\/aiartfree.online\/hu\/vizjel-eltavolito\/\" aria-label=\"Read more about Watermark Remover\">Olvass tov\u00e1bb<\/a><\/p>","protected":false},"author":1,"featured_media":3304,"parent":0,"menu_order":0,"comment_status":"open","ping_status":"closed","template":"","meta":{"nf_dc_page":"","footnotes":""},"class_list":["post-3281","page","type-page","status-publish","has-post-thumbnail"],"jetpack_sharing_enabled":true,"_links":{"self":[{"href":"https:\/\/aiartfree.online\/hu\/wp-json\/wp\/v2\/pages\/3281","targetHints":{"allow":["GET"]}}],"collection":[{"href":"https:\/\/aiartfree.online\/hu\/wp-json\/wp\/v2\/pages"}],"about":[{"href":"https:\/\/aiartfree.online\/hu\/wp-json\/wp\/v2\/types\/page"}],"author":[{"embeddable":true,"href":"https:\/\/aiartfree.online\/hu\/wp-json\/wp\/v2\/users\/1"}],"replies":[{"embeddable":true,"href":"https:\/\/aiartfree.online\/hu\/wp-json\/wp\/v2\/comments?post=3281"}],"version-history":[{"count":0,"href":"https:\/\/aiartfree.online\/hu\/wp-json\/wp\/v2\/pages\/3281\/revisions"}],"wp:featuredmedia":[{"embeddable":true,"href":"https:\/\/aiartfree.online\/hu\/wp-json\/wp\/v2\/media\/3304"}],"wp:attachment":[{"href":"https:\/\/aiartfree.online\/hu\/wp-json\/wp\/v2\/media?parent=3281"}],"curies":[{"name":"wp","href":"https:\/\/api.w.org\/{rel}","templated":true}]}}