{"id":3270,"date":"2024-07-28T10:35:14","date_gmt":"2024-07-28T10:35:14","guid":{"rendered":"https:\/\/aiartfree.online\/?page_id=3270"},"modified":"2024-07-31T13:03:11","modified_gmt":"2024-07-31T13:03:11","slug":"ai-photo-generator","status":"publish","type":"page","link":"https:\/\/aiartfree.online\/hu\/ai-foto-generator\/","title":{"rendered":"AI Photo Generator"},"content":{"rendered":"<h2 class=\"wp-block-heading has-text-align-center\">Amit a felhaszn\u00e1l\u00f3ink l\u00e9trehoztak<\/h2>\n\n\n\n<figure class=\"gb-block-image gb-block-image-1822da1f\"><img data-recalc-dims=\"1\" decoding=\"async\" loading=\"lazy\" width=\"1200\" height=\"823\" class=\"gb-image gb-image-1822da1f\" src=\"https:\/\/i0.wp.com\/aiartfree.online\/wp-content\/uploads\/2024\/07\/WX20240731-165815%402x.jpg?resize=1200%2C823&#038;ssl=1\" alt=\"AI Photo Generator\" title=\"WX20240731-165815@2x\" srcset=\"https:\/\/i0.wp.com\/aiartfree.online\/wp-content\/uploads\/2024\/07\/WX20240731-165815%402x.jpg?w=1630&amp;ssl=1 1630w, https:\/\/i0.wp.com\/aiartfree.online\/wp-content\/uploads\/2024\/07\/WX20240731-165815%402x.jpg?resize=300%2C206&amp;ssl=1 300w, https:\/\/i0.wp.com\/aiartfree.online\/wp-content\/uploads\/2024\/07\/WX20240731-165815%402x.jpg?resize=1024%2C702&amp;ssl=1 1024w, https:\/\/i0.wp.com\/aiartfree.online\/wp-content\/uploads\/2024\/07\/WX20240731-165815%402x.jpg?resize=768%2C527&amp;ssl=1 768w, https:\/\/i0.wp.com\/aiartfree.online\/wp-content\/uploads\/2024\/07\/WX20240731-165815%402x.jpg?resize=1536%2C1054&amp;ssl=1 1536w, https:\/\/i0.wp.com\/aiartfree.online\/wp-content\/uploads\/2024\/07\/WX20240731-165815%402x.jpg?resize=18%2C12&amp;ssl=1 18w, https:\/\/i0.wp.com\/aiartfree.online\/wp-content\/uploads\/2024\/07\/WX20240731-165815%402x.jpg?resize=600%2C412&amp;ssl=1 600w\" sizes=\"auto, (max-width: 1200px) 100vw, 1200px\" \/><\/figure>\n\n\n\n<h2 class=\"wp-block-heading\">Hogyan kell haszn\u00e1lni az AI Photo Generator-t<\/h2>\n\n\n\n<ol class=\"wp-block-list\">\n<li class=\"\">\u00cdrja be a saj\u00e1t promptj\u00e1t, vagy v\u00e1lasszon egyet a Prompt p\u00e9ld\u00e1k k\u00f6z\u00fcl.<\/li>\n\n\n\n<li class=\"\">Kattintson a \"Gener\u00e1l\u00e1s\" gombra<\/li>\n\n\n\n<li class=\"\">V\u00e1rj, ez az!<\/li>\n<\/ol>\n\n\n\n<h3 class=\"wp-block-heading has-medium-font-size\">Prompt p\u00e9ld\u00e1k<\/h3>\n\n\n\n<ul class=\"wp-block-list has-small-font-size\">\n<li class=\"\">gy\u00f6ny\u00f6r\u0171 n\u0151, \u00e9jszaka, csillagokkal, bonyolult, eleg\u00e1ns, r\u00e9szletgazdag, sima, \u00e9les f\u00f3kuszban<\/li>\n\n\n\n<li class=\"\">gy\u00f6ny\u00f6r\u0171 n\u0151, \u00e9jszaka, sci-fi, fantasy, bonyolult, eleg\u00e1ns, k\u00e9k ruha, var\u00e1zslatos, rendk\u00edv\u00fcl r\u00e9szletes, sima, \u00e9les f\u00f3kusz, illusztr\u00e1ci\u00f3<\/li>\n\n\n\n<li class=\"\">gy\u00f6ny\u00f6r\u0171 n\u0151 a tengerparton, pihentet\u0151, \u00e9teri, \u00e1lmodoz\u00f3, h\u00e1tt\u00e9rvil\u00e1g\u00edt\u00e1s, nagyon r\u00e9szletes, realisztikus megvil\u00e1g\u00edt\u00e1s, \u00e9les f\u00f3kusz, harmadok szab\u00e1lya, hd, okt\u00e1n, 4k<\/li>\n\n\n\n<li class=\"\">gy\u00f6ny\u00f6r\u0171 n\u0151, nagy mellek, domme \u00farn\u0151, steampunk, f\u00e9l\u00e9nk mosolyg\u00f3, 4k, kis r\u00e9szlet<\/li>\n\n\n\n<li class=\"\">gy\u00f6ny\u00f6r\u0171 n\u0151, \u00e9jszaka, csillagokkal, bonyolult, eleg\u00e1ns, r\u00e9szletgazdag, sima, \u00e9les f\u00f3kuszban<\/li>\n<\/ul>\n\n\n\n<p class=\"\">Haszn\u00e1lja a  c\u00edmet.&nbsp;<a href=\"https:\/\/aiartfree.online\/hu\/prompt-generator\/\" target=\"_blank\" data-type=\"page\" data-id=\"3164\" rel=\"noreferrer noopener\">Prompt gener\u00e1tor<\/a>&nbsp;a k\u00e9pzelet hat\u00e1rainak kit\u00e1g\u00edt\u00e1s\u00e1ra<\/p>\n\n\n\n<p class=\"\"><em>* Az internet sebess\u00e9g\u00e9t\u0151l f\u00fcgg\u0151en a modell bet\u00f6lt\u00e9se n\u00e9h\u00e1ny m\u00e1sodpercet vehet ig\u00e9nybe.<br>* A folyamatos gener\u00e1l\u00e1s sor\u00e1n gyors\u00edt\u00f3t\u00e1raz\u00e1sra ker\u00fcl sor, \u00e9s az \u00faj k\u00e9p k\u00f6r\u00fclbel\u00fcl 3 m\u00e1sodperc m\u00falva jelenik meg.<\/em><\/p>\n\n\n\n<div class=\"iframe-wrapper\" style=\"position: relative; width: 100%; height: 950px;\">\n  <div class=\"loading\" style=\"position: absolute; top: 50px; left: 50%; transform: translate(-50%, -50%); width: 40px; height: 40px; border: 3px solid #f0f0f0; border-top: 3px solid #db7093; border-radius: 50%; animation: spin 1s linear infinite;\"><\/div>\n  <iframe loading=\"lazy\" src=\"https:\/\/playgroundai-playground-v2-5.hf.space\" frameborder=\"0\" width=\"100%\" height=\"100%\" style=\"position: absolute; top: 0; left: 0; opacity: 0; transition: opacity 0.3s;\" onload=\"this.style.opacity=1;this.previousElementSibling.style.display='none';\"><\/iframe>\n<\/div>\n\n<style>\n@keyframes spin {\n  0% { transform: translate(-50%, -50%) rotate(0deg); }\n  100% { transform: translate(-50%, -50%) rotate(360deg); }\n}\n<\/style>\n\n\n\n<div style=\"height:50px\" aria-hidden=\"true\" class=\"wp-block-spacer\"><\/div>\n\n\n\n<h2 class=\"wp-block-heading\">Az AI Photo Generator bevezet\u00e9se<\/h2>\n\n\n\n<p class=\"\">A gyors temp\u00f3j\u00fa digit\u00e1lis vil\u00e1gban az AI fot\u00f3gener\u00e1torok n\u00e9lk\u00fcl\u00f6zhetetlen eszk\u00f6z\u00f6kk\u00e9 v\u00e1ltak a m\u0171v\u00e9szek, marketingesek \u00e9s tartalomk\u00e9sz\u00edt\u0151k sz\u00e1m\u00e1ra. Ez a cikk elm\u00e9ly\u00fcl abban, hogy mik azok az AI-fot\u00f3gener\u00e1torok, mi a jelent\u0151s\u00e9g\u00fck, \u00e9s hogyan haszn\u00e1lhat\u00f3k a k\u00fcl\u00f6nb\u00f6z\u0151 ipar\u00e1gakban. Ezen k\u00edv\u00fcl felt\u00e1rjuk a ma el\u00e9rhet\u0151 legjobb AI fot\u00f3gener\u00e1torokat, k\u00f6zt\u00fck a k\u00f6vetkez\u0151 c\u00e9g \u00e1ltal er\u0151sen aj\u00e1nlott eszk\u00f6zt is <a href=\"https:\/\/aiartfree.online\/hu\/ai-foto-generator\/\">AI Art Free<\/a>.<\/p>\n\n\n\n<figure class=\"wp-block-image size-full is-resized\"><img data-recalc-dims=\"1\" data-dominant-color=\"70574e\" data-has-transparency=\"false\" decoding=\"async\" width=\"1024\" height=\"1024\"   loading=\"lazy\" src=\"https:\/\/i0.wp.com\/aiartfree.online\/wp-content\/uploads\/2024\/07\/image-30.webp?resize=1024%2C1024&#038;ssl=1\" alt=\"A gyors temp\u00f3j\u00fa digit\u00e1lis vil\u00e1gban az AI fot\u00f3gener\u00e1torok n\u00e9lk\u00fcl\u00f6zhetetlen eszk\u00f6z\u00f6kk\u00e9 v\u00e1ltak a m\u0171v\u00e9szek, marketingesek \u00e9s tartalomk\u00e9sz\u00edt\u0151k sz\u00e1m\u00e1ra. Ez a cikk elm\u00e9ly\u00fcl abban, hogy mik azok az AI-fot\u00f3gener\u00e1torok, mi a jelent\u0151s\u00e9g\u00fck, \u00e9s hogyan haszn\u00e1lhat\u00f3k a k\u00fcl\u00f6nb\u00f6z\u0151 ipar\u00e1gakban. Ezen k\u00edv\u00fcl megvizsg\u00e1ljuk a ma el\u00e9rhet\u0151 legjobb AI-fot\u00f3gener\u00e1torokat, k\u00f6zt\u00fck az AI Art Free rendk\u00edv\u00fcl aj\u00e1nlott eszk\u00f6z\u00e9t.\" class=\"wp-image-3278 not-transparent\" style=\"--dominant-color: #70574e; width:436px;height:auto\" srcset=\"https:\/\/i0.wp.com\/aiartfree.online\/wp-content\/uploads\/2024\/07\/image-30.webp?w=1024&amp;ssl=1 1024w, https:\/\/i0.wp.com\/aiartfree.online\/wp-content\/uploads\/2024\/07\/image-30.webp?resize=300%2C300&amp;ssl=1 300w, https:\/\/i0.wp.com\/aiartfree.online\/wp-content\/uploads\/2024\/07\/image-30.webp?resize=150%2C150&amp;ssl=1 150w, https:\/\/i0.wp.com\/aiartfree.online\/wp-content\/uploads\/2024\/07\/image-30.webp?resize=768%2C768&amp;ssl=1 768w, https:\/\/i0.wp.com\/aiartfree.online\/wp-content\/uploads\/2024\/07\/image-30.webp?resize=12%2C12&amp;ssl=1 12w, https:\/\/i0.wp.com\/aiartfree.online\/wp-content\/uploads\/2024\/07\/image-30.webp?resize=600%2C600&amp;ssl=1 600w, https:\/\/i0.wp.com\/aiartfree.online\/wp-content\/uploads\/2024\/07\/image-30.webp?resize=100%2C100&amp;ssl=1 100w\" sizes=\"auto, (max-width: 1024px) 100vw, 1024px\" \/><\/figure>\n\n\n\n<h3 class=\"wp-block-heading\">Tartalomjegyz\u00e9k<\/h3>\n\n\n\n<ol class=\"wp-block-list\">\n<li class=\"\"><a href=\"#what-is-an-ai-photo-generator\">Mi az az AI Photo Generator?<\/a><\/li>\n\n\n\n<li class=\"\"><a href=\"#why-use-an-ai-photo-generator\">Mi\u00e9rt \u00e9rdemes AI fot\u00f3gener\u00e1tort haszn\u00e1lni?<\/a><\/li>\n\n\n\n<li class=\"\"><a href=\"#who-can-benefit-from-ai-photo-generators\">Kik profit\u00e1lhatnak a mesters\u00e9ges intelligencia fot\u00f3gener\u00e1torokb\u00f3l?<\/a><\/li>\n\n\n\n<li class=\"\"><a href=\"#top-10-ai-photo-generators\">Top 10 AI fot\u00f3gener\u00e1torok<\/a><\/li>\n\n\n\n<li class=\"\"><a href=\"#faq\">GYIK<\/a><\/li>\n<\/ol>\n\n\n\n<h3 class=\"wp-block-heading\">Mi az az AI Photo Generator?<\/h3>\n\n\n\n<p class=\"\">Az AI fot\u00f3gener\u00e1tor, m\u00e1s n\u00e9ven AI k\u00e9pgener\u00e1tor egy mesters\u00e9ges intelligenci\u00e1val \u00e9s g\u00e9pi tanul\u00e1ssal m\u0171k\u00f6d\u0151 eszk\u00f6z, amely a sz\u00f6veges utas\u00edt\u00e1sokat egyedi k\u00e9pekk\u00e9 alak\u00edtja \u00e1t. Ezek az eszk\u00f6z\u00f6k a generat\u00edv AI-t haszn\u00e1lj\u00e1k arra, hogy a felhaszn\u00e1l\u00f3 \u00e1ltal megadott sz\u00f6veges le\u00edr\u00e1sok alapj\u00e1n \u00e9l\u00e9nk \u00e9s v\u00e1ltozatos k\u00e9peket hozzanak l\u00e9tre.<\/p>\n\n\n\n<h3 class=\"wp-block-heading\">Mi\u00e9rt \u00e9rdemes AI fot\u00f3gener\u00e1tort haszn\u00e1lni?<\/h3>\n\n\n\n<p class=\"\">Az AI fot\u00f3gener\u00e1torok elengedhetetlenek az egyedi k\u00e9pek gyors \u00e9s hat\u00e9kony l\u00e9trehoz\u00e1s\u00e1hoz. Sz\u00e1mos el\u0151nyt k\u00edn\u00e1lnak:<\/p>\n\n\n\n<ul class=\"wp-block-list\">\n<li class=\"\"><strong>Kreativit\u00e1s:<\/strong> Seg\u00edtenek egyedi \u00e9s kreat\u00edv k\u00e9pek l\u00e9trehoz\u00e1s\u00e1ban, amelyek kiemelkednek a t\u00f6bbi k\u00f6z\u00fcl.<\/li>\n\n\n\n<li class=\"\"><strong>Hat\u00e9konys\u00e1g:<\/strong> Azonnali, kiv\u00e1l\u00f3 min\u0151s\u00e9g\u0171 k\u00e9pek k\u00e9sz\u00edt\u00e9s\u00e9vel id\u0151t takar\u00edtanak meg.<\/li>\n\n\n\n<li class=\"\"><strong>Sokoldal\u00fas\u00e1g:<\/strong> K\u00fcl\u00f6nb\u00f6z\u0151 c\u00e9lokra haszn\u00e1lhat\u00f3k, a k\u00f6z\u00f6ss\u00e9gi m\u00e9di\u00e1n kereszt\u00fcl a marketinganyagokig.<\/li>\n<\/ul>\n\n\n\n<h3 class=\"wp-block-heading\">Kik profit\u00e1lhatnak a mesters\u00e9ges intelligencia fot\u00f3gener\u00e1torokb\u00f3l?<\/h3>\n\n\n\n<ul class=\"wp-block-list\">\n<li class=\"\"><strong>M\u0171v\u00e9szek:<\/strong> Egyedi digit\u00e1lis m\u0171v\u00e9szeti alkot\u00e1sok l\u00e9trehoz\u00e1s\u00e1hoz.<\/li>\n\n\n\n<li class=\"\"><strong>Marketingesek:<\/strong> Min\u0151s\u00e9gi k\u00e9pek k\u00e9sz\u00edt\u00e9s\u00e9hez a kamp\u00e1nyokhoz.<\/li>\n\n\n\n<li class=\"\"><strong>Tartalomk\u00e9sz\u00edt\u0151k:<\/strong> Blogbejegyz\u00e9sek, k\u00f6z\u00f6ss\u00e9gi m\u00e9diatartalmak \u00e9s egy\u00e9b tartalmak jav\u00edt\u00e1s\u00e1ra.<\/li>\n\n\n\n<li class=\"\"><strong>V\u00e1llalkoz\u00e1sok:<\/strong> Marketinganyagok, weboldalak \u00e9s hirdet\u00e9sek tervez\u00e9s\u00e9hez.<\/li>\n<\/ul>\n\n\n\n<h3 class=\"wp-block-heading\">Top 10 AI fot\u00f3gener\u00e1torok<\/h3>\n\n\n\n<figure class=\"wp-block-table\"><table class=\"has-fixed-layout\"><thead><tr><th><strong>Szersz\u00e1m<\/strong><\/th><th><strong>Honlap<\/strong><\/th><th><strong>El\u0151ny\u00f6k<\/strong><\/th><th><strong>H\u00e1tr\u00e1nyok<\/strong><\/th><th><strong>Kih\u00edv\u00e1sok<\/strong><\/th><th><strong>Javaslatok<\/strong><\/th><\/tr><\/thead><tbody><tr><td><strong>AI Art Free<\/strong><\/td><td><a href=\"https:\/\/aiartfree.online\/hu\/ai-foto-generator\/\">aiartfree.online<\/a><\/td><td>Ingyenes, k\u00f6nnyen haszn\u00e1lhat\u00f3, kiv\u00e1l\u00f3 min\u0151s\u00e9g\u0171 k\u00e9peket k\u00e9sz\u00edt<\/td><td>Korl\u00e1tozott testreszabhat\u00f3s\u00e1g<\/td><td>\u00c1lland\u00f3 internetkapcsolatra van sz\u00fcks\u00e9g<\/td><td>Rendszeres friss\u00edt\u00e9sek a funkci\u00f3k jav\u00edt\u00e1sa \u00e9rdek\u00e9ben<\/td><\/tr><tr><td><strong>DeepArt<\/strong><\/td><td><a href=\"https:\/\/deepart.io\" target=\"_blank\" rel=\"noopener\">deepart.io<\/a><\/td><td>Nagyszer\u0171 m\u0171v\u00e9szi sz\u0171r\u0151k<\/td><td>Lass\u00fa feldolgoz\u00e1s<\/td><td>Nem mindig pontos<\/td><td>A feldolgoz\u00e1si sebess\u00e9g jav\u00edt\u00e1sa<\/td><\/tr><tr><td><strong>ML kifut\u00f3p\u00e1lya<\/strong><\/td><td><a href=\"https:\/\/runwayml.com\" target=\"_blank\" rel=\"noopener\">runwayml.com<\/a><\/td><td>Sokoldal\u00fa, professzion\u00e1lis min\u0151s\u00e9g\u0171<\/td><td>Dr\u00e1ga<\/td><td>Meredek tanul\u00e1si g\u00f6rbe<\/td><td>Oktat\u00f3programok biztos\u00edt\u00e1sa<\/td><\/tr><tr><td><strong>Artbreeder<\/strong><\/td><td><a href=\"https:\/\/artbreeder.com\" target=\"_blank\" rel=\"noopener\">artbreeder.com<\/a><\/td><td>Egy\u00fcttm\u0171k\u00f6d\u0151, egyedi kimenetek<\/td><td>Korl\u00e1tozott ingyenes verzi\u00f3<\/td><td>Az interf\u00e9sz \u00f6sszetett lehet<\/td><td>A felhaszn\u00e1l\u00f3i fel\u00fclet egyszer\u0171s\u00edt\u00e9se<\/td><\/tr><tr><td><strong>DALL-E<\/strong><\/td><td><a href=\"https:\/\/aiartfree.online\/hu\/ingyenes-dalle-3\/\" data-type=\"page\" data-id=\"2889\">openai.com\/dall-e<\/a><\/td><td>Kiv\u00e1l\u00f3 min\u0151s\u00e9g\u0171 k\u00e9pek, innovat\u00edv<\/td><td>Korl\u00e1tozott hozz\u00e1f\u00e9r\u00e9s<\/td><td>Nagy kereslet<\/td><td>A hozz\u00e1f\u00e9rhet\u0151s\u00e9g n\u00f6vel\u00e9se<\/td><\/tr><tr><td><strong>M\u00e9ly \u00e1lom gener\u00e1tor<\/strong><\/td><td><a href=\"https:\/\/deepdreamgenerator.com\" target=\"_blank\" rel=\"noopener\">deepdreamgenerator.com<\/a><\/td><td>Sz\u00fcrre\u00e1lis, m\u0171v\u00e9szi k\u00e9pek<\/td><td>Lehet absztrakt<\/td><td>Nem minden c\u00e9lra alkalmas<\/td><td>K\u00edn\u00e1ljon t\u00f6bb st\u00edlust<\/td><\/tr><tr><td><strong>NightCafe<\/strong><\/td><td><a href=\"https:\/\/nightcafe.studio\" target=\"_blank\" rel=\"noopener\">nightcafe.studio<\/a><\/td><td>K\u00f6nnyen haszn\u00e1lhat\u00f3, k\u00f6z\u00f6ss\u00e9gi funkci\u00f3k<\/td><td>Korl\u00e1tozott ingyenes lehet\u0151s\u00e9gek<\/td><td>Dr\u00e1ga lehet<\/td><td>Tov\u00e1bbi ingyenes funkci\u00f3k<\/td><\/tr><tr><td><strong>Nagy alv\u00e1s<\/strong><\/td><td><a href=\"https:\/\/bigsleep.dev\" target=\"_blank\" rel=\"noopener\">bigsleep.dev<\/a><\/td><td>Ny\u00edlt forr\u00e1sk\u00f3d\u00fa, testreszabhat\u00f3<\/td><td>M\u0171szaki ismereteket ig\u00e9nyel<\/td><td>Komplex be\u00e1ll\u00edt\u00e1s<\/td><td>T\u00f6bb \u00fatmutat\u00f3 biztos\u00edt\u00e1sa<\/td><\/tr><tr><td><strong>Ganbreeder<\/strong><\/td><td><a href=\"https:\/\/ganbreeder.app\" target=\"_blank\" rel=\"noopener\">ganbreeder.app<\/a><\/td><td>Egy\u00fcttm\u0171k\u00f6d\u0151, kreat\u00edv<\/td><td>Kisz\u00e1m\u00edthatatlan lehet<\/td><td>Az interf\u00e9sz lehetne jobb<\/td><td>A kisz\u00e1m\u00edthat\u00f3s\u00e1g jav\u00edt\u00e1sa<\/td><\/tr><tr><td><strong>St\u00edlusGAN2<\/strong><\/td><td><a href=\"https:\/\/github.com\/NVlabs\/stylegan2\" target=\"_blank\" rel=\"noopener\">github.com\/NVlabs\/stylegan2<\/a><\/td><td>Kiv\u00e1l\u00f3 min\u0151s\u00e9g\u0171 eredm\u00e9nyek<\/td><td>M\u0171szaki ismereteket ig\u00e9nyel<\/td><td>Neh\u00e9z be\u00e1ll\u00edtani<\/td><td>Felhaszn\u00e1l\u00f3bar\u00e1tabb oktat\u00f3anyagok<\/td><\/tr><\/tbody><\/table><\/figure>\n\n\n\n<h3 class=\"wp-block-heading\">GYIK<\/h3>\n\n\n\n<h4 class=\"wp-block-heading\">Hogyan \u00e1llap\u00edthat\u00f3 meg, hogy egy fot\u00f3 mesters\u00e9ges intelligenci\u00e1val k\u00e9sz\u00fclt?<\/h4>\n\n\n\n<p class=\"\">Annak meg\u00e1llap\u00edt\u00e1s\u00e1hoz, hogy egy f\u00e9nyk\u00e9p mesters\u00e9ges intelligencia \u00e1ltal gener\u00e1lt-e, keresse a finom anom\u00e1li\u00e1kat, a term\u00e9szetellenes mint\u00e1kat \u00e9s a finom r\u00e9szletek hi\u00e1ny\u00e1t, amelyek gyakoriak a mesters\u00e9ges intelligencia \u00e1ltal gener\u00e1lt k\u00e9peken.<\/p>\n\n\n\n<h4 class=\"wp-block-heading\">Hogyan gener\u00e1ljunk AI fot\u00f3kat?<\/h4>\n\n\n\n<p class=\"\">AI fot\u00f3kat gener\u00e1lhatsz egy AI fot\u00f3gener\u00e1tor seg\u00edts\u00e9g\u00e9vel, mint p\u00e9ld\u00e1ul <a href=\"https:\/\/aiartfree.online\/hu\/ai-foto-generator\/\">AI Art Free<\/a>. Egyszer\u0171en adjon meg egy sz\u00f6veges k\u00e9r\u00e9st, \u00e9s hagyja, hogy a mesters\u00e9ges intelligencia l\u00e9trehozza a k\u00e9pet.<\/p>\n\n\n\n<h4 class=\"wp-block-heading\">Ez a fot\u00f3 mesters\u00e9ges intelligencia \u00e1ltal gener\u00e1lt?<\/h4>\n\n\n\n<p class=\"\">Ha ellen\u0151rizni szeretn\u00e9, hogy egy f\u00e9nyk\u00e9p mesters\u00e9ges intelligencia \u00e1ltal gener\u00e1lt-e, haszn\u00e1ljon olyan eszk\u00f6z\u00f6ket, amelyeket a mesters\u00e9ges intelligencia \u00e1ltal gener\u00e1lt tartalom felismer\u00e9s\u00e9re terveztek, vagy elemezze a k\u00e9pet a k\u00f6vetkezetlens\u00e9gek szempontj\u00e1b\u00f3l.<\/p>\n\n\n\n<h4 class=\"wp-block-heading\">Mi a legjobb AI fot\u00f3gener\u00e1tor?<\/h4>\n\n\n\n<p class=\"\">A legjobb AI fot\u00f3gener\u00e1tor az \u00d6n ig\u00e9nyeit\u0151l f\u00fcgg\u0151en v\u00e1ltozik, de <a href=\"https:\/\/aiartfree.online\/hu\/ai-foto-generator\/\">AI Art Free<\/a> nagyon aj\u00e1nlott a k\u00f6nny\u0171 haszn\u00e1lat \u00e9s a min\u0151s\u00e9gi kimenet miatt.<\/p>\n\n\n\n<h4 class=\"wp-block-heading\">Hogyan k\u00e9sz\u00edts\u00fcnk AI gener\u00e1lt fot\u00f3kat?<\/h4>\n\n\n\n<p class=\"\">AI gener\u00e1lt f\u00e9nyk\u00e9peket k\u00e9sz\u00edthetsz \u00fagy, hogy le\u00edr\u00f3 sz\u00f6veges k\u00e9r\u00e9seket \u00edrsz be egy AI fot\u00f3gener\u00e1torba, amely a le\u00edr\u00e1sod alapj\u00e1n k\u00e9peket hoz l\u00e9tre.<\/p>\n\n\n\n<h3 class=\"wp-block-heading\">Tov\u00e1bbi modulok<\/h3>\n\n\n\n<h4 class=\"wp-block-heading\">A generat\u00edv mesters\u00e9ges intelligencia \u00e9s hat\u00e1s\u00e1nak meg\u00e9rt\u00e9se<\/h4>\n\n\n\n<p class=\"\">A generat\u00edv AI, amely az AI fot\u00f3gener\u00e1torokat m\u0171k\u00f6dteti, a mesters\u00e9ges intelligencia egy olyan t\u00edpusa, amely k\u00e9pes \u00faj tartalmat l\u00e9trehozni a megl\u00e9v\u0151 adatokb\u00f3l. Ez a technol\u00f3gia forradalmas\u00edtja a kreat\u00edv ipar\u00e1gakat, mivel lehet\u0151v\u00e9 teszi egyedi k\u00e9pek, zen\u00e9k \u00e9s sz\u00f6vegek l\u00e9trehoz\u00e1s\u00e1t.<\/p>\n\n\n\n<h4 class=\"wp-block-heading\">Az AI fot\u00f3gener\u00e1torok haszn\u00e1lat\u00e1nak el\u0151nyei a k\u00f6z\u00f6ss\u00e9gi m\u00e9di\u00e1ban<\/h4>\n\n\n\n<p class=\"\">Az AI fot\u00f3gener\u00e1torok felbecs\u00fclhetetlen \u00e9rt\u00e9k\u0171ek a k\u00f6z\u00f6ss\u00e9gi m\u00e9di\u00e1ban, mivel lehet\u0151v\u00e9 teszik a k\u00f6z\u00f6ns\u00e9g figyelm\u00e9t felkelt\u0151 \u00e9s elk\u00f6telez\u0151d\u00e9st \u00f6szt\u00f6nz\u0151, mag\u00e1val ragad\u00f3 \u00e9s egyedi vizu\u00e1lis anyagok l\u00e9trehoz\u00e1s\u00e1t.<\/p>\n\n\n\n<h4 class=\"wp-block-heading\">A g\u00e9pi tanul\u00e1s szerepe az AI fot\u00f3gener\u00e1torokban<\/h4>\n\n\n\n<p class=\"\">A mesters\u00e9ges intelligencia fot\u00f3gener\u00e1torok gerince a g\u00e9pi tanul\u00e1s. Ez teszi lehet\u0151v\u00e9, hogy ezek az eszk\u00f6z\u00f6k hatalmas adathalmazokb\u00f3l tanuljanak, \u00e9s id\u0151vel jav\u00edts\u00e1k az \u00e1ltaluk k\u00e9sz\u00edtett k\u00e9pek min\u0151s\u00e9g\u00e9t \u00e9s relevanci\u00e1j\u00e1t.<\/p>\n\n\n\n<h3 class=\"wp-block-heading\">K\u00f6vetkeztet\u00e9s<\/h3>\n\n\n\n<p class=\"\">Az AI fot\u00f3gener\u00e1torok olyan hat\u00e9kony eszk\u00f6z\u00f6k, amelyek a mesters\u00e9ges intelligencia \u00e9s a g\u00e9pi tanul\u00e1s k\u00e9pess\u00e9geit kihaszn\u00e1lva egyedi \u00e9s kiv\u00e1l\u00f3 min\u0151s\u00e9g\u0171 k\u00e9peket hoznak l\u00e9tre. Ak\u00e1r m\u0171v\u00e9sz, ak\u00e1r marketinges vagy tartalomk\u00e9sz\u00edt\u0151, ezek az eszk\u00f6z\u00f6k jelent\u0151sen jav\u00edthatj\u00e1k kreat\u00edv folyamat\u00e1t \u00e9s teljes\u00edtm\u00e9ny\u00e9t. Ha meg\u00e9rti el\u0151nyeiket \u00e9s kih\u00edv\u00e1saikat, a legt\u00f6bbet hozhatja ki ezekb\u0151l az innovat\u00edv eszk\u00f6z\u00f6kb\u0151l, hogy leny\u0171g\u00f6z\u0151 vizu\u00e1lis k\u00e9peket k\u00e9sz\u00edtsen, amelyek b\u00e1rmilyen m\u00e9diumban kiemelkednek.<\/p>\n\n\n\n<p class=\"\">A legjobb \u00e9lm\u00e9ny\u00e9rt kezdje a <a href=\"https:\/\/aiartfree.online\/hu\/ai-foto-generator\/\">AI Art Free<\/a> eszk\u00f6z, amely egyszer\u0171 \u00e9s ingyenes m\u00f3dot k\u00edn\u00e1l kiv\u00e1l\u00f3 min\u0151s\u00e9g\u0171 AI-fot\u00f3k k\u00e9sz\u00edt\u00e9s\u00e9re.<\/p>","protected":false},"excerpt":{"rendered":"<p>What our users created How to use AI Photo Generator Prompt Examples Use&nbsp;Prompt Generator&nbsp;to Expand the Boundaries of Your Imagination *&nbsp;Depending on your internet speed, loading the model may take a few seconds.* There will be caching during continuous generation, and the new image will appear after about 3 seconds. Introduction of AI Photo Generator &#8230; <a title=\"AI Photo Generator\" class=\"read-more\" href=\"https:\/\/aiartfree.online\/hu\/ai-foto-generator\/\" aria-label=\"Read more about AI Photo Generator\">Olvass tov\u00e1bb<\/a><\/p>","protected":false},"author":1,"featured_media":3392,"parent":0,"menu_order":0,"comment_status":"open","ping_status":"closed","template":"","meta":{"nf_dc_page":"","footnotes":""},"class_list":["post-3270","page","type-page","status-publish","has-post-thumbnail"],"jetpack_sharing_enabled":true,"_links":{"self":[{"href":"https:\/\/aiartfree.online\/hu\/wp-json\/wp\/v2\/pages\/3270","targetHints":{"allow":["GET"]}}],"collection":[{"href":"https:\/\/aiartfree.online\/hu\/wp-json\/wp\/v2\/pages"}],"about":[{"href":"https:\/\/aiartfree.online\/hu\/wp-json\/wp\/v2\/types\/page"}],"author":[{"embeddable":true,"href":"https:\/\/aiartfree.online\/hu\/wp-json\/wp\/v2\/users\/1"}],"replies":[{"embeddable":true,"href":"https:\/\/aiartfree.online\/hu\/wp-json\/wp\/v2\/comments?post=3270"}],"version-history":[{"count":0,"href":"https:\/\/aiartfree.online\/hu\/wp-json\/wp\/v2\/pages\/3270\/revisions"}],"wp:featuredmedia":[{"embeddable":true,"href":"https:\/\/aiartfree.online\/hu\/wp-json\/wp\/v2\/media\/3392"}],"wp:attachment":[{"href":"https:\/\/aiartfree.online\/hu\/wp-json\/wp\/v2\/media?parent=3270"}],"curies":[{"name":"wp","href":"https:\/\/api.w.org\/{rel}","templated":true}]}}