{"id":3164,"date":"2024-07-24T07:24:20","date_gmt":"2024-07-24T07:24:20","guid":{"rendered":"https:\/\/aiartfree.online\/?page_id=3164"},"modified":"2024-08-02T11:02:53","modified_gmt":"2024-08-02T11:02:53","slug":"prompt-generator","status":"publish","type":"page","link":"https:\/\/aiartfree.online\/hu\/prompt-generator\/","title":{"rendered":"Prompt gener\u00e1tor"},"content":{"rendered":"<h2 class=\"wp-block-heading has-text-align-center\" id=\"before-prompt-generator-vs-after\">A Prompt gener\u00e1tor el\u0151tt vs. ut\u00e1na<\/h2>\n\n\n<div class=\"gb-grid-wrapper gb-grid-wrapper-274aea64\">\n<div class=\"gb-grid-column gb-grid-column-799665f9\"><div class=\"gb-container gb-container-799665f9\">\n\n<figure class=\"gb-block-image gb-block-image-858fbc7e\"><img data-recalc-dims=\"1\" decoding=\"async\" loading=\"lazy\" width=\"1024\" height=\"1024\" class=\"gb-image gb-image-858fbc7e\" src=\"https:\/\/i0.wp.com\/aiartfree.online\/wp-content\/uploads\/2024\/07\/image-25.jpg?resize=1024%2C1024&#038;ssl=1\" alt=\"A viszonzatlan metron\u00f3m temet\u0151j\u00e9n\" title=\"k\u00e9p (25)\" srcset=\"https:\/\/i0.wp.com\/aiartfree.online\/wp-content\/uploads\/2024\/07\/image-25.jpg?w=1024&amp;ssl=1 1024w, https:\/\/i0.wp.com\/aiartfree.online\/wp-content\/uploads\/2024\/07\/image-25.jpg?resize=300%2C300&amp;ssl=1 300w, https:\/\/i0.wp.com\/aiartfree.online\/wp-content\/uploads\/2024\/07\/image-25.jpg?resize=150%2C150&amp;ssl=1 150w, https:\/\/i0.wp.com\/aiartfree.online\/wp-content\/uploads\/2024\/07\/image-25.jpg?resize=768%2C768&amp;ssl=1 768w, https:\/\/i0.wp.com\/aiartfree.online\/wp-content\/uploads\/2024\/07\/image-25.jpg?resize=12%2C12&amp;ssl=1 12w, https:\/\/i0.wp.com\/aiartfree.online\/wp-content\/uploads\/2024\/07\/image-25.jpg?resize=600%2C600&amp;ssl=1 600w, https:\/\/i0.wp.com\/aiartfree.online\/wp-content\/uploads\/2024\/07\/image-25.jpg?resize=100%2C100&amp;ssl=1 100w\" sizes=\"auto, (max-width: 1024px) 100vw, 1024px\" \/><\/figure>\n\n\n\n<h4 class=\"gb-headline gb-headline-7f59b675 gb-headline-text\">Felsz\u00f3l\u00edt\u00e1sok el\u0151tt<\/h4>\n\n\n\n<p class=\"gb-headline gb-headline-ec66d865 gb-headline-text\">A viszonzatlan metron\u00f3m temet\u0151j\u00e9n<\/p>\n\n<\/div><\/div>\n\n<div class=\"gb-grid-column gb-grid-column-b4f9a19c\"><div class=\"gb-container gb-container-b4f9a19c\">\n\n<figure class=\"gb-block-image gb-block-image-c763d41e\"><img data-recalc-dims=\"1\" decoding=\"async\" loading=\"lazy\" width=\"1024\" height=\"1024\" class=\"gb-image gb-image-c763d41e\" src=\"https:\/\/i0.wp.com\/aiartfree.online\/wp-content\/uploads\/2024\/07\/image-26-jpg.webp?resize=1024%2C1024&#038;ssl=1\" alt=\"A temet\u0151ben a viszonzatlan metron\u00f3m, gyerty\u00e1k \u00e1ltal megvil\u00e1g\u00edtott, digit\u00e1lis festm\u00e9ny, artstation, concept art, Craig Mullins, l\u00e9legzetel\u00e1ll\u00edt\u00f3, 8 k felbont\u00e1s, rendk\u00edv\u00fcl r\u00e9szletes, gy\u00f6ny\u00f6r\u0171, l\u00e9trehoz\u00f3 l\u00f6v\u00e9s, m\u0171v\u00e9szi, hiperrealista, okt\u00e1n render, filmes vil\u00e1g\u00edt\u00e1s, dr\u00e1mai vil\u00e1g\u00edt\u00e1s, remekm\u0171, f\u00e9ny pimaszs\u00e1g\" title=\"k\u00e9p (26)\" srcset=\"https:\/\/i0.wp.com\/aiartfree.online\/wp-content\/uploads\/2024\/07\/image-26-jpg.webp?w=1024&amp;ssl=1 1024w, https:\/\/i0.wp.com\/aiartfree.online\/wp-content\/uploads\/2024\/07\/image-26-jpg.webp?resize=300%2C300&amp;ssl=1 300w, https:\/\/i0.wp.com\/aiartfree.online\/wp-content\/uploads\/2024\/07\/image-26-jpg.webp?resize=150%2C150&amp;ssl=1 150w, https:\/\/i0.wp.com\/aiartfree.online\/wp-content\/uploads\/2024\/07\/image-26-jpg.webp?resize=768%2C768&amp;ssl=1 768w, https:\/\/i0.wp.com\/aiartfree.online\/wp-content\/uploads\/2024\/07\/image-26-jpg.webp?resize=12%2C12&amp;ssl=1 12w, https:\/\/i0.wp.com\/aiartfree.online\/wp-content\/uploads\/2024\/07\/image-26-jpg.webp?resize=600%2C600&amp;ssl=1 600w, https:\/\/i0.wp.com\/aiartfree.online\/wp-content\/uploads\/2024\/07\/image-26-jpg.webp?resize=100%2C100&amp;ssl=1 100w\" sizes=\"auto, (max-width: 1024px) 100vw, 1024px\" \/><\/figure>\n\n\n\n<h4 class=\"gb-headline gb-headline-21a96621 gb-headline-text\">Felsz\u00f3l\u00edt\u00e1sok ut\u00e1n<\/h4>\n\n\n\n<p class=\"gb-headline gb-headline-069e038b gb-headline-text\">A temet\u0151ben a viszonzatlan metron\u00f3m, gyerty\u00e1k \u00e1ltal megvil\u00e1g\u00edtott, digit\u00e1lis festm\u00e9ny, artstation, concept art, Craig Mullins, l\u00e9legzetel\u00e1ll\u00edt\u00f3, 8 k felbont\u00e1s, rendk\u00edv\u00fcl r\u00e9szletes, gy\u00f6ny\u00f6r\u0171, l\u00e9trehoz\u00f3 l\u00f6v\u00e9s, m\u0171v\u00e9szi, hiperrealista, okt\u00e1n render, filmes vil\u00e1g\u00edt\u00e1s, dr\u00e1mai vil\u00e1g\u00edt\u00e1s, remekm\u0171, f\u00e9ny pimaszs\u00e1g<\/p>\n\n<\/div><\/div>\n<\/div>\n\n\n<div style=\"height:50px\" aria-hidden=\"true\" class=\"wp-block-spacer\"><\/div>\n\n\n\n<h2 class=\"wp-block-heading\" id=\"how-to-use-prompt-generator\">Hogyan kell haszn\u00e1lni a Prompt gener\u00e1tort<\/h2>\n\n\n\n<ol class=\"wp-block-list\">\n<li class=\"\">\u00cdrja be gondolatait<\/li>\n\n\n\n<li class=\"\">Kattintson a \"Bek\u00fcld\u00e9s\" gombra<\/li>\n\n\n\n<li class=\"\">V\u00e1rjon a forradalmas\u00edtott felsz\u00f3l\u00edt\u00e1sokra<\/li>\n\n\n\n<li class=\"\">G\u00f6rgessen lefel\u00e9, \u00e9s illessze be a forradalmas\u00edtott promptot a gener\u00e1ci\u00f3hoz<\/li>\n\n\n\n<li class=\"\">Kattintson a \"Gener\u00e1l\u00e1s\" gombra<\/li>\n\n\n\n<li class=\"\">V\u00e1rj, ez az!<\/li>\n<\/ol>\n\n\n\n<p class=\"\">Ha nincsenek gondolatok a fejedben, <a href=\"#maodian\" data-type=\"internal\" data-id=\"#maodian\">kattintson a Prompt Gal\u00e9ri\u00e1nk megtekint\u00e9s\u00e9hez<\/a><\/p>\n\n\n\n<p class=\"\"><em>* Az internet sebess\u00e9g\u00e9t\u0151l f\u00fcgg\u0151en a modell bet\u00f6lt\u00e9se n\u00e9h\u00e1ny m\u00e1sodpercet vehet ig\u00e9nybe.<\/em><\/p>\n\n\n\n<div class=\"iframe-wrapper\" style=\"position: relative; width: 100%; height: 900px;\">\n  <div class=\"loading\" style=\"position: absolute; top: 50px; left: 50%; transform: translate(-50%, -50%); width: 40px; height: 40px; border: 3px solid #f0f0f0; border-top: 3px solid #db7093; border-radius: 50%; animation: spin 1s linear infinite;\"><\/div>\n  <iframe loading=\"lazy\" src=\"https:\/\/doevent-stable-diffusion-prompt-generator.hf.space\" frameborder=\"0\" width=\"100%\" height=\"100%\" style=\"position: absolute; top: 0; left: 0; opacity: 0; transition: opacity 0.3s;\" onload=\"this.style.opacity=1;this.previousElementSibling.style.display='none';\"><\/iframe>\n<\/div>\n\n<style>\n@keyframes spin {\n  0% { transform: translate(-50%, -50%) rotate(0deg); }\n  100% { transform: translate(-50%, -50%) rotate(360deg); }\n}\n<\/style>\n\n\n\n<div style=\"height:10px\" aria-hidden=\"true\" class=\"wp-block-spacer\"><\/div>\n\n\n\n<p class=\"\"><em>* A folyamatos gener\u00e1l\u00e1s sor\u00e1n gyors\u00edt\u00f3t\u00e1raz\u00e1sra ker\u00fcl sor, \u00e9s az \u00faj k\u00e9p k\u00f6r\u00fclbel\u00fcl 5 m\u00e1sodperc m\u00falva jelenik meg.<\/em><\/p>\n\n\n\n<div class=\"iframe-wrapper\" style=\"position: relative; width: 100%; height: 1260px;\">\n  <div class=\"loading\" style=\"position: absolute; top: 50px; left: 50%; transform: translate(-50%, -50%); width: 40px; height: 40px; border: 3px solid #f0f0f0; border-top: 3px solid #db7093; border-radius: 50%; animation: spin 1s linear infinite;\"><\/div>\n  <iframe loading=\"lazy\" src=\"https:\/\/prodia-fast-stable-diffusion.hf.space\" frameborder=\"0\" width=\"100%\" height=\"100%\" style=\"position: absolute; top: 0; left: 0; opacity: 0; transition: opacity 0.3s;\" onload=\"this.style.opacity=1;this.previousElementSibling.style.display='none';\"><\/iframe>\n<\/div>\n\n<style>\n@keyframes spin {\n  0% { transform: translate(-50%, -50%) rotate(0deg); }\n  100% { transform: translate(-50%, -50%) rotate(360deg); }\n}\n<\/style>\n\n\n\n<div style=\"height:50px\" aria-hidden=\"true\" class=\"wp-block-spacer\"><\/div>\n\n\n\n<h2 class=\"wp-block-heading has-text-align-center\" id=\"prompts-gallery\">Prompts Gal\u00e9ria<\/h2>\n\n\n\n<h3 class=\"wp-block-heading\" id=\"how-to-use-prompts-gallery\">A Prompts Gal\u00e9ria haszn\u00e1lata<\/h3>\n\n\n\n<ol class=\"wp-block-list\">\n<li class=\"\">Kattintson a k\u00e9p jobb fels\u0151 ikonj\u00e1ra a prompt megdupl\u00e1z\u00e1s\u00e1hoz.<\/li>\n\n\n\n<li class=\"\">G\u00f6rgessen felfel\u00e9 \u00e9s illessze be a forradalmas\u00edtott promptot a gener\u00e1ci\u00f3hoz<\/li>\n<\/ol>\n\n\n\n<div style=\"text-align: center; border: 2px solid; border-image-source: linear-gradient(to right, #16b86c, #912899); border-image-slice: 1; box-shadow: 0 0 10px rgba(0, 0, 0, 0.1); border-radius: 15px; position: relative;\">\n  <div id=\"loading\" style=\"position: absolute; top: 100px; left: 50%; transform: translate(-50%, -50%); z-index: 1000;\">\n    <div style=\"width: 50px; height: 50px; border: 5px solid #f3f3f3; border-top: 5px solid #16b86c; border-radius: 50%; animation: spin 1s linear infinite;\"><\/div>\n  <\/div>\n  <iframe loading=\"lazy\"\n    src=\"https:\/\/prithivmlmods-top-prompt-collection.static.hf.space\"\n    frameborder=\"0\"\n    width=\"100%\"\n    height=\"2600\"\n    style=\"display: inline-block; margin: 0 auto;\"\n    onload=\"document.getElementById('loading').style.display='none';\"\n  ><\/iframe>\n<\/div>\n\n<style>\n  @keyframes spin {\n    0% { transform: rotate(0deg); }\n    100% { transform: rotate(360deg); }\n  }\n<\/style>\n\n\n\n<div style=\"height:50px\" aria-hidden=\"true\" class=\"wp-block-spacer\"><\/div>\n\n\n\n<h2 class=\"wp-block-heading\" id=\"introduction-of-prompt-generator\">A Prompt gener\u00e1tor bevezet\u00e9se<\/h2>\n\n\n\n<div class=\"wp-block-rank-math-toc-block\" id=\"rank-math-toc\"><h3>Tartalomjegyz\u00e9k<\/h3><nav><ul><li><a href=\"#what-is-a-prompt-generator\">Mi az a Prompt gener\u00e1tor?<\/a><ul><li><a href=\"#definition\">Meghat\u00e1roz\u00e1s<\/a><\/li><li><a href=\"#types-of-prompts\">A felsz\u00f3l\u00edt\u00e1sok t\u00edpusai<\/a><\/li><\/ul><\/li><li><a href=\"#how-does-a-prompt-generator-work\">Hogyan m\u0171k\u00f6dik a Prompt gener\u00e1tor?<\/a><ul><li><a href=\"#user-inputs\">Felhaszn\u00e1l\u00f3i bemenetek<\/a><\/li><li><a href=\"#ai-analysis\">AI elemz\u00e9s<\/a><\/li><li><a href=\"#output\">Kimenet<\/a><\/li><li><a href=\"#example-of-user-inputs-and-ai-analysis\">P\u00e9lda a felhaszn\u00e1l\u00f3i bemenetekre \u00e9s az AI-elemz\u00e9sre<\/a><\/li><\/ul><\/li><li><a href=\"#benefits-of-using-a-prompt-generator\">A Prompt gener\u00e1tor haszn\u00e1lat\u00e1nak el\u0151nyei<\/a><ul><li><a href=\"#efficiency\">Hat\u00e9konys\u00e1g<\/a><\/li><li><a href=\"#creativity-boost\">Kreativit\u00e1s Boost<\/a><\/li><li><a href=\"#customization\">Testreszab\u00e1s<\/a><\/li><li><a href=\"#keyword-density-table\">Kulcssz\u00f3-s\u0171r\u0171s\u00e9g t\u00e1bl\u00e1zat<\/a><\/li><\/ul><\/li><li><a href=\"#popular-applications-of-prompt-generators\">Prompt gener\u00e1torok n\u00e9pszer\u0171 alkalmaz\u00e1sai<\/a><ul><li><a href=\"#content-creation\">Tartalom l\u00e9trehoz\u00e1sa<\/a><\/li><li><a href=\"#education\">Oktat\u00e1s<\/a><\/li><li><a href=\"#business-and-marketing\">\u00dczleti \u00e9s marketing<\/a><\/li><\/ul><\/li><li><a href=\"#how-to-choose-the-right-prompt-generator\">Hogyan v\u00e1lasszuk ki a megfelel\u0151 Prompt gener\u00e1tort<\/a><ul><li><a href=\"#features-to-look-for\">Keresend\u0151 jellemz\u0151k<\/a><\/li><li><a href=\"#popular-tools\">N\u00e9pszer\u0171 eszk\u00f6z\u00f6k<\/a><\/li><\/ul><\/li><li><a href=\"#conclusion\">K\u00f6vetkeztet\u00e9s<\/a><\/li><li><a href=\"#additional-resources\">Tov\u00e1bbi forr\u00e1sok<\/a><\/li><\/ul><\/nav><\/div>\n\n\n\n<h3 class=\"wp-block-heading\" id=\"introduction\">Bevezet\u00e9s<\/h3>\n\n\n\n<p class=\"\">A s\u00fag\u00f3gener\u00e1torok olyan hat\u00e9kony eszk\u00f6z\u00f6k, amelyek a mesters\u00e9ges intelligenci\u00e1t (AI) kihaszn\u00e1lva seg\u00edtenek a felhaszn\u00e1l\u00f3knak lek\u00fczdeni a kreat\u00edv blokkokat \u00e9s innovat\u00edv \u00f6tleteket gener\u00e1lni. Ezek az eszk\u00f6z\u00f6k \u00edr\u00e1si s\u00fag\u00f3kat, rajzol\u00e1si s\u00fag\u00f3kat \u00e9s egy\u00e9b kreat\u00edv javaslatokat tudnak el\u0151\u00e1ll\u00edtani, \u00edgy felbecs\u00fclhetetlen \u00e9rt\u00e9k\u0171ek az \u00edr\u00f3k, m\u0171v\u00e9szek \u00e9s tartalomk\u00e9sz\u00edt\u0151k sz\u00e1m\u00e1ra. Ez a cikk felt\u00e1rja, hogy mik azok a promptgener\u00e1torok, hogyan m\u0171k\u00f6dnek, milyen el\u0151nyeik, alkalmaz\u00e1suk van, \u00e9s tippeket ad a megfelel\u0151 kiv\u00e1laszt\u00e1s\u00e1hoz.<\/p>\n\n\n\n<figure class=\"wp-block-image size-full is-resized\"><img data-recalc-dims=\"1\" decoding=\"async\" width=\"1200\" height=\"600\"   loading=\"lazy\" src=\"https:\/\/i0.wp.com\/aiartfree.online\/wp-content\/uploads\/2024\/07\/WX20240724-132929%402x-scaled.webp?resize=1200%2C600&#038;ssl=1\" alt=\"A s\u00fag\u00f3gener\u00e1torok olyan hat\u00e9kony eszk\u00f6z\u00f6k, amelyek a mesters\u00e9ges intelligenci\u00e1t (AI) kihaszn\u00e1lva seg\u00edtenek a felhaszn\u00e1l\u00f3knak lek\u00fczdeni a kreat\u00edv blokkokat \u00e9s innovat\u00edv \u00f6tleteket gener\u00e1lni.\" class=\"wp-image-3185\" style=\"width:819px;height:auto\" srcset=\"https:\/\/i0.wp.com\/aiartfree.online\/wp-content\/uploads\/2024\/07\/WX20240724-132929%402x-scaled.webp?w=2560&amp;ssl=1 2560w, https:\/\/i0.wp.com\/aiartfree.online\/wp-content\/uploads\/2024\/07\/WX20240724-132929%402x-scaled.webp?resize=300%2C150&amp;ssl=1 300w, https:\/\/i0.wp.com\/aiartfree.online\/wp-content\/uploads\/2024\/07\/WX20240724-132929%402x-scaled.webp?resize=1024%2C512&amp;ssl=1 1024w, https:\/\/i0.wp.com\/aiartfree.online\/wp-content\/uploads\/2024\/07\/WX20240724-132929%402x-scaled.webp?resize=768%2C384&amp;ssl=1 768w, https:\/\/i0.wp.com\/aiartfree.online\/wp-content\/uploads\/2024\/07\/WX20240724-132929%402x-scaled.webp?resize=1536%2C768&amp;ssl=1 1536w, https:\/\/i0.wp.com\/aiartfree.online\/wp-content\/uploads\/2024\/07\/WX20240724-132929%402x-scaled.webp?resize=2048%2C1023&amp;ssl=1 2048w, https:\/\/i0.wp.com\/aiartfree.online\/wp-content\/uploads\/2024\/07\/WX20240724-132929%402x-scaled.webp?resize=18%2C9&amp;ssl=1 18w, https:\/\/i0.wp.com\/aiartfree.online\/wp-content\/uploads\/2024\/07\/WX20240724-132929%402x-scaled.webp?resize=600%2C300&amp;ssl=1 600w, https:\/\/i0.wp.com\/aiartfree.online\/wp-content\/uploads\/2024\/07\/WX20240724-132929%402x-scaled.webp?w=2400&amp;ssl=1 2400w\" sizes=\"auto, (max-width: 1200px) 100vw, 1200px\" \/><\/figure>\n\n\n\n<h3 class=\"wp-block-heading\" id=\"what-is-a-prompt-generator\">Mi az a Prompt gener\u00e1tor?<\/h3>\n\n\n\n<h4 class=\"wp-block-heading\" id=\"definition\">Meghat\u00e1roz\u00e1s<\/h4>\n\n\n\n<p class=\"\">A prompt-gener\u00e1tor olyan szoftveralkalmaz\u00e1s, amely algoritmusokat \u00e9s mesters\u00e9ges intelligenci\u00e1t haszn\u00e1l arra, hogy kreat\u00edv feladatokra vonatkoz\u00f3 promptokat vagy javaslatokat hozzon l\u00e9tre. Ezek a s\u00fag\u00f3k haszn\u00e1lhat\u00f3k \u00edr\u00e1shoz, rajzol\u00e1shoz, \u00f6tletel\u00e9shez \u00e9s sok m\u00e1shoz.<\/p>\n\n\n\n<h4 class=\"wp-block-heading\" id=\"types-of-prompts\">A felsz\u00f3l\u00edt\u00e1sok t\u00edpusai<\/h4>\n\n\n\n<ul class=\"wp-block-list\">\n<li class=\"\"><strong>\u00cdr\u00e1sbeli felk\u00e9r\u00e9sek<\/strong>: \u00d6tletek az \u00edr\u00e1si projektek beind\u00edt\u00e1s\u00e1hoz, bele\u00e9rtve a t\u00f6rt\u00e9neteket, essz\u00e9ket \u00e9s verseket.<\/li>\n\n\n\n<li class=\"\"><strong>Rajzol\u00e1si \u00f6szt\u00f6nz\u0151k<\/strong>: Javaslatok a m\u0171v\u00e9szek sz\u00e1m\u00e1ra \u00faj m\u0171vek l\u00e9trehoz\u00e1s\u00e1hoz.<\/li>\n\n\n\n<li class=\"\"><strong>Kreat\u00edv \u00edr\u00e1si javaslatok<\/strong>: F\u00f3kusz\u00e1lt felk\u00e9r\u00e9sek kreat\u00edv \u00edr\u00e1sra, p\u00e9ld\u00e1ul sz\u00e9pirodalomra \u00e9s k\u00f6lt\u00e9szetre.<\/li>\n\n\n\n<li class=\"\"><strong>\u00datk\u00f6zbeni felh\u00edv\u00e1sok<\/strong>: A t\u00f6rt\u00e9net vagy a projekt fejl\u0151d\u00e9s\u00e9t seg\u00edt\u0151 \u00f6szt\u00f6nz\u0151k a f\u00e9l\u00faton.<\/li>\n\n\n\n<li class=\"\"><strong>Art Prompt gener\u00e1tor<\/strong>: Kifejezetten a vizu\u00e1lis m\u0171v\u00e9szeti \u00f6tletek gener\u00e1l\u00e1s\u00e1ra tervezett eszk\u00f6z\u00f6k.<\/li>\n<\/ul>\n\n\n\n<h3 class=\"wp-block-heading\" id=\"how-does-a-prompt-generator-work\">Hogyan m\u0171k\u00f6dik a Prompt gener\u00e1tor?<\/h3>\n\n\n\n<h4 class=\"wp-block-heading\" id=\"user-inputs\">Felhaszn\u00e1l\u00f3i bemenetek<\/h4>\n\n\n\n<p class=\"\">A felhaszn\u00e1l\u00f3k megadj\u00e1k a kezdeti adatokat, mint p\u00e9ld\u00e1ul a sz\u00fcks\u00e9ges k\u00e9r\u00e9s t\u00edpus\u00e1t (pl. \u00edr\u00e1s, rajz) \u00e9s az esetleges konkr\u00e9t t\u00e9m\u00e1kat vagy korl\u00e1toz\u00e1sokat.<\/p>\n\n\n\n<h4 class=\"wp-block-heading\" id=\"ai-analysis\">AI elemz\u00e9s<\/h4>\n\n\n\n<p class=\"\">A mesters\u00e9ges intelligencia feldolgozza ezeket a beviteleket a m\u00e1r l\u00e9tez\u0151 s\u00fag\u00f3k \u00e9s kreat\u00edv tartalmak adatb\u00e1zisainak felhaszn\u00e1l\u00e1s\u00e1val, hogy egyedi \u00e9s relev\u00e1ns javaslatokat gener\u00e1ljon.<\/p>\n\n\n\n<h4 class=\"wp-block-heading\" id=\"output\">Kimenet<\/h4>\n\n\n\n<p class=\"\">A gener\u00e1lt utas\u00edt\u00e1sok a felhaszn\u00e1l\u00f3 ig\u00e9nyeihez igazodnak, azonnali inspir\u00e1ci\u00f3t \u00e9s \u00fatmutat\u00e1st ny\u00fajtanak.<\/p>\n\n\n\n<h4 class=\"wp-block-heading\" id=\"example-of-user-inputs-and-ai-analysis\">P\u00e9lda a felhaszn\u00e1l\u00f3i bemenetekre \u00e9s az AI-elemz\u00e9sre<\/h4>\n\n\n\n<figure class=\"wp-block-table\"><table class=\"has-fixed-layout\"><thead><tr><th>Felhaszn\u00e1l\u00f3i bemenet<\/th><th>AI elemz\u00e9s<\/th><th>Gener\u00e1lt felsz\u00f3l\u00edt\u00e1s<\/th><\/tr><\/thead><tbody><tr><td>\u00cdr\u00e1sbeli felh\u00edv\u00e1s<\/td><td>A rejt\u00e9ly \u00e9s a kaland t\u00e9m\u00e1inak elemz\u00e9se<\/td><td>\"\u00cdrj egy t\u00f6rt\u00e9netet egy nyomoz\u00f3r\u00f3l egy k\u00eds\u00e9rtetj\u00e1rta v\u00e1rosban.\"<\/td><\/tr><tr><td>Rajzol\u00e1si felh\u00edv\u00e1s<\/td><td>A fantasy m\u0171v\u00e9szet n\u00e9pszer\u0171 t\u00e9m\u00e1inak vizsg\u00e1lata<\/td><td>\"Rajzolj egy s\u00e1rk\u00e1nyt, amely egy rejtett kincset v\u00e9d.\"<\/td><\/tr><tr><td>Kreat\u00edv \u00edr\u00e1s<\/td><td>Kombin\u00e1lja a romantikus \u00e9s a t\u00f6rt\u00e9nelmi reg\u00e9ny elemeit.<\/td><td>\"\u00cdrj le egy szerelmi t\u00f6rt\u00e9netet, amely az \u00f3kori R\u00f3m\u00e1ban j\u00e1tsz\u00f3dik.\"<\/td><\/tr><\/tbody><\/table><\/figure>\n\n\n\n<h3 class=\"wp-block-heading\" id=\"benefits-of-using-a-prompt-generator\">A Prompt gener\u00e1tor haszn\u00e1lat\u00e1nak el\u0151nyei<\/h3>\n\n\n\n<h4 class=\"wp-block-heading\" id=\"efficiency\">Hat\u00e9konys\u00e1g<\/h4>\n\n\n\n<p class=\"\">A s\u00fag\u00f3gener\u00e1torok id\u0151t takar\u00edtanak meg az\u00e1ltal, hogy gyorsan, kiv\u00e1l\u00f3 min\u0151s\u00e9g\u0171 s\u00fag\u00f3kat \u00e1ll\u00edtanak el\u0151, \u00edgy a felhaszn\u00e1l\u00f3k az \u00f6tletel\u00e9s helyett az alkot\u00e1sra koncentr\u00e1lhatnak.<\/p>\n\n\n\n<h4 class=\"wp-block-heading\" id=\"creativity-boost\">Kreativit\u00e1s Boost<\/h4>\n\n\n\n<p class=\"\">Ezek az eszk\u00f6z\u00f6k seg\u00edtenek lek\u00fczdeni az \u00edr\u00f3i blokkot, \u00e9s egyedi \u00e9s v\u00e1ltozatos felk\u00e9r\u00e9sekkel inspir\u00e1lj\u00e1k a kreativit\u00e1st, \u00e9lvezetesebb\u00e9 t\u00e9ve az alkot\u00e1si folyamatot.<\/p>\n\n\n\n<h4 class=\"wp-block-heading\" id=\"customization\">Testreszab\u00e1s<\/h4>\n\n\n\n<p class=\"\">A felhaszn\u00e1l\u00f3k az egyedi ig\u00e9nyekhez \u00e9s preferenci\u00e1khoz igaz\u00edthatj\u00e1k a k\u00e9r\u00e9seket, n\u00f6velve a gener\u00e1lt tartalom relevanci\u00e1j\u00e1t \u00e9s haszn\u00e1lhat\u00f3s\u00e1g\u00e1t.<\/p>\n\n\n\n<h4 class=\"wp-block-heading\" id=\"keyword-density-table\">Kulcssz\u00f3-s\u0171r\u0171s\u00e9g t\u00e1bl\u00e1zat<\/h4>\n\n\n\n<figure class=\"wp-block-table\"><table class=\"has-fixed-layout\"><thead><tr><th>Kulcssz\u00f3<\/th><th>S\u0171r\u0171s\u00e9g a cikkben<\/th><\/tr><\/thead><tbody><tr><td>Prompt gener\u00e1tor<\/td><td>2%<\/td><\/tr><tr><td>\u00cdr\u00e1sbeli felk\u00e9r\u00e9sek<\/td><td>1.5%<\/td><\/tr><tr><td>Prompt Engineering<\/td><td>1%<\/td><\/tr><tr><td><a href=\"https:\/\/aiartfree.online\/hu\/azonnali-galeria\/\" target=\"_blank\" data-type=\"page\" data-id=\"3252\" rel=\"noreferrer noopener\">Rajzol\u00e1si \u00f6szt\u00f6nz\u0151k<\/a><\/td><td>1.5%<\/td><\/tr><tr><td>Kreat\u00edv \u00edr\u00e1si javaslatok<\/td><td>1%<\/td><\/tr><tr><td>\u00datk\u00f6zbeni felh\u00edv\u00e1sok<\/td><td>0.5%<\/td><\/tr><tr><td>Art Prompt gener\u00e1tor<\/td><td>1%<\/td><\/tr><tr><td>Rajzol\u00e1si \u00f6tletek<\/td><td>1%<\/td><\/tr><tr><td>Rajzol\u00e1si felh\u00edv\u00e1s<\/td><td>1%<\/td><\/tr><\/tbody><\/table><\/figure>\n\n\n\n<h3 class=\"wp-block-heading\" id=\"popular-applications-of-prompt-generators\">Prompt gener\u00e1torok n\u00e9pszer\u0171 alkalmaz\u00e1sai<\/h3>\n\n\n\n<h4 class=\"wp-block-heading\" id=\"content-creation\">Tartalom l\u00e9trehoz\u00e1sa<\/h4>\n\n\n\n<ul class=\"wp-block-list\">\n<li class=\"\"><strong>Blogol\u00e1s<\/strong>: \u00d6tletek gener\u00e1l\u00e1sa blogbejegyz\u00e9sekhez \u00e9s cikkekhez.<\/li>\n\n\n\n<li class=\"\"><strong>K\u00f6z\u00f6ss\u00e9gi m\u00e9dia<\/strong>: Megragad\u00f3 tartalmak l\u00e9trehoz\u00e1sa a k\u00f6z\u00f6ss\u00e9gi m\u00e9dia platformok sz\u00e1m\u00e1ra.<\/li>\n<\/ul>\n\n\n\n<h4 class=\"wp-block-heading\" id=\"education\">Oktat\u00e1s<\/h4>\n\n\n\n<ul class=\"wp-block-list\">\n<li class=\"\"><strong>Tan\u00edt\u00e1s<\/strong>: Seg\u00edts\u00e9g a tan\u00e1roknak az essz\u00e9 t\u00e9m\u00e1k \u00e9s vitapontok kialak\u00edt\u00e1s\u00e1ban.<\/li>\n\n\n\n<li class=\"\"><strong>Di\u00e1k projektek<\/strong>: Seg\u00edtsen a di\u00e1koknak \u00f6tletekkel az \u00edr\u00e1sbeli feladatokhoz \u00e9s kreat\u00edv projektekhez.<\/li>\n<\/ul>\n\n\n\n<h4 class=\"wp-block-heading\" id=\"business-and-marketing\">\u00dczleti \u00e9s marketing<\/h4>\n\n\n\n<ul class=\"wp-block-list\">\n<li class=\"\"><strong>Marketing m\u00e1solat<\/strong>: Leny\u0171g\u00f6z\u0151 marketingsz\u00f6vegek \u00e9s term\u00e9kle\u00edr\u00e1sok k\u00e9sz\u00edt\u00e9se.<\/li>\n\n\n\n<li class=\"\"><strong>\u00dcgyf\u00e9l interakci\u00f3<\/strong>: K\u00e9sz\u00edtsen forgat\u00f3k\u00f6nyveket az \u00fcgyf\u00e9lszolg\u00e1lathoz \u00e9s az elk\u00f6telezetts\u00e9ghez.<\/li>\n<\/ul>\n\n\n\n<h3 class=\"wp-block-heading\" id=\"how-to-choose-the-right-prompt-generator\">Hogyan v\u00e1lasszuk ki a megfelel\u0151 Prompt gener\u00e1tort<\/h3>\n\n\n\n<h4 class=\"wp-block-heading\" id=\"features-to-look-for\">Keresend\u0151 jellemz\u0151k<\/h4>\n\n\n\n<ul class=\"wp-block-list\">\n<li class=\"\"><strong>Testreszab\u00e1si lehet\u0151s\u00e9gek<\/strong>: Lehet\u0151s\u00e9g a felsz\u00f3l\u00edt\u00e1sok egyedi ig\u00e9nyekhez val\u00f3 igaz\u00edt\u00e1s\u00e1ra.<\/li>\n\n\n\n<li class=\"\"><strong>Felhaszn\u00e1l\u00f3i fel\u00fclet<\/strong>: Intuit\u00edv \u00e9s felhaszn\u00e1l\u00f3bar\u00e1t fel\u00fclet.<\/li>\n\n\n\n<li class=\"\"><strong>Integr\u00e1ci\u00f3s k\u00e9pess\u00e9gek<\/strong>: Kompatibilit\u00e1s m\u00e1s eszk\u00f6z\u00f6kkel \u00e9s platformokkal.<\/li>\n<\/ul>\n\n\n\n<h4 class=\"wp-block-heading\" id=\"popular-tools\">N\u00e9pszer\u0171 eszk\u00f6z\u00f6k<\/h4>\n\n\n\n<ul class=\"wp-block-list\">\n<li class=\"\"><strong>AI Dungeon<\/strong>: Ismert a kreat\u00edv \u00edr\u00e1sbeli felk\u00e9r\u00e9sek sokoldal\u00fas\u00e1g\u00e1r\u00f3l.<\/li>\n\n\n\n<li class=\"\"><strong>ArtPrompts<\/strong>: Vizu\u00e1lis m\u0171v\u00e9szeti projektekhez val\u00f3 \u00f6tletel\u00e9sre specializ\u00e1l\u00f3dott.<\/li>\n\n\n\n<li class=\"\"><strong>WritingExercises.co.uk<\/strong>: K\u00fcl\u00f6nb\u00f6z\u0151 m\u0171faj\u00fa \u00edr\u00e1si feladatok sz\u00e9les v\u00e1laszt\u00e9k\u00e1t k\u00edn\u00e1lja.<\/li>\n<\/ul>\n\n\n\n<h3 class=\"wp-block-heading\" id=\"conclusion\">K\u00f6vetkeztet\u00e9s<\/h3>\n\n\n\n<p class=\"\">A s\u00fag\u00f3gener\u00e1torok felbecs\u00fclhetetlen \u00e9rt\u00e9k\u0171 eszk\u00f6z\u00f6k b\u00e1rki sz\u00e1m\u00e1ra, aki kreat\u00edv munk\u00e1val foglalkozik. Id\u0151t takar\u00edtanak meg, fokozz\u00e1k a kreativit\u00e1st, \u00e9s szem\u00e9lyre szabhat\u00f3 megold\u00e1sokat k\u00edn\u00e1lnak a kreat\u00edv blokkokra. Ha meg\u00e9rti m\u0171k\u00f6d\u00e9s\u00fcket \u00e9s alkalmaz\u00e1sukat, kiv\u00e1laszthatja a megfelel\u0151 prompt-gener\u00e1tort, hogy fokozza kreat\u00edv folyamat\u00e1t.<\/p>\n\n\n\n<h3 class=\"wp-block-heading\" id=\"additional-resources\">Tov\u00e1bbi forr\u00e1sok<\/h3>\n\n\n\n<ul class=\"wp-block-list\">\n<li class=\"\"><strong><a href=\"https:\/\/www.aidungeon.io\/\" target=\"_blank\" rel=\"noopener\">AI Dungeon<\/a><\/strong>: Fedezze fel a kreat\u00edv \u00edr\u00e1shoz sz\u00fcks\u00e9ges interakt\u00edv felk\u00e9r\u00e9s-gener\u00e1tort.<\/li>\n\n\n\n<li class=\"\"><strong><a href=\"https:\/\/artprompts.org\/\" target=\"_blank\" rel=\"noopener\">ArtPrompts<\/a><\/strong>: Tal\u00e1ljon inspir\u00e1ci\u00f3t a k\u00f6vetkez\u0151 m\u0171v\u00e9szeti projektj\u00e9hez.<\/li>\n\n\n\n<li class=\"\"><strong><a href=\"https:\/\/www.writingexercises.co.uk\/\" target=\"_blank\" rel=\"noopener\">\u00cdr\u00e1sgyakorlatok<\/a><\/strong>: Fedezze fel a k\u00fcl\u00f6nb\u00f6z\u0151 m\u0171fajokhoz tartoz\u00f3 k\u00fcl\u00f6nb\u00f6z\u0151 \u00edr\u00e1si felk\u00e9r\u00e9seket.<\/li>\n<\/ul>","protected":false},"excerpt":{"rendered":"<p>Before Prompt Generator vs After How to use Prompt Generator If you don&#8217;t have any thoughts in your mind, click to check our Prompt Gallery *&nbsp;Depending on your internet speed, loading the model may take a few seconds. * There will be caching during continuous generation, and the new image will appear after about 5 &#8230; <a title=\"Prompt gener\u00e1tor\" class=\"read-more\" href=\"https:\/\/aiartfree.online\/hu\/prompt-generator\/\" aria-label=\"Read more about Prompt Generator\">Olvass tov\u00e1bb<\/a><\/p>","protected":false},"author":1,"featured_media":3185,"parent":0,"menu_order":0,"comment_status":"open","ping_status":"closed","template":"","meta":{"nf_dc_page":"","footnotes":""},"class_list":["post-3164","page","type-page","status-publish","has-post-thumbnail"],"jetpack_sharing_enabled":true,"_links":{"self":[{"href":"https:\/\/aiartfree.online\/hu\/wp-json\/wp\/v2\/pages\/3164","targetHints":{"allow":["GET"]}}],"collection":[{"href":"https:\/\/aiartfree.online\/hu\/wp-json\/wp\/v2\/pages"}],"about":[{"href":"https:\/\/aiartfree.online\/hu\/wp-json\/wp\/v2\/types\/page"}],"author":[{"embeddable":true,"href":"https:\/\/aiartfree.online\/hu\/wp-json\/wp\/v2\/users\/1"}],"replies":[{"embeddable":true,"href":"https:\/\/aiartfree.online\/hu\/wp-json\/wp\/v2\/comments?post=3164"}],"version-history":[{"count":0,"href":"https:\/\/aiartfree.online\/hu\/wp-json\/wp\/v2\/pages\/3164\/revisions"}],"wp:featuredmedia":[{"embeddable":true,"href":"https:\/\/aiartfree.online\/hu\/wp-json\/wp\/v2\/media\/3185"}],"wp:attachment":[{"href":"https:\/\/aiartfree.online\/hu\/wp-json\/wp\/v2\/media?parent=3164"}],"curies":[{"name":"wp","href":"https:\/\/api.w.org\/{rel}","templated":true}]}}