{"id":3116,"date":"2024-07-21T07:42:22","date_gmt":"2024-07-21T07:42:22","guid":{"rendered":"https:\/\/aiartfree.online\/?page_id=3116"},"modified":"2024-07-21T07:51:46","modified_gmt":"2024-07-21T07:51:46","slug":"free-ai-image-generator","status":"publish","type":"page","link":"https:\/\/aiartfree.online\/hu\/ingyenes-ai-kepgenerator\/","title":{"rendered":"Ingyenes AI k\u00e9pgener\u00e1tor"},"content":{"rendered":"<p class=\"has-text-align-center\">K\u00e9sz\u00edtsen \u00e9l\u00e9nk, mesters\u00e9ges intelligencia \u00e1ltal gener\u00e1lt k\u00e9peket fejlett mesters\u00e9ges intelligencia-algoritmusok \u00e9s sz\u00f6veges utas\u00edt\u00e1sok seg\u00edts\u00e9g\u00e9vel.<\/p>\n\n\n<div class=\"gb-grid-wrapper gb-grid-wrapper-060dec2f\">\n<div class=\"gb-grid-column gb-grid-column-04dcb2bb\"><div class=\"gb-container gb-container-04dcb2bb\">\n\n<figure class=\"gb-block-image gb-block-image-2373db5f\"><a href=\"https:\/\/aiartfree.online\/hu\/ingyenes-online-utazas-kozepen\/\" target=\"_blank\" rel=\"noopener noreferrer\"><img data-recalc-dims=\"1\" decoding=\"async\" loading=\"lazy\" width=\"1024\" height=\"768\" class=\"gb-image gb-image-2373db5f\" src=\"https:\/\/i0.wp.com\/aiartfree.online\/wp-content\/uploads\/2024\/07\/What-Is-Midjourney-AI-and-How-Does-It-Work-1.jpg?resize=1024%2C768&#038;ssl=1\" alt=\"Ingyenes online utaz\u00e1s f\u00e9lid\u0151ben\" title=\"Mi-az-Midjourney-AI-\u00e9s-hogyan-m\u0171k\u00f6dik-1\" srcset=\"https:\/\/i0.wp.com\/aiartfree.online\/wp-content\/uploads\/2024\/07\/What-Is-Midjourney-AI-and-How-Does-It-Work-1.jpg?w=1024&amp;ssl=1 1024w, https:\/\/i0.wp.com\/aiartfree.online\/wp-content\/uploads\/2024\/07\/What-Is-Midjourney-AI-and-How-Does-It-Work-1.jpg?resize=600%2C450&amp;ssl=1 600w, https:\/\/i0.wp.com\/aiartfree.online\/wp-content\/uploads\/2024\/07\/What-Is-Midjourney-AI-and-How-Does-It-Work-1.jpg?resize=300%2C225&amp;ssl=1 300w, https:\/\/i0.wp.com\/aiartfree.online\/wp-content\/uploads\/2024\/07\/What-Is-Midjourney-AI-and-How-Does-It-Work-1.jpg?resize=768%2C576&amp;ssl=1 768w, https:\/\/i0.wp.com\/aiartfree.online\/wp-content\/uploads\/2024\/07\/What-Is-Midjourney-AI-and-How-Does-It-Work-1.jpg?resize=16%2C12&amp;ssl=1 16w\" sizes=\"auto, (max-width: 1024px) 100vw, 1024px\" \/><\/a><\/figure>\n\n\n\n<h3 class=\"gb-headline gb-headline-b94667ce gb-headline-text\">Ingyenes online utaz\u00e1s f\u00e9lid\u0151ben<\/h3>\n\n\n\n<p class=\"gb-headline gb-headline-a433ec01 gb-headline-text\">Leny\u0171g\u00f6z\u0151 mesters\u00e9ges intelligencia \u00e1ltal gener\u00e1lt m\u0171alkot\u00e1sok l\u00e9trehoz\u00e1sa k\u00f6nnyed\u00e9n a Midjourney seg\u00edts\u00e9g\u00e9vel.<\/p>\n\n<\/div><\/div>\n\n<div class=\"gb-grid-column gb-grid-column-d389befc\"><div class=\"gb-container gb-container-d389befc\">\n\n<figure class=\"gb-block-image gb-block-image-e89bda53\"><a href=\"https:\/\/aiartfree.online\/hu\/ingyenes-online-stabil-diffuzio-3\/\" target=\"_blank\" rel=\"noopener noreferrer\"><img data-recalc-dims=\"1\" decoding=\"async\" loading=\"lazy\" width=\"1200\" height=\"686\" class=\"gb-image gb-image-e89bda53\" src=\"https:\/\/i0.wp.com\/aiartfree.online\/wp-content\/uploads\/2024\/07\/image-90.jpg?resize=1200%2C686&#038;ssl=1\" alt=\"Ingyenes online Stabil diff\u00fazi\u00f3 3\" title=\"image-90\" srcset=\"https:\/\/i0.wp.com\/aiartfree.online\/wp-content\/uploads\/2024\/07\/image-90.jpg?w=1344&amp;ssl=1 1344w, https:\/\/i0.wp.com\/aiartfree.online\/wp-content\/uploads\/2024\/07\/image-90.jpg?resize=600%2C343&amp;ssl=1 600w, https:\/\/i0.wp.com\/aiartfree.online\/wp-content\/uploads\/2024\/07\/image-90.jpg?resize=300%2C171&amp;ssl=1 300w, https:\/\/i0.wp.com\/aiartfree.online\/wp-content\/uploads\/2024\/07\/image-90.jpg?resize=1024%2C585&amp;ssl=1 1024w, https:\/\/i0.wp.com\/aiartfree.online\/wp-content\/uploads\/2024\/07\/image-90.jpg?resize=768%2C439&amp;ssl=1 768w, https:\/\/i0.wp.com\/aiartfree.online\/wp-content\/uploads\/2024\/07\/image-90.jpg?resize=18%2C10&amp;ssl=1 18w\" sizes=\"auto, (max-width: 1200px) 100vw, 1200px\" \/><\/a><\/figure>\n\n\n\n<h3 class=\"gb-headline gb-headline-adce07b4 gb-headline-text\">Stabil diff\u00fazi\u00f3 3<\/h3>\n\n\n\n<p class=\"gb-headline gb-headline-499da18c gb-headline-text\">A Stable Diffusion 3 seg\u00edts\u00e9g\u00e9vel a legmodernebb mesters\u00e9ges intelligencia algoritmusokkal k\u00e9sz\u00edthet k\u00e9peket.<\/p>\n\n<\/div><\/div>\n\n<div class=\"gb-grid-column gb-grid-column-5c592b98\"><div class=\"gb-container gb-container-5c592b98\">\n\n<figure class=\".wp-block-image {  position: relative; overflow: hidden; } img max-width: 100%; transition: transform 0.3s; .wp-block-image:hover transform: scale(1.2); gb-block-image gb-block-image-357d3677\"><a href=\"https:\/\/aiartfree.online\/hu\/ingyenes-dalle-3\/\" target=\"_blank\" rel=\"noopener noreferrer\"><img data-recalc-dims=\"1\" decoding=\"async\" loading=\"lazy\" width=\"1200\" height=\"1200\" class=\"gb-image gb-image-357d3677 .wp-block-image {     position: relative;     overflow: hidden; } .wp-block-image img {     max-width: 100%;     transition: transform 0.3s; } .wp-block-image:hover img {     transform: scale(1.2); }\" src=\"https:\/\/i0.wp.com\/aiartfree.online\/wp-content\/uploads\/2024\/07\/avocado-square-1-1-1-1-1-1-1-1-1-1-1-1-1.jpg?resize=1200%2C1200&#038;ssl=1\" alt=\"Ingyenes online DALL-E 3\" title=\"avok\u00e1d\u00f3 n\u00e9gyzet (1) (1) (1) (1) (1) (1) (1) (1) (1) (1) (1) (1) (1) (1) (1) (1) (1) (1) (1) (1) (1)\" srcset=\"https:\/\/i0.wp.com\/aiartfree.online\/wp-content\/uploads\/2024\/07\/avocado-square-1-1-1-1-1-1-1-1-1-1-1-1-1.jpg?w=1792&amp;ssl=1 1792w, https:\/\/i0.wp.com\/aiartfree.online\/wp-content\/uploads\/2024\/07\/avocado-square-1-1-1-1-1-1-1-1-1-1-1-1-1.jpg?resize=300%2C300&amp;ssl=1 300w, https:\/\/i0.wp.com\/aiartfree.online\/wp-content\/uploads\/2024\/07\/avocado-square-1-1-1-1-1-1-1-1-1-1-1-1-1.jpg?resize=100%2C100&amp;ssl=1 100w, https:\/\/i0.wp.com\/aiartfree.online\/wp-content\/uploads\/2024\/07\/avocado-square-1-1-1-1-1-1-1-1-1-1-1-1-1.jpg?resize=600%2C600&amp;ssl=1 600w, https:\/\/i0.wp.com\/aiartfree.online\/wp-content\/uploads\/2024\/07\/avocado-square-1-1-1-1-1-1-1-1-1-1-1-1-1.jpg?resize=1024%2C1024&amp;ssl=1 1024w, https:\/\/i0.wp.com\/aiartfree.online\/wp-content\/uploads\/2024\/07\/avocado-square-1-1-1-1-1-1-1-1-1-1-1-1-1.jpg?resize=150%2C150&amp;ssl=1 150w, https:\/\/i0.wp.com\/aiartfree.online\/wp-content\/uploads\/2024\/07\/avocado-square-1-1-1-1-1-1-1-1-1-1-1-1-1.jpg?resize=768%2C768&amp;ssl=1 768w, https:\/\/i0.wp.com\/aiartfree.online\/wp-content\/uploads\/2024\/07\/avocado-square-1-1-1-1-1-1-1-1-1-1-1-1-1.jpg?resize=1536%2C1536&amp;ssl=1 1536w, https:\/\/i0.wp.com\/aiartfree.online\/wp-content\/uploads\/2024\/07\/avocado-square-1-1-1-1-1-1-1-1-1-1-1-1-1.jpg?resize=12%2C12&amp;ssl=1 12w\" sizes=\"auto, (max-width: 1200px) 100vw, 1200px\" \/><\/a><\/figure>\n\n\n\n<h3 class=\"gb-headline gb-headline-757b1ea4 gb-headline-text\">DALL-E 3<\/h3>\n\n\n\n<p class=\"gb-headline gb-headline-fe2eab63 gb-headline-text\">Fedezd fel a kreat\u00edv lehet\u0151s\u00e9geket a Free Online DALL-E 3 ingyenesen.<\/p>\n\n<\/div><\/div>\n\n<div class=\"gb-grid-column gb-grid-column-f814b0e2\"><div class=\"gb-container gb-container-f814b0e2\">\n\n<figure class=\".wp-block-image {  position: relative; overflow: hidden; } img max-width: 100%; transition: transform 0.3s; .wp-block-image:hover transform: scale(1.2); gb-block-image gb-block-image-c52efc8e\"><a href=\"https:\/\/aiartfree.online\/hu\/bing-ai-kepgenerator\/\" target=\"_blank\" rel=\"noopener noreferrer\"><img data-recalc-dims=\"1\" decoding=\"async\" loading=\"lazy\" width=\"1024\" height=\"1024\" class=\"gb-image gb-image-c52efc8e .wp-block-image {     position: relative;     overflow: hidden; } .wp-block-image img {     max-width: 100%;     transition: transform 0.3s; } .wp-block-image:hover img {     transform: scale(1.2); }\" src=\"https:\/\/i0.wp.com\/aiartfree.online\/wp-content\/uploads\/2024\/07\/b9cb406d-bffd-446e-9f65-c20776dc6cda.jpg?resize=1024%2C1024&#038;ssl=1\" alt=\"\" title=\"b9cb406d-bffd-446e-9f65-c20776dc6cda\" srcset=\"https:\/\/i0.wp.com\/aiartfree.online\/wp-content\/uploads\/2024\/07\/b9cb406d-bffd-446e-9f65-c20776dc6cda.jpg?w=1024&amp;ssl=1 1024w, https:\/\/i0.wp.com\/aiartfree.online\/wp-content\/uploads\/2024\/07\/b9cb406d-bffd-446e-9f65-c20776dc6cda.jpg?resize=300%2C300&amp;ssl=1 300w, https:\/\/i0.wp.com\/aiartfree.online\/wp-content\/uploads\/2024\/07\/b9cb406d-bffd-446e-9f65-c20776dc6cda.jpg?resize=150%2C150&amp;ssl=1 150w, https:\/\/i0.wp.com\/aiartfree.online\/wp-content\/uploads\/2024\/07\/b9cb406d-bffd-446e-9f65-c20776dc6cda.jpg?resize=768%2C768&amp;ssl=1 768w, https:\/\/i0.wp.com\/aiartfree.online\/wp-content\/uploads\/2024\/07\/b9cb406d-bffd-446e-9f65-c20776dc6cda.jpg?resize=12%2C12&amp;ssl=1 12w, https:\/\/i0.wp.com\/aiartfree.online\/wp-content\/uploads\/2024\/07\/b9cb406d-bffd-446e-9f65-c20776dc6cda.jpg?resize=600%2C600&amp;ssl=1 600w, https:\/\/i0.wp.com\/aiartfree.online\/wp-content\/uploads\/2024\/07\/b9cb406d-bffd-446e-9f65-c20776dc6cda.jpg?resize=100%2C100&amp;ssl=1 100w\" sizes=\"auto, (max-width: 1024px) 100vw, 1024px\" \/><\/a><\/figure>\n\n\n\n<h3 class=\"gb-headline gb-headline-44aa6af8 gb-headline-text\">Bing AI k\u00e9pgener\u00e1tor<\/h3>\n\n\n\n<p class=\"gb-headline gb-headline-27d06265 gb-headline-text\">A Bing AI Image Generator seg\u00edts\u00e9g\u00e9vel leny\u0171g\u00f6z\u0151 AI-gener\u00e1lt k\u00e9peket hozhat l\u00e9tre egyszer\u0171 sz\u00f6veges k\u00e9r\u00e9ssel.<\/p>\n\n<\/div><\/div>\n<\/div>\n\n\n<div style=\"height:100px\" aria-hidden=\"true\" class=\"wp-block-spacer\"><\/div>\n\n\n\n<h2 class=\"wp-block-heading has-text-align-center\" id=\"what-is-a-free-ai-image-generator\"><strong>Ingyenes AI k\u00e9pgener\u00e1tor: Forradalmas\u00edtja a vizu\u00e1lis tartalomk\u00e9sz\u00edt\u00e9st<\/strong><a href=\"https:\/\/dromerosm-groq-llama3.hf.space\/#what-is-a-free-ai-image-generator\" target=\"_blank\" rel=\"noopener\"><\/a><\/h2>\n\n\n\n<h3 class=\"wp-block-heading\" id=\"outline\"><a href=\"https:\/\/dromerosm-groq-llama3.hf.space\/#outline\" target=\"_blank\" rel=\"noopener\"><\/a>V\u00e1zlat:<\/h3>\n\n\n\n<ul class=\"wp-block-list\">\n<li class=\"\">Mi az az ingyenes AI k\u00e9pgener\u00e1tor?<\/li>\n\n\n\n<li class=\"\">Az ingyenes AI k\u00e9pgener\u00e1torok jelent\u0151s\u00e9ge<\/li>\n\n\n\n<li class=\"\">Az ingyenes AI k\u00e9pgener\u00e1tor haszn\u00e1lat\u00e1nak el\u0151nyei<\/li>\n\n\n\n<li class=\"\">Alkalmas forgat\u00f3k\u00f6nyvek az ingyenes AI k\u00e9pgener\u00e1tor haszn\u00e1lat\u00e1hoz<\/li>\n\n\n\n<li class=\"\">Ki haszn\u00e1lhatja az ingyenes AI k\u00e9pgener\u00e1tort?<\/li>\n\n\n\n<li class=\"\">Top 10 kapcsol\u00f3d\u00f3 eszk\u00f6z \u00e9s el\u0151ny\u00f6k \u00e9s h\u00e1tr\u00e1nyok<\/li>\n\n\n\n<li class=\"\">10 GYIK<\/li>\n<\/ul>\n\n\n\n<h3 class=\"wp-block-heading\" id=\"what-is-a-free-ai-image-generator\"><a href=\"https:\/\/dromerosm-groq-llama3.hf.space\/#what-is-a-free-ai-image-generator\" target=\"_blank\" rel=\"noopener\"><\/a><strong>Mi az az ingyenes AI k\u00e9pgener\u00e1tor?<\/strong><\/h3>\n\n\n\n<p class=\"\">Az ingyenes mesters\u00e9ges intelligencia k\u00e9pgener\u00e1tor egy olyan online eszk\u00f6z, amely mesters\u00e9ges intelligenci\u00e1t (AI) haszn\u00e1l a felhaszn\u00e1l\u00f3 \u00e1ltal megadott adatok, p\u00e9ld\u00e1ul sz\u00f6veges utas\u00edt\u00e1sok vagy egyszer\u0171 v\u00e1zlatok alapj\u00e1n kiv\u00e1l\u00f3 min\u0151s\u00e9g\u0171 k\u00e9pek l\u00e9trehoz\u00e1s\u00e1ra. Ezek az eszk\u00f6z\u00f6k g\u00e9pi tanul\u00e1si algoritmusokat \u00e9s generat\u00edv AI-technik\u00e1kat, p\u00e9ld\u00e1ul stabil diff\u00fazi\u00f3t haszn\u00e1lnak egyedi \u00e9s val\u00f3s\u00e1gh\u0171 k\u00e9pek l\u00e9trehoz\u00e1s\u00e1hoz.<\/p>\n\n\n\n<p class=\"\">Az ingyenes AI k\u00e9pgener\u00e1torok elterjed\u00e9se demokratiz\u00e1lta a vizu\u00e1lis tartalomk\u00e9sz\u00edt\u00e9s ter\u00fclet\u00e9t, lehet\u0151v\u00e9 t\u00e9ve b\u00e1rki sz\u00e1m\u00e1ra, hogy professzion\u00e1lis min\u0151s\u00e9g\u0171 k\u00e9peket k\u00e9sz\u00edtsen an\u00e9lk\u00fcl, hogy sz\u00e9lesk\u00f6r\u0171 m\u0171v\u00e9szi k\u00e9szs\u00e9gekre vagy tapasztalatra lenne sz\u00fcks\u00e9g.<\/p>\n\n\n\n<h3 class=\"wp-block-heading\" id=\"importance-of-free-ai-image-generators\"><a href=\"https:\/\/dromerosm-groq-llama3.hf.space\/#importance-of-free-ai-image-generators\" target=\"_blank\" rel=\"noopener\"><\/a><strong>Az ingyenes AI k\u00e9pgener\u00e1torok jelent\u0151s\u00e9ge<\/strong><\/h3>\n\n\n\n<p class=\"\">Az ingyenes AI k\u00e9pgener\u00e1torok n\u00e9lk\u00fcl\u00f6zhetetlenn\u00e9 v\u00e1ltak a k\u00fcl\u00f6nb\u00f6z\u0151 ipar\u00e1gak sz\u00e1m\u00e1ra, bele\u00e9rtve a k\u00f6z\u00f6ss\u00e9gi m\u00e9di\u00e1t, a rekl\u00e1mot \u00e9s a tervez\u00e9st. Sz\u00e1mos el\u0151nyt k\u00edn\u00e1lnak, t\u00f6bbek k\u00f6z\u00f6tt:<\/p>\n\n\n\n<ul class=\"wp-block-list\">\n<li class=\"\"><strong>Id\u0151megtakar\u00edt\u00e1s<\/strong>: Az ingyenes AI k\u00e9pgener\u00e1torok percek alatt kiv\u00e1l\u00f3 min\u0151s\u00e9g\u0171 k\u00e9peket \u00e1ll\u00edthatnak el\u0151, \u00edgy a felhaszn\u00e1l\u00f3knak t\u00f6bb \u00f3r\u00e1nyi k\u00e9zi munk\u00e1t takar\u00edthatnak meg.<\/li>\n\n\n\n<li class=\"\"><strong>K\u00f6lts\u00e9ghat\u00e9kony<\/strong>: Ezek az eszk\u00f6z\u00f6k kik\u00fcsz\u00f6b\u00f6lik az emberi tervez\u0151k felv\u00e9tel\u00e9t vagy a dr\u00e1ga szoftverek megv\u00e1s\u00e1rl\u00e1s\u00e1t.<\/li>\n\n\n\n<li class=\"\"><strong>Kreat\u00edv szabads\u00e1g<\/strong>: Az ingyenes AI k\u00e9pgener\u00e1torok lehet\u0151v\u00e9 teszik a felhaszn\u00e1l\u00f3k sz\u00e1m\u00e1ra, hogy k\u00fcl\u00f6nb\u00f6z\u0151 st\u00edlusokkal, t\u00e9m\u00e1kkal \u00e9s \u00f6tletekkel k\u00eds\u00e9rletezzenek, el\u0151seg\u00edtve ezzel a kreativit\u00e1st \u00e9s az innov\u00e1ci\u00f3t.<\/li>\n<\/ul>\n\n\n\n<h3 class=\"wp-block-heading\" id=\"benefits-of-using-a-free-ai-image-generator\"><a href=\"https:\/\/dromerosm-groq-llama3.hf.space\/#benefits-of-using-a-free-ai-image-generator\" target=\"_blank\" rel=\"noopener\"><\/a><strong>Az ingyenes AI k\u00e9pgener\u00e1tor haszn\u00e1lat\u00e1nak el\u0151nyei<\/strong><\/h3>\n\n\n\n<p class=\"\">Az ingyenes AI k\u00e9pgener\u00e1tor haszn\u00e1lata sz\u00e1mos el\u0151nnyel j\u00e1rhat, t\u00f6bbek k\u00f6z\u00f6tt:<\/p>\n\n\n\n<ul class=\"wp-block-list\">\n<li class=\"\"><strong>Professzion\u00e1lis min\u0151s\u00e9g\u0171 k\u00e9pek<\/strong>: Az ingyenes AI k\u00e9pgener\u00e1torok olyan k\u00e9peket tudnak el\u0151\u00e1ll\u00edtani, amelyek vetekednek az emberi tervez\u0151k k\u00e9p\u00e9vel, \u00edgy a felhaszn\u00e1l\u00f3k professzion\u00e1lis min\u0151s\u00e9g\u0171 kimenetet kapnak a magas \u00e1rc\u00e9dula n\u00e9lk\u00fcl.<\/li>\n\n\n\n<li class=\"\"><strong>Fokozott termel\u00e9kenys\u00e9g<\/strong>: A gyors \u00e9s hat\u00e9kony k\u00e9pgener\u00e1l\u00e1s lehet\u0151v\u00e9 teszi, hogy a felhaszn\u00e1l\u00f3k a projektjeik m\u00e1s aspektusaira koncentr\u00e1lhassanak, jav\u00edtva ezzel az \u00e1ltal\u00e1nos termel\u00e9kenys\u00e9get.<\/li>\n\n\n\n<li class=\"\"><strong>Korl\u00e1tlan kreativit\u00e1s<\/strong>: Az ingyenes AI k\u00e9pgener\u00e1torok a kreat\u00edv lehet\u0151s\u00e9gek sz\u00e9les sk\u00e1l\u00e1j\u00e1t k\u00edn\u00e1lj\u00e1k, lehet\u0151v\u00e9 t\u00e9ve a felhaszn\u00e1l\u00f3k sz\u00e1m\u00e1ra, hogy k\u00fcl\u00f6nb\u00f6z\u0151 st\u00edlusokkal, t\u00e9m\u00e1kkal \u00e9s \u00f6tletekkel k\u00eds\u00e9rletezzenek.<\/li>\n<\/ul>\n\n\n\n<h3 class=\"wp-block-heading\" id=\"suitable-scenarios-for-using-a-free-ai-image-generator\"><a href=\"https:\/\/dromerosm-groq-llama3.hf.space\/#suitable-scenarios-for-using-a-free-ai-image-generator\" target=\"_blank\" rel=\"noopener\"><\/a><strong>Alkalmas forgat\u00f3k\u00f6nyvek az ingyenes AI k\u00e9pgener\u00e1tor haszn\u00e1lat\u00e1hoz<\/strong><\/h3>\n\n\n\n<p class=\"\">Az ingyenes AI k\u00e9pgener\u00e1torok k\u00fcl\u00f6nb\u00f6z\u0151 forgat\u00f3k\u00f6nyvekhez alkalmasak, t\u00f6bbek k\u00f6z\u00f6tt:<\/p>\n\n\n\n<ul class=\"wp-block-list\">\n<li class=\"\"><strong>K\u00f6z\u00f6ss\u00e9gi m\u00e9dia tartalom l\u00e9trehoz\u00e1sa<\/strong>: K\u00f6nnyed\u00e9n k\u00e9sz\u00edthet szemet gy\u00f6ny\u00f6rk\u00f6dtet\u0151 k\u00f6z\u00f6ss\u00e9gi m\u00e9dia posztokat, bannereket \u00e9s hirdet\u00e9seket.<\/li>\n\n\n\n<li class=\"\"><strong>Rekl\u00e1m \u00e9s marketing<\/strong>: Haszn\u00e1lja az ingyenes AI k\u00e9pgener\u00e1torokat leny\u0171g\u00f6z\u0151 rekl\u00e1mok, sz\u00f3r\u00f3lapok \u00e9s prom\u00f3ci\u00f3s anyagok k\u00e9sz\u00edt\u00e9s\u00e9hez.<\/li>\n\n\n\n<li class=\"\"><strong>Tervez\u00e9si \u00e9s m\u0171v\u00e9szeti projektek<\/strong>: K\u00eds\u00e9rletezzen k\u00fcl\u00f6nb\u00f6z\u0151 st\u00edlusokkal \u00e9s t\u00e9m\u00e1kkal, hogy egyedi m\u0171alkot\u00e1sokat, illusztr\u00e1ci\u00f3kat \u00e9s terveket hozzon l\u00e9tre.<\/li>\n<\/ul>\n\n\n\n<h3 class=\"wp-block-heading\" id=\"who-can-use-a-free-ai-image-generator\"><a href=\"https:\/\/dromerosm-groq-llama3.hf.space\/#who-can-use-a-free-ai-image-generator\" target=\"_blank\" rel=\"noopener\"><\/a><strong>Ki haszn\u00e1lhatja az ingyenes AI k\u00e9pgener\u00e1tort?<\/strong><\/h3>\n\n\n\n<p class=\"\">B\u00e1rki haszn\u00e1lhat ingyenes AI k\u00e9pgener\u00e1tort, f\u00fcggetlen\u00fcl a m\u0171v\u00e9szi k\u00e9pess\u00e9geikt\u0151l vagy tapasztalatukt\u00f3l. Ezek az eszk\u00f6z\u00f6k t\u00f6k\u00e9letesek:<\/p>\n\n\n\n<ul class=\"wp-block-list\">\n<li class=\"\"><strong>Marketing szakemberek<\/strong>: K\u00f6nnyed\u00e9n hozzon l\u00e9tre mag\u00e1val ragad\u00f3 k\u00f6z\u00f6ss\u00e9gi m\u00e9dia tartalmakat \u00e9s hirdet\u00e9seket.<\/li>\n\n\n\n<li class=\"\"><strong>Tervez\u0151k \u00e9s m\u0171v\u00e9szek<\/strong>: K\u00eds\u00e9rletezzenek \u00faj st\u00edlusokkal \u00e9s t\u00e9m\u00e1kkal, vagy haszn\u00e1lj\u00e1k az ingyenes AI k\u00e9pgener\u00e1torokat projektjeik kiindul\u00f3pontjak\u00e9nt.<\/li>\n\n\n\n<li class=\"\"><strong>Kisv\u00e1llalkoz\u00f3k<\/strong>: K\u00e9sz\u00edtsen professzion\u00e1lis min\u0151s\u00e9g\u0171 k\u00e9peket an\u00e9lk\u00fcl, hogy a bankot t\u00f6nkretenn\u00e9.<\/li>\n<\/ul>\n\n\n\n<h3 class=\"wp-block-heading\" id=\"top-10-related-tools-and-pros-cons\"><a href=\"https:\/\/dromerosm-groq-llama3.hf.space\/#top-10-related-tools-and-pros-cons\" target=\"_blank\" rel=\"noopener\"><\/a><strong>Top 10 kapcsol\u00f3d\u00f3 eszk\u00f6z \u00e9s el\u0151ny\u00f6k \u00e9s h\u00e1tr\u00e1nyok<\/strong><\/h3>\n\n\n\n<p class=\"\">\u00cdme az ingyenes AI k\u00e9pgener\u00e1torok 10 legjobb kapcsol\u00f3d\u00f3 eszk\u00f6ze, valamint azok el\u0151nyei \u00e9s h\u00e1tr\u00e1nyai:<\/p>\n\n\n\n<figure class=\"wp-block-table\"><table class=\"has-fixed-layout\"><thead><tr><th>Szersz\u00e1m<\/th><th>El\u0151ny\u00f6k<\/th><th>H\u00e1tr\u00e1nyok<\/th><\/tr><\/thead><tbody><tr><td><a href=\"https:\/\/aiartfree.online\/hu\/ingyenes-ai-kepgenerator\/\" target=\"_blank\" rel=\"noreferrer noopener\">AI Art Free Online<\/a><\/td><td>Felhaszn\u00e1l\u00f3bar\u00e1t fel\u00fclet, kiv\u00e1l\u00f3 min\u0151s\u00e9g\u0171 kimenet<\/td><td>Korl\u00e1tozott testreszab\u00e1si lehet\u0151s\u00e9gek<\/td><\/tr><tr><td>M\u00e9ly \u00e1lom gener\u00e1tor<\/td><td>Egyedi, \u00e1lomszer\u0171 k\u00e9pek<\/td><td>Korl\u00e1tozott ellen\u0151rz\u00e9s a kimenet felett<\/td><\/tr><tr><td>Prisma<\/td><td>A f\u00e9nyk\u00e9peket k\u00fcl\u00f6nb\u00f6z\u0151 st\u00edlus\u00fa m\u0171alkot\u00e1sokk\u00e1 alak\u00edtja \u00e1t<\/td><td>Korl\u00e1tozott testreszab\u00e1si lehet\u0151s\u00e9gek<\/td><\/tr><tr><td>Artbreeder<\/td><td>Interakt\u00edv, felhaszn\u00e1l\u00f3 \u00e1ltal vez\u00e9relt k\u00e9pk\u00e9sz\u00edt\u00e9s<\/td><td>Meredek tanul\u00e1si g\u00f6rbe<\/td><\/tr><tr><td>Dreamscope<\/td><td>AI-alap\u00fa k\u00e9pgener\u00e1tor k\u00fcl\u00f6nb\u00f6z\u0151 st\u00edlusokkal<\/td><td>Korl\u00e1tozott ellen\u0151rz\u00e9s a kimenet felett<\/td><\/tr><tr><td>AI fest\u0151<\/td><td>Val\u00f3s\u00e1gh\u0171 olajfestm\u00e9ny-st\u00edlus\u00fa k\u00e9peket hoz l\u00e9tre<\/td><td>Korl\u00e1tozott testreszab\u00e1si lehet\u0151s\u00e9gek<\/td><\/tr><tr><td>AI portr\u00e9k<\/td><td>A f\u00e9nyk\u00e9peket mesters\u00e9ges intelligencia \u00e1ltal gener\u00e1lt portr\u00e9kk\u00e1 alak\u00edtja \u00e1t<\/td><td>Korl\u00e1tozott ellen\u0151rz\u00e9s a kimenet felett<\/td><\/tr><tr><td>MyDeepArt<\/td><td>Felhaszn\u00e1l\u00f3bar\u00e1t fel\u00fclet, kiv\u00e1l\u00f3 min\u0151s\u00e9g\u0171 kimenet<\/td><td>Korl\u00e1tozott testreszab\u00e1si lehet\u0151s\u00e9gek<\/td><\/tr><tr><td>AI Art Maker<\/td><td>Egyedi, absztrakt k\u00e9peket hoz l\u00e9tre<\/td><td>Korl\u00e1tozott ellen\u0151rz\u00e9s a kimenet felett<\/td><\/tr><tr><td>PaintsChainer<\/td><td>AI-alap\u00fa festm\u00e9nygener\u00e1tor k\u00fcl\u00f6nb\u00f6z\u0151 st\u00edlusokkal<\/td><td>Meredek tanul\u00e1si g\u00f6rbe<\/td><\/tr><\/tbody><\/table><\/figure>\n\n\n\n<h3 class=\"wp-block-heading\" id=\"10-faqs\"><a href=\"https:\/\/dromerosm-groq-llama3.hf.space\/#10-faqs\" target=\"_blank\" rel=\"noopener\"><\/a><strong>10 GYIK<\/strong><\/h3>\n\n\n\n<p class=\"\">\u00cdme a 10 leggyakrabban feltett k\u00e9rd\u00e9s az ingyenes AI k\u00e9pgener\u00e1torokkal kapcsolatban:<\/p>\n\n\n\n<ol class=\"wp-block-list\">\n<li class=\"\"><strong>Mi az az ingyenes AI k\u00e9pgener\u00e1tor?<\/strong>\u00a0Az ingyenes AI k\u00e9pgener\u00e1tor egy olyan online eszk\u00f6z, amely mesters\u00e9ges intelligenci\u00e1t haszn\u00e1l a felhaszn\u00e1l\u00f3 \u00e1ltal megadott adatok alapj\u00e1n kiv\u00e1l\u00f3 min\u0151s\u00e9g\u0171 k\u00e9pek l\u00e9trehoz\u00e1s\u00e1ra.<\/li>\n\n\n\n<li class=\"\"><strong>Hogyan m\u0171k\u00f6dnek az ingyenes AI k\u00e9pgener\u00e1torok?<\/strong>\u00a0Az ingyenes AI k\u00e9pgener\u00e1torok g\u00e9pi tanul\u00e1si algoritmusokat \u00e9s generat\u00edv AI technik\u00e1kat haszn\u00e1lnak egyedi \u00e9s val\u00f3s\u00e1gh\u0171 k\u00e9pek l\u00e9trehoz\u00e1s\u00e1hoz.<\/li>\n\n\n\n<li class=\"\"><strong>Milyen el\u0151ny\u00f6kkel j\u00e1r az ingyenes AI k\u00e9pgener\u00e1tor haszn\u00e1lata?<\/strong>\u00a0Az ingyenes AI k\u00e9pgener\u00e1torok id\u0151takar\u00e9kos, k\u00f6lts\u00e9ghat\u00e9kony \u00e9s kreat\u00edv szabads\u00e1got biztos\u00edt\u00f3 el\u0151ny\u00f6ket k\u00edn\u00e1lnak.<\/li>\n\n\n\n<li class=\"\"><strong>Tud valaki haszn\u00e1lni egy ingyenes AI k\u00e9pgener\u00e1tort?<\/strong>\u00a0Igen, b\u00e1rki haszn\u00e1lhat ingyenes AI k\u00e9pgener\u00e1tort, f\u00fcggetlen\u00fcl a m\u0171v\u00e9szi k\u00e9pess\u00e9geit\u0151l vagy tapasztalat\u00e1t\u00f3l.<\/li>\n\n\n\n<li class=\"\"><strong>Melyek a megfelel\u0151 forgat\u00f3k\u00f6nyvek az ingyenes AI k\u00e9pgener\u00e1tor haszn\u00e1lat\u00e1ra?<\/strong>\u00a0Az ingyenes AI k\u00e9pgener\u00e1torok alkalmasak a k\u00f6z\u00f6ss\u00e9gi m\u00e9dia tartalomk\u00e9sz\u00edt\u00e9shez, rekl\u00e1mhoz, tervez\u00e9shez \u00e9s m\u0171v\u00e9szeti projektekhez.<\/li>\n\n\n\n<li class=\"\"><strong>Hogyan haszn\u00e1lhatok egy ingyenes AI k\u00e9pgener\u00e1tort?<\/strong>\u00a0Egyszer\u0171en adja meg a sz\u00f6veges k\u00e9r\u00e9st vagy egyszer\u0171 v\u00e1zlatot, \u00e9s az eszk\u00f6z egyedi k\u00e9pet gener\u00e1l.<\/li>\n\n\n\n<li class=\"\"><strong>Milyen min\u0151s\u00e9g\u0171ek az ingyenes AI k\u00e9pgener\u00e1torok \u00e1ltal gener\u00e1lt k\u00e9pek?<\/strong>\u00a0Az ingyenes AI k\u00e9pgener\u00e1torok olyan professzion\u00e1lis min\u0151s\u00e9g\u0171 k\u00e9peket tudnak el\u0151\u00e1ll\u00edtani, amelyek vetekednek az emberi tervez\u0151k k\u00e9p\u00e9vel.<\/li>\n\n\n\n<li class=\"\"><strong>Testreszabhatom az ingyenes AI k\u00e9pgener\u00e1tor kimenet\u00e9t?<\/strong>\u00a0Egyes ingyenes AI k\u00e9pgener\u00e1torok korl\u00e1tozott testreszab\u00e1si lehet\u0151s\u00e9geket k\u00edn\u00e1lnak, m\u00edg m\u00e1sok fejlettebb vez\u00e9rl\u00e9st biztos\u00edtanak.<\/li>\n\n\n\n<li class=\"\"><strong>K\u00f6nnyen haszn\u00e1lhat\u00f3ak az ingyenes AI k\u00e9pgener\u00e1torok?<\/strong>\u00a0Igen, a legt\u00f6bb ingyenes AI k\u00e9pgener\u00e1tornak felhaszn\u00e1l\u00f3bar\u00e1t fel\u00fclete van, amely megk\u00f6nny\u00edti a k\u00e9pek l\u00e9trehoz\u00e1s\u00e1t.<\/li>\n\n\n\n<li class=\"\"><strong>Az ingyenes AI k\u00e9pgener\u00e1torok ingyenesen haszn\u00e1lhat\u00f3k?<\/strong>\u00a0Igen, a legt\u00f6bb ingyenes AI-k\u00e9pgener\u00e1tor ingyenesen haszn\u00e1lhat\u00f3, n\u00e9h\u00e1nyuk pr\u00e9mium funkci\u00f3kat vagy el\u0151fizet\u00e9st k\u00edn\u00e1l.<\/li>\n<\/ol>","protected":false},"excerpt":{"rendered":"<p>Create vibrant AI-generated images using advanced AI algorithms and text prompts. Free AI Image Generator: Revolutionizing Visual Content Creation Outline: What is a Free AI Image Generator? A free AI image generator is an online tool that uses artificial intelligence (AI) to generate high-quality images based on user input, such as text prompts or simple &#8230; <a title=\"Ingyenes AI k\u00e9pgener\u00e1tor\" class=\"read-more\" href=\"https:\/\/aiartfree.online\/hu\/ingyenes-ai-kepgenerator\/\" aria-label=\"Read more about Free AI Image Generator\">Olvass tov\u00e1bb<\/a><\/p>","protected":false},"author":1,"featured_media":0,"parent":0,"menu_order":0,"comment_status":"closed","ping_status":"closed","template":"","meta":{"nf_dc_page":"","footnotes":""},"class_list":["post-3116","page","type-page","status-publish"],"jetpack_sharing_enabled":true,"_links":{"self":[{"href":"https:\/\/aiartfree.online\/hu\/wp-json\/wp\/v2\/pages\/3116","targetHints":{"allow":["GET"]}}],"collection":[{"href":"https:\/\/aiartfree.online\/hu\/wp-json\/wp\/v2\/pages"}],"about":[{"href":"https:\/\/aiartfree.online\/hu\/wp-json\/wp\/v2\/types\/page"}],"author":[{"embeddable":true,"href":"https:\/\/aiartfree.online\/hu\/wp-json\/wp\/v2\/users\/1"}],"replies":[{"embeddable":true,"href":"https:\/\/aiartfree.online\/hu\/wp-json\/wp\/v2\/comments?post=3116"}],"version-history":[{"count":0,"href":"https:\/\/aiartfree.online\/hu\/wp-json\/wp\/v2\/pages\/3116\/revisions"}],"wp:attachment":[{"href":"https:\/\/aiartfree.online\/hu\/wp-json\/wp\/v2\/media?parent=3116"}],"curies":[{"name":"wp","href":"https:\/\/api.w.org\/{rel}","templated":true}]}}