{"id":2993,"date":"2024-07-19T18:13:29","date_gmt":"2024-07-19T18:13:29","guid":{"rendered":"https:\/\/aiartfree.online\/?page_id=2993"},"modified":"2025-03-07T08:22:54","modified_gmt":"2025-03-07T08:22:54","slug":"ai-video-generator","status":"publish","type":"page","link":"https:\/\/aiartfree.online\/hu\/ai-video-generator\/","title":{"rendered":"AI vide\u00f3 gener\u00e1tor"},"content":{"rendered":"<h2 class=\"wp-block-heading has-text-align-center\">Amit m\u00e1s felhaszn\u00e1l\u00f3k k\u00e9sz\u00edtettek az AI Video Generator seg\u00edts\u00e9g\u00e9vel<\/h2>\n\n\n\n<p class=\"has-text-align-center\">Prompt: 1 l\u00e1ny, v\u00e1ll n\u00e9lk\u00fcli, k\u00f6nny\u0171 mosoly, f\u00e9nyes b\u0151r, legjobb min\u0151s\u00e9g, remekm\u0171, fot\u00f3realisztikus, megfordul\u00e1s<\/p>\n\n\n\n<figure class=\"gb-block-image gb-block-image-1822da1f\"><img data-recalc-dims=\"1\" decoding=\"async\" loading=\"lazy\" width=\"512\" height=\"512\" class=\"gb-image gb-image-1822da1f\" src=\"https:\/\/i0.wp.com\/aiartfree.online\/wp-content\/uploads\/2024\/08\/ezgif-3-82e27c0ca1.gif?resize=512%2C512&#038;ssl=1\" alt=\"K\u00e9sz\u00edtsen leny\u0171g\u00f6z\u0151 vide\u00f3kat k\u00f6nnyed\u00e9n az AI Video Generator seg\u00edts\u00e9g\u00e9vel. \u00c9lvezze az 100% ingyenes, korl\u00e1tlan haszn\u00e1lat\u00e1t regisztr\u00e1ci\u00f3 n\u00e9lk\u00fcl. T\u00f6k\u00e9letes tartalomk\u00e9sz\u00edt\u0151k, marketingesek \u00e9s oktat\u00f3k sz\u00e1m\u00e1ra, akik kiv\u00e1l\u00f3 min\u0151s\u00e9g\u0171, AI-alap\u00fa vide\u00f3k\u00e9sz\u00edt\u00e9st keresnek.\" title=\"ezgif-3-82e27c0ca1\"\/><\/figure>\n\n\n\n<h2 class=\"wp-block-heading\">3 l\u00e9p\u00e9s az AI Video Generator haszn\u00e1lat\u00e1hoz<\/h2>\n\n\n\n<ol class=\"wp-block-list\">\n<li class=\"\">Adja meg a promptot<\/li>\n\n\n\n<li class=\"\">Kattintson az \"Anim\u00e1l\u00e1s\" gombra<\/li>\n\n\n\n<li class=\"\">V\u00e1rj, ez az!<\/li>\n<\/ol>\n\n\n\n<figure class=\"gb-block-image gb-block-image-4dfafe81\"><a href=\"https:\/\/fas.st\/t\/XmtmoHSk\" target=\"_blank\" rel=\"noopener noreferrer\"><img data-recalc-dims=\"1\" decoding=\"async\" loading=\"lazy\" width=\"1200\" height=\"368\" class=\"gb-image gb-image-4dfafe81\" src=\"https:\/\/i0.wp.com\/aiartfree.online\/wp-content\/uploads\/2025\/03\/WX20250307-114300%402x.webp?resize=1200%2C368&#038;ssl=1\" alt=\"\" title=\"WX20250307-114300@2x\" srcset=\"https:\/\/i0.wp.com\/aiartfree.online\/wp-content\/uploads\/2025\/03\/WX20250307-114300%402x.webp?w=1900&amp;ssl=1 1900w, https:\/\/i0.wp.com\/aiartfree.online\/wp-content\/uploads\/2025\/03\/WX20250307-114300%402x.webp?resize=300%2C92&amp;ssl=1 300w, https:\/\/i0.wp.com\/aiartfree.online\/wp-content\/uploads\/2025\/03\/WX20250307-114300%402x.webp?resize=1024%2C314&amp;ssl=1 1024w, https:\/\/i0.wp.com\/aiartfree.online\/wp-content\/uploads\/2025\/03\/WX20250307-114300%402x.webp?resize=768%2C235&amp;ssl=1 768w, https:\/\/i0.wp.com\/aiartfree.online\/wp-content\/uploads\/2025\/03\/WX20250307-114300%402x.webp?resize=1536%2C471&amp;ssl=1 1536w, https:\/\/i0.wp.com\/aiartfree.online\/wp-content\/uploads\/2025\/03\/WX20250307-114300%402x.webp?resize=18%2C6&amp;ssl=1 18w, https:\/\/i0.wp.com\/aiartfree.online\/wp-content\/uploads\/2025\/03\/WX20250307-114300%402x.webp?resize=600%2C184&amp;ssl=1 600w\" sizes=\"auto, (max-width: 1200px) 100vw, 1200px\" \/><\/a><\/figure>\n\n\n\n<p class=\"\"><em>* Az internet sebess\u00e9g\u00e9t\u0151l f\u00fcgg\u0151en a modell bet\u00f6lt\u00e9se a k\u00f6vetkez\u0151 ideig tarthat <\/em>legfeljebb 10 m\u00e1sodpercig \u2193<\/p>\n\n\n\n<div class=\"iframe-wrapper\" style=\"position: relative; width: 100%; height: 2300px;\">\n  <div class=\"loading\" style=\"position: absolute; top: 50px; left: 50%; transform: translate(-50%, -50%); width: 40px; height: 40px; border: 3px solid #f0f0f0; border-top: 3px solid #db7093; border-radius: 50%; animation: spin 1s linear infinite;\"><\/div>\n  <iframe loading=\"lazy\" src=\"https:\/\/guoyww-animatediff.hf.space\" frameborder=\"0\" width=\"100%\" height=\"100%\" style=\"position: absolute; top: 0; left: 0; opacity: 0; transition: opacity 0.3s;\" onload=\"this.style.opacity=1;this.previousElementSibling.style.display='none';\"><\/iframe>\n<\/div>\n\n<style>\n@keyframes spin {\n  0% { transform: translate(-50%, -50%) rotate(0deg); }\n  100% { transform: translate(-50%, -50%) rotate(360deg); }\n}\n<\/style>\n\n\n\n<div style=\"height:50px\" aria-hidden=\"true\" class=\"wp-block-spacer\"><\/div>\n\n\n\n<h2 class=\"wp-block-heading\">Az AI Video Generator bevezet\u00e9se<\/h2>\n\n\n\n<p class=\"\">A modern digit\u00e1lis k\u00f6rnyezetben a mesters\u00e9ges intelligencia-vide\u00f3gener\u00e1torok forradalmas\u00edtj\u00e1k a tartalomk\u00e9sz\u00edt\u00e9st. Ezek a fejlett eszk\u00f6z\u00f6k a mesters\u00e9ges intelligencia erej\u00e9t kihaszn\u00e1lva racionaliz\u00e1lj\u00e1k \u00e9s jav\u00edtj\u00e1k a vide\u00f3k\u00e9sz\u00edt\u00e9st, \u00e9s sz\u00e9lesebb k\u00f6z\u00f6ns\u00e9g sz\u00e1m\u00e1ra teszik el\u00e9rhet\u0151v\u00e9 azt. Ebben a cikkben az AI-videogener\u00e1torok fogalm\u00e1t, fontoss\u00e1g\u00e1t \u00e9s k\u00fcl\u00f6nb\u00f6z\u0151 ipar\u00e1gakban val\u00f3 alkalmaz\u00e1sukat vizsg\u00e1ljuk meg. Emellett \u00e1tfog\u00f3 \u00e1ttekint\u00e9st ny\u00fajtunk az el\u00e9rhet\u0151 legjobb eszk\u00f6z\u00f6kr\u0151l, k\u00fcl\u00f6n\u00f6s tekintettel a legjobban \u00e9rt\u00e9kelt AI-videogener\u00e1torokra, <a href=\"https:\/\/aiartfree.online\/hu\/ai-video-generator\/\">AI Art Free<\/a>.<\/p>\n\n\n\n<figure class=\"gb-block-image gb-block-image-94da07aa\"><img data-recalc-dims=\"1\" decoding=\"async\" loading=\"lazy\" width=\"300\" height=\"170\" class=\"gb-image gb-image-94da07aa\" src=\"https:\/\/i0.wp.com\/aiartfree.online\/wp-content\/uploads\/2024\/07\/WX20240720-101347%402x.jpg?resize=300%2C170&#038;ssl=1\" alt=\"Az AI-vide\u00f3gener\u00e1tor egy kifinomult szoftveralkalmaz\u00e1s, amely mesters\u00e9ges intelligenci\u00e1t haszn\u00e1l a vide\u00f3k automatikus l\u00e9trehoz\u00e1s\u00e1hoz. Ezek az eszk\u00f6z\u00f6k k\u00e9pesek sz\u00f6veges utas\u00edt\u00e1sokat, k\u00e9peket vagy ak\u00e1r nyers videofelv\u00e9teleket is csiszolt, professzion\u00e1lis min\u0151s\u00e9g\u0171 vide\u00f3kk\u00e1 alak\u00edtani. K\u00fcl\u00f6nb\u00f6z\u0151 mesters\u00e9ges intelligencia-technol\u00f3gi\u00e1kat, p\u00e9ld\u00e1ul term\u00e9szetes nyelvi feldolgoz\u00e1st (NLP), sz\u00e1m\u00edt\u00f3g\u00e9pes l\u00e1t\u00e1st \u00e9s g\u00e9pi tanul\u00e1st haszn\u00e1lnak a bemeneti adatok elemz\u00e9s\u00e9re \u00e9s \u00e9rtelmez\u00e9s\u00e9re, \u00e9s ezzel olyan tartalmakat hoznak l\u00e9tre, amelyek egyszerre vonz\u00f3ak \u00e9s vizu\u00e1lisan vonz\u00f3ak.\" title=\"WX20240720-101347@2x\" srcset=\"https:\/\/i0.wp.com\/aiartfree.online\/wp-content\/uploads\/2024\/07\/WX20240720-101347%402x.jpg?resize=300%2C170&amp;ssl=1 300w, https:\/\/i0.wp.com\/aiartfree.online\/wp-content\/uploads\/2024\/07\/WX20240720-101347%402x.jpg?resize=1024%2C579&amp;ssl=1 1024w, https:\/\/i0.wp.com\/aiartfree.online\/wp-content\/uploads\/2024\/07\/WX20240720-101347%402x.jpg?resize=768%2C434&amp;ssl=1 768w, https:\/\/i0.wp.com\/aiartfree.online\/wp-content\/uploads\/2024\/07\/WX20240720-101347%402x.jpg?resize=18%2C10&amp;ssl=1 18w, https:\/\/i0.wp.com\/aiartfree.online\/wp-content\/uploads\/2024\/07\/WX20240720-101347%402x.jpg?resize=600%2C339&amp;ssl=1 600w, https:\/\/i0.wp.com\/aiartfree.online\/wp-content\/uploads\/2024\/07\/WX20240720-101347%402x.jpg?w=1030&amp;ssl=1 1030w\" sizes=\"auto, (max-width: 300px) 100vw, 300px\" \/><\/figure>\n\n\n\n<h3 class=\"wp-block-heading\">Tartalomjegyz\u00e9k<\/h3>\n\n\n\n<ol class=\"wp-block-list\">\n<li class=\"\"><a href=\"#what-is-an-ai-video-generator\">Mi az az AI Video Generator?<\/a><\/li>\n\n\n\n<li class=\"\"><a href=\"#why-use-an-ai-video-generator\">Mi\u00e9rt \u00e9rdemes AI vide\u00f3 gener\u00e1tort haszn\u00e1lni?<\/a><\/li>\n\n\n\n<li class=\"\"><a href=\"#suitable-industries-and-people\">Megfelel\u0151 ipar\u00e1gak \u00e9s emberek<\/a><\/li>\n\n\n\n<li class=\"\"><a href=\"#related-tools-and-information\">Kapcsol\u00f3d\u00f3 eszk\u00f6z\u00f6k \u00e9s inform\u00e1ci\u00f3k<\/a><\/li>\n\n\n\n<li class=\"\"><a href=\"#frequently-asked-questions-faq\">Gyakran ism\u00e9telt k\u00e9rd\u00e9sek (GYIK)<\/a><\/li>\n<\/ol>\n\n\n\n<h3 class=\"wp-block-heading\">Mi az az AI Video Generator?<\/h3>\n\n\n\n<p class=\"\">Az AI-vide\u00f3gener\u00e1tor egy kifinomult szoftveralkalmaz\u00e1s, amely mesters\u00e9ges intelligenci\u00e1t haszn\u00e1l a vide\u00f3k automatikus l\u00e9trehoz\u00e1s\u00e1hoz. Ezek az eszk\u00f6z\u00f6k k\u00e9pesek sz\u00f6veges utas\u00edt\u00e1sokat, k\u00e9peket vagy ak\u00e1r nyers videofelv\u00e9teleket is csiszolt, professzion\u00e1lis min\u0151s\u00e9g\u0171 vide\u00f3kk\u00e1 alak\u00edtani. K\u00fcl\u00f6nb\u00f6z\u0151 mesters\u00e9ges intelligencia-technol\u00f3gi\u00e1kat, p\u00e9ld\u00e1ul term\u00e9szetes nyelvi feldolgoz\u00e1st (NLP), sz\u00e1m\u00edt\u00f3g\u00e9pes l\u00e1t\u00e1st \u00e9s g\u00e9pi tanul\u00e1st haszn\u00e1lnak a bemeneti adatok elemz\u00e9s\u00e9re \u00e9s \u00e9rtelmez\u00e9s\u00e9re, \u00e9s ezzel olyan tartalmakat hoznak l\u00e9tre, amelyek egyszerre vonz\u00f3ak \u00e9s vizu\u00e1lisan vonz\u00f3ak.<\/p>\n\n\n\n<h3 class=\"wp-block-heading\">Mi\u00e9rt \u00e9rdemes AI vide\u00f3 gener\u00e1tort haszn\u00e1lni?<\/h3>\n\n\n\n<p class=\"\">A mesters\u00e9ges intelligencia-vide\u00f3gener\u00e1torok sz\u00e1mos olyan el\u0151nnyel rendelkeznek, amelyek n\u00e9lk\u00fcl\u00f6zhetetlenn\u00e9 teszik \u0151ket a vide\u00f3gy\u00e1rt\u00e1s ter\u00fclet\u00e9n:<\/p>\n\n\n\n<ul class=\"wp-block-list\">\n<li class=\"\"><strong>Hat\u00e9konys\u00e1g<\/strong>: Ezek az eszk\u00f6z\u00f6k jelent\u0151sen cs\u00f6kkentik a vide\u00f3k k\u00e9sz\u00edt\u00e9s\u00e9hez sz\u00fcks\u00e9ges id\u0151t \u00e9s er\u0151fesz\u00edt\u00e9st, lehet\u0151v\u00e9 t\u00e9ve a gyors gy\u00e1rt\u00e1si ciklusokat.<\/li>\n\n\n\n<li class=\"\"><strong>K\u00f6lts\u00e9ghat\u00e9kony<\/strong>: A vide\u00f3k\u00e9sz\u00edt\u00e9s sz\u00e1mos aspektus\u00e1nak automatiz\u00e1l\u00e1s\u00e1val a mesters\u00e9ges intelligencia-vide\u00f3gener\u00e1torok cs\u00f6kkenthetik a gy\u00e1rt\u00e1si k\u00f6lts\u00e9geket, \u00edgy a korl\u00e1tozott k\u00f6lts\u00e9gvet\u00e9ssel rendelkez\u0151 v\u00e1llalkoz\u00e1sok \u00e9s mag\u00e1nszem\u00e9lyek sz\u00e1m\u00e1ra is el\u00e9rhet\u0151v\u00e9 v\u00e1lnak a kiv\u00e1l\u00f3 min\u0151s\u00e9g\u0171 vide\u00f3tartalmak.<\/li>\n\n\n\n<li class=\"\"><strong>K\u00f6vetkezetess\u00e9g<\/strong>: Az AI biztos\u00edtja az egys\u00e9ges st\u00edlust \u00e9s min\u0151s\u00e9get, fenntartva a m\u00e1rka konzisztenci\u00e1j\u00e1t minden videotartalomban.<\/li>\n\n\n\n<li class=\"\"><strong>Hozz\u00e1f\u00e9rhet\u0151s\u00e9g<\/strong>: M\u00e9g a kev\u00e9s vagy semmilyen videoszerkeszt\u00e9si tapasztalattal nem rendelkez\u0151k is k\u00e9sz\u00edthetnek professzion\u00e1lis min\u0151s\u00e9g\u0171 vide\u00f3kat, ami demokratiz\u00e1lja a tartalomk\u00e9sz\u00edt\u00e9st.<\/li>\n\n\n\n<li class=\"\"><strong>Testreszab\u00e1s<\/strong>: Az AI-vide\u00f3gener\u00e1torok lehet\u0151v\u00e9 teszik a k\u00f6nny\u0171 szem\u00e9lyre szab\u00e1st, \u00edgy az alkot\u00f3k a vide\u00f3kat konkr\u00e9t c\u00e9lk\u00f6z\u00f6ns\u00e9gre vagy marketingkamp\u00e1nyokra szabhatj\u00e1k.<\/li>\n<\/ul>\n\n\n\n<h3 class=\"wp-block-heading\">Megfelel\u0151 ipar\u00e1gak \u00e9s emberek<\/h3>\n\n\n\n<p class=\"\">A mesters\u00e9ges intelligencia-vide\u00f3gener\u00e1torok sokoldal\u00fa eszk\u00f6z\u00f6k, amelyek a felhaszn\u00e1l\u00f3k sz\u00e9les k\u00f6r\u00e9nek haszn\u00e1ra lehetnek a k\u00fcl\u00f6nb\u00f6z\u0151 ipar\u00e1gakban:<\/p>\n\n\n\n<ul class=\"wp-block-list\">\n<li class=\"\"><strong>Marketing szakemberek<\/strong>: Megragad\u00f3 prom\u00f3ci\u00f3s vide\u00f3k, rekl\u00e1mok \u00e9s k\u00f6z\u00f6ss\u00e9gi m\u00e9diatartalmak k\u00e9sz\u00edt\u00e9s\u00e9hez.<\/li>\n\n\n\n<li class=\"\"><strong>Oktat\u00f3k \u00e9s oktat\u00f3k<\/strong>: Oktat\u00f3vide\u00f3k, oktat\u00f3anyagok \u00e9s e-learning tartalmak fejleszt\u00e9s\u00e9hez.<\/li>\n\n\n\n<li class=\"\"><strong>Tartalomk\u00e9sz\u00edt\u0151k \u00e9s befoly\u00e1sol\u00f3k<\/strong>: Kiv\u00e1l\u00f3 min\u0151s\u00e9g\u0171 YouTube-vide\u00f3k, vlogok \u00e9s egy\u00e9b k\u00f6z\u00f6ss\u00e9gi m\u00e9diatartalmak k\u00e9sz\u00edt\u00e9s\u00e9hez.<\/li>\n\n\n\n<li class=\"\"><strong>V\u00e1llalkoz\u00e1sok<\/strong>: V\u00e1llalati kommunik\u00e1ci\u00f3hoz, term\u00e9kbemutat\u00f3khoz \u00e9s bels\u0151 k\u00e9pz\u00e9si vide\u00f3khoz.<\/li>\n\n\n\n<li class=\"\"><strong>Film \u00e9s m\u00e9dia termel\u00e9s<\/strong>: Az ut\u00f3munka folyamat\u00e1nak egyszer\u0171s\u00edt\u00e9s\u00e9re \u00e9s speci\u00e1lis effektek vagy anim\u00e1lt szekvenci\u00e1k l\u00e9trehoz\u00e1s\u00e1ra.<\/li>\n<\/ul>\n\n\n\n<h3 class=\"wp-block-heading\">Kapcsol\u00f3d\u00f3 eszk\u00f6z\u00f6k \u00e9s inform\u00e1ci\u00f3k<\/h3>\n\n\n\n<p class=\"\">Az al\u00e1bbi t\u00e1bl\u00e1zatban 10 kapcsol\u00f3d\u00f3 AI-vide\u00f3gener\u00e1l\u00f3 eszk\u00f6zt foglalunk \u00f6ssze, mindegyikr\u0151l r\u00f6vid \u00e1ttekint\u00e9st ny\u00fajtva, valamint az el\u0151nyeiket, h\u00e1tr\u00e1nyaikat, el\u0151nyeiket, kih\u00edv\u00e1saikat \u00e9s aj\u00e1nl\u00e1saikat.<\/p>\n\n\n\n<figure class=\"wp-block-table\"><table class=\"has-fixed-layout\"><thead><tr><th>Eszk\u00f6z neve<\/th><th>URL<\/th><th>\u00d6sszefoglal\u00f3<\/th><th>El\u0151ny\u00f6k<\/th><th>H\u00e1tr\u00e1nyok<\/th><th>El\u0151ny\u00f6k<\/th><th>Kih\u00edv\u00e1sok<\/th><th>Aj\u00e1nl\u00e1sok<\/th><\/tr><\/thead><tbody><tr><td><strong>K\u00e9pek<\/strong><\/td><td><a href=\"https:\/\/pictory.ai\" target=\"_blank\" rel=\"noopener\">K\u00e9pek<\/a><\/td><td>AI-vez\u00e9relt vide\u00f3k\u00e9sz\u00edt\u00e9s sz\u00f6vegb\u0151l<\/td><td>Felhaszn\u00e1l\u00f3bar\u00e1t, gyors<\/td><td>Korl\u00e1tozott testreszabhat\u00f3s\u00e1g<\/td><td>Gyors vide\u00f3 gener\u00e1l\u00e1s<\/td><td>Tanul\u00e1si g\u00f6rbe<\/td><td>A legjobb kezd\u0151knek<\/td><\/tr><tr><td><strong>Animoto<\/strong><\/td><td><a href=\"https:\/\/animoto.com\" target=\"_blank\" rel=\"noopener\">Animoto<\/a><\/td><td>Egyszer\u0171 drag-and-drop vide\u00f3k\u00e9sz\u00edt\u0151<\/td><td>K\u00f6nnyen haszn\u00e1lhat\u00f3, sablonok<\/td><td>Kevesebb ellen\u0151rz\u00e9s a r\u00e9szletek felett<\/td><td>Id\u0151megtakar\u00edt\u00f3 sablonok<\/td><td>Alapvet\u0151 jellemz\u0151k<\/td><td>Nagyszer\u0171 egyszer\u0171 projektekhez<\/td><\/tr><tr><td><strong>Synthesia<\/strong><\/td><td><a href=\"https:\/\/synthesia.io\" target=\"_blank\" rel=\"noopener\">Synthesia<\/a><\/td><td>AI vide\u00f3 k\u00e9sz\u00edt\u00e9s avatarokkal<\/td><td>Realisztikus avatarok, T\u00f6bbnyelv\u0171<\/td><td>Magasabb k\u00f6lts\u00e9g<\/td><td>Testreszabhat\u00f3 avatarok<\/td><td>Szkriptel\u00e9st ig\u00e9nyel<\/td><td>Ide\u00e1lis v\u00e1llalati vide\u00f3khoz<\/td><\/tr><tr><td><strong>Lumen5<\/strong><\/td><td><a href=\"https:\/\/lumen5.com\" target=\"_blank\" rel=\"noopener\">Lumen5<\/a><\/td><td>AI-alap\u00fa vide\u00f3k\u00e9sz\u00edt\u00e9s cikkekb\u0151l<\/td><td>Integr\u00e1l\u00f3dik blogokkal, Gyors<\/td><td>V\u00edzjel az ingyenes v\u00e1ltozaton<\/td><td>Automatiz\u00e1lt tartalomk\u00e9sz\u00edt\u00e9s<\/td><td>Korl\u00e1tozott ingyenes lehet\u0151s\u00e9gek<\/td><td>A legjobb bloggereknek<\/td><\/tr><tr><td><strong>Magisto<\/strong><\/td><td><a href=\"https:\/\/magisto.com\" target=\"_blank\" rel=\"noopener\">Magisto<\/a><\/td><td>Intelligens vide\u00f3szerkeszt\u0151 AI-val<\/td><td>Intelligens szerkeszt\u00e9s, Zenei k\u00f6nyvt\u00e1r<\/td><td>El\u0151fizet\u00e9s sz\u00fcks\u00e9ges<\/td><td>Automatiz\u00e1lt szerkeszt\u00e9s<\/td><td>Korl\u00e1tozott k\u00e9zi vez\u00e9rl\u00e9s<\/td><td>Nagyszer\u0171 a k\u00f6z\u00f6ss\u00e9gi m\u00e9di\u00e1ban<\/td><\/tr><tr><td><strong>Wibbitz<\/strong><\/td><td><a href=\"https:\/\/wibbitz.com\" target=\"_blank\" rel=\"noopener\">Wibbitz<\/a><\/td><td>Vide\u00f3k\u00e9sz\u00edt\u00e9si platform csapatok sz\u00e1m\u00e1ra<\/td><td>Egy\u00fcttm\u0171k\u00f6d\u0151, gyors<\/td><td>Dr\u00e1ga<\/td><td>Csoportszint\u0171 egy\u00fcttm\u0171k\u00f6d\u00e9s<\/td><td>Meredek tanul\u00e1si g\u00f6rbe<\/td><td>A legjobb marketingcsapatok sz\u00e1m\u00e1ra<\/td><\/tr><tr><td><strong>FlexClip<\/strong><\/td><td><a href=\"https:\/\/flexclip.com\" target=\"_blank\" rel=\"noopener\">FlexClip<\/a><\/td><td>Online vide\u00f3k\u00e9sz\u00edt\u0151 sablonokkal<\/td><td>K\u00f6nnyen haszn\u00e1lhat\u00f3, sablonok<\/td><td>Korl\u00e1tozott fejlett funkci\u00f3k<\/td><td>Felhaszn\u00e1l\u00f3bar\u00e1t<\/td><td>Alapvet\u0151 jellemz\u0151k<\/td><td>J\u00f3 a gyors szerkeszt\u00e9shez<\/td><\/tr><tr><td><strong>InVideo<\/strong><\/td><td><a href=\"https:\/\/invideo.io\" target=\"_blank\" rel=\"noopener\">InVideo<\/a><\/td><td>Online vide\u00f3szerkeszt\u0151 AI-val<\/td><td>Kiterjedt m\u00e9diat\u00e1r, sablonok<\/td><td>V\u00edzjel az ingyenes v\u00e1ltozaton<\/td><td>Gazdag m\u00e9dia opci\u00f3k<\/td><td>El\u0151fizet\u00e9si k\u00f6lts\u00e9gek<\/td><td>A legjobb marketingesek sz\u00e1m\u00e1ra<\/td><\/tr><tr><td><strong>Designs.ai<\/strong><\/td><td><a href=\"https:\/\/designs.ai\" target=\"_blank\" rel=\"noopener\">Designs.ai<\/a><\/td><td>AI-alap\u00fa kreat\u00edv eszk\u00f6z\u00f6k<\/td><td>Sokoldal\u00fa, gyors<\/td><td>El\u0151fizet\u00e9s sz\u00fcks\u00e9ges<\/td><td>T\u00f6bbf\u00e9le kreat\u00edv eszk\u00f6z<\/td><td>Internetet ig\u00e9nyel<\/td><td>Ide\u00e1lis tartalomk\u00e9sz\u00edt\u0151k sz\u00e1m\u00e1ra<\/td><\/tr><tr><td><strong>DeepBrain<\/strong><\/td><td><a href=\"https:\/\/deepbrain.io\" target=\"_blank\" rel=\"noopener\">DeepBrain<\/a><\/td><td>AI vide\u00f3 gener\u00e1tor m\u00e9lytanul\u00e1ssal<\/td><td>Kiv\u00e1l\u00f3 min\u0151s\u00e9g\u0171, testreszabhat\u00f3<\/td><td>Komplex interf\u00e9sz<\/td><td>Kiv\u00e1l\u00f3 min\u0151s\u00e9g\u0171 kimenet<\/td><td>K\u00e9pz\u00e9st ig\u00e9nyel<\/td><td>A legjobb halad\u00f3 felhaszn\u00e1l\u00f3knak<\/td><\/tr><\/tbody><\/table><\/figure>\n\n\n\n<h3 class=\"wp-block-heading\">Gyakran ism\u00e9telt k\u00e9rd\u00e9sek (GYIK)<\/h3>\n\n\n\n<ol class=\"wp-block-list\">\n<li class=\"\"><strong>Mi az az AI vide\u00f3gener\u00e1tor?<\/strong>\n<ul class=\"wp-block-list\">\n<li class=\"\">A mesters\u00e9ges intelligencia-vide\u00f3gener\u00e1tor olyan eszk\u00f6z, amely mesters\u00e9ges intelligenci\u00e1t haszn\u00e1l a vide\u00f3k automatikus l\u00e9trehoz\u00e1s\u00e1ra k\u00fcl\u00f6nb\u00f6z\u0151 bemeneti adatokb\u00f3l, p\u00e9ld\u00e1ul sz\u00f6vegb\u0151l, k\u00e9pekb\u0151l vagy nyers felv\u00e9telekb\u0151l.<\/li>\n<\/ul>\n<\/li>\n\n\n\n<li class=\"\"><strong>Hogyan m\u0171k\u00f6dik egy AI vide\u00f3gener\u00e1tor?<\/strong>\n<ul class=\"wp-block-list\">\n<li class=\"\">Olyan mesters\u00e9ges intelligencia-technol\u00f3gi\u00e1kat haszn\u00e1l, mint a term\u00e9szetes nyelvi feldolgoz\u00e1s \u00e9s a sz\u00e1m\u00edt\u00f3g\u00e9pes l\u00e1t\u00e1s a bemeneti adatok \u00e9rtelmez\u00e9s\u00e9hez \u00e9s a vide\u00f3tartalom l\u00e9trehoz\u00e1s\u00e1hoz.<\/li>\n<\/ul>\n<\/li>\n\n\n\n<li class=\"\"><strong>Milyen el\u0151ny\u00f6kkel j\u00e1r az AI vide\u00f3gener\u00e1tor haszn\u00e1lata?<\/strong>\n<ul class=\"wp-block-list\">\n<li class=\"\">Az el\u0151ny\u00f6k k\u00f6z\u00e9 tartozik a megn\u00f6vekedett hat\u00e9konys\u00e1g, a k\u00f6lts\u00e9gmegtakar\u00edt\u00e1s, az egyenletes min\u0151s\u00e9g, a hozz\u00e1f\u00e9rhet\u0151s\u00e9g \u00e9s az egyszer\u0171 testreszabhat\u00f3s\u00e1g.<\/li>\n<\/ul>\n<\/li>\n\n\n\n<li class=\"\"><strong>Kik profit\u00e1lhatnak a mesters\u00e9ges intelligencia-vide\u00f3gener\u00e1torokb\u00f3l?<\/strong>\n<ul class=\"wp-block-list\">\n<li class=\"\">Marketing szakemberek, oktat\u00f3k, tartalomk\u00e9sz\u00edt\u0151k, v\u00e1llalkoz\u00e1sok \u00e9s m\u00e9diak\u00e9sz\u00edt\u0151 csapatok egyar\u00e1nt profit\u00e1lhatnak bel\u0151le.<\/li>\n<\/ul>\n<\/li>\n\n\n\n<li class=\"\"><strong>Dr\u00e1g\u00e1k az AI vide\u00f3gener\u00e1torok?<\/strong>\n<ul class=\"wp-block-list\">\n<li class=\"\">Az \u00e1rak v\u00e1ltoz\u00f3ak, de sok eszk\u00f6z k\u00edn\u00e1l k\u00f6lts\u00e9ghat\u00e9kony lehet\u0151s\u00e9geket, amelyek olcs\u00f3bbak, mint a hagyom\u00e1nyos vide\u00f3gy\u00e1rt\u00e1si m\u00f3dszerek.<\/li>\n<\/ul>\n<\/li>\n\n\n\n<li class=\"\"><strong>Kezd\u0151k is haszn\u00e1lhatnak AI vide\u00f3gener\u00e1torokat?<\/strong>\n<ul class=\"wp-block-list\">\n<li class=\"\">Igen, sok AI-vide\u00f3gener\u00e1tort \u00fagy terveztek, hogy felhaszn\u00e1l\u00f3bar\u00e1t legyen, \u00edgy a kezd\u0151k sz\u00e1m\u00e1ra is el\u00e9rhet\u0151v\u00e9 v\u00e1lik.<\/li>\n<\/ul>\n<\/li>\n\n\n\n<li class=\"\"><strong>Mi a legjobb AI vide\u00f3 gener\u00e1tor?<\/strong>\n<ul class=\"wp-block-list\">\n<li class=\"\">A legjobb eszk\u00f6z az ig\u00e9nyekt\u0151l f\u00fcgg\u0151en v\u00e1ltozhat, de a k\u00f6vetkez\u0151k szerint <a href=\"https:\/\/aiartfree.online\/hu\/ai-video-generator\/\">AI Art Free<\/a> funkci\u00f3i \u00e9s k\u00f6nny\u0171 haszn\u00e1lhat\u00f3s\u00e1ga miatt er\u0151sen aj\u00e1nlott.<\/li>\n<\/ul>\n<\/li>\n\n\n\n<li class=\"\"><strong>A mesters\u00e9ges intelligencia-vide\u00f3gener\u00e1torok speci\u00e1lis k\u00e9szs\u00e9geket ig\u00e9nyelnek?<\/strong>\n<ul class=\"wp-block-list\">\n<li class=\"\">A legt\u00f6bbj\u00fck nem ig\u00e9nyel k\u00fcl\u00f6nleges k\u00e9szs\u00e9geket, \u00e9s \u00fagy tervezt\u00e9k, hogy intuit\u00edv legyen, b\u00e1r a videoszerkeszt\u00e9s ismerete hasznos lehet.<\/li>\n<\/ul>\n<\/li>\n\n\n\n<li class=\"\"><strong>Hogyan v\u00e1lasszam ki a megfelel\u0151 AI vide\u00f3gener\u00e1tort?<\/strong>\n<ul class=\"wp-block-list\">\n<li class=\"\">Vegye figyelembe az olyan t\u00e9nyez\u0151ket, mint a k\u00f6nny\u0171 haszn\u00e1lat, a testreszab\u00e1si lehet\u0151s\u00e9gek, a k\u00f6lts\u00e9gek \u00e9s a projekt egyedi ig\u00e9nyei.<\/li>\n<\/ul>\n<\/li>\n\n\n\n<li class=\"\"><strong>A mesters\u00e9ges intelligencia-vide\u00f3gener\u00e1torok k\u00e9pesek j\u00f3 min\u0151s\u00e9g\u0171 vide\u00f3kat k\u00e9sz\u00edteni?<\/strong>\n<ul class=\"wp-block-list\">\n<li class=\"\">Igen, sok AI-vide\u00f3gener\u00e1tor k\u00e9sz\u00edt professzion\u00e1lis min\u0151s\u00e9g\u0171 vide\u00f3kat, amelyek k\u00fcl\u00f6nb\u00f6z\u0151 alkalmaz\u00e1sokhoz alkalmasak, a marketingt\u0151l az oktat\u00e1sig.<\/li>\n<\/ul>\n<\/li>\n<\/ol>\n\n\n\n<p class=\"\">\u00d6sszefoglalva, a mesters\u00e9ges intelligencia-vide\u00f3gener\u00e1torok \u00e1talak\u00edtj\u00e1k a vide\u00f3k k\u00e9sz\u00edt\u00e9s\u00e9nek m\u00f3dj\u00e1t, sz\u00e1mos el\u0151nyt k\u00edn\u00e1lnak, \u00e9s mindenki sz\u00e1m\u00e1ra el\u00e9rhet\u0151bb\u00e9 teszik a vide\u00f3k\u00e9sz\u00edt\u00e9st. Azok sz\u00e1m\u00e1ra, akik szeretn\u00e9k felfedezni ezeket az eszk\u00f6z\u00f6ket, <a href=\"https:\/\/aiartfree.online\/hu\/ai-video-generator\/\">AI Art Free<\/a> kiemelkedik a legjobb v\u00e1laszt\u00e1sk\u00e9nt, mivel megb\u00edzhat\u00f3 funkci\u00f3kat \u00e9s egyszer\u0171 haszn\u00e1latot k\u00edn\u00e1l.<\/p>","protected":false},"excerpt":{"rendered":"<p>What other users made with AI Video Generator Prompt: 1 girl, off-shoulder, light smile, shiny skin best quality, masterpiece, photorealistic, turn around 3 Steps to Use AI Video Generator *&nbsp;Depending on your internet speed, loading the model may take up to 10 seconds \u2193 Introduction of AI Video Generator In the modern digital landscape, AI &#8230; <a title=\"AI vide\u00f3 gener\u00e1tor\" class=\"read-more\" href=\"https:\/\/aiartfree.online\/hu\/ai-video-generator\/\" aria-label=\"Read more about AI Video Generator\">Olvass tov\u00e1bb<\/a><\/p>","protected":false},"author":1,"featured_media":3463,"parent":0,"menu_order":0,"comment_status":"open","ping_status":"closed","template":"","meta":{"nf_dc_page":"","footnotes":""},"class_list":["post-2993","page","type-page","status-publish","has-post-thumbnail"],"jetpack_sharing_enabled":true,"_links":{"self":[{"href":"https:\/\/aiartfree.online\/hu\/wp-json\/wp\/v2\/pages\/2993","targetHints":{"allow":["GET"]}}],"collection":[{"href":"https:\/\/aiartfree.online\/hu\/wp-json\/wp\/v2\/pages"}],"about":[{"href":"https:\/\/aiartfree.online\/hu\/wp-json\/wp\/v2\/types\/page"}],"author":[{"embeddable":true,"href":"https:\/\/aiartfree.online\/hu\/wp-json\/wp\/v2\/users\/1"}],"replies":[{"embeddable":true,"href":"https:\/\/aiartfree.online\/hu\/wp-json\/wp\/v2\/comments?post=2993"}],"version-history":[{"count":1,"href":"https:\/\/aiartfree.online\/hu\/wp-json\/wp\/v2\/pages\/2993\/revisions"}],"predecessor-version":[{"id":3601,"href":"https:\/\/aiartfree.online\/hu\/wp-json\/wp\/v2\/pages\/2993\/revisions\/3601"}],"wp:featuredmedia":[{"embeddable":true,"href":"https:\/\/aiartfree.online\/hu\/wp-json\/wp\/v2\/media\/3463"}],"wp:attachment":[{"href":"https:\/\/aiartfree.online\/hu\/wp-json\/wp\/v2\/media?parent=2993"}],"curies":[{"name":"wp","href":"https:\/\/api.w.org\/{rel}","templated":true}]}}