{"id":2986,"date":"2024-07-19T17:43:48","date_gmt":"2024-07-19T17:43:48","guid":{"rendered":"https:\/\/aiartfree.online\/?page_id=2986"},"modified":"2025-03-07T08:22:52","modified_gmt":"2025-03-07T08:22:52","slug":"video-to-gif","status":"publish","type":"page","link":"https:\/\/aiartfree.online\/hu\/videobol-gif\/","title":{"rendered":"Ingyenes vide\u00f3 GIF-be"},"content":{"rendered":"<h2 class=\"wp-block-heading\">Hogyan kell haszn\u00e1lni a Video to GIF-et<\/h2>\n\n\n\n<ol class=\"wp-block-list\">\n<li class=\"\">Dobja vagy t\u00f6ltse fel kedvenc vide\u00f3j\u00e1t<\/li>\n\n\n\n<li class=\"\">G\u00f6rgessen lefel\u00e9, \u00e9s kattintson az \"Anim\u00e1lt GIF l\u00e9trehoz\u00e1sa\" gombra.<\/li>\n\n\n\n<li class=\"\">V\u00e1rjon k\u00f6r\u00fclbel\u00fcl 9-14 m\u00e1sodpercet, ennyi az eg\u00e9sz!<\/li>\n\n\n\n<li class=\"\">T\u00f6ltse le, hogy megoszthassa bar\u00e1taival<\/li>\n<\/ol>\n\n\n\n<figure class=\"gb-block-image gb-block-image-4dfafe81\"><a href=\"https:\/\/fas.st\/t\/XmtmoHSk\" target=\"_blank\" rel=\"noopener noreferrer\"><img data-recalc-dims=\"1\" decoding=\"async\" loading=\"lazy\" width=\"1200\" height=\"368\" class=\"gb-image gb-image-4dfafe81\" src=\"https:\/\/i0.wp.com\/aiartfree.online\/wp-content\/uploads\/2025\/03\/WX20250307-114300%402x.webp?resize=1200%2C368&#038;ssl=1\" alt=\"\" title=\"WX20250307-114300@2x\" srcset=\"https:\/\/i0.wp.com\/aiartfree.online\/wp-content\/uploads\/2025\/03\/WX20250307-114300%402x.webp?w=1900&amp;ssl=1 1900w, https:\/\/i0.wp.com\/aiartfree.online\/wp-content\/uploads\/2025\/03\/WX20250307-114300%402x.webp?resize=300%2C92&amp;ssl=1 300w, https:\/\/i0.wp.com\/aiartfree.online\/wp-content\/uploads\/2025\/03\/WX20250307-114300%402x.webp?resize=1024%2C314&amp;ssl=1 1024w, https:\/\/i0.wp.com\/aiartfree.online\/wp-content\/uploads\/2025\/03\/WX20250307-114300%402x.webp?resize=768%2C235&amp;ssl=1 768w, https:\/\/i0.wp.com\/aiartfree.online\/wp-content\/uploads\/2025\/03\/WX20250307-114300%402x.webp?resize=1536%2C471&amp;ssl=1 1536w, https:\/\/i0.wp.com\/aiartfree.online\/wp-content\/uploads\/2025\/03\/WX20250307-114300%402x.webp?resize=18%2C6&amp;ssl=1 18w, https:\/\/i0.wp.com\/aiartfree.online\/wp-content\/uploads\/2025\/03\/WX20250307-114300%402x.webp?resize=600%2C184&amp;ssl=1 600w\" sizes=\"auto, (max-width: 1200px) 100vw, 1200px\" \/><\/a><\/figure>\n\n\n\n<p class=\"\"><em>* Az internet sebess\u00e9g\u00e9t\u0151l f\u00fcgg\u0151en a modell bet\u00f6lt\u00e9se n\u00e9h\u00e1ny m\u00e1sodpercet vehet ig\u00e9nybe.<br>* A folyamatos gener\u00e1l\u00e1s sor\u00e1n gyors\u00edt\u00f3t\u00e1raz\u00e1sra ker\u00fcl sor, \u00e9s az \u00faj k\u00e9p k\u00f6r\u00fclbel\u00fcl 3 m\u00e1sodperc m\u00falva jelenik meg.<\/em><\/p>\n\n\n\n<div style=\"text-align: center;\">\n  <iframe loading=\"lazy\"\n    src=\"https:\/\/fariyan-gif-studio.hf.space\"\n    frameborder=\"0\"\n    width=\"1200\"\n    height=\"2500\"\n    style=\"display: inline-block; margin: 0 auto;\"\n  ><\/iframe>\n<\/div>\n\n\n\n<div style=\"height:50px\" aria-hidden=\"true\" class=\"wp-block-spacer\"><\/div>\n\n\n\n<h2 class=\"wp-block-heading\">Bevezet\u00e9s a vide\u00f3 GIF-be<\/h2>\n\n\n\n<p class=\"\">A digit\u00e1lis tartalomk\u00e9sz\u00edt\u00e9s kor\u00e1ban a vide\u00f3k GIF-ekk\u00e9 alak\u00edt\u00e1sa n\u00e9pszer\u0171 m\u00f3dja lett a pillanatok dinamikus, m\u00e9gis kompakt form\u00e1ban t\u00f6rt\u00e9n\u0151 megoszt\u00e1s\u00e1nak. Ez az \u00fatmutat\u00f3 a vide\u00f3k GIF-ekk\u00e9 alak\u00edt\u00e1s\u00e1nak koncepci\u00f3j\u00e1t, a folyamat fontoss\u00e1g\u00e1t, a rendelkez\u00e9sre \u00e1ll\u00f3 legjobb eszk\u00f6z\u00f6ket \u00e9s n\u00e9h\u00e1ny gyakran feltett k\u00e9rd\u00e9st fog ismertetni.<\/p>\n\n\n\n<h3 class=\"wp-block-heading\">Tartalomjegyz\u00e9k<\/h3>\n\n\n\n<ol class=\"wp-block-list\">\n<li class=\"\">Mi az a Video to GIF?<\/li>\n\n\n\n<li class=\"\">Mi\u00e9rt \u00e9rdemes vide\u00f3t GIF-\u00e9 alak\u00edtani?<\/li>\n\n\n\n<li class=\"\">Alkalmas felhaszn\u00e1l\u00f3k vagy ipar\u00e1gak<\/li>\n\n\n\n<li class=\"\">Top 10 eszk\u00f6z \u00e9s inform\u00e1ci\u00f3<\/li>\n\n\n\n<li class=\"\">Gyakran ism\u00e9telt k\u00e9rd\u00e9sek<\/li>\n<\/ol>\n\n\n\n<h3 class=\"wp-block-heading\">Mi az a Video to GIF?<\/h3>\n\n\n\n<p class=\"\">A vide\u00f3 GIF-be t\u00f6rt\u00e9n\u0151 \u00e1talak\u00edt\u00e1s sor\u00e1n a videof\u00e1jlt GIF-k\u00e9pp\u00e9 alak\u00edtjuk \u00e1t. A GIF-eket, vagyis a Graphics Interchange Format k\u00e9peket sz\u00e9les k\u00f6rben haszn\u00e1lj\u00e1k a k\u00f6z\u00f6ss\u00e9gi m\u00e9di\u00e1ban \u00e9s a weboldalakon, mivel k\u00e9pesek anim\u00e1ci\u00f3kat hurkol\u00e1sszer\u0171en megjelen\u00edteni, \u00e9s viszonylag kis f\u00e1jlm\u00e9ret\u0171ek. Ez a folyamat lehet\u0151v\u00e9 teszi a felhaszn\u00e1l\u00f3k sz\u00e1m\u00e1ra, hogy egy vide\u00f3 egy szegmens\u00e9t anim\u00e1lt k\u00e9pp\u00e9 alak\u00edts\u00e1k \u00e1t, amely k\u00f6nnyen megoszthat\u00f3 \u00e9s megtekinthet\u0151 k\u00fcl\u00f6nb\u00f6z\u0151 platformokon.<\/p>\n\n\n\n<h3 class=\"wp-block-heading\">Mi\u00e9rt \u00e9rdemes vide\u00f3t GIF-\u00e9 alak\u00edtani?<\/h3>\n\n\n\n<p class=\"\">A Vide\u00f3 GIF-be t\u00f6rt\u00e9n\u0151 \u00e1talak\u00edt\u00e1s sz\u00e1mos el\u0151nnyel j\u00e1r:<\/p>\n\n\n\n<ul class=\"wp-block-list\">\n<li class=\"\"><strong>Eljegyz\u00e9s<\/strong>: A GIF-ek figyelemfelkelt\u0151ek, \u00e9s gyorsan megragadj\u00e1k a n\u00e9z\u0151k figyelm\u00e9t.<\/li>\n\n\n\n<li class=\"\"><strong>Kompatibilit\u00e1s<\/strong>: A GIF-eket a legt\u00f6bb k\u00f6z\u00f6ss\u00e9gi m\u00e9diaplatform \u00e9s \u00fczenetk\u00fcld\u0151 alkalmaz\u00e1s t\u00e1mogatja.<\/li>\n\n\n\n<li class=\"\"><strong>F\u00e1jl m\u00e9rete<\/strong>: A vide\u00f3khoz k\u00e9pest a GIF-ek kisebb m\u00e9ret\u0171ek, \u00edgy k\u00f6nnyebb felt\u00f6lteni \u00e9s megosztani \u0151ket.<\/li>\n\n\n\n<li class=\"\"><strong>Kreativit\u00e1s<\/strong>: A GIF-ek lehet\u0151v\u00e9 teszik a kreat\u00edv kifejez\u00e9st, kiemelve bizonyos pillanatokat, vagy humorral kieg\u00e9sz\u00edtve a looping anim\u00e1ci\u00f3kat.<\/li>\n<\/ul>\n\n\n\n<h3 class=\"wp-block-heading\">Alkalmas felhaszn\u00e1l\u00f3k vagy ipar\u00e1gak<\/h3>\n\n\n\n<p class=\"\">A vide\u00f3 GIF-be t\u00f6rt\u00e9n\u0151 konvert\u00e1l\u00e1sa sz\u00e1mos felhaszn\u00e1l\u00f3 \u00e9s ipar\u00e1g sz\u00e1m\u00e1ra el\u0151ny\u00f6s, t\u00f6bbek k\u00f6z\u00f6tt:<\/p>\n\n\n\n<ul class=\"wp-block-list\">\n<li class=\"\"><strong>A k\u00f6z\u00f6ss\u00e9gi m\u00e9dia befoly\u00e1sol\u00f3i<\/strong>: Megragad\u00f3 tartalom l\u00e9trehoz\u00e1sa, amely kiemelkedik.<\/li>\n\n\n\n<li class=\"\"><strong>Piacosok<\/strong>: Rekl\u00e1mok \u00e9s prom\u00f3ci\u00f3s anyagok jav\u00edt\u00e1sa.<\/li>\n\n\n\n<li class=\"\"><strong>Pedag\u00f3gusok<\/strong>: Egyszer\u0171, ism\u00e9tl\u0151d\u0151 oktat\u00f3 anim\u00e1ci\u00f3k k\u00e9sz\u00edt\u00e9se.<\/li>\n\n\n\n<li class=\"\"><strong>Tartalomk\u00e9sz\u00edt\u0151k<\/strong>: Hosszabb vide\u00f3k kiemelt vagy vicces pillanatainak megoszt\u00e1sa.<\/li>\n\n\n\n<li class=\"\"><strong>V\u00e1llalkoz\u00e1sok<\/strong>: Megragad\u00f3 vizu\u00e1lis anyagok k\u00e9sz\u00edt\u00e9se weboldalakhoz \u00e9s prezent\u00e1ci\u00f3khoz.<\/li>\n<\/ul>\n\n\n\n<h3 class=\"wp-block-heading\">Top 10 eszk\u00f6z \u00e9s inform\u00e1ci\u00f3<\/h3>\n\n\n\n<p class=\"\">Az al\u00e1bbiakban egy t\u00e1bl\u00e1zatban \u00f6sszefoglaljuk a 10 legjobb eszk\u00f6zt a vide\u00f3k GIF-ekk\u00e9 val\u00f3 konvert\u00e1l\u00e1s\u00e1hoz, bele\u00e9rtve az URL-c\u00edmeket, el\u0151ny\u00f6ket, h\u00e1tr\u00e1nyokat, el\u0151ny\u00f6ket, kih\u00edv\u00e1sokat \u00e9s aj\u00e1nl\u00e1sokat.<\/p>\n\n\n\n<figure class=\"wp-block-table\"><table class=\"has-fixed-layout\"><thead><tr><th>Eszk\u00f6z neve<\/th><th>URL<\/th><th>El\u0151ny\u00f6k<\/th><th>H\u00e1tr\u00e1nyok<\/th><th>El\u0151ny\u00f6k<\/th><th>Kih\u00edv\u00e1sok<\/th><th>Aj\u00e1nl\u00e1sok<\/th><\/tr><\/thead><tbody><tr><td><strong>Ingyenes vide\u00f3 GIF-be<\/strong><\/td><td><a href=\"https:\/\/aiartfree.online\/hu\/videobol-gif\/\" data-type=\"link\" data-id=\"https:\/\/aiartfree.online\/video-to-gif\/\">aiartfree.online<\/a><\/td><td>K\u00f6nnyen haszn\u00e1lhat\u00f3, kiv\u00e1l\u00f3 min\u0151s\u00e9g\u0171 kimenet<\/td><td>Korl\u00e1tozott fejlett funkci\u00f3k<\/td><td>A legjobb gyors konverzi\u00f3khoz<\/td><td>Lehet, hogy nem felel meg a professzion\u00e1lis szerkeszt\u0151knek<\/td><td>A legjobb eszk\u00f6z \u00e1ltal\u00e1nos felhaszn\u00e1l\u00f3k sz\u00e1m\u00e1ra<\/td><\/tr><tr><td><strong>Giphy<\/strong><\/td><td><a href=\"https:\/\/giphy.com\" rel=\"nofollow noopener\" target=\"_blank\">giphy.com<\/a><\/td><td>Kiterjedt k\u00f6nyvt\u00e1r, egyszer\u0171 megoszt\u00e1s<\/td><td>V\u00edzjel az ingyenes v\u00e1ltozaton<\/td><td>Nagyszer\u0171 a k\u00f6z\u00f6ss\u00e9gi m\u00e9di\u00e1ban<\/td><td>Regisztr\u00e1ci\u00f3 sz\u00fcks\u00e9ges<\/td><td>Ide\u00e1lis a k\u00f6z\u00f6ss\u00e9gi m\u00e9dia haszn\u00e1lat\u00e1hoz<\/td><\/tr><tr><td><strong>Imgur<\/strong><\/td><td><a href=\"https:\/\/imgur.com\" rel=\"nofollow noopener\" target=\"_blank\">imgur.com<\/a><\/td><td>Ingyenes, egyszer\u0171 fel\u00fclet<\/td><td>Korl\u00e1tozott szerkeszt\u00e9si lehet\u0151s\u00e9gek<\/td><td>J\u00f3 a gyors szerkeszt\u00e9shez<\/td><td>Nincsenek fejlett funkci\u00f3k<\/td><td>J\u00f3 alkalmi felhaszn\u00e1l\u00f3knak<\/td><\/tr><tr><td><strong>EZGIF<\/strong><\/td><td><a href=\"https:\/\/ezgif.com\" rel=\"nofollow noopener\" target=\"_blank\">ezgif.com<\/a><\/td><td>\u00c1tfog\u00f3 funkci\u00f3k, ingyenes<\/td><td>Az interf\u00e9sz t\u00falterhel\u0151 lehet<\/td><td>Alkalmas r\u00e9szletes szerkeszt\u00e9sre<\/td><td>Kezd\u0151k sz\u00e1m\u00e1ra bonyolult lehet<\/td><td>R\u00e9szletes szerkeszt\u00e9shez aj\u00e1nlott<\/td><\/tr><tr><td><strong>Convertio<\/strong><\/td><td><a href=\"https:\/\/convertio.co\" rel=\"nofollow noopener\" target=\"_blank\">convertio.c<\/a><a href=\"https:\/\/convertio.co\" target=\"_blank\" rel=\"noopener\">o<\/a><\/td><td>T\u00f6bb form\u00e1tumot t\u00e1mogat<\/td><td>Az ingyenes verzi\u00f3nak vannak korl\u00e1tai<\/td><td>Sokoldal\u00fa \u00e9s rugalmas<\/td><td>M\u00e9retkorl\u00e1toz\u00e1s az ingyenes verzi\u00f3ban<\/td><td>J\u00f3 k\u00fcl\u00f6nb\u00f6z\u0151 f\u00e1jlt\u00edpusokhoz<\/td><\/tr><tr><td><strong>Online-konvert\u00e1l\u00e1s<\/strong><\/td><td><a href=\"https:\/\/online-convert.com\" rel=\"nofollow noopener\" target=\"_blank\">online-convert.com<\/a><\/td><td>Nincs szoftver telep\u00edt\u00e9se<\/td><td>Hirdet\u00e9sek az ingyenes verzi\u00f3ban<\/td><td>K\u00e9nyelmes \u00e9s gyors<\/td><td>Internetkapcsolat sz\u00fcks\u00e9ges<\/td><td>A legjobb gyors online konverzi\u00f3hoz<\/td><\/tr><tr><td><strong>MakeAGIF<\/strong><\/td><td><a href=\"https:\/\/makeagif.com\" rel=\"nofollow noopener\" target=\"_blank\">makeagif.com<\/a><\/td><td>K\u00f6nnyen haszn\u00e1lhat\u00f3, k\u00f6z\u00f6ss\u00e9gi integr\u00e1ci\u00f3<\/td><td>V\u00edzjel az ingyenes v\u00e1ltozaton<\/td><td>Felhaszn\u00e1l\u00f3bar\u00e1t fel\u00fclet<\/td><td>Korl\u00e1tozott szerkeszt\u00e9si lehet\u0151s\u00e9gek<\/td><td>Nagyszer\u0171 a gyors k\u00f6z\u00f6ss\u00e9gi m\u00e9dia posztokhoz<\/td><\/tr><tr><td><strong>GIFMaker<\/strong><\/td><td><a href=\"https:\/\/gifmaker.me\" rel=\"nofollow noopener\" target=\"_blank\">gifmaker.me<\/a><\/td><td>Nincs sz\u00fcks\u00e9g regisztr\u00e1ci\u00f3ra, ingyenes<\/td><td>Korl\u00e1tozott funkci\u00f3k<\/td><td>Gyors \u00e9s egyszer\u0171<\/td><td>Nem alkalmas \u00f6sszetett szerkeszt\u00e9sekhez<\/td><td>Ide\u00e1lis alkalmi haszn\u00e1latra<\/td><\/tr><tr><td><strong>CloudConvert<\/strong><\/td><td><a href=\"https:\/\/cloudconvert.com\" rel=\"nofollow noopener\" target=\"_blank\">cloudconvert.com<\/a><\/td><td>Kiv\u00e1l\u00f3 min\u0151s\u00e9g\u0171 konverzi\u00f3k<\/td><td>Ingyenes verzi\u00f3 korl\u00e1tai<\/td><td>Nagyfok\u00fa testreszabhat\u00f3s\u00e1g<\/td><td>Regisztr\u00e1ci\u00f3 sz\u00fcks\u00e9ges a teljes funkcionalit\u00e1shoz<\/td><td>A legjobb a kiv\u00e1l\u00f3 min\u0151s\u00e9g\u0171 kimenetekhez<\/td><\/tr><tr><td><strong>Kapwing<\/strong><\/td><td><a href=\"https:\/\/kapwing.com\" rel=\"nofollow noopener\" target=\"_blank\">kapwing.com<\/a><\/td><td>Modern fel\u00fclet, egy\u00fcttm\u0171k\u00f6d\u0151<\/td><td>Sz\u00e1mla sz\u00fcks\u00e9ges<\/td><td>J\u00f3 a csapatmunk\u00e1hoz<\/td><td>N\u00e9h\u00e1ny funkci\u00f3 fizet\u0151s fal m\u00f6g\u00f6tt<\/td><td>Kiv\u00e1l\u00f3an alkalmas csapatprojektekhez<\/td><\/tr><\/tbody><\/table><\/figure>\n\n\n\n<h3 class=\"wp-block-heading\">Gyakran ism\u00e9telt k\u00e9rd\u00e9sek<\/h3>\n\n\n\n<ol class=\"wp-block-list\">\n<li class=\"\"><strong>Mi a legjobb eszk\u00f6z a vide\u00f3 GIF-be val\u00f3 konvert\u00e1l\u00e1s\u00e1ra?<\/strong>\n<ul class=\"wp-block-list\">\n<li class=\"\">A legjobb eszk\u00f6z a Free Online Auto Draft. Felhaszn\u00e1l\u00f3bar\u00e1t \u00e9s kiv\u00e1l\u00f3 min\u0151s\u00e9g\u0171 GIF-eket k\u00e9sz\u00edt.<\/li>\n<\/ul>\n<\/li>\n\n\n\n<li class=\"\"><strong>Hogyan konvert\u00e1lhatom az MP4-et GIF-be?<\/strong>\n<ul class=\"wp-block-list\">\n<li class=\"\">Haszn\u00e1lhatsz online konvertereket, mint p\u00e9ld\u00e1ul az EZGIF vagy a Giphy. Egyszer\u0171en t\u00f6ltse fel MP4 f\u00e1jlj\u00e1t, \u00e9s k\u00f6vesse az utas\u00edt\u00e1sokat a GIF-be val\u00f3 konvert\u00e1l\u00e1shoz.<\/li>\n<\/ul>\n<\/li>\n\n\n\n<li class=\"\"><strong>L\u00e9trehozhatok j\u00f3 min\u0151s\u00e9g\u0171 GIF-eket vide\u00f3kb\u00f3l?<\/strong>\n<ul class=\"wp-block-list\">\n<li class=\"\">Igen, az olyan eszk\u00f6z\u00f6k, mint a Free Online Auto Draft \u00e9s a CloudConvert kiv\u00e1l\u00f3 min\u0151s\u00e9g\u0171 konverzi\u00f3kat k\u00edn\u00e1lnak.<\/li>\n<\/ul>\n<\/li>\n\n\n\n<li class=\"\"><strong>Mik azok az anim\u00e1lt GIF k\u00e9sz\u00edt\u0151k?<\/strong>\n<ul class=\"wp-block-list\">\n<li class=\"\">Ezek olyan eszk\u00f6z\u00f6k, amelyekkel vide\u00f3kb\u00f3l vagy k\u00e9psorozatokb\u00f3l k\u00e9sz\u00edthet GIF-eket, gyakran tov\u00e1bbi szerkeszt\u00e9si funkci\u00f3kkal.<\/li>\n<\/ul>\n<\/li>\n\n\n\n<li class=\"\"><strong>L\u00e9tezik ingyenes GIF-k\u00e9sz\u00edt\u0151 j\u00f3 min\u0151s\u00e9g\u0171 GIF-ek k\u00e9sz\u00edt\u00e9s\u00e9hez?<\/strong>\n<ul class=\"wp-block-list\">\n<li class=\"\">Igen, az olyan eszk\u00f6z\u00f6k, mint a Giphy \u00e9s az EZGIF ingyenes verzi\u00f3kat k\u00edn\u00e1lnak, amelyekkel kiv\u00e1l\u00f3 min\u0151s\u00e9g\u0171 GIF-eket k\u00e9sz\u00edthetsz.<\/li>\n<\/ul>\n<\/li>\n\n\n\n<li class=\"\"><strong>Hogyan k\u00e9sz\u00edthetek GIF-et egy videoklipb\u0151l?<\/strong>\n<ul class=\"wp-block-list\">\n<li class=\"\">Haszn\u00e1ljon egy olyan eszk\u00f6zt, mint a Free Online Auto Draft, t\u00f6ltse fel a videoklipj\u00e9t, v\u00e1lassza ki a k\u00edv\u00e1nt szegmenst, \u00e9s alak\u00edtsa \u00e1t GIF-be.<\/li>\n<\/ul>\n<\/li>\n\n\n\n<li class=\"\"><strong>Milyen vide\u00f3 f\u00e1jlform\u00e1tumok konvert\u00e1lhat\u00f3k GIF-be?<\/strong>\n<ul class=\"wp-block-list\">\n<li class=\"\">A legt\u00f6bb eszk\u00f6z t\u00e1mogatja az olyan form\u00e1tumokat, mint az MP4, AVI \u00e9s MOV a GIF-be val\u00f3 konvert\u00e1l\u00e1shoz.<\/li>\n<\/ul>\n<\/li>\n\n\n\n<li class=\"\"><strong>Szerkeszthetem a GIF-et a konvert\u00e1l\u00e1s ut\u00e1n?<\/strong>\n<ul class=\"wp-block-list\">\n<li class=\"\">Igen, sok eszk\u00f6z, mint p\u00e9ld\u00e1ul az EZGIF, k\u00edn\u00e1l szerkeszt\u00e9si funkci\u00f3kat a GIF \u00e1talak\u00edt\u00e1s ut\u00e1ni be\u00e1ll\u00edt\u00e1s\u00e1hoz.<\/li>\n<\/ul>\n<\/li>\n\n\n\n<li class=\"\"><strong>Mekkora a maxim\u00e1lis hossz\u00fas\u00e1g\u00fa vide\u00f3, amelyet GIF-be konvert\u00e1lhatok?<\/strong>\n<ul class=\"wp-block-list\">\n<li class=\"\">Ez az eszk\u00f6zt\u0151l f\u00fcgg. A Free Online Auto Draft t\u00e1mogatja a legt\u00f6bb felhaszn\u00e1l\u00e1sra alkalmas szabv\u00e1nyos videohossz\u00fas\u00e1gokat.<\/li>\n<\/ul>\n<\/li>\n\n\n\n<li class=\"\"><strong>Sz\u00fcks\u00e9gem van egy fi\u00f3kra a vide\u00f3k GIF-ekk\u00e9 val\u00f3 konvert\u00e1l\u00e1s\u00e1hoz?<\/strong>\n<ul class=\"wp-block-list\">\n<li class=\"\">N\u00e9h\u00e1ny eszk\u00f6zh\u00f6z fi\u00f3kra van sz\u00fcks\u00e9g a teljes funkcionalit\u00e1shoz, de sok eszk\u00f6z, mint p\u00e9ld\u00e1ul a Free Online Auto Draft \u00e9s a GIFMaker, nem ig\u00e9nyel fi\u00f3kot az alapszint\u0171 haszn\u00e1lathoz.<\/li>\n<\/ul>\n<\/li>\n<\/ol>\n\n\n\n<p class=\"\">A megadott inform\u00e1ci\u00f3k felhaszn\u00e1l\u00e1s\u00e1val hat\u00e9konyan konvert\u00e1lhatja a vide\u00f3kat GIF-ekk\u00e9, \u00edgy jav\u00edthatja tartalm\u00e1t \u00e9s elk\u00f6telezetts\u00e9g\u00e9t a k\u00fcl\u00f6nb\u00f6z\u0151 platformokon.<\/p>\n\n\n\n<p class=\"\"><\/p>","protected":false},"excerpt":{"rendered":"<p>How to use Video to GIF *&nbsp;Depending on your internet speed, loading the model may take a few seconds.* There will be caching during continuous generation, and the new image will appear after about 3 seconds. Introduction of Video to GIF In the age of digital content creation, transforming videos into GIFs has become a &#8230; <a title=\"Ingyenes vide\u00f3 GIF-be\" class=\"read-more\" href=\"https:\/\/aiartfree.online\/hu\/videobol-gif\/\" aria-label=\"Read more about Free Video to GIF\">Olvass tov\u00e1bb<\/a><\/p>","protected":false},"author":1,"featured_media":0,"parent":0,"menu_order":0,"comment_status":"open","ping_status":"closed","template":"","meta":{"nf_dc_page":"","footnotes":""},"class_list":["post-2986","page","type-page","status-publish"],"jetpack_sharing_enabled":true,"_links":{"self":[{"href":"https:\/\/aiartfree.online\/hu\/wp-json\/wp\/v2\/pages\/2986","targetHints":{"allow":["GET"]}}],"collection":[{"href":"https:\/\/aiartfree.online\/hu\/wp-json\/wp\/v2\/pages"}],"about":[{"href":"https:\/\/aiartfree.online\/hu\/wp-json\/wp\/v2\/types\/page"}],"author":[{"embeddable":true,"href":"https:\/\/aiartfree.online\/hu\/wp-json\/wp\/v2\/users\/1"}],"replies":[{"embeddable":true,"href":"https:\/\/aiartfree.online\/hu\/wp-json\/wp\/v2\/comments?post=2986"}],"version-history":[{"count":1,"href":"https:\/\/aiartfree.online\/hu\/wp-json\/wp\/v2\/pages\/2986\/revisions"}],"predecessor-version":[{"id":3600,"href":"https:\/\/aiartfree.online\/hu\/wp-json\/wp\/v2\/pages\/2986\/revisions\/3600"}],"wp:attachment":[{"href":"https:\/\/aiartfree.online\/hu\/wp-json\/wp\/v2\/media?parent=2986"}],"curies":[{"name":"wp","href":"https:\/\/api.w.org\/{rel}","templated":true}]}}