{"id":2983,"date":"2024-07-19T13:17:41","date_gmt":"2024-07-19T13:17:41","guid":{"rendered":"https:\/\/aiartfree.online\/?page_id=2983"},"modified":"2025-03-07T08:28:23","modified_gmt":"2025-03-07T08:28:23","slug":"free-ai-logo-generator","status":"publish","type":"page","link":"https:\/\/aiartfree.online\/hu\/ingyenes-ai-logo-generator\/","title":{"rendered":"Ingyenes AI log\u00f3 gener\u00e1tor"},"content":{"rendered":"<h2 class=\"wp-block-heading\">Hogyan kell haszn\u00e1lni a Free AI Logo Generator-t<\/h2>\n\n\n\n<ol class=\"wp-block-list\">\n<li class=\"\">Dobja el vagy t\u00f6ltse fel a k\u00e9pet<\/li>\n\n\n\n<li class=\"\">Kattintson a \"Bek\u00fcld\u00e9s\" gombra<\/li>\n\n\n\n<li class=\"\">V\u00e1rj, ez az! <\/li>\n<\/ol>\n\n\n\n<figure class=\"gb-block-image gb-block-image-032aac41\"><a href=\"https:\/\/fas.st\/t\/9U4PYbm7\" target=\"_blank\" rel=\"noopener noreferrer\"><img data-recalc-dims=\"1\" decoding=\"async\" loading=\"lazy\" width=\"1200\" height=\"365\" class=\"gb-image gb-image-032aac41\" src=\"https:\/\/i0.wp.com\/aiartfree.online\/wp-content\/uploads\/2025\/03\/WX20250307-115412%402x.webp?resize=1200%2C365&#038;ssl=1\" alt=\"\" title=\"WX20250307-115412@2x\" srcset=\"https:\/\/i0.wp.com\/aiartfree.online\/wp-content\/uploads\/2025\/03\/WX20250307-115412%402x.webp?w=1942&amp;ssl=1 1942w, https:\/\/i0.wp.com\/aiartfree.online\/wp-content\/uploads\/2025\/03\/WX20250307-115412%402x.webp?resize=300%2C91&amp;ssl=1 300w, https:\/\/i0.wp.com\/aiartfree.online\/wp-content\/uploads\/2025\/03\/WX20250307-115412%402x.webp?resize=1024%2C312&amp;ssl=1 1024w, https:\/\/i0.wp.com\/aiartfree.online\/wp-content\/uploads\/2025\/03\/WX20250307-115412%402x.webp?resize=768%2C234&amp;ssl=1 768w, https:\/\/i0.wp.com\/aiartfree.online\/wp-content\/uploads\/2025\/03\/WX20250307-115412%402x.webp?resize=1536%2C467&amp;ssl=1 1536w, https:\/\/i0.wp.com\/aiartfree.online\/wp-content\/uploads\/2025\/03\/WX20250307-115412%402x.webp?resize=18%2C5&amp;ssl=1 18w, https:\/\/i0.wp.com\/aiartfree.online\/wp-content\/uploads\/2025\/03\/WX20250307-115412%402x.webp?resize=600%2C183&amp;ssl=1 600w\" sizes=\"auto, (max-width: 1200px) 100vw, 1200px\" \/><\/a><\/figure>\n\n\n\n<p class=\"\"><em>* Az internet sebess\u00e9g\u00e9t\u0151l f\u00fcgg\u0151en a modell bet\u00f6lt\u00e9se n\u00e9h\u00e1ny m\u00e1sodpercet vehet ig\u00e9nybe.<br>* A folyamatos gener\u00e1l\u00e1s sor\u00e1n gyors\u00edt\u00f3t\u00e1raz\u00e1sra ker\u00fcl sor, \u00e9s az \u00faj k\u00e9p k\u00f6r\u00fclbel\u00fcl 3 m\u00e1sodperc m\u00falva jelenik meg.<\/em><\/p>\n\n\n\n<div style=\"text-align: center; border: 2px solid; border-image-source: linear-gradient(to right, #16b86c, #912899); border-image-slice: 1; box-shadow: 0 0 10px rgba(0, 0, 0, 0.1); border-radius: 15px;\">\n  <iframe loading=\"lazy\"\n    src=\"https:\/\/artificialguybr-logo-sdxl-lora-free-demo.hf.space\"\n    frameborder=\"0\"\n    width=\"1100\"\n    height=\"800\"\n    style=\"display: inline-block; margin: 0 auto;\"\n  ><\/iframe>\n<\/div>\n\n\n\n<div style=\"height:49px\" aria-hidden=\"true\" class=\"wp-block-spacer\"><\/div>\n\n\n\n<h2 class=\"wp-block-heading\" id=\"introduction-of-free-ai-logo-generator\">Az ingyenes AI Logo Generator bevezet\u00e9se<\/h2>\n\n\n\n<p class=\"\">\u00dczlettulajdonosk\u00e9nt a professzion\u00e1lis log\u00f3 l\u00e9trehoz\u00e1sa elengedhetetlen a m\u00e1rkaidentit\u00e1s megteremt\u00e9s\u00e9hez. A mesters\u00e9ges intelligencia t\u00e9rh\u00f3d\u00edt\u00e1s\u00e1val a log\u00f3k\u00e9sz\u00edt\u00e9s el\u00e9rhet\u0151bb\u00e9 \u00e9s hat\u00e9konyabb\u00e1 v\u00e1lt. Ebben a cikkben az ingyenes AI log\u00f3gener\u00e1tor csod\u00e1it t\u00e1rjuk fel, \u00e9s azt, hogy milyen el\u0151ny\u00f6kkel j\u00e1rhat az \u00d6n v\u00e1llalkoz\u00e1sa sz\u00e1m\u00e1ra.<\/p>\n\n\n\n<figure class=\"wp-block-image size-large is-resized\"><img data-recalc-dims=\"1\" decoding=\"async\" width=\"1024\" height=\"562\"   loading=\"lazy\" src=\"https:\/\/i0.wp.com\/aiartfree.online\/wp-content\/uploads\/2024\/07\/1_mL5ZQFtjfXkQdHh6qz_13w.jpg?resize=1024%2C562&#038;ssl=1\" alt=\"Ingyenes AI log\u00f3 gener\u00e1tor\" class=\"wp-image-2987\" style=\"width:585px;height:auto\" srcset=\"https:\/\/i0.wp.com\/aiartfree.online\/wp-content\/uploads\/2024\/07\/1_mL5ZQFtjfXkQdHh6qz_13w.jpg?resize=1024%2C562&amp;ssl=1 1024w, https:\/\/i0.wp.com\/aiartfree.online\/wp-content\/uploads\/2024\/07\/1_mL5ZQFtjfXkQdHh6qz_13w.jpg?resize=300%2C165&amp;ssl=1 300w, https:\/\/i0.wp.com\/aiartfree.online\/wp-content\/uploads\/2024\/07\/1_mL5ZQFtjfXkQdHh6qz_13w.jpg?resize=768%2C421&amp;ssl=1 768w, https:\/\/i0.wp.com\/aiartfree.online\/wp-content\/uploads\/2024\/07\/1_mL5ZQFtjfXkQdHh6qz_13w.jpg?resize=18%2C10&amp;ssl=1 18w, https:\/\/i0.wp.com\/aiartfree.online\/wp-content\/uploads\/2024\/07\/1_mL5ZQFtjfXkQdHh6qz_13w.jpg?resize=600%2C329&amp;ssl=1 600w, https:\/\/i0.wp.com\/aiartfree.online\/wp-content\/uploads\/2024\/07\/1_mL5ZQFtjfXkQdHh6qz_13w.jpg?w=1400&amp;ssl=1 1400w\" sizes=\"auto, (max-width: 1024px) 100vw, 1024px\" \/><\/figure>\n\n\n\n<p class=\"\"><strong>Tartalomjegyz\u00e9k<\/strong><\/p>\n\n\n\n<ul class=\"wp-block-list\">\n<li class=\"\">Az ingyenes AI Logo Generator bevezet\u00e9se<\/li>\n\n\n\n<li class=\"\">Mi\u00e9rt \u00e9rdemes ingyenes AI log\u00f3gener\u00e1tort haszn\u00e1lni?<\/li>\n\n\n\n<li class=\"\">Az ingyenes AI Logo Generator haszn\u00e1lat\u00e1nak el\u0151nyei<\/li>\n\n\n\n<li class=\"\">Mikor haszn\u00e1ljon ingyenes AI log\u00f3gener\u00e1tort<\/li>\n\n\n\n<li class=\"\">Ki haszn\u00e1lhatja az ingyenes AI log\u00f3gener\u00e1tort?<\/li>\n\n\n\n<li class=\"\">Ingyenes AI log\u00f3gener\u00e1torok \u00f6sszehasonl\u00edt\u00e1sa<\/li>\n\n\n\n<li class=\"\">GYIK<\/li>\n<\/ul>\n\n\n\n<h3 class=\"wp-block-heading\" id=\"what-is-a-free-ai-logo-generator\"><a href=\"https:\/\/dromerosm-groq-llama3.hf.space\/#what-is-a-free-ai-logo-generator\" target=\"_blank\" rel=\"noopener\"><\/a>Mi az az ingyenes AI log\u00f3gener\u00e1tor?<\/h3>\n\n\n\n<p class=\"\">Az ingyenes AI log\u00f3gener\u00e1tor egy olyan online eszk\u00f6z, amely mesters\u00e9ges intelligencia seg\u00edts\u00e9g\u00e9vel egyedi log\u00f3t hoz l\u00e9tre v\u00e1llalkoz\u00e1sa sz\u00e1m\u00e1ra. Ezek az eszk\u00f6z\u00f6k g\u00e9pi tanul\u00e1si algoritmusokat haszn\u00e1lnak, hogy egyedi log\u00f3kat gener\u00e1ljanak az \u00d6n \u00e1ltal megadott adatok, p\u00e9ld\u00e1ul az \u00fczleti n\u00e9v, a szlogen, valamint a prefer\u00e1lt sz\u00ednek \u00e9s bet\u0171t\u00edpusok alapj\u00e1n. N\u00e9h\u00e1ny kattint\u00e1ssal percek alatt professzion\u00e1lis megjelen\u00e9s\u0171 log\u00f3t hozhat l\u00e9tre.<\/p>\n\n\n\n<h3 class=\"wp-block-heading\" id=\"why-use-a-free-ai-logo-generator\"><a href=\"https:\/\/dromerosm-groq-llama3.hf.space\/#why-use-a-free-ai-logo-generator\" target=\"_blank\" rel=\"noopener\"><\/a>Mi\u00e9rt \u00e9rdemes ingyenes AI log\u00f3gener\u00e1tort haszn\u00e1lni?<\/h3>\n\n\n\n<p class=\"\">Az ingyenes AI log\u00f3gener\u00e1tor haszn\u00e1lat\u00e1val id\u0151t \u00e9s p\u00e9nzt takar\u00edthat meg a professzion\u00e1lis log\u00f3tervez\u0151 felb\u00e9rl\u00e9s\u00e9hez k\u00e9pest. Az AI-alap\u00fa log\u00f3tervez\u00e9ssel egyszer\u0171en megadhatja \u00fczleti adatait \u00e9s preferenci\u00e1it, \u00e9s az eszk\u00f6z l\u00e9trehoz egy olyan log\u00f3t, amely megfelel az ig\u00e9nyeinek.<\/p>\n\n\n\n<h3 class=\"wp-block-heading\" id=\"benefits-of-using-a-free-ai-logo-generator\"><a href=\"https:\/\/dromerosm-groq-llama3.hf.space\/#benefits-of-using-a-free-ai-logo-generator\" target=\"_blank\" rel=\"noopener\"><\/a>Az ingyenes AI Logo Generator haszn\u00e1lat\u00e1nak el\u0151nyei<\/h3>\n\n\n\n<p class=\"\">\u00cdme n\u00e9h\u00e1ny el\u0151nye az ingyenes AI log\u00f3gener\u00e1tor haszn\u00e1lat\u00e1nak:<\/p>\n\n\n\n<p class=\"\">Gyors \u00e9s hat\u00e9kony K\u00e9sz\u00edtsen log\u00f3t percek alatt az AI log\u00f3gener\u00e1torral.<\/p>\n\n\n\n<p class=\"\">K\u00f6lts\u00e9ghat\u00e9kony Sp\u00f3roljon p\u00e9nzt azzal, hogy nem vesz fel profi log\u00f3tervez\u0151t.<\/p>\n\n\n\n<p class=\"\">Egyedi mint\u00e1k Mesters\u00e9ges intelligencia \u00e1ltal gener\u00e1lt egyedi log\u00f3k.<\/p>\n\n\n\n<p class=\"\">Nagy felbont\u00e1s Nagy felbont\u00e1s\u00fa log\u00f3f\u00e1jlok let\u00f6lt\u00e9se k\u00fcl\u00f6nb\u00f6z\u0151 felhaszn\u00e1l\u00e1si c\u00e9lokra.<\/p>\n\n\n\n<p class=\"\">Egyszer\u0171 haszn\u00e1lat Egyszer\u0171en adja meg \u00fczleti adatait \u00e9s preferenci\u00e1it, az eszk\u00f6z pedig elv\u00e9gzi a t\u00f6bbit.<\/p>\n\n\n\n<h3 class=\"wp-block-heading\" id=\"when-to-use-a-free-ai-logo-generator\"><a href=\"https:\/\/dromerosm-groq-llama3.hf.space\/#when-to-use-a-free-ai-logo-generator\" target=\"_blank\" rel=\"noopener\"><\/a>Mikor haszn\u00e1ljon ingyenes AI log\u00f3gener\u00e1tort<\/h3>\n\n\n\n<p class=\"\">Az ingyenes AI log\u00f3gener\u00e1tor t\u00f6k\u00e9letes:<\/p>\n\n\n\n<p class=\"\">Startupok vagy kisv\u00e1llalkoz\u00e1sok sz\u0171k\u00f6s k\u00f6lts\u00e9gvet\u00e9ssel V\u00e1llalkoz\u00f3k, akik gyorsan szeretn\u00e9nek egy professzion\u00e1lis log\u00f3t l\u00e9trehozni V\u00e1llalkoz\u00e1sok, amelyek \u00faj brandet szeretn\u00e9nek l\u00e9trehozni vagy friss\u00edteni a log\u00f3jukat.<\/p>\n\n\n\n<h3 class=\"wp-block-heading\" id=\"who-can-use-a-free-ai-logo-generator\"><a href=\"https:\/\/dromerosm-groq-llama3.hf.space\/#who-can-use-a-free-ai-logo-generator\" target=\"_blank\" rel=\"noopener\"><\/a>Ki haszn\u00e1lhatja az ingyenes AI log\u00f3gener\u00e1tort?<\/h3>\n\n\n\n<p class=\"\">B\u00e1rki haszn\u00e1lhat ingyenes AI log\u00f3gener\u00e1tort, t\u00f6bbek k\u00f6z\u00f6tt:<\/p>\n\n\n\n<p class=\"\">V\u00e1llalkoz\u00f3k Kisv\u00e1llalkoz\u00f3k Marketing szakemberek Grafikai tervez\u0151k<\/p>\n\n\n\n<h3 class=\"wp-block-heading\" id=\"comparison-of-free-ai-logo-generators\"><a href=\"https:\/\/dromerosm-groq-llama3.hf.space\/#comparison-of-free-ai-logo-generators\" target=\"_blank\" rel=\"noopener\"><\/a>Ingyenes AI log\u00f3gener\u00e1torok \u00f6sszehasonl\u00edt\u00e1sa<\/h3>\n\n\n\n<p class=\"\">\u00cdme n\u00e9h\u00e1ny n\u00e9pszer\u0171 ingyenes AI log\u00f3gener\u00e1tor, valamint azok jellemz\u0151i \u00e9s el\u0151nyei:<\/p>\n\n\n\n<figure class=\"wp-block-table\"><table class=\"has-fixed-layout\"><thead><tr><th>Szersz\u00e1m<\/th><th>Jellemz\u0151k<\/th><th>El\u0151ny\u00f6k<\/th><th>Honlap<\/th><\/tr><\/thead><tbody><tr><td>AI Art Free Online<\/td><td>AI-alap\u00fa log\u00f3tervez\u00e9s, 100+ sablon, vibr\u00e1l\u00f3 sz\u00ednek<\/td><td>Gyors \u00e9s hat\u00e9kony, k\u00f6lts\u00e9ghat\u00e9kony<\/td><td><a href=\"https:\/\/aiartfree.online\/hu\/ingyenes-ai-logo-generator\/\" target=\"_blank\" rel=\"noreferrer noopener\">https:\/\/aiartfree.online\/free-ai-logo-generator<\/a><\/td><\/tr><tr><td>Logojoy<\/td><td>AI-alap\u00fa log\u00f3tervez\u00e9s, 10,000+ sablon, sz\u00ednpaletta-gener\u00e1tor<\/td><td>Egyedi mint\u00e1k, nagy felbont\u00e1s\u00fa f\u00e1jlok<\/td><td><a href=\"https:\/\/logojoy.com\/\" target=\"_blank\" rel=\"noreferrer noopener\">https:\/\/logojoy.com<\/a><\/td><\/tr><tr><td>Szab\u00f3 m\u00e1rk\u00e1k<\/td><td>AI-alap\u00fa log\u00f3tervez\u00e9s, 10,000+ sablon, k\u00f6z\u00f6ss\u00e9gi m\u00e9dia k\u00e9szlet<\/td><td>Professzion\u00e1lis formatervez\u00e9s, k\u00f6nny\u0171 haszn\u00e1lat<\/td><td><a href=\"https:\/\/tailorbrands.com\/\" target=\"_blank\" rel=\"noreferrer noopener\">https:\/\/tailorbrands.com<\/a><\/td><\/tr><\/tbody><\/table><\/figure>\n\n\n\n<h3 class=\"wp-block-heading\" id=\"advantages-and-disadvantages-of-free-ai-logo-generators\"><a href=\"https:\/\/dromerosm-groq-llama3.hf.space\/#advantages-and-disadvantages-of-free-ai-logo-generators\" target=\"_blank\" rel=\"noopener\"><\/a>Az ingyenes AI log\u00f3gener\u00e1torok el\u0151nyei \u00e9s h\u00e1tr\u00e1nyai<\/h3>\n\n\n\n<p class=\"\">\u00cdme n\u00e9h\u00e1ny el\u0151nye \u00e9s h\u00e1tr\u00e1nya az ingyenes AI log\u00f3gener\u00e1torok haszn\u00e1lat\u00e1nak:<\/p>\n\n\n\n<p class=\"\"><strong>El\u0151ny\u00f6k<\/strong>:<\/p>\n\n\n\n<p class=\"\">Gyors \u00e9s hat\u00e9kony K\u00f6lts\u00e9ghat\u00e9kony Egyedi mint\u00e1k Nagy felbont\u00e1s\u00fa f\u00e1jlok<\/p>\n\n\n\n<p class=\"\"><strong>H\u00e1tr\u00e1nyok<\/strong>:<\/p>\n\n\n\n<p class=\"\">Korl\u00e1tozott testreszab\u00e1si lehet\u0151s\u00e9gek Korl\u00e1tozott tervez\u00e9si sablonok Nem felelhet meg az \u00f6sszetett tervez\u00e9si k\u00f6vetelm\u00e9nyeknek<\/p>\n\n\n\n<h3 class=\"wp-block-heading\" id=\"best-free-ai-logo-generator\"><a href=\"https:\/\/dromerosm-groq-llama3.hf.space\/#best-free-ai-logo-generator\" target=\"_blank\" rel=\"noopener\"><\/a>A legjobb ingyenes AI log\u00f3 gener\u00e1tor<\/h3>\n\n\n\n<p class=\"\">A k\u00fcl\u00f6nb\u00f6z\u0151 ingyenes AI log\u00f3gener\u00e1torok kutat\u00e1sa \u00e9s \u00f6sszehasonl\u00edt\u00e1sa ut\u00e1n az AI Art Free Online-t aj\u00e1nljuk. Az AI-alap\u00fa log\u00f3tervez\u00e9s, a t\u00f6bb mint 100 sablon \u00e9s az \u00e9l\u00e9nk sz\u00ednek r\u00e9v\u00e9n t\u00f6k\u00e9letes eszk\u00f6z egy professzion\u00e1lis log\u00f3 gyors \u00e9s hat\u00e9kony l\u00e9trehoz\u00e1s\u00e1hoz.<\/p>\n\n\n\n<h3 class=\"wp-block-heading\" id=\"faq\"><a href=\"https:\/\/dromerosm-groq-llama3.hf.space\/#faq\" target=\"_blank\" rel=\"noopener\"><\/a>GYIK<\/h3>\n\n\n<div id=\"rank-math-faq\" class=\"rank-math-block\">\n<div class=\"rank-math-list\">\n<div id=\"faq-question-1721394932020\" class=\"rank-math-list-item\">\n<h3 class=\"rank-math-question\">Haszn\u00e1lhatok ingyenes AI log\u00f3gener\u00e1tort kereskedelmi c\u00e9lokra?<\/h3>\n<div class=\"rank-math-answer\">\n\n<p>Igen, a legt\u00f6bb ingyenes AI log\u00f3gener\u00e1tor lehet\u0151v\u00e9 teszi a l\u00e9trehozott log\u00f3k kereskedelmi felhaszn\u00e1l\u00e1s\u00e1t.<\/p>\n\n<\/div>\n<\/div>\n<div id=\"faq-question-1721394940919\" class=\"rank-math-list-item\">\n<h3 class=\"rank-math-question\">Egyediek a mesters\u00e9ges intelligencia \u00e1ltal gener\u00e1lt log\u00f3k?<\/h3>\n<div class=\"rank-math-answer\">\n\n<p>Igen, az AI \u00e1ltal gener\u00e1lt log\u00f3k egyediek \u00e9s az \u00d6n \u00e1ltal megadott adatok alapj\u00e1n testre szabottak.<\/p>\n\n<\/div>\n<\/div>\n<div id=\"faq-question-1721394949679\" class=\"rank-math-list-item\">\n<h3 class=\"rank-math-question\">Szerkeszthetem a gener\u00e1lt log\u00f3t?<\/h3>\n<div class=\"rank-math-answer\">\n\n<p>Igen, a legt\u00f6bb ingyenes AI log\u00f3gener\u00e1tor lehet\u0151v\u00e9 teszi a gener\u00e1lt log\u00f3 szerkeszt\u00e9s\u00e9t.<\/p>\n\n<\/div>\n<\/div>\n<div id=\"faq-question-1721394962503\" class=\"rank-math-list-item\">\n<h3 class=\"rank-math-question\">A log\u00f3f\u00e1jlok nagy felbont\u00e1s\u00faak?<\/h3>\n<div class=\"rank-math-answer\">\n\n<p>Igen, a legt\u00f6bb ingyenes AI log\u00f3gener\u00e1tor nagy felbont\u00e1s\u00fa log\u00f3f\u00e1jlokat biztos\u00edt k\u00fcl\u00f6nb\u00f6z\u0151 felhaszn\u00e1l\u00e1si c\u00e9lokra.<\/p>\n\n<\/div>\n<\/div>\n<\/div>\n<\/div>","protected":false},"excerpt":{"rendered":"<p>How to use Free AI Logo Generator *&nbsp;Depending on your internet speed, loading the model may take a few seconds.* There will be caching during continuous generation, and the new image will appear after about 3 seconds. Introduction of Free AI Logo Generator As a business owner, creating a professional logo is essential to establish &#8230; <a title=\"Ingyenes AI log\u00f3 gener\u00e1tor\" class=\"read-more\" href=\"https:\/\/aiartfree.online\/hu\/ingyenes-ai-logo-generator\/\" aria-label=\"Read more about Free AI Logo Generator\">Olvass tov\u00e1bb<\/a><\/p>","protected":false},"author":1,"featured_media":0,"parent":0,"menu_order":0,"comment_status":"open","ping_status":"closed","template":"","meta":{"nf_dc_page":"","footnotes":""},"class_list":["post-2983","page","type-page","status-publish"],"jetpack_sharing_enabled":true,"_links":{"self":[{"href":"https:\/\/aiartfree.online\/hu\/wp-json\/wp\/v2\/pages\/2983","targetHints":{"allow":["GET"]}}],"collection":[{"href":"https:\/\/aiartfree.online\/hu\/wp-json\/wp\/v2\/pages"}],"about":[{"href":"https:\/\/aiartfree.online\/hu\/wp-json\/wp\/v2\/types\/page"}],"author":[{"embeddable":true,"href":"https:\/\/aiartfree.online\/hu\/wp-json\/wp\/v2\/users\/1"}],"replies":[{"embeddable":true,"href":"https:\/\/aiartfree.online\/hu\/wp-json\/wp\/v2\/comments?post=2983"}],"version-history":[{"count":1,"href":"https:\/\/aiartfree.online\/hu\/wp-json\/wp\/v2\/pages\/2983\/revisions"}],"predecessor-version":[{"id":3605,"href":"https:\/\/aiartfree.online\/hu\/wp-json\/wp\/v2\/pages\/2983\/revisions\/3605"}],"wp:attachment":[{"href":"https:\/\/aiartfree.online\/hu\/wp-json\/wp\/v2\/media?parent=2983"}],"curies":[{"name":"wp","href":"https:\/\/api.w.org\/{rel}","templated":true}]}}