{"id":2974,"date":"2024-07-19T12:49:16","date_gmt":"2024-07-19T12:49:16","guid":{"rendered":"https:\/\/aiartfree.online\/?page_id=2974"},"modified":"2025-03-07T08:02:23","modified_gmt":"2025-03-07T08:02:23","slug":"bing-ai-image-generator","status":"publish","type":"page","link":"https:\/\/aiartfree.online\/hu\/bing-ai-kepgenerator\/","title":{"rendered":"Bing AI k\u00e9pgener\u00e1tor"},"content":{"rendered":"<h2 class=\"wp-block-heading\">A Bing AI Image Generator haszn\u00e1lata<\/h2>\n\n\n\n<ol class=\"wp-block-list\">\n<li class=\"\">\u00cdrja be a k\u00e9r\u00e9st<\/li>\n\n\n\n<li class=\"\">Kattintson a \"Futtat\u00e1s\" gombra<\/li>\n\n\n\n<li class=\"\">V\u00e1rj, ez az! <\/li>\n<\/ol>\n\n\n\n<figure class=\"gb-block-image gb-block-image-032aac41\"><a href=\"https:\/\/fas.st\/t\/9U4PYbm7\" target=\"_blank\" rel=\"noopener noreferrer\"><img data-recalc-dims=\"1\" decoding=\"async\" loading=\"lazy\" width=\"1200\" height=\"365\" class=\"gb-image gb-image-032aac41\" src=\"https:\/\/i0.wp.com\/aiartfree.online\/wp-content\/uploads\/2025\/03\/WX20250307-115412%402x.webp?resize=1200%2C365&#038;ssl=1\" alt=\"\" title=\"WX20250307-115412@2x\" srcset=\"https:\/\/i0.wp.com\/aiartfree.online\/wp-content\/uploads\/2025\/03\/WX20250307-115412%402x.webp?w=1942&amp;ssl=1 1942w, https:\/\/i0.wp.com\/aiartfree.online\/wp-content\/uploads\/2025\/03\/WX20250307-115412%402x.webp?resize=300%2C91&amp;ssl=1 300w, https:\/\/i0.wp.com\/aiartfree.online\/wp-content\/uploads\/2025\/03\/WX20250307-115412%402x.webp?resize=1024%2C312&amp;ssl=1 1024w, https:\/\/i0.wp.com\/aiartfree.online\/wp-content\/uploads\/2025\/03\/WX20250307-115412%402x.webp?resize=768%2C234&amp;ssl=1 768w, https:\/\/i0.wp.com\/aiartfree.online\/wp-content\/uploads\/2025\/03\/WX20250307-115412%402x.webp?resize=1536%2C467&amp;ssl=1 1536w, https:\/\/i0.wp.com\/aiartfree.online\/wp-content\/uploads\/2025\/03\/WX20250307-115412%402x.webp?resize=18%2C5&amp;ssl=1 18w, https:\/\/i0.wp.com\/aiartfree.online\/wp-content\/uploads\/2025\/03\/WX20250307-115412%402x.webp?resize=600%2C183&amp;ssl=1 600w\" sizes=\"auto, (max-width: 1200px) 100vw, 1200px\" \/><\/a><\/figure>\n\n\n\n<p class=\"\"><em>* Az internet sebess\u00e9g\u00e9t\u0151l f\u00fcgg\u0151en a modell bet\u00f6lt\u00e9se n\u00e9h\u00e1ny m\u00e1sodpercet vehet ig\u00e9nybe.<br>* A folyamatos gener\u00e1l\u00e1s sor\u00e1n gyors\u00edt\u00f3t\u00e1raz\u00e1sra ker\u00fcl sor, \u00e9s az \u00faj k\u00e9p k\u00f6r\u00fclbel\u00fcl 3 m\u00e1sodperc m\u00falva jelenik meg.<\/em><\/p>\n\n\n\n<div style=\"text-align: center; border: 2px solid; border-image-source: linear-gradient(to right, #16b86c, #912899); border-image-slice: 1; box-shadow: 0 0 10px rgba(0, 0, 0, 0.1); border-radius: 15px;\">\n  <iframe loading=\"lazy\"\n    src=\"https:\/\/mexicanamerican-dalle-3-xl-lora-v2.hf.space\"\n    frameborder=\"0\"\n    width=\"800\"\n    height=\"1050\"\n    style=\"display: inline-block; margin: 0 auto;\"\n  ><\/iframe>\n<\/div>\n\n\n\n<div style=\"height:50px\" aria-hidden=\"true\" class=\"wp-block-spacer\"><\/div>\n\n\n\n<h1 class=\"wp-block-heading\">A Bing AI Image Generator bevezet\u00e9se<\/h1>\n\n\n\n<p class=\"\">A mai digit\u00e1lis korban a vizu\u00e1lisan leny\u0171g\u00f6z\u0151 k\u00e9pek k\u00e9sz\u00edt\u00e9se fontosabb, mint valaha. Ak\u00e1r tartalomk\u00e9sz\u00edt\u0151, marketinges vagy egyszer\u0171en csak valaki, aki szereti a m\u0171v\u00e9szetet, a Bing AI Image Generator seg\u00edts\u00e9g\u00e9vel k\u00f6nnyed\u00e9n k\u00e9sz\u00edthet kiv\u00e1l\u00f3 min\u0151s\u00e9g\u0171 k\u00e9peket. Ez a cikk bemutatja a Bing AI Image Generator-t, felt\u00e1rja el\u0151nyeit, \u00e9s \u00fatmutat\u00e1st ad, hogyan hozhatja ki a legt\u00f6bbet ebb\u0151l a hat\u00e9kony eszk\u00f6zb\u0151l.<\/p>\n\n\n\n<figure class=\"wp-block-image size-full is-resized\"><img data-recalc-dims=\"1\" decoding=\"async\" width=\"1024\" height=\"1024\"   loading=\"lazy\" src=\"https:\/\/i0.wp.com\/aiartfree.online\/wp-content\/uploads\/2024\/07\/b9cb406d-bffd-446e-9f65-c20776dc6cda.jpg?resize=1024%2C1024&#038;ssl=1\" alt=\"Bing AI k\u00e9pgener\u00e1tor\" class=\"wp-image-2980\" style=\"width:359px;height:auto\" srcset=\"https:\/\/i0.wp.com\/aiartfree.online\/wp-content\/uploads\/2024\/07\/b9cb406d-bffd-446e-9f65-c20776dc6cda.jpg?w=1024&amp;ssl=1 1024w, https:\/\/i0.wp.com\/aiartfree.online\/wp-content\/uploads\/2024\/07\/b9cb406d-bffd-446e-9f65-c20776dc6cda.jpg?resize=300%2C300&amp;ssl=1 300w, https:\/\/i0.wp.com\/aiartfree.online\/wp-content\/uploads\/2024\/07\/b9cb406d-bffd-446e-9f65-c20776dc6cda.jpg?resize=150%2C150&amp;ssl=1 150w, https:\/\/i0.wp.com\/aiartfree.online\/wp-content\/uploads\/2024\/07\/b9cb406d-bffd-446e-9f65-c20776dc6cda.jpg?resize=768%2C768&amp;ssl=1 768w, https:\/\/i0.wp.com\/aiartfree.online\/wp-content\/uploads\/2024\/07\/b9cb406d-bffd-446e-9f65-c20776dc6cda.jpg?resize=12%2C12&amp;ssl=1 12w, https:\/\/i0.wp.com\/aiartfree.online\/wp-content\/uploads\/2024\/07\/b9cb406d-bffd-446e-9f65-c20776dc6cda.jpg?resize=600%2C600&amp;ssl=1 600w, https:\/\/i0.wp.com\/aiartfree.online\/wp-content\/uploads\/2024\/07\/b9cb406d-bffd-446e-9f65-c20776dc6cda.jpg?resize=100%2C100&amp;ssl=1 100w\" sizes=\"auto, (max-width: 1024px) 100vw, 1024px\" \/><\/figure>\n\n\n\n<h2 class=\"wp-block-heading\">Tartalomjegyz\u00e9k<\/h2>\n\n\n\n<ol class=\"wp-block-list\">\n<li class=\"\"><a href=\"#what-is-bing-ai-image-generator\">Mi az a Bing AI Image Generator?<\/a><\/li>\n\n\n\n<li class=\"\"><a href=\"#why-use-bing-ai-image-generator\">Mi\u00e9rt haszn\u00e1lja a Bing AI k\u00e9pgener\u00e1tort?<\/a><\/li>\n\n\n\n<li class=\"\"><a href=\"#benefits-of-using-bing-ai-image-generator\">A Bing AI Image Generator haszn\u00e1lat\u00e1nak el\u0151nyei<\/a><\/li>\n\n\n\n<li class=\"\"><a href=\"#when-to-use-bing-ai-image-generator\">Mikor haszn\u00e1lja a Bing AI k\u00e9pgener\u00e1tort<\/a><\/li>\n\n\n\n<li class=\"\"><a href=\"#who-should-use-bing-ai-image-generator\">Kinek \u00e9rdemes haszn\u00e1lni a Bing AI k\u00e9pgener\u00e1tort?<\/a><\/li>\n\n\n\n<li class=\"\"><a href=\"#comparison-of-bing-ai-image-generator-with-other-tools\">A Bing AI Image Generator \u00e9s m\u00e1s eszk\u00f6z\u00f6k \u00f6sszehasonl\u00edt\u00e1sa<\/a><\/li>\n\n\n\n<li class=\"\"><a href=\"#frequently-asked-questions\">Gyakran ism\u00e9telt k\u00e9rd\u00e9sek<\/a><\/li>\n<\/ol>\n\n\n\n<h2 class=\"wp-block-heading\">Mi az a Bing AI Image Generator?<\/h2>\n\n\n\n<p class=\"\">A Bing AI Image Generator a Microsoft \u00e1ltal kifejlesztett innovat\u00edv eszk\u00f6z, amely a generat\u00edv AI technol\u00f3gi\u00e1t haszn\u00e1lja a k\u00e9pek l\u00e9trehoz\u00e1s\u00e1ra sz\u00f6veges k\u00e9r\u00e9sekb\u0151l. Ez az AI k\u00e9pgener\u00e1tor lehet\u0151v\u00e9 teszi a felhaszn\u00e1l\u00f3k sz\u00e1m\u00e1ra, hogy le\u00edr\u00f3 sz\u00f6veget adjanak meg, \u00e9s cser\u00e9be kiv\u00e1l\u00f3 min\u0151s\u00e9g\u0171, egyedi k\u00e9peket kapjanak. A m\u00f6g\u00f6tte \u00e1ll\u00f3 technol\u00f3gia fejlett AI-algoritmusokat haszn\u00e1l a be\u00edrt sz\u00f6veg meg\u00e9rt\u00e9s\u00e9hez \u00e9s megjelen\u00edt\u00e9s\u00e9hez, \u00e9s olyan k\u00e9peket k\u00e9sz\u00edt, amelyek pontosan megfelelnek a felhaszn\u00e1l\u00f3 le\u00edr\u00e1s\u00e1nak.<\/p>\n\n\n\n<h2 class=\"wp-block-heading\">Mi\u00e9rt<\/h2>\n\n\n\n<p class=\"\">A Bing AI Image Generator haszn\u00e1lat\u00e1val jelent\u0151sen jav\u00edthatja kreat\u00edv projektjeit. Ak\u00e1r marketingkamp\u00e1nyt tervez, ak\u00e1r tartalmat k\u00e9sz\u00edt a k\u00f6z\u00f6ss\u00e9gi m\u00e9di\u00e1hoz, vagy weboldalt fejleszt, felbecs\u00fclhetetlen \u00e9rt\u00e9k\u0171, ha olyan eszk\u00f6zh\u00f6z f\u00e9r hozz\u00e1, amely k\u00e9pes k\u00e9peket gener\u00e1lni az \u00d6n egyedi ig\u00e9nyei alapj\u00e1n. Azzal, hogy gyorsan, \u00e1tfog\u00f3 grafikai tervez\u00e9si ismeretek n\u00e9lk\u00fcl k\u00e9sz\u00edthet k\u00e9peket, id\u0151t \u00e9s er\u0151forr\u00e1sokat takar\u00edthat meg, \u00edgy projektje m\u00e1s fontos szempontjaira \u00f6sszpontos\u00edthat.<\/p>\n\n\n\n<h2 class=\"wp-block-heading\">El\u0151ny\u00f6k<\/h2>\n\n\n\n<ol class=\"wp-block-list\">\n<li class=\"\"><strong>Kiv\u00e1l\u00f3 min\u0151s\u00e9g\u0171 k\u00e9pek<\/strong>: A Bing AI Image Generator nagy felbont\u00e1s\u00fa k\u00e9peket k\u00e9sz\u00edt, amelyek k\u00fcl\u00f6nb\u00f6z\u0151 szakmai c\u00e9lokra haszn\u00e1lhat\u00f3k.<\/li>\n\n\n\n<li class=\"\"><strong>Testreszabhat\u00f3s\u00e1g<\/strong>: R\u00e9szletes sz\u00f6veges utas\u00edt\u00e1sok megad\u00e1s\u00e1val az \u00d6n egyedi ig\u00e9nyeihez igaz\u00edtott k\u00e9peket hozhat l\u00e9tre.<\/li>\n\n\n\n<li class=\"\"><strong>Id\u0151hat\u00e9konys\u00e1g<\/strong>: Gyorsan gener\u00e1lhat k\u00e9peket k\u00e9zi grafikai tervez\u00e9s n\u00e9lk\u00fcl.<\/li>\n\n\n\n<li class=\"\"><strong>K\u00f6lts\u00e9ghat\u00e9kony<\/strong>: Cs\u00f6kkentse a dr\u00e1ga grafikai tervez\u0151szoftverek vagy a professzion\u00e1lis tervez\u0151k felb\u00e9rl\u00e9s\u00e9nek sz\u00fcks\u00e9gess\u00e9g\u00e9t.<\/li>\n\n\n\n<li class=\"\"><strong>Hozz\u00e1f\u00e9rhet\u0151s\u00e9g<\/strong>: K\u00f6nnyen haszn\u00e1lhat\u00f3, m\u00e9g azok sz\u00e1m\u00e1ra is, akik nem rendelkeznek m\u0171szaki ismeretekkel.<\/li>\n<\/ol>\n\n\n\n<h2 class=\"wp-block-heading\">Mikor kell haszn\u00e1lni<\/h2>\n\n\n\n<p class=\"\">A Bing AI Image Generator ide\u00e1lis a legk\u00fcl\u00f6nf\u00e9l\u00e9bb esetekben, p\u00e9ld\u00e1ul:<\/p>\n\n\n\n<ul class=\"wp-block-list\">\n<li class=\"\"><strong>Marketing kamp\u00e1nyok<\/strong>: Vizu\u00e1lisan vonz\u00f3 k\u00e9pek k\u00e9sz\u00edt\u00e9se hirdet\u00e9sekhez \u00e9s a k\u00f6z\u00f6ss\u00e9gi m\u00e9di\u00e1ban megjelen\u0151 posztokhoz.<\/li>\n\n\n\n<li class=\"\"><strong>Tartalom l\u00e9trehoz\u00e1sa<\/strong>: Egyedi k\u00e9pek k\u00e9sz\u00edt\u00e9se blogbejegyz\u00e9sek, cikkek \u00e9s webhelytartalmak jav\u00edt\u00e1s\u00e1ra.<\/li>\n\n\n\n<li class=\"\"><strong>Oktat\u00e1si anyagok<\/strong>: K\u00e9sz\u00edtsen szeml\u00e9ltet\u0151 k\u00e9peket prezent\u00e1ci\u00f3khoz, jelent\u00e9sekhez \u00e9s tananyagokhoz.<\/li>\n\n\n\n<li class=\"\"><strong>M\u0171v\u00e9szeti \u00e9s tervez\u00e9si projektek<\/strong>: K\u00eds\u00e9rletezzen kreat\u00edv koncepci\u00f3kkal \u00e9s vizu\u00e1lis st\u00edlusokkal.<\/li>\n<\/ul>\n\n\n\n<h2 class=\"wp-block-heading\">Kinek kell haszn\u00e1lni?<\/h2>\n\n\n\n<p class=\"\">A Bing AI Image Generator a felhaszn\u00e1l\u00f3k sz\u00e9les k\u00f6re sz\u00e1m\u00e1ra alkalmas, t\u00f6bbek k\u00f6z\u00f6tt:<\/p>\n\n\n\n<ul class=\"wp-block-list\">\n<li class=\"\"><strong>Tartalomk\u00e9sz\u00edt\u0151k<\/strong>: Bloggerek, vloggerek \u00e9s k\u00f6z\u00f6ss\u00e9gi m\u00e9dia influencerek.<\/li>\n\n\n\n<li class=\"\"><strong>Piacosok<\/strong>: Digit\u00e1lis marketingesek, hirdet\u0151k \u00e9s m\u00e1rkamenedzserek.<\/li>\n\n\n\n<li class=\"\"><strong>Pedag\u00f3gusok<\/strong>: Tan\u00e1rok, oktat\u00f3k \u00e9s oktat\u00e1stervez\u0151k.<\/li>\n\n\n\n<li class=\"\"><strong>M\u0171v\u00e9szek \u00e9s tervez\u0151k<\/strong>: Grafikusok, illusztr\u00e1torok \u00e9s k\u00e9pz\u0151m\u0171v\u00e9szek.<\/li>\n\n\n\n<li class=\"\"><strong>V\u00e1llalkoz\u00e1sok<\/strong>: Kisv\u00e1llalkoz\u00f3k, indul\u00f3 v\u00e1llalkoz\u00e1sok \u00e9s nagyv\u00e1llalatok.<\/li>\n<\/ul>\n\n\n\n<h2 class=\"wp-block-heading\">A Bing AI Image Generator \u00e9s m\u00e1s eszk\u00f6z\u00f6k \u00f6sszehasonl\u00edt\u00e1sa<\/h2>\n\n\n\n<p class=\"\">A mesters\u00e9ges intelligencia k\u00e9pgener\u00e1l\u00e1s\u00e1hoz sz\u00e1mos eszk\u00f6z \u00e1ll rendelkez\u00e9sre a piacon. Itt \u00f6sszehasonl\u00edtjuk a Bing AI Image Generator-t m\u00e1s n\u00e9pszer\u0171 lehet\u0151s\u00e9gekkel:<\/p>\n\n\n\n<figure class=\"wp-block-table\"><table class=\"has-fixed-layout\"><thead><tr><th>Szersz\u00e1m<\/th><th>El\u0151ny\u00f6k<\/th><th>H\u00e1tr\u00e1nyok<\/th><th>El\u0151ny\u00f6k<\/th><th>Kih\u00edv\u00e1sok<\/th><th>Aj\u00e1nl\u00e1s<\/th><\/tr><\/thead><tbody><tr><td><a href=\"https:\/\/aiartfree.online\/hu\/\" data-type=\"link\" data-id=\"https:\/\/aiartfree.online\/\">Ingyenes AI Art gener\u00e1tor<\/a><\/td><td>Felhaszn\u00e1l\u00f3bar\u00e1t, ingyenesen haszn\u00e1lhat\u00f3<\/td><td>Korl\u00e1tozott fejlett funkci\u00f3k<\/td><td>K\u00f6nny\u0171 kezd\u0151knek<\/td><td>Alapvet\u0151 kimenet<\/td><td>Nagyszer\u0171 alkalmi haszn\u00e1latra<\/td><\/tr><tr><td><a href=\"https:\/\/midjourney.com\" rel=\"nofollow noopener\" target=\"_blank\">Az utaz\u00e1s k\u00f6zepe<\/a><\/td><td>Kiv\u00e1l\u00f3 min\u0151s\u00e9g\u0171 kimenetek, kreat\u00edv st\u00edlusok<\/td><td>El\u0151fizet\u00e9s sz\u00fcks\u00e9ges<\/td><td>Professzion\u00e1lis min\u0151s\u00e9g\u0171 k\u00e9pek<\/td><td>K\u00f6lts\u00e9ges<\/td><td>Ide\u00e1lis professzion\u00e1lis haszn\u00e1latra<\/td><\/tr><tr><td><a href=\"https:\/\/stablediffusion.com\" rel=\"nofollow noopener\" target=\"_blank\">Stabil diff\u00fazi\u00f3<\/a><\/td><td>R\u00e9szletes k\u00e9pek, testreszabhat\u00f3<\/td><td>M\u0171szaki ismereteket ig\u00e9nyel<\/td><td>Sokoldal\u00fa kimenetek<\/td><td>Meredek tanul\u00e1si g\u00f6rbe<\/td><td>A legjobb a tech-\u00e9rz\u00e9keny felhaszn\u00e1l\u00f3k sz\u00e1m\u00e1ra<\/td><\/tr><tr><td><a href=\"https:\/\/aiartfree.online\/hu\/free-online-dall\u00b7e-3\/\" data-type=\"link\" data-id=\"https:\/\/aiartfree.online\/free-online-dall%c2%b7e-3\/\">DALL-E 3<\/a><\/td><td>Innovat\u00edv, \u00e9lvonalbeli<\/td><td>Korl\u00e1tozott hozz\u00e1f\u00e9r\u00e9s<\/td><td>Korszer\u0171 mesters\u00e9ges intelligencia<\/td><td>Korl\u00e1tozott el\u00e9rhet\u0151s\u00e9g<\/td><td>T\u00f6k\u00e9letes a korai alkalmaz\u00f3k sz\u00e1m\u00e1ra<\/td><\/tr><tr><td><a href=\"https:\/\/deepart.io\" rel=\"nofollow noopener\" target=\"_blank\">DeepArt.io<\/a><\/td><td>M\u0171v\u00e9szi st\u00edlusok, k\u00f6nnyen haszn\u00e1lhat\u00f3<\/td><td>A feldolgoz\u00e1si id\u0151 hossz\u00fa lehet<\/td><td>Egyedi m\u0171v\u00e9szi eredm\u00e9nyek<\/td><td>Lass\u00fa gener\u00e1l\u00e1si id\u0151<\/td><td>M\u0171v\u00e9szeti projektekhez alkalmas<\/td><\/tr><tr><td><a href=\"https:\/\/artbreeder.com\" rel=\"nofollow noopener\" target=\"_blank\">Artbreeder<\/a><\/td><td>Egy\u00fcttm\u0171k\u00f6d\u0151, v\u00e1ltozatos st\u00edlusok<\/td><td>N\u00e9h\u00e1ny funkci\u00f3 fizet\u0151s fal m\u00f6g\u00f6tt<\/td><td>Kreat\u00edv szabads\u00e1g<\/td><td>\u00d6sszetett lehet<\/td><td>Kiv\u00e1l\u00f3an alkalmas k\u00f6z\u00f6s projektekhez<\/td><\/tr><tr><td><a href=\"https:\/\/runwayml.com\" rel=\"nofollow noopener\" target=\"_blank\">ML kifut\u00f3p\u00e1lya<\/a><\/td><td>AI-eszk\u00f6z\u00f6k sz\u00e9les v\u00e1laszt\u00e9ka<\/td><td>Dr\u00e1ga a teljes hozz\u00e1f\u00e9r\u00e9s\u00e9rt<\/td><td>Multifunkcion\u00e1lis<\/td><td>Magas k\u00f6lts\u00e9gek<\/td><td>Kiv\u00e1l\u00f3an alkalmas \u00e1tfog\u00f3 AI haszn\u00e1latra<\/td><\/tr><tr><td><a href=\"https:\/\/deepdreamgenerator.com\" rel=\"nofollow noopener\" target=\"_blank\">M\u00e9ly \u00e1lom gener\u00e1tor<\/a><\/td><td>Sz\u00fcrre\u00e1lis \u00e9s egyedi kimenetek<\/td><td>Kevesebb ellen\u0151rz\u00e9s az eredm\u00e9nyek felett<\/td><td>Sz\u00f3rakoz\u00e1s \u00e9s k\u00eds\u00e9rletez\u00e9s<\/td><td>Kisz\u00e1m\u00edthatatlan eredm\u00e9nyek<\/td><td>Ide\u00e1lis k\u00eds\u00e9rleti m\u0171v\u00e9szethez<\/td><\/tr><tr><td><a href=\"https:\/\/nightcafe.studio\" rel=\"nofollow noopener\" target=\"_blank\">NightCafe<\/a><\/td><td>St\u00edlusok sokf\u00e9les\u00e9ge, k\u00f6z\u00f6ss\u00e9gvez\u00e9relt<\/td><td>Korl\u00e1tozott szabad felhaszn\u00e1l\u00e1s<\/td><td>K\u00f6z\u00f6ss\u00e9gi jellemz\u0151k<\/td><td>Felhaszn\u00e1l\u00e1si korl\u00e1tok<\/td><td>J\u00f3 a k\u00f6z\u00f6ss\u00e9gi interakci\u00f3hoz<\/td><\/tr><tr><td><a href=\"https:\/\/artisto.com\" rel=\"nofollow noopener\" target=\"_blank\">Artisto<\/a><\/td><td>Mobilbar\u00e1t, k\u00f6nnyen haszn\u00e1lhat\u00f3<\/td><td>Mobil platformra korl\u00e1toz\u00f3dik<\/td><td>K\u00e9nyelmes<\/td><td>Platformkorl\u00e1toz\u00e1sok<\/td><td>A legjobb mobil felhaszn\u00e1l\u00f3k sz\u00e1m\u00e1ra<\/td><\/tr><\/tbody><\/table><\/figure>\n\n\n\n<p class=\"\">Ezen eszk\u00f6z\u00f6k \u00f6sszehasonl\u00edt\u00e1sa ut\u00e1n a <a href=\"https:\/\/aiartfree.online\/hu\/bing-ai-kepgenerator\/\"><strong>Bing AI k\u00e9pgener\u00e1tor<\/strong><\/a> mint a legjobb megold\u00e1s a min\u0151s\u00e9g, a k\u00f6nny\u0171 haszn\u00e1lat \u00e9s a hozz\u00e1f\u00e9rhet\u0151s\u00e9g egyens\u00falya miatt. Tov\u00e1bbi r\u00e9szletek\u00e9rt l\u00e1togasson el a <a href=\"https:\/\/aiartfree.online\/hu\/bing-ai-kepgenerator\/\">Bing AI k\u00e9pgener\u00e1tor<\/a>.<\/p>\n\n\n\n<h2 class=\"wp-block-heading\">Gyakran ism\u00e9telt k\u00e9rd\u00e9sek<\/h2>\n\n\n\n<ol class=\"wp-block-list\">\n<li class=\"\"><strong>Mi az a Bing AI Image Generator?<\/strong> A Bing AI Image Generator egy olyan eszk\u00f6z, amely mesters\u00e9ges intelligenci\u00e1t haszn\u00e1l a k\u00e9pek l\u00e9trehoz\u00e1s\u00e1hoz a sz\u00f6veges le\u00edr\u00e1sok alapj\u00e1n.<\/li>\n\n\n\n<li class=\"\"><strong>Hogyan m\u0171k\u00f6dik a Bing AI Image Generator?<\/strong> Generat\u00edv mesters\u00e9ges intelligencia algoritmusokat haszn\u00e1l a sz\u00f6veges utas\u00edt\u00e1sok \u00e9rtelmez\u00e9s\u00e9hez \u00e9s a megfelel\u0151 k\u00e9pek gener\u00e1l\u00e1s\u00e1hoz.<\/li>\n\n\n\n<li class=\"\"><strong>A Bing AI Image Generator ingyenesen haszn\u00e1lhat\u00f3?<\/strong> Igen, bizonyos korl\u00e1toz\u00e1sokkal ingyenesen el\u00e9rhet\u0151.<\/li>\n\n\n\n<li class=\"\"><strong>Haszn\u00e1lhatom a Bing AI Image Generator-t kereskedelmi c\u00e9lokra?<\/strong> Igen, a l\u00e9trehozott k\u00e9pek kereskedelmi projektekhez felhaszn\u00e1lhat\u00f3k.<\/li>\n\n\n\n<li class=\"\"><strong>Milyen el\u0151ny\u00f6kkel j\u00e1r a Bing AI Image Generator haszn\u00e1lata?<\/strong> Kiv\u00e1l\u00f3 min\u0151s\u00e9g\u0171 k\u00e9peket biztos\u00edt, testreszabhat\u00f3, id\u0151hat\u00e9kony, k\u00f6lts\u00e9ghat\u00e9kony \u00e9s hozz\u00e1f\u00e9rhet\u0151.<\/li>\n\n\n\n<li class=\"\"><strong>Sz\u00fcks\u00e9gem van technikai ismeretekre a Bing AI Image Generator haszn\u00e1lat\u00e1hoz?<\/strong> Nem, \u00fagy tervezt\u00fck, hogy felhaszn\u00e1l\u00f3bar\u00e1t legyen m\u00e9g a m\u0171szaki ismeretekkel nem rendelkez\u0151k sz\u00e1m\u00e1ra is.<\/li>\n\n\n\n<li class=\"\"><strong>Milyen t\u00edpus\u00fa projektekhez haszn\u00e1lhat\u00f3 a Bing AI Image Generator?<\/strong> Marketingkamp\u00e1nyok, tartalomk\u00e9sz\u00edt\u00e9s, oktat\u00e1si anyagok, m\u0171v\u00e9szeti \u00e9s tervez\u00e9si projektek.<\/li>\n\n\n\n<li class=\"\"><strong>Hogyan adhatok visszajelz\u00e9st a gener\u00e1lt k\u00e9pekr\u0151l?<\/strong> Az eszk\u00f6z fel\u00fclet\u00e9n \u00e1ltal\u00e1ban tal\u00e1l egy visszajelz\u00e9si lehet\u0151s\u00e9get.<\/li>\n\n\n\n<li class=\"\"><strong>Vannak korl\u00e1toz\u00e1sok a Bing AI k\u00e9pgener\u00e1torban?<\/strong> B\u00e1r nagy teljes\u00edtm\u00e9ny\u0171, m\u00e9g nem biztos, hogy fel\u00e9r egy profi tervez\u0151 kreativit\u00e1s\u00e1val.<\/li>\n\n\n\n<li class=\"\"><strong>Hol \u00e9rhet\u0151 el a Bing AI Image Generator?<\/strong> Hozz\u00e1f\u00e9rhet a k\u00f6vetkez\u0151 c\u00edmen <a href=\"https:\/\/aiartfree.online\/hu\/bing-ai-kepgenerator\/\">Bing AI k\u00e9pgener\u00e1tor<\/a>.<\/li>\n<\/ol>\n\n\n\n<p class=\"\">\u00d6sszefoglalva, a Bing AI Image Generator egy sokoldal\u00fa \u00e9s hat\u00e9kony eszk\u00f6z, amely a sz\u00f6veges le\u00edr\u00e1sokb\u00f3l gener\u00e1lt, kiv\u00e1l\u00f3 min\u0151s\u00e9g\u0171 k\u00e9pekkel jav\u00edthatja kreat\u00edv projektjeit. Ak\u00e1r tartalomk\u00e9sz\u00edt\u0151, marketinges, oktat\u00f3 vagy m\u0171v\u00e9sz, ezzel az eszk\u00f6zzel id\u0151t \u00e9s er\u0151forr\u00e1sokat takar\u00edthat meg, mik\u00f6zben leny\u0171g\u00f6z\u0151 eredm\u00e9nyeket \u00e9rhet el.<\/p>","protected":false},"excerpt":{"rendered":"<p>How to use Bing AI Image Generator *&nbsp;Depending on your internet speed, loading the model may take a few seconds.* There will be caching during continuous generation, and the new image will appear after about 3 seconds. Introduction of Bing AI Image Generator In today&#8217;s digital age, creating visually stunning images is more important than &#8230; <a title=\"Bing AI k\u00e9pgener\u00e1tor\" class=\"read-more\" href=\"https:\/\/aiartfree.online\/hu\/bing-ai-kepgenerator\/\" aria-label=\"Read more about Bing AI Image Generator\">Olvass tov\u00e1bb<\/a><\/p>","protected":false},"author":1,"featured_media":0,"parent":0,"menu_order":0,"comment_status":"open","ping_status":"closed","template":"","meta":{"nf_dc_page":"","footnotes":""},"class_list":["post-2974","page","type-page","status-publish"],"jetpack_sharing_enabled":true,"_links":{"self":[{"href":"https:\/\/aiartfree.online\/hu\/wp-json\/wp\/v2\/pages\/2974","targetHints":{"allow":["GET"]}}],"collection":[{"href":"https:\/\/aiartfree.online\/hu\/wp-json\/wp\/v2\/pages"}],"about":[{"href":"https:\/\/aiartfree.online\/hu\/wp-json\/wp\/v2\/types\/page"}],"author":[{"embeddable":true,"href":"https:\/\/aiartfree.online\/hu\/wp-json\/wp\/v2\/users\/1"}],"replies":[{"embeddable":true,"href":"https:\/\/aiartfree.online\/hu\/wp-json\/wp\/v2\/comments?post=2974"}],"version-history":[{"count":1,"href":"https:\/\/aiartfree.online\/hu\/wp-json\/wp\/v2\/pages\/2974\/revisions"}],"predecessor-version":[{"id":3593,"href":"https:\/\/aiartfree.online\/hu\/wp-json\/wp\/v2\/pages\/2974\/revisions\/3593"}],"wp:attachment":[{"href":"https:\/\/aiartfree.online\/hu\/wp-json\/wp\/v2\/media?parent=2974"}],"curies":[{"name":"wp","href":"https:\/\/api.w.org\/{rel}","templated":true}]}}