{"id":2968,"date":"2024-07-19T12:42:38","date_gmt":"2024-07-19T12:42:38","guid":{"rendered":"https:\/\/aiartfree.online\/?page_id=2968"},"modified":"2024-08-02T12:10:12","modified_gmt":"2024-08-02T12:10:12","slug":"ai-3d-model-generator","status":"publish","type":"page","link":"https:\/\/aiartfree.online\/hu\/ai-3d-modell-generator\/","title":{"rendered":"AI 3d modell gener\u00e1tor"},"content":{"rendered":"<h2 class=\"wp-block-heading has-text-align-center\" id=\"what-our-users-made\">Amit a felhaszn\u00e1l\u00f3ink k\u00e9sz\u00edtettek<\/h2>\n\n\n\n<figure class=\"gb-block-image gb-block-image-1822da1f\"><img data-recalc-dims=\"1\" decoding=\"async\" loading=\"lazy\" width=\"1024\" height=\"672\" class=\"gb-image gb-image-1822da1f\" src=\"https:\/\/i0.wp.com\/aiartfree.online\/wp-content\/uploads\/2024\/07\/WX20240719-153337%402x-1-1.jpg?resize=1024%2C672&#038;ssl=1\" alt=\"AI 3D modell gener\u00e1tor\" title=\"WX20240719-153337@2x (1) (1)\" srcset=\"https:\/\/i0.wp.com\/aiartfree.online\/wp-content\/uploads\/2024\/07\/WX20240719-153337%402x-1-1.jpg?resize=1024%2C672&amp;ssl=1 1024w, https:\/\/i0.wp.com\/aiartfree.online\/wp-content\/uploads\/2024\/07\/WX20240719-153337%402x-1-1.jpg?resize=300%2C197&amp;ssl=1 300w, https:\/\/i0.wp.com\/aiartfree.online\/wp-content\/uploads\/2024\/07\/WX20240719-153337%402x-1-1.jpg?resize=768%2C504&amp;ssl=1 768w, https:\/\/i0.wp.com\/aiartfree.online\/wp-content\/uploads\/2024\/07\/WX20240719-153337%402x-1-1.jpg?resize=1536%2C1008&amp;ssl=1 1536w, https:\/\/i0.wp.com\/aiartfree.online\/wp-content\/uploads\/2024\/07\/WX20240719-153337%402x-1-1.jpg?resize=18%2C12&amp;ssl=1 18w, https:\/\/i0.wp.com\/aiartfree.online\/wp-content\/uploads\/2024\/07\/WX20240719-153337%402x-1-1.jpg?resize=600%2C394&amp;ssl=1 600w, https:\/\/i0.wp.com\/aiartfree.online\/wp-content\/uploads\/2024\/07\/WX20240719-153337%402x-1-1.jpg?w=1768&amp;ssl=1 1768w\" sizes=\"auto, (max-width: 1024px) 100vw, 1024px\" \/><\/figure>\n\n\n\n<h2 class=\"wp-block-heading\" id=\"how-to-use-ai-3-d-model-generator\">Hogyan kell haszn\u00e1lni az AI 3d modell gener\u00e1tort<\/h2>\n\n\n\n<ol class=\"wp-block-list\">\n<li class=\"\">Dobja be \/ t\u00f6ltse fel a k\u00e9pet, vagy v\u00e1lasszon egyet a p\u00e9ldak\u00e9pek k\u00f6z\u00fcl.<\/li>\n\n\n\n<li class=\"\">Kattintson a \"4 n\u00e9zet gener\u00e1l\u00e1sa\" gombra<\/li>\n\n\n\n<li class=\"\">Kattintson a \"Generate 3D Mesh\" (3D h\u00e1l\u00f3 l\u00e9trehoz\u00e1sa) gombra<\/li>\n\n\n\n<li class=\"\">V\u00e1rj, ez az! A 3D modellje m\u00e1r majdnem k\u00e9sz!<\/li>\n<\/ol>\n\n\n\n<p class=\"\"><em>* Az internet sebess\u00e9g\u00e9t\u0151l f\u00fcgg\u0151en a modell bet\u00f6lt\u00e9se n\u00e9h\u00e1ny m\u00e1sodpercet vehet ig\u00e9nybe.<br>* A folyamatos gener\u00e1l\u00e1s sor\u00e1n gyors\u00edt\u00f3t\u00e1raz\u00e1sra ker\u00fcl sor, \u00e9s az \u00faj k\u00e9p k\u00f6r\u00fclbel\u00fcl 3 m\u00e1sodperc m\u00falva jelenik meg.<\/em><\/p>\n\n\n\n<div class=\"iframe-wrapper\" style=\"position: relative; width: 100%; height: 2050px;\">\n  <div class=\"loading\" style=\"position: absolute; top: 50px; left: 50%; transform: translate(-50%, -50%); width: 40px; height: 40px; border: 3px solid #f0f0f0; border-top: 3px solid #db7093; border-radius: 50%; animation: spin 1s linear infinite;\"><\/div>\n  <iframe loading=\"lazy\" src=\"https:\/\/vast-ai-charactergen.hf.space\" frameborder=\"0\" width=\"100%\" height=\"100%\" style=\"position: absolute; top: 0; left: 0; opacity: 0; transition: opacity 0.3s;\" onload=\"this.style.opacity=1;this.previousElementSibling.style.display='none';\"><\/iframe>\n<\/div>\n\n<style>\n@keyframes spin {\n  0% { transform: translate(-50%, -50%) rotate(0deg); }\n  100% { transform: translate(-50%, -50%) rotate(360deg); }\n}\n<\/style>\n\n\n\n<div style=\"height:50px\" aria-hidden=\"true\" class=\"wp-block-spacer\"><\/div>\n\n\n\n<h2 class=\"wp-block-heading\" id=\"introduction-of-ai-3-d-model-generator\">Az AI 3D modellgener\u00e1tor bevezet\u00e9se<\/h2>\n\n\n\n<p class=\"\">Az AI 3D modellgener\u00e1torok megjelen\u00e9s\u00e9vel a 3D modellek k\u00e9sz\u00edt\u00e9se soha nem volt ilyen egyszer\u0171. Ez a cikk \u00e1tfog\u00f3 \u00fatmutat\u00f3t ny\u00fajt az AI 3D modellgener\u00e1torokr\u00f3l, azok haszn\u00e1lat\u00e1r\u00f3l, el\u0151nyeir\u0151l \u00e9s a piacon el\u00e9rhet\u0151 legjobb eszk\u00f6z\u00f6kr\u0151l. Ak\u00e1r 2D-s k\u00e9peket alak\u00edt \u00e1t 3D-s modell\u00e9, ak\u00e1r 3D-s modelleket gener\u00e1l sz\u00f6veges utas\u00edt\u00e1sokb\u00f3l, mi mindent tudunk.<\/p>\n\n\n\n<div class=\"wp-block-rank-math-toc-block\" id=\"rank-math-toc\"><h3>Tartalomjegyz\u00e9k<\/h3><nav><ul><li><a href=\"#what-is-an-ai-3-d-model-generator\">Mi az az AI 3D modellgener\u00e1tor?<\/a><\/li><li><a href=\"#why-use-an-ai-3-d-model-generator\">Mi\u00e9rt haszn\u00e1ljon AI 3D modellgener\u00e1tort?<\/a><\/li><li><a href=\"#benefits-of-using-an-ai-3-d-model-generator\">Az AI 3D modellgener\u00e1tor haszn\u00e1lat\u00e1nak el\u0151nyei<\/a><\/li><li><a href=\"#when-to-use-an-ai-3-d-model-generator\">Mikor haszn\u00e1ljon AI 3D modellgener\u00e1tort<\/a><\/li><li><a href=\"#who-should-use-an-ai-3-d-model-generator\">Kinek \u00e9rdemes haszn\u00e1lni egy AI 3D modellgener\u00e1tort?<\/a><\/li><li><a href=\"#comparison-of-ai-3-d-model-generators\">Az AI 3D modellgener\u00e1torok \u00f6sszehasonl\u00edt\u00e1sa<\/a><\/li><li><a href=\"#faq\">GYIK<\/a><\/li><\/ul><\/nav><\/div>\n\n\n\n<h3 class=\"wp-block-heading\" id=\"what-is-an-ai-3-d-model-generator\">Mi az az AI 3D modellgener\u00e1tor?<\/h3>\n\n\n\n<p class=\"\">Az AI 3D modellgener\u00e1tor egy olyan szoftvereszk\u00f6z, amely mesters\u00e9ges intelligencia algoritmusokat haszn\u00e1l, hogy k\u00fcl\u00f6nb\u00f6z\u0151 bemeneti adatokb\u00f3l, p\u00e9ld\u00e1ul 2D k\u00e9pekb\u0151l, sz\u00f6veges utas\u00edt\u00e1sokb\u00f3l vagy f\u00e9nyk\u00e9pekb\u0151l h\u00e1romdimenzi\u00f3s modelleket hozzon l\u00e9tre. Ezek az eszk\u00f6z\u00f6k fejlett g\u00e9pi tanul\u00e1si technik\u00e1kat haszn\u00e1lnak fel a r\u00e9szletes \u00e9s pontos 3D \u00e1br\u00e1zol\u00e1sok el\u0151\u00e1ll\u00edt\u00e1s\u00e1hoz.<\/p>\n\n\n\n<h3 class=\"wp-block-heading\" id=\"why-use-an-ai-3-d-model-generator\">Mi\u00e9rt haszn\u00e1ljon AI 3D modellgener\u00e1tort?<\/h3>\n\n\n\n<p class=\"\">Egy AI 3D modellgener\u00e1tor haszn\u00e1lata jelent\u0151sen egyszer\u0171s\u00edtheti a 3D modellek l\u00e9trehoz\u00e1s\u00e1nak folyamat\u00e1t. Ezek az eszk\u00f6z\u00f6k:<\/p>\n\n\n\n<ul class=\"wp-block-list\">\n<li class=\"\">Id\u0151t \u00e9s energi\u00e1t takar\u00edt meg a hagyom\u00e1nyos 3D modellez\u00e9si technik\u00e1khoz k\u00e9pest.<\/li>\n\n\n\n<li class=\"\">Min\u0151s\u00e9gi \u00e9s pontos modellek biztos\u00edt\u00e1sa.<\/li>\n\n\n\n<li class=\"\">Lehet\u0151v\u00e9 teszi a 3D modellez\u00e9sben kev\u00e9s vagy semmilyen tapasztalattal nem rendelkez\u0151 felhaszn\u00e1l\u00f3k sz\u00e1m\u00e1ra, hogy \u00f6sszetett modelleket hozzanak l\u00e9tre.<\/li>\n<\/ul>\n\n\n\n<h3 class=\"wp-block-heading\" id=\"benefits-of-using-an-ai-3-d-model-generator\">Az AI 3D modellgener\u00e1tor haszn\u00e1lat\u00e1nak el\u0151nyei<\/h3>\n\n\n\n<ul class=\"wp-block-list\">\n<li class=\"\"><strong>Hat\u00e9konys\u00e1g<\/strong>: Gyorsan konvert\u00e1ljon 2D-s k\u00e9peket 3D-s modellekk\u00e9, vagy gener\u00e1ljon 3D-s modelleket sz\u00f6veges le\u00edr\u00e1sokb\u00f3l.<\/li>\n\n\n\n<li class=\"\"><strong>Hozz\u00e1f\u00e9rhet\u0151s\u00e9g<\/strong>: A 3D modellez\u00e9s el\u00e9rhet\u0151v\u00e9 t\u00e9tele a nem szak\u00e9rt\u0151k sz\u00e1m\u00e1ra.<\/li>\n\n\n\n<li class=\"\"><strong>K\u00f6lts\u00e9ghat\u00e9kony<\/strong>: Cs\u00f6kkentse a dr\u00e1ga 3D modellez\u0151 szoftverek \u00e9s a szakk\u00e9pzett munkaer\u0151 sz\u00fcks\u00e9gess\u00e9g\u00e9t.<\/li>\n\n\n\n<li class=\"\"><strong>Sokoldal\u00fas\u00e1g<\/strong>: Modellek k\u00e9sz\u00edt\u00e9se k\u00fcl\u00f6nb\u00f6z\u0151 alkalmaz\u00e1sokhoz, a videoj\u00e1t\u00e9kokt\u00f3l az \u00e9p\u00edt\u00e9szeti tervekig.<\/li>\n<\/ul>\n\n\n\n<h3 class=\"wp-block-heading\" id=\"when-to-use-an-ai-3-d-model-generator\">Mikor haszn\u00e1ljon AI 3D modellgener\u00e1tort<\/h3>\n\n\n\n<p class=\"\">Az AI 3D modellgener\u00e1torok ide\u00e1lisak:<\/p>\n\n\n\n<ul class=\"wp-block-list\">\n<li class=\"\">Gyors protot\u00edpusgy\u00e1rt\u00e1s a tervez\u00e9sben \u00e9s a gy\u00e1rt\u00e1sban.<\/li>\n\n\n\n<li class=\"\">Vide\u00f3j\u00e1t\u00e9kokhoz \u00e9s virtu\u00e1lis val\u00f3s\u00e1g\u00e9lm\u00e9nyekhez sz\u00fcks\u00e9ges eszk\u00f6z\u00f6k l\u00e9trehoz\u00e1sa.<\/li>\n\n\n\n<li class=\"\">Vizu\u00e1lis tartalmak jav\u00edt\u00e1sa marketing \u00e9s k\u00f6z\u00f6ss\u00e9gi m\u00e9dia sz\u00e1m\u00e1ra.<\/li>\n\n\n\n<li class=\"\">Oktat\u00e1si c\u00e9lokra, p\u00e9ld\u00e1ul \u00f6sszetett fogalmak vizualiz\u00e1l\u00e1s\u00e1ra.<\/li>\n<\/ul>\n\n\n\n<h3 class=\"wp-block-heading\" id=\"who-should-use-an-ai-3-d-model-generator\">Kinek \u00e9rdemes haszn\u00e1lni egy AI 3D modellgener\u00e1tort?<\/h3>\n\n\n\n<p class=\"\">Ezek az eszk\u00f6z\u00f6k hasznosak a k\u00f6vetkez\u0151kh\u00f6z:<\/p>\n\n\n\n<ul class=\"wp-block-list\">\n<li class=\"\">Tervez\u0151k \u00e9s m\u0171v\u00e9szek, akik racionaliz\u00e1lni szeretn\u00e9k munkafolyamataikat.<\/li>\n\n\n\n<li class=\"\">Oktat\u00f3k \u00e9s hallgat\u00f3k olyan ter\u00fcleteken, mint a m\u00e9rn\u00f6ki \u00e9s \u00e9p\u00edt\u00e9szeti szakma.<\/li>\n\n\n\n<li class=\"\">Marketing szakemberek, akik vonz\u00f3 vizu\u00e1lis tartalmakat szeretn\u00e9nek l\u00e9trehozni.<\/li>\n\n\n\n<li class=\"\">A 3D modellez\u00e9ssel foglalkoz\u00f3 hobbist\u00e1k \u00e9s rajong\u00f3k.<\/li>\n<\/ul>\n\n\n\n<h3 class=\"wp-block-heading\" id=\"comparison-of-ai-3-d-model-generators\">Az AI 3D modellgener\u00e1torok \u00f6sszehasonl\u00edt\u00e1sa<\/h3>\n\n\n\n<p class=\"\">Az al\u00e1bbiakban a n\u00e9pszer\u0171 AI 3D modellgener\u00e1torok \u00f6sszehasonl\u00edt\u00e1sa k\u00f6vetkezik a k\u00fcl\u00f6nb\u00f6z\u0151 forr\u00e1sokb\u00f3l sz\u00e1rmaz\u00f3 leg\u00fajabb eredm\u00e9nyek alapj\u00e1n:<\/p>\n\n\n\n<figure class=\"wp-block-table\"><table class=\"has-fixed-layout\"><thead><tr><th>Szersz\u00e1m<\/th><th>El\u0151ny\u00f6k<\/th><th>H\u00e1tr\u00e1nyok<\/th><th>El\u0151ny\u00f6k<\/th><th>Kih\u00edv\u00e1sok<\/th><th>Aj\u00e1nl\u00e1sok<\/th><\/tr><\/thead><tbody><tr><td><a href=\"https:\/\/aiartfree.online\/hu\/ai-3d-modell-generator\/\">AI 3D modell gener\u00e1tor a Free AI Art Generator \u00e1ltal<\/a><\/td><td>Kiv\u00e1l\u00f3 min\u0151s\u00e9g\u0171 modellek<\/td><td>Korl\u00e1tozott testreszabhat\u00f3s\u00e1g<\/td><td>K\u00f6nnyen haszn\u00e1lhat\u00f3<\/td><td>Internetkapcsolat sz\u00fcks\u00e9ges<\/td><td>A legjobb kezd\u0151knek<\/td><\/tr><tr><td><a href=\"https:\/\/www.openai.com\/dall-e-3\" target=\"_blank\" rel=\"noopener\">DALL-E 3<\/a><\/td><td>Kiv\u00e1l\u00f3 min\u0151s\u00e9g\u0171 modellek<\/td><td>Korl\u00e1tozott testreszabhat\u00f3s\u00e1g<\/td><td>K\u00f6nnyen haszn\u00e1lhat\u00f3<\/td><td>Internetkapcsolat sz\u00fcks\u00e9ges<\/td><td>A legjobb kezd\u0151knek<\/td><\/tr><tr><td><a href=\"https:\/\/www.nvidia.com\/en-us\/research\/ai-playground\/\" target=\"_blank\" rel=\"noopener\">NVIDIA GauGAN<\/a><\/td><td>Gyors feldolgoz\u00e1s<\/td><td>Dr\u00e1ga<\/td><td>Speci\u00e1lis funkci\u00f3k<\/td><td>Meredek tanul\u00e1si g\u00f6rbe<\/td><td>Ide\u00e1lis szakemberek sz\u00e1m\u00e1ra<\/td><\/tr><tr><td><a href=\"https:\/\/deepart.io\/\" target=\"_blank\" rel=\"noopener\">DeepArt.io<\/a><\/td><td>Ingyenes verzi\u00f3 el\u00e9rhet\u0151<\/td><td>Hirdet\u00e9sek az ingyenes verzi\u00f3ban<\/td><td>Nagyszer\u0171 k\u00f6z\u00f6ss\u00e9gi t\u00e1mogat\u00e1s<\/td><td>Korl\u00e1tozott exportlehet\u0151s\u00e9gek<\/td><td>J\u00f3 a hobbist\u00e1knak<\/td><\/tr><tr><td><a href=\"https:\/\/www.artbreeder.com\/\" target=\"_blank\" rel=\"noopener\">Artbreeder<\/a><\/td><td>Pontos modellek<\/td><td>El\u0151fizet\u00e9s sz\u00fcks\u00e9ges<\/td><td>Felhaszn\u00e1l\u00f3bar\u00e1t fel\u00fclet<\/td><td>Bizonyos felhaszn\u00e1l\u00e1si esetekre korl\u00e1toz\u00f3dik<\/td><td>Alkalmas bizonyos ipar\u00e1gak sz\u00e1m\u00e1ra<\/td><\/tr><tr><td><a href=\"https:\/\/spline.design\/\" target=\"_blank\" rel=\"noopener\">Spline<\/a><\/td><td>Robusztus jellemz\u0151k<\/td><td>Magas k\u00f6lts\u00e9gek<\/td><td>Kiterjedt k\u00f6nyvt\u00e1r<\/td><td>Nagy teljes\u00edtm\u00e9ny\u0171 hardvert ig\u00e9nyel<\/td><td>A legjobb nagy projektekhez<\/td><\/tr><tr><td><a href=\"https:\/\/www.blender.org\/\" target=\"_blank\" rel=\"noopener\">Blender<\/a><\/td><td>Ingyenes \u00e9s ny\u00edlt forr\u00e1sk\u00f3d\u00fa<\/td><td>Meredek tanul\u00e1si g\u00f6rbe<\/td><td>Rendk\u00edv\u00fcl sokoldal\u00fa<\/td><td>Komplex kezd\u0151knek<\/td><td>Ide\u00e1lis halad\u00f3 felhaszn\u00e1l\u00f3k sz\u00e1m\u00e1ra<\/td><\/tr><tr><td><a>Meshroom<\/a><\/td><td>Ingyenes \u00e9s ny\u00edlt forr\u00e1sk\u00f3d\u00fa<\/td><td>Nagy teljes\u00edtm\u00e9ny\u0171 hardvert ig\u00e9nyel<\/td><td>Fotogrammetriai alap\u00fa<\/td><td>Lass\u00fa lehet<\/td><td>A legjobb fotogrammetriai projektekhez<\/td><\/tr><tr><td><a href=\"https:\/\/pixologic.com\/\" target=\"_blank\" rel=\"noopener\">ZBrush<\/a><\/td><td>Ipari szabv\u00e1ny<\/td><td>Magas k\u00f6lts\u00e9gek<\/td><td>Professzion\u00e1lis min\u0151s\u00e9g\u0171 szersz\u00e1mok<\/td><td>K\u00e9pz\u00e9st ig\u00e9nyel<\/td><td>A legjobb szakemberek sz\u00e1m\u00e1ra<\/td><\/tr><tr><td><a href=\"https:\/\/www.tinkercad.com\/\" target=\"_blank\" rel=\"noopener\">Tinkercad<\/a><\/td><td>K\u00f6nnyen haszn\u00e1lhat\u00f3<\/td><td>Korl\u00e1tozott fejlett funkci\u00f3k<\/td><td>Webalap\u00fa<\/td><td>Alapvet\u0151 funkcionalit\u00e1s<\/td><td>Nagyszer\u0171 kezd\u0151knek \u00e9s oktat\u00f3knak<\/td><\/tr><\/tbody><\/table><\/figure>\n\n\n\n<p class=\"\"><strong>Legjobb eszk\u00f6z aj\u00e1nl\u00e1s<\/strong>: A legjobb eszk\u00f6z az AI 3D modellek gener\u00e1l\u00e1s\u00e1hoz <a href=\"https:\/\/aiartfree.online\/hu\/ai-3d-modell-generator\/\">AI 3D modell gener\u00e1tor a Free AI Art Generator \u00e1ltal<\/a>. Egyens\u00falyt k\u00edn\u00e1l a k\u00f6nny\u0171 haszn\u00e1lat, a kiv\u00e1l\u00f3 min\u0151s\u00e9g\u0171 kimenet \u00e9s a robusztus funkci\u00f3k k\u00f6z\u00f6tt, \u00edgy kezd\u0151k \u00e9s profik sz\u00e1m\u00e1ra egyar\u00e1nt alkalmas.<\/p>\n\n\n\n<h3 class=\"wp-block-heading\" id=\"faq\">GYIK<\/h3>\n\n\n\n<ol class=\"wp-block-list\">\n<li class=\"\"><strong>Mi a legjobb AI 3D modellgener\u00e1tor?<\/strong> A legjobb AI 3D modell gener\u00e1tor a Free AI Art Generator \u00e1ltal k\u00edn\u00e1lt, el\u00e9rhet\u0151 <a href=\"https:\/\/aiartfree.online\/hu\/ai-3d-modell-generator\/\">itt<\/a>.<\/li>\n\n\n\n<li class=\"\"><strong>Hogyan m\u0171k\u00f6dnek az AI 3D modellgener\u00e1torok?<\/strong> A mesters\u00e9ges intelligencia algoritmusok seg\u00edts\u00e9g\u00e9vel feldolgozz\u00e1k a bemeneti adatokat (p\u00e9ld\u00e1ul 2D-s k\u00e9peket vagy sz\u00f6veget), \u00e9s a megtanult mint\u00e1k alapj\u00e1n 3D-s modelleket hoznak l\u00e9tre.<\/li>\n\n\n\n<li class=\"\"><strong>\u00c1talak\u00edthatok egy 2D-s k\u00e9pet 3D-s modell\u00e9?<\/strong> Igen, sok AI 3D modellgener\u00e1tor k\u00e9pes 2D-s k\u00e9peket 3D-s modell\u00e9 alak\u00edtani.<\/li>\n\n\n\n<li class=\"\"><strong>Van ingyenes AI 3D modellgener\u00e1tor?<\/strong> Igen, n\u00e9h\u00e1ny eszk\u00f6z ingyenes verzi\u00f3t k\u00edn\u00e1l korl\u00e1tozott funkci\u00f3kkal.<\/li>\n\n\n\n<li class=\"\"><strong>Milyen el\u0151ny\u00f6kkel j\u00e1r az AI 3D modellgener\u00e1tor haszn\u00e1lata?<\/strong> Az el\u0151ny\u00f6k k\u00f6z\u00e9 tartozik a hat\u00e9konys\u00e1g, a hozz\u00e1f\u00e9rhet\u0151s\u00e9g, a k\u00f6lts\u00e9ghat\u00e9konys\u00e1g \u00e9s a sokoldal\u00fas\u00e1g.<\/li>\n\n\n\n<li class=\"\"><strong>Tud-e a mesters\u00e9ges intelligencia 3D modelleket gener\u00e1lni sz\u00f6veges le\u00edr\u00e1sokb\u00f3l?<\/strong> Igen, n\u00e9h\u00e1ny fejlett mesters\u00e9ges intelligencia eszk\u00f6z k\u00e9pes 3D modelleket gener\u00e1lni sz\u00f6veges utas\u00edt\u00e1sokb\u00f3l.<\/li>\n\n\n\n<li class=\"\"><strong>Milyen ipar\u00e1gak haszn\u00e1lnak AI 3D modellgener\u00e1torokat?<\/strong> Az ipar\u00e1gak k\u00f6z\u00e9 tartozik a szerencsej\u00e1t\u00e9k, az \u00e9p\u00edt\u00e9szet, a gy\u00e1rt\u00e1s \u00e9s az oktat\u00e1s.<\/li>\n\n\n\n<li class=\"\"><strong>Pontosak az AI 3D modellgener\u00e1torok?<\/strong> Nagyon pontos modelleket tudnak k\u00e9sz\u00edteni, b\u00e1r a min\u0151s\u00e9g eszk\u00f6z\u00f6nk\u00e9nt elt\u00e9r\u0151 lehet.<\/li>\n\n\n\n<li class=\"\"><strong>Sz\u00fcks\u00e9gem van speci\u00e1lis ismeretekre az AI 3D modellgener\u00e1torok haszn\u00e1lat\u00e1hoz?<\/strong> Nem, sok eszk\u00f6zt \u00fagy terveztek, hogy k\u00f6nnyen haszn\u00e1lhat\u00f3 legyen, m\u00e9g a nem szak\u00e9rt\u0151k sz\u00e1m\u00e1ra is.<\/li>\n\n\n\n<li class=\"\"><strong>Hol tal\u00e1lok tov\u00e1bbi inform\u00e1ci\u00f3kat az AI 3D modellgener\u00e1torokr\u00f3l?<\/strong> Tov\u00e1bbi inform\u00e1ci\u00f3kat \u00e9s a legjobb eszk\u00f6z\u00f6ket a k\u00f6vetkez\u0151 weboldalon tal\u00e1lja meg <a href=\"https:\/\/aiartfree.online\/hu\/ai-3d-modell-generator\/\">AI Art Free<\/a>.<\/li>\n<\/ol>","protected":false},"excerpt":{"rendered":"<p>What our users made How to use AI 3d Model Generator *&nbsp;Depending on your internet speed, loading the model may take a few seconds.* There will be caching during continuous generation, and the new image will appear after about 3 seconds. Introduction of AI 3D Model Generator Creating 3D models has never been easier with &#8230; <a title=\"AI 3d modell gener\u00e1tor\" class=\"read-more\" href=\"https:\/\/aiartfree.online\/hu\/ai-3d-modell-generator\/\" aria-label=\"Read more about AI 3d Model Generator\">Olvass tov\u00e1bb<\/a><\/p>","protected":false},"author":1,"featured_media":0,"parent":0,"menu_order":0,"comment_status":"open","ping_status":"closed","template":"","meta":{"nf_dc_page":"","footnotes":""},"class_list":["post-2968","page","type-page","status-publish"],"jetpack_sharing_enabled":true,"_links":{"self":[{"href":"https:\/\/aiartfree.online\/hu\/wp-json\/wp\/v2\/pages\/2968","targetHints":{"allow":["GET"]}}],"collection":[{"href":"https:\/\/aiartfree.online\/hu\/wp-json\/wp\/v2\/pages"}],"about":[{"href":"https:\/\/aiartfree.online\/hu\/wp-json\/wp\/v2\/types\/page"}],"author":[{"embeddable":true,"href":"https:\/\/aiartfree.online\/hu\/wp-json\/wp\/v2\/users\/1"}],"replies":[{"embeddable":true,"href":"https:\/\/aiartfree.online\/hu\/wp-json\/wp\/v2\/comments?post=2968"}],"version-history":[{"count":0,"href":"https:\/\/aiartfree.online\/hu\/wp-json\/wp\/v2\/pages\/2968\/revisions"}],"wp:attachment":[{"href":"https:\/\/aiartfree.online\/hu\/wp-json\/wp\/v2\/media?parent=2968"}],"curies":[{"name":"wp","href":"https:\/\/api.w.org\/{rel}","templated":true}]}}