{"id":2964,"date":"2024-07-19T11:19:39","date_gmt":"2024-07-19T11:19:39","guid":{"rendered":"https:\/\/aiartfree.online\/?page_id=2964"},"modified":"2024-08-02T11:27:30","modified_gmt":"2024-08-02T11:27:30","slug":"ai-drawing-generator","status":"publish","type":"page","link":"https:\/\/aiartfree.online\/hu\/ai-rajz-generator\/","title":{"rendered":"AI rajzgener\u00e1tor"},"content":{"rendered":"<h2 class=\"wp-block-heading has-text-align-center\" id=\"before-vs-after\">El\u0151tte vs. Ut\u00e1na<\/h2>\n\n\n\n<figure class=\"gb-block-image gb-block-image-1822da1f\"><img data-recalc-dims=\"1\" decoding=\"async\" loading=\"lazy\" width=\"1200\" height=\"273\" class=\"gb-image gb-image-1822da1f\" src=\"https:\/\/i0.wp.com\/aiartfree.online\/wp-content\/uploads\/2024\/07\/WX20240731-180407%402x-scaled.webp?resize=1200%2C273&#038;ssl=1\" alt=\"AI rajzgener\u00e1tor\" title=\"WX20240731-180407@2x\" srcset=\"https:\/\/i0.wp.com\/aiartfree.online\/wp-content\/uploads\/2024\/07\/WX20240731-180407%402x-scaled.webp?w=2560&amp;ssl=1 2560w, https:\/\/i0.wp.com\/aiartfree.online\/wp-content\/uploads\/2024\/07\/WX20240731-180407%402x-scaled.webp?resize=300%2C68&amp;ssl=1 300w, https:\/\/i0.wp.com\/aiartfree.online\/wp-content\/uploads\/2024\/07\/WX20240731-180407%402x-scaled.webp?resize=1024%2C233&amp;ssl=1 1024w, https:\/\/i0.wp.com\/aiartfree.online\/wp-content\/uploads\/2024\/07\/WX20240731-180407%402x-scaled.webp?resize=768%2C175&amp;ssl=1 768w, https:\/\/i0.wp.com\/aiartfree.online\/wp-content\/uploads\/2024\/07\/WX20240731-180407%402x-scaled.webp?resize=1536%2C349&amp;ssl=1 1536w, https:\/\/i0.wp.com\/aiartfree.online\/wp-content\/uploads\/2024\/07\/WX20240731-180407%402x-scaled.webp?resize=2048%2C465&amp;ssl=1 2048w, https:\/\/i0.wp.com\/aiartfree.online\/wp-content\/uploads\/2024\/07\/WX20240731-180407%402x-scaled.webp?resize=18%2C4&amp;ssl=1 18w, https:\/\/i0.wp.com\/aiartfree.online\/wp-content\/uploads\/2024\/07\/WX20240731-180407%402x-scaled.webp?resize=600%2C136&amp;ssl=1 600w, https:\/\/i0.wp.com\/aiartfree.online\/wp-content\/uploads\/2024\/07\/WX20240731-180407%402x-scaled.webp?w=2400&amp;ssl=1 2400w\" sizes=\"auto, (max-width: 1200px) 100vw, 1200px\" \/><\/figure>\n\n\n\n<h2 class=\"wp-block-heading\" id=\"how-to-use-ai-drawing-generator\">Hogyan kell haszn\u00e1lni az AI Drawing Generator-t<\/h2>\n\n\n\n<ol class=\"wp-block-list\">\n<li class=\"\">K\u00e9sz\u00edtsd el az egyszer\u0171 vonalas rajzodat<\/li>\n\n\n\n<li class=\"\">Kattintson a \"diff\u00faz a t\u00f6bbi\" gombra<\/li>\n\n\n\n<li class=\"\">V\u00e1rjon, majd v\u00e1lasszon egyet, amelyik megfelel az \u00edzl\u00e9s\u00e9nek.<\/li>\n\n\n\n<li class=\"\">Kattintson ism\u00e9t a \"t\u00f6bbi diff\u00faz\" gombra!<\/li>\n\n\n\n<li class=\"\">Ism\u00e9telje meg a 3&amp;4-et, am\u00edg el\u00e9gedett nem lesz az eredm\u00e9nnyel.<\/li>\n<\/ol>\n\n\n\n<p class=\"\"><em>* Az internet sebess\u00e9g\u00e9t\u0151l f\u00fcgg\u0151en a modell bet\u00f6lt\u00e9se n\u00e9h\u00e1ny m\u00e1sodpercet vehet ig\u00e9nybe.<\/em><\/p>\n\n\n\n<div class=\"iframe-wrapper\" style=\"position: relative; width: 100%; height: 1200px;\">\n  <div class=\"loading\" style=\"position: absolute; top: 50px; left: 50%; transform: translate(-50%, -50%); width: 40px; height: 40px; border: 3px solid #f0f0f0; border-top: 3px solid #db7093; border-radius: 50%; animation: spin 1s linear infinite;\"><\/div>\n  <iframe loading=\"lazy\" src=\"https:\/\/huggingface-projects-diffuse-the-rest.static.hf.space\" frameborder=\"0\" width=\"100%\" height=\"100%\" style=\"position: absolute; top: 0; left: 0; opacity: 0; transition: opacity 0.3s;\" onload=\"this.style.opacity=1;this.previousElementSibling.style.display='none';\"><\/iframe>\n<\/div>\n\n<style>\n@keyframes spin {\n  0% { transform: translate(-50%, -50%) rotate(0deg); }\n  100% { transform: translate(-50%, -50%) rotate(360deg); }\n}\n<\/style>\n\n\n\n<div style=\"height:50px\" aria-hidden=\"true\" class=\"wp-block-spacer\"><\/div>\n\n\n\n<h2 class=\"wp-block-heading\" id=\"introduction-of-ai-drawing-generator\">Az AI rajzgener\u00e1tor bevezet\u00e9se<\/h2>\n\n\n\n<p class=\"\">Az AI Drawing Generators forradalmas\u00edtotta a m\u0171v\u00e9szeti alkot\u00e1si folyamatot, mivel a mesters\u00e9ges intelligencia seg\u00edts\u00e9g\u00e9vel leny\u0171g\u00f6z\u0151 k\u00e9peket gener\u00e1l a felhaszn\u00e1l\u00f3 bemenete alapj\u00e1n. Ez a technol\u00f3gia \u00faj lehet\u0151s\u00e9geket nyitott meg a m\u0171v\u00e9szek, tervez\u0151k \u00e9s kreat\u00edv rajong\u00f3k sz\u00e1m\u00e1ra.<\/p>\n\n\n\n<div class=\"wp-block-rank-math-toc-block\" id=\"rank-math-toc\"><h3>Tartalomjegyz\u00e9k<\/h3><nav><ul><li><a href=\"#what-is-an-ai-drawing-generator\">Mi az az AI rajzgener\u00e1tor?<\/a><\/li><li><a href=\"#why-use-an-ai-drawing-generator\">Mi\u00e9rt haszn\u00e1ljunk AI rajzgener\u00e1tort?<\/a><\/li><li><a href=\"#benefits-of-using-an-ai-drawing-generator\">Az AI rajzgener\u00e1tor haszn\u00e1lat\u00e1nak el\u0151nyei<\/a><\/li><li><a href=\"#when-to-use-an-ai-drawing-generator\">Mikor haszn\u00e1ljon AI rajzgener\u00e1tort<\/a><\/li><li><a href=\"#who-should-use-an-ai-drawing-generator\">Kinek \u00e9rdemes haszn\u00e1lni egy AI rajzgener\u00e1tort<\/a><\/li><li><a href=\"#tools-and-resources-for-ai-drawing-generators\">Eszk\u00f6z\u00f6k \u00e9s forr\u00e1sok AI rajzgener\u00e1torokhoz<\/a><\/li><li><a href=\"#frequently-asked-questions-faq\">Gyakran ism\u00e9telt k\u00e9rd\u00e9sek (GYIK)<\/a><\/li><\/ul><\/nav><\/div>\n\n\n\n<h3 class=\"wp-block-heading\" id=\"what-is-an-ai-drawing-generator\">Mi az az AI rajzgener\u00e1tor?<\/h3>\n\n\n\n<p class=\"\">Az AI Drawing Generator egy olyan eszk\u00f6z, amely mesters\u00e9ges intelligencia algoritmusokat haszn\u00e1l, hogy sz\u00f6veges utas\u00edt\u00e1sok vagy m\u00e1s bemeneti adatok alapj\u00e1n k\u00e9peket hozzon l\u00e9tre. Ezek a gener\u00e1torok a m\u0171v\u00e9szeti st\u00edlusok sz\u00e9les sk\u00e1l\u00e1j\u00e1t k\u00e9pesek l\u00e9trehozni, az absztrakt tervekt\u0151l a realisztikus k\u00e9pekig, megl\u00e9v\u0151 m\u0171alkot\u00e1sok nagy adathalmazainak feldolgoz\u00e1s\u00e1val, valamint a mint\u00e1k \u00e9s st\u00edlusok megtanul\u00e1s\u00e1val.<\/p>\n\n\n\n<h3 class=\"wp-block-heading\" id=\"why-use-an-ai-drawing-generator\">Mi\u00e9rt haszn\u00e1ljunk AI rajzgener\u00e1tort?<\/h3>\n\n\n\n<p class=\"\">Az AI rajzgener\u00e1torok egyed\u00fcl\u00e1ll\u00f3 \u00e9s hat\u00e9kony m\u00f3dj\u00e1t k\u00edn\u00e1lj\u00e1k a m\u0171alkot\u00e1sok l\u00e9trehoz\u00e1s\u00e1nak. Lehet\u0151v\u00e9 teszik a felhaszn\u00e1l\u00f3k sz\u00e1m\u00e1ra, hogy k\u00fcl\u00f6nb\u00f6z\u0151 st\u00edlusokkal \u00e9s \u00f6tletekkel k\u00eds\u00e9rletezzenek an\u00e9lk\u00fcl, hogy fejlett technikai ismeretekre lenne sz\u00fcks\u00e9g\u00fck. Emellett id\u0151t \u00e9s er\u0151forr\u00e1sokat takar\u00edthatnak meg a m\u0171v\u00e9szeti alkot\u00e1si folyamat automatiz\u00e1l\u00e1s\u00e1val.<\/p>\n\n\n\n<h3 class=\"wp-block-heading\" id=\"benefits-of-using-an-ai-drawing-generator\">Az AI rajzgener\u00e1tor haszn\u00e1lat\u00e1nak el\u0151nyei<\/h3>\n\n\n\n<ol class=\"wp-block-list\">\n<li class=\"\"><strong>Kreativit\u00e1s fokoz\u00e1sa<\/strong>: A mesters\u00e9ges intelligencia gener\u00e1torok \u00faj perspekt\u00edv\u00e1kat \u00e9s \u00f6tleteket k\u00edn\u00e1lnak, el\u0151seg\u00edtve a kreativit\u00e1s fokoz\u00e1s\u00e1t.<\/li>\n\n\n\n<li class=\"\"><strong>Id\u0151hat\u00e9konys\u00e1g<\/strong>: Gyorsan gener\u00e1ljon t\u00f6bbf\u00e9le tervet \u00e9s koncepci\u00f3t.<\/li>\n\n\n\n<li class=\"\"><strong>K\u00f6lts\u00e9ghat\u00e9kony<\/strong>: Cs\u00f6kkenti a dr\u00e1ga m\u0171v\u00e9szeti kell\u00e9kek vagy a hivat\u00e1sos m\u0171v\u00e9szek b\u00e9rbead\u00e1s\u00e1nak sz\u00fcks\u00e9gess\u00e9g\u00e9t.<\/li>\n\n\n\n<li class=\"\"><strong>Sokoldal\u00fas\u00e1g<\/strong>: K\u00e9pes k\u00fcl\u00f6nb\u00f6z\u0151 st\u00edlus\u00fa \u00e9s t\u00edpus\u00fa m\u0171alkot\u00e1sok el\u0151\u00e1ll\u00edt\u00e1s\u00e1ra.<\/li>\n\n\n\n<li class=\"\"><strong>Hozz\u00e1f\u00e9rhet\u0151s\u00e9g<\/strong>: B\u00e1rki sz\u00e1m\u00e1ra el\u00e9rhet\u0151v\u00e9 teszi a m\u0171v\u00e9szi alkot\u00e1st, f\u00fcggetlen\u00fcl a k\u00e9pzetts\u00e9gi szintt\u0151l.<\/li>\n<\/ol>\n\n\n\n<h3 class=\"wp-block-heading\" id=\"when-to-use-an-ai-drawing-generator\">Mikor haszn\u00e1ljon AI rajzgener\u00e1tort<\/h3>\n\n\n\n<p class=\"\">Az AI rajzgener\u00e1torok k\u00fcl\u00f6nb\u00f6z\u0151 forgat\u00f3k\u00f6nyvekhez alkalmasak:<\/p>\n\n\n\n<ul class=\"wp-block-list\">\n<li class=\"\"><strong>Kreat\u00edv projektek<\/strong>: Egyedi m\u0171alkot\u00e1sok k\u00e9sz\u00edt\u00e9s\u00e9hez szem\u00e9lyes vagy szakmai projektekhez.<\/li>\n\n\n\n<li class=\"\"><strong>Marketing \u00e9s rekl\u00e1m<\/strong>: Szemet gy\u00f6ny\u00f6rk\u00f6dtet\u0151 l\u00e1tv\u00e1nytervek k\u00e9sz\u00edt\u00e9se kamp\u00e1nyokhoz.<\/li>\n\n\n\n<li class=\"\"><strong>K\u00f6z\u00f6ss\u00e9gi m\u00e9dia tartalom<\/strong>: Megragad\u00f3 \u00e9s megoszthat\u00f3 k\u00e9pek k\u00e9sz\u00edt\u00e9se.<\/li>\n\n\n\n<li class=\"\"><strong>Oktat\u00e1si c\u00e9lok<\/strong>: A mesters\u00e9ges intelligencia \u00e9s a m\u0171v\u00e9szeti koncepci\u00f3k tan\u00edt\u00e1sa \u00e9s bemutat\u00e1sa.<\/li>\n\n\n\n<li class=\"\"><strong>Protot\u00edpus tervez\u00e9s<\/strong>: Fogalmak \u00e9s \u00f6tletek gyors vizualiz\u00e1l\u00e1sa.<\/li>\n<\/ul>\n\n\n\n<h3 class=\"wp-block-heading\" id=\"who-should-use-an-ai-drawing-generator\">Kinek \u00e9rdemes haszn\u00e1lni egy AI rajzgener\u00e1tort<\/h3>\n\n\n\n<ul class=\"wp-block-list\">\n<li class=\"\"><strong>M\u0171v\u00e9szek<\/strong>: \u00daj st\u00edlusok \u00e9s \u00f6tletek felfedez\u00e9s\u00e9hez.<\/li>\n\n\n\n<li class=\"\"><strong>Tervez\u0151k<\/strong>: A tervez\u00e9si folyamat racionaliz\u00e1l\u00e1sa.<\/li>\n\n\n\n<li class=\"\"><strong>Piacosok<\/strong>: A leny\u0171g\u00f6z\u0151 vizu\u00e1lis elemek l\u00e9trehoz\u00e1s\u00e1hoz.<\/li>\n\n\n\n<li class=\"\"><strong>Pedag\u00f3gusok<\/strong>: A mesters\u00e9ges intelligencia \u00e9s a m\u0171v\u00e9szeti t\u00e9m\u00e1k illusztr\u00e1l\u00e1sa.<\/li>\n\n\n\n<li class=\"\"><strong>Hobbist\u00e1k<\/strong>: B\u00e1rki, akit \u00e9rdekel a m\u0171v\u00e9szeti alkot\u00e1s, an\u00e9lk\u00fcl, hogy halad\u00f3 k\u00e9szs\u00e9gekre lenne sz\u00fcks\u00e9ge.<\/li>\n<\/ul>\n\n\n\n<h3 class=\"wp-block-heading\" id=\"tools-and-resources-for-ai-drawing-generators\">Eszk\u00f6z\u00f6k \u00e9s forr\u00e1sok AI rajzgener\u00e1torokhoz<\/h3>\n\n\n\n<p class=\"\">Az \u00e1tfog\u00f3 t\u00e1j\u00e9koztat\u00e1s \u00e9rdek\u00e9ben ut\u00e1nan\u00e9zt\u00fcnk az online el\u00e9rhet\u0151 leg\u00fajabb AI rajzgener\u00e1toroknak. Az al\u00e1bbiakban a 10 legjobb eszk\u00f6zt mutatjuk be, valamint er\u0151ss\u00e9geik \u00e9s gyenges\u00e9geik \u00f6sszefoglal\u00f3j\u00e1t:<\/p>\n\n\n\n<figure class=\"wp-block-table\"><table class=\"has-fixed-layout\"><thead><tr><th>Szersz\u00e1m<\/th><th>URL<\/th><th>El\u0151ny\u00f6k<\/th><th>H\u00e1tr\u00e1nyok<\/th><\/tr><\/thead><tbody><tr><td>DeepArt<\/td><td><a href=\"https:\/\/deepart.io\" target=\"_blank\" rel=\"noopener\">deepart.io<\/a><\/td><td>Kiv\u00e1l\u00f3 min\u0151s\u00e9g\u0171 eredm\u00e9nyek, v\u00e1ltozatos st\u00edlusok<\/td><td>A feldolgoz\u00e1si id\u0151 lass\u00fa lehet<\/td><\/tr><tr><td>Artbreeder<\/td><td><a href=\"https:\/\/artbreeder.com\" target=\"_blank\" rel=\"noopener\">artbreeder.com<\/a><\/td><td>Egy\u00fcttm\u0171k\u00f6d\u0151 platform, k\u00f6nnyen haszn\u00e1lhat\u00f3<\/td><td>Korl\u00e1tozott testreszab\u00e1si lehet\u0151s\u00e9gek<\/td><\/tr><tr><td>RunwayML<\/td><td><a href=\"https:\/\/runwayml.com\" target=\"_blank\" rel=\"noopener\">runwayml.com<\/a><\/td><td>Integr\u00e1ci\u00f3 k\u00fcl\u00f6nb\u00f6z\u0151 AI modellekkel, felhaszn\u00e1l\u00f3bar\u00e1t<\/td><td>El\u0151fizet\u00e9s sz\u00fcks\u00e9ges a teljes funkcionalit\u00e1shoz<\/td><\/tr><tr><td>DALL-E 2<\/td><td><a href=\"https:\/\/openai.com\/dall-e-2\" target=\"_blank\" rel=\"noopener\">openai.com\/dall-e-2<\/a><\/td><td>Nagy felbont\u00e1s\u00fa k\u00e9peket k\u00e9sz\u00edt<\/td><td>Korl\u00e1tozott el\u00e9rhet\u0151s\u00e9g, magas k\u00f6lts\u00e9gek<\/td><\/tr><tr><td>M\u00e9ly \u00e1lom gener\u00e1tor<\/td><td><a href=\"https:\/\/deepdreamgenerator.com\" target=\"_blank\" rel=\"noopener\">deepdreamgenerator.com<\/a><\/td><td>Kreat\u00edv \u00e9s sz\u00fcrre\u00e1lis hat\u00e1sok<\/td><td>Az eredm\u00e9nyek kisz\u00e1m\u00edthatatlanok lehetnek<\/td><\/tr><tr><td>PaintsChainer<\/td><td><a>paintschainer.preferred.tech<\/a><\/td><td>K\u00f6nnyen haszn\u00e1lhat\u00f3, automatikus sz\u00ednez\u00e9s<\/td><td>Anime st\u00edlus\u00fa m\u0171v\u00e9szetre korl\u00e1toz\u00f3dik<\/td><\/tr><tr><td>NightCafe st\u00fadi\u00f3<\/td><td><a href=\"https:\/\/nightcafe.studio\" target=\"_blank\" rel=\"noopener\">nightcafe.studio<\/a><\/td><td>Felhaszn\u00e1l\u00f3bar\u00e1t, k\u00f6z\u00f6ss\u00e9gi funkci\u00f3k<\/td><td>Egyes funkci\u00f3k fizet\u00e9st ig\u00e9nyelnek<\/td><\/tr><tr><td>VQ-VAE-2<\/td><td><a href=\"https:\/\/github.com\/deepmind\/vq-vae-2\" target=\"_blank\" rel=\"noopener\">github.com\/deepmind\/vq-vae-2<\/a><\/td><td>Kiv\u00e1l\u00f3 min\u0151s\u00e9g\u0171 generat\u00edv modell<\/td><td>Haszn\u00e1lat\u00e1hoz m\u0171szaki ismeretekre van sz\u00fcks\u00e9g<\/td><\/tr><tr><td>GANPaint Studio<\/td><td><a href=\"https:\/\/ganpaint.io\" target=\"_blank\" rel=\"noopener\">ganpaint.io<\/a><\/td><td>Interakt\u00edv szerkeszt\u00e9s, val\u00f3s\u00e1gh\u0171 k\u00e9pek<\/td><td>Bizonyos t\u00edpus\u00fa k\u00e9pekre korl\u00e1tozva<\/td><\/tr><tr><td><a href=\"https:\/\/aiartfree.online\/hu\/ai-rajz-generator\/\">https:\/\/aiartfree.online\/ai-drawing-generator<\/a><\/td><td><a href=\"https:\/\/aiartfree.online\/hu\/ai-rajz-generator\/\">aiartfree.online<\/a><\/td><td>Ingyenes, k\u00f6nnyen haszn\u00e1lhat\u00f3, sokoldal\u00fa<\/td><td>Korl\u00e1tozott fejlett funkci\u00f3k<\/td><\/tr><\/tbody><\/table><\/figure>\n\n\n\n<p class=\"\"><strong>Legjobb eszk\u00f6z aj\u00e1nl\u00e1s<\/strong>: A legt\u00f6bb felhaszn\u00e1l\u00f3 sz\u00e1m\u00e1ra a legjobb eszk\u00f6z a <a href=\"https:\/\/aiartfree.online\/hu\/ai-rajz-generator\/\">AI Art Free AI rajzgener\u00e1tora<\/a> a hozz\u00e1f\u00e9rhet\u0151s\u00e9g, a k\u00f6nny\u0171 haszn\u00e1lat \u00e9s a sokoldal\u00fa funkci\u00f3k kombin\u00e1ci\u00f3ja miatt.<\/p>\n\n\n\n<h3 class=\"wp-block-heading\" id=\"frequently-asked-questions-faq\">Gyakran ism\u00e9telt k\u00e9rd\u00e9sek (GYIK)<\/h3>\n\n\n\n<ol class=\"wp-block-list\">\n<li class=\"\"><strong>Mi az az AI rajzgener\u00e1tor?<\/strong> Az AI Drawing Generator egy olyan eszk\u00f6z, amely mesters\u00e9ges intelligencia algoritmusok seg\u00edts\u00e9g\u00e9vel k\u00e9peket hoz l\u00e9tre a felhaszn\u00e1l\u00f3 \u00e1ltal megadott adatok alapj\u00e1n.<\/li>\n\n\n\n<li class=\"\"><strong>Hogyan m\u0171k\u00f6dik egy AI rajzgener\u00e1tor?<\/strong> A megl\u00e9v\u0151 m\u0171alkot\u00e1sok nagy adathalmazait dolgozza fel a mint\u00e1k \u00e9s st\u00edlusok megtanul\u00e1sa \u00e9rdek\u00e9ben, majd ezt a tud\u00e1st haszn\u00e1lja fel \u00faj k\u00e9pek gener\u00e1l\u00e1s\u00e1hoz.<\/li>\n\n\n\n<li class=\"\"><strong>Az AI rajzgener\u00e1torok ingyenesen haszn\u00e1lhat\u00f3k?<\/strong> N\u00e9h\u00e1ny ingyenes, mint p\u00e9ld\u00e1ul <a href=\"https:\/\/aiartfree.online\/hu\/ai-rajz-generator\/\">AI Art Free AI rajzgener\u00e1tora<\/a>, m\u00edg m\u00e1sok el\u0151fizet\u00e9st vagy egyszeri fizet\u00e9st k\u00f6vetelhetnek meg.<\/li>\n\n\n\n<li class=\"\"><strong>Tudnak-e a mesters\u00e9ges intelligencia rajzgener\u00e1torok val\u00f3s\u00e1gh\u0171 k\u00e9peket k\u00e9sz\u00edteni?<\/strong> Igen, sok AI Rajzgener\u00e1tor k\u00e9pes nagyon val\u00f3s\u00e1gh\u0171 k\u00e9peket k\u00e9sz\u00edteni a modellt\u0151l \u00e9s a megadott bemenett\u0151l f\u00fcgg\u0151en.<\/li>\n\n\n\n<li class=\"\"><strong>Tudnom kell rajzolni ahhoz, hogy haszn\u00e1lni tudjam az AI Drawing Generator-t?<\/strong> Nem, ezeket az eszk\u00f6z\u00f6ket \u00fagy tervezt\u00e9k, hogy felhaszn\u00e1l\u00f3bar\u00e1tok \u00e9s mindenki sz\u00e1m\u00e1ra hozz\u00e1f\u00e9rhet\u0151ek legyenek, f\u00fcggetlen\u00fcl a m\u0171v\u00e9szi k\u00e9pess\u00e9geikt\u0151l.<\/li>\n\n\n\n<li class=\"\"><strong>Milyen t\u00edpus\u00fa k\u00e9peket k\u00e9sz\u00edthetek az AI Drawing Generator seg\u00edts\u00e9g\u00e9vel?<\/strong> A k\u00e9pek sz\u00e9les sk\u00e1l\u00e1j\u00e1t hozhatja l\u00e9tre, bele\u00e9rtve az absztrakt m\u0171v\u00e9szetet, portr\u00e9kat, t\u00e1jk\u00e9peket \u00e9s m\u00e9g sok m\u00e1st.<\/li>\n\n\n\n<li class=\"\"><strong>Milyen el\u0151ny\u00f6kkel j\u00e1rhat a v\u00e1llalkoz\u00e1som sz\u00e1m\u00e1ra a mesters\u00e9ges intelligencia rajzgener\u00e1tor?<\/strong> Id\u0151t \u00e9s er\u0151forr\u00e1sokat takar\u00edthatnak meg a vizu\u00e1lis tartalom l\u00e9trehoz\u00e1s\u00e1val, fokozhatj\u00e1k a kreativit\u00e1st, \u00e9s egyedi marketinganyagokat biztos\u00edthatnak.<\/li>\n\n\n\n<li class=\"\"><strong>Az AI Drawing Generators \u00e1ltal gener\u00e1lt k\u00e9pek szerz\u0151i jogv\u00e9delem alatt \u00e1llnak?<\/strong> Ez az eszk\u00f6z szolg\u00e1ltat\u00e1si felt\u00e9teleit\u0151l f\u00fcgg. Egyesek lehet\u0151v\u00e9 teszik a gener\u00e1lt k\u00e9pek szabad felhaszn\u00e1l\u00e1s\u00e1t, m\u00edg m\u00e1sok korl\u00e1toz\u00e1sokkal \u00e9lhetnek.<\/li>\n\n\n\n<li class=\"\"><strong>Mik a mesters\u00e9ges rajzgener\u00e1torok korl\u00e1tai?<\/strong> A korl\u00e1tok k\u00f6z\u00e9 tartozhat a feldolgoz\u00e1si id\u0151, a testreszab\u00e1si lehet\u0151s\u00e9gek hi\u00e1nya \u00e9s a kimeneti min\u0151s\u00e9g v\u00e1ltoz\u00e9konys\u00e1ga.<\/li>\n\n\n\n<li class=\"\"><strong>Melyik AI rajzgener\u00e1tor a legjobb?<\/strong> Kutat\u00e1saink alapj\u00e1n, <a href=\"https:\/\/aiartfree.online\/hu\/ai-rajz-generator\/\">AI Art Free AI rajzgener\u00e1tora<\/a> a funkci\u00f3k, a hozz\u00e1f\u00e9rhet\u0151s\u00e9g \u00e9s a k\u00f6nny\u0171 haszn\u00e1lat legjobb kombin\u00e1ci\u00f3j\u00e1t k\u00edn\u00e1lja.<\/li>\n<\/ol>\n\n\n\n<p class=\"\">Az AI rajzgener\u00e1torok seg\u00edts\u00e9g\u00e9vel minim\u00e1lis er\u0151fesz\u00edt\u00e9ssel leny\u0171g\u00f6z\u0151 rajzokat hozhat l\u00e9tre, \u00edgy ezek az eszk\u00f6z\u00f6k felbecs\u00fclhetetlen \u00e9rt\u00e9k\u0171ek az alkalmaz\u00e1sok sz\u00e9les sk\u00e1l\u00e1j\u00e1n.<\/p>","protected":false},"excerpt":{"rendered":"<p>Before vs After How to use AI Drawing Generator *&nbsp;Depending on your internet speed, loading the model may take a few seconds. Introduction of AI Drawing Generator AI Drawing Generators have revolutionized the art creation process by leveraging artificial intelligence to generate stunning images based on user inputs. This technology has opened new possibilities for &#8230; <a title=\"AI rajzgener\u00e1tor\" class=\"read-more\" href=\"https:\/\/aiartfree.online\/hu\/ai-rajz-generator\/\" aria-label=\"Read more about AI Drawing Generator\">Olvass tov\u00e1bb<\/a><\/p>","protected":false},"author":1,"featured_media":3408,"parent":0,"menu_order":0,"comment_status":"open","ping_status":"closed","template":"","meta":{"nf_dc_page":"","footnotes":""},"class_list":["post-2964","page","type-page","status-publish","has-post-thumbnail"],"jetpack_sharing_enabled":true,"_links":{"self":[{"href":"https:\/\/aiartfree.online\/hu\/wp-json\/wp\/v2\/pages\/2964","targetHints":{"allow":["GET"]}}],"collection":[{"href":"https:\/\/aiartfree.online\/hu\/wp-json\/wp\/v2\/pages"}],"about":[{"href":"https:\/\/aiartfree.online\/hu\/wp-json\/wp\/v2\/types\/page"}],"author":[{"embeddable":true,"href":"https:\/\/aiartfree.online\/hu\/wp-json\/wp\/v2\/users\/1"}],"replies":[{"embeddable":true,"href":"https:\/\/aiartfree.online\/hu\/wp-json\/wp\/v2\/comments?post=2964"}],"version-history":[{"count":0,"href":"https:\/\/aiartfree.online\/hu\/wp-json\/wp\/v2\/pages\/2964\/revisions"}],"wp:featuredmedia":[{"embeddable":true,"href":"https:\/\/aiartfree.online\/hu\/wp-json\/wp\/v2\/media\/3408"}],"wp:attachment":[{"href":"https:\/\/aiartfree.online\/hu\/wp-json\/wp\/v2\/media?parent=2964"}],"curies":[{"name":"wp","href":"https:\/\/api.w.org\/{rel}","templated":true}]}}