{"id":2958,"date":"2024-07-19T10:33:37","date_gmt":"2024-07-19T10:33:37","guid":{"rendered":"https:\/\/aiartfree.online\/?page_id=2958"},"modified":"2025-03-07T08:07:42","modified_gmt":"2025-03-07T08:07:42","slug":"ai-character-generator","status":"publish","type":"page","link":"https:\/\/aiartfree.online\/hu\/ai-karakter-generator\/","title":{"rendered":"AI karakter gener\u00e1tor"},"content":{"rendered":"<h2 class=\"wp-block-heading has-text-align-center\" id=\"what-our-users-made\">Amit a felhaszn\u00e1l\u00f3ink k\u00e9sz\u00edtettek<\/h2>\n\n\n\n<figure class=\"gb-block-image gb-block-image-1822da1f\"><img data-recalc-dims=\"1\" decoding=\"async\" loading=\"lazy\" width=\"1200\" height=\"1190\" class=\"gb-image gb-image-1822da1f\" src=\"https:\/\/i0.wp.com\/aiartfree.online\/wp-content\/uploads\/2024\/07\/WX20240719-144752%402x.jpg?resize=1200%2C1190&#038;ssl=1\" alt=\"Az AI karaktergener\u00e1torok fejlett algoritmusokat haszn\u00e1lnak, hogy \u00e9letre kelts\u00e9k a k\u00e9pzeletedet, v\u00e9gtelen lehet\u0151s\u00e9geket biztos\u00edtva a karakteralkot\u00e1shoz.\" title=\"WX20240719-144752@2x\" srcset=\"https:\/\/i0.wp.com\/aiartfree.online\/wp-content\/uploads\/2024\/07\/WX20240719-144752%402x.jpg?w=1632&amp;ssl=1 1632w, https:\/\/i0.wp.com\/aiartfree.online\/wp-content\/uploads\/2024\/07\/WX20240719-144752%402x.jpg?resize=300%2C297&amp;ssl=1 300w, https:\/\/i0.wp.com\/aiartfree.online\/wp-content\/uploads\/2024\/07\/WX20240719-144752%402x.jpg?resize=1024%2C1015&amp;ssl=1 1024w, https:\/\/i0.wp.com\/aiartfree.online\/wp-content\/uploads\/2024\/07\/WX20240719-144752%402x.jpg?resize=150%2C150&amp;ssl=1 150w, https:\/\/i0.wp.com\/aiartfree.online\/wp-content\/uploads\/2024\/07\/WX20240719-144752%402x.jpg?resize=768%2C761&amp;ssl=1 768w, https:\/\/i0.wp.com\/aiartfree.online\/wp-content\/uploads\/2024\/07\/WX20240719-144752%402x.jpg?resize=1536%2C1523&amp;ssl=1 1536w, https:\/\/i0.wp.com\/aiartfree.online\/wp-content\/uploads\/2024\/07\/WX20240719-144752%402x.jpg?resize=12%2C12&amp;ssl=1 12w, https:\/\/i0.wp.com\/aiartfree.online\/wp-content\/uploads\/2024\/07\/WX20240719-144752%402x.jpg?resize=600%2C595&amp;ssl=1 600w, https:\/\/i0.wp.com\/aiartfree.online\/wp-content\/uploads\/2024\/07\/WX20240719-144752%402x.jpg?resize=100%2C100&amp;ssl=1 100w\" sizes=\"auto, (max-width: 1200px) 100vw, 1200px\" \/><\/figure>\n\n\n\n<h2 class=\"wp-block-heading\" id=\"3-steps-to-use\">3 l\u00e9p\u00e9s az AI karaktergener\u00e1tor haszn\u00e1lat\u00e1hoz<\/h2>\n\n\n\n<ol class=\"wp-block-list\">\n<li class=\"\">\u00cdrja be a k\u00e9r\u00e9st<\/li>\n\n\n\n<li class=\"\">Kattintson a \"Gener\u00e1l\u00e1s\" gombra<\/li>\n\n\n\n<li class=\"\">V\u00e1rj, ez az!<\/li>\n<\/ol>\n\n\n\n<figure class=\"gb-block-image gb-block-image-032aac41\"><a href=\"https:\/\/fas.st\/t\/9U4PYbm7\" target=\"_blank\" rel=\"noopener noreferrer\"><img data-recalc-dims=\"1\" decoding=\"async\" loading=\"lazy\" width=\"1200\" height=\"365\" class=\"gb-image gb-image-032aac41\" src=\"https:\/\/i0.wp.com\/aiartfree.online\/wp-content\/uploads\/2025\/03\/WX20250307-115412%402x.webp?resize=1200%2C365&#038;ssl=1\" alt=\"\" title=\"WX20250307-115412@2x\" srcset=\"https:\/\/i0.wp.com\/aiartfree.online\/wp-content\/uploads\/2025\/03\/WX20250307-115412%402x.webp?w=1942&amp;ssl=1 1942w, https:\/\/i0.wp.com\/aiartfree.online\/wp-content\/uploads\/2025\/03\/WX20250307-115412%402x.webp?resize=300%2C91&amp;ssl=1 300w, https:\/\/i0.wp.com\/aiartfree.online\/wp-content\/uploads\/2025\/03\/WX20250307-115412%402x.webp?resize=1024%2C312&amp;ssl=1 1024w, https:\/\/i0.wp.com\/aiartfree.online\/wp-content\/uploads\/2025\/03\/WX20250307-115412%402x.webp?resize=768%2C234&amp;ssl=1 768w, https:\/\/i0.wp.com\/aiartfree.online\/wp-content\/uploads\/2025\/03\/WX20250307-115412%402x.webp?resize=1536%2C467&amp;ssl=1 1536w, https:\/\/i0.wp.com\/aiartfree.online\/wp-content\/uploads\/2025\/03\/WX20250307-115412%402x.webp?resize=18%2C5&amp;ssl=1 18w, https:\/\/i0.wp.com\/aiartfree.online\/wp-content\/uploads\/2025\/03\/WX20250307-115412%402x.webp?resize=600%2C183&amp;ssl=1 600w\" sizes=\"auto, (max-width: 1200px) 100vw, 1200px\" \/><\/a><\/figure>\n\n\n\n<p class=\"\"><em>* Az internet sebess\u00e9g\u00e9t\u0151l f\u00fcgg\u0151en a modell bet\u00f6lt\u00e9se n\u00e9h\u00e1ny m\u00e1sodpercet vehet ig\u00e9nybe.<br>* A folyamatos gener\u00e1l\u00e1s sor\u00e1n gyors\u00edt\u00f3t\u00e1raz\u00e1sra ker\u00fcl sor, \u00e9s az \u00faj k\u00e9p k\u00f6r\u00fclbel\u00fcl 3 m\u00e1sodperc m\u00falva jelenik meg.<\/em><\/p>\n\n\n\n<div style=\"text-align: center; border: 2px solid; border-image-source: linear-gradient(to right, #16b86c, #912899); border-image-slice: 1; box-shadow: 0 0 10px rgba(0, 0, 0, 0.1); border-radius: 15px; position: relative;\">\n  <div id=\"loading\" style=\"position: absolute; top: 100px; left: 50%; transform: translate(-50%, -50%); z-index: 1000;\">\n    <div style=\"width: 50px; height: 50px; border: 5px solid #f3f3f3; border-top: 5px solid #16b86c; border-radius: 50%; animation: spin 1s linear infinite;\"><\/div>\n  <\/div>\n  <iframe loading=\"lazy\"\n    src=\"https:\/\/cagliostrolab-animagine-xl-3-1.hf.space\"\n    frameborder=\"0\"\n    width=\"100%\"\n    height=\"1600\"\n    style=\"display: inline-block; margin: 0 auto;\"\n    onload=\"document.getElementById('loading').style.display='none';\"\n  ><\/iframe>\n<\/div>\n\n<style>\n  @keyframes spin {\n    0% { transform: rotate(0deg); }\n    100% { transform: rotate(360deg); }\n  }\n<\/style>\n\n\n\n<div style=\"height:50px\" aria-hidden=\"true\" class=\"wp-block-spacer\"><\/div>\n\n\n\n<h2 class=\"wp-block-heading\">Prompt p\u00e9ld\u00e1k<\/h2>\n\n\n\n<ol style=\"font-size:16px\" class=\"wp-block-list\">\n<li class=\"\">l\u00e9legzetel\u00e1ll\u00edt\u00f3, rendk\u00edv\u00fcl r\u00e9szletes grafikai reg\u00e9ny illusztr\u00e1ci\u00f3 Morgan Freeman lovagl\u00e1s egy Harley Davidson motorker\u00e9kp\u00e1r , s\u00f6t\u00e9t \u00e9s komor<\/li>\n\n\n\n<li class=\"\">l\u00e9legzetel\u00e1ll\u00edt\u00f3 k\u00e9preg\u00e9nyillusztr\u00e1ci\u00f3 A k\u00f6d hatalmas kiterjed\u00e9se k\u00f6zepette egy mag\u00e1nyos \u0171rhaj\u00f3s lebeg, egy f\u00e9nyl\u0151 csillaghaj\u00f3hoz k\u00f6tve. A k\u00f6d ragyog\u00f3 g\u00e1zai t\u00e1ncot j\u00e1rnak k\u00f6r\u00fcl\u00f6tte, vibr\u00e1l\u00f3 sz\u00edneket t\u00fckr\u00f6zve a ruh\u00e1n, a f\u00e9ny \u00e9s a mozg\u00e1s balettj\u00e9t l\u00e9trehozva.<\/li>\n\n\n\n<li class=\"\">l\u00e9legzetel\u00e1ll\u00edt\u00f3 grafikai reg\u00e9ny illusztr\u00e1ci\u00f3ja Egy poszt-apokaliptikus pusztas\u00e1g \u00fatkeresztez\u0151d\u00e9s\u00e9ben egy v\u00e1ndor egy \u00f3cskavasb\u00f3l k\u00e9sz\u00fclt git\u00e1rral \u00e9nekel mes\u00e9ket a r\u00e9gi vil\u00e1gr\u00f3l. Mut\u00e1ns l\u00e9nyek gy\u0171lnek a t\u00e1bort\u0171z k\u00f6r\u00e9, szem\u00fckben v\u00e1gyakoz\u00e1ssal.<\/li>\n\n\n\n<li class=\"\">l\u00e9legzetel\u00e1ll\u00edt\u00f3 grafikai reg\u00e9ny illusztr\u00e1ci\u00f3 Egy gyermek sz\u00ednes pillang\u00f3kat kerget egy vibr\u00e1l\u00f3 r\u00e9ten.<\/li>\n\n\n\n<li class=\"\">l\u00e9legzetel\u00e1ll\u00edt\u00f3 k\u00e9preg\u00e9ny illusztr\u00e1ci\u00f3 Egy tengerparton, ahol a hull\u00e1mok t\u00f6rt\u00e9neteket sz\u0151nek, egy mesemond\u00f3 a holdf\u00e9ny sz\u00f6v\u0151sz\u00e9k\u00e9vel mes\u00e9ket sz\u0151 a dag\u00e1lyb\u00f3l. A kagyl\u00f3k legend\u00e1kat suttognak, \u00e9s a horizont a m\u00e9g elmes\u00e9lend\u0151 kalandok falisz\u0151nyege.<\/li>\n\n\n\n<li class=\"\">l\u00e9legzetel\u00e1ll\u00edt\u00f3 k\u00e9preg\u00e9ny illusztr\u00e1ci\u00f3 egy s\u00f3lyomr\u00f3l, amint a sivatag felett sz\u00e1rnyal, zs\u00e1km\u00e1nyt keresve.<\/li>\n\n\n\n<li class=\"\">l\u00e9legzetel\u00e1ll\u00edt\u00f3 k\u00e9preg\u00e9ny illusztr\u00e1ci\u00f3 A sarkk\u00f6r m\u00e9ly\u00e9n a sarki f\u00e9ny a z\u00f6ld, a r\u00f3zsasz\u00edn \u00e9s a lila vibr\u00e1l\u00f3 \u00e1rnyalataival festi be az eget. A h\u00f3 alattunk visszat\u00fckr\u00f6zi ezt a f\u00e9nyt\u00e1ncot, \u00e9s a vil\u00e1got a sz\u00ednek hipnotikus szimf\u00f3ni\u00e1ja bor\u00edtja be.<\/li>\n\n\n\n<li class=\"\">l\u00e9legzetel\u00e1ll\u00edt\u00f3 grafikai reg\u00e9ny illusztr\u00e1ci\u00f3 A tetov\u00e1l\u00f3m\u0171v\u00e9sz r\u00e9szletesen kidolgoz egy bonyolult mint\u00e1t egy \u00fcgyf\u00e9l h\u00e1t\u00e1n.<\/li>\n\n\n\n<li class=\"\">l\u00e9legzetel\u00e1ll\u00edt\u00f3 grafikai reg\u00e9ny illusztr\u00e1ci\u00f3 Egy n\u0151, sz\u00ednes selyembe burkol\u00f3zva, tarot k\u00e1rty\u00e1kat olvas egy gyertyaf\u00e9nyes s\u00e1torban.<\/li>\n\n\n\n<li class=\"\">l\u00e9legzetel\u00e1ll\u00edt\u00f3 grafikai illusztr\u00e1ci\u00f3 K\u00e9t barlang\u00e1sz felt\u00e9rk\u00e9pez egy m\u00e9ly barlangot, f\u00e1kly\u00e1k vil\u00e1g\u00edtj\u00e1k meg az utat.<\/li>\n<\/ol>\n\n\n\n<div style=\"height:50px\" aria-hidden=\"true\" class=\"wp-block-spacer\"><\/div>\n\n\n\n<h2 class=\"wp-block-heading\" id=\"introduction-to-ai-character-generator\">Bevezet\u00e9s az AI karaktergener\u00e1torba<\/h2>\n\n\n\n<p class=\"\">A digit\u00e1lis korban a mesters\u00e9ges intelligencia karaktergener\u00e1toroknak k\u00f6sz\u00f6nhet\u0151en sokkal k\u00f6nnyebb\u00e9 v\u00e1lt egyedi \u00e9s vonz\u00f3 karakterek l\u00e9trehoz\u00e1sa t\u00f6rt\u00e9netek, j\u00e1t\u00e9kok vagy szem\u00e9lyes projektek sz\u00e1m\u00e1ra. Ezek az eszk\u00f6z\u00f6k fejlett algoritmusok seg\u00edts\u00e9g\u00e9vel keltik \u00e9letre a k\u00e9pzeletet, v\u00e9gtelen lehet\u0151s\u00e9geket biztos\u00edtva a karakteralkot\u00e1shoz. Ez a cikk az AI karaktergener\u00e1torok vil\u00e1g\u00e1t, el\u0151nyeiket \u00e9s azt mutatja be, hogyan lehet a legt\u00f6bbet kihozni bel\u0151l\u00fck.<\/p>\n\n\n\n<div class=\"wp-block-rank-math-toc-block\" id=\"rank-math-toc\"><h3>Tartalomjegyz\u00e9k<\/h3><nav><ul><li><a href=\"#what-is-an-ai-character-generator\">Mi az az AI karaktergener\u00e1tor?<\/a><\/li><li><a href=\"#why-use-an-ai-character-generator\">Mi\u00e9rt haszn\u00e1ljunk AI karaktergener\u00e1tort?<\/a><\/li><li><a href=\"#benefits-of-using-ai-character-generators\">Az AI karaktergener\u00e1torok haszn\u00e1lat\u00e1nak el\u0151nyei<\/a><\/li><li><a href=\"#when-to-use-it\">Mikor haszn\u00e1lja<\/a><\/li><li><a href=\"#who-should-use-it\">Kinek kellene haszn\u00e1lnia?<\/a><\/li><li><a href=\"#comparison-of-ai-character-generators\">AI karaktergener\u00e1torok \u00f6sszehasonl\u00edt\u00e1sa<\/a><\/li><li><a href=\"#faq\">GYIK<\/a><\/li><\/ul><\/nav><\/div>\n\n\n\n<h3 class=\"wp-block-heading\" id=\"what-is-an-ai-character-generator\">Mi az az AI karaktergener\u00e1tor?<\/h3>\n\n\n\n<p class=\"\">Az AI karaktergener\u00e1tor egy olyan digit\u00e1lis eszk\u00f6z, amely mesters\u00e9ges intelligenci\u00e1t haszn\u00e1l a karakterek l\u00e9trehoz\u00e1s\u00e1ra a felhaszn\u00e1l\u00f3 \u00e1ltal megadott adatok alapj\u00e1n. Ezek a gener\u00e1torok r\u00e9szletes karakterterveket, h\u00e1tt\u00e9rt\u00f6rt\u00e9neteket \u00e9s szem\u00e9lyis\u00e9gjegyeket tudnak l\u00e9trehozni, ami \u00e9rt\u00e9kes az \u00edr\u00f3k, j\u00e1t\u00e9kfejleszt\u0151k \u00e9s m\u0171v\u00e9szek sz\u00e1m\u00e1ra.<\/p>\n\n\n\n<h3 class=\"wp-block-heading\" id=\"why-use-an-ai-character-generator\">Mi\u00e9rt haszn\u00e1ljunk AI karaktergener\u00e1tort?<\/h3>\n\n\n\n<p class=\"\">Az AI karaktergener\u00e1torok sz\u00e1mos el\u0151nyt k\u00edn\u00e1lnak, t\u00f6bbek k\u00f6z\u00f6tt:<\/p>\n\n\n\n<ul class=\"wp-block-list\">\n<li class=\"\"><strong>Hat\u00e9konys\u00e1g<\/strong>: Gyorsan gener\u00e1ljon karaktereket nagy k\u00e9zi munka n\u00e9lk\u00fcl.<\/li>\n\n\n\n<li class=\"\"><strong>Kreativit\u00e1s Boost<\/strong>: Fedezz fel \u00faj karakter\u00f6tleteket \u00e9s terveket, amelyekre eddig tal\u00e1n nem is gondolt\u00e1l.<\/li>\n\n\n\n<li class=\"\"><strong>K\u00f6vetkezetess\u00e9g<\/strong>: Fenntartani a karakterjellemz\u0151k \u00e9s a h\u00e1tt\u00e9rt\u00f6rt\u00e9netek konzisztenci\u00e1j\u00e1t a k\u00fcl\u00f6nb\u00f6z\u0151 projektekben.<\/li>\n\n\n\n<li class=\"\"><strong>Inspir\u00e1ci\u00f3<\/strong>: Gy\u0151zd le a kreat\u00edv blokkokat az AI javaslataib\u00f3l sz\u00e1rmaz\u00f3 friss \u00f6tletekkel.<\/li>\n<\/ul>\n\n\n\n<h3 class=\"wp-block-heading\" id=\"benefits-of-using-ai-character-generators\">Az AI karaktergener\u00e1torok haszn\u00e1lat\u00e1nak el\u0151nyei<\/h3>\n\n\n\n<p class=\"\">Az AI karaktergener\u00e1torok haszn\u00e1lata sz\u00e1mos el\u0151nnyel j\u00e1r:<\/p>\n\n\n\n<ul class=\"wp-block-list\">\n<li class=\"\"><strong>Character Creator Ingyenes<\/strong>: Sok AI karaktergener\u00e1tor ingyenesen el\u00e9rhet\u0151, \u00edgy mindenki sz\u00e1m\u00e1ra el\u00e9rhet\u0151v\u00e9 v\u00e1lik.<\/li>\n\n\n\n<li class=\"\"><strong>Karakter AI gener\u00e1tor<\/strong>: Ezek az eszk\u00f6z\u00f6k kifinomult mesters\u00e9ges intelligencia algoritmusokat haszn\u00e1lnak a val\u00f3s\u00e1gh\u0171 \u00e9s v\u00e1ltozatos karakterek l\u00e9trehoz\u00e1s\u00e1hoz.<\/li>\n\n\n\n<li class=\"\"><strong>K\u00e9sz\u00edtsen karaktert<\/strong>: K\u00f6nnyen hozzon l\u00e9tre karaktereket k\u00fcl\u00f6nb\u00f6z\u0151 m\u00e9diumokhoz, bele\u00e9rtve a t\u00f6rt\u00e9neteket, j\u00e1t\u00e9kokat \u00e9s m\u0171v\u00e9szeti alkot\u00e1sokat.<\/li>\n\n\n\n<li class=\"\"><strong>Karakter h\u00e1tt\u00e9rt\u00f6rt\u00e9net gener\u00e1tor<\/strong>: Hozzon l\u00e9tre olyan leny\u0171g\u00f6z\u0151 h\u00e1tt\u00e9rt\u00f6rt\u00e9neteket, amelyek m\u00e9lyebb\u00e9 teszik a karaktereket.<\/li>\n\n\n\n<li class=\"\"><strong>V\u00e9letlenszer\u0171 karakter tervez\u0151 gener\u00e1tor<\/strong>: Szerezz v\u00e9letlenszer\u0171 karakterterveket, hogy kreativit\u00e1st \u00e9bressz \u00e9s \u00faj lehet\u0151s\u00e9geket fedezz fel.<\/li>\n<\/ul>\n\n\n\n<h3 class=\"wp-block-heading\" id=\"when-to-use-it\">Mikor haszn\u00e1lja<\/h3>\n\n\n\n<p class=\"\">Az AI karaktergener\u00e1torok ide\u00e1lisak a k\u00f6vetkez\u0151 forgat\u00f3k\u00f6nyvekben:<\/p>\n\n\n\n<ul class=\"wp-block-list\">\n<li class=\"\"><strong>J\u00e1t\u00e9kfejleszt\u00e9s<\/strong>: Gyorsan hozzon l\u00e9tre egyedi tulajdons\u00e1gokkal rendelkez\u0151 NPC-ket vagy f\u0151szerepl\u0151ket.<\/li>\n\n\n\n<li class=\"\"><strong>T\u00f6rt\u00e9net\u00edr\u00e1s<\/strong>: Fejlesszen r\u00e9szletes karaktereket gazdag h\u00e1tt\u00e9rt\u00f6rt\u00e9nettel a narrat\u00edv\u00e1khoz.<\/li>\n\n\n\n<li class=\"\"><strong>M\u0171v\u00e9szeti projektek<\/strong>: Karaktertervek k\u00e9sz\u00edt\u00e9se illusztr\u00e1ci\u00f3khoz vagy k\u00e9preg\u00e9nyekhez.<\/li>\n\n\n\n<li class=\"\"><strong>Szerepj\u00e1t\u00e9kok<\/strong>: K\u00e9sz\u00edtsen bonyolult szem\u00e9lyis\u00e9g\u0171 karaktereket asztali vagy online szerepj\u00e1t\u00e9kokhoz.<\/li>\n<\/ul>\n\n\n\n<h3 class=\"wp-block-heading\" id=\"who-should-use-it\">Kinek kellene haszn\u00e1lnia?<\/h3>\n\n\n\n<p class=\"\">Az AI karaktergener\u00e1torok a felhaszn\u00e1l\u00f3k sz\u00e9les k\u00f6re sz\u00e1m\u00e1ra alkalmasak, t\u00f6bbek k\u00f6z\u00f6tt:<\/p>\n\n\n\n<ul class=\"wp-block-list\">\n<li class=\"\"><strong>\u00cdr\u00f3k<\/strong>: J\u00f3l kidolgozott karakterekkel gazdag\u00edtsa t\u00f6rt\u00e9neteit.<\/li>\n\n\n\n<li class=\"\"><strong>J\u00e1t\u00e9kfejleszt\u0151k<\/strong>: Id\u0151t takar\u00edthat meg a j\u00e1t\u00e9kaihoz sz\u00fcks\u00e9ges karakterek l\u00e9trehoz\u00e1s\u00e1val.<\/li>\n\n\n\n<li class=\"\"><strong>M\u0171v\u00e9szek<\/strong>: Fedezz fel \u00faj karakterterveket \u00e9s st\u00edlusokat.<\/li>\n\n\n\n<li class=\"\"><strong>RPG rajong\u00f3k<\/strong>: Fejlesszen komplex karaktereket a j\u00e1t\u00e9kaihoz.<\/li>\n\n\n\n<li class=\"\"><strong>Pedag\u00f3gusok<\/strong>: Haszn\u00e1lja a karaktergener\u00e1torokat a kreat\u00edv \u00edr\u00e1sgyakorlatok eszk\u00f6zek\u00e9nt.<\/li>\n<\/ul>\n\n\n\n<h3 class=\"wp-block-heading\" id=\"comparison-of-ai-character-generators\">AI karaktergener\u00e1torok \u00f6sszehasonl\u00edt\u00e1sa<\/h3>\n\n\n\n<p class=\"\">Az al\u00e1bbiakban \u00f6sszehasonl\u00edtjuk a k\u00fcl\u00f6nb\u00f6z\u0151 AI karaktergener\u00e1torokat, azok el\u0151nyeit \u00e9s h\u00e1tr\u00e1nyait, el\u0151nyeit, kih\u00edv\u00e1sait \u00e9s aj\u00e1nl\u00e1sokat.<\/p>\n\n\n\n<figure class=\"wp-block-table\"><table class=\"has-fixed-layout\"><thead><tr><th>Eszk\u00f6z neve<\/th><th>El\u0151ny\u00f6k<\/th><th>H\u00e1tr\u00e1nyok<\/th><th>El\u0151ny\u00f6k<\/th><th>Kih\u00edv\u00e1sok<\/th><th>Aj\u00e1nl\u00e1sok<\/th><\/tr><\/thead><tbody><tr><td><a href=\"https:\/\/aiartfree.online\/hu\/ai-karakter-generator\/\" data-type=\"link\" data-id=\"https:\/\/aiartfree.online\/ai-character-generator\">AI karakter gener\u00e1tor<\/a><\/td><td>K\u00f6nnyen haszn\u00e1lhat\u00f3, ingyenes<\/td><td>Korl\u00e1tozott testreszabhat\u00f3s\u00e1g<\/td><td>Gyors karakteralkot\u00e1s<\/td><td>Internetkapcsolat sz\u00fcks\u00e9ges lehet<\/td><td>A legjobb kezd\u0151knek<\/td><\/tr><tr><td>Karakter k\u00e9sz\u00edt\u0151<\/td><td>Nagym\u00e9rt\u00e9kben testreszabhat\u00f3<\/td><td>Meredekebb tanul\u00e1si g\u00f6rbe<\/td><td>R\u00e9szletes tervek<\/td><td>Id\u0151ig\u00e9nyes lehet<\/td><td>Ide\u00e1lis tapasztalt felhaszn\u00e1l\u00f3k sz\u00e1m\u00e1ra<\/td><\/tr><tr><td>V\u00e9letlen karakter gener\u00e1tor<\/td><td>Sz\u00f3rakoztat\u00f3 \u00e9s kreat\u00edv<\/td><td>A v\u00e9letlenszer\u0171s\u00e9g nem biztos, hogy mindenkinek megfelel<\/td><td>Nagyszer\u0171 inspir\u00e1ci\u00f3<\/td><td>Kevesebb ellen\u0151rz\u00e9s a kimenet felett<\/td><td>Haszn\u00e1lja brainstormingra<\/td><\/tr><tr><td>Backstory gener\u00e1tor<\/td><td>Gazdag h\u00e1tt\u00e9rt\u00f6rt\u00e9netek<\/td><td>Korl\u00e1tozott vizu\u00e1lis design<\/td><td>N\u00f6veli a karakter m\u00e9lys\u00e9g\u00e9t<\/td><td>Hi\u00e1nyozhatnak a vizu\u00e1lis elemek<\/td><td>Vizu\u00e1lis eszk\u00f6z\u00f6kkel kombin\u00e1lni<\/td><\/tr><tr><td>Stabil diff\u00fazi\u00f3<\/td><td>Kiv\u00e1l\u00f3 min\u0151s\u00e9g\u0171 k\u00e9pek<\/td><td>M\u0171szaki ismereteket ig\u00e9nyel<\/td><td>Korszer\u0171 mesters\u00e9ges intelligencia<\/td><td>\u00d6sszetett lehet<\/td><td>A legjobb halad\u00f3 felhaszn\u00e1l\u00f3knak<\/td><\/tr><tr><td>Art Tools Online<\/td><td>Sokoldal\u00fa eszk\u00f6z\u00f6k<\/td><td>Leny\u0171g\u00f6z\u0151 lehet<\/td><td>Funkci\u00f3k sz\u00e9les v\u00e1laszt\u00e9ka<\/td><td>Tanul\u00e1st ig\u00e9nyelhet<\/td><td>A legjobb \u00e1tfog\u00f3 projektekhez<\/td><\/tr><tr><td>AI Powered Character Design<\/td><td>Gyors \u00e9s hat\u00e9kony<\/td><td>Hi\u00e1nyozhat az egyedis\u00e9g<\/td><td>Ide\u00e1lis gyors projektekhez<\/td><td>Korl\u00e1tozott szem\u00e9lyre szabhat\u00f3s\u00e1g<\/td><td>Gyors protot\u00edpusok k\u00e9sz\u00edt\u00e9s\u00e9hez<\/td><\/tr><tr><td>AI gener\u00e1lt m\u0171v\u00e9szet l\u00e9trehoz\u00e1sa<\/td><td>Kreat\u00edv eredm\u00e9nyek<\/td><td>Ig\u00e9nyel felsz\u00f3l\u00edt\u00e1sokat<\/td><td>Mag\u00e1val ragad\u00f3 \u00e9s interakt\u00edv<\/td><td>Sz\u00fcks\u00e9g lehet pr\u00f3b\u00e1lkoz\u00e1sra \u00e9s hib\u00e1ra<\/td><td>A legjobb kreat\u00edv felfedez\u00e9shez<\/td><\/tr><tr><td>AI gener\u00e1lt m\u0171alkot\u00e1s<\/td><td>Nagyfok\u00fa realizmus<\/td><td>Er\u0151forr\u00e1s-ig\u00e9nyes lehet<\/td><td>Fotorealisztikus karakterek<\/td><td>Nagy teljes\u00edtm\u00e9ny\u0171 hardvert ig\u00e9nyel<\/td><td>A legjobb high-end projektekhez<\/td><\/tr><tr><td>AI Art Generator<\/td><td>K\u00f6nny\u0171 hozz\u00e1f\u00e9r\u00e9s<\/td><td>Korl\u00e1tozott ingyenes lehet\u0151s\u00e9gek<\/td><td>Nagyszer\u0171 kezd\u0151knek<\/td><td>El\u0151fizet\u00e9sekre lehet sz\u00fcks\u00e9g<\/td><td>A legjobb kezd\u0151knek<\/td><\/tr><\/tbody><\/table><\/figure>\n\n\n\n<p class=\"\">A legjobb AI karaktergener\u00e1tor <a href=\"https:\/\/aiartfree.online\/hu\/ai-karakter-generator\/\">AI karakter gener\u00e1tor<\/a>, amely felhaszn\u00e1l\u00f3bar\u00e1t kezel\u0151fel\u00fcletet \u00e9s er\u0151teljes funkci\u00f3kat k\u00edn\u00e1l a r\u00e9szletes \u00e9s egyedi karakterek l\u00e9trehoz\u00e1s\u00e1hoz.<\/p>\n\n\n\n<h3 class=\"wp-block-heading\" id=\"faq\">GYIK<\/h3>\n\n\n\n<p class=\"\"><strong>1. k\u00e9rd\u00e9s: Mi az az AI karaktergener\u00e1tor?<\/strong> Az AI karaktergener\u00e1tor egy olyan eszk\u00f6z, amely mesters\u00e9ges intelligenci\u00e1t haszn\u00e1l a karakterek l\u00e9trehoz\u00e1s\u00e1ra a felhaszn\u00e1l\u00f3 \u00e1ltal megadott adatok alapj\u00e1n, bele\u00e9rtve a diz\u00e1jnt, a tulajdons\u00e1gokat \u00e9s a h\u00e1tt\u00e9rt\u00f6rt\u00e9netet.<\/p>\n\n\n\n<p class=\"\"><strong>2. k\u00e9rd\u00e9s: Hogyan m\u0171k\u00f6dnek az AI karaktergener\u00e1torok?<\/strong> Ezek a gener\u00e1torok g\u00e9pi tanul\u00e1si algoritmusokat haszn\u00e1lnak a felhaszn\u00e1l\u00f3i bemenetek elemz\u00e9s\u00e9re, \u00e9s meghat\u00e1rozott tulajdons\u00e1gokkal \u00e9s diz\u00e1jnnal rendelkez\u0151 karaktereket gener\u00e1lnak.<\/p>\n\n\n\n<p class=\"\"><strong>3. k\u00e9rd\u00e9s: Az AI karaktergener\u00e1torok ingyenesek?<\/strong> Sok AI karaktergener\u00e1tor ingyenes verzi\u00f3t k\u00edn\u00e1l, b\u00e1r n\u00e9melyiknek vannak pr\u00e9mium funkci\u00f3i, amelyek\u00e9rt fizetni kell.<\/p>\n\n\n\n<p class=\"\"><strong>4. k\u00e9rd\u00e9s: Testreszabhatom a karaktereket az AI karaktergener\u00e1torokban?<\/strong> Igen, a legt\u00f6bb AI karaktergener\u00e1tor lehet\u0151v\u00e9 teszi a k\u00fcl\u00f6nb\u00f6z\u0151 szint\u0171 testreszab\u00e1st, hogy megfeleljen az ig\u00e9nyeidnek.<\/p>\n\n\n\n<p class=\"\"><strong>5. k\u00e9rd\u00e9s: Melyek a legjobb AI karaktergener\u00e1torok?<\/strong> N\u00e9h\u00e1ny a legjobb AI karaktergener\u00e1torok k\u00f6z\u00fcl <a href=\"https:\/\/aiartfree.online\/hu\/ai-karakter-generator\/\">AI karakter gener\u00e1tor<\/a>, karakterk\u00e9sz\u00edt\u0151 \u00e9s v\u00e9letlenszer\u0171 karaktergener\u00e1tor.<\/p>\n\n\n\n<p class=\"\"><strong>6. k\u00e9rd\u00e9s: Hogyan haszn\u00e1lhatom a mesters\u00e9ges intelligencia karaktergener\u00e1torokat \u00edr\u00e1sban?<\/strong> Az \u00edr\u00f3k ezeket az eszk\u00f6z\u00f6ket r\u00e9szletes karakterek \u00e9s h\u00e1tt\u00e9rt\u00f6rt\u00e9netek kidolgoz\u00e1s\u00e1ra haszn\u00e1lhatj\u00e1k, ezzel fokozva a t\u00f6rt\u00e9netmes\u00e9l\u00e9st.<\/p>\n\n\n\n<p class=\"\"><strong>7. k\u00e9rd\u00e9s: Hasznosak az AI karaktergener\u00e1torok a j\u00e1t\u00e9kfejleszt\u00e9sben?<\/strong> Abszol\u00fat. Ezekkel az eszk\u00f6z\u00f6kkel gyorsan lehet v\u00e1ltozatos \u00e9s \u00f6sszetett karaktereket l\u00e9trehozni a j\u00e1t\u00e9kokhoz, id\u0151t \u00e9s er\u0151forr\u00e1sokat takar\u00edtva meg.<\/p>\n\n\n\n<p class=\"\"><strong>8. k\u00e9rd\u00e9s: A mesters\u00e9ges intelligencia karaktergener\u00e1torok tudnak realisztikus karaktereket l\u00e9trehozni?<\/strong> Igen, n\u00e9h\u00e1ny fejlett gener\u00e1tor, p\u00e9ld\u00e1ul a Stable Diffusion \u00e9s az AI Generated Artwork rendk\u00edv\u00fcl realisztikus karaktereket k\u00e9sz\u00edt.<\/p>\n\n\n\n<p class=\"\"><strong>9. k\u00e9rd\u00e9s: Mit kell figyelembe vennem, amikor egy AI karaktergener\u00e1tort v\u00e1lasztok?<\/strong> Vegye figyelembe az olyan t\u00e9nyez\u0151ket, mint a k\u00f6nny\u0171 haszn\u00e1lat, a testreszab\u00e1si lehet\u0151s\u00e9gek, a kimeneti min\u0151s\u00e9g, \u00e9s hogy megfelel-e az \u00d6n egyedi ig\u00e9nyeinek.<\/p>\n\n\n\n<p class=\"\"><strong>Q10: Hol tal\u00e1lom a legjobb AI karaktergener\u00e1tort?<\/strong> A legjobb AI karaktergener\u00e1tor a k\u00f6vetkez\u0151 oldalon tal\u00e1lhat\u00f3 <a href=\"https:\/\/aiartfree.online\/hu\/ai-karakter-generator\/\">AI karakter gener\u00e1tor<\/a>, amely a karakteralkot\u00e1s \u00e1tfog\u00f3 funkci\u00f3csomagj\u00e1t k\u00edn\u00e1lja.<\/p>\n\n\n\n<p class=\"\">Az AI karaktergener\u00e1torok erej\u00e9t kihaszn\u00e1lva egyszer\u0171s\u00edtheti a karakteralkot\u00e1si folyamatot, fokozhatja a kreativit\u00e1st, \u00e9s k\u00f6nnyed\u00e9n \u00e9letre keltheti karaktereit.<\/p>\n\n\n\n<p class=\"\">Ha tov\u00e1bbi k\u00e9rd\u00e9se van, k\u00e9rj\u00fck, k\u00e9rdezze meg <a href=\"https:\/\/chatgpt4o.space\/\" target=\"_blank\" data-type=\"link\" data-id=\"https:\/\/chatgpt4o.space\/\" rel=\"noreferrer noopener\">ingyenes online ChatGPT 4o mini<\/a><\/p>","protected":false},"excerpt":{"rendered":"<p>What our users made 3 Steps to Use AI Character Generator *&nbsp;Depending on your internet speed, loading the model may take a few seconds.* There will be caching during continuous generation, and the new image will appear after about 3 seconds. Prompt Examples Introduction to AI Character Generator In the digital age, creating unique and &#8230; <a title=\"AI karakter gener\u00e1tor\" class=\"read-more\" href=\"https:\/\/aiartfree.online\/hu\/ai-karakter-generator\/\" aria-label=\"Read more about AI Character Generator\">Olvass tov\u00e1bb<\/a><\/p>","protected":false},"author":1,"featured_media":2961,"parent":0,"menu_order":0,"comment_status":"open","ping_status":"closed","template":"","meta":{"nf_dc_page":"","footnotes":""},"class_list":["post-2958","page","type-page","status-publish","has-post-thumbnail"],"jetpack_sharing_enabled":true,"_links":{"self":[{"href":"https:\/\/aiartfree.online\/hu\/wp-json\/wp\/v2\/pages\/2958","targetHints":{"allow":["GET"]}}],"collection":[{"href":"https:\/\/aiartfree.online\/hu\/wp-json\/wp\/v2\/pages"}],"about":[{"href":"https:\/\/aiartfree.online\/hu\/wp-json\/wp\/v2\/types\/page"}],"author":[{"embeddable":true,"href":"https:\/\/aiartfree.online\/hu\/wp-json\/wp\/v2\/users\/1"}],"replies":[{"embeddable":true,"href":"https:\/\/aiartfree.online\/hu\/wp-json\/wp\/v2\/comments?post=2958"}],"version-history":[{"count":1,"href":"https:\/\/aiartfree.online\/hu\/wp-json\/wp\/v2\/pages\/2958\/revisions"}],"predecessor-version":[{"id":3596,"href":"https:\/\/aiartfree.online\/hu\/wp-json\/wp\/v2\/pages\/2958\/revisions\/3596"}],"wp:featuredmedia":[{"embeddable":true,"href":"https:\/\/aiartfree.online\/hu\/wp-json\/wp\/v2\/media\/2961"}],"wp:attachment":[{"href":"https:\/\/aiartfree.online\/hu\/wp-json\/wp\/v2\/media?parent=2958"}],"curies":[{"name":"wp","href":"https:\/\/api.w.org\/{rel}","templated":true}]}}