{"id":2941,"date":"2024-07-18T13:56:58","date_gmt":"2024-07-18T13:56:58","guid":{"rendered":"https:\/\/aiartfree.online\/?page_id=2941"},"modified":"2024-08-02T12:30:47","modified_gmt":"2024-08-02T12:30:47","slug":"ai-cartoon-generator","status":"publish","type":"page","link":"https:\/\/aiartfree.online\/hu\/ai-rajzfilm-generator\/","title":{"rendered":"AI Cartoon Generator"},"content":{"rendered":"<h2 class=\"wp-block-heading has-text-align-center\" id=\"before-vs-after\">El\u0151tte vs. Ut\u00e1na<\/h2>\n\n\n\n<figure class=\"gb-block-image gb-block-image-1822da1f\"><img data-recalc-dims=\"1\" decoding=\"async\" loading=\"lazy\" width=\"1024\" height=\"508\" class=\"gb-image gb-image-1822da1f\" src=\"https:\/\/i0.wp.com\/aiartfree.online\/wp-content\/uploads\/2024\/07\/WX20240717-175407%402x-1-1-1.jpg?resize=1024%2C508&#038;ssl=1\" alt=\"AI Cartoon Generator\" title=\"WX20240717-175407@2x (1) (1) (1) (1) (1)\" srcset=\"https:\/\/i0.wp.com\/aiartfree.online\/wp-content\/uploads\/2024\/07\/WX20240717-175407%402x-1-1-1-scaled.jpg?resize=1024%2C508&amp;ssl=1 1024w, https:\/\/i0.wp.com\/aiartfree.online\/wp-content\/uploads\/2024\/07\/WX20240717-175407%402x-1-1-1-scaled.jpg?resize=300%2C149&amp;ssl=1 300w, https:\/\/i0.wp.com\/aiartfree.online\/wp-content\/uploads\/2024\/07\/WX20240717-175407%402x-1-1-1-scaled.jpg?resize=768%2C381&amp;ssl=1 768w, https:\/\/i0.wp.com\/aiartfree.online\/wp-content\/uploads\/2024\/07\/WX20240717-175407%402x-1-1-1-scaled.jpg?resize=1536%2C763&amp;ssl=1 1536w, https:\/\/i0.wp.com\/aiartfree.online\/wp-content\/uploads\/2024\/07\/WX20240717-175407%402x-1-1-1-scaled.jpg?resize=2048%2C1017&amp;ssl=1 2048w, https:\/\/i0.wp.com\/aiartfree.online\/wp-content\/uploads\/2024\/07\/WX20240717-175407%402x-1-1-1-scaled.jpg?resize=18%2C9&amp;ssl=1 18w, https:\/\/i0.wp.com\/aiartfree.online\/wp-content\/uploads\/2024\/07\/WX20240717-175407%402x-1-1-1-scaled.jpg?resize=600%2C298&amp;ssl=1 600w, https:\/\/i0.wp.com\/aiartfree.online\/wp-content\/uploads\/2024\/07\/WX20240717-175407%402x-1-1-1-scaled.jpg?w=2400&amp;ssl=1 2400w\" sizes=\"auto, (max-width: 1024px) 100vw, 1024px\" \/><\/figure>\n\n\n\n<h2 class=\"wp-block-heading\" id=\"how-to-use-ai-cartoon-generator\">Hogyan kell haszn\u00e1lni az AI Cartoon Generator-t<\/h2>\n\n\n\n<ol class=\"wp-block-list\">\n<li class=\"\">Dobja vagy t\u00f6ltse fel a f\u00e9nyk\u00e9p\u00e9t vagy b\u00e1rmilyen k\u00e9pet, amit szeretne<\/li>\n\n\n\n<li class=\"\">Kattintson a \"Bek\u00fcld\u00e9s\" gombra<\/li>\n\n\n\n<li class=\"\">V\u00e1rj, ez az!<\/li>\n<\/ol>\n\n\n\n<p class=\"\"><em>* Az internet sebess\u00e9g\u00e9t\u0151l f\u00fcgg\u0151en a modell bet\u00f6lt\u00e9se n\u00e9h\u00e1ny m\u00e1sodpercet vehet ig\u00e9nybe.<br>* A folyamatos gener\u00e1l\u00e1s sor\u00e1n gyors\u00edt\u00f3t\u00e1raz\u00e1sra ker\u00fcl sor, \u00e9s az \u00faj k\u00e9p k\u00f6r\u00fclbel\u00fcl 3 m\u00e1sodperc m\u00falva jelenik meg.<\/em><\/p>\n\n\n\n<div class=\"iframe-wrapper\" style=\"position: relative; width: 100%; height: 1800px;\">\n  <div class=\"loading\" style=\"position: absolute; top: 50px; left: 50%; transform: translate(-50%, -50%); width: 40px; height: 40px; border: 3px solid #f0f0f0; border-top: 3px solid #db7093; border-radius: 50%; animation: spin 1s linear infinite;\"><\/div>\n  <iframe loading=\"lazy\" src=\"https:\/\/akhaliq-animeganv2.hf.space\" frameborder=\"0\" width=\"100%\" height=\"100%\" style=\"position: absolute; top: 0; left: 0; opacity: 0; transition: opacity 0.3s;\" onload=\"this.style.opacity=1;this.previousElementSibling.style.display='none';\"><\/iframe>\n<\/div>\n\n<style>\n@keyframes spin {\n  0% { transform: translate(-50%, -50%) rotate(0deg); }\n  100% { transform: translate(-50%, -50%) rotate(360deg); }\n}\n<\/style>\n\n\n\n<div style=\"height:50px\" aria-hidden=\"true\" class=\"wp-block-spacer\"><\/div>\n\n\n\n<h2 class=\"wp-block-heading\" id=\"introduction-of-ai-cartoon-generator\">Az AI Cartoon Generator bevezet\u00e9se<\/h2>\n\n\n\n<p class=\"\">A f\u00e9nyk\u00e9pek rajzfilmv\u00e1ltozatainak k\u00e9sz\u00edt\u00e9se az ut\u00f3bbi \u00e9vekben n\u00e9pszer\u0171 trendd\u00e9 v\u00e1lt. Az AI rajzfilmgener\u00e1tor lehet\u0151v\u00e9 teszi a felhaszn\u00e1l\u00f3k sz\u00e1m\u00e1ra, hogy fot\u00f3ikat gyorsan \u00e9s egyszer\u0171en rajzfilmk\u00e9pekk\u00e9 alak\u00edts\u00e1k \u00e1t. Ebben a cikkben megvizsg\u00e1ljuk, hogy mi is az az AI cartoon gener\u00e1tor, mi\u00e9rt el\u0151ny\u00f6s, hogyan kell haszn\u00e1lni, \u00e9s ki profit\u00e1lhat bel\u0151le. Emellett \u00e1tfog\u00f3 \u00f6sszehasonl\u00edt\u00e1st ny\u00fajtunk az online el\u00e9rhet\u0151 k\u00fcl\u00f6nb\u00f6z\u0151 AI karikat\u00fara-gener\u00e1torokr\u00f3l.<\/p>\n\n\n\n<div class=\"wp-block-rank-math-toc-block\" id=\"rank-math-toc\"><h3>Tartalomjegyz\u00e9k<\/h3><nav><ul><li><a href=\"#what-is-an-ai-cartoon-generator\">Mi az az AI Cartoon Generator?<\/a><\/li><li><a href=\"#why-use-an-ai-cartoon-generator\">Mi\u00e9rt haszn\u00e1ljon AI Cartoon Generator-t?<\/a><\/li><li><a href=\"#benefits-of-using-an-ai-cartoon-generator\">Az AI Cartoon Generator haszn\u00e1lat\u00e1nak el\u0151nyei<\/a><\/li><li><a href=\"#when-to-use-an-ai-cartoon-generator\">Mikor haszn\u00e1ljon AI Cartoon gener\u00e1tort<\/a><\/li><li><a href=\"#who-should-use-an-ai-cartoon-generator\">Kinek \u00e9rdemes haszn\u00e1lni egy AI Cartoon Generator-t?<\/a><\/li><li><a href=\"#comparison-of-ai-cartoon-generators\">Az AI Cartoon gener\u00e1torok \u00f6sszehasonl\u00edt\u00e1sa<\/a><\/li><li><a href=\"#faq\">GYIK<\/a><\/li><\/ul><\/nav><\/div>\n\n\n\n<h3 class=\"wp-block-heading\" id=\"what-is-an-ai-cartoon-generator\">Mi az az AI Cartoon Generator?<\/h3>\n\n\n\n<p class=\"\">Az AI cartoon gener\u00e1tor egy olyan szoftver, amely mesters\u00e9ges intelligenci\u00e1t haszn\u00e1l egy f\u00e9nyk\u00e9p rajzfilmk\u00e9pp\u00e9 alak\u00edt\u00e1s\u00e1hoz. Fejlett algoritmusok \u00e9s g\u00e9pi tanul\u00e1s seg\u00edts\u00e9g\u00e9vel ezek az eszk\u00f6z\u00f6k k\u00e9pesek karikat\u00far\u00e1v\u00e1 alak\u00edtani egy k\u00e9pet, egyedi \u00e9s szem\u00e9lyre szabott rajzfilmfigur\u00e1kat vagy avat\u00e1rokat hozva l\u00e9tre a f\u00e9nyk\u00e9pekb\u0151l.<\/p>\n\n\n\n<h3 class=\"wp-block-heading\" id=\"why-use-an-ai-cartoon-generator\">Mi\u00e9rt haszn\u00e1ljon AI Cartoon Generator-t?<\/h3>\n\n\n\n<p class=\"\">Az AI rajzfilmgener\u00e1torok az\u00e9rt v\u00e1ltak n\u00e9pszer\u0171v\u00e9, mert minim\u00e1lis er\u0151fesz\u00edt\u00e9ssel gyorsan k\u00e9pesek k\u00e9peket rajzfilmekk\u00e9 alak\u00edtani. Sz\u00f3rakoztat\u00f3 m\u00f3don k\u00e9sz\u00edthet\u00fcnk rajzfilmk\u00e9peket a k\u00f6z\u00f6ss\u00e9gi m\u00e9di\u00e1hoz, profilk\u00e9pekhez vagy csak szem\u00e9lyes sz\u00f3rakoz\u00e1sra.<\/p>\n\n\n\n<h3 class=\"wp-block-heading\" id=\"benefits-of-using-an-ai-cartoon-generator\">Az AI Cartoon Generator haszn\u00e1lat\u00e1nak el\u0151nyei<\/h3>\n\n\n\n<ol class=\"wp-block-list\">\n<li class=\"\"><strong>K\u00f6nnyen haszn\u00e1lhat\u00f3:<\/strong> A legt\u00f6bb AI rajzfilmgener\u00e1tor csak n\u00e9h\u00e1ny kattint\u00e1st ig\u00e9nyel ahhoz, hogy egy fot\u00f3b\u00f3l rajzfilm legyen.<\/li>\n\n\n\n<li class=\"\"><strong>Gyors feldolgoz\u00e1s:<\/strong> A mesters\u00e9ges intelligencia algoritmusok gyorsan k\u00e9pesek feldolgozni a k\u00e9peket, \u00e9s szinte azonnali eredm\u00e9nyeket szolg\u00e1ltatnak.<\/li>\n\n\n\n<li class=\"\"><strong>Kiv\u00e1l\u00f3 min\u0151s\u00e9g:<\/strong> A gener\u00e1lt rajzfilmk\u00e9pek gyakran kiv\u00e1l\u00f3 min\u0151s\u00e9g\u0171ek, \u00e9s k\u00fcl\u00f6nb\u00f6z\u0151 felhaszn\u00e1l\u00e1si c\u00e9lokra alkalmasak.<\/li>\n\n\n\n<li class=\"\"><strong>Testreszab\u00e1s:<\/strong> Sz\u00e1mos eszk\u00f6z lehet\u0151v\u00e9 teszi a rajzfilmst\u00edlusok testreszab\u00e1s\u00e1t, \u00edgy minden k\u00e9p egyedi lesz.<\/li>\n\n\n\n<li class=\"\"><strong>Ingyenes lehet\u0151s\u00e9gek:<\/strong> Sz\u00e1mos online eszk\u00f6z k\u00edn\u00e1l ingyenes szolg\u00e1ltat\u00e1sokat a f\u00e9nyk\u00e9pek rajzfilmekk\u00e9 t\u00f6rt\u00e9n\u0151 \u00e1talak\u00edt\u00e1s\u00e1hoz.<\/li>\n<\/ol>\n\n\n\n<h3 class=\"wp-block-heading\" id=\"when-to-use-an-ai-cartoon-generator\">Mikor haszn\u00e1ljon AI Cartoon gener\u00e1tort<\/h3>\n\n\n\n<p class=\"\">Az AI rajzfilmgener\u00e1torok ide\u00e1lisak:<\/p>\n\n\n\n<ul class=\"wp-block-list\">\n<li class=\"\"><strong>K\u00f6z\u00f6ss\u00e9gi m\u00e9dia tartalmak l\u00e9trehoz\u00e1sa:<\/strong> A vonz\u00f3 \u00e9s egyedi rajzfilmk\u00e9pek feldobhatj\u00e1k a k\u00f6z\u00f6ss\u00e9gi m\u00e9di\u00e1n megjelen\u0151 posztokat.<\/li>\n\n\n\n<li class=\"\"><strong>Profilk\u00e9pek k\u00e9sz\u00edt\u00e9se:<\/strong> A karikat\u00far\u00e1s profilok kiemelkednek \u00e9s szem\u00e9lyes jelleget k\u00f6lcs\u00f6n\u00f6znek.<\/li>\n\n\n\n<li class=\"\"><strong>Sz\u00f3rakoztat\u00f3 projektek:<\/strong> \u00d6nmagad \u00e1tv\u00e1ltoztat\u00e1sa rajzfilmm\u00e9 a sz\u00f3rakoz\u00e1s vagy kreat\u00edv projektek \u00e9rdek\u00e9ben.<\/li>\n\n\n\n<li class=\"\"><strong>Professzion\u00e1lis haszn\u00e1lat:<\/strong> Az illusztr\u00e1torok \u00e9s a tervez\u0151k ezeket az eszk\u00f6z\u00f6ket rajzfilmk\u00e9pek gyors l\u00e9trehoz\u00e1s\u00e1ra haszn\u00e1lhatj\u00e1k.<\/li>\n<\/ul>\n\n\n\n<h3 class=\"wp-block-heading\" id=\"who-should-use-an-ai-cartoon-generator\">Kinek \u00e9rdemes haszn\u00e1lni egy AI Cartoon Generator-t?<\/h3>\n\n\n\n<p class=\"\">Az AI rajzfilmgener\u00e1torok alkalmasak:<\/p>\n\n\n\n<ul class=\"wp-block-list\">\n<li class=\"\"><strong>Egy\u00e9nek:<\/strong> B\u00e1rki, aki a fot\u00f3j\u00e1nak rajzfilmv\u00e1ltozat\u00e1t szeretn\u00e9 elk\u00e9sz\u00edteni.<\/li>\n\n\n\n<li class=\"\"><strong>A k\u00f6z\u00f6ss\u00e9gi m\u00e9dia befoly\u00e1sol\u00f3i:<\/strong> Megragad\u00f3 tartalom l\u00e9trehoz\u00e1sa.<\/li>\n\n\n\n<li class=\"\"><strong>V\u00e1llalkoz\u00e1sok:<\/strong> Egyedi marketinganyagokhoz.<\/li>\n\n\n\n<li class=\"\"><strong>M\u0171v\u00e9szek \u00e9s tervez\u0151k:<\/strong> Karikat\u00fara\u00f6tletek gyors gener\u00e1l\u00e1sa.<\/li>\n\n\n\n<li class=\"\"><strong>Tartalomk\u00e9sz\u00edt\u0151k:<\/strong> Hogy sz\u00f3rakoztat\u00f3 elemet adjanak a tartalmukhoz.<\/li>\n<\/ul>\n\n\n\n<h3 class=\"wp-block-heading\" id=\"comparison-of-ai-cartoon-generators\">Az AI Cartoon gener\u00e1torok \u00f6sszehasonl\u00edt\u00e1sa<\/h3>\n\n\n\n<figure class=\"wp-block-table\"><table class=\"has-fixed-layout\"><thead><tr><th>Szersz\u00e1m<\/th><th>El\u0151ny\u00f6k<\/th><th>H\u00e1tr\u00e1nyok<\/th><th>Jellemz\u0151k<\/th><th>Aj\u00e1nl\u00e1sok<\/th><\/tr><\/thead><tbody><tr><td><a href=\"https:\/\/aiartfree.online\/hu\/ai-rajzfilm-generator\/\" target=\"_blank\" data-type=\"link\" data-id=\"https:\/\/aiartfree.online\/ai-cartoon-generator\/\" rel=\"noreferrer noopener\">AI Cartoon Generator<\/a><\/td><td>K\u00f6nnyen haszn\u00e1lhat\u00f3, ingyenes<\/td><td>Korl\u00e1tozott testreszabhat\u00f3s\u00e1g<\/td><td>Fot\u00f3 to rajzfilm, k\u00fcl\u00f6nb\u00f6z\u0151 st\u00edlusok<\/td><td>Alapvet\u0151 haszn\u00e1latra j\u00f3<\/td><\/tr><tr><td>ToonMe<\/td><td>Kiv\u00e1l\u00f3 min\u0151s\u00e9g, gyors<\/td><td>V\u00edzjel az ingyenes v\u00e1ltozaton<\/td><td>K\u00fcl\u00f6nb\u00f6z\u0151 rajzfilmst\u00edlusok, gyors feldolgoz\u00e1s<\/td><td>A legjobb a kiv\u00e1l\u00f3 min\u0151s\u00e9g\u0171 k\u00e9pekhez<\/td><\/tr><tr><td>Fot\u00f3laborat\u00f3rium<\/td><td>Sz\u00e1mos hat\u00e1s<\/td><td>Hirdet\u00e9sek az ingyenes verzi\u00f3ban<\/td><td>T\u00f6bbf\u00e9le effekt \u00e9s sz\u0171r\u0151<\/td><td>Nagyszer\u0171 a k\u00fcl\u00f6nb\u00f6z\u0151 hat\u00e1sokhoz<\/td><\/tr><tr><td>PicsArt<\/td><td>Sokoldal\u00fa, sok eszk\u00f6z<\/td><td>Bejelentkez\u00e9s sz\u00fcks\u00e9ges<\/td><td>Fot\u00f3szerkeszt\u00e9s, rajzfilm effektek<\/td><td>A legjobb halad\u00f3 felhaszn\u00e1l\u00f3knak<\/td><\/tr><tr><td>BeFunky<\/td><td>K\u00f6nnyen haszn\u00e1lhat\u00f3<\/td><td>Korl\u00e1tozott ingyenes funkci\u00f3k<\/td><td>Egyszer\u0171 szerkeszt\u00e9s, rajzfilm effektek<\/td><td>J\u00f3 kezd\u0151knek<\/td><\/tr><tr><td>M\u00e9ly m\u0171v\u00e9szeti hat\u00e1sok<\/td><td>Kiv\u00e1l\u00f3 min\u0151s\u00e9g<\/td><td>Fizet\u00e9st ig\u00e9nyel a HD-\u00e9rt<\/td><td>AI-gener\u00e1lt m\u0171v\u00e9szeti st\u00edlusok<\/td><td>A legjobb a kiv\u00e1l\u00f3 min\u0151s\u00e9g\u0171 eredm\u00e9nyekhez<\/td><\/tr><tr><td>Prisma<\/td><td>St\u00edlusos eredm\u00e9nyek<\/td><td>Korl\u00e1tozott sz\u00e1m\u00fa ingyenes st\u00edlusok<\/td><td>K\u00fcl\u00f6nb\u00f6z\u0151 m\u0171v\u00e9szi sz\u0171r\u0151k<\/td><td>Nagyszer\u0171 a m\u0171v\u00e9szi st\u00edlusokhoz<\/td><\/tr><tr><td>Painnt<\/td><td>Sok st\u00edlus<\/td><td>V\u00edzjel az ingyenes v\u00e1ltozaton<\/td><td>M\u0171v\u00e9szi sz\u0171r\u0151k \u00e9s st\u00edlusok<\/td><td>A legjobb a m\u0171v\u00e9szi v\u00e1ltozatoss\u00e1ghoz<\/td><\/tr><tr><td>LunaPic<\/td><td>Ingyenes, sokoldal\u00fa<\/td><td>Elavult interf\u00e9sz<\/td><td>Sz\u00e1mos effekt \u00e9s eszk\u00f6z<\/td><td>A legjobb szabad felhaszn\u00e1l\u00e1sra<\/td><\/tr><tr><td>Fotor<\/td><td>K\u00f6nnyen haszn\u00e1lhat\u00f3, sokoldal\u00fa<\/td><td>Korl\u00e1tozott ingyenes funkci\u00f3k<\/td><td>Szerkeszt\u00e9si eszk\u00f6z\u00f6k, rajzfilm effektek<\/td><td>A legjobb \u00e1ltal\u00e1nos haszn\u00e1latra<\/td><\/tr><\/tbody><\/table><\/figure>\n\n\n\n<h3 class=\"wp-block-heading\" id=\"faq\">GYIK<\/h3>\n\n\n\n<p class=\"\"><strong>1. Mi az az AI rajzfilmgener\u00e1tor?<\/strong><br>Az AI cartoon gener\u00e1tor egy olyan eszk\u00f6z, amely a mesters\u00e9ges intelligenci\u00e1t haszn\u00e1lja a f\u00e9nyk\u00e9pek rajzfilmekk\u00e9 val\u00f3 \u00e1talak\u00edt\u00e1s\u00e1ra.<\/p>\n\n\n\n<p class=\"\"><strong>2. Hogyan m\u0171k\u00f6dik egy AI rajzfilmgener\u00e1tor?<\/strong><br>G\u00e9pi tanul\u00e1si algoritmusokat haszn\u00e1l a f\u00e9nyk\u00e9pek jellemz\u0151inek elemz\u00e9s\u00e9re \u00e9s rajzfilmszer\u0171 k\u00e9pekk\u00e9 alak\u00edt\u00e1s\u00e1ra.<\/p>\n\n\n\n<p class=\"\"><strong>3. Ingyenesek az AI rajzfilmgener\u00e1torok?<\/strong><br>Sok eszk\u00f6z ingyenes verzi\u00f3t k\u00edn\u00e1l alapfunkci\u00f3kkal, b\u00e1r egyesek pr\u00e9mium opci\u00f3kkal is rendelkeznek.<\/p>\n\n\n\n<p class=\"\"><strong>4. Melyek a legjobb AI rajzfilmgener\u00e1torok?<\/strong><br>A legjobb eszk\u00f6z\u00f6k k\u00f6z\u00e9 tartozik a ToonMe, a Photo Lab \u00e9s a Prisma.<\/p>\n\n\n\n<p class=\"\"><strong>5. Testreszabhatom a rajzfilmst\u00edlusokat?<\/strong><br>Igen, sok eszk\u00f6z lehet\u0151v\u00e9 teszi a rajzfilmst\u00edlusok testreszab\u00e1s\u00e1t.<\/p>\n\n\n\n<p class=\"\"><strong>6. Biztons\u00e1gos az online AI rajzfilmgener\u00e1torok haszn\u00e1lata?<\/strong><br>A legt\u00f6bb j\u00f3 h\u00edr\u0171 eszk\u00f6z biztons\u00e1gos, de mindig ellen\u0151rizze a biztons\u00e1gi \u00e9s adatv\u00e9delmi ir\u00e1nyelveket.<\/p>\n\n\n\n<p class=\"\"><strong>7. Haszn\u00e1lhatok AI rajzfilmgener\u00e1torokat kereskedelmi c\u00e9lokra?<\/strong><br>Ez az eszk\u00f6z haszn\u00e1lati felt\u00e9teleit\u0151l f\u00fcgg; egyesek enged\u00e9lyezik a kereskedelmi c\u00e9l\u00fa felhaszn\u00e1l\u00e1st, m\u00edg m\u00e1sok nem.<\/p>\n\n\n\n<p class=\"\"><strong>8. Mennyi id\u0151be telik egy fot\u00f3 karik\u00edroz\u00e1sa?<\/strong><br>A feldolgoz\u00e1si id\u0151 v\u00e1ltoz\u00f3, de \u00e1ltal\u00e1ban gyors, gyakran csak n\u00e9h\u00e1ny m\u00e1sodperc.<\/p>\n\n\n\n<p class=\"\"><strong>9. Az AI rajzfilmgener\u00e1torok b\u00e1rmilyen f\u00e9nyk\u00e9pen m\u0171k\u00f6dnek?<\/strong><br>A legjobban tiszta, j\u00f3 min\u0151s\u00e9g\u0171 f\u00e9nyk\u00e9peken m\u0171k\u00f6dnek.<\/p>\n\n\n\n<p class=\"\"><strong>10. Mi a legjobb AI rajzfilmgener\u00e1tor kezd\u0151knek?<\/strong><br>A BeFunky \u00e9s a Cartoonify az egyszer\u0171s\u00e9g\u00fck \u00e9s k\u00f6nny\u0171 haszn\u00e1latuk miatt nagyszer\u0171 lehet\u0151s\u00e9gek kezd\u0151k sz\u00e1m\u00e1ra.<\/p>\n\n\n\n<p class=\"\">Az AI rajzfilmgener\u00e1tor haszn\u00e1lata sz\u00f3rakoztat\u00f3 \u00e9s egyszer\u0171 m\u00f3dja annak, hogy egyedi \u00e9s vonz\u00f3 rajzfilmk\u00e9peket hozzon l\u00e9tre a fot\u00f3ib\u00f3l. Ak\u00e1r a k\u00f6z\u00f6ss\u00e9gi m\u00e9di\u00e1hoz szeretne tartalmat k\u00e9sz\u00edteni, ak\u00e1r egyedi profilk\u00e9pet szeretne, vagy csak egy kis sz\u00f3rakoz\u00e1sra v\u00e1gyik, ezek az eszk\u00f6z\u00f6k sz\u00e1mos funkci\u00f3t k\u00edn\u00e1lnak az ig\u00e9nyeinek megfelel\u0151en. <\/p>\n\n\n\n<p class=\"\">Ha tov\u00e1bbi k\u00e9rd\u00e9se van, k\u00e9rj\u00fck, k\u00e9rdezze meg <a href=\"https:\/\/chatgpt4o.space\/\" data-type=\"link\" data-id=\"https:\/\/chatgpt4o.space\/\" target=\"_blank\" rel=\"noreferrer noopener\">ingyenes online ChatGPT 4o mini<\/a><\/p>","protected":false},"excerpt":{"rendered":"<p>Before vs After How to use AI Cartoon Generator *&nbsp;Depending on your internet speed, loading the model may take a few seconds.* There will be caching during continuous generation, and the new image will appear after about 3 seconds. Introduction of AI Cartoon Generator Creating cartoon versions of photos has become a popular trend in &#8230; <a title=\"AI Cartoon Generator\" class=\"read-more\" href=\"https:\/\/aiartfree.online\/hu\/ai-rajzfilm-generator\/\" aria-label=\"Read more about AI Cartoon Generator\">Olvass tov\u00e1bb<\/a><\/p>","protected":false},"author":1,"featured_media":2875,"parent":0,"menu_order":0,"comment_status":"open","ping_status":"closed","template":"","meta":{"nf_dc_page":"","footnotes":""},"class_list":["post-2941","page","type-page","status-publish","has-post-thumbnail"],"jetpack_sharing_enabled":true,"_links":{"self":[{"href":"https:\/\/aiartfree.online\/hu\/wp-json\/wp\/v2\/pages\/2941","targetHints":{"allow":["GET"]}}],"collection":[{"href":"https:\/\/aiartfree.online\/hu\/wp-json\/wp\/v2\/pages"}],"about":[{"href":"https:\/\/aiartfree.online\/hu\/wp-json\/wp\/v2\/types\/page"}],"author":[{"embeddable":true,"href":"https:\/\/aiartfree.online\/hu\/wp-json\/wp\/v2\/users\/1"}],"replies":[{"embeddable":true,"href":"https:\/\/aiartfree.online\/hu\/wp-json\/wp\/v2\/comments?post=2941"}],"version-history":[{"count":0,"href":"https:\/\/aiartfree.online\/hu\/wp-json\/wp\/v2\/pages\/2941\/revisions"}],"wp:featuredmedia":[{"embeddable":true,"href":"https:\/\/aiartfree.online\/hu\/wp-json\/wp\/v2\/media\/2875"}],"wp:attachment":[{"href":"https:\/\/aiartfree.online\/hu\/wp-json\/wp\/v2\/media?parent=2941"}],"curies":[{"name":"wp","href":"https:\/\/api.w.org\/{rel}","templated":true}]}}