{"id":2889,"date":"2024-07-18T12:53:54","date_gmt":"2024-07-18T12:53:54","guid":{"rendered":"https:\/\/aiartfree.online\/?page_id=2889"},"modified":"2024-07-20T06:31:00","modified_gmt":"2024-07-20T06:31:00","slug":"free-dalle-3","status":"publish","type":"page","link":"https:\/\/aiartfree.online\/hu\/ingyenes-dalle-3\/","title":{"rendered":"Ingyenes DALL-E 3"},"content":{"rendered":"<h2 class=\"wp-block-heading\">Hogyan haszn\u00e1ld az ingyenes DALL-E 3<\/h2>\n\n\n\n<ol class=\"wp-block-list\">\n<li class=\"\">Adja meg az utas\u00edt\u00e1sokat<\/li>\n\n\n\n<li class=\"\">Kattintson a \"Futtat\u00e1s\" gombra<\/li>\n\n\n\n<li class=\"\">V\u00e1rj, ez az!<\/li>\n<\/ol>\n\n\n\n<p class=\"\"><em>* Az internet sebess\u00e9g\u00e9t\u0151l f\u00fcgg\u0151en a modell bet\u00f6lt\u00e9se n\u00e9h\u00e1ny m\u00e1sodpercet vehet ig\u00e9nybe.<br>* A folyamatos gener\u00e1l\u00e1s sor\u00e1n gyors\u00edt\u00f3t\u00e1raz\u00e1sra ker\u00fcl sor, \u00e9s az \u00faj k\u00e9p k\u00f6r\u00fclbel\u00fcl 3 m\u00e1sodperc m\u00falva jelenik meg.<\/em><\/p>\n\n\n\n<div style=\"text-align: center; border: 2px solid; border-image-source: linear-gradient(to right, #16b86c, #912899); border-image-slice: 1; box-shadow: 0 0 10px rgba(0, 0, 0, 0.1); border-radius: 15px;\">\n  <iframe loading=\"lazy\"\n    src=\"https:\/\/ehristoforu-dalle-3-xl-lora-v2.hf.space\"\n    frameborder=\"0\"\n    width=\"600\"\n    height=\"950\"\n    style=\"display: inline-block; margin: 0 auto;\"\n  ><\/iframe>\n<\/div>\n\n\n\n<div style=\"height:100px\" aria-hidden=\"true\" class=\"wp-block-spacer\"><\/div>\n\n\n\n<h1 class=\"gb-headline gb-headline-b91c046b gb-headline-text\"><strong>Az ingyenes DALL-E 3 bevezet\u00e9se<\/strong><\/h1>\n\n\n\n<figure class=\"wp-block-image size-large is-resized\"><img data-recalc-dims=\"1\" decoding=\"async\" width=\"1024\" height=\"1024\"   loading=\"lazy\" src=\"https:\/\/i0.wp.com\/aiartfree.online\/wp-content\/uploads\/2024\/07\/avocado-square-1-1-1-1-1-1-1-1-1-1-1-1-1.jpg?resize=1024%2C1024&#038;ssl=1\" alt=\"Ingyenes online DALL-E 3: Sz\u00f6veges felk\u00e9r\u00e9sekb\u0151l kiv\u00e1l\u00f3 min\u0151s\u00e9g\u0171 k\u00e9peket\/vide\u00f3kat gener\u00e1l\u00f3 mesters\u00e9ges intelligenciamodell, amely forradalmas\u00edtja a mesters\u00e9ges intelligencia \u00e1ltal gener\u00e1lt tartalom l\u00e9trehoz\u00e1s\u00e1t an\u00e9lk\u00fcl, hogy m\u0171v\u00e9szi k\u00e9szs\u00e9gekre lenne sz\u00fcks\u00e9g.\" class=\"wp-image-2825\" style=\"width:416px;height:auto\" srcset=\"https:\/\/i0.wp.com\/aiartfree.online\/wp-content\/uploads\/2024\/07\/avocado-square-1-1-1-1-1-1-1-1-1-1-1-1-1.jpg?resize=1024%2C1024&amp;ssl=1 1024w, https:\/\/i0.wp.com\/aiartfree.online\/wp-content\/uploads\/2024\/07\/avocado-square-1-1-1-1-1-1-1-1-1-1-1-1-1.jpg?resize=300%2C300&amp;ssl=1 300w, https:\/\/i0.wp.com\/aiartfree.online\/wp-content\/uploads\/2024\/07\/avocado-square-1-1-1-1-1-1-1-1-1-1-1-1-1.jpg?resize=100%2C100&amp;ssl=1 100w, https:\/\/i0.wp.com\/aiartfree.online\/wp-content\/uploads\/2024\/07\/avocado-square-1-1-1-1-1-1-1-1-1-1-1-1-1.jpg?resize=600%2C600&amp;ssl=1 600w, https:\/\/i0.wp.com\/aiartfree.online\/wp-content\/uploads\/2024\/07\/avocado-square-1-1-1-1-1-1-1-1-1-1-1-1-1.jpg?resize=150%2C150&amp;ssl=1 150w, https:\/\/i0.wp.com\/aiartfree.online\/wp-content\/uploads\/2024\/07\/avocado-square-1-1-1-1-1-1-1-1-1-1-1-1-1.jpg?resize=768%2C768&amp;ssl=1 768w, https:\/\/i0.wp.com\/aiartfree.online\/wp-content\/uploads\/2024\/07\/avocado-square-1-1-1-1-1-1-1-1-1-1-1-1-1.jpg?resize=1536%2C1536&amp;ssl=1 1536w, https:\/\/i0.wp.com\/aiartfree.online\/wp-content\/uploads\/2024\/07\/avocado-square-1-1-1-1-1-1-1-1-1-1-1-1-1.jpg?resize=12%2C12&amp;ssl=1 12w, https:\/\/i0.wp.com\/aiartfree.online\/wp-content\/uploads\/2024\/07\/avocado-square-1-1-1-1-1-1-1-1-1-1-1-1-1.jpg?w=1792&amp;ssl=1 1792w\" sizes=\"auto, (max-width: 1024px) 100vw, 1024px\" \/><\/figure>\n\n\n\n<h2 class=\"wp-block-heading\"><strong>V\u00e1zlat:<\/strong><\/h2>\n\n\n\n<ul class=\"wp-block-list\">\n<li class=\"\">Mi az a DALL-E 3 - Ingyenes online DALL-E 3?<\/li>\n\n\n\n<li class=\"\">Mi\u00e9rt haszn\u00e1ld az ingyenes online DALL-E 3 filmet?<\/li>\n\n\n\n<li class=\"\">Az ingyenes online DALL-E 3 haszn\u00e1lat\u00e1nak el\u0151nyei<\/li>\n\n\n\n<li class=\"\">Mikor haszn\u00e1ld az ingyenes online DALL-E 3<\/li>\n\n\n\n<li class=\"\">Kik \u00e9lvezhetik az ingyenes online DALL-E 3 filmet<\/li>\n\n\n\n<li class=\"\">Ingyenes online DALL-E 3 eszk\u00f6z\u00f6k \u00e9s forr\u00e1sok<\/li>\n\n\n\n<li class=\"\">GYIK: DALL-E 3: Gyakran ism\u00e9telt k\u00e9rd\u00e9sek az ingyenes online DALL-E 3-r\u00f3l<\/li>\n<\/ul>\n\n\n\n<h3 class=\"wp-block-heading\" id=\"6b4aa913\"><a href=\"https:\/\/dromerosm-groq-llama3.hf.space\/#6b4aa913\" target=\"_blank\" rel=\"noopener\"><\/a>Mi az a Free DALL-E 3?<\/h3>\n\n\n\n<p class=\"\">Ingyenes online A DALL-E 3 egyfajta mesters\u00e9ges intelligencia (AI) modell, amely lehet\u0151v\u00e9 teszi a felhaszn\u00e1l\u00f3k sz\u00e1m\u00e1ra, hogy sz\u00f6veges utas\u00edt\u00e1sok seg\u00edts\u00e9g\u00e9vel kiv\u00e1l\u00f3 min\u0151s\u00e9g\u0171 k\u00e9peket \u00e9s vide\u00f3kat k\u00e9sz\u00edtsenek. Ez az innovat\u00edv technol\u00f3gia forradalmas\u00edtotta az AI \u00e1ltal gener\u00e1lt tartalmak ter\u00fclet\u00e9t, lehet\u0151v\u00e9 t\u00e9ve a felhaszn\u00e1l\u00f3k sz\u00e1m\u00e1ra, hogy leny\u0171g\u00f6z\u0151 vizu\u00e1lis anyagokat hozzanak l\u00e9tre an\u00e9lk\u00fcl, hogy sz\u00e9lesk\u00f6r\u0171 m\u0171v\u00e9szi ismeretekre lenne sz\u00fcks\u00e9g\u00fck.<\/p>\n\n\n\n<h3 class=\"wp-block-heading\" id=\"1403ba15\"><a href=\"https:\/\/dromerosm-groq-llama3.hf.space\/#1403ba15\" target=\"_blank\" rel=\"noopener\"><\/a>Mi\u00e9rt haszn\u00e1ld az ingyenes DALL-E 3-t?<\/h3>\n\n\n\n<p class=\"\">Az ingyenes online DALL-E 3 sz\u00e1mos el\u0151nyt k\u00edn\u00e1l a mag\u00e1nszem\u00e9lyek \u00e9s a v\u00e1llalkoz\u00e1sok sz\u00e1m\u00e1ra egyar\u00e1nt. Ezzel a technol\u00f3gi\u00e1val figyelemfelkelt\u0151 hirdet\u00e9sek, k\u00f6z\u00f6ss\u00e9gi m\u00e9diatartalmak, s\u0151t eg\u00e9sz t\u00f6rt\u00e9netek is l\u00e9trehozhat\u00f3k. Alkalmaz\u00e1si lehet\u0151s\u00e9gei hat\u00e1rtalanok, \u00e9s a kiv\u00e1l\u00f3 min\u0151s\u00e9g\u0171 vizu\u00e1lis anyagok l\u00e9trehoz\u00e1s\u00e1ra val\u00f3 k\u00e9pess\u00e9ge sz\u00e1mos ipar\u00e1gban, t\u00f6bbek k\u00f6z\u00f6tt a marketing, a sz\u00f3rakoztat\u00e1s \u00e9s az oktat\u00e1s ter\u00fclet\u00e9n is n\u00e9lk\u00fcl\u00f6zhetetlen eszk\u00f6zz\u00e9 tette.<\/p>\n\n\n\n<h3 class=\"wp-block-heading\" id=\"6a9ba0cf\"><a href=\"https:\/\/dromerosm-groq-llama3.hf.space\/#6a9ba0cf\" target=\"_blank\" rel=\"noopener\"><\/a>Az ingyenes DALL-E 3 haszn\u00e1lat\u00e1nak el\u0151nyei<\/h3>\n\n\n\n<p class=\"\">\u00cdme n\u00e9h\u00e1ny el\u0151nye az Ingyenes online DALL-E 3 haszn\u00e1lat\u00e1nak:<\/p>\n\n\n\n<ul class=\"wp-block-list\">\n<li class=\"\"><strong>P\u00e1ratlan k\u00e9pmin\u0151s\u00e9g<\/strong>: Ingyenes online A DALL-E 3 olyan k\u00e9peket gener\u00e1l, amelyek \u00f6sszehasonl\u00edthat\u00f3k a professzion\u00e1lis m\u0171v\u00e9szek \u00e1ltal k\u00e9sz\u00edtett k\u00e9pekkel.<\/li>\n\n\n\n<li class=\"\"><strong>Id\u0151hat\u00e9kony<\/strong>: Ez a technol\u00f3gia lehet\u0151v\u00e9 teszi a felhaszn\u00e1l\u00f3k sz\u00e1m\u00e1ra, hogy percek alatt kiv\u00e1l\u00f3 min\u0151s\u00e9g\u0171 vizu\u00e1lis anyagokat k\u00e9sz\u00edtsenek, id\u0151t \u00e9s energi\u00e1t megtakar\u00edtva.<\/li>\n\n\n\n<li class=\"\"><strong>K\u00f6lts\u00e9ghat\u00e9kony<\/strong>: Ingyenes online DALL-E 3 seg\u00edts\u00e9g\u00e9vel nem kell profi m\u0171v\u00e9szeket felb\u00e9relnie vagy dr\u00e1ga szoftvereket v\u00e1s\u00e1rolnia.<\/li>\n<\/ul>\n\n\n\n<h3 class=\"wp-block-heading\" id=\"5ca44098\"><a href=\"https:\/\/dromerosm-groq-llama3.hf.space\/#5ca44098\" target=\"_blank\" rel=\"noopener\"><\/a>Mikor haszn\u00e1ld az ingyenes DALL-E 3<\/h3>\n\n\n\n<p class=\"\">Ingyenes online DALL-E 3 alkalmas k\u00fcl\u00f6nb\u00f6z\u0151 forgat\u00f3k\u00f6nyvekhez, t\u00f6bbek k\u00f6z\u00f6tt:<\/p>\n\n\n\n<ul class=\"wp-block-list\">\n<li class=\"\"><strong>Marketing kamp\u00e1nyok<\/strong>: K\u00e9sz\u00edtsen figyelemfelkelt\u0151 hirdet\u00e9seket \u00e9s k\u00f6z\u00f6ss\u00e9gi m\u00e9diatartalmakat, hogy megragadja a c\u00e9lk\u00f6z\u00f6ns\u00e9g figyelm\u00e9t.<\/li>\n\n\n\n<li class=\"\"><strong>Mes\u00e9l\u00e9s<\/strong>: Az ingyenes online DALL-E 3 seg\u00edts\u00e9g\u00e9vel teljes t\u00f6rt\u00e9neteket hozhatsz l\u00e9tre, bele\u00e9rtve a szerepl\u0151ket, a h\u00e1ttereket \u00e9s a kell\u00e9keket.<\/li>\n\n\n\n<li class=\"\"><strong>Oktat\u00e1s<\/strong>: Haszn\u00e1lja ki ezt a technol\u00f3gi\u00e1t interakt\u00edv \u00e9s vonz\u00f3 oktat\u00e1si tartalmak l\u00e9trehoz\u00e1s\u00e1ra.<\/li>\n<\/ul>\n\n\n\n<h3 class=\"wp-block-heading\" id=\"a38adbc\"><a href=\"https:\/\/dromerosm-groq-llama3.hf.space\/#a38adbc\" target=\"_blank\" rel=\"noopener\"><\/a>Kinek kedvezhet az ingyenes DALL-E 3<\/h3>\n\n\n\n<p class=\"\">Az ingyenes online DALL-E 3 sz\u00e1mos egy\u00e9n \u00e9s ipar\u00e1g sz\u00e1m\u00e1ra el\u0151ny\u00f6s lehet, t\u00f6bbek k\u00f6z\u00f6tt:<\/p>\n\n\n\n<ul class=\"wp-block-list\">\n<li class=\"\"><strong>Piacosok<\/strong>: Kiv\u00e1l\u00f3 min\u0151s\u00e9g\u0171 vizu\u00e1lis anyagok k\u00e9sz\u00edt\u00e9se marketingkamp\u00e1nyokhoz.<\/li>\n\n\n\n<li class=\"\"><strong>M\u0171v\u00e9szek<\/strong>: Inspir\u00e1ci\u00f3t gy\u0171jtsenek a m\u0171veikhez, vagy haszn\u00e1lj\u00e1k eszk\u00f6zk\u00e9nt \u00faj darabok l\u00e9trehoz\u00e1s\u00e1hoz.<\/li>\n\n\n\n<li class=\"\"><strong>Pedag\u00f3gusok<\/strong>: Interakt\u00edv \u00e9s vonz\u00f3 oktat\u00e1si tartalmak l\u00e9trehoz\u00e1sa.<\/li>\n<\/ul>\n\n\n\n<h3 class=\"wp-block-heading\" id=\"5e6df429\"><a href=\"https:\/\/dromerosm-groq-llama3.hf.space\/#5e6df429\" target=\"_blank\" rel=\"noopener\"><\/a>Ingyenes online DALL-E 3 eszk\u00f6z\u00f6k \u00e9s forr\u00e1sok<\/h3>\n\n\n\n<p class=\"\">\u00cdme n\u00e9h\u00e1ny online forr\u00e1s \u00e9s eszk\u00f6z, amelyek seg\u00edthetnek az ingyenes online DALL-E 3:<\/p>\n\n\n\n<figure class=\"wp-block-table\"><table class=\"has-fixed-layout\"><thead><tr><th>Er\u0151forr\u00e1s<\/th><th>Le\u00edr\u00e1s<\/th><th>Honlap<\/th><\/tr><\/thead><tbody><tr><td>AI Art Free Online<\/td><td>Ingyenes online DALL-E 3 modellt k\u00edn\u00e1l\u00f3 platform<\/td><td><a href=\"https:\/\/aiartfree.online\/hu\/free-online-dalle-3\/\" target=\"_blank\" rel=\"noreferrer noopener\">https:\/\/aiartfree.online\/free-online-dall%c2%b7e-3\/<\/a><\/td><\/tr><tr><td>DALL-E 3 GitHub<\/td><td>A DALL-E 3 hivatalos GitHub-t\u00e1rh\u00e1za<\/td><td><a href=\"https:\/\/github.com\/dalle\/dalle-3\" target=\"_blank\" rel=\"noreferrer noopener\">https:\/\/github.com\/dalle\/dalle-3<\/a><\/td><\/tr><tr><td>AI-gener\u00e1lt m\u0171v\u00e9szeti k\u00f6z\u00f6ss\u00e9g<\/td><td>Egy k\u00f6z\u00f6ss\u00e9g, amely a mesters\u00e9ges intelligencia \u00e1ltal gener\u00e1lt m\u0171v\u00e9szetet \u00e9s a DALL-E 3-t vitatja meg<\/td><td><a href=\"https:\/\/www.ai-generated-art.com\/\" target=\"_blank\" rel=\"noreferrer noopener\">https:\/\/www.ai-generated-art.com\/<\/a><\/td><\/tr><tr><td>&#8230;<\/td><td>&#8230;<\/td><td>&#8230;<\/td><\/tr><\/tbody><\/table><\/figure>\n\n\n\n<p class=\"\"><strong>El\u0151ny\u00f6k:<\/strong><\/p>\n\n\n\n<ul class=\"wp-block-list\">\n<li class=\"\">Felhaszn\u00e1l\u00f3bar\u00e1t fel\u00fclet<\/li>\n\n\n\n<li class=\"\">Kiv\u00e1l\u00f3 min\u0151s\u00e9g\u0171 k\u00e9pgener\u00e1l\u00e1s<\/li>\n\n\n\n<li class=\"\">K\u00f6lts\u00e9ghat\u00e9kony<\/li>\n<\/ul>\n\n\n\n<p class=\"\"><strong>H\u00e1tr\u00e1nyok:<\/strong><\/p>\n\n\n\n<ul class=\"wp-block-list\">\n<li class=\"\">Korl\u00e1tozott testreszab\u00e1si lehet\u0151s\u00e9gek<\/li>\n\n\n\n<li class=\"\">M\u0171szaki ismereteket ig\u00e9nyel<\/li>\n<\/ul>\n\n\n\n<p class=\"\"><strong>Kih\u00edv\u00e1sok:<\/strong><\/p>\n\n\n\n<ul class=\"wp-block-list\">\n<li class=\"\">A gener\u00e1lt k\u00e9pek torz\u00edtatlans\u00e1g\u00e1nak biztos\u00edt\u00e1sa<\/li>\n\n\n\n<li class=\"\">Szerz\u0151i jogi \u00e9s tulajdonjogi k\u00e9rd\u00e9sek kezel\u00e9se<\/li>\n<\/ul>\n\n\n\n<p class=\"\"><strong>Aj\u00e1nl\u00e1s:<\/strong><\/p>\n\n\n\n<p class=\"\">Kutat\u00e1saink alapj\u00e1n javasoljuk a&nbsp;<a href=\"https:\/\/aiartfree.online\/hu\/free-online-dall\u00b7e-3\/\" target=\"_blank\" rel=\"noreferrer noopener\">AI Art Free Online<\/a>&nbsp;a felhaszn\u00e1l\u00f3bar\u00e1t kezel\u0151fel\u00fclet \u00e9s a kiv\u00e1l\u00f3 min\u0151s\u00e9g\u0171 k\u00e9pgener\u00e1l\u00e1s miatt.<\/p>\n\n\n\n<h3 class=\"wp-block-heading\" id=\"b571c93a\"><a href=\"https:\/\/dromerosm-groq-llama3.hf.space\/#b571c93a\" target=\"_blank\" rel=\"noopener\"><\/a>GYIK: DALL-E 3: Gyakran ism\u00e9telt k\u00e9rd\u00e9sek az ingyenes online DALL-E 3-r\u00f3l<\/h3>\n\n\n\n<p class=\"\">\u00cdme n\u00e9h\u00e1ny gyakran ism\u00e9telt k\u00e9rd\u00e9s az Ingyenes online DALL-E 3:<\/p>\n\n\n\n<p class=\"\"><strong>1. k\u00e9rd\u00e9s: A Free DALL-E 3 ingyenesen haszn\u00e1lhat\u00f3?<\/strong>\u00a0A1: Igen, a Free Online DALL-E 3 ingyenesen haszn\u00e1lhat\u00f3, opcion\u00e1lis fizet\u0151s b\u0151v\u00edt\u00e9sekkel.<\/p>\n\n\n\n<p class=\"\"><strong>2. k\u00e9rd\u00e9s: Haszn\u00e1lhatom a Free DALL-E 3-at kereskedelmi c\u00e9lokra?<\/strong>\u00a0A2: Igen, a Free Online DALL-E 3 haszn\u00e1lhat\u00f3 kereskedelmi c\u00e9lokra, de k\u00e9rj\u00fck, tartsa be a felhaszn\u00e1l\u00e1si felt\u00e9teleket.<\/p>\n\n\n\n<p class=\"\"><strong>3. k\u00e9rd\u00e9s: Mennyi ideig tart egy k\u00e9p l\u00e9trehoz\u00e1sa a Free Online DALL-E 3 seg\u00edts\u00e9g\u00e9vel?<\/strong>&nbsp;A3: A gener\u00e1l\u00e1si id\u0151 a k\u00e9p \u00f6sszetetts\u00e9g\u00e9t\u0151l \u00e9s a felhaszn\u00e1lt sz\u00e1m\u00edt\u00e1si er\u0151forr\u00e1sokt\u00f3l f\u00fcgg. Egy k\u00e9p gener\u00e1l\u00e1sa \u00e1tlagosan 1-5 percet vesz ig\u00e9nybe.<\/p>\n\n\n\n<p class=\"\"><strong>4. k\u00e9rd\u00e9s: Testreszabhatom a gener\u00e1lt k\u00e9peket?<\/strong>&nbsp;A4: Igen, a gener\u00e1lt k\u00e9peket k\u00fcl\u00f6nb\u00f6z\u0151 eszk\u00f6z\u00f6k \u00e9s technik\u00e1k seg\u00edts\u00e9g\u00e9vel testreszabhatja, bele\u00e9rtve a szerkeszt\u0151szoftvereket \u00e9s a st\u00edlus\u00e1tviteli algoritmusokat.<\/p>\n\n\n\n<p class=\"\"><strong>5. k\u00e9rd\u00e9s: Az ingyenes online DALL-E 3 alkalmas kezd\u0151knek?<\/strong>&nbsp;A5: Igen, a Free Online DALL-E 3 alkalmas a kezd\u0151k sz\u00e1m\u00e1ra, intuit\u00edv kezel\u0151fel\u00fclete \u00e9s az eszk\u00f6zt\u00e1j\u00e9koztat\u00f3k v\u00e9gigvezetnek a folyamaton.<\/p>\n\n\n\n<p class=\"\"><strong>6. k\u00e9rd\u00e9s: Haszn\u00e1lhatom a Free Online DALL-E 3-at vide\u00f3k k\u00e9sz\u00edt\u00e9s\u00e9re?<\/strong>&nbsp;A6: Igen, a Free Online DALL-E 3 haszn\u00e1lhat\u00f3 vide\u00f3k k\u00e9sz\u00edt\u00e9s\u00e9re, \u00edgy minim\u00e1lis er\u0151fesz\u00edt\u00e9ssel leny\u0171g\u00f6z\u0151 vide\u00f3kat k\u00e9sz\u00edthet.<\/p>\n\n\n\n<p class=\"\"><strong>7. k\u00e9rd\u00e9s: Vannak korl\u00e1toz\u00e1sok a Free Online DALL-E 3 haszn\u00e1lat\u00e1ban?<\/strong>&nbsp;A7: Igen, a Free Online DALL-E 3 haszn\u00e1lat\u00e1nak vannak korl\u00e1tai, bele\u00e9rtve a korl\u00e1tozott testreszab\u00e1si lehet\u0151s\u00e9geket \u00e9s a gener\u00e1lt k\u00e9pek esetleges torz\u00edt\u00e1sait.<\/p>\n\n\n\n<p class=\"\"><strong>8. k\u00e9rd\u00e9s: Haszn\u00e1lhatom a Free Online DALL-E 3-t mesemond\u00e1sra?<\/strong>&nbsp;A8: Igen, a Free Online DALL-E 3 haszn\u00e1lhat\u00f3 t\u00f6rt\u00e9netmes\u00e9l\u00e9sre, lehet\u0151v\u00e9 t\u00e9ve teljes t\u00f6rt\u00e9netek l\u00e9trehoz\u00e1s\u00e1t karakterekkel, h\u00e1tterekkel \u00e9s kell\u00e9kekkel.<\/p>\n\n\n\n<p class=\"\"><strong>9. k\u00e9rd\u00e9s: Az ingyenes online DALL-E 3 alkalmas az oktat\u00e1sra?<\/strong>&nbsp;A9: Igen, a Free Online DALL-E 3 alkalmas az oktat\u00e1sra, lehet\u0151v\u00e9 t\u00e9ve a pedag\u00f3gusok sz\u00e1m\u00e1ra, hogy interakt\u00edv \u00e9s vonz\u00f3 oktat\u00e1si tartalmakat hozzanak l\u00e9tre.<\/p>\n\n\n\n<p class=\"\"><strong>10. k\u00e9rd\u00e9s: Hogyan kezdhetem el az ingyenes online DALL-E 3 j\u00e1t\u00e9kot?<\/strong>&nbsp;A10: Az ingyenes online DALL-E 3 haszn\u00e1lat\u00e1hoz egyszer\u0171en l\u00e1togasson el a weboldalra, regisztr\u00e1ljon egy fi\u00f3kot, \u00e9s k\u00f6vesse az \u00fatmutat\u00f3kat \u00e9s a megadott ir\u00e1nyelveket.<\/p>","protected":false},"excerpt":{"rendered":"<p>How to use the Free DALL\u00b7E 3 *&nbsp;Depending on your internet speed, loading the model may take a few seconds.* There will be caching during continuous generation, and the new image will appear after about 3 seconds. Introduction of Free DALL\u00b7E 3 Outline: What is Free DALL\u00b7E 3? Free Online DALL\u00b7E 3 is a type &#8230; <a title=\"Ingyenes DALL-E 3\" class=\"read-more\" href=\"https:\/\/aiartfree.online\/hu\/ingyenes-dalle-3\/\" aria-label=\"Read more about Free DALL\u00b7E 3\">Olvass tov\u00e1bb<\/a><\/p>","protected":false},"author":1,"featured_media":0,"parent":0,"menu_order":0,"comment_status":"open","ping_status":"closed","template":"","meta":{"nf_dc_page":"","footnotes":""},"class_list":["post-2889","page","type-page","status-publish"],"jetpack_sharing_enabled":true,"_links":{"self":[{"href":"https:\/\/aiartfree.online\/hu\/wp-json\/wp\/v2\/pages\/2889","targetHints":{"allow":["GET"]}}],"collection":[{"href":"https:\/\/aiartfree.online\/hu\/wp-json\/wp\/v2\/pages"}],"about":[{"href":"https:\/\/aiartfree.online\/hu\/wp-json\/wp\/v2\/types\/page"}],"author":[{"embeddable":true,"href":"https:\/\/aiartfree.online\/hu\/wp-json\/wp\/v2\/users\/1"}],"replies":[{"embeddable":true,"href":"https:\/\/aiartfree.online\/hu\/wp-json\/wp\/v2\/comments?post=2889"}],"version-history":[{"count":0,"href":"https:\/\/aiartfree.online\/hu\/wp-json\/wp\/v2\/pages\/2889\/revisions"}],"wp:attachment":[{"href":"https:\/\/aiartfree.online\/hu\/wp-json\/wp\/v2\/media?parent=2889"}],"curies":[{"name":"wp","href":"https:\/\/api.w.org\/{rel}","templated":true}]}}