{"id":2880,"date":"2024-07-17T14:18:31","date_gmt":"2024-07-17T14:18:31","guid":{"rendered":"https:\/\/aiartfree.online\/?page_id=2880"},"modified":"2024-07-20T10:51:32","modified_gmt":"2024-07-20T10:51:32","slug":"ai-image-enhancer","status":"publish","type":"page","link":"https:\/\/aiartfree.online\/hu\/ai-kepjavito\/","title":{"rendered":"AI Image Enhancer"},"content":{"rendered":"<h2 class=\"wp-block-heading\">Hogyan kell haszn\u00e1lni az AI Image Enhancer-t<\/h2>\n\n\n\n<ol class=\"wp-block-list\">\n<li class=\"\">Dobja el vagy t\u00f6ltse fel a k\u00e9pet<\/li>\n\n\n\n<li class=\"\">Kattintson a \"Bek\u00fcld\u00e9s\" gombra<\/li>\n\n\n\n<li class=\"\">V\u00e1rj, ez az!<\/li>\n<\/ol>\n\n\n\n<p class=\"\"><em>* Az internet sebess\u00e9g\u00e9t\u0151l f\u00fcgg\u0151en a modell bet\u00f6lt\u00e9se n\u00e9h\u00e1ny m\u00e1sodpercet vehet ig\u00e9nybe.<br>* A folyamatos gener\u00e1l\u00e1s sor\u00e1n gyors\u00edt\u00f3t\u00e1raz\u00e1sra ker\u00fcl sor, \u00e9s az \u00faj k\u00e9p k\u00f6r\u00fclbel\u00fcl 3 m\u00e1sodperc m\u00falva jelenik meg.<\/em><\/p>\n\n\n\n<div style=\"text-align: center;\">\n  <iframe loading=\"lazy\"\n    src=\"https:\/\/sczhou-codeformer.hf.space\"\n    frameborder=\"0\"\n    width=\"1200\"\n    height=\"2500\"\n    style=\"display: inline-block; margin: 0 auto;\"\n  ><\/iframe>\n<\/div>\n\n\n\n<div style=\"height:50px\" aria-hidden=\"true\" class=\"wp-block-spacer\"><\/div>\n\n\n\n<h2 class=\"wp-block-heading\">Az AI Image Enhancer bevezet\u00e9se<\/h2>\n\n\n\n<p class=\"\">A k\u00e9pmin\u0151s\u00e9g jav\u00edt\u00e1sa kulcsfontoss\u00e1g\u00fa a k\u00fcl\u00f6nb\u00f6z\u0151 ipar\u00e1gak sz\u00e1m\u00e1ra, az ingatlan\u00fcgyekt\u0151l a k\u00f6z\u00f6ss\u00e9gi m\u00e9dia marketingig. A mesters\u00e9ges intelligencia t\u00e9rh\u00f3d\u00edt\u00e1s\u00e1val az olyan eszk\u00f6z\u00f6k, mint az AI Image Enhancer forradalmas\u00edtott\u00e1k a f\u00e9nyk\u00e9pek felbont\u00e1s\u00e1nak n\u00f6vel\u00e9s\u00e9t \u00e9s az \u00e1ltal\u00e1nos k\u00e9pmin\u0151s\u00e9g jav\u00edt\u00e1s\u00e1t. Ebben a cikkben megvizsg\u00e1ljuk az AI k\u00e9pjav\u00edt\u00f3k el\u0151nyeit, a haszn\u00e1latuk legjobb forgat\u00f3k\u00f6nyveit, \u00e9s \u00e1tfog\u00f3 \u00fatmutat\u00f3t ny\u00fajtunk a ma el\u00e9rhet\u0151 legjobb eszk\u00f6z\u00f6kr\u0151l.<\/p>\n\n\n\n<figure class=\"wp-block-image size-large is-resized\"><img data-recalc-dims=\"1\" decoding=\"async\" width=\"1024\" height=\"568\"   loading=\"lazy\" src=\"https:\/\/i0.wp.com\/aiartfree.online\/wp-content\/uploads\/2024\/07\/WX20240717-181127%402x-1-1-1-1-1-1.jpg?resize=1024%2C568&#038;ssl=1\" alt=\"AI Image Enhancer\" class=\"wp-image-2881\" style=\"width:591px;height:auto\" srcset=\"https:\/\/i0.wp.com\/aiartfree.online\/wp-content\/uploads\/2024\/07\/WX20240717-181127%402x-1-1-1-1-1-1.jpg?resize=1024%2C568&amp;ssl=1 1024w, https:\/\/i0.wp.com\/aiartfree.online\/wp-content\/uploads\/2024\/07\/WX20240717-181127%402x-1-1-1-1-1-1.jpg?resize=300%2C166&amp;ssl=1 300w, https:\/\/i0.wp.com\/aiartfree.online\/wp-content\/uploads\/2024\/07\/WX20240717-181127%402x-1-1-1-1-1-1.jpg?resize=768%2C426&amp;ssl=1 768w, https:\/\/i0.wp.com\/aiartfree.online\/wp-content\/uploads\/2024\/07\/WX20240717-181127%402x-1-1-1-1-1-1.jpg?resize=1536%2C852&amp;ssl=1 1536w, https:\/\/i0.wp.com\/aiartfree.online\/wp-content\/uploads\/2024\/07\/WX20240717-181127%402x-1-1-1-1-1-1.jpg?resize=2048%2C1136&amp;ssl=1 2048w, https:\/\/i0.wp.com\/aiartfree.online\/wp-content\/uploads\/2024\/07\/WX20240717-181127%402x-1-1-1-1-1-1.jpg?resize=18%2C10&amp;ssl=1 18w, https:\/\/i0.wp.com\/aiartfree.online\/wp-content\/uploads\/2024\/07\/WX20240717-181127%402x-1-1-1-1-1-1.jpg?resize=600%2C333&amp;ssl=1 600w\" sizes=\"auto, (max-width: 1024px) 100vw, 1024px\" \/><\/figure>\n\n\n\n<h2 class=\"wp-block-heading\">Tartalomjegyz\u00e9k<\/h2>\n\n\n\n<ol class=\"wp-block-list\">\n<li class=\"\">Mi az az AI Image Enhancer?<\/li>\n\n\n\n<li class=\"\">Mi\u00e9rt \u00e9rdemes AI k\u00e9pjav\u00edt\u00f3t haszn\u00e1lni?<\/li>\n\n\n\n<li class=\"\">Az AI Image Enhancer haszn\u00e1lat\u00e1nak el\u0151nyei<\/li>\n\n\n\n<li class=\"\">Mikor haszn\u00e1ljon AI k\u00e9pjav\u00edt\u00f3t<\/li>\n\n\n\n<li class=\"\">Kinek \u00e9rdemes AI k\u00e9pjav\u00edt\u00f3t haszn\u00e1lni?<\/li>\n\n\n\n<li class=\"\">Top 10 AI k\u00e9pjav\u00edt\u00f3 eszk\u00f6z<\/li>\n\n\n\n<li class=\"\">A legjobb AI k\u00e9pjav\u00edt\u00f3 eszk\u00f6z<\/li>\n\n\n\n<li class=\"\">GYIK<\/li>\n<\/ol>\n\n\n\n<h3 class=\"wp-block-heading\">Mi az az AI Image Enhancer?<\/h3>\n\n\n\n<p class=\"\">Az AI Image Enhancer egy mesters\u00e9ges intelligenci\u00e1val m\u0171k\u00f6d\u0151 eszk\u00f6z, amelyet a k\u00e9pek min\u0151s\u00e9g\u00e9nek jav\u00edt\u00e1s\u00e1ra terveztek. Ezek az eszk\u00f6z\u00f6k n\u00f6velhetik a f\u00e9nyk\u00e9pek felbont\u00e1s\u00e1t, jav\u00edthatj\u00e1k a f\u00e9nyk\u00e9pek tisztas\u00e1g\u00e1t, \u00e9s felsk\u00e1l\u00e1zhatj\u00e1k a k\u00e9peket, hogy \u00e9lesebb\u00e9 \u00e9s r\u00e9szletesebb\u00e9 tegy\u00e9k \u0151ket. A fejlett algoritmusok seg\u00edts\u00e9g\u00e9vel az AI k\u00e9pjav\u00edt\u00f3k k\u00e9pesek felismerni \u00e9s kijav\u00edtani a t\u00f6k\u00e9letlens\u00e9geket, \u00edgy a f\u00e9nyk\u00e9pek professzion\u00e1lisabbnak \u00e9s vizu\u00e1lisan vonz\u00f3bbnak t\u0171nnek.<\/p>\n\n\n\n<h3 class=\"wp-block-heading\">Mi\u00e9rt \u00e9rdemes AI k\u00e9pjav\u00edt\u00f3t haszn\u00e1lni?<\/h3>\n\n\n\n<p class=\"\">Az AI Image Enhancer haszn\u00e1lata elengedhetetlen mindazok sz\u00e1m\u00e1ra, akik gyorsan \u00e9s hat\u00e9konyan szeretn\u00e9k jav\u00edtani k\u00e9peik min\u0151s\u00e9g\u00e9t. Ak\u00e1r grafikus, ingatlan\u00fcgyn\u00f6k vagy k\u00f6z\u00f6ss\u00e9gi m\u00e9dia menedzser, a k\u00e9pmin\u0151s\u00e9g jav\u00edt\u00e1sa jelent\u0151s k\u00fcl\u00f6nbs\u00e9get jelenthet abban, hogy munk\u00e1j\u00e1t hogyan \u00e9rz\u00e9kelik. Az AI k\u00e9pjav\u00edt\u00f3k id\u0151t takar\u00edtanak meg az\u00e1ltal, hogy automatiz\u00e1lj\u00e1k a felbont\u00e1s \u00e9s a min\u0151s\u00e9g jav\u00edt\u00e1s\u00e1nak folyamat\u00e1t, \u00edgy \u00d6n m\u00e1s fontos feladatokra \u00f6sszpontos\u00edthat.<\/p>\n\n\n\n<h3 class=\"wp-block-heading\">Az AI Image Enhancer haszn\u00e1lat\u00e1nak el\u0151nyei<\/h3>\n\n\n\n<ol class=\"wp-block-list\">\n<li class=\"\"><strong>N\u00f6velje a f\u00e9nyk\u00e9pek felbont\u00e1s\u00e1t<\/strong>: Az AI k\u00e9pjav\u00edt\u00f3k k\u00e9pesek felnagy\u00edtani a k\u00e9peket, \u00edgy alkalmass\u00e1 t\u00e9ve azokat a kiv\u00e1l\u00f3 min\u0151s\u00e9g\u0171 nyomatokhoz \u00e9s nagym\u00e9ret\u0171 kijelz\u0151kh\u00f6z.<\/li>\n\n\n\n<li class=\"\"><strong>Fokozza a f\u00e9nyk\u00e9pek tisztas\u00e1g\u00e1t<\/strong>: Ezek az eszk\u00f6z\u00f6k jav\u00edtj\u00e1k a k\u00e9p \u00e9less\u00e9g\u00e9t, elt\u00e1vol\u00edtj\u00e1k az elmos\u00f3dotts\u00e1got \u00e9s l\u00e1that\u00f3bb\u00e1 teszik a r\u00e9szleteket.<\/li>\n\n\n\n<li class=\"\"><strong>Az \u00e1ltal\u00e1nos min\u0151s\u00e9g jav\u00edt\u00e1sa<\/strong>: Az AI k\u00e9pjav\u00edt\u00f3k a sz\u00ednek, a kontraszt \u00e9s a f\u00e9nyer\u0151 be\u00e1ll\u00edt\u00e1s\u00e1val kiv\u00e1l\u00f3 min\u0151s\u00e9g\u0171 k\u00e9peket k\u00e9sz\u00edthetnek.<\/li>\n\n\n\n<li class=\"\"><strong>Id\u0151megtakar\u00edt\u00e1s<\/strong>: A jav\u00edt\u00e1si folyamat automatiz\u00e1l\u00e1sa cs\u00f6kkenti a k\u00e9pek k\u00e9zi szerkeszt\u00e9s\u00e9hez sz\u00fcks\u00e9ges id\u0151t.<\/li>\n\n\n\n<li class=\"\"><strong>K\u00f6lts\u00e9ghat\u00e9kony<\/strong>: Az AI k\u00e9pjav\u00edt\u00f3kba val\u00f3 befektet\u00e9ssel p\u00e9nzt takar\u00edthat meg a professzion\u00e1lis k\u00e9pszerkeszt\u0151k felb\u00e9rl\u00e9s\u00e9hez k\u00e9pest.<\/li>\n<\/ol>\n\n\n\n<h3 class=\"wp-block-heading\">Mikor haszn\u00e1ljon AI k\u00e9pjav\u00edt\u00f3t<\/h3>\n\n\n\n<p class=\"\">Az AI k\u00e9pjav\u00edt\u00f3k k\u00fcl\u00f6nb\u00f6z\u0151 forgat\u00f3k\u00f6nyvekhez alkalmasak, t\u00f6bbek k\u00f6z\u00f6tt:<\/p>\n\n\n\n<ul class=\"wp-block-list\">\n<li class=\"\"><strong>Ingatlanok<\/strong>: Az ingatlanfot\u00f3k jav\u00edt\u00e1sa a potenci\u00e1lis v\u00e1s\u00e1rl\u00f3k vonz\u00e1sa \u00e9rdek\u00e9ben.<\/li>\n\n\n\n<li class=\"\"><strong>K\u00f6z\u00f6ss\u00e9gi m\u00e9dia<\/strong>: Kiv\u00e1l\u00f3 min\u0151s\u00e9g\u0171 k\u00e9pek k\u00e9sz\u00edt\u00e9se posztokhoz \u00e9s hirdet\u00e9sekhez.<\/li>\n\n\n\n<li class=\"\"><strong>Grafikai tervez\u00e9s<\/strong>: K\u00e9pek jav\u00edt\u00e1sa a digit\u00e1lis \u00e9s nyomtatott m\u00e9di\u00e1ban val\u00f3 felhaszn\u00e1l\u00e1sra.<\/li>\n\n\n\n<li class=\"\"><strong>E-kereskedelem<\/strong>: A term\u00e9kfot\u00f3k jav\u00edt\u00e1sa az elad\u00e1sok n\u00f6vel\u00e9se \u00e9rdek\u00e9ben.<\/li>\n\n\n\n<li class=\"\"><strong>F\u00e9nyk\u00e9pez\u00e9s<\/strong>: K\u00e9pek felsk\u00e1l\u00e1z\u00e1sa nyomatokhoz \u00e9s portf\u00f3li\u00f3khoz.<\/li>\n<\/ul>\n\n\n\n<h3 class=\"wp-block-heading\">Kinek \u00e9rdemes AI k\u00e9pjav\u00edt\u00f3t haszn\u00e1lni?<\/h3>\n\n\n\n<p class=\"\">Az AI k\u00e9pjav\u00edt\u00f3k el\u0151ny\u00f6sek:<\/p>\n\n\n\n<ul class=\"wp-block-list\">\n<li class=\"\"><strong>Fot\u00f3sok<\/strong>: A k\u00e9pek feljav\u00edt\u00e1sa \u00e9s fel\u00e9rt\u00e9kel\u00e9se.<\/li>\n\n\n\n<li class=\"\"><strong>Ingatlan\u00fcgyn\u00f6k\u00f6k<\/strong>: A hirdet\u00e9sekhez tartoz\u00f3 ingatlanok k\u00e9peinek jav\u00edt\u00e1sa.<\/li>\n\n\n\n<li class=\"\"><strong>Grafikusok<\/strong>: Hogy biztos\u00edts\u00e1k a kiv\u00e1l\u00f3 min\u0151s\u00e9g\u0171 k\u00e9peket a projektjeikhez.<\/li>\n\n\n\n<li class=\"\"><strong>K\u00f6z\u00f6ss\u00e9gi m\u00e9dia menedzserek<\/strong>: Vizu\u00e1lisan vonz\u00f3 posztok l\u00e9trehoz\u00e1sa.<\/li>\n\n\n\n<li class=\"\"><strong>E-kereskedelmi v\u00e1llalkoz\u00e1sok<\/strong>: A term\u00e9kk\u00e9pek jav\u00edt\u00e1sa \u00e9s a v\u00e1s\u00e1rl\u00f3k vonz\u00e1sa.<\/li>\n<\/ul>\n\n\n\n<h3 class=\"wp-block-heading\">Top 10 AI k\u00e9pjav\u00edt\u00f3 eszk\u00f6z<\/h3>\n\n\n\n<p class=\"\">Az al\u00e1bbiakban \u00f6sszefoglaljuk a 10 legjobb AI k\u00e9pjav\u00edt\u00f3 eszk\u00f6zt, valamint azok el\u0151nyeit \u00e9s kih\u00edv\u00e1sait:<\/p>\n\n\n\n<figure class=\"wp-block-table\"><table class=\"has-fixed-layout\"><thead><tr><th>Eszk\u00f6z neve<\/th><th>\u00d6sszefoglal\u00f3<\/th><th>El\u0151ny\u00f6k<\/th><th>H\u00e1tr\u00e1nyok<\/th><th>El\u0151ny\u00f6k<\/th><th>Kih\u00edv\u00e1sok<\/th><th>Aj\u00e1nl\u00e1sok<\/th><\/tr><\/thead><tbody><tr><td><strong><a href=\"https:\/\/aiartfree.online\/hu\/ai-kepjavito\/\" target=\"_blank\" data-type=\"link\" data-id=\"https:\/\/aiartfree.online\/ai-image-enhancer\" rel=\"noreferrer noopener\">AI Image Enhancer<\/a><\/strong><\/td><td>Gyorsan \u00e9s egyszer\u0171en jav\u00edtja a k\u00e9pmin\u0151s\u00e9get<\/td><td>K\u00f6nnyen haszn\u00e1lhat\u00f3, ingyenes<\/td><td>Korl\u00e1tozott funkci\u00f3k<\/td><td>Nagyszer\u0171 kezd\u0151knek<\/td><td>Korl\u00e1tozott fejlett lehet\u0151s\u00e9gek<\/td><td>Ide\u00e1lis gyors jav\u00edt\u00e1sokhoz<\/td><\/tr><tr><td><strong>N\u00f6velj\u00fck<\/strong><\/td><td>Ak\u00e1r 16-szorosra is felnagy\u00edtja a k\u00e9peket<\/td><td>Kiv\u00e1l\u00f3 min\u0151s\u00e9g\u0171 eredm\u00e9nyek<\/td><td>El\u0151fizet\u00e9ses alap\u00fa<\/td><td>Professzion\u00e1lis min\u0151s\u00e9g<\/td><td>Fizet\u00e9st ig\u00e9nyel<\/td><td>A legjobb professzion\u00e1lis haszn\u00e1latra<\/td><\/tr><tr><td><strong>Vance AI<\/strong><\/td><td>AI-alap\u00fa k\u00e9pjav\u00edt\u00f3<\/td><td>T\u00f6bbf\u00e9le b\u0151v\u00edt\u00e9si lehet\u0151s\u00e9g<\/td><td>N\u00e9h\u00e1ny funkci\u00f3 fizet\u0151s<\/td><td>Sokoldal\u00fa eszk\u00f6zk\u00e9szlet<\/td><td>Pr\u00e9mium el\u0151fizet\u00e9s sz\u00fcks\u00e9ges<\/td><td>J\u00f3 sokoldal\u00fa haszn\u00e1latra<\/td><\/tr><tr><td><strong>M\u00e9ly k\u00e9p<\/strong><\/td><td>K\u00f6tegelt feldolgoz\u00e1si k\u00e9pess\u00e9g<\/td><td>Egyszerre t\u00f6bb k\u00e9pet kezel<\/td><td>Fi\u00f3kbe\u00e1ll\u00edt\u00e1s sz\u00fcks\u00e9ges<\/td><td>Id\u0151hat\u00e9kony<\/td><td>Sz\u00fcks\u00e9ges kezdeti be\u00e1ll\u00edt\u00e1s<\/td><td>A legjobb \u00f6mlesztett fejleszt\u00e9sekhez<\/td><\/tr><tr><td><strong>Waifu2x<\/strong><\/td><td>Anime-f\u00f3kusz\u00fa k\u00e9pjav\u00edt\u00f3<\/td><td>M\u0171v\u00e9szeti alkot\u00e1sokra specializ\u00e1l\u00f3dott<\/td><td>anime st\u00edlusra korl\u00e1toz\u00f3dik<\/td><td>Nagyszer\u0171 anime k\u00e9pekhez<\/td><td>Korl\u00e1tozottan alkalmazhat\u00f3<\/td><td>A legjobb anime m\u0171v\u00e9szeknek<\/td><\/tr><tr><td><strong><a href=\"https:\/\/www.fotor.com\/\" data-type=\"link\" data-id=\"https:\/\/www.fotor.com\/\" rel=\"nofollow noopener\" target=\"_blank\">Fotor<\/a><\/strong><\/td><td>Online fot\u00f3szerkeszt\u0151 funkci\u00f3val<\/td><td>\u00c1tfog\u00f3 szerkeszt\u0151eszk\u00f6z\u00f6k<\/td><td>Hirdet\u00e9sek az ingyenes verzi\u00f3ban<\/td><td>All-in-one megold\u00e1s<\/td><td>Ad-t\u00e1mogatott ingyenes verzi\u00f3<\/td><td>Alkalmi haszn\u00e1latra j\u00f3<\/td><\/tr><tr><td><strong>ImgLarger<\/strong><\/td><td>AI upscaling eszk\u00f6z<\/td><td>J\u00f3 felsk\u00e1l\u00e1z\u00e1si eredm\u00e9nyek<\/td><td>Internetkapcsolat sz\u00fcks\u00e9ges<\/td><td>Kiv\u00e1l\u00f3 min\u0151s\u00e9g\u0171 felsk\u00e1l\u00e1z\u00e1s<\/td><td>Az internet sebess\u00e9g\u00e9t\u0151l f\u00fcgg<\/td><td>Legjobb online haszn\u00e1latra<\/td><\/tr><tr><td><strong>El\u0151kel\u0151 k\u00e9pek<\/strong><\/td><td>Online k\u00e9pjav\u00edt\u00f3<\/td><td>Felhaszn\u00e1l\u00f3bar\u00e1t fel\u00fclet<\/td><td>Korl\u00e1tozott szabad felhaszn\u00e1l\u00e1s<\/td><td>K\u00f6nnyen haszn\u00e1lhat\u00f3<\/td><td>Online haszn\u00e1latra korl\u00e1tozva<\/td><td>Legjobb alkalmi haszn\u00e1latra<\/td><\/tr><tr><td><strong>Image Upscaler<\/strong><\/td><td>AI-alap\u00fa fejleszt\u00e9s<\/td><td>Hat\u00e9kony feldolgoz\u00e1s<\/td><td>Fizet\u0151s funkci\u00f3k<\/td><td>Gyors \u00e9s hat\u00e9kony<\/td><td>El\u0151fizet\u00e9ses alap\u00fa<\/td><td>A legjobb rendszeres haszn\u00e1latra<\/td><\/tr><tr><td><strong>AI k\u00e9pnagy\u00edt\u00f3<\/strong><\/td><td>K\u00e9pnagy\u00edt\u00e1sra szakosodott<\/td><td>Kiv\u00e1l\u00f3 min\u0151s\u00e9g\u0171 b\u0151v\u00edt\u00e9s<\/td><td>Ingyenes verzi\u00f3 korl\u00e1tai<\/td><td>Magas b\u0151v\u00edt\u00e9si min\u0151s\u00e9g<\/td><td>Korl\u00e1tozott ingyenes lehet\u0151s\u00e9gek<\/td><td>A legjobb a kiv\u00e1l\u00f3 min\u0151s\u00e9g\u0171 b\u0151v\u00edt\u00e9shez<\/td><\/tr><\/tbody><\/table><\/figure>\n\n\n\n<h3 class=\"wp-block-heading\">A legjobb AI k\u00e9pjav\u00edt\u00f3 eszk\u00f6z<\/h3>\n\n\n\n<p class=\"\">A rendelkez\u00e9sre \u00e1ll\u00f3 k\u00fcl\u00f6nb\u00f6z\u0151 eszk\u00f6z\u00f6k k\u00f6z\u00fcl a legjobb AI k\u00e9pjav\u00edt\u00f3 eszk\u00f6z a k\u00f6vetkez\u0151 <a href=\"https:\/\/aiartfree.online\/hu\/ai-kepjavito\/\">AI Image Enhancer<\/a>. A fejlett funkci\u00f3k, az egyszer\u0171 haszn\u00e1lat \u00e9s a kiv\u00e1l\u00f3 min\u0151s\u00e9g\u0171 eredm\u00e9nyek t\u00f6k\u00e9letes kever\u00e9k\u00e9t k\u00edn\u00e1lja, \u00edgy ide\u00e1lis a profik \u00e9s az alkalmi felhaszn\u00e1l\u00f3k sz\u00e1m\u00e1ra egyar\u00e1nt.<\/p>\n\n\n\n<h3 class=\"wp-block-heading\">GYIK<\/h3>\n\n\n\n<ol class=\"wp-block-list\">\n<li class=\"\"><strong>Mi az az AI Image Enhancer?<\/strong> Az AI Image Enhancer egy olyan eszk\u00f6z, amely mesters\u00e9ges intelligenci\u00e1t haszn\u00e1l a k\u00e9pek min\u0151s\u00e9g\u00e9nek \u00e9s felbont\u00e1s\u00e1nak jav\u00edt\u00e1s\u00e1ra.<\/li>\n\n\n\n<li class=\"\"><strong>Hogyan jav\u00edtja a mesters\u00e9ges intelligencia a k\u00e9pmin\u0151s\u00e9get?<\/strong> A mesters\u00e9ges intelligencia algoritmusok elemzik \u00e9s jav\u00edtj\u00e1k a k\u00e9p r\u00e9szleteit, korrig\u00e1lj\u00e1k a t\u00f6k\u00e9letlens\u00e9geket \u00e9s n\u00f6velik a felbont\u00e1st.<\/li>\n\n\n\n<li class=\"\"><strong>\u00c9rdemes befektetni egy AI k\u00e9pjav\u00edt\u00f3ba?<\/strong> Igen, id\u0151t takar\u00edt meg \u00e9s kiv\u00e1l\u00f3 min\u0151s\u00e9g\u0171 eredm\u00e9nyeket produk\u00e1l, \u00edgy sok felhaszn\u00e1l\u00f3 sz\u00e1m\u00e1ra \u00e9rt\u00e9kes eszk\u00f6z.<\/li>\n\n\n\n<li class=\"\"><strong>A mesters\u00e9ges intelligencia k\u00e9pjav\u00edt\u00f3k k\u00e9pesek a k\u00f6tegelt feldolgoz\u00e1sra?<\/strong> Egyes eszk\u00f6z\u00f6k, mint p\u00e9ld\u00e1ul a Deep Image, k\u00f6tegelt feldolgoz\u00e1si lehet\u0151s\u00e9geket k\u00edn\u00e1lnak.<\/li>\n\n\n\n<li class=\"\"><strong>Vannak ingyenes AI k\u00e9pjav\u00edt\u00f3 eszk\u00f6z\u00f6k?<\/strong> Igen, az olyan eszk\u00f6z\u00f6k, mint az Enhance.Pho.to ingyenes alapszint\u0171 jav\u00edt\u00e1si funkci\u00f3kat k\u00edn\u00e1lnak.<\/li>\n\n\n\n<li class=\"\"><strong>Melyik a legjobb AI k\u00e9pjav\u00edt\u00f3 professzion\u00e1lis haszn\u00e1latra?<\/strong> Az AI Image Enhancer fejlett funkci\u00f3i \u00e9s kiv\u00e1l\u00f3 min\u0151s\u00e9g\u0171 eredm\u00e9nyei miatt aj\u00e1nlott.<\/li>\n\n\n\n<li class=\"\"><strong>Haszn\u00e1lhat\u00f3k-e a mesters\u00e9ges intelligencia k\u00e9pjav\u00edt\u00f3k a k\u00f6z\u00f6ss\u00e9gi m\u00e9diak\u00e9pek eset\u00e9ben?<\/strong> Igen, ide\u00e1lisak kiv\u00e1l\u00f3 min\u0151s\u00e9g\u0171 k\u00e9pek k\u00e9sz\u00edt\u00e9s\u00e9hez a k\u00f6z\u00f6ss\u00e9gi m\u00e9di\u00e1s posztokhoz.<\/li>\n\n\n\n<li class=\"\"><strong>T\u00e1mogatj\u00e1k az AI k\u00e9pjav\u00edt\u00f3k a felsk\u00e1l\u00e1z\u00e1st?<\/strong> Igen, sok AI k\u00e9pjav\u00edt\u00f3 program k\u00e9pes a k\u00e9peket nagyobb felbont\u00e1sra felsk\u00e1l\u00e1zni.<\/li>\n\n\n\n<li class=\"\"><strong>K\u00f6nnyen haszn\u00e1lhat\u00f3ak a mesters\u00e9ges intelligencia k\u00e9pjav\u00edt\u00f3k?<\/strong> A legt\u00f6bb AI k\u00e9pjav\u00edt\u00f3 program felhaszn\u00e1l\u00f3bar\u00e1t \u00e9s a k\u00f6nny\u0171 haszn\u00e1lat \u00e9rdek\u00e9ben k\u00e9sz\u00fclt.<\/li>\n\n\n\n<li class=\"\"><strong>Mely ipar\u00e1gak profit\u00e1lnak a mesters\u00e9ges intelligencia k\u00e9pjav\u00edt\u00f3kb\u00f3l?<\/strong> Az olyan ipar\u00e1gak, mint az ingatlan\u00fcgyletek, az e-kereskedelem, a grafikai tervez\u00e9s \u00e9s a k\u00f6z\u00f6ss\u00e9gi m\u00e9dia nagy haszn\u00e1t vehetik az AI k\u00e9pjav\u00edt\u00f3k alkalmaz\u00e1s\u00e1nak.<\/li>\n<\/ol>","protected":false},"excerpt":{"rendered":"<p>How to use AI Image Enhancer *&nbsp;Depending on your internet speed, loading the model may take a few seconds.* There will be caching during continuous generation, and the new image will appear after about 3 seconds. Introduction of AI Image Enhancer Enhancing image quality is crucial for various industries, from real estate to social media &#8230; <a title=\"AI Image Enhancer\" class=\"read-more\" href=\"https:\/\/aiartfree.online\/hu\/ai-kepjavito\/\" aria-label=\"Read more about AI Image Enhancer\">Olvass tov\u00e1bb<\/a><\/p>","protected":false},"author":1,"featured_media":0,"parent":0,"menu_order":0,"comment_status":"open","ping_status":"closed","template":"","meta":{"nf_dc_page":"","footnotes":""},"class_list":["post-2880","page","type-page","status-publish"],"jetpack_sharing_enabled":true,"_links":{"self":[{"href":"https:\/\/aiartfree.online\/hu\/wp-json\/wp\/v2\/pages\/2880","targetHints":{"allow":["GET"]}}],"collection":[{"href":"https:\/\/aiartfree.online\/hu\/wp-json\/wp\/v2\/pages"}],"about":[{"href":"https:\/\/aiartfree.online\/hu\/wp-json\/wp\/v2\/types\/page"}],"author":[{"embeddable":true,"href":"https:\/\/aiartfree.online\/hu\/wp-json\/wp\/v2\/users\/1"}],"replies":[{"embeddable":true,"href":"https:\/\/aiartfree.online\/hu\/wp-json\/wp\/v2\/comments?post=2880"}],"version-history":[{"count":0,"href":"https:\/\/aiartfree.online\/hu\/wp-json\/wp\/v2\/pages\/2880\/revisions"}],"wp:attachment":[{"href":"https:\/\/aiartfree.online\/hu\/wp-json\/wp\/v2\/media?parent=2880"}],"curies":[{"name":"wp","href":"https:\/\/api.w.org\/{rel}","templated":true}]}}