{"id":2876,"date":"2024-07-17T14:02:17","date_gmt":"2024-07-17T14:02:17","guid":{"rendered":"https:\/\/aiartfree.online\/?page_id=2876"},"modified":"2025-03-07T08:07:03","modified_gmt":"2025-03-07T08:07:03","slug":"anime-ai-generator","status":"publish","type":"page","link":"https:\/\/aiartfree.online\/hu\/anime-ai-generator\/","title":{"rendered":"Anime AI gener\u00e1tor"},"content":{"rendered":"<h2 class=\"wp-block-heading has-text-align-center\">El\u0151tte vs. Ut\u00e1na<\/h2>\n\n\n\n<figure class=\"gb-block-image gb-block-image-1822da1f\"><img data-recalc-dims=\"1\" decoding=\"async\" loading=\"lazy\" width=\"300\" height=\"179\" class=\"gb-image gb-image-1822da1f\" src=\"https:\/\/i0.wp.com\/aiartfree.online\/wp-content\/uploads\/2024\/07\/WX20240719-123748%402x.jpg?resize=300%2C179&#038;ssl=1\" alt=\"anime-ai-gener\u00e1tor\/\" title=\"WX20240719-123748@2x\" srcset=\"https:\/\/i0.wp.com\/aiartfree.online\/wp-content\/uploads\/2024\/07\/WX20240719-123748%402x.jpg?resize=300%2C179&amp;ssl=1 300w, https:\/\/i0.wp.com\/aiartfree.online\/wp-content\/uploads\/2024\/07\/WX20240719-123748%402x.jpg?resize=1024%2C613&amp;ssl=1 1024w, https:\/\/i0.wp.com\/aiartfree.online\/wp-content\/uploads\/2024\/07\/WX20240719-123748%402x.jpg?resize=768%2C459&amp;ssl=1 768w, https:\/\/i0.wp.com\/aiartfree.online\/wp-content\/uploads\/2024\/07\/WX20240719-123748%402x.jpg?resize=18%2C12&amp;ssl=1 18w, https:\/\/i0.wp.com\/aiartfree.online\/wp-content\/uploads\/2024\/07\/WX20240719-123748%402x.jpg?resize=600%2C359&amp;ssl=1 600w, https:\/\/i0.wp.com\/aiartfree.online\/wp-content\/uploads\/2024\/07\/WX20240719-123748%402x.jpg?w=1314&amp;ssl=1 1314w\" sizes=\"auto, (max-width: 300px) 100vw, 300px\" \/><\/figure>\n\n\n\n<h2 class=\"wp-block-heading\">Hogyan kell haszn\u00e1lni az Anime AI gener\u00e1tort<\/h2>\n\n\n\n<ol class=\"wp-block-list\">\n<li class=\"\">\u00cdrja be a saj\u00e1t promptj\u00e1t, vagy v\u00e1lasszon egyet a Prompt p\u00e9ld\u00e1k k\u00f6z\u00fcl.<\/li>\n\n\n\n<li class=\"\">Kattintson a \"Gener\u00e1l\u00e1s\" gombra<\/li>\n\n\n\n<li class=\"\">V\u00e1rj, ez az!<\/li>\n<\/ol>\n\n\n\n<h3 class=\"wp-block-heading\">Prompt p\u00e9ld\u00e1k<\/h3>\n\n\n\n<ul class=\"wp-block-list has-small-font-size\">\n<li class=\"\">gy\u00f6ny\u00f6r\u0171 n\u0151, \u00e9jszaka, csillagokkal, bonyolult, eleg\u00e1ns, rendk\u00edv\u00fcl r\u00e9szletes, digit\u00e1lis festm\u00e9ny, artstation, koncept art, sima, \u00e9les f\u00f3kusz, illusztr\u00e1ci\u00f3, m\u0171v\u00e9szet ( ( ( ( ( artgerm )) ) \u00e9s greg rutkowski! \u00e9s ( ( ( ( alphonse mucha ) ) ), nagy hat\u00e1ssal volt frank frazetta \u00e9s boris vallejo, kard \u00e9s<\/li>\n\n\n\n<li class=\"\">gy\u00f6ny\u00f6r\u0171 n\u0151, \u00e9jszaka, sci - fi, fantasy, bonyolult, eleg\u00e1ns, takato yamamoto, k\u00e9k ruha, var\u00e1zslatos, rendk\u00edv\u00fcl r\u00e9szletes, digit\u00e1lis festm\u00e9ny, artstation, concept art, smooth,b sharp focus, illusztr\u00e1ci\u00f3, artgerm \u00e9s greg rutkowski \u00e9s alphonse mucha m\u0171v\u00e9szete<\/li>\n\n\n\n<li class=\"\">gy\u00f6ny\u00f6r\u0171 n\u0151\uff0cnagy mellek a strandon, pihentet\u0151, \u00e9teri, \u00e1lmodoz\u00f3, h\u00e1tt\u00e9rvil\u00e1g\u00edt\u00e1s, nagyon r\u00e9szletes, realisztikus megvil\u00e1g\u00edt\u00e1s, \u00e9les f\u00f3kusz, harmadok szab\u00e1lya, artgerm, wlop, arney freytag, rossdraws, frank frazetta, andrei riabovitchev, hd, okt\u00e1n, 4 k,<\/li>\n\n\n\n<li class=\"\">gy\u00f6ny\u00f6r\u0171 n\u0151\uff0cnagy mellek, domme \u00farn\u0151, steampunk, f\u00e9l\u00e9nk mosolyg\u00f3, 4k, leny\u0171g\u00f6z\u0151 3d render ihlette m\u0171v\u00e9szet Prenz Cushart \u00e9s WLOP\uff0cMatt festm\u00e9ny, remekm\u0171 | Alphonse Mucha\uff0ctrending on artstation and pixiv\uff0cLittle detail<\/li>\n\n\n\n<li class=\"\">gy\u00f6ny\u00f6r\u0171 n\u0151, \u00e9jszaka, csillagokkal, bonyolult, eleg\u00e1ns, rendk\u00edv\u00fcl r\u00e9szletes, digit\u00e1lis festm\u00e9ny, artstation, koncept art, sima, \u00e9les f\u00f3kusz, illusztr\u00e1ci\u00f3, m\u0171v\u00e9szet ( ( ( ( ( artgerm )) ) \u00e9s greg rutkowski! \u00e9s ( ( ( ( alphonse mucha ) ) ), Frank frazetta \u00e9s boris vallejo hat\u00e1sa, kard.<\/li>\n<\/ul>\n\n\n\n<figure class=\"gb-block-image gb-block-image-032aac41\"><a href=\"https:\/\/fas.st\/t\/9U4PYbm7\" target=\"_blank\" rel=\"noopener noreferrer\"><img data-recalc-dims=\"1\" decoding=\"async\" loading=\"lazy\" width=\"1200\" height=\"365\" class=\"gb-image gb-image-032aac41\" src=\"https:\/\/i0.wp.com\/aiartfree.online\/wp-content\/uploads\/2025\/03\/WX20250307-115412%402x.webp?resize=1200%2C365&#038;ssl=1\" alt=\"\" title=\"WX20250307-115412@2x\" srcset=\"https:\/\/i0.wp.com\/aiartfree.online\/wp-content\/uploads\/2025\/03\/WX20250307-115412%402x.webp?w=1942&amp;ssl=1 1942w, https:\/\/i0.wp.com\/aiartfree.online\/wp-content\/uploads\/2025\/03\/WX20250307-115412%402x.webp?resize=300%2C91&amp;ssl=1 300w, https:\/\/i0.wp.com\/aiartfree.online\/wp-content\/uploads\/2025\/03\/WX20250307-115412%402x.webp?resize=1024%2C312&amp;ssl=1 1024w, https:\/\/i0.wp.com\/aiartfree.online\/wp-content\/uploads\/2025\/03\/WX20250307-115412%402x.webp?resize=768%2C234&amp;ssl=1 768w, https:\/\/i0.wp.com\/aiartfree.online\/wp-content\/uploads\/2025\/03\/WX20250307-115412%402x.webp?resize=1536%2C467&amp;ssl=1 1536w, https:\/\/i0.wp.com\/aiartfree.online\/wp-content\/uploads\/2025\/03\/WX20250307-115412%402x.webp?resize=18%2C5&amp;ssl=1 18w, https:\/\/i0.wp.com\/aiartfree.online\/wp-content\/uploads\/2025\/03\/WX20250307-115412%402x.webp?resize=600%2C183&amp;ssl=1 600w\" sizes=\"auto, (max-width: 1200px) 100vw, 1200px\" \/><\/a><\/figure>\n\n\n\n<p class=\"\"><em>* Az internet sebess\u00e9g\u00e9t\u0151l f\u00fcgg\u0151en a modell bet\u00f6lt\u00e9se n\u00e9h\u00e1ny m\u00e1sodpercet vehet ig\u00e9nybe.<br>* A folyamatos gener\u00e1l\u00e1s sor\u00e1n gyors\u00edt\u00f3t\u00e1raz\u00e1sra ker\u00fcl sor, \u00e9s az \u00faj k\u00e9p k\u00f6r\u00fclbel\u00fcl 3 m\u00e1sodperc m\u00falva jelenik meg.<\/em><\/p>\n\n\n\n<div class=\"iframe-wrapper\" style=\"position: relative; width: 100%; height: 1600px;\">\n  <div class=\"loading\" style=\"position: absolute; top: 50px; left: 50%; transform: translate(-50%, -50%); width: 40px; height: 40px; border: 3px solid #f0f0f0; border-top: 3px solid #db7093; border-radius: 50%; animation: spin 1s linear infinite;\"><\/div>\n  <iframe loading=\"lazy\" src=\"https:\/\/cagliostrolab-animagine-xl-3-1.hf.space\" frameborder=\"0\" width=\"100%\" height=\"100%\" style=\"position: absolute; top: 0; left: 0; opacity: 0; transition: opacity 0.3s;\" onload=\"this.style.opacity=1;this.previousElementSibling.style.display='none';\"><\/iframe>\n<\/div>\n\n<style>\n@keyframes spin {\n  0% { transform: translate(-50%, -50%) rotate(0deg); }\n  100% { transform: translate(-50%, -50%) rotate(360deg); }\n}\n<\/style>\n\n\n\n<div style=\"height:50px\" aria-hidden=\"true\" class=\"wp-block-spacer\"><\/div>\n\n\n\n<h2 class=\"wp-block-heading\">Az Anime AI Generator bevezet\u00e9se<\/h2>\n\n\n\n<p class=\"\">Az anime AI gener\u00e1torok forradalmas\u00edtj\u00e1k az anime st\u00edlus\u00fa m\u0171v\u00e9szet l\u00e9trehoz\u00e1s\u00e1nak m\u00f3dj\u00e1t a kifinomult mesters\u00e9ges intelligencia algoritmusok seg\u00edts\u00e9g\u00e9vel. Ezek az eszk\u00f6z\u00f6k k\u00e9pesek a f\u00e9nyk\u00e9peket anime k\u00e9pp\u00e9 alak\u00edtani, egyedi anime karaktereket gener\u00e1lni, \u00e9s m\u00e9g sok minden m\u00e1st. Ez a cikk elm\u00e9ly\u00fcl abban, hogy mik is azok az Anime AI gener\u00e1torok, milyen el\u0151nyeik vannak, \u00e9s hogyan lehet \u0151ket hat\u00e9konyan haszn\u00e1lni.<\/p>\n\n\n\n<figure class=\"wp-block-image size-large is-resized\"><img data-recalc-dims=\"1\" decoding=\"async\" width=\"1024\" height=\"829\"   loading=\"lazy\" src=\"https:\/\/i0.wp.com\/aiartfree.online\/wp-content\/uploads\/2024\/07\/WX120240719-122659%402x-1-1-1.jpg?resize=1024%2C829&#038;ssl=1\" alt=\"Anime AI gener\u00e1tor\" class=\"wp-image-2952\" style=\"width:630px;height:auto\" srcset=\"https:\/\/i0.wp.com\/aiartfree.online\/wp-content\/uploads\/2024\/07\/WX120240719-122659%402x-1-1-1.jpg?resize=1024%2C829&amp;ssl=1 1024w, https:\/\/i0.wp.com\/aiartfree.online\/wp-content\/uploads\/2024\/07\/WX120240719-122659%402x-1-1-1.jpg?resize=300%2C243&amp;ssl=1 300w, https:\/\/i0.wp.com\/aiartfree.online\/wp-content\/uploads\/2024\/07\/WX120240719-122659%402x-1-1-1.jpg?resize=768%2C622&amp;ssl=1 768w, https:\/\/i0.wp.com\/aiartfree.online\/wp-content\/uploads\/2024\/07\/WX120240719-122659%402x-1-1-1.jpg?resize=1536%2C1244&amp;ssl=1 1536w, https:\/\/i0.wp.com\/aiartfree.online\/wp-content\/uploads\/2024\/07\/WX120240719-122659%402x-1-1-1.jpg?resize=2048%2C1659&amp;ssl=1 2048w, https:\/\/i0.wp.com\/aiartfree.online\/wp-content\/uploads\/2024\/07\/WX120240719-122659%402x-1-1-1.jpg?resize=15%2C12&amp;ssl=1 15w, https:\/\/i0.wp.com\/aiartfree.online\/wp-content\/uploads\/2024\/07\/WX120240719-122659%402x-1-1-1.jpg?resize=600%2C486&amp;ssl=1 600w\" sizes=\"auto, (max-width: 1024px) 100vw, 1024px\" \/><\/figure>\n\n\n\n<h3 class=\"wp-block-heading\">Tartalomjegyz\u00e9k<\/h3>\n\n\n\n<ol class=\"wp-block-list\">\n<li class=\"\"><a href=\"#what-is-an-anime-ai-generator\">Mi az az Anime AI gener\u00e1tor?<\/a><\/li>\n\n\n\n<li class=\"\"><a href=\"#why-use-an-anime-ai-generator\">Mi\u00e9rt \u00e9rdemes egy Anime AI gener\u00e1tort haszn\u00e1lni?<\/a><\/li>\n\n\n\n<li class=\"\"><a href=\"#benefits-of-using-an-anime-ai-generator\">Az Anime AI gener\u00e1tor haszn\u00e1lat\u00e1nak el\u0151nyei<\/a><\/li>\n\n\n\n<li class=\"\"><a href=\"#when-to-use-an-anime-ai-generator\">Mikor haszn\u00e1ljunk Anime AI gener\u00e1tort<\/a><\/li>\n\n\n\n<li class=\"\"><a href=\"#who-should-use-an-anime-ai-generator\">Kinek \u00e9rdemes haszn\u00e1lni egy Anime AI gener\u00e1tort?<\/a><\/li>\n\n\n\n<li class=\"\"><a href=\"#anime-ai-generator-tools-and-information\">Anime AI gener\u00e1tor eszk\u00f6z\u00f6k \u00e9s inform\u00e1ci\u00f3k<\/a><\/li>\n\n\n\n<li class=\"\"><a href=\"#frequently-asked-questions\">Gyakran ism\u00e9telt k\u00e9rd\u00e9sek<\/a><\/li>\n\n\n\n<li class=\"\"><a href=\"#conclusion\">K\u00f6vetkeztet\u00e9s<\/a><\/li>\n<\/ol>\n\n\n\n<h3 class=\"wp-block-heading\">Mi az az Anime AI gener\u00e1tor?<\/h3>\n\n\n\n<p class=\"\">Az Anime AI Generator egy olyan eszk\u00f6z, amely fejlett AI-algoritmusokat haszn\u00e1l, hogy anime st\u00edlus\u00fa k\u00e9peket hozzon l\u00e9tre k\u00fcl\u00f6nb\u00f6z\u0151 bemeneti adatokb\u00f3l, p\u00e9ld\u00e1ul f\u00e9nyk\u00e9pekb\u0151l vagy sz\u00f6veges utas\u00edt\u00e1sokb\u00f3l. A g\u00e9pi tanul\u00e1si technik\u00e1k kihaszn\u00e1l\u00e1s\u00e1val ezek a gener\u00e1torok gyorsan \u00e9s hat\u00e9konyan k\u00e9pesek kiv\u00e1l\u00f3 min\u0151s\u00e9g\u0171, stiliz\u00e1lt anime-m\u0171v\u00e9szeti alkot\u00e1sokat l\u00e9trehozni.<\/p>\n\n\n\n<h3 class=\"wp-block-heading\">Mi\u00e9rt \u00e9rdemes egy Anime AI gener\u00e1tort haszn\u00e1lni?<\/h3>\n\n\n\n<p class=\"\">Az Anime AI gener\u00e1torok n\u00e9lk\u00fcl\u00f6zhetetlenek mindazok sz\u00e1m\u00e1ra, akik anime st\u00edlus\u00fa m\u0171alkot\u00e1sokat szeretn\u00e9nek l\u00e9trehozni an\u00e9lk\u00fcl, hogy fejlett m\u0171v\u00e9szi k\u00e9szs\u00e9gekre lenne sz\u00fcks\u00e9g\u00fck. Ezek az eszk\u00f6z\u00f6k haszn\u00e1lhat\u00f3k szem\u00e9lyes AI-projektekhez, AI-m\u0171v\u00e9szeti alkot\u00e1sok l\u00e9trehoz\u00e1s\u00e1hoz a k\u00f6z\u00f6ss\u00e9gi m\u00e9di\u00e1hoz, vagy ak\u00e1r professzion\u00e1lis c\u00e9lokra a j\u00e1t\u00e9ktervez\u00e9s \u00e9s az anim\u00e1ci\u00f3 ter\u00fclet\u00e9n.<\/p>\n\n\n\n<h3 class=\"wp-block-heading\">Az Anime AI gener\u00e1tor haszn\u00e1lat\u00e1nak el\u0151nyei<\/h3>\n\n\n\n<ul class=\"wp-block-list\">\n<li class=\"\"><strong>Hat\u00e9konys\u00e1g<\/strong>: Gyorsan k\u00e9sz\u00edt kiv\u00e1l\u00f3 min\u0151s\u00e9g\u0171 anime k\u00e9peket.<\/li>\n\n\n\n<li class=\"\"><strong>Kreativit\u00e1s<\/strong>: Lehet\u0151v\u00e9 teszi az egyedi \u00e9s szem\u00e9lyre szabott anime artot.<\/li>\n\n\n\n<li class=\"\"><strong>Hozz\u00e1f\u00e9rhet\u0151s\u00e9g<\/strong>: A nem m\u0171v\u00e9szek sz\u00e1m\u00e1ra is el\u00e9rhet\u0151v\u00e9 teszi az anime m\u0171v\u00e9szeti alkot\u00e1sokat.<\/li>\n\n\n\n<li class=\"\"><strong>K\u00f6lts\u00e9ghat\u00e9kony<\/strong>: Cs\u00f6kkenti a dr\u00e1ga m\u0171v\u00e9szeti szoftverek vagy m\u0171v\u00e9szek felb\u00e9rl\u00e9s\u00e9nek sz\u00fcks\u00e9gess\u00e9g\u00e9t.<\/li>\n\n\n\n<li class=\"\"><strong>Sokoldal\u00fas\u00e1g<\/strong>: K\u00fcl\u00f6nb\u00f6z\u0151 c\u00e9lokra haszn\u00e1lhat\u00f3, a szem\u00e9lyes projektekt\u0151l a professzion\u00e1lis felhaszn\u00e1l\u00e1sig.<\/li>\n<\/ul>\n\n\n\n<h3 class=\"wp-block-heading\">Mikor haszn\u00e1ljunk Anime AI gener\u00e1tort<\/h3>\n\n\n\n<p class=\"\">Az Anime AI gener\u00e1torok sz\u00e1mos esetben ide\u00e1lisak:<\/p>\n\n\n\n<ul class=\"wp-block-list\">\n<li class=\"\"><strong>Szem\u00e9lyes m\u0171v\u00e9szet l\u00e9trehoz\u00e1sa<\/strong>: Sz\u00f3rakoz\u00e1sb\u00f3l vagy hobbib\u00f3l.<\/li>\n\n\n\n<li class=\"\"><strong>K\u00f6z\u00f6ss\u00e9gi m\u00e9dia tartalom<\/strong>: Egyedi tartalmak l\u00e9trehoz\u00e1sa a k\u00f6z\u00f6ss\u00e9gi m\u00e9dia platformok sz\u00e1m\u00e1ra.<\/li>\n\n\n\n<li class=\"\"><strong>J\u00e1t\u00e9ktervez\u00e9s<\/strong>: Karakterek \u00e9s jelenetek l\u00e9trehoz\u00e1sa videoj\u00e1t\u00e9kokhoz.<\/li>\n\n\n\n<li class=\"\"><strong>Anim\u00e1ci\u00f3s projektek<\/strong>: Anim\u00e1ci\u00f3s projektek elemeinek el\u0151\u00e1ll\u00edt\u00e1sa.<\/li>\n\n\n\n<li class=\"\"><strong>Marketing<\/strong>: Prom\u00f3ci\u00f3s anyagok \u00e9s vonz\u00f3 vizu\u00e1lis anyagok k\u00e9sz\u00edt\u00e9se.<\/li>\n<\/ul>\n\n\n\n<h3 class=\"wp-block-heading\">Kinek kellene haszn\u00e1lnia?<\/h3>\n\n\n\n<p class=\"\">Alkalmas:<\/p>\n\n\n\n<ul class=\"wp-block-list\">\n<li class=\"\"><strong>M\u0171v\u00e9szek<\/strong>: B\u0151v\u00edteni szeretn\u00e9k eszk\u00f6zt\u00e1rukat.<\/li>\n\n\n\n<li class=\"\"><strong>Nem m\u0171v\u00e9szek<\/strong>: Szeretne anime m\u0171v\u00e9szetet alkotni sz\u00e9lesk\u00f6r\u0171 k\u00e9pz\u00e9s n\u00e9lk\u00fcl.<\/li>\n\n\n\n<li class=\"\"><strong>J\u00e1t\u00e9kfejleszt\u0151k<\/strong>: Sz\u00fcks\u00e9g van eszk\u00f6z\u00f6kre a j\u00e1t\u00e9kokhoz.<\/li>\n\n\n\n<li class=\"\"><strong>Tartalomk\u00e9sz\u00edt\u0151k<\/strong>: Mag\u00e1val ragad\u00f3 vizu\u00e1lis elemeket keresnek a platformjaikhoz.<\/li>\n\n\n\n<li class=\"\"><strong>Marketing szakemberek<\/strong>: Vonz\u00f3 prom\u00f3ci\u00f3s tartalmak k\u00e9sz\u00edt\u00e9se.<\/li>\n<\/ul>\n\n\n\n<h3 class=\"wp-block-heading\">Anime AI gener\u00e1tor eszk\u00f6z\u00f6k \u00e9s inform\u00e1ci\u00f3k<\/h3>\n\n\n\n<p class=\"\">Az al\u00e1bbi t\u00e1bl\u00e1zatban \u00f6sszefoglaljuk a legjobb Anime AI Generator eszk\u00f6z\u00f6ket, azok el\u0151nyeit, h\u00e1tr\u00e1nyait \u00e9s m\u00e9g sok m\u00e1st:<\/p>\n\n\n\n<figure class=\"wp-block-table\"><table class=\"has-fixed-layout\"><thead><tr><th>Eszk\u00f6z\/Weboldal<\/th><th>El\u0151ny\u00f6k<\/th><th>H\u00e1tr\u00e1nyok<\/th><th>El\u0151ny\u00f6k<\/th><th>Kih\u00edv\u00e1sok<\/th><th>Aj\u00e1nl\u00e1sok<\/th><\/tr><\/thead><tbody><tr><td><a href=\"https:\/\/aiartfree.online\/hu\/anime-ai-generator\/\" target=\"_blank\" rel=\"noreferrer noopener\">AIArtFree<\/a><\/td><td>Ingyenes, k\u00f6nnyen haszn\u00e1lhat\u00f3<\/td><td>Korl\u00e1tozott funkci\u00f3k<\/td><td>Nagyszer\u0171 kezd\u0151knek<\/td><td>Internetet ig\u00e9nyel<\/td><td>A legjobb gyors projektekhez<\/td><\/tr><tr><td><a href=\"https:\/\/deepart.io\" rel=\"nofollow noopener\" target=\"_blank\">DeepArt<\/a><\/td><td>Kiv\u00e1l\u00f3 min\u0151s\u00e9g\u0171 kimenet<\/td><td>El\u0151fizet\u00e9s sz\u00fcks\u00e9ges<\/td><td>Professzion\u00e1lis eredm\u00e9nyek<\/td><td>Dr\u00e1ga<\/td><td>A legjobb komoly projektekhez<\/td><\/tr><tr><td><a href=\"https:\/\/artbreeder.com\" rel=\"nofollow noopener\" target=\"_blank\">Artbreeder<\/a><\/td><td>Egy\u00fcttm\u0171k\u00f6d\u0151, sokoldal\u00fa<\/td><td>Tanul\u00e1si g\u00f6rbe<\/td><td>Kreat\u00edv rugalmass\u00e1g<\/td><td>Komplex interf\u00e9sz<\/td><td>A legjobb kollaborat\u00edv m\u0171v\u00e9szethez<\/td><\/tr><tr><td><a href=\"https:\/\/toonme.com\" rel=\"nofollow noopener\" target=\"_blank\">ToonMe<\/a><\/td><td>Egyszer\u0171, sz\u00f3rakoztat\u00f3<\/td><td>Hirdet\u00e9sek az ingyenes verzi\u00f3ban<\/td><td>Nagyszer\u0171 a k\u00f6z\u00f6ss\u00e9gi m\u00e9di\u00e1ban<\/td><td>Korl\u00e1tozott st\u00edlusok<\/td><td>Legjobb alkalmi haszn\u00e1latra<\/td><\/tr><tr><td><a href=\"https:\/\/nudeai.beauty\/en\/nude-anime\/\" data-type=\"link\" data-id=\"https:\/\/nudeai.beauty\/en\/nude-anime\/\" target=\"_blank\" rel=\"noreferrer noopener\">Anime Labs<\/a><\/td><td>Testreszabhat\u00f3 karakterek<\/td><td>Korl\u00e1tozott anime l\u00e1nyok<\/td><td>Rendk\u00edv\u00fcl r\u00e9szletes<\/td><td>Niche f\u00f3kusz<\/td><td>A legjobb a karakteralkot\u00e1shoz<\/td><\/tr><tr><td><a>PaintsChainer<\/a><\/td><td>Ingyenes, sokoldal\u00fa<\/td><td>Jap\u00e1n interf\u00e9sz<\/td><td>Automatikus sz\u00ednez\u00e9s<\/td><td>Nyelvi akad\u00e1lyok<\/td><td>A legjobb automatikus sz\u00ednez\u00e9shez<\/td><\/tr><tr><td><a href=\"https:\/\/crypko.ai\" rel=\"nofollow noopener\" target=\"_blank\">Crypko<\/a><\/td><td>Profi anime arcok<\/td><td>Tokeneket ig\u00e9nyel<\/td><td>R\u00e9szletes eredm\u00e9nyek<\/td><td>Token rendszer<\/td><td>A legjobb az arcvon\u00e1sokhoz<\/td><\/tr><tr><td><a href=\"https:\/\/pixiv.net\" rel=\"nofollow noopener\" target=\"_blank\">Pixiv<\/a><\/td><td>Nagy k\u00f6z\u00f6ss\u00e9g<\/td><td>Tags\u00e1g sz\u00fcks\u00e9ges<\/td><td>Kiterjedt forr\u00e1sok<\/td><td>Els\u00f6pr\u0151<\/td><td>A legjobb k\u00f6z\u00f6ss\u00e9gi m\u0171v\u00e9szethez<\/td><\/tr><tr><td><a href=\"https:\/\/www.thiswaifudoesnotexist.net\" rel=\"nofollow noopener\" target=\"_blank\">Ez a Waifu nem l\u00e9tezik<\/a><\/td><td>Egyedi waifus<\/td><td>Korl\u00e1tozott testreszabhat\u00f3s\u00e1g<\/td><td>V\u00e9gtelen v\u00e1ltozatoss\u00e1g<\/td><td>Konkr\u00e9t f\u00f3kusz<\/td><td>A legjobb az egyedi arcokhoz<\/td><\/tr><tr><td><a href=\"https:\/\/gansketch.com\" rel=\"nofollow noopener\" target=\"_blank\">GanSketch<\/a><\/td><td>Val\u00f3s idej\u0171 gener\u00e1l\u00e1s<\/td><td>B\u00e9ta verzi\u00f3<\/td><td>Gyors eredm\u00e9nyek<\/td><td>Fejleszt\u00e9si szakasz<\/td><td>A legjobb k\u00eds\u00e9rletez\u00e9shez<\/td><\/tr><\/tbody><\/table><\/figure>\n\n\n\n<p class=\"\"><strong>Legjobb eszk\u00f6z: <a href=\"https:\/\/aiartfree.online\/hu\/anime-ai-generator\/\">AIArtFree<\/a><\/strong><\/p>\n\n\n\n<h3 class=\"wp-block-heading\">Gyakran ism\u00e9telt k\u00e9rd\u00e9sek<\/h3>\n\n\n\n<p class=\"\"><strong>K: Mi a legjobb Anime AI gener\u00e1tor kezd\u0151knek?<\/strong> V: Az AIArtFree a kezd\u0151knek aj\u00e1nlott, mivel k\u00f6nnyen haszn\u00e1lhat\u00f3 \u00e9s ingyenes.<\/p>\n\n\n\n<p class=\"\"><strong>K: Haszn\u00e1lhatom az Anime AI gener\u00e1tort kereskedelmi c\u00e9lokra?<\/strong> V: Igen, sok Anime AI gener\u00e1tor haszn\u00e1lhat\u00f3 kereskedelmi projektekhez, de fontos, hogy ellen\u0151rizze az egyes eszk\u00f6z\u00f6kre vonatkoz\u00f3 speci\u00e1lis szolg\u00e1ltat\u00e1si felt\u00e9teleket.<\/p>\n\n\n\n<p class=\"\"><strong>K: Hogyan m\u0171k\u00f6dnek az anime AI gener\u00e1torok?<\/strong> V: Nagy mennyis\u00e9g\u0171 anime m\u0171v\u00e9szeti adathalmazon k\u00e9pzett g\u00e9pi tanul\u00e1si algoritmusokat haszn\u00e1lnak, hogy a felhaszn\u00e1l\u00f3 \u00e1ltal megadott adatok alapj\u00e1n \u00faj k\u00e9peket gener\u00e1ljanak.<\/p>\n\n\n\n<p class=\"\"><strong>K: Az Anime AI gener\u00e1torok ingyenesen haszn\u00e1lhat\u00f3k?<\/strong> V: Egyes eszk\u00f6z\u00f6k ingyenesek, mint p\u00e9ld\u00e1ul az AIArtFree, m\u00edg m\u00e1sok el\u0151fizet\u00e9st vagy v\u00e1s\u00e1rl\u00e1st ig\u00e9nyelnek.<\/p>\n\n\n\n<p class=\"\"><strong>K: Milyen t\u00edpus\u00fa bemeneteket haszn\u00e1lhatok az Anime AI gener\u00e1torral?<\/strong> V: A gyakori beviteli eszk\u00f6z\u00f6k k\u00f6z\u00e9 tartoznak a f\u00e9nyk\u00e9pek, v\u00e1zlatok \u00e9s sz\u00f6veges utas\u00edt\u00e1sok.<\/p>\n\n\n\n<p class=\"\"><strong>K: Testreszabhatom a gener\u00e1lt anime k\u00e9peket?<\/strong> V: Igen, a legt\u00f6bb gener\u00e1tor testreszab\u00e1si lehet\u0151s\u00e9geket k\u00edn\u00e1l a gener\u00e1lt m\u0171v\u00e9szet st\u00edlus\u00e1nak \u00e9s jellemz\u0151inek finomhangol\u00e1s\u00e1hoz.<\/p>\n\n\n\n<p class=\"\"><strong>K: Mi a k\u00fcl\u00f6nbs\u00e9g egy AI k\u00e9pgener\u00e1tor \u00e9s egy Anime AI gener\u00e1tor k\u00f6z\u00f6tt?<\/strong> V: Az Anime AI gener\u00e1tort kifejezetten anime st\u00edlus\u00fa k\u00e9pek l\u00e9trehoz\u00e1s\u00e1ra tervezt\u00e9k, m\u00edg egy \u00e1ltal\u00e1nos AI k\u00e9pgener\u00e1tor k\u00fcl\u00f6nb\u00f6z\u0151 st\u00edlusokat k\u00e9pes l\u00e9trehozni.<\/p>\n\n\n\n<p class=\"\"><strong>K: Sz\u00fcks\u00e9gem van valamilyen k\u00fcl\u00f6nleges k\u00e9pess\u00e9gre az Anime AI gener\u00e1tor haszn\u00e1lat\u00e1hoz?<\/strong> V: Nem, ezeket az eszk\u00f6z\u00f6ket \u00fagy tervezt\u00e9k, hogy felhaszn\u00e1l\u00f3bar\u00e1tok \u00e9s mindenki sz\u00e1m\u00e1ra el\u00e9rhet\u0151ek legyenek.<\/p>\n\n\n\n<p class=\"\"><strong>K: Mennyi id\u0151be telik egy anime k\u00e9p elk\u00e9sz\u00edt\u00e9se?<\/strong> V: A gener\u00e1l\u00e1si id\u0151 eszk\u00f6z\u00f6nk\u00e9nt v\u00e1ltozik, de \u00e1ltal\u00e1ban n\u00e9h\u00e1ny m\u00e1sodperct\u0151l n\u00e9h\u00e1ny percig terjed.<\/p>\n\n\n\n<p class=\"\"><strong>K: Gener\u00e1lhatok anime karaktereket a j\u00e1t\u00e9komhoz az Anime AI Generator seg\u00edts\u00e9g\u00e9vel?<\/strong> V: Igen, ezek az eszk\u00f6z\u00f6k kiv\u00e1l\u00f3an alkalmasak karakterek \u00e9s egy\u00e9b eszk\u00f6z\u00f6k l\u00e9trehoz\u00e1s\u00e1ra videoj\u00e1t\u00e9kokhoz.<\/p>\n\n\n\n<h3 class=\"wp-block-heading\">K\u00f6vetkeztet\u00e9s<\/h3>\n\n\n\n<p class=\"\">Az Anime AI gener\u00e1torok hat\u00e9kony eszk\u00f6z\u00f6k az anime st\u00edlus\u00fa m\u0171v\u00e9szet k\u00f6nnyed l\u00e9trehoz\u00e1s\u00e1hoz. Ak\u00e1r hivat\u00e1sos m\u0171v\u00e9sz vagy, ak\u00e1r hobbi m\u0171v\u00e9sz vagy, ezek a gener\u00e1torok seg\u00edthetnek \u00e9letre kelteni kreat\u00edv elk\u00e9pzel\u00e9seidet. A legjobb \u00e9lm\u00e9ny \u00e9rdek\u00e9ben pr\u00f3b\u00e1lja ki az al\u00e1bbiakat haszn\u00e1lni <a href=\"https:\/\/aiartfree.online\/hu\/anime-ai-generator\/\">AIArtFree<\/a> hogy felfedezze az AI \u00e1ltal gener\u00e1lt anime m\u0171v\u00e9szet vil\u00e1g\u00e1t.<\/p>","protected":false},"excerpt":{"rendered":"<p>Before vs After How to use Anime AI Generator Prompt Examples *&nbsp;Depending on your internet speed, loading the model may take a few seconds.* There will be caching during continuous generation, and the new image will appear after about 3 seconds. Introduction of Anime AI Generator Anime AI Generators are revolutionizing the way we create &#8230; <a title=\"Anime AI gener\u00e1tor\" class=\"read-more\" href=\"https:\/\/aiartfree.online\/hu\/anime-ai-generator\/\" aria-label=\"Read more about Anime AI Generator\">Olvass tov\u00e1bb<\/a><\/p>","protected":false},"author":1,"featured_media":0,"parent":0,"menu_order":0,"comment_status":"open","ping_status":"closed","template":"","meta":{"nf_dc_page":"","footnotes":""},"class_list":["post-2876","page","type-page","status-publish"],"jetpack_sharing_enabled":true,"_links":{"self":[{"href":"https:\/\/aiartfree.online\/hu\/wp-json\/wp\/v2\/pages\/2876","targetHints":{"allow":["GET"]}}],"collection":[{"href":"https:\/\/aiartfree.online\/hu\/wp-json\/wp\/v2\/pages"}],"about":[{"href":"https:\/\/aiartfree.online\/hu\/wp-json\/wp\/v2\/types\/page"}],"author":[{"embeddable":true,"href":"https:\/\/aiartfree.online\/hu\/wp-json\/wp\/v2\/users\/1"}],"replies":[{"embeddable":true,"href":"https:\/\/aiartfree.online\/hu\/wp-json\/wp\/v2\/comments?post=2876"}],"version-history":[{"count":1,"href":"https:\/\/aiartfree.online\/hu\/wp-json\/wp\/v2\/pages\/2876\/revisions"}],"predecessor-version":[{"id":3595,"href":"https:\/\/aiartfree.online\/hu\/wp-json\/wp\/v2\/pages\/2876\/revisions\/3595"}],"wp:attachment":[{"href":"https:\/\/aiartfree.online\/hu\/wp-json\/wp\/v2\/media?parent=2876"}],"curies":[{"name":"wp","href":"https:\/\/api.w.org\/{rel}","templated":true}]}}