{"id":2853,"date":"2024-07-17T13:47:43","date_gmt":"2024-07-17T13:47:43","guid":{"rendered":"https:\/\/aiartfree.online\/?page_id=2853"},"modified":"2024-07-20T09:39:23","modified_gmt":"2024-07-20T09:39:23","slug":"free-pixar-ai-generator","status":"publish","type":"page","link":"https:\/\/aiartfree.online\/hu\/ingyenes-pixar-ai-generator\/","title":{"rendered":"Ingyenes Pixar AI gener\u00e1tor"},"content":{"rendered":"<h2 class=\"wp-block-heading\">Az ingyenes Pixar AI gener\u00e1tor haszn\u00e1lata<\/h2>\n\n\n\n<ol class=\"wp-block-list\">\n<li class=\"\">Adja meg az utas\u00edt\u00e1sokat<\/li>\n\n\n\n<li class=\"\">Kattintson a \"Futtat\u00e1s\" gombra<\/li>\n\n\n\n<li class=\"\">V\u00e1rj, ez az!<\/li>\n<\/ol>\n\n\n\n<p class=\"\"><em>* Az internet sebess\u00e9g\u00e9t\u0151l f\u00fcgg\u0151en a modell bet\u00f6lt\u00e9se n\u00e9h\u00e1ny m\u00e1sodpercet vehet ig\u00e9nybe.<br>* A folyamatos gener\u00e1l\u00e1s sor\u00e1n gyors\u00edt\u00f3t\u00e1raz\u00e1sra ker\u00fcl sor, \u00e9s az \u00faj k\u00e9p k\u00f6r\u00fclbel\u00fcl 3 m\u00e1sodperc m\u00falva jelenik meg.<\/em><\/p>\n\n\n\n<h3 class=\"wp-block-heading\">P\u00e9lda bemenet<\/h3>\n\n\n\n<ul class=\"wp-block-list\">\n<li class=\"\">Fiatal f\u00e9rfi vil\u00e1gosbarna hull\u00e1mos hajjal \u00e9s vil\u00e1gosbarna szemekkel, aki egy fotelben \u00fcl \u00e9s k\u00f6zvetlen\u00fcl a kamer\u00e1ba n\u00e9z, pixar st\u00edlus, disney pixar, irodai h\u00e1tt\u00e9r, ultra r\u00e9szletes, 1 f\u00e9rfi<\/li>\n\n\n\n<li class=\"\">Rajzfilm 3D napos f\u00e9nyes Pixar-st\u00edlus\u00fa k\u00e9p : szuperh\u0151s : teljes jelmez : filmszer\u0171 -ar 68:128 -stylize 750 -v 5.2<\/li>\n\n\n\n<li class=\"\">3d k\u00e9p, aranyos l\u00e1ny, a st\u00edlus Pixar, -ar 1:2 ,-stylize 750.<\/li>\n<\/ul>\n\n\n\n<div style=\"text-align: center; border: 2px solid; border-image-source: linear-gradient(to right, #16b86c, #912899); border-image-slice: 1; box-shadow: 0 0 10px rgba(0, 0, 0, 0.1); border-radius: 15px;\">\n  <iframe loading=\"lazy\"\n    src=\"https:\/\/ucanbaklava-stablediffusionapi-disney-pixar-cartoon.hf.space\"\n    frameborder=\"0\"\n    width=\"800\"\n    height=\"500\"\n    style=\"display: inline-block; margin: 0 auto;\"\n  ><\/iframe>\n<\/div>\n\n\n\n<div style=\"height:50px\" aria-hidden=\"true\" class=\"wp-block-spacer\"><\/div>\n\n\n\n<h2 class=\"wp-block-heading\" id=\"introduction-of-free-online-pixar-ai-generator\"><strong>Az ingyenes Pixar AI gener\u00e1tor bevezet\u00e9se<\/strong><\/h2>\n\n\n\n<figure class=\"wp-block-image size-full is-resized\"><img data-recalc-dims=\"1\" decoding=\"async\" width=\"938\" height=\"626\"   loading=\"lazy\" src=\"https:\/\/i0.wp.com\/aiartfree.online\/wp-content\/uploads\/2024\/07\/WX20240717-174206%402x.jpg?resize=938%2C626&#038;ssl=1\" alt=\"Ingyenes online Pixar AI gener\u00e1tor\" class=\"wp-image-2852\" style=\"width:530px;height:auto\" srcset=\"https:\/\/i0.wp.com\/aiartfree.online\/wp-content\/uploads\/2024\/07\/WX20240717-174206%402x.jpg?w=938&amp;ssl=1 938w, https:\/\/i0.wp.com\/aiartfree.online\/wp-content\/uploads\/2024\/07\/WX20240717-174206%402x.jpg?resize=300%2C200&amp;ssl=1 300w, https:\/\/i0.wp.com\/aiartfree.online\/wp-content\/uploads\/2024\/07\/WX20240717-174206%402x.jpg?resize=768%2C513&amp;ssl=1 768w, https:\/\/i0.wp.com\/aiartfree.online\/wp-content\/uploads\/2024\/07\/WX20240717-174206%402x.jpg?resize=18%2C12&amp;ssl=1 18w, https:\/\/i0.wp.com\/aiartfree.online\/wp-content\/uploads\/2024\/07\/WX20240717-174206%402x.jpg?resize=600%2C400&amp;ssl=1 600w\" sizes=\"auto, (max-width: 938px) 100vw, 938px\" \/><\/figure>\n\n\n\n<h3 class=\"wp-block-heading\" id=\"what-is-a-free-online-pixar-ai-generator\"><a href=\"https:\/\/dromerosm-groq-llama3.hf.space\/#what-is-a-free-online-pixar-ai-generator\" target=\"_blank\" rel=\"noopener\"><\/a><strong>Mi az az ingyenes Pixar AI gener\u00e1tor?<\/strong><\/h3>\n\n\n\n<p class=\"\">Az ingyenes online Pixar AI Generator egy olyan eszk\u00f6z, amely lehet\u0151v\u00e9 teszi a felhaszn\u00e1l\u00f3k sz\u00e1m\u00e1ra, hogy a mesters\u00e9ges intelligencia (AI) seg\u00edts\u00e9g\u00e9vel Pixar-st\u00edlus\u00fa m\u0171alkot\u00e1sokat hozzanak l\u00e9tre, mindenf\u00e9le p\u00e9nz\u00fcgyi k\u00f6lts\u00e9g n\u00e9lk\u00fcl. Ez az innovat\u00edv technol\u00f3gia g\u00e9pi tanul\u00e1si algoritmusokat haszn\u00e1l, hogy a Pixar szeretett filmjeire eml\u00e9keztet\u0151 leny\u0171g\u00f6z\u0151 anim\u00e1ci\u00f3kat \u00e9s k\u00e9peket hozzon l\u00e9tre.<\/p>\n\n\n\n<p class=\"\"><strong>Tartalomjegyz\u00e9k<\/strong><\/p>\n\n\n\n<ol class=\"wp-block-list\">\n<li class=\"\"><a href=\"https:\/\/dromerosm-groq-llama3.hf.space\/#what-is-a-free-online-pixar-ai-generator\" target=\"_blank\" rel=\"noopener\">Mi az az ingyenes online Pixar AI gener\u00e1tor?<\/a><\/li>\n\n\n\n<li class=\"\"><a href=\"https:\/\/dromerosm-groq-llama3.hf.space\/#why-use-a-free-online-pixar-ai-generator\" target=\"_blank\" rel=\"noopener\">Mi\u00e9rt \u00e9rdemes ingyenes online Pixar AI gener\u00e1tort haszn\u00e1lni?<\/a><\/li>\n\n\n\n<li class=\"\"><a href=\"https:\/\/dromerosm-groq-llama3.hf.space\/#benefits-of-using-a-free-online-pixar-ai-generator\" target=\"_blank\" rel=\"noopener\">Az ingyenes online Pixar AI gener\u00e1tor haszn\u00e1lat\u00e1nak el\u0151nyei<\/a><\/li>\n\n\n\n<li class=\"\"><a href=\"https:\/\/dromerosm-groq-llama3.hf.space\/#when-to-use-a-free-online-pixar-ai-generator\" target=\"_blank\" rel=\"noopener\">Mikor haszn\u00e1ljunk ingyenes online Pixar AI gener\u00e1tort?<\/a><\/li>\n\n\n\n<li class=\"\"><a href=\"https:\/\/dromerosm-groq-llama3.hf.space\/#who-can-benefit-from-a-free-online-pixar-ai-generator\" target=\"_blank\" rel=\"noopener\">Kinek lehet haszn\u00e1ra az ingyenes online Pixar AI gener\u00e1tor?<\/a><\/li>\n\n\n\n<li class=\"\"><a href=\"https:\/\/dromerosm-groq-llama3.hf.space\/#related-information-and-tools\" target=\"_blank\" rel=\"noopener\">Kapcsol\u00f3d\u00f3 inform\u00e1ci\u00f3k \u00e9s eszk\u00f6z\u00f6k<\/a><\/li>\n\n\n\n<li class=\"\"><a href=\"https:\/\/dromerosm-groq-llama3.hf.space\/#faqs\" target=\"_blank\" rel=\"noopener\">GYIK<\/a><\/li>\n<\/ol>\n\n\n\n<h3 class=\"wp-block-heading\" id=\"why-use-a-free-online-pixar-ai-generator\"><a href=\"https:\/\/dromerosm-groq-llama3.hf.space\/#why-use-a-free-online-pixar-ai-generator\" target=\"_blank\" rel=\"noopener\"><\/a><strong>Mi\u00e9rt haszn\u00e1ljunk ingyenes Pixar AI gener\u00e1tort?<\/strong><\/h3>\n\n\n\n<p class=\"\">Mivel a k\u00fcl\u00f6nb\u00f6z\u0151 ipar\u00e1gakban egyre nagyobb ig\u00e9ny mutatkozik a kiv\u00e1l\u00f3 min\u0151s\u00e9g\u0171 vizu\u00e1lis anyagok ir\u00e1nt, az ingyenes online Pixar AI gener\u00e1tor megv\u00e1ltoztathatja a j\u00e1t\u00e9kmenetet. Ez az eszk\u00f6z lehet\u0151v\u00e9 teszi az egy\u00e9nek sz\u00e1m\u00e1ra, hogy leny\u0171g\u00f6z\u0151 anim\u00e1ci\u00f3kat \u00e9s k\u00e9peket hozzanak l\u00e9tre an\u00e9lk\u00fcl, hogy sz\u00e9lesk\u00f6r\u0171 grafikai tervez\u00e9si tapasztalatra lenne sz\u00fcks\u00e9g\u00fck. Emellett id\u0151t \u00e9s er\u0151forr\u00e1sokat takar\u00edt meg, \u00edgy vonz\u00f3 lehet\u0151s\u00e9g az elfoglalt szakemberek \u00e9s v\u00e1llalkoz\u00f3k sz\u00e1m\u00e1ra.<\/p>\n\n\n\n<h3 class=\"wp-block-heading\" id=\"benefits-of-using-a-free-online-pixar-ai-generator\"><a href=\"https:\/\/dromerosm-groq-llama3.hf.space\/#benefits-of-using-a-free-online-pixar-ai-generator\" target=\"_blank\" rel=\"noopener\"><\/a><strong>Az ingyenes Pixar AI gener\u00e1tor haszn\u00e1lat\u00e1nak el\u0151nyei<\/strong><\/h3>\n\n\n\n<p class=\"\">Az ingyenes online Pixar AI gener\u00e1tor haszn\u00e1lat\u00e1nak n\u00e9h\u00e1ny el\u0151nye:<\/p>\n\n\n\n<ul class=\"wp-block-list\">\n<li class=\"\"><strong>K\u00f6lts\u00e9ghat\u00e9kony<\/strong>: Nem kell p\u00e9nzt k\u00f6lteni dr\u00e1ga grafikai szoftverekre vagy profi tervez\u0151t felb\u00e9relni.<\/li>\n\n\n\n<li class=\"\"><strong>Id\u0151megtakar\u00edt\u00e1s<\/strong>: Gyorsan, minim\u00e1lis er\u0151fesz\u00edt\u00e9ssel kiv\u00e1l\u00f3 min\u0151s\u00e9g\u0171 vizu\u00e1lis anyagokat k\u00e9sz\u00edthet.<\/li>\n\n\n\n<li class=\"\"><strong>Hozz\u00e1f\u00e9rhet\u0151s\u00e9g<\/strong>: Az eszk\u00f6z haszn\u00e1lat\u00e1hoz nincs sz\u00fcks\u00e9g el\u0151zetes grafikai tervez\u00e9si tapasztalatra.<\/li>\n\n\n\n<li class=\"\"><strong>Rugalmass\u00e1g<\/strong>: K\u00fcl\u00f6nb\u00f6z\u0151 c\u00e9lokra haszn\u00e1lhat\u00f3, p\u00e9ld\u00e1ul a k\u00f6z\u00f6ss\u00e9gi m\u00e9di\u00e1ban, rekl\u00e1moz\u00e1sra \u00e9s oktat\u00e1sra.<\/li>\n<\/ul>\n\n\n\n<h3 class=\"wp-block-heading\" id=\"when-to-use-a-free-online-pixar-ai-generator\"><a href=\"https:\/\/dromerosm-groq-llama3.hf.space\/#when-to-use-a-free-online-pixar-ai-generator\" target=\"_blank\" rel=\"noopener\"><\/a><strong>Mikor haszn\u00e1ljunk ingyenes Pixar AI gener\u00e1tort<\/strong><\/h3>\n\n\n\n<p class=\"\">Az ingyenes online Pixar AI gener\u00e1tor k\u00fcl\u00f6nb\u00f6z\u0151 forgat\u00f3k\u00f6nyvekben haszn\u00e1lhat\u00f3, t\u00f6bbek k\u00f6z\u00f6tt:<\/p>\n\n\n\n<ul class=\"wp-block-list\">\n<li class=\"\"><strong>K\u00f6z\u00f6ss\u00e9gi m\u00e9dia marketing<\/strong>: Megragad\u00f3 vizu\u00e1lis anyagok k\u00e9sz\u00edt\u00e9se a k\u00f6z\u00f6ss\u00e9gi m\u00e9dia kamp\u00e1nyokhoz.<\/li>\n\n\n\n<li class=\"\"><strong>Rekl\u00e1m<\/strong>: Szemet gy\u00f6ny\u00f6rk\u00f6dtet\u0151 hirdet\u00e9sek kidolgoz\u00e1sa online \u00e9s offline prom\u00f3ci\u00f3khoz.<\/li>\n\n\n\n<li class=\"\"><strong>Oktat\u00e1s<\/strong>: Haszn\u00e1lja az eszk\u00f6zt oktat\u00e1si anyagok, p\u00e9ld\u00e1ul vide\u00f3k \u00e9s infografik\u00e1k k\u00e9sz\u00edt\u00e9s\u00e9hez.<\/li>\n\n\n\n<li class=\"\"><strong>Tartalom l\u00e9trehoz\u00e1sa<\/strong>: Vizu\u00e1lis anyagok k\u00e9sz\u00edt\u00e9se blogbejegyz\u00e9sekhez, vide\u00f3khoz \u00e9s egy\u00e9b online tartalmakhoz.<\/li>\n<\/ul>\n\n\n\n<h3 class=\"wp-block-heading\" id=\"who-can-benefit-from-a-free-online-pixar-ai-generator\"><a href=\"https:\/\/dromerosm-groq-llama3.hf.space\/#who-can-benefit-from-a-free-online-pixar-ai-generator\" target=\"_blank\" rel=\"noopener\"><\/a><strong>Ki profit\u00e1lhat az ingyenes Pixar AI gener\u00e1torb\u00f3l?<\/strong><\/h3>\n\n\n\n<p class=\"\">A k\u00fcl\u00f6nb\u00f6z\u0151 ipar\u00e1gak \u00e9s szakm\u00e1k k\u00e9pvisel\u0151i profit\u00e1lhatnak az ingyenes online Pixar AI gener\u00e1tor haszn\u00e1lat\u00e1b\u00f3l, t\u00f6bbek k\u00f6z\u00f6tt:<\/p>\n\n\n\n<ul class=\"wp-block-list\">\n<li class=\"\"><strong>Piacosok<\/strong>: Megragad\u00f3 vizu\u00e1lis anyagok k\u00e9sz\u00edt\u00e9se a k\u00f6z\u00f6ss\u00e9gi m\u00e9di\u00e1hoz \u00e9s a rekl\u00e1mkamp\u00e1nyokhoz.<\/li>\n\n\n\n<li class=\"\"><strong>Pedag\u00f3gusok<\/strong>: Interakt\u00edv \u00e9s vonz\u00f3 oktat\u00e1si anyagok kidolgoz\u00e1sa.<\/li>\n\n\n\n<li class=\"\"><strong>Tartalomk\u00e9sz\u00edt\u0151k<\/strong>: Kiv\u00e1l\u00f3 min\u0151s\u00e9g\u0171 vizu\u00e1lis anyagok k\u00e9sz\u00edt\u00e9se blogbejegyz\u00e9sekhez, vide\u00f3khoz \u00e9s egy\u00e9b online tartalmakhoz.<\/li>\n\n\n\n<li class=\"\"><strong>V\u00e1llalkoz\u00f3k<\/strong>: Haszn\u00e1lja az eszk\u00f6zt, hogy leny\u0171g\u00f6z\u0151 l\u00e1tv\u00e1nyterveket k\u00e9sz\u00edtsen \u00fczleti prom\u00f3ci\u00f3khoz \u00e9s rekl\u00e1mokhoz.<\/li>\n<\/ul>\n\n\n\n<h3 class=\"wp-block-heading\" id=\"related-information-and-tools\"><a href=\"https:\/\/dromerosm-groq-llama3.hf.space\/#related-information-and-tools\" target=\"_blank\" rel=\"noopener\"><\/a><strong>Kapcsol\u00f3d\u00f3 inform\u00e1ci\u00f3k \u00e9s eszk\u00f6z\u00f6k<\/strong><\/h3>\n\n\n\n<p class=\"\">Az al\u00e1bbi 10 weboldal az Ingyenes online Pixar AI gener\u00e1torokkal kapcsolatos inform\u00e1ci\u00f3kat \u00e9s eszk\u00f6z\u00f6ket k\u00edn\u00e1l:<\/p>\n\n\n\n<figure class=\"wp-block-table\"><table class=\"has-fixed-layout\"><thead><tr><th>Honlap<\/th><th>Le\u00edr\u00e1s<\/th><\/tr><\/thead><tbody><tr><td><a href=\"https:\/\/aiartfree.online\/hu\/free-online-pixar-ai-generator\/\" target=\"_blank\" rel=\"noreferrer noopener\">aiartfree.online<\/a><\/td><td>Ingyenes online Pixar AI gener\u00e1tort k\u00edn\u00e1l k\u00fcl\u00f6nb\u00f6z\u0151 sablonokkal \u00e9s tervekkel.<\/td><\/tr><tr><td><a href=\"https:\/\/pix2pix.io\/\" target=\"_blank\" rel=\"noreferrer noopener nofollow\">pix2pix.io<\/a><\/td><td>Egy platform, amely mesters\u00e9ges intelligenci\u00e1t haszn\u00e1l v\u00e1zlatokb\u00f3l k\u00e9pek gener\u00e1l\u00e1s\u00e1ra.<\/td><\/tr><tr><td><a href=\"https:\/\/deepdreamgenerator.com\/\" target=\"_blank\" rel=\"noreferrer noopener nofollow\">deepdreamgenerator.com<\/a><\/td><td>Egy webalap\u00fa eszk\u00f6z, amely mesters\u00e9ges intelligenci\u00e1t haszn\u00e1l sz\u00fcrre\u00e1lis k\u00e9pek l\u00e9trehoz\u00e1s\u00e1ra.<\/td><\/tr><tr><td><a href=\"https:\/\/www.artbreeder.com\/\" target=\"_blank\" rel=\"noreferrer noopener nofollow\">artbreeder.com<\/a><\/td><td>Egy platform, amely lehet\u0151v\u00e9 teszi a felhaszn\u00e1l\u00f3k sz\u00e1m\u00e1ra, hogy eredeti m\u0171alkot\u00e1sokat hozzanak l\u00e9tre \u00e9s fejlesszenek a mesters\u00e9ges intelligencia seg\u00edts\u00e9g\u00e9vel.<\/td><\/tr><tr><td><a href=\"https:\/\/ganbreeder.app\/\" target=\"_blank\" rel=\"noreferrer noopener nofollow\">ganbreeder.app<\/a><\/td><td>Egy webalap\u00fa eszk\u00f6z, amely mesters\u00e9ges intelligenci\u00e1t haszn\u00e1l m\u0171alkot\u00e1sok l\u00e9trehoz\u00e1s\u00e1ra.<\/td><\/tr><tr><td><a href=\"https:\/\/prism.app\/\" target=\"_blank\" rel=\"noreferrer noopener nofollow\">prism.app<\/a><\/td><td>Egy platform, amely mesters\u00e9ges intelligencia alap\u00fa tervez\u0151eszk\u00f6z\u00f6ket k\u00edn\u00e1l, k\u00f6zt\u00fck egy Pixar-st\u00edlus\u00fa gener\u00e1tort.<\/td><\/tr><tr><td><a href=\"https:\/\/adicraft.org\/\" target=\"_blank\" rel=\"noreferrer noopener nofollow\">adicraft.org<\/a><\/td><td>Nonprofit szervezet, amely mesters\u00e9ges intelligenci\u00e1val m\u0171k\u00f6d\u0151 tervez\u0151eszk\u00f6z\u00f6ket k\u00edn\u00e1l, k\u00f6zt\u00fck egy Pixar-st\u00edlus\u00fa gener\u00e1tort.<\/td><\/tr><tr><td><a href=\"https:\/\/aiartist.io\/\" target=\"_blank\" rel=\"noreferrer noopener nofollow\">aiartist.io<\/a><\/td><td>Egy platform, amely mesters\u00e9ges intelligencia alap\u00fa tervez\u0151eszk\u00f6z\u00f6ket k\u00edn\u00e1l, k\u00f6zt\u00fck egy Pixar-st\u00edlus\u00fa gener\u00e1tort.<\/td><\/tr><tr><td><a href=\"https:\/\/ai-generated-art.org\/\" target=\"_blank\" rel=\"noreferrer noopener nofollow\">_AI-generated-art.org<\/a><\/td><td>A mesters\u00e9ges intelligencia \u00e1ltal gener\u00e1lt m\u0171v\u00e9szettel kapcsolatos inform\u00e1ci\u00f3kat \u00e9s forr\u00e1sokat tartalmaz\u00f3 weboldal.<\/td><\/tr><tr><td><a href=\"https:\/\/generative-art.org\/\" target=\"_blank\" rel=\"noreferrer noopener nofollow\">generative-art.org<\/a><\/td><td>A generat\u00edv m\u0171v\u00e9szettel kapcsolatos inform\u00e1ci\u00f3kat \u00e9s forr\u00e1sokat tartalmaz\u00f3 weboldal.<\/td><\/tr><\/tbody><\/table><\/figure>\n\n\n\n<p class=\"\"><strong>El\u0151ny\u00f6k, h\u00e1tr\u00e1nyok, er\u0151ss\u00e9gek, gyenges\u00e9gek \u00e9s aj\u00e1nl\u00e1sok<\/strong><\/p>\n\n\n\n<ul class=\"wp-block-list\">\n<li class=\"\"><strong>El\u0151ny\u00f6k<\/strong>: K\u00f6lts\u00e9ghat\u00e9kony, id\u0151takar\u00e9kos, hozz\u00e1f\u00e9rhet\u0151 \u00e9s rugalmas.<\/li>\n\n\n\n<li class=\"\"><strong>H\u00e1tr\u00e1nyok<\/strong>: Korl\u00e1tozott testreszab\u00e1si lehet\u0151s\u00e9gek, f\u00fcgg\u0151s\u00e9g az AI algoritmusokt\u00f3l \u00e9s lehets\u00e9ges min\u0151s\u00e9gi probl\u00e9m\u00e1k.<\/li>\n\n\n\n<li class=\"\"><strong>Er\u0151ss\u00e9gek<\/strong>: Kiv\u00e1l\u00f3 min\u0151s\u00e9g\u0171 vizu\u00e1lis anyagok el\u0151\u00e1ll\u00edt\u00e1s\u00e1ra k\u00e9pes, ide\u00e1lis elfoglalt szakemberek \u00e9s v\u00e1llalkoz\u00f3k sz\u00e1m\u00e1ra.<\/li>\n\n\n\n<li class=\"\"><strong>Gyenges\u00e9gek<\/strong>: N\u00e9mi grafikai tervez\u00e9si ismeretet ig\u00e9nyelhet, korl\u00e1tozott ellen\u0151rz\u00e9s a kimenet felett.<\/li>\n\n\n\n<li class=\"\"><strong>Aj\u00e1nl\u00e1s<\/strong>: Haszn\u00e1ljon egy j\u00f3 h\u00edr\u0171 online platformot, mint p\u00e9ld\u00e1ul az aiartfree.online a kiv\u00e1l\u00f3 min\u0151s\u00e9g\u0171 Pixar-st\u00edlus\u00fa l\u00e1tv\u00e1nytervekhez.<\/li>\n<\/ul>\n\n\n\n<h3 class=\"wp-block-heading\" id=\"faqs\"><a href=\"https:\/\/dromerosm-groq-llama3.hf.space\/#faqs\" target=\"_blank\" rel=\"noopener\"><\/a><strong>GYIK<\/strong><\/h3>\n\n\n\n<ol class=\"wp-block-list\">\n<li class=\"\"><strong>K: K\u00f6nny\u0171 haszn\u00e1lni az ingyenes Pixar AI gener\u00e1tort?<\/strong>&nbsp;V: Igen, a legt\u00f6bb online platform felhaszn\u00e1l\u00f3bar\u00e1t fel\u00fcletet k\u00edn\u00e1l, amely minim\u00e1lis grafikai tervez\u00e9si tapasztalatot ig\u00e9nyel.<\/li>\n\n\n\n<li class=\"\"><strong>K: Testreszabhatom az ingyenes Pixar AI gener\u00e1tor kimenet\u00e9t?<\/strong>&nbsp;V: Igen, a legt\u00f6bb platform k\u00edn\u00e1l testreszab\u00e1si lehet\u0151s\u00e9geket, p\u00e9ld\u00e1ul sz\u00edns\u00e9m\u00e1kat \u00e9s sablonokat.<\/li>\n\n\n\n<li class=\"\"><strong>K: Az ingyenes Pixar AI gener\u00e1torok csak profiknak sz\u00f3lnak?<\/strong>&nbsp;V: Nem, b\u00e1rki haszn\u00e1lhatja ezeket az eszk\u00f6z\u00f6ket, bele\u00e9rtve a mag\u00e1nszem\u00e9lyeket, v\u00e1llalkoz\u00f3kat \u00e9s oktat\u00f3kat is.<\/li>\n\n\n\n<li class=\"\"><strong>K: Haszn\u00e1lhatom az ingyenes Pixar AI gener\u00e1tort kereskedelmi c\u00e9lokra?<\/strong>&nbsp;V: Igen, a legt\u00f6bb platform enged\u00e9lyezi a kereskedelmi c\u00e9l\u00fa felhaszn\u00e1l\u00e1st, de mindenk\u00e9ppen ellen\u0151rizze a felhaszn\u00e1l\u00e1si felt\u00e9teleket.<\/li>\n\n\n\n<li class=\"\"><strong>K: Mennyi id\u0151be telik egy k\u00e9p l\u00e9trehoz\u00e1sa az Ingyenes Pixar AI gener\u00e1torral?<\/strong>&nbsp;V: A feldolgoz\u00e1si id\u0151 a platformt\u00f3l \u00e9s a terv \u00f6sszetetts\u00e9g\u00e9t\u0151l f\u00fcgg\u0151en v\u00e1ltozik.<\/li>\n\n\n\n<li class=\"\"><strong>K: Felt\u00f6lthetem saj\u00e1t k\u00e9peimet az ingyenes Pixar AI gener\u00e1torba?<\/strong>&nbsp;V: Igen, egyes platformok lehet\u0151v\u00e9 teszik a felhaszn\u00e1l\u00f3k sz\u00e1m\u00e1ra, hogy saj\u00e1t k\u00e9peket t\u00f6ltsenek fel szerkeszt\u00e9sre \u00e9s jav\u00edt\u00e1sra.<\/li>\n\n\n\n<li class=\"\"><strong>K: Az ingyenes online Pixar AI gener\u00e1torok dr\u00e1g\u00e1k?<\/strong>&nbsp;V: Nem, a legt\u00f6bb platform ingyenes vagy alacsony k\u00f6lts\u00e9g\u0171 szolg\u00e1ltat\u00e1sokat k\u00edn\u00e1l, egyesek pedig d\u00edj ellen\u00e9ben pr\u00e9mium funkci\u00f3kat.<\/li>\n\n\n\n<li class=\"\"><strong>K: Haszn\u00e1lhatom az ingyenes online Pixar AI gener\u00e1tort oktat\u00e1si c\u00e9lokra?<\/strong>&nbsp;V: Igen, sz\u00e1mos platform k\u00edn\u00e1l oktat\u00e1si forr\u00e1sokat \u00e9s eszk\u00f6z\u00f6ket a di\u00e1kok \u00e9s tan\u00e1rok sz\u00e1m\u00e1ra.<\/li>\n\n\n\n<li class=\"\"><strong>K: Hogyan m\u0171k\u00f6dik az ingyenes online Pixar AI gener\u00e1tor?<\/strong>&nbsp;V: Ezek az eszk\u00f6z\u00f6k g\u00e9pi tanul\u00e1si algoritmusokat haszn\u00e1lnak, hogy k\u00e9peket gener\u00e1ljanak a felhaszn\u00e1l\u00f3 \u00e1ltal megadott adatok \u00e9s tervez\u00e9si sablonok alapj\u00e1n.<\/li>\n\n\n\n<li class=\"\"><strong>K\u00e9rd\u00e9s: Alkalmas-e az ingyenes online Pixar AI gener\u00e1tor a k\u00f6z\u00f6ss\u00e9gi m\u00e9dia marketinghez?<\/strong>&nbsp;V: Igen, ezek az eszk\u00f6z\u00f6k felhaszn\u00e1lhat\u00f3k a k\u00f6z\u00f6ss\u00e9gi m\u00e9diakamp\u00e1nyok sz\u00e1m\u00e1ra vonz\u00f3 vizu\u00e1lis anyagok l\u00e9trehoz\u00e1s\u00e1ra.<\/li>\n<\/ol>","protected":false},"excerpt":{"rendered":"<p>How to use the Free Pixar AI Generator *&nbsp;Depending on your internet speed, loading the model may take a few seconds.* There will be caching during continuous generation, and the new image will appear after about 3 seconds. Example Input Introduction of Free Pixar AI Generator What is a Free Pixar AI Generator? A Free &#8230; <a title=\"Ingyenes Pixar AI gener\u00e1tor\" class=\"read-more\" href=\"https:\/\/aiartfree.online\/hu\/ingyenes-pixar-ai-generator\/\" aria-label=\"Read more about Free Pixar AI Generator\">Olvass tov\u00e1bb<\/a><\/p>","protected":false},"author":1,"featured_media":0,"parent":0,"menu_order":0,"comment_status":"open","ping_status":"closed","template":"","meta":{"nf_dc_page":"","footnotes":""},"class_list":["post-2853","page","type-page","status-publish"],"jetpack_sharing_enabled":true,"_links":{"self":[{"href":"https:\/\/aiartfree.online\/hu\/wp-json\/wp\/v2\/pages\/2853","targetHints":{"allow":["GET"]}}],"collection":[{"href":"https:\/\/aiartfree.online\/hu\/wp-json\/wp\/v2\/pages"}],"about":[{"href":"https:\/\/aiartfree.online\/hu\/wp-json\/wp\/v2\/types\/page"}],"author":[{"embeddable":true,"href":"https:\/\/aiartfree.online\/hu\/wp-json\/wp\/v2\/users\/1"}],"replies":[{"embeddable":true,"href":"https:\/\/aiartfree.online\/hu\/wp-json\/wp\/v2\/comments?post=2853"}],"version-history":[{"count":0,"href":"https:\/\/aiartfree.online\/hu\/wp-json\/wp\/v2\/pages\/2853\/revisions"}],"wp:attachment":[{"href":"https:\/\/aiartfree.online\/hu\/wp-json\/wp\/v2\/media?parent=2853"}],"curies":[{"name":"wp","href":"https:\/\/api.w.org\/{rel}","templated":true}]}}