{"id":2807,"date":"2022-05-10T20:36:42","date_gmt":"2022-05-10T19:36:42","guid":{"rendered":"https:\/\/gp-inbound.wordifysites.com\/?page_id=82"},"modified":"2024-07-18T10:49:06","modified_gmt":"2024-07-18T10:49:06","slug":"contact-free-ai-art-generator","status":"publish","type":"page","link":"https:\/\/aiartfree.online\/hu\/kapcsolat-ingyenes-ai-art-generator\/","title":{"rendered":"Kapcsolatfelv\u00e9tel"},"content":{"rendered":"<figure class=\"gb-block-image gb-block-image-6abc9adb\"><img data-recalc-dims=\"1\" decoding=\"async\" loading=\"lazy\" width=\"1200\" height=\"675\" class=\"gb-image gb-image-6abc9adb\" src=\"https:\/\/i0.wp.com\/aiartfree.online\/wp-content\/uploads\/2023\/03\/map.jpg?resize=1200%2C675&#038;ssl=1\" alt=\"\" title=\"t\u00e9rk\u00e9p\" srcset=\"https:\/\/i0.wp.com\/aiartfree.online\/wp-content\/uploads\/2023\/03\/map.jpg?w=1980&amp;ssl=1 1980w, https:\/\/i0.wp.com\/aiartfree.online\/wp-content\/uploads\/2023\/03\/map.jpg?resize=600%2C338&amp;ssl=1 600w, https:\/\/i0.wp.com\/aiartfree.online\/wp-content\/uploads\/2023\/03\/map.jpg?resize=300%2C169&amp;ssl=1 300w, https:\/\/i0.wp.com\/aiartfree.online\/wp-content\/uploads\/2023\/03\/map.jpg?resize=1024%2C576&amp;ssl=1 1024w, https:\/\/i0.wp.com\/aiartfree.online\/wp-content\/uploads\/2023\/03\/map.jpg?resize=768%2C432&amp;ssl=1 768w, https:\/\/i0.wp.com\/aiartfree.online\/wp-content\/uploads\/2023\/03\/map.jpg?resize=1536%2C864&amp;ssl=1 1536w, https:\/\/i0.wp.com\/aiartfree.online\/wp-content\/uploads\/2023\/03\/map.jpg?resize=18%2C10&amp;ssl=1 18w\" sizes=\"auto, (max-width: 1200px) 100vw, 1200px\" \/><\/figure>\n\n\n<section class=\"gb-container gb-container-efcc007f\">\n\n<h2 class=\"gb-headline gb-headline-887ae2d8 gb-headline-text\">L\u00e9pjen kapcsolatba vel\u00fcnk<\/h2>\n\n\n\n<p class=\"gb-headline gb-headline-c307d429 gb-headline-text\">\u00dcdv\u00f6z\u00f6lj\u00fck a Free AI Art Generatorban, ahol a kreativit\u00e1s hat\u00e1rai tal\u00e1lkoznak a mesters\u00e9ges intelligencia erej\u00e9vel! \ud83e\udd16<br>Szenved\u00e9ly\u00fcnk, hogy a fejlett mesters\u00e9ges intelligencia algoritmusokat \u00e9s eszk\u00f6z\u00f6ket mindenki sz\u00e1m\u00e1ra el\u00e9rhet\u0151v\u00e9 tegy\u00fck, hogy a m\u0171v\u00e9szek \u00e9s kreat\u00edvok ingyenesen k\u00e9sz\u00edthessenek leny\u0171g\u00f6z\u0151, mesters\u00e9ges intelligenci\u00e1val gener\u00e1lt k\u00e9peket \u00e9s m\u0171alkot\u00e1sokat. \u00c9lvonalbeli technol\u00f3gi\u00e1nkkal felfedezheted a generat\u00edv AI, a stabil diff\u00fazi\u00f3 \u00e9s sok m\u00e1s dolog vil\u00e1g\u00e1t, \u00e9s szabadj\u00e1ra engedheted a k\u00e9pzeletedet, mint m\u00e9g soha.<\/p>\n\n\n<div class=\"gb-container gb-container-93e859dc\">\n<div class=\"gb-container gb-container-16e44cdc\">\n\n<h2 class=\"gb-headline gb-headline-387184d6 gb-headline-text\">Forduljon hozz\u00e1nk<\/h2>\n\n\n\n<ul class=\"wp-block-list\">\n<li class=\"\">\u00c1ltal\u00e1nos k\u00e9rd\u00e9sek vagy visszajelz\u00e9sek AI-alap\u00fa m\u0171v\u00e9szeti eszk\u00f6zeinkkel \u00e9s gener\u00e1torainkkal kapcsolatban<\/li>\n\n\n\n<li class=\"\">Partners\u00e9gi lehet\u0151s\u00e9gek vagy egy\u00fcttm\u0171k\u00f6d\u00e9sek<\/li>\n\n\n\n<li class=\"\">Technikai t\u00e1mogat\u00e1s vagy seg\u00edts\u00e9g a mesters\u00e9ges intelligencia \u00e1ltal gener\u00e1lt m\u0171v\u00e9szeti alkot\u00e1sok l\u00e9trehoz\u00e1s\u00e1ban<\/li>\n\n\n\n<li class=\"\">Javaslatok \u00faj funkci\u00f3kkal vagy integr\u00e1land\u00f3 AI-algoritmusokkal kapcsolatban<\/li>\n\n\n\n<li class=\"\">B\u00e1rmilyen egy\u00e9b k\u00e9rd\u00e9s vagy \u00e9szrev\u00e9tel<\/li>\n<\/ul>\n\n\n\n<p class=\"gb-headline gb-headline-5b255efd\"><span class=\"gb-icon\"><svg viewbox=\"0 0 368.666 368.666\" xmlns=\"http:\/\/www.w3.org\/2000\/svg\"><path d=\"M184.333 0C102.011 0 35.037 66.974 35.037 149.297c0 33.968 11.132 65.959 32.193 92.515C94.5 276.195 173.8 357.833 177.164 361.291l7.169 7.375 7.17-7.374c3.363-3.459 82.688-85.116 109.963-119.51 21.042-26.534 32.164-58.515 32.164-92.485C333.63 66.974 266.656 0 184.333 0zm101.464 229.355c-21.957 27.687-80.921 89.278-101.463 110.581-20.54-21.302-79.482-82.875-101.434-110.552-18.23-22.984-27.863-50.677-27.863-80.087C55.037 78.002 113.039 20 184.333 20S313.63 78.002 313.63 149.297c0 29.411-9.625 57.095-27.833 80.058z\"><\/path><path d=\"M184.333 59.265c-48.729 0-88.374 39.645-88.374 88.374s39.644 88.374 88.374 88.374 88.374-39.644 88.374-88.374c.001-48.73-39.644-88.374-88.374-88.374zm0 156.748c-37.701 0-68.374-30.672-68.374-68.374s30.672-68.374 68.374-68.374 68.374 30.672 68.374 68.374c.001 37.701-30.673 68.374-68.374 68.374z\"><\/path><path d=\"m180.672 154.314-25.112-19.98-12.453 15.652 40.69 32.371 43.333-53.934-15.593-12.526z\"><\/path><\/svg><\/span><span class=\"gb-headline-text\">12 Princes Street, Edinburgh, EH6 1AL, Egyes\u00fclt Kir\u00e1lys\u00e1g<\/span><\/p>\n\n<\/div>\n\n<div class=\"gb-container gb-container-d4701180\">\n\n<h3 class=\"gb-headline gb-headline-8c73a68a gb-headline-text\">Dobj nek\u00fcnk egy mailt<\/h3>\n\n\n\n<p class=\"gb-headline gb-headline-b1839c0f gb-headline-text\">Szeretn\u00e9nk hallani \u00d6nr\u0151l! Ak\u00e1r m\u0171v\u00e9sz vagy, aki inspir\u00e1ci\u00f3t keres, ak\u00e1r v\u00e1llalkoz\u00e1s, amely innovat\u00edv megold\u00e1sokat keres, vagy egyszer\u0171en csak valaki, akit leny\u0171g\u00f6z a m\u0171v\u00e9szet \u00e9s a technol\u00f3gia tal\u00e1lkoz\u00e1sa, mi itt vagyunk, hogy meghallgassuk \u00e9s seg\u00edts\u00fcnk.<\/p>\n\n\n<div class=\"wpforms-container wpforms-container-full wpforms-block wpforms-block-f9bd5ff9-c080-4a61-b9d1-8c53773b3bdc wpforms-render-modern\" id=\"wpforms-2489\"><form id=\"wpforms-form-2489\" class=\"wpforms-validate wpforms-form\" data-formid=\"2489\" method=\"post\" enctype=\"multipart\/form-data\" action=\"\/hu\/wp-json\/wp\/v2\/pages\/2807\" data-token=\"5297f783885c807ff9921114f96bfa8a\" data-token-time=\"1776972741\" data-trp-original-action=\"\/hu\/wp-json\/wp\/v2\/pages\/2807\"><noscript class=\"wpforms-error-noscript\">Please enable JavaScript in your browser to complete this form.<\/noscript><div id=\"wpforms-error-noscript\" style=\"display: none;\">Please enable JavaScript in your browser to complete this form.<\/div><div class=\"wpforms-field-container\"><div id=\"wpforms-2489-field_0-container\" class=\"wpforms-field wpforms-field-name\" data-field-id=\"0\"><label class=\"wpforms-field-label\" for=\"wpforms-2489-field_0\">N\u00e9v <span class=\"wpforms-required-label\" aria-hidden=\"true\">*<\/span><\/label><input type=\"text\" id=\"wpforms-2489-field_0\" class=\"wpforms-field-medium wpforms-field-required\" name=\"wpforms[fields][0]\" aria-errormessage=\"wpforms-2489-field_0-error\" required><\/div><div id=\"wpforms-2489-field_1-container\" class=\"wpforms-field wpforms-field-email\" data-field-id=\"1\"><label class=\"wpforms-field-label\" for=\"wpforms-2489-field_1\">E-mail <span class=\"wpforms-required-label\" aria-hidden=\"true\">*<\/span><\/label><input type=\"email\" id=\"wpforms-2489-field_1\" class=\"wpforms-field-medium wpforms-field-required\" name=\"wpforms[fields][1]\" spellcheck=\"false\" aria-errormessage=\"wpforms-2489-field_1-error\" required><\/div><div id=\"wpforms-2489-field_2-container\" class=\"wpforms-field wpforms-field-textarea\" data-field-id=\"2\"><label class=\"wpforms-field-label\" for=\"wpforms-2489-field_2\">Megjegyz\u00e9s vagy \u00fczenet <span class=\"wpforms-required-label\" aria-hidden=\"true\">*<\/span><\/label><textarea id=\"wpforms-2489-field_2\" class=\"wpforms-field-medium wpforms-field-required\" name=\"wpforms[fields][2]\" aria-errormessage=\"wpforms-2489-field_2-error\" required><\/textarea><\/div><\/div><!-- .wpforms-field-container --><div class=\"wpforms-submit-container\" ><input type=\"hidden\" name=\"wpforms[id]\" value=\"2489\"><input type=\"hidden\" name=\"page_title\" value=\"\"><input type=\"hidden\" name=\"page_url\" value=\"https:\/\/aiartfree.online\/hu\/wp-json\/wp\/v2\/pages\/2807\"><input type=\"hidden\" name=\"url_referer\" value=\"\"><button type=\"submit\" name=\"wpforms[submit]\" id=\"wpforms-submit-2489\" class=\"wpforms-submit\" data-alt-text=\"Sending...\" data-submit-text=\"Submit\" aria-live=\"assertive\" value=\"wpforms-submit\">K\u00fcldje be a<\/button><\/div><input type=\"hidden\" name=\"trp-form-language\" value=\"hu\"\/><\/form><\/div>  <!-- .wpforms-container -->\n<\/div>\n<\/div>\n\n\n<div style=\"height:40px\" aria-hidden=\"true\" class=\"wp-block-spacer\"><\/div>\n\n\n\n<h2 class=\"gb-headline gb-headline-f952b484 gb-headline-text\"><strong>Mi\u00e9rt v\u00e1lassza az ingyenes AI Art gener\u00e1tort?<\/strong><\/h2>\n\n\n\n<p class=\"has-text-align-center\">Az ingyenes AI art eszk\u00f6z\u00f6k \u00e9s gener\u00e1torok biztos\u00edt\u00e1sa ir\u00e1nti elk\u00f6telezetts\u00e9g\u00fcnk, valamint az innov\u00e1ci\u00f3 \u00e9s a felhaszn\u00e1l\u00f3i \u00e9lm\u00e9ny ir\u00e1nti szenved\u00e9ly\u00fcnk k\u00fcl\u00f6nb\u00f6ztet meg minket. A legmodernebb AI-algoritmusainkkal \u00e9s intuit\u00edv kezel\u0151fel\u00fclet\u00fcnkkel k\u00f6nnyed\u00e9n k\u00e9sz\u00edthet leny\u0171g\u00f6z\u0151 AI-gener\u00e1lt m\u0171alkot\u00e1sokat, felfedezve a sz\u00f6veges felsz\u00f3l\u00edt\u00e1sokban, a k\u00e9pek felsk\u00e1l\u00e1z\u00e1s\u00e1ban \u00e9s egy\u00e9b lehet\u0151s\u00e9gekben rejl\u0151 teljes potenci\u00e1lt.<br><\/p>\n\n\n\n<div style=\"height:40px\" aria-hidden=\"true\" class=\"wp-block-spacer\"><\/div>\n\n\n\n<h2 class=\"gb-headline gb-headline-04a855f0 gb-headline-text\"><strong>Kezdj el alkotni az ingyenes AI Art gener\u00e1torral m\u00e9g ma!<\/strong><\/h2>\n\n\n\n<p class=\"has-text-align-center\">L\u00e1togasson el a <a href=\"https:\/\/aiartfree.online\/hu\/\" target=\"_blank\" data-type=\"page\" data-id=\"2853\" rel=\"noreferrer noopener\">honlap<\/a> hogy felfedezd az ingyenes mesters\u00e9ges intelligenci\u00e1val gener\u00e1lt m\u0171v\u00e9szeti alkot\u00e1sok vil\u00e1g\u00e1t, \u00e9s fedezd fel a mesters\u00e9ges intelligenci\u00e1val gener\u00e1lt k\u00e9pek, vibr\u00e1l\u00f3 sz\u00ednek \u00e9s m\u0171v\u00e9szi kifejez\u00e9sm\u00f3d v\u00e9gtelen lehet\u0151s\u00e9geit!<\/p>\n\n\n\n<p class=\"has-text-align-center\">Ne feledje, hogy a Free AI Art Generator c\u00e9lja a kreativit\u00e1s er\u0151s\u00edt\u00e9se \u00e9s az AI-alap\u00fa m\u0171v\u00e9szeti eszk\u00f6z\u00f6kkel el\u00e9rhet\u0151 lehet\u0151s\u00e9gek hat\u00e1rainak feszeget\u00e9se. Vegye fel a kapcsolatot, \u00e9s alkossunk egy\u00fctt valami csod\u00e1latosat! \ud83c\udfa8<\/p>\n\n\n\n<p class=\"has-text-align-center\">Ez a tervezet tartalmazza a sz\u00fcks\u00e9ges kulcsszavakat, mik\u00f6zben meg\u0151rzi a term\u00e9szetes \u00e1raml\u00e1st \u00e9s hangnemet. Nyugodtan m\u00f3dos\u00edtsa sz\u00fcks\u00e9g szerint, hogy megfeleljen a m\u00e1rka hangj\u00e1nak \u00e9s st\u00edlus\u00e1nak. Sok sikert a weboldaladhoz! \ud83d\ude0a<\/p>\n\n<\/section>\n\n\n<p class=\"\"><\/p>","protected":false},"excerpt":{"rendered":"<p>Get in touch Welcome to Free AI Art Generator, where the boundaries of creativity meet the power of artificial intelligence! \ud83e\udd16We&#8217;re passionate about making advanced AI algorithms and tools accessible to everyone, empowering artists and creatives to generate stunning AI-generated images and artwork for free. With our cutting-edge technology, you can explore the world of &#8230; <a title=\"Kapcsolatfelv\u00e9tel\" class=\"read-more\" href=\"https:\/\/aiartfree.online\/hu\/kapcsolat-ingyenes-ai-art-generator\/\" aria-label=\"Read more about Contact Us\">Olvass tov\u00e1bb<\/a><\/p>","protected":false},"author":1,"featured_media":0,"parent":0,"menu_order":0,"comment_status":"closed","ping_status":"closed","template":"","meta":{"nf_dc_page":"","footnotes":""},"class_list":["post-2807","page","type-page","status-publish"],"jetpack_sharing_enabled":true,"_links":{"self":[{"href":"https:\/\/aiartfree.online\/hu\/wp-json\/wp\/v2\/pages\/2807","targetHints":{"allow":["GET"]}}],"collection":[{"href":"https:\/\/aiartfree.online\/hu\/wp-json\/wp\/v2\/pages"}],"about":[{"href":"https:\/\/aiartfree.online\/hu\/wp-json\/wp\/v2\/types\/page"}],"author":[{"embeddable":true,"href":"https:\/\/aiartfree.online\/hu\/wp-json\/wp\/v2\/users\/1"}],"replies":[{"embeddable":true,"href":"https:\/\/aiartfree.online\/hu\/wp-json\/wp\/v2\/comments?post=2807"}],"version-history":[{"count":0,"href":"https:\/\/aiartfree.online\/hu\/wp-json\/wp\/v2\/pages\/2807\/revisions"}],"wp:attachment":[{"href":"https:\/\/aiartfree.online\/hu\/wp-json\/wp\/v2\/media?parent=2807"}],"curies":[{"name":"wp","href":"https:\/\/api.w.org\/{rel}","templated":true}]}}