{"id":3445,"date":"2024-08-01T18:39:36","date_gmt":"2024-08-01T18:39:36","guid":{"rendered":"https:\/\/aiartfree.online\/?page_id=3445"},"modified":"2025-03-07T08:17:45","modified_gmt":"2025-03-07T08:17:45","slug":"unblur-image","status":"publish","type":"page","link":"https:\/\/aiartfree.online\/fr\/desactiver-le-flou-de-limage\/","title":{"rendered":"Rendre l'image floue"},"content":{"rendered":"<h2 class=\"wp-block-heading has-text-align-center\" id=\"before-vs-after\">Avant et apr\u00e8s<\/h2>\n\n\n\n<figure class=\"gb-block-image gb-block-image-1822da1f\"><img data-recalc-dims=\"1\" decoding=\"async\" loading=\"lazy\" width=\"1200\" height=\"704\" class=\"gb-image gb-image-1822da1f\" src=\"https:\/\/i0.wp.com\/aiartfree.online\/wp-content\/uploads\/2024\/08\/WX20240801-215741%402x-scaled.webp?resize=1200%2C704&#038;ssl=1\" alt=\"D\u00e9brouillez votre image en ligne avec notre outil d&#039;analyse d&#039;image. 100% gratuit, sans inscription, et utilisation illimit\u00e9e. Am\u00e9liorez la qualit\u00e9 de l&#039;image, supprimez le flou et corrigez les photos floues pour l&#039;amour.\" title=\"WX20240801-215741@2x\" srcset=\"https:\/\/i0.wp.com\/aiartfree.online\/wp-content\/uploads\/2024\/08\/WX20240801-215741%402x-scaled.webp?w=2560&amp;ssl=1 2560w, https:\/\/i0.wp.com\/aiartfree.online\/wp-content\/uploads\/2024\/08\/WX20240801-215741%402x-scaled.webp?resize=300%2C176&amp;ssl=1 300w, https:\/\/i0.wp.com\/aiartfree.online\/wp-content\/uploads\/2024\/08\/WX20240801-215741%402x-scaled.webp?resize=1024%2C601&amp;ssl=1 1024w, https:\/\/i0.wp.com\/aiartfree.online\/wp-content\/uploads\/2024\/08\/WX20240801-215741%402x-scaled.webp?resize=768%2C451&amp;ssl=1 768w, https:\/\/i0.wp.com\/aiartfree.online\/wp-content\/uploads\/2024\/08\/WX20240801-215741%402x-scaled.webp?resize=1536%2C901&amp;ssl=1 1536w, https:\/\/i0.wp.com\/aiartfree.online\/wp-content\/uploads\/2024\/08\/WX20240801-215741%402x-scaled.webp?resize=2048%2C1202&amp;ssl=1 2048w, https:\/\/i0.wp.com\/aiartfree.online\/wp-content\/uploads\/2024\/08\/WX20240801-215741%402x-scaled.webp?resize=18%2C12&amp;ssl=1 18w, https:\/\/i0.wp.com\/aiartfree.online\/wp-content\/uploads\/2024\/08\/WX20240801-215741%402x-scaled.webp?resize=600%2C352&amp;ssl=1 600w, https:\/\/i0.wp.com\/aiartfree.online\/wp-content\/uploads\/2024\/08\/WX20240801-215741%402x-scaled.webp?w=2400&amp;ssl=1 2400w\" sizes=\"auto, (max-width: 1200px) 100vw, 1200px\" \/><\/figure>\n\n\n\n<h2 class=\"wp-block-heading\" id=\"how-to-use-the-unblur-image\">Comment utiliser l'image floue<\/h2>\n\n\n\n<ol class=\"wp-block-list\">\n<li class=\"\">T\u00e9l\u00e9chargez votre image<\/li>\n\n\n\n<li class=\"\">Cliquez sur \"Soumettre\"<\/li>\n\n\n\n<li class=\"\">Attendez, c'est \u00e7a !<\/li>\n<\/ol>\n\n\n\n<a class=\"gb-button gb-button-113f8659 gb-button-text\" href=\"https:\/\/www.basedlabs.ai\/apps\/ai-image-upscaler?via=rocnubi\" target=\"_blank\" rel=\"noopener noreferrer\">Try Latest Upscaler AI Now <\/a>\n\n\n\n<p class=\"\"><em>* En fonction de votre vitesse d'acc\u00e8s \u00e0 Internet, le chargement du mod\u00e8le peut prendre <\/em>jusqu'\u00e0 10 secondes \u2193<\/p>\n\n\n\n<div class=\"iframe-wrapper\" style=\"position: relative; width: 100%; height: 1700px;\">\n  <div class=\"loading\" style=\"position: absolute; top: 50px; left: 50%; transform: translate(-50%, -50%); width: 40px; height: 40px; border: 3px solid #f0f0f0; border-top: 3px solid #db7093; border-radius: 50%; animation: spin 1s linear infinite;\"><\/div>\n  <iframe loading=\"lazy\" src=\"https:\/\/algoworks-image-face-upscale-restoration-gfpgan-pub.hf.space\" frameborder=\"0\" width=\"100%\" height=\"100%\" style=\"position: absolute; top: 0; left: 0; opacity: 0; transition: opacity 0.3s;\" onload=\"this.style.opacity=1;this.previousElementSibling.style.display='none';\"><\/iframe>\n<\/div>\n\n<style>\n@keyframes spin {\n  0% { transform: translate(-50%, -50%) rotate(0deg); }\n  100% { transform: translate(-50%, -50%) rotate(360deg); }\n}\n<\/style>\n\n\n\n<div style=\"height:60px\" aria-hidden=\"true\" class=\"wp-block-spacer\"><\/div>\n\n\n\n<h2 class=\"wp-block-heading\" id=\"unblur-image-the-ultimate-guide-to-ai-powered-photo-blur-removal\">Unblur Image : Le guide ultime pour supprimer le flou des photos gr\u00e2ce \u00e0 l'IA<\/h2>\n\n\n\n<div class=\"wp-block-rank-math-toc-block\" id=\"rank-math-toc\"><h3>Table des mati\u00e8res<\/h3><nav><ul><li><a href=\"#outline\">Aper\u00e7u<\/a><\/li><li><a href=\"#what-is-unblur-image\">Qu'est-ce que Unblur Image ?<\/a><\/li><li><a href=\"#why-use-unblur-image\">Pourquoi utiliser Unblur Image ?<\/a><\/li><li><a href=\"#main-features-of-unblur-image\">Principales caract\u00e9ristiques de Unblur Image<\/a><ul><li><a href=\"#ai-powered-unblur-tool\">Outil de floutage aliment\u00e9 par l'IA<\/a><\/li><li><a href=\"#photo-sharpener\">Photo Sharpener<\/a><\/li><li><a href=\"#remove-motion-blur\">Supprimer le flou de boug\u00e9<\/a><\/li><li><a href=\"#unblur-text\">Effacer le texte<\/a><\/li><li><a href=\"#online-accessibility\">Accessibilit\u00e9 en ligne<\/a><\/li><\/ul><\/li><li><a href=\"#target-audience-and-uses\">Public cible et utilisations<\/a><\/li><li><a href=\"#industry-applications-and-uses\">Applications et utilisations dans l'industrie<\/a><\/li><li><a href=\"#how-to-use-unblur-image\">Comment utiliser Unblur Image<\/a><\/li><li><a href=\"#unblur-image-usage-cases\">Cas d'utilisation de l'image Unblur<\/a><ul><li><a href=\"#enhance-portraits\">Am\u00e9liorer les portraits<\/a><\/li><li><a href=\"#restore-old-photos\">Restaurer d'anciennes photos<\/a><\/li><li><a href=\"#improve-product-photos\">Am\u00e9liorer les photos de produits<\/a><\/li><li><a href=\"#fix-blurry-text\">Correction d'un texte flou<\/a><\/li><li><a href=\"#correct-camera-shake\">Corriger le boug\u00e9 de l'appareil photo<\/a><\/li><\/ul><\/li><li><a href=\"#comparison-table-of-unblur-image-tools\">Tableau comparatif des outils de d\u00e9floutage d'images<\/a><\/li><li><a href=\"#advantages-disadvantages-and-challenges-of-the-industry\">Avantages, inconv\u00e9nients et d\u00e9fis de l'industrie<\/a><ul><li><a href=\"#advantages\">Avantages<\/a><\/li><li><a href=\"#disadvantages\">Inconv\u00e9nients<\/a><\/li><li><a href=\"#challenges\">D\u00e9fis<\/a><\/li><\/ul><\/li><li><a href=\"#frequently-asked-questions\">Questions fr\u00e9quemment pos\u00e9es<\/a><\/li><li><a href=\"#summary\">R\u00e9sum\u00e9<\/a><\/li><\/ul><\/nav><\/div>\n\n\n\n<h3 class=\"wp-block-heading\" id=\"outline\">Aper\u00e7u<\/h3>\n\n\n\n<p class=\"\">Dans ce guide complet, nous allons explorer le monde du floutage d'images, ses avantages, ses fonctions, son public cible et ses utilisations pratiques. Nous fournirons \u00e9galement des instructions \u00e9tape par \u00e9tape, des cas d'utilisation et un tableau comparatif des meilleurs outils disponibles. Enfin, nous r\u00e9pondrons aux questions fr\u00e9quemment pos\u00e9es et proposerons un r\u00e9sum\u00e9 avec les avantages cl\u00e9s et un appel \u00e0 l'action.<\/p>\n\n\n\n<h3 class=\"wp-block-heading\" id=\"what-is-unblur-image\">Qu'est-ce que Unblur Image ?<\/h3>\n\n\n\n<p class=\"\">Unblur Image fait r\u00e9f\u00e9rence au processus d'utilisation d'outils aliment\u00e9s par l'intelligence artificielle pour supprimer le flou et am\u00e9liorer la nettet\u00e9 des images. Qu'ils soient dus \u00e0 un boug\u00e9 de l'appareil photo, \u00e0 un flou de mouvement ou \u00e0 une mauvaise mise au point, ces outils peuvent restaurer la qualit\u00e9 de l'image et rendre les photos floues \u00e0 nouveau nettes.<\/p>\n\n\n\n<h3 class=\"wp-block-heading\" id=\"why-use-unblur-image\">Pourquoi utiliser Unblur Image ?<\/h3>\n\n\n\n<p class=\"\">L'utilisation d'un outil de d\u00e9floutage pr\u00e9sente plusieurs avantages :<\/p>\n\n\n\n<ul class=\"wp-block-list\">\n<li class=\"\"><strong>Am\u00e9liorer la qualit\u00e9 de l'image :<\/strong> Am\u00e9liorez la clart\u00e9 et les d\u00e9tails de vos photos.<\/li>\n\n\n\n<li class=\"\"><strong>Restaurer de vieilles photos :<\/strong> Redonnez vie \u00e0 des images anciennes et floues.<\/li>\n\n\n\n<li class=\"\"><strong>R\u00e9sultats professionnels :<\/strong> Obtenez des r\u00e9sultats de haute qualit\u00e9 sans avoir besoin de comp\u00e9tences avanc\u00e9es en mati\u00e8re de retouche photo.<\/li>\n\n\n\n<li class=\"\"><strong>Commodit\u00e9 :<\/strong> D\u00e9bouchez facilement vos images en ligne sans avoir \u00e0 t\u00e9l\u00e9charger de logiciel.<\/li>\n\n\n\n<li class=\"\"><strong>Efficacit\u00e9 :<\/strong> Corrigez rapidement les photos floues en quelques clics.<\/li>\n<\/ul>\n\n\n\n<p class=\"\">Les gens cherchent souvent des solutions pour \u00e9claircir une image floue, r\u00e9parer des photos floues et supprimer le flou des images. Ces outils apportent des r\u00e9ponses \u00e0 ces probl\u00e8mes courants.<\/p>\n\n\n\n<h3 class=\"wp-block-heading\" id=\"main-features-of-unblur-image\">Principales caract\u00e9ristiques de Unblur Image<\/h3>\n\n\n\n<h4 class=\"wp-block-heading\" id=\"ai-powered-unblur-tool\">Outil de floutage aliment\u00e9 par l'IA<\/h4>\n\n\n\n<p class=\"\">Tirez parti de la puissance de l'IA pour supprimer avec pr\u00e9cision les flous et am\u00e9liorer les d\u00e9tails de l'image.<\/p>\n\n\n\n<h4 class=\"wp-block-heading\" id=\"photo-sharpener\">Photo Sharpener<\/h4>\n\n\n\n<p class=\"\">Renforcer la nettet\u00e9 des images pour r\u00e9cup\u00e9rer les d\u00e9tails fins perdus \u00e0 cause du flou.<\/p>\n\n\n\n<h4 class=\"wp-block-heading\" id=\"remove-motion-blur\">Supprimer le flou de boug\u00e9<\/h4>\n\n\n\n<p class=\"\">Cible et r\u00e9duit sp\u00e9cifiquement le flou de boug\u00e9 caus\u00e9 par le tremblement ou le mouvement de l'appareil photo.<\/p>\n\n\n\n<h4 class=\"wp-block-heading\" id=\"unblur-text\">Effacer le texte<\/h4>\n\n\n\n<p class=\"\">Am\u00e9liorer la lisibilit\u00e9 du texte flou dans les images.<\/p>\n\n\n\n<h4 class=\"wp-block-heading\" id=\"online-accessibility\">Accessibilit\u00e9 en ligne<\/h4>\n\n\n\n<p class=\"\">D\u00e9brouillez les images directement \u00e0 partir de votre navigateur, sans inscription pr\u00e9alable, en offrant un acc\u00e8s gratuit et illimit\u00e9 \u00e0 100%.<\/p>\n\n\n\n<h3 class=\"wp-block-heading\" id=\"target-audience-and-uses\">Public cible et utilisations<\/h3>\n\n\n\n<p class=\"\">Le public cible des outils d'unblur image est le suivant :<\/p>\n\n\n\n<ul class=\"wp-block-list\">\n<li class=\"\"><strong>Photographes :<\/strong> Am\u00e9liorez la qualit\u00e9 des photos prises dans des conditions peu id\u00e9ales.<\/li>\n\n\n\n<li class=\"\"><strong>Concepteurs graphiques :<\/strong> Am\u00e9liorer les images pour les utiliser dans divers projets de conception.<\/li>\n\n\n\n<li class=\"\"><strong>Utilisateurs des m\u00e9dias sociaux :<\/strong> Veillez \u00e0 ce que les photos partag\u00e9es en ligne soient claires et de bonne qualit\u00e9.<\/li>\n\n\n\n<li class=\"\"><strong>Les familles :<\/strong> Restaurer les vieilles photos de famille devenues floues avec le temps.<\/li>\n\n\n\n<li class=\"\"><strong>\u00c9tudiants et professionnels :<\/strong> Le texte des images est flout\u00e9 pour une meilleure lisibilit\u00e9 dans les pr\u00e9sentations et les documents.<\/li>\n<\/ul>\n\n\n\n<h3 class=\"wp-block-heading\" id=\"industry-applications-and-uses\">Applications et utilisations dans l'industrie<\/h3>\n\n\n\n<p class=\"\">Les outils de d\u00e9bruitage sont largement utilis\u00e9s dans plusieurs secteurs d'activit\u00e9, notamment :<\/p>\n\n\n\n<ul class=\"wp-block-list\">\n<li class=\"\"><strong>Photographie :<\/strong> Am\u00e9liorez la clart\u00e9 de vos photos professionnelles.<\/li>\n\n\n\n<li class=\"\"><strong>Commerce \u00e9lectronique :<\/strong> Am\u00e9liorer les photos des produits pour attirer les clients.<\/li>\n\n\n\n<li class=\"\"><strong>M\u00e9dias et publicit\u00e9 :<\/strong> Garantir des images de haute qualit\u00e9 dans le mat\u00e9riel de marketing.<\/li>\n\n\n\n<li class=\"\"><strong>Soins de sant\u00e9<\/strong> Am\u00e9liorer la lisibilit\u00e9 des documents num\u00e9ris\u00e9s et des images m\u00e9dicales.<\/li>\n\n\n\n<li class=\"\"><strong>\u00c9ducation :<\/strong> Am\u00e9liorer la qualit\u00e9 du mat\u00e9riel p\u00e9dagogique et des pr\u00e9sentations.<\/li>\n<\/ul>\n\n\n\n<h3 class=\"wp-block-heading\" id=\"how-to-use-unblur-image\">Comment utiliser Unblur Image<\/h3>\n\n\n\n<p class=\"\">Suivez les \u00e9tapes suivantes pour d\u00e9boucher une image \u00e0 l'aide de l'outil recommand\u00e9 :<\/p>\n\n\n\n<ol class=\"wp-block-list\">\n<li class=\"\"><strong>Ouvrir l'outil :<\/strong> Aller \u00e0 <a href=\"https:\/\/aiartfree.online\/fr\/desactiver-le-flou-de-limage\/\">Outil de d\u00e9floutage d'images<\/a>.<\/li>\n\n\n\n<li class=\"\"><strong>T\u00e9l\u00e9chargez votre image :<\/strong> Cliquez sur le bouton de t\u00e9l\u00e9chargement et s\u00e9lectionnez l'image floue que vous souhaitez corriger.<\/li>\n\n\n\n<li class=\"\"><strong>Ajuster les param\u00e8tres :<\/strong> Utilisez les param\u00e8tres disponibles pour affiner le processus de floutage.<\/li>\n\n\n\n<li class=\"\"><strong>Appliquer les changements :<\/strong> Cliquez sur le bouton \"Unblur\" pour traiter l'image.<\/li>\n\n\n\n<li class=\"\"><strong>T\u00e9l\u00e9charger le r\u00e9sultat :<\/strong> Une fois le processus termin\u00e9, t\u00e9l\u00e9chargez l'image am\u00e9lior\u00e9e.<\/li>\n<\/ol>\n\n\n\n<h3 class=\"wp-block-heading\" id=\"unblur-image-usage-cases\">Cas d'utilisation de l'image Unblur<\/h3>\n\n\n\n<h4 class=\"wp-block-heading\" id=\"enhance-portraits\">Am\u00e9liorer les portraits<\/h4>\n\n\n\n<p class=\"\">Flouter les photos de portrait pour faire ressortir les traits du visage et am\u00e9liorer la qualit\u00e9 g\u00e9n\u00e9rale de l'image.<\/p>\n\n\n\n<h4 class=\"wp-block-heading\" id=\"restore-old-photos\">Restaurer d'anciennes photos<\/h4>\n\n\n\n<p class=\"\">Utilisez les outils de floutage pour \u00e9claircir les vieilles photos de famille floues et pr\u00e9server les souvenirs.<\/p>\n\n\n\n<h4 class=\"wp-block-heading\" id=\"improve-product-photos\">Am\u00e9liorer les photos de produits<\/h4>\n\n\n\n<p class=\"\">Am\u00e9liorez la qualit\u00e9 des images de produits pour les sites de commerce \u00e9lectronique et rendez-les plus attrayantes pour les clients.<\/p>\n\n\n\n<h4 class=\"wp-block-heading\" id=\"fix-blurry-text\">Correction d'un texte flou<\/h4>\n\n\n\n<p class=\"\">Rendre le texte flou dans les documents ou images num\u00e9ris\u00e9s afin d'en am\u00e9liorer la lisibilit\u00e9.<\/p>\n\n\n\n<h4 class=\"wp-block-heading\" id=\"correct-camera-shake\">Corriger le boug\u00e9 de l'appareil photo<\/h4>\n\n\n\n<p class=\"\">Supprimez le flou de boug\u00e9 caus\u00e9 par le tremblement de l'appareil photo sur les photos prises en d\u00e9placement.<\/p>\n\n\n\n<h3 class=\"wp-block-heading\" id=\"comparison-table-of-unblur-image-tools\">Tableau comparatif des outils de d\u00e9floutage d'images<\/h3>\n\n\n\n<figure class=\"wp-block-table\"><table class=\"has-fixed-layout\"><thead><tr><th>Nom de l'outil<\/th><th>URL du site web<\/th><th>Avantages<\/th><th>Inconv\u00e9nients<\/th><\/tr><\/thead><tbody><tr><td>AI Art Outil gratuit de d\u00e9floutage d'images<\/td><td><a href=\"https:\/\/aiartfree.online\/fr\/desactiver-le-flou-de-limage\/\">https:\/\/aiartfree.online\/Unblur-Image<\/a><\/td><td>100% Gratuit, sans inscription, illimit\u00e9<\/td><td>Fonctionnalit\u00e9s avanc\u00e9es limit\u00e9es<\/td><\/tr><tr><td>Fotor<\/td><td>https:\/\/www.fotor.com<\/td><td>Facile \u00e0 utiliser, nombreux outils d'\u00e9dition<\/td><td>Un compte est n\u00e9cessaire pour un acc\u00e8s complet<\/td><\/tr><tr><td>Am\u00e9liorer.Pho.to<\/td><td>https:\/\/enhance.pho.to<\/td><td>Gratuit, Interface simple<\/td><td>Caract\u00e9ristiques limit\u00e9es<\/td><\/tr><tr><td>LunaPic<\/td><td>https:\/\/www.lunapic.com<\/td><td>Gratuit, Outil en ligne<\/td><td>Annonces sur le site<\/td><\/tr><tr><td>PineTools<\/td><td>https:\/\/www.pinetools.com<\/td><td>Gratuit, Vari\u00e9t\u00e9 d'outils<\/td><td>Interface de base<\/td><\/tr><tr><td>Photopea<\/td><td>https:\/\/www.photopea.com<\/td><td>Puissant, gratuit<\/td><td>Peut \u00eatre complexe pour les d\u00e9butants<\/td><\/tr><tr><td>Adobe Photoshop Express<\/td><td>https:\/\/www.photoshop.com\/tools<\/td><td>Une marque de confiance, des r\u00e9sultats de haute qualit\u00e9<\/td><td>Version gratuite limit\u00e9e<\/td><\/tr><tr><td>Snapseed<\/td><td>https:\/\/snapseed.online<\/td><td>Convivialit\u00e9, facilit\u00e9 d'utilisation<\/td><td>N\u00e9cessite un t\u00e9l\u00e9chargement<\/td><\/tr><tr><td>GIMP<\/td><td>https:\/\/www.gimp.org<\/td><td>Gratuit, Open-source<\/td><td>Courbe d'apprentissage abrupte<\/td><\/tr><tr><td>VanceAI<\/td><td><a href=\"https:\/\/vanceai.com\" target=\"_blank\" rel=\"noopener\">https:\/\/vanceai.com<\/a><\/td><td>Des r\u00e9sultats de haute qualit\u00e9, aliment\u00e9s par l'IA<\/td><td>Abonnement payant requis<\/td><\/tr><\/tbody><\/table><\/figure>\n\n\n\n<h3 class=\"wp-block-heading\" id=\"advantages-disadvantages-and-challenges-of-the-industry\">Avantages, inconv\u00e9nients et d\u00e9fis de l'industrie<\/h3>\n\n\n\n<h4 class=\"wp-block-heading\" id=\"advantages\">Avantages<\/h4>\n\n\n\n<ul class=\"wp-block-list\">\n<li class=\"\"><strong>Accessibilit\u00e9 :<\/strong> La plupart des outils sont disponibles en ligne, ce qui en facilite l'acc\u00e8s.<\/li>\n\n\n\n<li class=\"\"><strong>Rentable :<\/strong> De nombreux outils proposent des versions gratuites dot\u00e9es de fonctionnalit\u00e9s puissantes.<\/li>\n\n\n\n<li class=\"\"><strong>Convivialit\u00e9 :<\/strong> Con\u00e7u pour des utilisateurs ayant des niveaux d'expertise vari\u00e9s.<\/li>\n<\/ul>\n\n\n\n<h4 class=\"wp-block-heading\" id=\"disadvantages\">Inconv\u00e9nients<\/h4>\n\n\n\n<ul class=\"wp-block-list\">\n<li class=\"\"><strong>Variance de qualit\u00e9 :<\/strong> Les r\u00e9sultats peuvent varier en fonction de l'outil utilis\u00e9.<\/li>\n\n\n\n<li class=\"\"><strong>Courbe d'apprentissage :<\/strong> Certains outils peuvent n\u00e9cessiter un temps d'apprentissage et de ma\u00eetrise.<\/li>\n\n\n\n<li class=\"\"><strong>Frais d'abonnement :<\/strong> Les fonctions avanc\u00e9es peuvent n\u00e9cessiter des abonnements payants.<\/li>\n<\/ul>\n\n\n\n<h4 class=\"wp-block-heading\" id=\"challenges\">D\u00e9fis<\/h4>\n\n\n\n<ul class=\"wp-block-list\">\n<li class=\"\"><strong>Maintien de la qualit\u00e9 :<\/strong> Garantir des r\u00e9sultats de qualit\u00e9 constante sur diff\u00e9rentes images.<\/li>\n\n\n\n<li class=\"\"><strong>Limites de la technologie :<\/strong> La technologie de l'IA peut ne pas traiter parfaitement tous les types de flou.<\/li>\n\n\n\n<li class=\"\"><strong>Attentes des utilisateurs :<\/strong> R\u00e9pondre aux diverses attentes des utilisateurs pour diff\u00e9rents cas d'utilisation.<\/li>\n<\/ul>\n\n\n\n<h3 class=\"wp-block-heading\" id=\"frequently-asked-questions\">Questions fr\u00e9quemment pos\u00e9es<\/h3>\n\n\n\n<ol class=\"wp-block-list\">\n<li class=\"\"><strong>Comment rendre une image floue ?<\/strong>\n<ul class=\"wp-block-list\">\n<li class=\"\">Utilisez un outil en ligne tel que <a href=\"https:\/\/aiartfree.online\/fr\/desactiver-le-flou-de-limage\/\">AI Art Outil gratuit de d\u00e9floutage d'images<\/a> pour t\u00e9l\u00e9charger et traiter votre image.<\/li>\n<\/ul>\n<\/li>\n\n\n\n<li class=\"\"><strong>Comment rendre les images floues ?<\/strong>\n<ul class=\"wp-block-list\">\n<li class=\"\">S\u00e9lectionnez un outil fiable, t\u00e9l\u00e9chargez votre image, r\u00e9glez les param\u00e8tres et appliquez l'effet de flou.<\/li>\n<\/ul>\n<\/li>\n\n\n\n<li class=\"\"><strong>Comment rendre une image floue ?<\/strong>\n<ul class=\"wp-block-list\">\n<li class=\"\">Suivez le guide \u00e9tape par \u00e9tape fourni ci-dessus \u00e0 l'aide d'un outil bas\u00e9 sur l'IA.<\/li>\n<\/ul>\n<\/li>\n\n\n\n<li class=\"\"><strong>Comment rendre une image floue sur l'iPhone ?<\/strong>\n<ul class=\"wp-block-list\">\n<li class=\"\">Ouvrez votre navigateur et visitez <a href=\"https:\/\/aiartfree.online\/fr\/desactiver-le-flou-de-limage\/\">AI Art Outil gratuit de d\u00e9floutage d'images<\/a> pour rendre votre image moins floue.<\/li>\n<\/ul>\n<\/li>\n\n\n\n<li class=\"\"><strong>Comment d\u00e9boucher une image dans Photoshop ?<\/strong>\n<ul class=\"wp-block-list\">\n<li class=\"\">Ouvrez votre navigateur et visitez <a href=\"https:\/\/aiartfree.online\/fr\/desactiver-le-flou-de-limage\/\">AI Art Outil gratuit de d\u00e9floutage d'images<\/a> pour utiliser une alternative plus simple.<\/li>\n<\/ul>\n<\/li>\n\n\n\n<li class=\"\"><strong>Comment \u00e9claircir une image floue ?<\/strong>\n<ul class=\"wp-block-list\">\n<li class=\"\">Utilisez un outil de nettet\u00e9 pour am\u00e9liorer la clart\u00e9 de votre image.<\/li>\n<\/ul>\n<\/li>\n\n\n\n<li class=\"\"><strong>Comment d\u00e9flouter une photo ?<\/strong>\n<ul class=\"wp-block-list\">\n<li class=\"\">Suivez les \u00e9tapes de la section \"Comment utiliser une image floue\" pour supprimer le flou de votre photo.<\/li>\n<\/ul>\n<\/li>\n\n\n\n<li class=\"\"><strong>Comment corriger des photos floues ?<\/strong>\n<ul class=\"wp-block-list\">\n<li class=\"\">Utilisez un outil de d\u00e9bruitage en ligne pour restaurer la clart\u00e9 de vos photos floues.<\/li>\n<\/ul>\n<\/li>\n\n\n\n<li class=\"\"><strong>Quel est le meilleur outil de d\u00e9floutage ?<\/strong>\n<ul class=\"wp-block-list\">\n<li class=\"\">Les <a href=\"https:\/\/aiartfree.online\/fr\/desactiver-le-flou-de-limage\/\">AI Art Outil gratuit de d\u00e9floutage d'images<\/a> est fortement recommand\u00e9 pour sa facilit\u00e9 d'utilisation et ses fonctionnalit\u00e9s puissantes.<\/li>\n<\/ul>\n<\/li>\n\n\n\n<li class=\"\"><strong>Comment rendre un texte flou dans une image ?<\/strong>\n<ul class=\"wp-block-list\">\n<li class=\"\">Utilisez un outil de suppression du flou pour am\u00e9liorer la lisibilit\u00e9 du texte flou dans vos images.<\/li>\n<\/ul>\n<\/li>\n<\/ol>\n\n\n\n<h3 class=\"wp-block-heading\" id=\"summary\">R\u00e9sum\u00e9<\/h3>\n\n\n\n<p class=\"\">Rendre les images floues n'a jamais \u00e9t\u00e9 aussi facile gr\u00e2ce \u00e0 la disponibilit\u00e9 d'outils puissants aliment\u00e9s par l'IA. Que vous souhaitiez am\u00e9liorer des portraits, restaurer des images anciennes ou corriger un texte flou, ces outils constituent une solution pratique et efficace. Visitez le site <a href=\"https:\/\/aiartfree.online\/fr\/desactiver-le-flou-de-limage\/\">AI Art Outil gratuit de d\u00e9floutage d'images<\/a> pour d\u00e9couvrir le meilleur outil de d\u00e9floutage disponible, 100% gratuit et illimit\u00e9, sans inscription pr\u00e9alable. Transformez vos images floues en photos claires et de haute qualit\u00e9 d\u00e8s aujourd'hui !<\/p>","protected":false},"excerpt":{"rendered":"<p>Before vs After How to use the Unblur Image *&nbsp;Depending on your internet speed, loading the model may take up to 10 seconds \u2193 Unblur Image: The Ultimate Guide to AI-Powered Photo Blur Removal Outline In this comprehensive guide, we will explore the world of image unblurring, its advantages, functions, target audience, and practical uses. &#8230; <a title=\"Rendre l&#039;image floue\" class=\"read-more\" href=\"https:\/\/aiartfree.online\/fr\/desactiver-le-flou-de-limage\/\" aria-label=\"En savoir plus sur Unblur Image\">Lire la suite<\/a><\/p>","protected":false},"author":1,"featured_media":3450,"parent":0,"menu_order":0,"comment_status":"open","ping_status":"closed","template":"","meta":{"nf_dc_page":"","footnotes":""},"class_list":["post-3445","page","type-page","status-publish","has-post-thumbnail"],"jetpack_sharing_enabled":true,"_links":{"self":[{"href":"https:\/\/aiartfree.online\/fr\/wp-json\/wp\/v2\/pages\/3445","targetHints":{"allow":["GET"]}}],"collection":[{"href":"https:\/\/aiartfree.online\/fr\/wp-json\/wp\/v2\/pages"}],"about":[{"href":"https:\/\/aiartfree.online\/fr\/wp-json\/wp\/v2\/types\/page"}],"author":[{"embeddable":true,"href":"https:\/\/aiartfree.online\/fr\/wp-json\/wp\/v2\/users\/1"}],"replies":[{"embeddable":true,"href":"https:\/\/aiartfree.online\/fr\/wp-json\/wp\/v2\/comments?post=3445"}],"version-history":[{"count":1,"href":"https:\/\/aiartfree.online\/fr\/wp-json\/wp\/v2\/pages\/3445\/revisions"}],"predecessor-version":[{"id":3597,"href":"https:\/\/aiartfree.online\/fr\/wp-json\/wp\/v2\/pages\/3445\/revisions\/3597"}],"wp:featuredmedia":[{"embeddable":true,"href":"https:\/\/aiartfree.online\/fr\/wp-json\/wp\/v2\/media\/3450"}],"wp:attachment":[{"href":"https:\/\/aiartfree.online\/fr\/wp-json\/wp\/v2\/media?parent=3445"}],"curies":[{"name":"wp","href":"https:\/\/api.w.org\/{rel}","templated":true}]}}