{"id":3444,"date":"2024-08-02T05:54:16","date_gmt":"2024-08-02T05:54:16","guid":{"rendered":"https:\/\/aiartfree.online\/?page_id=3444"},"modified":"2025-03-07T08:03:21","modified_gmt":"2025-03-07T08:03:21","slug":"ai-picture-generator","status":"publish","type":"page","link":"https:\/\/aiartfree.online\/fr\/generateur-dimages-ai\/","title":{"rendered":"G\u00e9n\u00e9rateur d'images AI"},"content":{"rendered":"<h2 class=\"wp-block-heading has-text-align-center\">Ce que nos utilisateurs ont fait<\/h2>\n\n\n\n<figure class=\"gb-block-image gb-block-image-1822da1f\"><img data-recalc-dims=\"1\" decoding=\"async\" loading=\"lazy\" width=\"1112\" height=\"576\" class=\"gb-image gb-image-1822da1f\" src=\"https:\/\/i0.wp.com\/aiartfree.online\/wp-content\/uploads\/2024\/08\/WX20240802-111707%402x.jpg?resize=1112%2C576&#038;ssl=1\" alt=\"Cr\u00e9ez des images \u00e9tonnantes et uniques sans effort avec AI Art Free. Notre g\u00e9n\u00e9rateur d&#039;images AI 100% gratuit offre un acc\u00e8s illimit\u00e9 et des r\u00e9sultats de haute qualit\u00e9, parfaits pour les m\u00e9dias sociaux, le marketing et l&#039;usage personnel. Aucune inscription n&#039;est n\u00e9cessaire : il vous suffit de saisir un texte et de laisser notre IA transformer vos id\u00e9es en superbes images. Explorez des possibilit\u00e9s infinies avec notre outil puissant et facile \u00e0 utiliser d\u00e8s aujourd&#039;hui !\" title=\"WX20240802-111707@2x\" srcset=\"https:\/\/i0.wp.com\/aiartfree.online\/wp-content\/uploads\/2024\/08\/WX20240802-111707%402x.jpg?w=1112&amp;ssl=1 1112w, https:\/\/i0.wp.com\/aiartfree.online\/wp-content\/uploads\/2024\/08\/WX20240802-111707%402x.jpg?resize=300%2C155&amp;ssl=1 300w, https:\/\/i0.wp.com\/aiartfree.online\/wp-content\/uploads\/2024\/08\/WX20240802-111707%402x.jpg?resize=1024%2C530&amp;ssl=1 1024w, https:\/\/i0.wp.com\/aiartfree.online\/wp-content\/uploads\/2024\/08\/WX20240802-111707%402x.jpg?resize=768%2C398&amp;ssl=1 768w, https:\/\/i0.wp.com\/aiartfree.online\/wp-content\/uploads\/2024\/08\/WX20240802-111707%402x.jpg?resize=18%2C9&amp;ssl=1 18w, https:\/\/i0.wp.com\/aiartfree.online\/wp-content\/uploads\/2024\/08\/WX20240802-111707%402x.jpg?resize=600%2C311&amp;ssl=1 600w\" sizes=\"auto, (max-width: 1112px) 100vw, 1112px\" \/><\/figure>\n\n\n\n<h2 class=\"wp-block-heading\">Comment utiliser le g\u00e9n\u00e9rateur d'images AI<\/h2>\n\n\n\n<ol class=\"wp-block-list\">\n<li class=\"\">T\u00e9l\u00e9chargez votre fichier audio<\/li>\n\n\n\n<li class=\"\">Cliquez sur \"Traduire\"<\/li>\n\n\n\n<li class=\"\">Attendez, c'est \u00e7a !<\/li>\n<\/ol>\n\n\n\n<p class=\"\">* N'h\u00e9sitez pas \u00e0 essayer les exemples ci-dessous si vous n'avez aucune id\u00e9e en t\u00eate.<\/p>\n\n\n\n<h2 class=\"wp-block-heading\">Exemples d'invites<\/h2>\n\n\n\n<ol style=\"font-size:16px\" class=\"wp-block-list\">\n<li class=\"\">illustration \u00e9poustouflante de morgan freeman sur une moto harley davidson, sombre et grin\u00e7ante.<\/li>\n\n\n\n<li class=\"\">Au milieu de la vaste \u00e9tendue d'une n\u00e9buleuse, un astronaute solitaire flotte, attach\u00e9 \u00e0 un vaisseau lumineux. Les gaz rayonnants de la n\u00e9buleuse dansent autour de lui, refl\u00e9tant des couleurs vibrantes sur le scaphandre, cr\u00e9ant un ballet de lumi\u00e8re et de mouvement.<\/li>\n\n\n\n<li class=\"\">Illustration de roman graphique \u00e0 couper le souffle de \u00c0 un carrefour d'une terre d\u00e9sol\u00e9e post-apocalyptique, un vagabond muni d'une guitare faite de ferraille chante des contes de l'ancien monde. Des cr\u00e9atures mutantes se rassemblent autour du feu de camp, les yeux remplis de nostalgie.<\/li>\n\n\n\n<li class=\"\">Illustration de roman graphique \u00e0 couper le souffle d'un enfant chassant des papillons color\u00e9s dans une prairie vibrante.<\/li>\n\n\n\n<li class=\"\">Illustration de roman graphique \u00e0 couper le souffle Sur une plage o\u00f9 les vagues sont tiss\u00e9es d'histoires, un conteur, avec un m\u00e9tier \u00e0 tisser au clair de lune, fabrique des contes \u00e0 partir des mar\u00e9es. Les coquillages chuchotent des l\u00e9gendes et l'horizon est une tapisserie d'aventures \u00e0 raconter.<\/li>\n\n\n\n<li class=\"\">Illustration de roman graphique \u00e0 couper le souffle d'un faucon planant au-dessus d'un d\u00e9sert, \u00e0 la recherche d'une proie.<\/li>\n\n\n\n<li class=\"\">Illustration de roman graphique \u00e0 couper le souffle Au plus profond du cercle arctique, une aurore peint le ciel de teintes vibrantes de vert, de rose et de violet. La neige en contrebas refl\u00e8te cette danse de lumi\u00e8res et le monde est envelopp\u00e9 d'une symphonie de couleurs envo\u00fbtante.<\/li>\n\n\n\n<li class=\"\">Illustration de roman graphique \u00e0 couper le souffle d'un tatoueur d\u00e9taillant un motif complexe sur le dos d'un client.<\/li>\n\n\n\n<li class=\"\">Illustration de roman graphique \u00e0 couper le souffle d'une femme, drap\u00e9e dans des soies color\u00e9es, lisant des cartes de tarot dans une tente \u00e9clair\u00e9e \u00e0 la bougie.<\/li>\n\n\n\n<li class=\"\">Illustration de roman graphique \u00e0 couper le souffle repr\u00e9sentant deux sp\u00e9l\u00e9ologues tra\u00e7ant la carte d'une caverne profonde, des torches \u00e9clairant le chemin.<\/li>\n<\/ol>\n\n\n\n<figure class=\"gb-block-image gb-block-image-032aac41\"><a href=\"https:\/\/fas.st\/t\/9U4PYbm7\" target=\"_blank\" rel=\"noopener noreferrer\"><img data-recalc-dims=\"1\" decoding=\"async\" loading=\"lazy\" width=\"1200\" height=\"365\" class=\"gb-image gb-image-032aac41\" src=\"https:\/\/i0.wp.com\/aiartfree.online\/wp-content\/uploads\/2025\/03\/WX20250307-115412%402x.webp?resize=1200%2C365&#038;ssl=1\" alt=\"\" title=\"WX20250307-115412@2x\" srcset=\"https:\/\/i0.wp.com\/aiartfree.online\/wp-content\/uploads\/2025\/03\/WX20250307-115412%402x.webp?w=1942&amp;ssl=1 1942w, https:\/\/i0.wp.com\/aiartfree.online\/wp-content\/uploads\/2025\/03\/WX20250307-115412%402x.webp?resize=300%2C91&amp;ssl=1 300w, https:\/\/i0.wp.com\/aiartfree.online\/wp-content\/uploads\/2025\/03\/WX20250307-115412%402x.webp?resize=1024%2C312&amp;ssl=1 1024w, https:\/\/i0.wp.com\/aiartfree.online\/wp-content\/uploads\/2025\/03\/WX20250307-115412%402x.webp?resize=768%2C234&amp;ssl=1 768w, https:\/\/i0.wp.com\/aiartfree.online\/wp-content\/uploads\/2025\/03\/WX20250307-115412%402x.webp?resize=1536%2C467&amp;ssl=1 1536w, https:\/\/i0.wp.com\/aiartfree.online\/wp-content\/uploads\/2025\/03\/WX20250307-115412%402x.webp?resize=18%2C5&amp;ssl=1 18w, https:\/\/i0.wp.com\/aiartfree.online\/wp-content\/uploads\/2025\/03\/WX20250307-115412%402x.webp?resize=600%2C183&amp;ssl=1 600w\" sizes=\"auto, (max-width: 1200px) 100vw, 1200px\" \/><\/a><\/figure>\n\n\n\n<p class=\"\"><em>* En fonction de votre vitesse d'acc\u00e8s \u00e0 Internet, le chargement du mod\u00e8le peut prendre <\/em>jusqu'\u00e0 10 secondes \u2193<\/p>\n\n\n\n<div class=\"iframe-wrapper\" style=\"position: relative; width: 100%; height: 1000px;\">\n  <div class=\"loading\" style=\"position: absolute; top: 50px; left: 50%; transform: translate(-50%, -50%); width: 40px; height: 40px; border: 3px solid #f0f0f0; border-top: 3px solid #db7093; border-radius: 50%; animation: spin 1s linear infinite;\"><\/div>\n  <iframe loading=\"lazy\" src=\"https:\/\/ap123-sdxl-lightning.hf.space\" frameborder=\"0\" width=\"100%\" height=\"100%\" style=\"position: absolute; top: 0; left: 0; opacity: 0; transition: opacity 0.3s;\" onload=\"this.style.opacity=1;this.previousElementSibling.style.display='none';\"><\/iframe>\n<\/div>\n\n<style>\n@keyframes spin {\n  0% { transform: translate(-50%, -50%) rotate(0deg); }\n  100% { transform: translate(-50%, -50%) rotate(360deg); }\n}\n<\/style>\n\n\n\n<div style=\"height:80px\" aria-hidden=\"true\" class=\"wp-block-spacer\"><\/div>\n\n\n\n<h2 class=\"wp-block-heading\">G\u00e9n\u00e9rateur d'images AI : Le guide ultime<\/h2>\n\n\n\n<h3 class=\"wp-block-heading\">Aper\u00e7u<\/h3>\n\n\n\n<p class=\"\">Les g\u00e9n\u00e9rateurs d'images par IA r\u00e9volutionnent la mani\u00e8re dont nous cr\u00e9ons des images, en offrant 100% des images gratuites, illimit\u00e9es, de haute qualit\u00e9 et uniques. Ce guide explore la d\u00e9finition, les avantages, les fonctions, le public cible, les cas d'utilisation, les avantages pour l'industrie et les d\u00e9fis. Nous passerons \u00e9galement en revue les meilleurs outils et proposerons une section FAQ pour r\u00e9pondre aux questions les plus courantes.<\/p>\n\n\n\n<h3 class=\"wp-block-heading\">Table des mati\u00e8res<\/h3>\n\n\n\n<ul class=\"wp-block-list\">\n<li class=\"\"><a href=\"#what-is-an-ai-picture-generator\">Qu'est-ce qu'un g\u00e9n\u00e9rateur d'images d'IA ?<\/a><\/li>\n\n\n\n<li class=\"\"><a href=\"#why-use-an-ai-picture-generator\">Pourquoi utiliser un g\u00e9n\u00e9rateur d'images d'IA ?<\/a><\/li>\n\n\n\n<li class=\"\"><a href=\"#main-features-of-ai-picture-generators\">Principales caract\u00e9ristiques des g\u00e9n\u00e9rateurs d'images d'IA<\/a>\n<ul class=\"wp-block-list\">\n<li class=\"\"><a href=\"#100-free\">100% Gratuit<\/a><\/li>\n\n\n\n<li class=\"\"><a href=\"#unlimited-usage\">Utilisation illimit\u00e9e<\/a><\/li>\n\n\n\n<li class=\"\"><a href=\"#high-quality-outputs\">Sorties de haute qualit\u00e9<\/a><\/li>\n<\/ul>\n<\/li>\n\n\n\n<li class=\"\"><a href=\"#who-should-use-ai-picture-generators\">\u00c0 qui s'adressent les g\u00e9n\u00e9rateurs d'images d'IA ?<\/a><\/li>\n\n\n\n<li class=\"\"><a href=\"#industry-applications-of-ai-picture-generators\">Applications industrielles des g\u00e9n\u00e9rateurs d'images d'IA<\/a><\/li>\n\n\n\n<li class=\"\"><a href=\"#how-to-use-an-ai-picture-generator\">Comment utiliser un g\u00e9n\u00e9rateur d'images d'IA<\/a><\/li>\n\n\n\n<li class=\"\"><a href=\"#ai-picture-generator-use-cases\">Cas d'utilisation du g\u00e9n\u00e9rateur d'images AI<\/a>\n<ul class=\"wp-block-list\">\n<li class=\"\"><a href=\"#social-media-content-creation\">Cr\u00e9ation de contenu pour les m\u00e9dias sociaux<\/a><\/li>\n\n\n\n<li class=\"\"><a href=\"#marketing-and-advertising\">Marketing et publicit\u00e9<\/a><\/li>\n\n\n\n<li class=\"\"><a href=\"#website-design\">Conception du site web<\/a><\/li>\n<\/ul>\n<\/li>\n\n\n\n<li class=\"\"><a href=\"#top-10-ai-picture-generators-and-their-pros-and-cons\">Les 10 meilleurs g\u00e9n\u00e9rateurs d'images d'IA et leurs avantages et inconv\u00e9nients<\/a><\/li>\n\n\n\n<li class=\"\"><a href=\"#pros-cons-and-challenges-in-the-ai-picture-generator-industry\">Avantages, inconv\u00e9nients et d\u00e9fis de l'industrie des g\u00e9n\u00e9rateurs d'images d'IA<\/a><\/li>\n\n\n\n<li class=\"\"><a href=\"#faq\">FAQ<\/a><\/li>\n\n\n\n<li class=\"\"><a href=\"#summary-and-call-to-action\">R\u00e9sum\u00e9 et appel \u00e0 l'action<\/a><\/li>\n<\/ul>\n\n\n\n<h3 class=\"wp-block-heading\">Qu'est-ce qu'un g\u00e9n\u00e9rateur d'images d'IA ?<\/h3>\n\n\n\n<p class=\"\">Un g\u00e9n\u00e9rateur d'images d'IA est un outil qui utilise l'intelligence artificielle pour cr\u00e9er des images \u00e0 partir de textes. Ces outils peuvent g\u00e9n\u00e9rer des images uniques et de haute qualit\u00e9 \u00e0 partir de descriptions fournies par l'utilisateur, ce qui favorise la cr\u00e9ativit\u00e9 et l'efficacit\u00e9 dans la cr\u00e9ation d'images.<\/p>\n\n\n\n<h3 class=\"wp-block-heading\">Pourquoi utiliser un g\u00e9n\u00e9rateur d'images d'IA ?<\/h3>\n\n\n\n<p class=\"\">Les g\u00e9n\u00e9rateurs d'images AI offrent de nombreux avantages :<\/p>\n\n\n\n<ul class=\"wp-block-list\">\n<li class=\"\"><strong>100% Gratuit :<\/strong> De nombreux outils, tels que <a href=\"https:\/\/aiartfree.online\/fr\/generateur-dimages-ai\/\">AI Art Gratuit<\/a>Les services d'accueil et d'h\u00e9bergement sont en acc\u00e8s libre.<\/li>\n\n\n\n<li class=\"\"><strong>Utilisation illimit\u00e9e :<\/strong> Aucune restriction sur le nombre d'images g\u00e9n\u00e9r\u00e9es.<\/li>\n\n\n\n<li class=\"\"><strong>Sorties de haute qualit\u00e9 :<\/strong> Produit des images de qualit\u00e9 professionnelle.<\/li>\n\n\n\n<li class=\"\"><strong>Aucune inscription n'est requise :<\/strong> Acc\u00e8s facile et rapide.<\/li>\n\n\n\n<li class=\"\"><strong>Images g\u00e9n\u00e9r\u00e9es par l'IA :<\/strong> Veiller \u00e0 l'originalit\u00e9 et \u00e0 la cr\u00e9ativit\u00e9.<\/li>\n<\/ul>\n\n\n\n<h3 class=\"wp-block-heading\">Principales caract\u00e9ristiques des g\u00e9n\u00e9rateurs d'images d'IA<\/h3>\n\n\n\n<h4 class=\"wp-block-heading\">100% Gratuit<\/h4>\n\n\n\n<p class=\"\">G\u00e9n\u00e9rateurs d'images d'IA comme <a href=\"https:\/\/aiartfree.online\/fr\/generateur-dimages-ai\/\">AI Art Gratuit<\/a> offrent des services enti\u00e8rement gratuits, ce qui les rend accessibles \u00e0 tous.<\/p>\n\n\n\n<h4 class=\"wp-block-heading\">Utilisation illimit\u00e9e<\/h4>\n\n\n\n<p class=\"\">Ces outils permettent aux utilisateurs de g\u00e9n\u00e9rer un nombre illimit\u00e9 d'images, favorisant ainsi une grande cr\u00e9ativit\u00e9 sans limites.<\/p>\n\n\n\n<h4 class=\"wp-block-heading\">Sorties de haute qualit\u00e9<\/h4>\n\n\n\n<p class=\"\">Les g\u00e9n\u00e9rateurs d'images AI produisent des images de haute r\u00e9solution et de qualit\u00e9 professionnelle adapt\u00e9es \u00e0 diverses applications.<\/p>\n\n\n\n<h3 class=\"wp-block-heading\">\u00c0 qui s'adressent les g\u00e9n\u00e9rateurs d'images d'IA ?<\/h3>\n\n\n\n<ul class=\"wp-block-list\">\n<li class=\"\"><strong>Cr\u00e9ateurs de contenu :<\/strong> Blogueurs, vlogueurs et influenceurs des m\u00e9dias sociaux.<\/li>\n\n\n\n<li class=\"\"><strong>Les sp\u00e9cialistes du marketing :<\/strong> Professionnels de la publicit\u00e9 ayant besoin de visuels uniques.<\/li>\n\n\n\n<li class=\"\"><strong>Concepteurs de sites web :<\/strong> D\u00e9veloppeurs \u00e0 la recherche d'images personnalis\u00e9es pour des sites web.<\/li>\n\n\n\n<li class=\"\"><strong>Les artistes :<\/strong> Les personnes souhaitant d\u00e9couvrir l'art g\u00e9n\u00e9r\u00e9 par l'IA.<\/li>\n<\/ul>\n\n\n\n<h3 class=\"wp-block-heading\">Applications industrielles des g\u00e9n\u00e9rateurs d'images d'IA<\/h3>\n\n\n\n<ul class=\"wp-block-list\">\n<li class=\"\"><strong>La publicit\u00e9 :<\/strong> Cr\u00e9er des visuels accrocheurs pour les campagnes de marketing.<\/li>\n\n\n\n<li class=\"\"><strong>Commerce \u00e9lectronique :<\/strong> Concevoir des images de produits et am\u00e9liorer les listes en ligne.<\/li>\n\n\n\n<li class=\"\"><strong>M\u00e9dias et divertissements :<\/strong> Cr\u00e9er des visuels pour des publications et des projets multim\u00e9dias.<\/li>\n\n\n\n<li class=\"\"><strong>\u00c9ducation :<\/strong> Produire du mat\u00e9riel p\u00e9dagogique et des aides visuelles.<\/li>\n<\/ul>\n\n\n\n<h3 class=\"wp-block-heading\">Comment utiliser un g\u00e9n\u00e9rateur d'images d'IA<\/h3>\n\n\n\n<ol class=\"wp-block-list\">\n<li class=\"\"><strong>Saisir une invite de texte :<\/strong> D\u00e9crivez l'image que vous souhaitez cr\u00e9er.<\/li>\n\n\n\n<li class=\"\"><strong>S\u00e9lectionnez Pr\u00e9f\u00e9rences :<\/strong> Choisissez le style, la r\u00e9solution et d'autres param\u00e8tres.<\/li>\n\n\n\n<li class=\"\"><strong>G\u00e9n\u00e9rer une image :<\/strong> Cliquez pour cr\u00e9er l'image.<\/li>\n\n\n\n<li class=\"\"><strong>T\u00e9l\u00e9charger et utiliser :<\/strong> Enregistrer et utiliser l'image g\u00e9n\u00e9r\u00e9e.<\/li>\n<\/ol>\n\n\n\n<h3 class=\"wp-block-heading\">Cas d'utilisation du g\u00e9n\u00e9rateur d'images AI<\/h3>\n\n\n\n<h4 class=\"wp-block-heading\">Cr\u00e9ation de contenu pour les m\u00e9dias sociaux<\/h4>\n\n\n\n<p class=\"\">Les images g\u00e9n\u00e9r\u00e9es par l'IA peuvent am\u00e9liorer les posts, les histoires et les publicit\u00e9s sur les m\u00e9dias sociaux gr\u00e2ce \u00e0 des visuels uniques.<\/p>\n\n\n\n<h4 class=\"wp-block-heading\">Marketing et publicit\u00e9<\/h4>\n\n\n\n<p class=\"\">Les entreprises peuvent utiliser des images g\u00e9n\u00e9r\u00e9es par l'IA pour leurs documents promotionnels, leurs publicit\u00e9s et leurs banni\u00e8res.<\/p>\n\n\n\n<h4 class=\"wp-block-heading\">Conception du site web<\/h4>\n\n\n\n<p class=\"\">Les d\u00e9veloppeurs web peuvent cr\u00e9er des graphiques personnalis\u00e9s pour les sites web, garantissant ainsi un aspect unique et professionnel.<\/p>\n\n\n\n<h3 class=\"wp-block-heading\">Les 10 meilleurs g\u00e9n\u00e9rateurs d'images d'IA et leurs avantages et inconv\u00e9nients<\/h3>\n\n\n\n<figure class=\"wp-block-table\"><table class=\"has-fixed-layout\"><thead><tr><th>Outil<\/th><th>Site web<\/th><th>Pour<\/th><th>Cons<\/th><\/tr><\/thead><tbody><tr><td>AI Art Gratuit<\/td><td><a href=\"https:\/\/aiartfree.online\/fr\/generateur-dimages-ai\/\">aiartfree.online<\/a><\/td><td>100% Gratuit, illimit\u00e9, de haute qualit\u00e9<\/td><td>Aucun<\/td><\/tr><tr><td>DALL-E 2<\/td><td><a href=\"https:\/\/www.openai.com\/dall-e-2\" target=\"_blank\" rel=\"noopener\">openai.com<\/a><\/td><td>Haute qualit\u00e9, cr\u00e9ativit\u00e9<\/td><td>Utilisation gratuite limit\u00e9e<\/td><\/tr><tr><td>DeepArt<\/td><td><a href=\"https:\/\/deepart.io\" target=\"_blank\" rel=\"noopener\">deepart.io<\/a><\/td><td>Styles artistiques, images uniques<\/td><td>Plans pay\u00e9s<\/td><\/tr><tr><td>Artbreeder<\/td><td><a href=\"https:\/\/artbreeder.com\" target=\"_blank\" rel=\"noopener\">artbreeder.com<\/a><\/td><td>Collaboratif, personnalisable<\/td><td>Courbe d'apprentissage<\/td><\/tr><tr><td>NightCafe<\/td><td><a>nightcafe.studio<\/a><\/td><td>Facilit\u00e9 d'utilisation, diversit\u00e9 des styles<\/td><td>Certaines caract\u00e9ristiques pay\u00e9es<\/td><\/tr><tr><td>Piste ML<\/td><td><a href=\"https:\/\/runwayml.com\" target=\"_blank\" rel=\"noopener\">runwayml.com<\/a><\/td><td>Outils professionnels, polyvalents<\/td><td>Abonnement requis<\/td><\/tr><tr><td>Grand sommeil<\/td><td><a href=\"https:\/\/bigsleep.dev\" target=\"_blank\" rel=\"noopener\">bigsleep.dev<\/a><\/td><td>Images r\u00e9alistes, Open Source<\/td><td>N\u00e9cessite des connaissances techniques<\/td><\/tr><tr><td>PeinturesChainer<\/td><td><a>paintschainer.preferred.tech<\/a><\/td><td>AI Coloring, convivialit\u00e9<\/td><td>Caract\u00e9ristiques limit\u00e9es<\/td><\/tr><tr><td>Picas<\/td><td><a href=\"https:\/\/picas.tech\" target=\"_blank\" rel=\"noopener\">picas.tech<\/a><\/td><td>Filtres rapides et cr\u00e9atifs<\/td><td>Images en filigrane<\/td><\/tr><tr><td>GauGAN<\/td><td><a href=\"https:\/\/nvidia.com\/research\/ai\/augan\" target=\"_blank\" rel=\"noopener\">nvidia.com<\/a><\/td><td>Paysages r\u00e9alistes, haute qualit\u00e9<\/td><td>N\u00e9cessite un GPU<\/td><\/tr><\/tbody><\/table><\/figure>\n\n\n\n<h3 class=\"wp-block-heading\">Avantages, inconv\u00e9nients et d\u00e9fis de l'industrie des g\u00e9n\u00e9rateurs d'images d'IA<\/h3>\n\n\n\n<h4 class=\"wp-block-heading\">Pour<\/h4>\n\n\n\n<ul class=\"wp-block-list\">\n<li class=\"\"><strong>Accessibilit\u00e9 :<\/strong> Des outils comme AI Art Free offrent un acc\u00e8s gratuit et illimit\u00e9.<\/li>\n\n\n\n<li class=\"\"><strong>Cr\u00e9ativit\u00e9 :<\/strong> L'IA peut produire des images uniques et cr\u00e9atives.<\/li>\n\n\n\n<li class=\"\"><strong>Efficacit\u00e9 :<\/strong> Permet de gagner du temps lors de la cr\u00e9ation de visuels.<\/li>\n<\/ul>\n\n\n\n<h4 class=\"wp-block-heading\">Cons<\/h4>\n\n\n\n<ul class=\"wp-block-list\">\n<li class=\"\"><strong>Variabilit\u00e9 de la qualit\u00e9 :<\/strong> Certains outils peuvent produire des r\u00e9sultats incoh\u00e9rents.<\/li>\n\n\n\n<li class=\"\"><strong>Courbe d'apprentissage :<\/strong> Une certaine compr\u00e9hension est n\u00e9cessaire pour une utilisation efficace.<\/li>\n\n\n\n<li class=\"\"><strong>D\u00e9pendance \u00e0 l'\u00e9gard des messages textes :<\/strong> La qualit\u00e9 des images d\u00e9pend de la qualit\u00e9 des descriptions.<\/li>\n<\/ul>\n\n\n\n<h4 class=\"wp-block-heading\">D\u00e9fis<\/h4>\n\n\n\n<ul class=\"wp-block-list\">\n<li class=\"\"><strong>Pr\u00e9occupations \u00e9thiques :<\/strong> Questions li\u00e9es aux droits d'auteur et \u00e0 l'originalit\u00e9.<\/li>\n\n\n\n<li class=\"\"><strong>Limites techniques :<\/strong> Certains outils n\u00e9cessitent un mat\u00e9riel avanc\u00e9.<\/li>\n\n\n\n<li class=\"\"><strong>Saturation du march\u00e9 :<\/strong> De nombreux outils sont disponibles, ce qui rend difficile le choix du meilleur.<\/li>\n<\/ul>\n\n\n\n<h3 class=\"wp-block-heading\">FAQ<\/h3>\n\n\n\n<ol class=\"wp-block-list\">\n<li class=\"\"><strong>Cette image est-elle g\u00e9n\u00e9r\u00e9e par l'IA ?<\/strong>\n<ul class=\"wp-block-list\">\n<li class=\"\">Les images g\u00e9n\u00e9r\u00e9es par l'IA sont cr\u00e9\u00e9es \u00e0 l'aide d'algorithmes bas\u00e9s sur des invites textuelles.<\/li>\n<\/ul>\n<\/li>\n\n\n\n<li class=\"\"><strong>Comment savoir si une image est g\u00e9n\u00e9r\u00e9e par l'IA ?<\/strong>\n<ul class=\"wp-block-list\">\n<li class=\"\">Recherchez des \u00e9l\u00e9ments uniques, souvent surr\u00e9alistes, et l'absence d'imperfections que l'on trouve dans les \u0153uvres d'art cr\u00e9\u00e9es par l'homme.<\/li>\n<\/ul>\n<\/li>\n\n\n\n<li class=\"\"><strong>Comment g\u00e9n\u00e9rer des images d'IA ?<\/strong>\n<ul class=\"wp-block-list\">\n<li class=\"\">Utilisez des outils tels que <a href=\"https:\/\/aiartfree.online\/fr\/generateur-dimages-ai\/\">AI Art Gratuit<\/a> en saisissant des invites de texte.<\/li>\n<\/ul>\n<\/li>\n\n\n\n<li class=\"\"><strong>Comment g\u00e9n\u00e9rer des images avec l'IA ?<\/strong>\n<ul class=\"wp-block-list\">\n<li class=\"\">Saisissez une description textuelle et laissez l'IA traiter et cr\u00e9er l'image.<\/li>\n<\/ul>\n<\/li>\n\n\n\n<li class=\"\"><strong>Comment cr\u00e9er des images g\u00e9n\u00e9r\u00e9es par l'IA ?<\/strong>\n<ul class=\"wp-block-list\">\n<li class=\"\">Utilisez les g\u00e9n\u00e9rateurs d'images AI pour convertir les descriptions textuelles en images.<\/li>\n<\/ul>\n<\/li>\n\n\n\n<li class=\"\"><strong>Quel est le meilleur g\u00e9n\u00e9rateur d'images d'IA ?<\/strong>\n<ul class=\"wp-block-list\">\n<li class=\"\"><a href=\"https:\/\/aiartfree.online\/fr\/generateur-dimages-ai\/\">AI Art Gratuit<\/a> est fortement recommand\u00e9 pour ses fonctionnalit\u00e9s gratuites et illimit\u00e9es.<\/li>\n<\/ul>\n<\/li>\n\n\n\n<li class=\"\"><strong>Les images g\u00e9n\u00e9r\u00e9es par l'IA peuvent-elles \u00eatre utilis\u00e9es \u00e0 des fins commerciales ?<\/strong>\n<ul class=\"wp-block-list\">\n<li class=\"\">Oui, de nombreux g\u00e9n\u00e9rateurs d'images d'IA autorisent l'utilisation commerciale, mais il convient de v\u00e9rifier les conditions d'utilisation de l'outil en question.<\/li>\n<\/ul>\n<\/li>\n\n\n\n<li class=\"\"><strong>Les images g\u00e9n\u00e9r\u00e9es par l'IA sont-elles libres de droits ?<\/strong>\n<ul class=\"wp-block-list\">\n<li class=\"\">Souvent, oui, mais v\u00e9rifiez avec l'outil sp\u00e9cifique.<\/li>\n<\/ul>\n<\/li>\n\n\n\n<li class=\"\"><strong>Quels styles peuvent avoir les images g\u00e9n\u00e9r\u00e9es par l'IA ?<\/strong>\n<ul class=\"wp-block-list\">\n<li class=\"\">L'IA peut g\u00e9n\u00e9rer diff\u00e9rents styles, de l'art r\u00e9aliste \u00e0 l'art abstrait.<\/li>\n<\/ul>\n<\/li>\n\n\n\n<li class=\"\"><strong>Comment am\u00e9liorer les images g\u00e9n\u00e9r\u00e9es par l'IA ?<\/strong>\n<ul class=\"wp-block-list\">\n<li class=\"\">Utilisez des outils de retouche photo pour affiner et am\u00e9liorer les images.<\/li>\n<\/ul>\n<\/li>\n<\/ol>\n\n\n\n<h3 class=\"wp-block-heading\">R\u00e9sum\u00e9<\/h3>\n\n\n\n<p class=\"\">G\u00e9n\u00e9rateurs d'images d'IA comme <a href=\"https:\/\/aiartfree.online\/fr\/generateur-dimages-ai\/\">AI Art Gratuit<\/a> offrent \u00e0 100% des solutions de cr\u00e9ation d'images gratuites, illimit\u00e9es, de haute qualit\u00e9 et uniques. Ces outils s'adressent \u00e0 un large \u00e9ventail d'utilisateurs, des cr\u00e9ateurs de contenu aux sp\u00e9cialistes du marketing, et offrent un moyen efficace et cr\u00e9atif de g\u00e9n\u00e9rer des visuels. Adoptez l'avenir de la cr\u00e9ation d'images avec l'IA et transformez votre contenu visuel sans effort.<\/p>\n\n\n\n<p class=\"\">Pr\u00eat \u00e0 cr\u00e9er des images \u00e9poustouflantes ? Visitez le site <a href=\"https:\/\/aiartfree.online\/fr\/generateur-dimages-ai\/\">AI Art Gratuit<\/a> et commencez \u00e0 g\u00e9n\u00e9rer des revenus d\u00e8s aujourd'hui !<\/p>\n\n\n\n<p class=\"\"><\/p>","protected":false},"excerpt":{"rendered":"<p>Ce que nos utilisateurs ont fait Comment utiliser le g\u00e9n\u00e9rateur d'images d'IA * N'h\u00e9sitez pas \u00e0 essayer nos exemples ci-dessous si vous n'avez aucune id\u00e9e en t\u00eate Exemples d'invites * En fonction de votre vitesse Internet, le chargement du mod\u00e8le peut prendre jusqu'\u00e0 10 secondes \u2193 G\u00e9n\u00e9rateur d'images d'IA : Le guide ultime Les g\u00e9n\u00e9rateurs d'images d'IA en bref ... <a title=\"G\u00e9n\u00e9rateur d&#039;images AI\" class=\"read-more\" href=\"https:\/\/aiartfree.online\/fr\/generateur-dimages-ai\/\" aria-label=\"En savoir plus sur AI Picture Generator\">Lire la suite<\/a><\/p>","protected":false},"author":1,"featured_media":3468,"parent":0,"menu_order":0,"comment_status":"open","ping_status":"closed","template":"","meta":{"nf_dc_page":"","footnotes":""},"class_list":["post-3444","page","type-page","status-publish","has-post-thumbnail"],"jetpack_sharing_enabled":true,"_links":{"self":[{"href":"https:\/\/aiartfree.online\/fr\/wp-json\/wp\/v2\/pages\/3444","targetHints":{"allow":["GET"]}}],"collection":[{"href":"https:\/\/aiartfree.online\/fr\/wp-json\/wp\/v2\/pages"}],"about":[{"href":"https:\/\/aiartfree.online\/fr\/wp-json\/wp\/v2\/types\/page"}],"author":[{"embeddable":true,"href":"https:\/\/aiartfree.online\/fr\/wp-json\/wp\/v2\/users\/1"}],"replies":[{"embeddable":true,"href":"https:\/\/aiartfree.online\/fr\/wp-json\/wp\/v2\/comments?post=3444"}],"version-history":[{"count":1,"href":"https:\/\/aiartfree.online\/fr\/wp-json\/wp\/v2\/pages\/3444\/revisions"}],"predecessor-version":[{"id":3594,"href":"https:\/\/aiartfree.online\/fr\/wp-json\/wp\/v2\/pages\/3444\/revisions\/3594"}],"wp:featuredmedia":[{"embeddable":true,"href":"https:\/\/aiartfree.online\/fr\/wp-json\/wp\/v2\/media\/3468"}],"wp:attachment":[{"href":"https:\/\/aiartfree.online\/fr\/wp-json\/wp\/v2\/media?parent=3444"}],"curies":[{"name":"wp","href":"https:\/\/api.w.org\/{rel}","templated":true}]}}