{"id":3435,"date":"2024-08-01T13:24:54","date_gmt":"2024-08-01T13:24:54","guid":{"rendered":"https:\/\/aiartfree.online\/?page_id=3435"},"modified":"2025-03-07T08:24:14","modified_gmt":"2025-03-07T08:24:14","slug":"audio-translator","status":"publish","type":"page","link":"https:\/\/aiartfree.online\/fr\/traducteur-audio\/","title":{"rendered":"Traducteur audio"},"content":{"rendered":"<h2 class=\"wp-block-heading\" id=\"how-to-use-the-audio-translator\">Comment utiliser le traducteur audio<\/h2>\n\n\n\n<ol class=\"wp-block-list\">\n<li class=\"\">S\u00e9lectionnez votre langue cible<\/li>\n\n\n\n<li class=\"\">T\u00e9l\u00e9chargez votre fichier audio<\/li>\n\n\n\n<li class=\"\">Cliquez sur \"Traduire\"<\/li>\n\n\n\n<li class=\"\">Attendez, c'est \u00e7a !<\/li>\n<\/ol>\n\n\n\n<figure class=\"gb-block-image gb-block-image-4dfafe81\"><a href=\"https:\/\/fas.st\/t\/XmtmoHSk\" target=\"_blank\" rel=\"noopener noreferrer\"><img data-recalc-dims=\"1\" decoding=\"async\" loading=\"lazy\" width=\"1200\" height=\"368\" class=\"gb-image gb-image-4dfafe81\" src=\"https:\/\/i0.wp.com\/aiartfree.online\/wp-content\/uploads\/2025\/03\/WX20250307-114300%402x.webp?resize=1200%2C368&#038;ssl=1\" alt=\"\" title=\"WX20250307-114300@2x\" srcset=\"https:\/\/i0.wp.com\/aiartfree.online\/wp-content\/uploads\/2025\/03\/WX20250307-114300%402x.webp?w=1900&amp;ssl=1 1900w, https:\/\/i0.wp.com\/aiartfree.online\/wp-content\/uploads\/2025\/03\/WX20250307-114300%402x.webp?resize=300%2C92&amp;ssl=1 300w, https:\/\/i0.wp.com\/aiartfree.online\/wp-content\/uploads\/2025\/03\/WX20250307-114300%402x.webp?resize=1024%2C314&amp;ssl=1 1024w, https:\/\/i0.wp.com\/aiartfree.online\/wp-content\/uploads\/2025\/03\/WX20250307-114300%402x.webp?resize=768%2C235&amp;ssl=1 768w, https:\/\/i0.wp.com\/aiartfree.online\/wp-content\/uploads\/2025\/03\/WX20250307-114300%402x.webp?resize=1536%2C471&amp;ssl=1 1536w, https:\/\/i0.wp.com\/aiartfree.online\/wp-content\/uploads\/2025\/03\/WX20250307-114300%402x.webp?resize=18%2C6&amp;ssl=1 18w, https:\/\/i0.wp.com\/aiartfree.online\/wp-content\/uploads\/2025\/03\/WX20250307-114300%402x.webp?resize=600%2C184&amp;ssl=1 600w\" sizes=\"auto, (max-width: 1200px) 100vw, 1200px\" \/><\/a><\/figure>\n\n\n\n<p class=\"\"><em>* En fonction de votre vitesse d'acc\u00e8s \u00e0 Internet, le chargement du mod\u00e8le peut prendre <\/em>jusqu'\u00e0 10 secondes \u2193<\/p>\n\n\n\n<div class=\"iframe-wrapper\" style=\"position: relative; width: 100%; height: 1250px;\">\n  <div class=\"loading\" style=\"position: absolute; top: 50px; left: 50%; transform: translate(-50%, -50%); width: 40px; height: 40px; border: 3px solid #f0f0f0; border-top: 3px solid #db7093; border-radius: 50%; animation: spin 1s linear infinite;\"><\/div>\n  <iframe loading=\"lazy\" src=\"https:\/\/facebook-seamless-m4t.hf.space\" frameborder=\"0\" width=\"100%\" height=\"100%\" style=\"position: absolute; top: 0; left: 0; opacity: 0; transition: opacity 0.3s;\" onload=\"this.style.opacity=1;this.previousElementSibling.style.display='none';\"><\/iframe>\n<\/div>\n\n<style>\n@keyframes spin {\n  0% { transform: translate(-50%, -50%) rotate(0deg); }\n  100% { transform: translate(-50%, -50%) rotate(360deg); }\n}\n<\/style>\n\n\n\n<div style=\"height:80px\" aria-hidden=\"true\" class=\"wp-block-spacer\"><\/div>\n\n\n\n<h2 class=\"wp-block-heading\" id=\"audio-translator-the-ultimate-guide\">Traducteur audio : Le guide ultime<\/h2>\n\n\n\n<div class=\"wp-block-rank-math-toc-block\" id=\"rank-math-toc\"><h3>Table des mati\u00e8res<\/h3><nav><ul><li><a href=\"#introduction\">Introduction<\/a><\/li><li><a href=\"#what-is-an-audio-translator\">Qu'est-ce qu'un traducteur audio ?<\/a><\/li><li><a href=\"#why-use-an-audio-translator\">Pourquoi utiliser un traducteur audio ?<\/a><ul><li><a href=\"#advantages\">Avantages<\/a><\/li><\/ul><\/li><li><a href=\"#main-features-of-audio-translators\">Principales caract\u00e9ristiques des traducteurs audio<\/a><ul><li><a href=\"#1-speech-recognition\">1. Reconnaissance de la parole<\/a><\/li><li><a href=\"#2-multi-language-support\">2. Prise en charge multilingue<\/a><\/li><li><a href=\"#3-real-time-translation\">3. Traduction en temps r\u00e9el<\/a><\/li><li><a href=\"#4-text-to-speech\">4. Synth\u00e8se vocale<\/a><\/li><li><a href=\"#5-file-upload-and-conversion\">5. T\u00e9l\u00e9chargement et conversion de fichiers<\/a><\/li><\/ul><\/li><li><a href=\"#who-should-use-audio-translators\">\u00c0 qui s'adressent les traducteurs audio ?<\/a><ul><li><a href=\"#target-audience\">Public cible<\/a><\/li><\/ul><\/li><li><a href=\"#how-to-use-an-audio-translator\">Comment utiliser un traducteur audio<\/a><ul><li><a href=\"#step-by-step-instructions\">Instructions \u00e9tape par \u00e9tape<\/a><\/li><\/ul><\/li><li><a href=\"#usage-cases-of-audio-translators\">Cas d'utilisation des traducteurs audio<\/a><ul><li><a href=\"#business-meetings\">R\u00e9unions d'affaires<\/a><\/li><li><a href=\"#educational-content\">Contenu \u00e9ducatif<\/a><\/li><li><a href=\"#customer-support\">Soutien \u00e0 la client\u00e8le<\/a><\/li><\/ul><\/li><li><a href=\"#top-10-tools-and-information\">Les 10 meilleurs outils et informations<\/a><\/li><li><a href=\"#industry-pros-and-cons\">Avantages et inconv\u00e9nients de l'industrie<\/a><ul><li><a href=\"#pros\">Pour<\/a><\/li><li><a href=\"#cons\">Cons<\/a><\/li><\/ul><\/li><li><a href=\"#faq\">FAQ<\/a><\/li><li><a href=\"#summary\">R\u00e9sum\u00e9<\/a><\/li><\/ul><\/nav><\/div>\n\n\n\n<h3 class=\"wp-block-heading\" id=\"introduction\">Introduction<\/h3>\n\n\n\n<p class=\"\">\u00c0 l'heure de la mondialisation, il est essentiel de surmonter les barri\u00e8res linguistiques pour une communication efficace. Les traducteurs audio sont devenus des outils puissants pour aider \u00e0 combler ces lacunes, en permettant la traduction en temps r\u00e9el des mots prononc\u00e9s dans diff\u00e9rentes langues. Cet article se penche sur les subtilit\u00e9s des traducteurs audio, en soulignant leurs avantages, leurs caract\u00e9ristiques et leurs utilisations, en mettant l'accent sur les meilleurs outils disponibles, notamment le tr\u00e8s recommand\u00e9 <a href=\"https:\/\/aiartfree.online\/fr\/traducteur-audio\/\">AI Art Traducteur audio gratuit<\/a>.<\/p>\n\n\n<div class=\"wp-block-image\">\n<figure class=\"aligncenter size-large is-resized\"><img data-recalc-dims=\"1\" data-dominant-color=\"f5f5f6\" data-has-transparency=\"false\" decoding=\"async\" width=\"1024\" height=\"546\"    loading=\"lazy\" src=\"https:\/\/i0.wp.com\/aiartfree.online\/wp-content\/uploads\/2024\/08\/WX20240801-160930%402x-1-1024x546.webp?resize=1024%2C546&#038;ssl=1\" alt=\"Un traducteur audio est un outil ou un logiciel qui convertit la langue parl\u00e9e en texte ou en une autre langue parl\u00e9e. Ces outils utilisent des algorithmes avanc\u00e9s et une technologie de reconnaissance vocale pour fournir des traductions pr\u00e9cises et en temps r\u00e9el, ce qui les rend inestimables dans divers domaines tels que les affaires, l&#039;\u00e9ducation, les voyages, etc.\" class=\"wp-image-3437 not-transparent\" style=\"--dominant-color: #f5f5f6; width:724px;height:auto\" srcset=\"https:\/\/i0.wp.com\/aiartfree.online\/wp-content\/uploads\/2024\/08\/WX20240801-160930%402x-1-jpg.webp?resize=1024%2C546&amp;ssl=1 1024w, https:\/\/i0.wp.com\/aiartfree.online\/wp-content\/uploads\/2024\/08\/WX20240801-160930%402x-1-jpg.webp?resize=300%2C160&amp;ssl=1 300w, https:\/\/i0.wp.com\/aiartfree.online\/wp-content\/uploads\/2024\/08\/WX20240801-160930%402x-1-jpg.webp?resize=768%2C409&amp;ssl=1 768w, https:\/\/i0.wp.com\/aiartfree.online\/wp-content\/uploads\/2024\/08\/WX20240801-160930%402x-1-jpg.webp?resize=18%2C10&amp;ssl=1 18w, https:\/\/i0.wp.com\/aiartfree.online\/wp-content\/uploads\/2024\/08\/WX20240801-160930%402x-1-jpg.webp?resize=600%2C320&amp;ssl=1 600w, https:\/\/i0.wp.com\/aiartfree.online\/wp-content\/uploads\/2024\/08\/WX20240801-160930%402x-1-jpg.webp?w=1460&amp;ssl=1 1460w\" sizes=\"(max-width: 724px) 100vw, 724px\" \/><\/figure>\n<\/div>\n\n\n<h3 class=\"wp-block-heading\" id=\"what-is-an-audio-translator\">Qu'est-ce qu'un traducteur audio ?<\/h3>\n\n\n\n<p class=\"\">Un traducteur audio est un outil ou un logiciel qui convertit la langue parl\u00e9e en texte ou en une autre langue parl\u00e9e. Ces outils utilisent des algorithmes avanc\u00e9s et une technologie de reconnaissance vocale pour fournir des traductions pr\u00e9cises et en temps r\u00e9el, ce qui les rend inestimables dans divers domaines tels que les affaires, l'\u00e9ducation, les voyages, etc.<\/p>\n\n\n\n<h3 class=\"wp-block-heading\" id=\"why-use-an-audio-translator\">Pourquoi utiliser un traducteur audio ?<\/h3>\n\n\n\n<h4 class=\"wp-block-heading\" id=\"advantages\">Avantages<\/h4>\n\n\n\n<ul class=\"wp-block-list\">\n<li class=\"\"><strong>Briser les barri\u00e8res linguistiques :<\/strong> Communiquer facilement avec des personnes parlant des langues diff\u00e9rentes.<\/li>\n\n\n\n<li class=\"\"><strong>Traduction en temps r\u00e9el :<\/strong> Obtenez des traductions instantan\u00e9es, pour des conversations plus fluides.<\/li>\n\n\n\n<li class=\"\"><strong>Accessibilit\u00e9 :<\/strong> Rendre le contenu accessible \u00e0 un public plus large, y compris aux personnes souffrant de d\u00e9ficiences auditives.<\/li>\n\n\n\n<li class=\"\"><strong>Efficacit\u00e9 :<\/strong> Gagner du temps par rapport aux m\u00e9thodes traditionnelles de traduction.<\/li>\n<\/ul>\n\n\n\n<h3 class=\"wp-block-heading\" id=\"main-features-of-audio-translators\">Principales caract\u00e9ristiques des traducteurs audio<\/h3>\n\n\n\n<h4 class=\"wp-block-heading\" id=\"1-speech-recognition\">1. <strong>Reconnaissance de la parole<\/strong><\/h4>\n\n\n\n<ul class=\"wp-block-list\">\n<li class=\"\">Traduit les mots prononc\u00e9s en texte.<\/li>\n\n\n\n<li class=\"\">Haute pr\u00e9cision m\u00eame dans les environnements bruyants.<\/li>\n<\/ul>\n\n\n\n<h4 class=\"wp-block-heading\" id=\"2-multi-language-support\">2. <strong>Prise en charge multilingue<\/strong><\/h4>\n\n\n\n<ul class=\"wp-block-list\">\n<li class=\"\">Prise en charge de plusieurs langues pour la traduction.<\/li>\n\n\n\n<li class=\"\">Exemple : de l'espagnol \u00e0 l'anglais, du fran\u00e7ais \u00e0 l'allemand.<\/li>\n<\/ul>\n\n\n\n<h4 class=\"wp-block-heading\" id=\"3-real-time-translation\">3. <strong>Traduction en temps r\u00e9el<\/strong><\/h4>\n\n\n\n<ul class=\"wp-block-list\">\n<li class=\"\">Traduction instantan\u00e9e pour des conversations fluides.<\/li>\n<\/ul>\n\n\n\n<h4 class=\"wp-block-heading\" id=\"4-text-to-speech\">4. <strong>Synth\u00e8se vocale<\/strong><\/h4>\n\n\n\n<ul class=\"wp-block-list\">\n<li class=\"\">Convertit le texte traduit en mots parl\u00e9s.<\/li>\n<\/ul>\n\n\n\n<h4 class=\"wp-block-heading\" id=\"5-file-upload-and-conversion\">5. <strong>T\u00e9l\u00e9chargement et conversion de fichiers<\/strong><\/h4>\n\n\n\n<ul class=\"wp-block-list\">\n<li class=\"\">Prise en charge du t\u00e9l\u00e9chargement de fichiers audio pour la transcription et la traduction.<\/li>\n<\/ul>\n\n\n\n<h3 class=\"wp-block-heading\" id=\"who-should-use-audio-translators\">\u00c0 qui s'adressent les traducteurs audio ?<\/h3>\n\n\n\n<h4 class=\"wp-block-heading\" id=\"target-audience\">Public cible<\/h4>\n\n\n\n<ul class=\"wp-block-list\">\n<li class=\"\"><strong>Voyageurs :<\/strong> Surmonter les barri\u00e8res linguistiques en voyageant.<\/li>\n\n\n\n<li class=\"\"><strong>Professionnels de l'entreprise :<\/strong> Communiquer avec des clients et des partenaires internationaux.<\/li>\n\n\n\n<li class=\"\"><strong>\u00c9ducateurs et \u00e9tudiants :<\/strong> Am\u00e9liorer l'apprentissage et la compr\u00e9hension des langues.<\/li>\n\n\n\n<li class=\"\"><strong>Cr\u00e9ateurs de contenu :<\/strong> Rendre les contenus audio et vid\u00e9o accessibles dans plusieurs langues.<\/li>\n<\/ul>\n\n\n\n<h3 class=\"wp-block-heading\" id=\"how-to-use-an-audio-translator\">Comment utiliser un traducteur audio<\/h3>\n\n\n\n<h4 class=\"wp-block-heading\" id=\"step-by-step-instructions\">Instructions \u00e9tape par \u00e9tape<\/h4>\n\n\n\n<ol class=\"wp-block-list\">\n<li class=\"\"><strong>Ouvrir l'outil :<\/strong> Acc\u00e9der \u00e0 l'outil de traduction audio, tel que <a href=\"https:\/\/aiartfree.online\/fr\/traducteur-audio\/\">AI Art Traducteur audio gratuit<\/a>.<\/li>\n\n\n\n<li class=\"\"><strong>T\u00e9l\u00e9chargez votre fichier audio :<\/strong> S\u00e9lectionnez et t\u00e9l\u00e9chargez le fichier audio que vous souhaitez traduire.<\/li>\n\n\n\n<li class=\"\"><strong>S\u00e9lectionnez les langues :<\/strong> Choisissez les langues source et cible de la traduction.<\/li>\n\n\n\n<li class=\"\"><strong>D\u00e9but de la traduction :<\/strong> Cliquez sur le bouton de traduction pour lancer le processus.<\/li>\n\n\n\n<li class=\"\"><strong>T\u00e9l\u00e9charger le texte traduit\/audio :<\/strong> Enregistrez le texte ou le fichier audio traduit pour une utilisation ult\u00e9rieure.<\/li>\n<\/ol>\n\n\n\n<h3 class=\"wp-block-heading\" id=\"usage-cases-of-audio-translators\">Cas d'utilisation des traducteurs audio<\/h3>\n\n\n\n<h4 class=\"wp-block-heading\" id=\"business-meetings\">R\u00e9unions d'affaires<\/h4>\n\n\n\n<ul class=\"wp-block-list\">\n<li class=\"\">Traduire des conversations en direct pour des r\u00e9unions internationales.<\/li>\n<\/ul>\n\n\n\n<h4 class=\"wp-block-heading\" id=\"educational-content\">Contenu \u00e9ducatif<\/h4>\n\n\n\n<ul class=\"wp-block-list\">\n<li class=\"\">Fournir des cours traduits pour les \u00e9tudiants de diff\u00e9rentes origines linguistiques.<\/li>\n<\/ul>\n\n\n\n<h4 class=\"wp-block-heading\" id=\"customer-support\">Soutien \u00e0 la client\u00e8le<\/h4>\n\n\n\n<ul class=\"wp-block-list\">\n<li class=\"\">Assister les clients dans leur langue maternelle gr\u00e2ce \u00e0 la traduction vocale.<\/li>\n<\/ul>\n\n\n\n<h3 class=\"wp-block-heading\" id=\"top-10-tools-and-information\">Les 10 meilleurs outils et informations<\/h3>\n\n\n\n<figure class=\"wp-block-table\"><table class=\"has-fixed-layout\"><thead><tr><th>Nom de l'outil<\/th><th>URL<\/th><th>Caract\u00e9ristiques principales<\/th><th>Pour<\/th><th>Cons<\/th><\/tr><\/thead><tbody><tr><td>AI Art Traducteur audio gratuit<\/td><td><a href=\"https:\/\/aiartfree.online\/fr\/traducteur-audio\/\">https:\/\/aiartfree.online\/audio-translator<\/a><\/td><td>Traduction en temps r\u00e9el, multilingue<\/td><td>100% gratuit, utilisation illimit\u00e9e<\/td><td>Soutien linguistique limit\u00e9<\/td><\/tr><tr><td>Google Translate<\/td><td><a href=\"https:\/\/translate.google.com\" target=\"_blank\" rel=\"noreferrer noopener\">https:\/\/translate.google.com<\/a><\/td><td>Traduction de textes, de voix et d'images<\/td><td>Prise en charge \u00e9tendue des langues<\/td><td>N\u00e9cessite l'internet<\/td><\/tr><tr><td>iTranslate<\/td><td>https:\/\/www.itranslate.com\/<\/td><td>Traduction vocale, mode hors ligne<\/td><td>Capacit\u00e9s hors ligne<\/td><td>Abonnement obligatoire<\/td><\/tr><tr><td>Microsoft Translator<\/td><td>https:\/\/translator.microsoft.com\/<\/td><td>Reconnaissance vocale, synchronisation multi-appareils<\/td><td>Int\u00e9gration avec les applications MS<\/td><td>Version gratuite limit\u00e9e<\/td><\/tr><tr><td>Parler et traduire<\/td><td>https:\/\/speakandtranslate.app\/<\/td><td>Traduction vocale en temps r\u00e9el<\/td><td>Interface conviviale<\/td><td>Achats in-app<\/td><\/tr><tr><td>SayHi Translate<\/td><td>https:\/\/www.sayhi.com\/<\/td><td>Traduction vocale de haute pr\u00e9cision<\/td><td>Simplicit\u00e9 d'utilisation<\/td><td>Limit\u00e9 \u00e0 la voix<\/td><\/tr><tr><td>Reverso<\/td><td>https:\/\/www.reverso.net\/<\/td><td>Traduction du texte et de la voix<\/td><td>Traductions contextuelles<\/td><td>Version gratuite limit\u00e9e<\/td><\/tr><tr><td>Papago<\/td><td>https:\/\/papago.naver.com\/<\/td><td>Traduction vocale et textuelle<\/td><td>Grande pr\u00e9cision pour les langues asiatiques<\/td><td>Langues moins connues<\/td><\/tr><tr><td>VoiceTra<\/td><td>http:\/\/voicetra.nict.go.jp\/en\/<\/td><td>Traduction vocale, mode hors ligne<\/td><td>Haute pr\u00e9cision<\/td><td>L'interface peut \u00eatre confuse<\/td><\/tr><tr><td>Linguee<\/td><td>https:\/\/www.linguee.com\/<\/td><td>Traduction de texte, dictionnaire<\/td><td>Traductions d\u00e9taill\u00e9es<\/td><td>Pas de traduction vocale<\/td><\/tr><\/tbody><\/table><\/figure>\n\n\n\n<h3 class=\"wp-block-heading\" id=\"industry-pros-and-cons\">Avantages et inconv\u00e9nients de l'industrie<\/h3>\n\n\n\n<h4 class=\"wp-block-heading\" id=\"pros\">Pour<\/h4>\n\n\n\n<ul class=\"wp-block-list\">\n<li class=\"\"><strong>Efficacit\u00e9 :<\/strong> Des traductions simples et rapides.<\/li>\n\n\n\n<li class=\"\"><strong>Rentable :<\/strong> R\u00e9duit la n\u00e9cessit\u00e9 de faire appel \u00e0 des traducteurs professionnels.<\/li>\n\n\n\n<li class=\"\"><strong>Accessibilit\u00e9 :<\/strong> Mettre le contenu \u00e0 la disposition des personnes dont la langue maternelle n'est pas l'anglais.<\/li>\n<\/ul>\n\n\n\n<h4 class=\"wp-block-heading\" id=\"cons\">Cons<\/h4>\n\n\n\n<ul class=\"wp-block-list\">\n<li class=\"\"><strong>Probl\u00e8mes de pr\u00e9cision :<\/strong> Pas toujours 100% pr\u00e9cis, en particulier pour les langues complexes.<\/li>\n\n\n\n<li class=\"\"><strong>D\u00e9pendance \u00e0 l'\u00e9gard de la technologie :<\/strong> N\u00e9cessite une connexion internet et des appareils fiables.<\/li>\n\n\n\n<li class=\"\"><strong>Compr\u00e9hension limit\u00e9e du contexte :<\/strong> Peut ne pas saisir les nuances ou le contexte culturel.<\/li>\n<\/ul>\n\n\n\n<h3 class=\"wp-block-heading\" id=\"faq\">FAQ<\/h3>\n\n\n\n<ol class=\"wp-block-list\">\n<li class=\"\"><strong>Comment traduire de l'audio en texte ?<\/strong>\n<ul class=\"wp-block-list\">\n<li class=\"\">Utilisez des outils tels que <a href=\"https:\/\/aiartfree.online\/fr\/traducteur-audio\/\">AI Art Traducteur audio gratuit<\/a> pour une conversion audio\/texte pr\u00e9cise.<\/li>\n<\/ul>\n<\/li>\n\n\n\n<li class=\"\"><strong>Comment traduire l'audio d'une vid\u00e9o ?<\/strong>\n<ul class=\"wp-block-list\">\n<li class=\"\">Extrayez le son de la vid\u00e9o et t\u00e9l\u00e9chargez-le vers un outil de traduction audio.<\/li>\n<\/ul>\n<\/li>\n\n\n\n<li class=\"\"><strong>Comment traduire un document audio en texte ?<\/strong>\n<ul class=\"wp-block-list\">\n<li class=\"\">Utiliser un logiciel de reconnaissance vocale pour convertir les mots prononc\u00e9s en texte.<\/li>\n<\/ul>\n<\/li>\n\n\n\n<li class=\"\"><strong>Google Translate peut-il traduire des documents audio ?<\/strong>\n<ul class=\"wp-block-list\">\n<li class=\"\">Oui, Google Translate peut traduire des mots prononc\u00e9s en temps r\u00e9el.<\/li>\n<\/ul>\n<\/li>\n\n\n\n<li class=\"\"><strong>Comment traduire un document audio ?<\/strong>\n<ul class=\"wp-block-list\">\n<li class=\"\">T\u00e9l\u00e9chargez le fichier audio vers un outil de traduction et s\u00e9lectionnez la langue cible.<\/li>\n<\/ul>\n<\/li>\n<\/ol>\n\n\n\n<h3 class=\"wp-block-heading\" id=\"summary\">R\u00e9sum\u00e9<\/h3>\n\n\n\n<p class=\"\">Les traducteurs audio sont des outils indispensables pour faire tomber les barri\u00e8res linguistiques et fournir des traductions pr\u00e9cises et en temps r\u00e9el des mots prononc\u00e9s. Ils offrent de nombreux avantages, notamment en termes d'accessibilit\u00e9, d'efficacit\u00e9 et de rentabilit\u00e9. Pour d\u00e9couvrir par vous-m\u00eame les avantages d'un traducteur audio, essayez <a href=\"https:\/\/aiartfree.online\/fr\/traducteur-audio\/\">AI Art Traducteur audio gratuit<\/a> aujourd'hui. Adoptez l'avenir de la communication et am\u00e9liorez votre capacit\u00e9 \u00e0 entrer en contact avec des personnes du monde entier.<\/p>","protected":false},"excerpt":{"rendered":"<p>How to use the Audio Translator *&nbsp;Depending on your internet speed, loading the model may take up to 10 seconds \u2193 Audio Translator: The Ultimate Guide Introduction In today&#8217;s globalized world, overcoming language barriers is essential for effective communication. Audio translators have emerged as powerful tools to help bridge these gaps, enabling real-time translation of &#8230; <a title=\"Traducteur audio\" class=\"read-more\" href=\"https:\/\/aiartfree.online\/fr\/traducteur-audio\/\" aria-label=\"En savoir plus sur Audio Translator\">Lire la suite<\/a><\/p>","protected":false},"author":1,"featured_media":3437,"parent":0,"menu_order":0,"comment_status":"open","ping_status":"closed","template":"","meta":{"nf_dc_page":"","footnotes":""},"class_list":["post-3435","page","type-page","status-publish","has-post-thumbnail"],"jetpack_sharing_enabled":true,"_links":{"self":[{"href":"https:\/\/aiartfree.online\/fr\/wp-json\/wp\/v2\/pages\/3435","targetHints":{"allow":["GET"]}}],"collection":[{"href":"https:\/\/aiartfree.online\/fr\/wp-json\/wp\/v2\/pages"}],"about":[{"href":"https:\/\/aiartfree.online\/fr\/wp-json\/wp\/v2\/types\/page"}],"author":[{"embeddable":true,"href":"https:\/\/aiartfree.online\/fr\/wp-json\/wp\/v2\/users\/1"}],"replies":[{"embeddable":true,"href":"https:\/\/aiartfree.online\/fr\/wp-json\/wp\/v2\/comments?post=3435"}],"version-history":[{"count":1,"href":"https:\/\/aiartfree.online\/fr\/wp-json\/wp\/v2\/pages\/3435\/revisions"}],"predecessor-version":[{"id":3602,"href":"https:\/\/aiartfree.online\/fr\/wp-json\/wp\/v2\/pages\/3435\/revisions\/3602"}],"wp:featuredmedia":[{"embeddable":true,"href":"https:\/\/aiartfree.online\/fr\/wp-json\/wp\/v2\/media\/3437"}],"wp:attachment":[{"href":"https:\/\/aiartfree.online\/fr\/wp-json\/wp\/v2\/media?parent=3435"}],"curies":[{"name":"wp","href":"https:\/\/api.w.org\/{rel}","templated":true}]}}