{"id":3416,"date":"2024-08-01T09:41:23","date_gmt":"2024-08-01T09:41:23","guid":{"rendered":"https:\/\/aiartfree.online\/?page_id=3416"},"modified":"2024-08-02T11:15:00","modified_gmt":"2024-08-02T11:15:00","slug":"html-code-generator","status":"publish","type":"page","link":"https:\/\/aiartfree.online\/fr\/generateur-de-code-html\/","title":{"rendered":"G\u00e9n\u00e9rateur de code HTML"},"content":{"rendered":"<h2 class=\"wp-block-heading has-text-align-center\">Avant et apr\u00e8s<\/h2>\n\n\n\n<figure class=\"gb-block-image gb-block-image-1822da1f\"><img data-recalc-dims=\"1\" decoding=\"async\" loading=\"lazy\" width=\"1200\" height=\"707\" class=\"gb-image gb-image-1822da1f\" src=\"https:\/\/i0.wp.com\/aiartfree.online\/wp-content\/uploads\/2024\/08\/WX20240801-145150%402x-jpg.webp?resize=1200%2C707&#038;ssl=1\" alt=\"HTML Code Generator - Captures d&#039;\u00e9cran gratuites en ligne vers des codes HTML\" title=\"WX20240801-145150@2x\" srcset=\"https:\/\/i0.wp.com\/aiartfree.online\/wp-content\/uploads\/2024\/08\/WX20240801-145150%402x-jpg.webp?w=1904&amp;ssl=1 1904w, https:\/\/i0.wp.com\/aiartfree.online\/wp-content\/uploads\/2024\/08\/WX20240801-145150%402x-jpg.webp?resize=300%2C177&amp;ssl=1 300w, https:\/\/i0.wp.com\/aiartfree.online\/wp-content\/uploads\/2024\/08\/WX20240801-145150%402x-jpg.webp?resize=1024%2C603&amp;ssl=1 1024w, https:\/\/i0.wp.com\/aiartfree.online\/wp-content\/uploads\/2024\/08\/WX20240801-145150%402x-jpg.webp?resize=768%2C453&amp;ssl=1 768w, https:\/\/i0.wp.com\/aiartfree.online\/wp-content\/uploads\/2024\/08\/WX20240801-145150%402x-jpg.webp?resize=1536%2C905&amp;ssl=1 1536w, https:\/\/i0.wp.com\/aiartfree.online\/wp-content\/uploads\/2024\/08\/WX20240801-145150%402x-jpg.webp?resize=18%2C12&amp;ssl=1 18w, https:\/\/i0.wp.com\/aiartfree.online\/wp-content\/uploads\/2024\/08\/WX20240801-145150%402x-jpg.webp?resize=600%2C354&amp;ssl=1 600w\" sizes=\"auto, (max-width: 1200px) 100vw, 1200px\" \/><\/figure>\n\n\n\n<h2 class=\"wp-block-heading\">Comment utiliser le g\u00e9n\u00e9rateur de code HTML<\/h2>\n\n\n\n<ol class=\"wp-block-list\">\n<li class=\"\">T\u00e9l\u00e9chargez une capture d'\u00e9cran de votre site favori<\/li>\n\n\n\n<li class=\"\">Cliquez sur \"Soumettre\"<\/li>\n\n\n\n<li class=\"\">Attendez, c'est \u00e7a !<\/li>\n<\/ol>\n\n\n\n<p class=\"\">* N'h\u00e9sitez pas \u00e0 essayer les exemples ci-dessous si vous n'avez aucune id\u00e9e en t\u00eate.<\/p>\n\n\n\n<p class=\"\"><em>* En fonction de votre vitesse d'acc\u00e8s \u00e0 Internet, le chargement du mod\u00e8le peut prendre <\/em>jusqu'\u00e0 10 secondes \u2193<\/p>\n\n\n\n<div class=\"iframe-wrapper\" style=\"position: relative; width: 100%; height: 1800px;\">\n  <div class=\"loading\" style=\"position: absolute; top: 50px; left: 50%; transform: translate(-50%, -50%); width: 40px; height: 40px; border: 3px solid #f0f0f0; border-top: 3px solid #db7093; border-radius: 50%; animation: spin 1s linear infinite;\"><\/div>\n  <iframe loading=\"lazy\" src=\"https:\/\/huggingfacem4-screenshot2html.hf.space\" frameborder=\"0\" width=\"100%\" height=\"100%\" style=\"position: absolute; top: 0; left: 0; opacity: 0; transition: opacity 0.3s;\" onload=\"this.style.opacity=1;this.previousElementSibling.style.display='none';\"><\/iframe>\n<\/div>\n\n<style>\n@keyframes spin {\n  0% { transform: translate(-50%, -50%) rotate(0deg); }\n  100% { transform: translate(-50%, -50%) rotate(360deg); }\n}\n<\/style>\n\n\n\n<div style=\"height:80px\" aria-hidden=\"true\" class=\"wp-block-spacer\"><\/div>\n\n\n\n<h2 class=\"wp-block-heading\">G\u00e9n\u00e9rateurs de code HTML efficaces et conviviaux : L'outil ultime pour le d\u00e9veloppement web<\/h2>\n\n\n\n<h3 class=\"wp-block-heading\">Qu'est-ce que le g\u00e9n\u00e9rateur de code HTML ?<\/h3>\n\n\n\n<p class=\"\">Un g\u00e9n\u00e9rateur de code HTML est un outil con\u00e7u pour simplifier le processus de cr\u00e9ation de code HTML. Il permet aux utilisateurs de g\u00e9n\u00e9rer du code HTML rapidement et efficacement sans avoir \u00e0 \u00e9crire le code manuellement. Ces outils sont particuli\u00e8rement utiles pour les personnes qui n'ont pas une grande exp\u00e9rience du codage mais qui ont besoin de cr\u00e9er du code HTML \u00e0 des fins diverses telles que le d\u00e9veloppement web, les mod\u00e8les de courrier \u00e9lectronique ou l'int\u00e9gration de m\u00e9dias.<\/p>\n\n\n\n<h3 class=\"wp-block-heading\">Pourquoi utiliser un g\u00e9n\u00e9rateur de code HTML ?<\/h3>\n\n\n\n<h4 class=\"wp-block-heading\">Principaux avantages<\/h4>\n\n\n\n<ul class=\"wp-block-list\">\n<li class=\"\"><strong>Efficacit\u00e9<\/strong>: Acc\u00e9l\u00e8re consid\u00e9rablement le processus de codage.<\/li>\n\n\n\n<li class=\"\"><strong>Convivialit\u00e9<\/strong>: Ne n\u00e9cessite aucune connaissance pr\u00e9alable en mati\u00e8re de codage.<\/li>\n\n\n\n<li class=\"\"><strong>R\u00e9duction des erreurs<\/strong>: Minimise les erreurs de codage et garantit un code plus propre.<\/li>\n\n\n\n<li class=\"\"><strong>Polyvalence<\/strong>: Peut g\u00e9n\u00e9rer une vari\u00e9t\u00e9 d'\u00e9l\u00e9ments HTML.<\/li>\n\n\n\n<li class=\"\"><strong>Personnalisation<\/strong>: Permet aux utilisateurs de personnaliser le code g\u00e9n\u00e9r\u00e9 selon leurs besoins.<\/li>\n<\/ul>\n\n\n\n<h4 class=\"wp-block-heading\">Questions les plus fr\u00e9quemment pos\u00e9es par les utilisateurs<\/h4>\n\n\n\n<ol class=\"wp-block-list\">\n<li class=\"\"><strong>Comment g\u00e9n\u00e9rer du code HTML \u00e0 partir de captures d'\u00e9cran ?<\/strong>\n<ul class=\"wp-block-list\">\n<li class=\"\">En utilisant l'outil que nous recommandons : <a href=\"https:\/\/aiartfree.online\/fr\/generateur-de-code-html\/\">G\u00e9n\u00e9rateur de code HTML<\/a><\/li>\n<\/ul>\n<\/li>\n\n\n\n<li class=\"\"><strong>Adobe XD peut-il g\u00e9n\u00e9rer du code HTML ?<\/strong>\n<ul class=\"wp-block-list\">\n<li class=\"\">Adobe XD est avant tout un outil de conception et ne g\u00e9n\u00e8re pas directement de code HTML.<\/li>\n<\/ul>\n<\/li>\n\n\n\n<li class=\"\"><strong>Comment g\u00e9n\u00e9rer automatiquement du code HTML dans VSCode ?<\/strong>\n<ul class=\"wp-block-list\">\n<li class=\"\">Utilisez des extensions comme Emmet pour g\u00e9n\u00e9rer automatiquement du code HTML dans VSCode.<\/li>\n<\/ul>\n<\/li>\n<\/ol>\n\n\n\n<h3 class=\"wp-block-heading\">Principales caract\u00e9ristiques des g\u00e9n\u00e9rateurs de code HTML<\/h3>\n\n\n\n<h4 class=\"wp-block-heading\">G\u00e9n\u00e9rateur de texte HTML<\/h4>\n\n\n\n<p class=\"\">Permet aux utilisateurs de saisir du texte et de recevoir le code HTML correspondant.<\/p>\n\n\n\n<h4 class=\"wp-block-heading\">Table HTML Creator<\/h4>\n\n\n\n<p class=\"\">G\u00e9n\u00e8re du code HTML pour les tableaux, ce qui facilite la cr\u00e9ation de structures de tableaux complexes.<\/p>\n\n\n\n<h4 class=\"wp-block-heading\">AI HTML Generator<\/h4>\n\n\n\n<p class=\"\">Utilise l'intelligence artificielle pour g\u00e9n\u00e9rer le code HTML, ce qui rend le processus plus rapide et plus intuitif.<\/p>\n\n\n\n<h4 class=\"wp-block-heading\">Cr\u00e9ateur de tableaux HTML<\/h4>\n\n\n\n<p class=\"\">Simplifie la cr\u00e9ation de tableaux HTML gr\u00e2ce \u00e0 une interface conviviale.<\/p>\n\n\n\n<h4 class=\"wp-block-heading\">G\u00e9n\u00e9rer du code HTML \u00e0 partir d'un texte<\/h4>\n\n\n\n<p class=\"\">Transforme un texte en clair en code HTML format\u00e9.<\/p>\n\n\n\n<h4 class=\"wp-block-heading\">G\u00e9n\u00e9rer du code HTML \u00e0 partir d'une image<\/h4>\n\n\n\n<p class=\"\">Convertit les images en code HTML, ce qui est utile pour int\u00e9grer des m\u00e9dias dans les pages web.<\/p>\n\n\n\n<h4 class=\"wp-block-heading\">Pas d'inscription n\u00e9cessaire<\/h4>\n\n\n\n<p class=\"\">Les utilisateurs peuvent g\u00e9n\u00e9rer du code HTML sans avoir besoin de cr\u00e9er un compte.<\/p>\n\n\n\n<h4 class=\"wp-block-heading\">100% Utilisation gratuite et illimit\u00e9e<\/h4>\n\n\n\n<p class=\"\">L'utilisation de l'outil est enti\u00e8rement gratuite et le nombre de codes pouvant \u00eatre g\u00e9n\u00e9r\u00e9s n'est pas limit\u00e9.<\/p>\n\n\n\n<h3 class=\"wp-block-heading\">Public cible et utilisations<\/h3>\n\n\n\n<h4 class=\"wp-block-heading\">Convient pour :<\/h4>\n\n\n\n<ul class=\"wp-block-list\">\n<li class=\"\"><strong>D\u00e9veloppeurs Web<\/strong>: Pour cr\u00e9er rapidement des pages web et en faire des prototypes.<\/li>\n\n\n\n<li class=\"\"><strong>Concepteurs<\/strong>: Permet d'int\u00e9grer des \u00e9l\u00e9ments de conception dans le code HTML.<\/li>\n\n\n\n<li class=\"\"><strong>Cr\u00e9ateurs de contenu<\/strong>: Pour formater le contenu des blogs, des courriels et des sites web.<\/li>\n\n\n\n<li class=\"\"><strong>\u00c9tudiants et \u00e9ducateurs<\/strong>: Pour l'apprentissage et l'enseignement de l'HTML.<\/li>\n<\/ul>\n\n\n\n<h4 class=\"wp-block-heading\">Applications industrielles :<\/h4>\n\n\n\n<ul class=\"wp-block-list\">\n<li class=\"\"><strong>Commerce \u00e9lectronique<\/strong>: Cr\u00e9ation de listes et de descriptions de produits.<\/li>\n\n\n\n<li class=\"\"><strong>Marketing num\u00e9rique<\/strong>: Conception de mod\u00e8les d'e-mails et de pages d'atterrissage.<\/li>\n\n\n\n<li class=\"\"><strong>L'\u00e9ducation<\/strong>: Enseignement du HTML et du d\u00e9veloppement web.<\/li>\n\n\n\n<li class=\"\"><strong>M\u00e9dias et divertissements<\/strong>: Int\u00e9gration de contenus multim\u00e9dias sur les sites web.<\/li>\n<\/ul>\n\n\n\n<h3 class=\"wp-block-heading\">Comment utiliser un g\u00e9n\u00e9rateur de code HTML<\/h3>\n\n\n\n<ol class=\"wp-block-list\">\n<li class=\"\"><strong>Acc\u00e9der \u00e0 l'outil<\/strong>\n<ul class=\"wp-block-list\">\n<li class=\"\">Visiter <a href=\"https:\/\/aiartfree.online\/fr\/generateur-de-code-html\/\">G\u00e9n\u00e9rateur de code HTML<\/a>.<\/li>\n<\/ul>\n<\/li>\n\n\n\n<li class=\"\"><strong>S\u00e9lectionner le type de code<\/strong>\n<ul class=\"wp-block-list\">\n<li class=\"\">Choisissez parmi des options telles que le texte, le tableau ou la conversion d'images en code.<\/li>\n<\/ul>\n<\/li>\n\n\n\n<li class=\"\"><strong>Saisissez votre contenu<\/strong>\n<ul class=\"wp-block-list\">\n<li class=\"\">Saisissez le texte ou t\u00e9l\u00e9chargez l'image que vous souhaitez convertir.<\/li>\n<\/ul>\n<\/li>\n\n\n\n<li class=\"\"><strong>G\u00e9n\u00e9rer le code<\/strong>\n<ul class=\"wp-block-list\">\n<li class=\"\">Cliquez sur le bouton \"g\u00e9n\u00e9rer\" pour recevoir votre code HTML.<\/li>\n<\/ul>\n<\/li>\n\n\n\n<li class=\"\"><strong>Copier et utiliser<\/strong>\n<ul class=\"wp-block-list\">\n<li class=\"\">Copiez le code g\u00e9n\u00e9r\u00e9 et collez-le dans votre projet.<\/li>\n<\/ul>\n<\/li>\n<\/ol>\n\n\n\n<h3 class=\"wp-block-heading\">Cas d'utilisation des g\u00e9n\u00e9rateurs de code HTML<\/h3>\n\n\n\n<h4 class=\"wp-block-heading\">D\u00e9veloppement Web<\/h4>\n\n\n\n<p class=\"\">Cr\u00e9er des pages web structur\u00e9es avec un minimum d'effort.<\/p>\n\n\n\n<h4 class=\"wp-block-heading\">Marketing par courrier \u00e9lectronique<\/h4>\n\n\n\n<p class=\"\">Concevoir des mod\u00e8les d'e-mails r\u00e9actifs.<\/p>\n\n\n\n<h4 class=\"wp-block-heading\">Blogging<\/h4>\n\n\n\n<p class=\"\">Formatage des articles de blog avec HTML pour une meilleure pr\u00e9sentation.<\/p>\n\n\n\n<h4 class=\"wp-block-heading\">Enseignement en ligne<\/h4>\n\n\n\n<p class=\"\">Aider les \u00e9tudiants \u00e0 pratiquer et \u00e0 comprendre le codage HTML.<\/p>\n\n\n\n<h4 class=\"wp-block-heading\">Publicit\u00e9 num\u00e9rique<\/h4>\n\n\n\n<p class=\"\">Cr\u00e9ation de banni\u00e8res publicitaires et de pages d'atterrissage.<\/p>\n\n\n\n<h3 class=\"wp-block-heading\">Informations provenant de 10 sites web connexes<\/h3>\n\n\n\n<figure class=\"wp-block-table\"><table class=\"has-fixed-layout\"><thead><tr><th>Site web<\/th><th>Caract\u00e9ristiques<\/th><th>Avantages<\/th><th>D\u00e9fis<\/th><th>URL<\/th><\/tr><\/thead><tbody><tr><td><strong><a href=\"https:\/\/aiartfree.online\/fr\/generateur-de-code-html\/\" data-type=\"link\" data-id=\"https:\/\/aiartfree.online\/html-code-generator\">G\u00e9n\u00e9rateur de code HTML \u00e0 partir de captures d'\u00e9cran<\/a><\/strong><\/td><td>Exemples de code HTML, Tutoriels<\/td><td>Complet, gratuit<\/td><td>Caract\u00e9ristiques de base<\/td><td><a href=\"https:\/\/aiartfree.online\/fr\/generateur-de-code-html\/\">https:\/\/aiartfree.online\/html-code-generator<\/a><\/td><\/tr><tr><td>Code Beautify<\/td><td>Visualisateur HTML, Minificateur<\/td><td>Facile \u00e0 utiliser, rapide<\/td><td>Annonces pr\u00e9sentes<\/td><td>codebeautify.org<\/td><\/tr><tr><td>HTML en ligne<\/td><td>\u00c9diteur HTML, Nettoyeur<\/td><td>Convivialit\u00e9, gratuit\u00e9<\/td><td>Personnalisation limit\u00e9e<\/td><td>html-cleaner.com<\/td><\/tr><tr><td>G\u00e9n\u00e9rateur de code HTML<\/td><td>Texte en HTML, g\u00e9n\u00e9rateur de tableaux<\/td><td>Efficace, sans inscription<\/td><td>Conception de base<\/td><td>html-code-generator.com<\/td><\/tr><tr><td>Pinegrow<\/td><td>\u00c9diteur HTML visuel<\/td><td>Caract\u00e9ristiques professionnelles<\/td><td>Co\u00fbteux<\/td><td>pinegrow.com<\/td><\/tr><tr><td>\u00c9diteur HTML5<\/td><td>Editeur HTML en ligne<\/td><td>Gratuit, sans inscription<\/td><td>Annonces pr\u00e9sentes<\/td><td>html5-editor.net<\/td><\/tr><tr><td>Quackit<\/td><td>Exemples de tutoriels de code HTML<\/td><td>Educatif, Gratuit<\/td><td>Caract\u00e9ristiques de base<\/td><td>quackit.com<\/td><\/tr><tr><td>FreeFormatter<\/td><td>Formateur HTML, embellisseur<\/td><td>Rapide, gratuit<\/td><td>Annonces pr\u00e9sentes<\/td><td>freeformatter.com<\/td><\/tr><tr><td>JSFiddle<\/td><td>Editeur en ligne, HTML, CSS, JS<\/td><td>Collaboratif, polyvalent<\/td><td>Connexion requise<\/td><td>jsfiddle.net<\/td><\/tr><tr><td>G\u00e9n\u00e9rateur de tableaux HTML<\/td><td>Cr\u00e9ateur de tableaux, personnalisation<\/td><td>Facile \u00e0 utiliser, gratuit<\/td><td>Caract\u00e9ristiques limit\u00e9es<\/td><td>rapidtables.com<\/td><\/tr><\/tbody><\/table><\/figure>\n\n\n\n<h3 class=\"wp-block-heading\">Avantages et inconv\u00e9nients de l'industrie de la g\u00e9n\u00e9ration de code HTML<\/h3>\n\n\n\n<h4 class=\"wp-block-heading\">Pour :<\/h4>\n\n\n\n<ul class=\"wp-block-list\">\n<li class=\"\"><strong>Accessibilit\u00e9<\/strong>: Les outils sont disponibles gratuitement en ligne.<\/li>\n\n\n\n<li class=\"\"><strong>Gain de temps<\/strong>: Acc\u00e9l\u00e8re le processus de codage.<\/li>\n\n\n\n<li class=\"\"><strong>Convivialit\u00e9<\/strong>: Convient aux d\u00e9butants et aux professionnels.<\/li>\n<\/ul>\n\n\n\n<h4 class=\"wp-block-heading\">Cons :<\/h4>\n\n\n\n<ul class=\"wp-block-list\">\n<li class=\"\"><strong>Limites de personnalisation<\/strong>: Certains outils offrent une personnalisation limit\u00e9e.<\/li>\n\n\n\n<li class=\"\"><strong>D\u00e9pendance \u00e0 l'\u00e9gard d'Internet<\/strong>: N\u00e9cessite une connexion internet.<\/li>\n\n\n\n<li class=\"\"><strong>Courbe d'apprentissage<\/strong>: Certaines fonctions avanc\u00e9es peuvent n\u00e9cessiter un apprentissage.<\/li>\n<\/ul>\n\n\n\n<h4 class=\"wp-block-heading\">Avantages et d\u00e9fis :<\/h4>\n\n\n\n<ul class=\"wp-block-list\">\n<li class=\"\"><strong>Avantages<\/strong>: Efficacit\u00e9, pr\u00e9cision, polyvalence.<\/li>\n\n\n\n<li class=\"\"><strong>D\u00e9fis<\/strong>: Personnalisation, d\u00e9pendance \u00e0 l'\u00e9gard d'Internet, exigences en mati\u00e8re d'apprentissage.<\/li>\n<\/ul>\n\n\n\n<h4 class=\"wp-block-heading\">Recommandations :<\/h4>\n\n\n\n<ul class=\"wp-block-list\">\n<li class=\"\">Utiliser des outils r\u00e9put\u00e9s b\u00e9n\u00e9ficiant d'un soutien solide.<\/li>\n\n\n\n<li class=\"\">Combiner avec le codage manuel pour les t\u00e2ches plus complexes.<\/li>\n\n\n\n<li class=\"\">Mettre r\u00e9guli\u00e8rement \u00e0 jour ses connaissances sur les nouveaux outils et les nouvelles fonctionnalit\u00e9s.<\/li>\n<\/ul>\n\n\n\n<h3 class=\"wp-block-heading\">FAQ<\/h3>\n\n\n\n<ol class=\"wp-block-list\">\n<li class=\"\"><strong>Comment g\u00e9n\u00e9rer du code HTML \u00e0 partir de captures d'\u00e9cran ?<\/strong>\n<ul class=\"wp-block-list\">\n<li class=\"\">Utilisez l'outil que nous recommandons : <a href=\"https:\/\/aiartfree.online\/fr\/generateur-de-code-html\/\">G\u00e9n\u00e9rateur de code HTML<\/a><\/li>\n<\/ul>\n<\/li>\n\n\n\n<li class=\"\"><strong>Adobe XD peut-il g\u00e9n\u00e9rer du code HTML ?<\/strong>\n<ul class=\"wp-block-list\">\n<li class=\"\">Adobe XD ne g\u00e9n\u00e8re pas directement de code HTML.<\/li>\n<\/ul>\n<\/li>\n\n\n\n<li class=\"\"><strong>Comment g\u00e9n\u00e9rer automatiquement du code HTML dans VSCode ?<\/strong>\n<ul class=\"wp-block-list\">\n<li class=\"\">Utilisez des extensions comme Emmet.<\/li>\n<\/ul>\n<\/li>\n\n\n\n<li class=\"\"><strong>Comment g\u00e9n\u00e9rer du code HTML ?<\/strong>\n<ul class=\"wp-block-list\">\n<li class=\"\">Utilisez l'outil que nous recommandons : <a href=\"https:\/\/aiartfree.online\/fr\/generateur-de-code-html\/\">G\u00e9n\u00e9rateur de code HTML<\/a><\/li>\n<\/ul>\n<\/li>\n\n\n\n<li class=\"\"><strong>Comment g\u00e9n\u00e9rer un code HTML \u00e0 partir d'une image ?<\/strong>\n<ul class=\"wp-block-list\">\n<li class=\"\">Utilisez l'outil que nous recommandons : <a href=\"https:\/\/aiartfree.online\/fr\/generateur-de-code-html\/\">G\u00e9n\u00e9rateur de code HTML<\/a><\/li>\n<\/ul>\n<\/li>\n\n\n\n<li class=\"\"><strong>Existe-t-il un g\u00e9n\u00e9rateur de code HTML gratuit ?<\/strong>\n<ul class=\"wp-block-list\">\n<li class=\"\">Oui, de nombreux outils sont 100% gratuits et illimit\u00e9s.<\/li>\n<\/ul>\n<\/li>\n\n\n\n<li class=\"\"><strong>Puis-je g\u00e9n\u00e9rer du code HTML sans m'inscrire ?<\/strong>\n<ul class=\"wp-block-list\">\n<li class=\"\">Oui, notre outil ne n\u00e9cessite aucune inscription.<\/li>\n<\/ul>\n<\/li>\n\n\n\n<li class=\"\"><strong>Quel est le meilleur g\u00e9n\u00e9rateur de code HTML ?<\/strong>\n<ul class=\"wp-block-list\">\n<li class=\"\">Notre outil est fortement recommand\u00e9 pour ses fonctionnalit\u00e9s et sa facilit\u00e9 d'utilisation.<\/li>\n<\/ul>\n<\/li>\n\n\n\n<li class=\"\"><strong>Comment cr\u00e9er facilement un tableau en HTML ?<\/strong>\n<ul class=\"wp-block-list\">\n<li class=\"\">Utilisez un outil de cr\u00e9ation de tableaux HTML.<\/li>\n<\/ul>\n<\/li>\n\n\n\n<li class=\"\"><strong>Puis-je g\u00e9n\u00e9rer du code HTML pour du texte ?<\/strong><\/li>\n<\/ol>\n\n\n\n<ul class=\"wp-block-list\">\n<li class=\"\">Oui, utilisez notre g\u00e9n\u00e9rateur de texte HTML.<\/li>\n<\/ul>\n\n\n\n<h3 class=\"wp-block-heading\">R\u00e9sum\u00e9<\/h3>\n\n\n\n<h4 class=\"wp-block-heading\">Principaux avantages :<\/h4>\n\n\n\n<ul class=\"wp-block-list\">\n<li class=\"\"><strong>Efficacit\u00e9<\/strong>: Acc\u00e9l\u00e8re le processus de codage.<\/li>\n\n\n\n<li class=\"\"><strong>Convivialit\u00e9<\/strong>: Convient \u00e0 tous les niveaux de comp\u00e9tence.<\/li>\n\n\n\n<li class=\"\"><strong>Polyvalence<\/strong>: G\u00e9n\u00e8re divers \u00e9l\u00e9ments HTML.<\/li>\n<\/ul>\n\n\n\n<p class=\"\">Commencez \u00e0 utiliser notre <a href=\"https:\/\/aiartfree.online\/fr\/generateur-de-code-html\/\">G\u00e9n\u00e9rateur de code HTML<\/a> aujourd'hui pour cr\u00e9er du code HTML sans effort et am\u00e9liorer vos projets de d\u00e9veloppement web.<\/p>\n\n\n\n<p class=\"\">Si vous avez d'autres questions, vous pouvez les poser \u00e0 l'adresse suivante <a href=\"https:\/\/chatgpt4o.space\/\" target=\"_blank\" data-type=\"link\" data-id=\"https:\/\/chatgpt4o.space\/\" rel=\"noreferrer noopener\">Chat en ligne gratuit GPT 4o<\/a>.<br><\/p>","protected":false},"excerpt":{"rendered":"<p>Avant vs Apr\u00e8s Comment utiliser le g\u00e9n\u00e9rateur de code HTML * N'h\u00e9sitez pas \u00e0 essayer nos exemples ci-dessous si vous n'avez aucune id\u00e9e en t\u00eate * Selon votre vitesse Internet, le chargement du mod\u00e8le peut prendre jusqu'\u00e0 10 secondes \u2193 G\u00e9n\u00e9rateurs de code HTML efficaces et conviviaux : L'outil ultime pour le d\u00e9veloppement Web Qu'est-ce que ... <a title=\"G\u00e9n\u00e9rateur de code HTML\" class=\"read-more\" href=\"https:\/\/aiartfree.online\/fr\/generateur-de-code-html\/\" aria-label=\"En savoir plus sur HTML Code Generator\">Lire la suite<\/a><\/p>","protected":false},"author":1,"featured_media":3427,"parent":0,"menu_order":0,"comment_status":"open","ping_status":"closed","template":"","meta":{"nf_dc_page":"","footnotes":""},"class_list":["post-3416","page","type-page","status-publish","has-post-thumbnail"],"jetpack_sharing_enabled":true,"_links":{"self":[{"href":"https:\/\/aiartfree.online\/fr\/wp-json\/wp\/v2\/pages\/3416","targetHints":{"allow":["GET"]}}],"collection":[{"href":"https:\/\/aiartfree.online\/fr\/wp-json\/wp\/v2\/pages"}],"about":[{"href":"https:\/\/aiartfree.online\/fr\/wp-json\/wp\/v2\/types\/page"}],"author":[{"embeddable":true,"href":"https:\/\/aiartfree.online\/fr\/wp-json\/wp\/v2\/users\/1"}],"replies":[{"embeddable":true,"href":"https:\/\/aiartfree.online\/fr\/wp-json\/wp\/v2\/comments?post=3416"}],"version-history":[{"count":0,"href":"https:\/\/aiartfree.online\/fr\/wp-json\/wp\/v2\/pages\/3416\/revisions"}],"wp:featuredmedia":[{"embeddable":true,"href":"https:\/\/aiartfree.online\/fr\/wp-json\/wp\/v2\/media\/3427"}],"wp:attachment":[{"href":"https:\/\/aiartfree.online\/fr\/wp-json\/wp\/v2\/media?parent=3416"}],"curies":[{"name":"wp","href":"https:\/\/api.w.org\/{rel}","templated":true}]}}