{"id":3412,"date":"2024-08-01T08:56:22","date_gmt":"2024-08-01T08:56:22","guid":{"rendered":"https:\/\/aiartfree.online\/?page_id=3412"},"modified":"2024-08-01T09:11:21","modified_gmt":"2024-08-01T09:11:21","slug":"speech-to-text","status":"publish","type":"page","link":"https:\/\/aiartfree.online\/fr\/la-synthese-vocale\/","title":{"rendered":"Parole au texte"},"content":{"rendered":"<h2 class=\"wp-block-heading\">Comment utiliser la synth\u00e8se vocale<\/h2>\n\n\n\n<ol class=\"wp-block-list\">\n<li class=\"\">T\u00e9l\u00e9chargez votre fichier audio, attendez une seconde<\/li>\n\n\n\n<li class=\"\">Cliquez sur \"Transcrire l'audio\"<\/li>\n\n\n\n<li class=\"\">Attendez, c'est \u00e7a !<\/li>\n<\/ol>\n\n\n\n<p class=\"\">* L'enregistrement n'est pas disponible pour le moment<\/p>\n\n\n\n<p class=\"\"><em>* En fonction de votre vitesse d'acc\u00e8s \u00e0 Internet, le chargement du mod\u00e8le peut prendre <\/em>jusqu'\u00e0 10 secondes \u2193<\/p>\n\n\n\n<div style=\"text-align: center; border: 2px solid; border-image-source: linear-gradient(to right, #16b86c, #912899); border-image-slice: 1; box-shadow: 0 0 10px rgba(0, 0, 0, 0.1); border-radius: 15px; position: relative;\">\n  <div class=\"loading\" style=\"position: absolute; top: 100px; left: 50%; transform: translate(-50%, -50%); width: 40px; height: 40px; border: 3px solid #f0f0f0; border-top: 3px solid #16b86c; border-radius: 50%; animation: spin 1s linear infinite;\"><\/div>\n  <iframe loading=\"lazy\"\n    src=\"https:\/\/xenova-whisper-web.static.hf.space\"\n    frameborder=\"0\"\n    width=\"100%\"\n    height=\"900\"\n    style=\"display: inline-block; margin: 0 auto; opacity: 0; transition: opacity 0.3s;\"\n    onload=\"this.style.opacity=1;this.previousElementSibling.style.display='none';\"\n  ><\/iframe>\n<\/div>\n<style>\n@keyframes spin {\n  0% { transform: translate(-50%, -50%) rotate(0deg); }\n  100% { transform: translate(-50%, -50%) rotate(360deg); }\n}\n<\/style>\n\n\n\n<div style=\"height:80px\" aria-hidden=\"true\" class=\"wp-block-spacer\"><\/div>\n\n\n\n<h2 class=\"wp-block-heading\">Le guide ultime de la synth\u00e8se vocale<\/h2>\n\n\n\n<h3 class=\"wp-block-heading\">Sch\u00e9ma de synth\u00e8se<\/h3>\n\n\n\n<p class=\"\">Cet article fournit une vue d'ensemble de la technologie de la synth\u00e8se vocale, y compris sa d\u00e9finition, ses avantages, ses principales caract\u00e9ristiques, son public cible et ses instructions d'utilisation. Il met en \u00e9vidence divers cas d'utilisation et propose une comparaison d\u00e9taill\u00e9e des meilleurs outils et des informations provenant de 10 sites web connexes. L'article se termine par une discussion sur les avantages et les inconv\u00e9nients de l'industrie et par des r\u00e9ponses aux questions fr\u00e9quemment pos\u00e9es.<\/p>\n\n\n\n<figure class=\"wp-block-image size-large is-resized\"><img data-recalc-dims=\"1\" data-dominant-color=\"f3f5f6\" data-has-transparency=\"false\" decoding=\"async\" width=\"1024\" height=\"616\"   loading=\"lazy\" src=\"https:\/\/i0.wp.com\/aiartfree.online\/wp-content\/uploads\/2024\/08\/WX20240801-130434%402x-1-1024x616.webp?resize=1024%2C616&#038;ssl=1\" alt=\"La synth\u00e8se vocale, \u00e9galement connue sous le nom de reconnaissance vocale ou de reconnaissance de la parole, est une technologie qui convertit les mots prononc\u00e9s en texte \u00e9crit. Elle s&#039;appuie sur des algorithmes sophistiqu\u00e9s et sur l&#039;intelligence artificielle pour comprendre et transcrire la parole humaine en temps r\u00e9el ou \u00e0 partir de fichiers audio enregistr\u00e9s.\" class=\"wp-image-3418 not-transparent\" style=\"--dominant-color: #f3f5f6; width:691px;height:auto\" srcset=\"https:\/\/i0.wp.com\/aiartfree.online\/wp-content\/uploads\/2024\/08\/WX20240801-130434%402x-1-jpg.webp?resize=1024%2C616&amp;ssl=1 1024w, https:\/\/i0.wp.com\/aiartfree.online\/wp-content\/uploads\/2024\/08\/WX20240801-130434%402x-1-jpg.webp?resize=300%2C180&amp;ssl=1 300w, https:\/\/i0.wp.com\/aiartfree.online\/wp-content\/uploads\/2024\/08\/WX20240801-130434%402x-1-jpg.webp?resize=768%2C462&amp;ssl=1 768w, https:\/\/i0.wp.com\/aiartfree.online\/wp-content\/uploads\/2024\/08\/WX20240801-130434%402x-1-jpg.webp?resize=1536%2C923&amp;ssl=1 1536w, https:\/\/i0.wp.com\/aiartfree.online\/wp-content\/uploads\/2024\/08\/WX20240801-130434%402x-1-jpg.webp?resize=18%2C12&amp;ssl=1 18w, https:\/\/i0.wp.com\/aiartfree.online\/wp-content\/uploads\/2024\/08\/WX20240801-130434%402x-1-jpg.webp?resize=600%2C361&amp;ssl=1 600w, https:\/\/i0.wp.com\/aiartfree.online\/wp-content\/uploads\/2024\/08\/WX20240801-130434%402x-1-jpg.webp?w=1898&amp;ssl=1 1898w\" sizes=\"auto, (max-width: 1024px) 100vw, 1024px\" \/><\/figure>\n\n\n\n<h3 class=\"wp-block-heading\">Table des mati\u00e8res<\/h3>\n\n\n\n<ol class=\"wp-block-list\">\n<li class=\"\"><a href=\"#what-is-speech-to-text\">Qu'est-ce que la synth\u00e8se vocale ?<\/a><\/li>\n\n\n\n<li class=\"\"><a href=\"#why-use-speech-to-text\">Pourquoi utiliser la synth\u00e8se vocale ?<\/a><\/li>\n\n\n\n<li class=\"\"><a href=\"#main-features-of-speech-to-text\">Principales caract\u00e9ristiques de la synth\u00e8se vocale<\/a><\/li>\n\n\n\n<li class=\"\"><a href=\"#who-should-use-speech-to-text\">Qui devrait utiliser la synth\u00e8se vocale ?<\/a><\/li>\n\n\n\n<li class=\"\"><a href=\"#how-to-use-speech-to-text\">Comment utiliser la synth\u00e8se vocale<\/a><\/li>\n\n\n\n<li class=\"\"><a href=\"#speech-to-text-use-cases\">Cas d'utilisation de la synth\u00e8se vocale<\/a><\/li>\n\n\n\n<li class=\"\"><a href=\"#top-10-tools-and-information\">Les 10 meilleurs outils et informations<\/a><\/li>\n\n\n\n<li class=\"\"><a href=\"#industry-pros-and-cons\">Avantages et inconv\u00e9nients de l'industrie<\/a><\/li>\n\n\n\n<li class=\"\"><a href=\"#faq\">FAQ<\/a><\/li>\n\n\n\n<li class=\"\"><a href=\"#summary\">R\u00e9sum\u00e9<\/a><\/li>\n<\/ol>\n\n\n\n<h2 class=\"wp-block-heading\">Qu'est-ce que la synth\u00e8se vocale ?<\/h2>\n\n\n\n<p class=\"\">La synth\u00e8se vocale, \u00e9galement connue sous le nom de reconnaissance vocale ou de reconnaissance de la parole, est une technologie qui convertit les mots prononc\u00e9s en texte \u00e9crit. Elle s'appuie sur des algorithmes sophistiqu\u00e9s et sur l'intelligence artificielle pour comprendre et transcrire la parole humaine en temps r\u00e9el ou \u00e0 partir de fichiers audio enregistr\u00e9s.<\/p>\n\n\n\n<h2 class=\"wp-block-heading\">Pourquoi utiliser la synth\u00e8se vocale ?<\/h2>\n\n\n\n<p class=\"\">La technologie de la synth\u00e8se vocale offre de nombreux avantages, ce qui en fait un outil essentiel pour divers utilisateurs et secteurs d'activit\u00e9. Les principaux avantages sont les suivants :<\/p>\n\n\n\n<ul class=\"wp-block-list\">\n<li class=\"\"><strong>Efficacit\u00e9<\/strong>: Acc\u00e9l\u00e8re le processus de cr\u00e9ation de contenu \u00e9crit.<\/li>\n\n\n\n<li class=\"\"><strong>Accessibilit\u00e9<\/strong>: Aide les personnes handicap\u00e9es ou celles qui pr\u00e9f\u00e8rent la saisie vocale.<\/li>\n\n\n\n<li class=\"\"><strong>Commodit\u00e9<\/strong>: Permet d'avoir les mains libres et d'effectuer plusieurs t\u00e2ches \u00e0 la fois.<\/li>\n\n\n\n<li class=\"\"><strong>Pr\u00e9cision<\/strong>: Des algorithmes avanc\u00e9s r\u00e9duisent les erreurs et am\u00e9liorent la qualit\u00e9 de la transcription.<\/li>\n\n\n\n<li class=\"\"><strong>Polyvalence<\/strong>: Prend en charge plusieurs langues et peut \u00eatre int\u00e9gr\u00e9 \u00e0 d'autres outils tels que Google Docs et Google Drive.<\/li>\n<\/ul>\n\n\n\n<h2 class=\"wp-block-heading\">Principales caract\u00e9ristiques de la synth\u00e8se vocale<\/h2>\n\n\n\n<h3 class=\"wp-block-heading\">Transcription en temps r\u00e9el<\/h3>\n\n\n\n<p class=\"\">Convertit instantan\u00e9ment les mots prononc\u00e9s en texte, fournissant un retour d'information imm\u00e9diat et permettant une communication et une documentation sans faille.<\/p>\n\n\n\n<h3 class=\"wp-block-heading\">Transcription de fichiers audio<\/h3>\n\n\n\n<p class=\"\">Traite les fichiers audio pr\u00e9enregistr\u00e9s, ce qui facilite la transcription des r\u00e9unions, des conf\u00e9rences et des entretiens.<\/p>\n\n\n\n<h3 class=\"wp-block-heading\">Prise en charge multilingue<\/h3>\n\n\n\n<p class=\"\">Reconna\u00eetre et transcrire des discours dans diff\u00e9rentes langues, pour r\u00e9pondre aux besoins d'un public mondial.<\/p>\n\n\n\n<h3 class=\"wp-block-heading\">Saisie et contr\u00f4le vocaux<\/h3>\n\n\n\n<p class=\"\">Permet aux utilisateurs de taper et de contr\u00f4ler leurs appareils \u00e0 l'aide de commandes vocales, ce qui am\u00e9liore la productivit\u00e9 et l'accessibilit\u00e9.<\/p>\n\n\n\n<h3 class=\"wp-block-heading\">Traitement du bruit de fond<\/h3>\n\n\n\n<p class=\"\">Filtre les bruits de fond pour am\u00e9liorer la pr\u00e9cision des transcriptions, garantissant ainsi un texte clair et pr\u00e9cis.<\/p>\n\n\n\n<h2 class=\"wp-block-heading\">Qui devrait utiliser la synth\u00e8se vocale ?<\/h2>\n\n\n\n<h3 class=\"wp-block-heading\">Personnes handicap\u00e9es<\/h3>\n\n\n\n<p class=\"\">Il s'agit d'un outil pr\u00e9cieux pour les personnes souffrant de handicaps physiques, qui leur permet d'interagir avec la technologie par le biais de commandes vocales.<\/p>\n\n\n\n<h3 class=\"wp-block-heading\">Professionnels et \u00e9tudiants<\/h3>\n\n\n\n<p class=\"\">Id\u00e9al pour cr\u00e9er des documents, prendre des notes et transcrire des r\u00e9unions ou des conf\u00e9rences avec rapidit\u00e9 et pr\u00e9cision.<\/p>\n\n\n\n<h3 class=\"wp-block-heading\">Cr\u00e9ateurs de contenu<\/h3>\n\n\n\n<p class=\"\">Am\u00e9liore l'efficacit\u00e9 de la cr\u00e9ation de contenu en convertissant les id\u00e9es orales en texte, ce qui permet d'\u00e9conomiser du temps et des efforts.<\/p>\n\n\n\n<h3 class=\"wp-block-heading\">Utilisateurs multilingues<\/h3>\n\n\n\n<p class=\"\">Aide les utilisateurs qui ont besoin de transcrire des discours dans diff\u00e9rentes langues, facilitant ainsi la communication et la documentation au-del\u00e0 des barri\u00e8res linguistiques.<\/p>\n\n\n\n<h2 class=\"wp-block-heading\">Comment utiliser la synth\u00e8se vocale<\/h2>\n\n\n\n<h3 class=\"wp-block-heading\">Instructions \u00e9tape par \u00e9tape<\/h3>\n\n\n\n<ol class=\"wp-block-list\">\n<li class=\"\"><strong>Choisir un outil<\/strong>: S\u00e9lectionnez un outil de synth\u00e8se vocale fiable tel que <a href=\"https:\/\/aiartfree.online\/fr\/la-synthese-vocale\/\">aiartfree.online<\/a>.<\/li>\n\n\n\n<li class=\"\"><strong>Ouvrir l'application<\/strong>: Acc\u00e9dez \u00e0 l'application web sur votre appareil.<\/li>\n\n\n\n<li class=\"\"><strong>Tapez sur le microphone<\/strong>: Active le microphone pour commencer l'enregistrement.<\/li>\n\n\n\n<li class=\"\"><strong>Parler clairement<\/strong>: Veillez \u00e0 parler clairement et \u00e0 \u00e9viter les bruits de fond.<\/li>\n\n\n\n<li class=\"\"><strong>Modifier et enregistrer<\/strong>: V\u00e9rifier l'exactitude de la transcription, apporter les modifications n\u00e9cessaires et enregistrer le document.<\/li>\n<\/ol>\n\n\n\n<h2 class=\"wp-block-heading\">Cas d'utilisation de la synth\u00e8se vocale<\/h2>\n\n\n\n<h3 class=\"wp-block-heading\">Transcription acad\u00e9mique<\/h3>\n\n\n\n<p class=\"\">Les \u00e9tudiants et les \u00e9ducateurs peuvent transcrire des cours et des entretiens de recherche pour s'y r\u00e9f\u00e9rer et les \u00e9tudier facilement.<\/p>\n\n\n\n<h3 class=\"wp-block-heading\">R\u00e9unions d'affaires<\/h3>\n\n\n\n<p class=\"\">Les professionnels peuvent transcrire des r\u00e9unions, des s\u00e9ances de brainstorming et des conf\u00e9rences afin de conserver et de partager des informations pr\u00e9cises.<\/p>\n\n\n\n<h3 class=\"wp-block-heading\">Cr\u00e9ation de contenu<\/h3>\n\n\n\n<p class=\"\">Les \u00e9crivains et les blogueurs peuvent dicter leurs id\u00e9es et leur contenu, ce qui acc\u00e9l\u00e8re le processus de r\u00e9daction.<\/p>\n\n\n\n<h3 class=\"wp-block-heading\">Accessibilit\u00e9<\/h3>\n\n\n\n<p class=\"\">Les personnes handicap\u00e9es peuvent utiliser la synth\u00e8se vocale pour interagir plus facilement avec la technologie et cr\u00e9er des documents sans avoir \u00e0 les taper.<\/p>\n\n\n\n<h3 class=\"wp-block-heading\">Service client\u00e8le<\/h3>\n\n\n\n<p class=\"\">Les entreprises peuvent transcrire les appels des clients \u00e0 des fins de contr\u00f4le de la qualit\u00e9 et de formation.<\/p>\n\n\n\n<h2 class=\"wp-block-heading\">Les 10 meilleurs outils et informations<\/h2>\n\n\n\n<figure class=\"wp-block-table\"><table class=\"has-fixed-layout\"><thead><tr><th>Outil\/site web<\/th><th>Caract\u00e9ristiques<\/th><th>Avantages<\/th><th>D\u00e9fis<\/th><th>Recommandations<\/th><\/tr><\/thead><tbody><tr><td><a>Google Docs : saisie vocale<\/a><\/td><td>Int\u00e9gration avec Google Docs, transcription en temps r\u00e9el<\/td><td>Facile \u00e0 utiliser, aucune inscription n'est n\u00e9cessaire<\/td><td>Requiert une connexion internet<\/td><td>Id\u00e9al pour les utilisateurs de Google Drive<\/td><\/tr><tr><td><a href=\"https:\/\/otter.ai\/\" target=\"_blank\" rel=\"noopener\">Loutre.ai<\/a><\/td><td>IA avanc\u00e9e, transcription en temps r\u00e9el<\/td><td>Prise en charge de plusieurs langues, fonctions de collaboration<\/td><td>Version gratuite limit\u00e9e<\/td><td>Le meilleur pour la collaboration en \u00e9quipe<\/td><\/tr><tr><td><a href=\"https:\/\/www.rev.com\/\" target=\"_blank\" rel=\"noopener\">Rev.com<\/a><\/td><td>Services de transcription humaine<\/td><td>Pr\u00e9cision \u00e9lev\u00e9e, d\u00e9lai d'ex\u00e9cution rapide<\/td><td>Service payant<\/td><td>Convient pour des transcriptions de haute qualit\u00e9<\/td><\/tr><tr><td><a href=\"https:\/\/www.temi.com\/\" target=\"_blank\" rel=\"noopener\">Temi.com<\/a><\/td><td>Transcription automatis\u00e9e<\/td><td>Abordable, rapide<\/td><td>Pr\u00e9cision inf\u00e9rieure \u00e0 celle des services \u00e0 la personne<\/td><td>Id\u00e9al pour les transcriptions rapides et peu co\u00fbteuses<\/td><\/tr><tr><td><a href=\"https:\/\/www.descript.com\/\" target=\"_blank\" rel=\"noopener\">Description<\/a><\/td><td>Transcription audio et vid\u00e9o, fonctions d'\u00e9dition<\/td><td>S'int\u00e8gre aux logiciels d'\u00e9dition, pr\u00e9cis<\/td><td>Abonnement obligatoire<\/td><td>Id\u00e9al pour les podcasters et les monteurs vid\u00e9o<\/td><\/tr><tr><td><a href=\"https:\/\/www.trint.com\/\" target=\"_blank\" rel=\"noopener\">Trint<\/a><\/td><td>Outils de transcription et d'\u00e9dition AI<\/td><td>Haute pr\u00e9cision, facilit\u00e9 d'utilisation<\/td><td>Version gratuite limit\u00e9e<\/td><td>Id\u00e9al pour les journalistes et les chercheurs<\/td><\/tr><tr><td><a href=\"https:\/\/sonix.ai\/\" target=\"_blank\" rel=\"noopener\">Sonix.ai<\/a><\/td><td>Transcription automatis\u00e9e, prise en charge de plusieurs langues<\/td><td>Pr\u00e9cision, rapidit\u00e9<\/td><td>Abonnement obligatoire<\/td><td>Id\u00e9al pour les utilisateurs multilingues<\/td><\/tr><tr><td><a href=\"https:\/\/www.speechtexter.com\/\" target=\"_blank\" rel=\"noopener\">SpeechTexter<\/a><\/td><td>Transcription en temps r\u00e9el, prise en charge de nombreuses langues<\/td><td>Gratuit, sans inscription<\/td><td>Connexion Internet n\u00e9cessaire<\/td><td>Id\u00e9al pour les utilisateurs occasionnels<\/td><\/tr><tr><td><a>Nuance Dragon<\/a><\/td><td>Logiciel de transcription de qualit\u00e9 professionnelle<\/td><td>Tr\u00e8s pr\u00e9cis, personnalisable<\/td><td>Co\u00fbteux<\/td><td>Convient \u00e0 un usage professionnel<\/td><\/tr><tr><td><a href=\"https:\/\/azure.microsoft.com\/en-us\/services\/cognitive-services\/speech-to-text\/\" target=\"_blank\" rel=\"noopener\">Microsoft Azure Speech<\/a><\/td><td>Bas\u00e9 sur l'informatique en nuage, \u00e9volutif<\/td><td>Grande pr\u00e9cision, int\u00e9gration avec d'autres services Microsoft<\/td><td>N\u00e9cessite des connaissances techniques<\/td><td>Le meilleur pour les solutions d'entreprise<\/td><\/tr><\/tbody><\/table><\/figure>\n\n\n\n<h2 class=\"wp-block-heading\">Avantages et inconv\u00e9nients de l'industrie<\/h2>\n\n\n\n<h3 class=\"wp-block-heading\">Pour<\/h3>\n\n\n\n<ul class=\"wp-block-list\">\n<li class=\"\"><strong>Efficacit\u00e9<\/strong>: Acc\u00e9l\u00e8re le processus de transcription.<\/li>\n\n\n\n<li class=\"\"><strong>Accessibilit\u00e9<\/strong>: Rend la technologie plus accessible aux personnes handicap\u00e9es.<\/li>\n\n\n\n<li class=\"\"><strong>Support multilingue<\/strong>: Facilite la communication dans plusieurs langues.<\/li>\n<\/ul>\n\n\n\n<h3 class=\"wp-block-heading\">Cons<\/h3>\n\n\n\n<ul class=\"wp-block-list\">\n<li class=\"\"><strong>Pr\u00e9cision<\/strong>: Peut avoir des difficult\u00e9s avec les accents et les bruits de fond.<\/li>\n\n\n\n<li class=\"\"><strong>Vie priv\u00e9e<\/strong>: Pr\u00e9occupations concernant la s\u00e9curit\u00e9 des donn\u00e9es transcrites.<\/li>\n\n\n\n<li class=\"\"><strong>Co\u00fbt<\/strong>: Certains outils de haute qualit\u00e9 n\u00e9cessitent des abonnements ou des frais.<\/li>\n<\/ul>\n\n\n\n<h2 class=\"wp-block-heading\">FAQ<\/h2>\n\n\n\n<h3 class=\"wp-block-heading\">Quel est le meilleur outil gratuit de conversion de la parole en texte ?<\/h3>\n\n\n\n<p class=\"\">Le meilleur outil gratuit est <a>Google Docs : saisie vocale<\/a>qui offre une int\u00e9gration facile et ne n\u00e9cessite pas d'inscription.<\/p>\n\n\n\n<h3 class=\"wp-block-heading\">Quelle est la pr\u00e9cision des logiciels de synth\u00e8se vocale ?<\/h3>\n\n\n\n<p class=\"\">La pr\u00e9cision varie selon l'outil, mais les mod\u00e8les d'IA avanc\u00e9s tels que ceux utilis\u00e9s par Otter.ai et Rev.com offrent une grande pr\u00e9cision.<\/p>\n\n\n\n<h3 class=\"wp-block-heading\">La synth\u00e8se vocale peut-elle g\u00e9rer plusieurs langues ?<\/h3>\n\n\n\n<p class=\"\">Oui, de nombreux outils prennent en charge plusieurs langues, notamment Otter.ai et Sonix.ai.<\/p>\n\n\n\n<h3 class=\"wp-block-heading\">La synth\u00e8se vocale est-elle s\u00fbre ?<\/h3>\n\n\n\n<p class=\"\">La plupart des outils r\u00e9put\u00e9s disposent de mesures de s\u00e9curit\u00e9 solides, mais il convient de toujours consulter leur politique en mati\u00e8re de protection de la vie priv\u00e9e.<\/p>\n\n\n\n<h3 class=\"wp-block-heading\">Puis-je utiliser la synth\u00e8se vocale hors ligne ?<\/h3>\n\n\n\n<p class=\"\">Certains outils offrent des capacit\u00e9s hors ligne, mais la plupart n\u00e9cessitent une connexion internet pour un traitement en temps r\u00e9el.<\/p>\n\n\n\n<h3 class=\"wp-block-heading\">Comment am\u00e9liorer la pr\u00e9cision de la transcription ?<\/h3>\n\n\n\n<p class=\"\">Parlez clairement, minimisez les bruits de fond et utilisez un microphone de haute qualit\u00e9.<\/p>\n\n\n\n<h3 class=\"wp-block-heading\">Existe-t-il des applications de synth\u00e8se vocale pour les t\u00e9l\u00e9phones portables ?<\/h3>\n\n\n\n<p class=\"\">Oui, de nombreux outils tels que Google Docs Voice Typing et Otter.ai proposent des applications mobiles.<\/p>\n\n\n\n<h3 class=\"wp-block-heading\">Puis-je modifier le texte transcrit ?<\/h3>\n\n\n\n<p class=\"\">Oui, la plupart des outils vous permettent d'\u00e9diter la transcription pour en assurer la pr\u00e9cision.<\/p>\n\n\n\n<h3 class=\"wp-block-heading\">Quelles sont les principales utilisations de la synth\u00e8se vocale ?<\/h3>\n\n\n\n<p class=\"\">Les utilisations les plus courantes sont la transcription acad\u00e9mique, les r\u00e9unions d'affaires, la cr\u00e9ation de contenu, l'accessibilit\u00e9 et le service \u00e0 la client\u00e8le.<\/p>\n\n\n\n<h3 class=\"wp-block-heading\">Comment int\u00e9grer la synth\u00e8se vocale \u00e0 d'autres outils ?<\/h3>\n\n\n\n<p class=\"\">De nombreux outils proposent des int\u00e9grations avec des plateformes telles que Google Drive, Microsoft Office et divers logiciels d'\u00e9dition.<\/p>\n\n\n\n<h2 class=\"wp-block-heading\">R\u00e9sum\u00e9<\/h2>\n\n\n\n<p class=\"\">La technologie de la synth\u00e8se vocale offre de nombreux avantages, notamment une efficacit\u00e9 accrue, une meilleure accessibilit\u00e9 et une prise en charge polyvalente des langues. Des outils tels que <a href=\"https:\/\/aiartfree.online\/fr\/la-synthese-vocale\/\">aiartfree.online<\/a> et Google Docs Voice Typing offrent des options fiables et conviviales. Que ce soit pour un usage professionnel, acad\u00e9mique ou personnel, l'adoption de la synth\u00e8se vocale permet de rationaliser les t\u00e2ches et d'am\u00e9liorer la productivit\u00e9. Essayez ces outils d\u00e8s aujourd'hui et d\u00e9couvrez la facilit\u00e9 de convertir des mots parl\u00e9s en texte \u00e9crit !<\/p>","protected":false},"excerpt":{"rendered":"<p>How to use the Speech to Text * Record is currently not available *\u00a0Depending on your internet speed, loading the model may take up to 10 seconds \u2193 The Ultimate Guide to Speech to Text Summary Outline This article provides a comprehensive overview of speech-to-text technology, including its definition, advantages, main features, target audience, and &#8230; <a title=\"Parole au texte\" class=\"read-more\" href=\"https:\/\/aiartfree.online\/fr\/la-synthese-vocale\/\" aria-label=\"En savoir plus sur Speech to Text\">Lire la suite<\/a><\/p>","protected":false},"author":1,"featured_media":3418,"parent":0,"menu_order":0,"comment_status":"closed","ping_status":"closed","template":"","meta":{"nf_dc_page":"","footnotes":""},"class_list":["post-3412","page","type-page","status-publish","has-post-thumbnail"],"jetpack_sharing_enabled":true,"_links":{"self":[{"href":"https:\/\/aiartfree.online\/fr\/wp-json\/wp\/v2\/pages\/3412","targetHints":{"allow":["GET"]}}],"collection":[{"href":"https:\/\/aiartfree.online\/fr\/wp-json\/wp\/v2\/pages"}],"about":[{"href":"https:\/\/aiartfree.online\/fr\/wp-json\/wp\/v2\/types\/page"}],"author":[{"embeddable":true,"href":"https:\/\/aiartfree.online\/fr\/wp-json\/wp\/v2\/users\/1"}],"replies":[{"embeddable":true,"href":"https:\/\/aiartfree.online\/fr\/wp-json\/wp\/v2\/comments?post=3412"}],"version-history":[{"count":0,"href":"https:\/\/aiartfree.online\/fr\/wp-json\/wp\/v2\/pages\/3412\/revisions"}],"wp:featuredmedia":[{"embeddable":true,"href":"https:\/\/aiartfree.online\/fr\/wp-json\/wp\/v2\/media\/3418"}],"wp:attachment":[{"href":"https:\/\/aiartfree.online\/fr\/wp-json\/wp\/v2\/media?parent=3412"}],"curies":[{"name":"wp","href":"https:\/\/api.w.org\/{rel}","templated":true}]}}