{"id":3411,"date":"2024-08-01T09:21:04","date_gmt":"2024-08-01T09:21:04","guid":{"rendered":"https:\/\/aiartfree.online\/?page_id=3411"},"modified":"2024-08-02T11:14:38","modified_gmt":"2024-08-02T11:14:38","slug":"photo-enhancer","status":"publish","type":"page","link":"https:\/\/aiartfree.online\/fr\/ameliorateur-de-photos\/","title":{"rendered":"Am\u00e9liorateur de photos"},"content":{"rendered":"<h2 class=\"wp-block-heading has-text-align-center\" id=\"before-vs-after\">Avant et apr\u00e8s<\/h2>\n\n\n\n<figure class=\"gb-block-image gb-block-image-1822da1f\"><img data-recalc-dims=\"1\" decoding=\"async\" loading=\"lazy\" width=\"1200\" height=\"429\" class=\"gb-image gb-image-1822da1f\" src=\"https:\/\/i0.wp.com\/aiartfree.online\/wp-content\/uploads\/2024\/08\/WX20240801-131344%402x-jpg.webp?resize=1200%2C429&#038;ssl=1\" alt=\"AI photo enhancer am\u00e9liore la qualit\u00e9 des images gr\u00e2ce \u00e0 divers ajustements et am\u00e9liorations. Offre les meilleurs outils d&#039;am\u00e9lioration d&#039;images AI gratuits en ligne, sans limite.\" title=\"WX20240801-131344@2x\" srcset=\"https:\/\/i0.wp.com\/aiartfree.online\/wp-content\/uploads\/2024\/08\/WX20240801-131344%402x-jpg.webp?w=1500&amp;ssl=1 1500w, https:\/\/i0.wp.com\/aiartfree.online\/wp-content\/uploads\/2024\/08\/WX20240801-131344%402x-jpg.webp?resize=300%2C107&amp;ssl=1 300w, https:\/\/i0.wp.com\/aiartfree.online\/wp-content\/uploads\/2024\/08\/WX20240801-131344%402x-jpg.webp?resize=1024%2C366&amp;ssl=1 1024w, https:\/\/i0.wp.com\/aiartfree.online\/wp-content\/uploads\/2024\/08\/WX20240801-131344%402x-jpg.webp?resize=768%2C274&amp;ssl=1 768w, https:\/\/i0.wp.com\/aiartfree.online\/wp-content\/uploads\/2024\/08\/WX20240801-131344%402x-jpg.webp?resize=18%2C6&amp;ssl=1 18w, https:\/\/i0.wp.com\/aiartfree.online\/wp-content\/uploads\/2024\/08\/WX20240801-131344%402x-jpg.webp?resize=600%2C214&amp;ssl=1 600w\" sizes=\"auto, (max-width: 1200px) 100vw, 1200px\" \/><\/figure>\n\n\n\n<h2 class=\"wp-block-heading\" id=\"how-to-use-the-photo-enhancer\">Comment utiliser l'outil d'am\u00e9lioration des photos<\/h2>\n\n\n\n<ol class=\"wp-block-list\">\n<li class=\"\">D\u00e9posez ou t\u00e9l\u00e9chargez votre image<\/li>\n\n\n\n<li class=\"\">Cliquez sur \"Soumettre\"<\/li>\n\n\n\n<li class=\"\">Attendez, c'est \u00e7a !<\/li>\n<\/ol>\n\n\n\n<p class=\"\">* N'h\u00e9sitez pas \u00e0 essayer les exemples ci-dessous si vous n'avez aucune id\u00e9e en t\u00eate.<\/p>\n\n\n\n<p class=\"\"><em>* En fonction de votre vitesse d'acc\u00e8s \u00e0 Internet, le chargement du mod\u00e8le peut prendre <\/em>jusqu'\u00e0 10 secondes \u2193<\/p>\n\n\n\n<div class=\"iframe-wrapper\" style=\"position: relative; width: 100%; height: 1580px;\">\n  <div class=\"loading\" style=\"position: absolute; top: 50px; left: 50%; transform: translate(-50%, -50%); width: 40px; height: 40px; border: 3px solid #f0f0f0; border-top: 3px solid #db7093; border-radius: 50%; animation: spin 1s linear infinite;\"><\/div>\n  <iframe loading=\"lazy\" src=\"https:\/\/xintao-gfpgan.hf.space\" frameborder=\"0\" width=\"100%\" height=\"100%\" style=\"position: absolute; top: 0; left: 0; opacity: 0; transition: opacity 0.3s;\" onload=\"this.style.opacity=1;this.previousElementSibling.style.display='none';\"><\/iframe>\n<\/div>\n\n<style>\n@keyframes spin {\n  0% { transform: translate(-50%, -50%) rotate(0deg); }\n  100% { transform: translate(-50%, -50%) rotate(360deg); }\n}\n<\/style>\n\n\n\n<div style=\"height:80px\" aria-hidden=\"true\" class=\"wp-block-spacer\"><\/div>\n\n\n\n<h2 class=\"wp-block-heading\" id=\"enhance-your-photos-with-ai-the-ultimate-guide\">Am\u00e9liorez vos photos gr\u00e2ce \u00e0 l'IA : le guide ultime<\/h2>\n\n\n\n<div class=\"wp-block-rank-math-toc-block\" id=\"rank-math-toc\"><h3>Table des mati\u00e8res<\/h3><nav><ul><li><a href=\"#outline\">Aper\u00e7u<\/a><\/li><li><a href=\"#table-of-contents\">Table des mati\u00e8res<\/a><\/li><li><a href=\"#what-is-a-photo-enhancer\">Qu'est-ce qu'un am\u00e9liorateur de photos ?<\/a><\/li><li><a href=\"#why-use-a-photo-enhancer\">Pourquoi utiliser un logiciel de retouche photo ?<\/a><\/li><li><a href=\"#main-features-of-photo-enhancers\">Principales caract\u00e9ristiques de l'outil d'am\u00e9lioration des photos<\/a><ul><li><a href=\"#ai-powered-enhancements\">Am\u00e9liorations par l'IA<\/a><\/li><li><a href=\"#increase-photo-resolution\">Augmenter la r\u00e9solution des photos<\/a><\/li><li><a href=\"#improve-photo-quality\">Am\u00e9liorer la qualit\u00e9 des photos<\/a><\/li><li><a href=\"#reduce-noise-and-sharpen-details\">R\u00e9duire le bruit et accentuer les d\u00e9tails<\/a><\/li><\/ul><\/li><li><a href=\"#target-audience-and-uses\">Public cible et utilisations<\/a><\/li><li><a href=\"#industry-applications\">Applications industrielles<\/a><ul><li><a href=\"#e-commerce\">Commerce \u00e9lectronique<\/a><\/li><li><a href=\"#photography\">Photographie<\/a><\/li><li><a href=\"#social-media\">M\u00e9dias sociaux<\/a><\/li><li><a href=\"#graphic-design\">Conception graphique<\/a><\/li><\/ul><\/li><li><a href=\"#how-to-use-a-photo-enhancer\">Comment utiliser un am\u00e9liorateur de photos<\/a><\/li><li><a href=\"#real-world-usage-cases\">Cas d'utilisation dans le monde r\u00e9el<\/a><ul><li><a href=\"#product-photography\">Photographie de produits<\/a><\/li><li><a href=\"#family-photos\">Photos de famille<\/a><\/li><li><a href=\"#social-media-posts\">Messages sur les m\u00e9dias sociaux<\/a><\/li><\/ul><\/li><li><a href=\"#comparison-of-top-10-photo-enhancer-tools\">Comparaison des 10 meilleurs outils de retouche photo<\/a><\/li><li><a href=\"#industry-pros-and-cons\">Avantages et inconv\u00e9nients de l'industrie<\/a><ul><li><a href=\"#pros\">Pour<\/a><\/li><li><a href=\"#cons\">Cons<\/a><\/li><\/ul><\/li><li><a href=\"#faq\">FAQ<\/a><\/li><li><a href=\"#summary\">R\u00e9sum\u00e9<\/a><\/li><\/ul><\/nav><\/div>\n\n\n\n<h3 class=\"wp-block-heading\" id=\"outline\">Aper\u00e7u<\/h3>\n\n\n\n<p class=\"\">Dans ce guide complet, nous allons explorer le monde de l'am\u00e9lioration des photos \u00e0 l'aide de la technologie de l'IA. Nous aborderons la d\u00e9finition, les avantages, les caract\u00e9ristiques, le public cible, les applications industrielles, les instructions d'utilisation, les exemples du monde r\u00e9el et nous fournirons une comparaison d\u00e9taill\u00e9e de 10 outils populaires. Nous r\u00e9pondrons \u00e9galement aux questions fr\u00e9quemment pos\u00e9es et r\u00e9sumerons les principaux avantages de l'utilisation des outils de retouche photo par IA, ainsi qu'un appel \u00e0 l'action.<\/p>\n\n\n\n<h3 class=\"wp-block-heading\" id=\"table-of-contents\">Table des mati\u00e8res<\/h3>\n\n\n\n<ol class=\"wp-block-list\">\n<li class=\"\"><a href=\"#what-is-a-photo-enhancer\">Qu'est-ce qu'un am\u00e9liorateur de photos ?<\/a><\/li>\n\n\n\n<li class=\"\"><a href=\"#why-use-a-photo-enhancer\">Pourquoi utiliser un logiciel de retouche photo ?<\/a><\/li>\n\n\n\n<li class=\"\"><a href=\"#main-features-of-photo-enhancers\">Principales caract\u00e9ristiques de l'outil d'am\u00e9lioration des photos<\/a><\/li>\n\n\n\n<li class=\"\"><a href=\"#target-audience-and-uses\">Public cible et utilisations<\/a><\/li>\n\n\n\n<li class=\"\"><a href=\"#industry-applications\">Applications industrielles<\/a><\/li>\n\n\n\n<li class=\"\"><a href=\"#how-to-use-a-photo-enhancer\">Comment utiliser un am\u00e9liorateur de photos<\/a><\/li>\n\n\n\n<li class=\"\"><a href=\"#real-world-usage-cases\">Cas d'utilisation dans le monde r\u00e9el<\/a><\/li>\n\n\n\n<li class=\"\"><a href=\"#comparison-of-top-10-photo-enhancer-tools\">Comparaison des 10 meilleurs outils de retouche photo<\/a><\/li>\n\n\n\n<li class=\"\"><a href=\"#industry-pros-and-cons\">Avantages et inconv\u00e9nients de l'industrie<\/a><\/li>\n\n\n\n<li class=\"\"><a href=\"#faq\">FAQ<\/a><\/li>\n\n\n\n<li class=\"\"><a href=\"#summary-and-call-to-action\">R\u00e9sum\u00e9 et appel \u00e0 l'action<\/a><\/li>\n<\/ol>\n\n\n\n<h3 class=\"wp-block-heading\" id=\"what-is-a-photo-enhancer\">Qu'est-ce qu'un am\u00e9liorateur de photos ?<\/h3>\n\n\n\n<p class=\"\">Un optimiseur de photos est un outil ou un logiciel qui am\u00e9liore la qualit\u00e9 des images par le biais de divers ajustements et am\u00e9liorations. Il peut s'agir d'augmenter la r\u00e9solution, de r\u00e9duire le bruit, d'accentuer les d\u00e9tails et d'am\u00e9liorer la pr\u00e9cision des couleurs. Les optimiseurs de photos aliment\u00e9s par l'IA utilisent des algorithmes avanc\u00e9s et des techniques d'apprentissage automatique pour analyser et am\u00e9liorer les images automatiquement.<\/p>\n\n\n\n<h3 class=\"wp-block-heading\" id=\"why-use-a-photo-enhancer\">Pourquoi utiliser un logiciel de retouche photo ?<\/h3>\n\n\n\n<p class=\"\">L'utilisation d'un am\u00e9liorateur de photos pr\u00e9sente plusieurs avantages :<\/p>\n\n\n\n<ol class=\"wp-block-list\">\n<li class=\"\"><strong>Am\u00e9lioration de la qualit\u00e9 des photos<\/strong>: Am\u00e9liorez la clart\u00e9, la nettet\u00e9 et la qualit\u00e9 g\u00e9n\u00e9rale de vos images.<\/li>\n\n\n\n<li class=\"\"><strong>Am\u00e9liorateur d'image AI<\/strong>: Tirez parti de la puissance de l'intelligence artificielle pour obtenir des r\u00e9sultats sup\u00e9rieurs avec un minimum d'efforts.<\/li>\n\n\n\n<li class=\"\"><strong>Outil d'am\u00e9lioration pour les professionnels<\/strong>: Parfait pour les graphistes, les photographes et les influenceurs de m\u00e9dias sociaux qui ont besoin d'images de haute qualit\u00e9.<\/li>\n\n\n\n<li class=\"\"><strong>Pas d'inscription n\u00e9cessaire<\/strong>: De nombreux outils, tels que <a href=\"https:\/\/aiartfree.online\/fr\/ameliorateur-de-photos\/\">AI Art Am\u00e9liorateur de photos gratuit<\/a>Ils offrent un acc\u00e8s gratuit et illimit\u00e9, sans inscription pr\u00e9alable.<\/li>\n\n\n\n<li class=\"\"><strong>Polyvalence<\/strong>: Id\u00e9al pour am\u00e9liorer les images de produits, les photos de famille et les publications sur les m\u00e9dias sociaux.<\/li>\n\n\n\n<li class=\"\"><strong>Convivialit\u00e9<\/strong>: Des interfaces simples facilitent l'utilisation par tous, quel que soit le niveau de comp\u00e9tence technique.<\/li>\n<\/ol>\n\n\n\n<h3 class=\"wp-block-heading\" id=\"main-features-of-photo-enhancers\">Principales caract\u00e9ristiques de l'outil d'am\u00e9lioration des photos<\/h3>\n\n\n\n<h4 class=\"wp-block-heading\" id=\"ai-powered-enhancements\">Am\u00e9liorations par l'IA<\/h4>\n\n\n\n<p class=\"\">Les algorithmes d'IA analysent et am\u00e9liorent automatiquement les images, garantissant une qualit\u00e9 optimale avec un minimum d'ajustements manuels.<\/p>\n\n\n\n<h4 class=\"wp-block-heading\" id=\"increase-photo-resolution\">Augmenter la r\u00e9solution des photos<\/h4>\n\n\n\n<p class=\"\">Am\u00e9liorer la r\u00e9solution des images de faible qualit\u00e9 pour les rendre adapt\u00e9es \u00e0 l'impression ou \u00e0 un usage professionnel.<\/p>\n\n\n\n<h4 class=\"wp-block-heading\" id=\"improve-photo-quality\">Am\u00e9liorer la qualit\u00e9 des photos<\/h4>\n\n\n\n<p class=\"\">R\u00e9glez la luminosit\u00e9, le contraste et l'\u00e9quilibre des couleurs pour faire ressortir le meilleur de vos photos.<\/p>\n\n\n\n<h4 class=\"wp-block-heading\" id=\"reduce-noise-and-sharpen-details\">R\u00e9duire le bruit et accentuer les d\u00e9tails<\/h4>\n\n\n\n<p class=\"\">Supprimez le bruit et le flou ind\u00e9sirables des images pour les rendre plus claires et plus d\u00e9taill\u00e9es.<\/p>\n\n\n\n<h3 class=\"wp-block-heading\" id=\"target-audience-and-uses\">Public cible et utilisations<\/h3>\n\n\n\n<p class=\"\">Les am\u00e9liorateurs de photos sont utiles pour :<\/p>\n\n\n\n<ul class=\"wp-block-list\">\n<li class=\"\"><strong>Concepteurs graphiques<\/strong>: Am\u00e9liorer les images pour les projets de conception.<\/li>\n\n\n\n<li class=\"\"><strong>Photographes<\/strong>: Am\u00e9liorer la qualit\u00e9 des photos pour les clients.<\/li>\n\n\n\n<li class=\"\"><strong>Influenceurs des m\u00e9dias sociaux<\/strong>: Cr\u00e9er du contenu de haute qualit\u00e9 pour les plateformes de m\u00e9dias sociaux.<\/li>\n\n\n\n<li class=\"\"><strong>Vendeurs de commerce \u00e9lectronique<\/strong>: Rendez les photos de produits plus attrayantes pour les acheteurs potentiels.<\/li>\n\n\n\n<li class=\"\"><strong>Familles<\/strong>: Pr\u00e9servez et am\u00e9liorez les photos de famille qui vous sont ch\u00e8res.<\/li>\n<\/ul>\n\n\n\n<h3 class=\"wp-block-heading\" id=\"industry-applications\">Applications industrielles<\/h3>\n\n\n\n<h4 class=\"wp-block-heading\" id=\"e-commerce\">Commerce \u00e9lectronique<\/h4>\n\n\n\n<p class=\"\">Am\u00e9liorer les images des produits pour les rendre plus attrayantes et augmenter ainsi les ventes.<\/p>\n\n\n\n<h4 class=\"wp-block-heading\" id=\"photography\">Photographie<\/h4>\n\n\n\n<p class=\"\">Les photographes professionnels peuvent utiliser des am\u00e9liorateurs de photos pour am\u00e9liorer la qualit\u00e9 de leur travail et satisfaire leurs clients.<\/p>\n\n\n\n<h4 class=\"wp-block-heading\" id=\"social-media\">M\u00e9dias sociaux<\/h4>\n\n\n\n<p class=\"\">Les influenceurs et les sp\u00e9cialistes du marketing peuvent cr\u00e9er des posts accrocheurs qui se d\u00e9marquent dans le paysage encombr\u00e9 des m\u00e9dias sociaux.<\/p>\n\n\n\n<h4 class=\"wp-block-heading\" id=\"graphic-design\">Conception graphique<\/h4>\n\n\n\n<p class=\"\">Les concepteurs peuvent am\u00e9liorer la qualit\u00e9 des images utilis\u00e9es dans leurs projets, ce qui se traduit par un travail plus soign\u00e9 et plus professionnel.<\/p>\n\n\n\n<p class=\"\"><\/p>\n\n\n\n<h3 class=\"wp-block-heading\" id=\"how-to-use-a-photo-enhancer\">Comment utiliser un am\u00e9liorateur de photos<\/h3>\n\n\n\n<ol class=\"wp-block-list\">\n<li class=\"\"><strong>T\u00e9l\u00e9chargez votre photo<\/strong>: S\u00e9lectionnez l'image que vous souhaitez am\u00e9liorer.<\/li>\n\n\n\n<li class=\"\"><strong>Choisir les options d'am\u00e9lioration<\/strong>: S\u00e9lectionnez les ajustements souhait\u00e9s (par exemple, augmenter la r\u00e9solution, r\u00e9duire le bruit).<\/li>\n\n\n\n<li class=\"\"><strong>Appliquer des am\u00e9liorations<\/strong>: Laissez les algorithmes de l'IA op\u00e9rer leur magie.<\/li>\n\n\n\n<li class=\"\"><strong>T\u00e9l\u00e9charger la photo am\u00e9lior\u00e9e<\/strong>: Enregistrez l'image am\u00e9lior\u00e9e sur votre appareil.<\/li>\n<\/ol>\n\n\n\n<h3 class=\"wp-block-heading\" id=\"real-world-usage-cases\">Cas d'utilisation dans le monde r\u00e9el<\/h3>\n\n\n\n<h4 class=\"wp-block-heading\" id=\"product-photography\">Photographie de produits<\/h4>\n\n\n\n<p class=\"\">Les vendeurs en ligne utilisent des optimiseurs de photos pour rendre les images de leurs produits plus attrayantes, ce qui se traduit par des taux de conversion plus \u00e9lev\u00e9s.<\/p>\n\n\n\n<h4 class=\"wp-block-heading\" id=\"family-photos\">Photos de famille<\/h4>\n\n\n\n<p class=\"\">Les particuliers am\u00e9liorent les vieilles photos de famille pour pr\u00e9server les souvenirs avec une clart\u00e9 et des d\u00e9tails am\u00e9lior\u00e9s.<\/p>\n\n\n\n<h4 class=\"wp-block-heading\" id=\"social-media-posts\">Messages sur les m\u00e9dias sociaux<\/h4>\n\n\n\n<p class=\"\">Les influenceurs am\u00e9liorent les photos pour cr\u00e9er un contenu \u00e9poustouflant qui attire plus d'adeptes et d'engagement.<\/p>\n\n\n\n<h3 class=\"wp-block-heading\" id=\"comparison-of-top-10-photo-enhancer-tools\">Comparaison des 10 meilleurs outils de retouche photo<\/h3>\n\n\n\n<figure class=\"wp-block-table\"><table class=\"has-fixed-layout\"><thead><tr><th>Nom de l'outil<\/th><th>Caract\u00e9ristiques<\/th><th>Pour<\/th><th>Cons<\/th><th>Site web<\/th><\/tr><\/thead><tbody><tr><td><strong>AI Art Am\u00e9liorateur de photos gratuit<\/strong><\/td><td>Fonctionnement bas\u00e9 sur l'IA, utilisation illimit\u00e9e, pas d'inscription<\/td><td>100% gratuit, facile \u00e0 utiliser<\/td><td>Fonctionnalit\u00e9s avanc\u00e9es limit\u00e9es<\/td><td><a href=\"https:\/\/aiartfree.online\/fr\/ameliorateur-de-photos\/\">AI Art Gratuit<\/a><\/td><\/tr><tr><td><strong>Adobe Photoshop<\/strong><\/td><td>Outils d'\u00e9dition avanc\u00e9s, am\u00e9liorations de l'IA<\/td><td>De qualit\u00e9 professionnelle, hautement personnalisable<\/td><td>Co\u00fbteux, courbe d'apprentissage abrupte<\/td><td><a href=\"https:\/\/www.adobe.com\/products\/photoshop.html\" target=\"_blank\" rel=\"noopener\">Adobe Photoshop<\/a><\/td><\/tr><tr><td><strong>Luminar AI<\/strong><\/td><td>\u00c9dition assist\u00e9e par l'IA, mod\u00e8les<\/td><td>Convivialit\u00e9 et rapidit\u00e9 de traitement<\/td><td>Achat obligatoire<\/td><td><a>Luminar AI<\/a><\/td><\/tr><tr><td><strong>Fotor<\/strong><\/td><td>\u00c9diteur en ligne, am\u00e9liorations de l'IA<\/td><td>Version gratuite disponible, facile \u00e0 utiliser<\/td><td>Fonctionnalit\u00e9s limit\u00e9es dans la version gratuite<\/td><td><a href=\"https:\/\/www.fotor.com\/\" target=\"_blank\" rel=\"noopener\">Fotor<\/a><\/td><\/tr><tr><td><strong>GIMP<\/strong><\/td><td>Outils libres et personnalisables<\/td><td>Gratuit, fonctionnalit\u00e9s puissantes<\/td><td>Interface moins intuitive<\/td><td><a href=\"https:\/\/www.gimp.org\/\" target=\"_blank\" rel=\"noopener\">GIMP<\/a><\/td><\/tr><tr><td><strong>Pixlr<\/strong><\/td><td>Outils d'IA bas\u00e9s sur le web, \u00e9ditions rapides<\/td><td>Version de base gratuite, application mobile<\/td><td>Publicit\u00e9s dans la version gratuite, fonctionnalit\u00e9s limit\u00e9es<\/td><td><a href=\"https:\/\/pixlr.com\/\" target=\"_blank\" rel=\"noopener\">Pixlr<\/a><\/td><\/tr><tr><td><strong>PhotoScape X<\/strong><\/td><td>Outils d'\u00e9dition par lots et d'IA faciles \u00e0 utiliser<\/td><td>Gratuit, convivial<\/td><td>Fonctionnalit\u00e9s avanc\u00e9es limit\u00e9es<\/td><td><a>PhotoScape X<\/a><\/td><\/tr><tr><td><strong>Am\u00e9liorer.Pho.to<\/strong><\/td><td>Am\u00e9liorateur en ligne, ajustements automatiques<\/td><td>Gratuit, sans inscription<\/td><td>Contr\u00f4le manuel limit\u00e9<\/td><td><a>Am\u00e9liorer.Pho.to<\/a><\/td><\/tr><tr><td><strong>Am\u00e9liorons<\/strong><\/td><td>Conversion ascendante et r\u00e9duction du bruit pilot\u00e9es par l'IA<\/td><td>Des r\u00e9sultats de haute qualit\u00e9, faciles \u00e0 utiliser<\/td><td>Version gratuite limit\u00e9e, cr\u00e9dits n\u00e9cessaires pour une utilisation compl\u00e8te<\/td><td><a href=\"https:\/\/letsenhance.io\/\" target=\"_blank\" rel=\"noopener\">Am\u00e9liorons<\/a><\/td><\/tr><tr><td><strong>BeFunky<\/strong><\/td><td>\u00c9diteur de photos, effets AI, mod\u00e8les<\/td><td>Version de base gratuite, interface simple<\/td><td>Les fonctionnalit\u00e9s Premium n\u00e9cessitent un abonnement<\/td><td><a href=\"https:\/\/www.befunky.com\/\" target=\"_blank\" rel=\"noopener\">BeFunky<\/a><\/td><\/tr><\/tbody><\/table><\/figure>\n\n\n\n<h3 class=\"wp-block-heading\" id=\"industry-pros-and-cons\">Avantages et inconv\u00e9nients de l'industrie<\/h3>\n\n\n\n<h4 class=\"wp-block-heading\" id=\"pros\">Pour<\/h4>\n\n\n\n<ul class=\"wp-block-list\">\n<li class=\"\"><strong>Qualit\u00e9 d'image am\u00e9lior\u00e9e<\/strong>: Les outils d'IA am\u00e9liorent consid\u00e9rablement la qualit\u00e9 de l'image.<\/li>\n\n\n\n<li class=\"\"><strong>Convivialit\u00e9<\/strong>: Facile \u00e0 utiliser pour les professionnels et les amateurs.<\/li>\n\n\n\n<li class=\"\"><strong>Rentabilit\u00e9<\/strong>: De nombreux outils sont gratuits ou abordables.<\/li>\n<\/ul>\n\n\n\n<h4 class=\"wp-block-heading\" id=\"cons\">Cons<\/h4>\n\n\n\n<ul class=\"wp-block-list\">\n<li class=\"\"><strong>D\u00e9pendance \u00e0 l'\u00e9gard de l'IA<\/strong>: Les r\u00e9sultats peuvent varier en fonction de l'algorithme d'IA.<\/li>\n\n\n\n<li class=\"\"><strong>Personnalisation limit\u00e9e<\/strong>: Certains outils offrent des options de r\u00e9glage manuel limit\u00e9es.<\/li>\n\n\n\n<li class=\"\"><strong>D\u00e9lai de traitement<\/strong>: Le traitement des images \u00e0 haute r\u00e9solution peut prendre plus de temps.<\/li>\n<\/ul>\n\n\n\n<h3 class=\"wp-block-heading\" id=\"faq\">FAQ<\/h3>\n\n\n\n<ol class=\"wp-block-list\">\n<li class=\"\"><strong>Comment am\u00e9liorer une photo ?<\/strong>\n<ul class=\"wp-block-list\">\n<li class=\"\">T\u00e9l\u00e9chargez votre photo vers un logiciel de retouche photo AI et appliquez les retouches souhait\u00e9es.<\/li>\n<\/ul>\n<\/li>\n\n\n\n<li class=\"\"><strong>Comment am\u00e9liorer la r\u00e9solution des photos ?<\/strong>\n<ul class=\"wp-block-list\">\n<li class=\"\">Utilisez des outils comme AI Art Free Photo Enhancer pour augmenter la r\u00e9solution de vos images.<\/li>\n<\/ul>\n<\/li>\n\n\n\n<li class=\"\"><strong>Comment am\u00e9liorer la qualit\u00e9 des photos ?<\/strong>\n<ul class=\"wp-block-list\">\n<li class=\"\">Ajustez la luminosit\u00e9, le contraste et l'\u00e9quilibre des couleurs \u00e0 l'aide d'un optimiseur de photo IA.<\/li>\n<\/ul>\n<\/li>\n\n\n\n<li class=\"\"><strong>Comment am\u00e9liorer une photo floue ?<\/strong>\n<ul class=\"wp-block-list\">\n<li class=\"\">Utilisez la fonction d'accentuation de la nettet\u00e9 d'un logiciel de retouche photo pour r\u00e9duire le flou.<\/li>\n<\/ul>\n<\/li>\n\n\n\n<li class=\"\"><strong>Comment am\u00e9liorer la qualit\u00e9 d'une photo dans Photoshop ?<\/strong>\n<ul class=\"wp-block-list\">\n<li class=\"\">Utilisez les outils int\u00e9gr\u00e9s de Photoshop tels que l'accentuation de la nettet\u00e9, la r\u00e9duction du bruit et la correction des couleurs.<\/li>\n<\/ul>\n<\/li>\n\n\n\n<li class=\"\"><strong>L'IA peut-elle am\u00e9liorer les photos anciennes ?<\/strong>\n<ul class=\"wp-block-list\">\n<li class=\"\">Oui, les logiciels d'am\u00e9lioration des photos par l'IA peuvent restaurer et am\u00e9liorer la qualit\u00e9 de vieilles photos.<\/li>\n<\/ul>\n<\/li>\n\n\n\n<li class=\"\"><strong>Existe-t-il des outils gratuits d'am\u00e9lioration des photos ?<\/strong>\n<ul class=\"wp-block-list\">\n<li class=\"\">Oui, des outils comme AI Art Free Photo Enhancer offrent une utilisation gratuite et illimit\u00e9e.<\/li>\n<\/ul>\n<\/li>\n\n\n\n<li class=\"\"><strong>Dois-je m'inscrire pour utiliser un am\u00e9liorateur de photos ?<\/strong>\n<ul class=\"wp-block-list\">\n<li class=\"\">De nombreux outils ne n\u00e9cessitent pas d'inscription, ce qui permet d'am\u00e9liorer rapidement les photos.<\/li>\n<\/ul>\n<\/li>\n\n\n\n<li class=\"\"><strong>Quels sont les meilleurs outils pour am\u00e9liorer les photos ?<\/strong>\n<ul class=\"wp-block-list\">\n<li class=\"\">AI Art Free Photo Enhancer, ainsi que d'autres outils populaires r\u00e9pertori\u00e9s dans le tableau comparatif.<\/li>\n<\/ul>\n<\/li>\n\n\n\n<li class=\"\"><strong>Combien de temps faut-il pour am\u00e9liorer une photo ?<\/strong>\n<ul class=\"wp-block-list\">\n<li class=\"\">Le temps de traitement varie en fonction de la taille de l'image et de l'outil utilis\u00e9.<\/li>\n<\/ul>\n<\/li>\n<\/ol>\n\n\n\n<h3 class=\"wp-block-heading\" id=\"summary\">R\u00e9sum\u00e9<\/h3>\n\n\n\n<p class=\"\">L'am\u00e9lioration des photos gr\u00e2ce \u00e0 la technologie de l'IA offre de nombreux avantages, notamment une meilleure qualit\u00e9, une plus grande facilit\u00e9 d'utilisation et une plus grande polyvalence. Que vous soyez photographe professionnel, graphiste ou simplement d\u00e9sireux d'am\u00e9liorer vos photos personnelles, les outils d'am\u00e9lioration des photos par l'IA tels que <a href=\"https:\/\/aiartfree.online\/fr\/ameliorateur-de-photos\/\">AI Art Am\u00e9liorateur de photos gratuit<\/a> constituent une solution puissante. Essayez-le d\u00e8s aujourd'hui et constatez la diff\u00e9rence dans la qualit\u00e9 de vos photos !<\/p>","protected":false},"excerpt":{"rendered":"<p>Before vs After How to use the Photo Enhancer * Feel free to try our examples below if you don&#8217;t have any thoughts in your mind *&nbsp;Depending on your internet speed, loading the model may take up to 10 seconds \u2193 Enhance Your Photos with AI: The Ultimate Guide Outline In this comprehensive guide, we&#8217;ll &#8230; <a title=\"Am\u00e9liorateur de photos\" class=\"read-more\" href=\"https:\/\/aiartfree.online\/fr\/ameliorateur-de-photos\/\" aria-label=\"En savoir plus sur Photo Enhancer\">Lire la suite<\/a><\/p>","protected":false},"author":1,"featured_media":3420,"parent":0,"menu_order":0,"comment_status":"open","ping_status":"closed","template":"","meta":{"nf_dc_page":"","footnotes":""},"class_list":["post-3411","page","type-page","status-publish","has-post-thumbnail"],"jetpack_sharing_enabled":true,"_links":{"self":[{"href":"https:\/\/aiartfree.online\/fr\/wp-json\/wp\/v2\/pages\/3411","targetHints":{"allow":["GET"]}}],"collection":[{"href":"https:\/\/aiartfree.online\/fr\/wp-json\/wp\/v2\/pages"}],"about":[{"href":"https:\/\/aiartfree.online\/fr\/wp-json\/wp\/v2\/types\/page"}],"author":[{"embeddable":true,"href":"https:\/\/aiartfree.online\/fr\/wp-json\/wp\/v2\/users\/1"}],"replies":[{"embeddable":true,"href":"https:\/\/aiartfree.online\/fr\/wp-json\/wp\/v2\/comments?post=3411"}],"version-history":[{"count":0,"href":"https:\/\/aiartfree.online\/fr\/wp-json\/wp\/v2\/pages\/3411\/revisions"}],"wp:featuredmedia":[{"embeddable":true,"href":"https:\/\/aiartfree.online\/fr\/wp-json\/wp\/v2\/media\/3420"}],"wp:attachment":[{"href":"https:\/\/aiartfree.online\/fr\/wp-json\/wp\/v2\/media?parent=3411"}],"curies":[{"name":"wp","href":"https:\/\/api.w.org\/{rel}","templated":true}]}}