{"id":3388,"date":"2024-07-31T13:26:56","date_gmt":"2024-07-31T13:26:56","guid":{"rendered":"https:\/\/aiartfree.online\/?page_id=3388"},"modified":"2024-08-02T11:12:57","modified_gmt":"2024-08-02T11:12:57","slug":"voice-changer","status":"publish","type":"page","link":"https:\/\/aiartfree.online\/fr\/changeur-de-voix\/","title":{"rendered":"Changeur de voix"},"content":{"rendered":"<h2 class=\"wp-block-heading\" id=\"how-to-use-the-voice-changer\">Comment utiliser le changeur de voix<\/h2>\n\n\n\n<ol class=\"wp-block-list\">\n<li class=\"\">Saisissez votre texte<\/li>\n\n\n\n<li class=\"\">D\u00e9posez ou t\u00e9l\u00e9chargez votre fichier audio de r\u00e9f\u00e9rence<\/li>\n\n\n\n<li class=\"\">Cliquez sur \"Accepter\"<\/li>\n\n\n\n<li class=\"\">Cliquez sur \"Envoyer\"<\/li>\n\n\n\n<li class=\"\">Attendez, c'est \u00e7a !<\/li>\n<\/ol>\n\n\n\n<p class=\"\">* N'h\u00e9sitez pas \u00e0 essayer les exemples ci-dessous si vous n'avez aucune id\u00e9e en t\u00eate.<\/p>\n\n\n\n<p class=\"\"><em>* En fonction de votre vitesse d'acc\u00e8s \u00e0 Internet, le chargement du mod\u00e8le peut prendre <\/em>jusqu'\u00e0 10 secondes \u2193<\/p>\n\n\n\n<div class=\"iframe-wrapper\" style=\"position: relative; width: 100%; height: 2000px;\">\n  <div class=\"loading\" style=\"position: absolute; top: 50px; left: 50%; transform: translate(-50%, -50%); width: 40px; height: 40px; border: 3px solid #f0f0f0; border-top: 3px solid #db7093; border-radius: 50%; animation: spin 1s linear infinite;\"><\/div>\n  <iframe loading=\"lazy\" src=\"https:\/\/coqui-xtts.hf.space\" frameborder=\"0\" width=\"100%\" height=\"100%\" style=\"position: absolute; top: 0; left: 0; opacity: 0; transition: opacity 0.3s;\" onload=\"this.style.opacity=1;this.previousElementSibling.style.display='none';\"><\/iframe>\n<\/div>\n\n<style>\n@keyframes spin {\n  0% { transform: translate(-50%, -50%) rotate(0deg); }\n  100% { transform: translate(-50%, -50%) rotate(360deg); }\n}\n<\/style>\n\n\n\n<div style=\"height:80px\" aria-hidden=\"true\" class=\"wp-block-spacer\"><\/div>\n\n\n\n<h2 class=\"wp-block-heading\" id=\"enhance-your-audio-experience-with-the-best-voice-changer-tools\">Am\u00e9liorez votre exp\u00e9rience audio avec les meilleurs outils de changement de voix<\/h2>\n\n\n\n<figure class=\"wp-block-image size-large is-resized\"><img data-recalc-dims=\"1\" data-dominant-color=\"1f3a45\" data-has-transparency=\"false\" decoding=\"async\" width=\"1024\" height=\"701\"   loading=\"lazy\" src=\"https:\/\/i0.wp.com\/aiartfree.online\/wp-content\/uploads\/2024\/08\/replicate-prediction-1gr9nbs48nrm60ch271af88ze0.webp?resize=1024%2C701&#038;ssl=1\" alt=\"D\u00e9couvrez le meilleur outil de changement de voix pour une utilisation illimit\u00e9e. Aucune inscription n&#039;est requise ! Transformez votre voix gr\u00e2ce \u00e0 des effets vocaux ultra-r\u00e9alistes aliment\u00e9s par l&#039;IA. Parfait pour les cr\u00e9ateurs de contenu, les joueurs et les professionnels.\" class=\"wp-image-3460 not-transparent\" style=\"--dominant-color: #1f3a45; width:578px;height:auto\" srcset=\"https:\/\/i0.wp.com\/aiartfree.online\/wp-content\/uploads\/2024\/08\/replicate-prediction-1gr9nbs48nrm60ch271af88ze0.webp?resize=1024%2C701&amp;ssl=1 1024w, https:\/\/i0.wp.com\/aiartfree.online\/wp-content\/uploads\/2024\/08\/replicate-prediction-1gr9nbs48nrm60ch271af88ze0.webp?resize=300%2C205&amp;ssl=1 300w, https:\/\/i0.wp.com\/aiartfree.online\/wp-content\/uploads\/2024\/08\/replicate-prediction-1gr9nbs48nrm60ch271af88ze0.webp?resize=768%2C525&amp;ssl=1 768w, https:\/\/i0.wp.com\/aiartfree.online\/wp-content\/uploads\/2024\/08\/replicate-prediction-1gr9nbs48nrm60ch271af88ze0.webp?resize=18%2C12&amp;ssl=1 18w, https:\/\/i0.wp.com\/aiartfree.online\/wp-content\/uploads\/2024\/08\/replicate-prediction-1gr9nbs48nrm60ch271af88ze0.webp?resize=600%2C411&amp;ssl=1 600w, https:\/\/i0.wp.com\/aiartfree.online\/wp-content\/uploads\/2024\/08\/replicate-prediction-1gr9nbs48nrm60ch271af88ze0.webp?w=1216&amp;ssl=1 1216w\" sizes=\"auto, (max-width: 1024px) 100vw, 1024px\" \/><\/figure>\n\n\n\n<div class=\"wp-block-rank-math-toc-block\" id=\"rank-math-toc\"><h2>Table des mati\u00e8res<\/h2><nav><ul><li><a href=\"#enhance-your-audio-experience-with-the-best-voice-changer-tools\">Am\u00e9liorez votre exp\u00e9rience audio avec les meilleurs outils de changement de voix<\/a><ul><li><a href=\"#what-is-a-voice-changer\">Qu'est-ce qu'un changeur de voix ?<\/a><\/li><li><a href=\"#why-use-a-voice-changer\">Pourquoi utiliser un changeur de voix ?<\/a><ul><li><a href=\"#main-advantages-of-using-a-voice-changer\">Principaux avantages de l'utilisation d'un changeur de voix<\/a><\/li><\/ul><\/li><li><a href=\"#main-functions-of-a-voice-changer\">Principales fonctions d'un changeur de voix<\/a><ul><li><a href=\"#voice-modulation\">Modulation vocale<\/a><\/li><li><a href=\"#ai-voice-generation\">G\u00e9n\u00e9ration de voix AI<\/a><\/li><li><a href=\"#voice-disguising\">Dissimulation de la voix<\/a><\/li><li><a href=\"#text-to-speech\">Synth\u00e8se vocale<\/a><\/li><li><a href=\"#real-time-voice-changing\">Changement de voix en temps r\u00e9el<\/a><\/li><\/ul><\/li><li><a href=\"#suitable-users-and-uses\">Utilisateurs et utilisations appropri\u00e9s<\/a><ul><li><a href=\"#content-creators\">Cr\u00e9ateurs de contenu<\/a><\/li><li><a href=\"#online-gamers\">Joueurs en ligne<\/a><\/li><li><a href=\"#podcasters-and-streamers\">Podcasters et Streamers<\/a><\/li><li><a href=\"#professionals\">Professionnels<\/a><\/li><\/ul><\/li><li><a href=\"#suitable-industries-and-applications\">Industries et applications appropri\u00e9es<\/a><ul><li><a href=\"#entertainment\">Divertissement<\/a><\/li><li><a href=\"#communication\">Communication<\/a><\/li><li><a href=\"#education\">L'\u00e9ducation<\/a><\/li><li><a href=\"#marketing\">Marketing<\/a><\/li><\/ul><\/li><li><a href=\"#how-to-use-a-voice-changer\">Comment utiliser un changeur de voix<\/a><\/li><li><a href=\"#voice-changer-use-cases\">Cas d'utilisation du changeur de voix<\/a><ul><li><a href=\"#gaming\">Jeux<\/a><\/li><li><a href=\"#content-creation\">Cr\u00e9ation de contenu<\/a><\/li><li><a href=\"#professional-communication\">Communication professionnelle<\/a><\/li><li><a href=\"#educational-content\">Contenu \u00e9ducatif<\/a><\/li><\/ul><\/li><li><a href=\"#information-and-tools-comparison\">Comparaison des informations et des outils<\/a><\/li><li><a href=\"#industry-insights\">Aper\u00e7us de l'industrie<\/a><ul><li><a href=\"#advantages\">Avantages<\/a><\/li><li><a href=\"#disadvantages\">Inconv\u00e9nients<\/a><\/li><li><a href=\"#advantages-1\">Avantages<\/a><\/li><li><a href=\"#challenges\">D\u00e9fis<\/a><\/li><\/ul><\/li><li><a href=\"#faq\">FAQ<\/a><\/li><li><a href=\"#summary\">R\u00e9sum\u00e9<\/a><\/li><\/ul><\/li><\/ul><\/nav><\/div>\n\n\n\n<h3 class=\"wp-block-heading\" id=\"what-is-a-voice-changer\">Qu'est-ce qu'un changeur de voix ?<\/h3>\n\n\n\n<p class=\"\">Un changeur de voix est un appareil ou un logiciel qui modifie le son de la voix d'une personne. Il peut modifier la hauteur, le ton et la vitesse pour cr\u00e9er une voix diff\u00e9rente, souvent utilis\u00e9e dans les domaines du divertissement, de la communication et de la cr\u00e9ation de contenu.<\/p>\n\n\n\n<h3 class=\"wp-block-heading\" id=\"why-use-a-voice-changer\">Pourquoi utiliser un changeur de voix ?<\/h3>\n\n\n\n<h4 class=\"wp-block-heading\" id=\"main-advantages-of-using-a-voice-changer\">Principaux avantages de l'utilisation d'un changeur de voix<\/h4>\n\n\n\n<ul class=\"wp-block-list\">\n<li class=\"\"><strong>100% Utilisation gratuite et illimit\u00e9e<\/strong>: De nombreux changeurs de voix, comme Clownfish Voice Changer, offrent une utilisation gratuite et illimit\u00e9e sans inscription pr\u00e9alable.<\/li>\n\n\n\n<li class=\"\"><strong>Protection renforc\u00e9e de la vie priv\u00e9e<\/strong>: Un changeur de voix permet de d\u00e9guiser votre voix et d'assurer l'anonymat lors des communications en ligne.<\/li>\n\n\n\n<li class=\"\"><strong>Cr\u00e9ation de contenu<\/strong>: Les cr\u00e9ateurs de contenu utilisent des changeurs de voix pour ajouter de la vari\u00e9t\u00e9 et de la cr\u00e9ativit\u00e9 \u00e0 leurs vid\u00e9os, podcasts et flux.<\/li>\n\n\n\n<li class=\"\"><strong>Public mondial<\/strong>: Les changeurs de voix peuvent g\u00e9n\u00e9rer des voix dans diff\u00e9rentes langues et accents, rendant le contenu accessible \u00e0 un public mondial.<\/li>\n\n\n\n<li class=\"\"><strong>Haute qualit\u00e9<\/strong>: Les changeurs de voix modernes, en particulier ceux qui sont dot\u00e9s d'une IA, produisent des voix ultra-r\u00e9alistes qui semblent presque humaines.<\/li>\n<\/ul>\n\n\n\n<h3 class=\"wp-block-heading\" id=\"main-functions-of-a-voice-changer\">Principales fonctions d'un changeur de voix<\/h3>\n\n\n\n<h4 class=\"wp-block-heading\" id=\"voice-modulation\">Modulation vocale<\/h4>\n\n\n\n<p class=\"\">Les changeurs de voix peuvent modifier la hauteur, le ton et la vitesse de la voix de l'utilisateur, cr\u00e9ant ainsi divers effets tels que des voix profondes, robotiques ou caricaturales.<\/p>\n\n\n\n<h4 class=\"wp-block-heading\" id=\"ai-voice-generation\">G\u00e9n\u00e9ration de voix AI<\/h4>\n\n\n\n<p class=\"\">Gr\u00e2ce \u00e0 l'IA, les changeurs de voix tels que l'AI Voice Changer peuvent g\u00e9n\u00e9rer des voix off r\u00e9alistes pour la cr\u00e9ation de contenu, en fournissant un son de haute qualit\u00e9.<\/p>\n\n\n\n<h4 class=\"wp-block-heading\" id=\"voice-disguising\">Dissimulation de la voix<\/h4>\n\n\n\n<p class=\"\">Les d\u00e9guiseurs de voix sont utiles pour pr\u00e9server la confidentialit\u00e9 des communications en ligne, en masquant la voix r\u00e9elle de l'utilisateur.<\/p>\n\n\n\n<h4 class=\"wp-block-heading\" id=\"text-to-speech\">Synth\u00e8se vocale<\/h4>\n\n\n\n<p class=\"\">Les changeurs de voix int\u00e8grent souvent des fonctions de synth\u00e8se vocale, convertissant le texte \u00e9crit en mots parl\u00e9s \u00e0 l'aide de voix g\u00e9n\u00e9r\u00e9es.<\/p>\n\n\n\n<h4 class=\"wp-block-heading\" id=\"real-time-voice-changing\">Changement de voix en temps r\u00e9el<\/h4>\n\n\n\n<p class=\"\">De nombreux changeurs de voix peuvent modifier la voix de l'utilisateur en temps r\u00e9el, ce qui est id\u00e9al pour la diffusion en direct ou les jeux en ligne.<\/p>\n\n\n\n<h3 class=\"wp-block-heading\" id=\"suitable-users-and-uses\">Utilisateurs et utilisations appropri\u00e9s<\/h3>\n\n\n\n<h4 class=\"wp-block-heading\" id=\"content-creators\">Cr\u00e9ateurs de contenu<\/h4>\n\n\n\n<p class=\"\">Les changeurs de voix sont populaires parmi les cr\u00e9ateurs de contenu qui souhaitent diversifier leur contenu audio avec des voix et des effets diff\u00e9rents.<\/p>\n\n\n\n<h4 class=\"wp-block-heading\" id=\"online-gamers\">Joueurs en ligne<\/h4>\n\n\n\n<p class=\"\">Les joueurs utilisent des changeurs de voix pour am\u00e9liorer leur exp\u00e9rience de jeu, en se divertissant et en pr\u00e9servant parfois leur anonymat.<\/p>\n\n\n\n<h4 class=\"wp-block-heading\" id=\"podcasters-and-streamers\">Podcasters et Streamers<\/h4>\n\n\n\n<p class=\"\">Les podcasters et les streamers utilisent des changeurs de voix pour cr\u00e9er des personnages uniques et captiver leur public avec des effets vocaux vari\u00e9s.<\/p>\n\n\n\n<h4 class=\"wp-block-heading\" id=\"professionals\">Professionnels<\/h4>\n\n\n\n<p class=\"\">Les professionnels du service \u00e0 la client\u00e8le ou du t\u00e9l\u00e9marketing peuvent utiliser des changeurs de voix pour normaliser leur voix ou pr\u00e9server leur anonymat.<\/p>\n\n\n\n<h3 class=\"wp-block-heading\" id=\"suitable-industries-and-applications\">Industries et applications appropri\u00e9es<\/h3>\n\n\n\n<h4 class=\"wp-block-heading\" id=\"entertainment\">Divertissement<\/h4>\n\n\n\n<p class=\"\">Les changeurs de voix sont largement utilis\u00e9s dans l'industrie du divertissement pour cr\u00e9er des personnages dans les animations, les films et les jeux vid\u00e9o.<\/p>\n\n\n\n<h4 class=\"wp-block-heading\" id=\"communication\">Communication<\/h4>\n\n\n\n<p class=\"\">Dans la communication en ligne, les changeurs de voix assurent la confidentialit\u00e9 et la s\u00e9curit\u00e9 en d\u00e9guisant la voix r\u00e9elle de l'utilisateur.<\/p>\n\n\n\n<h4 class=\"wp-block-heading\" id=\"education\">L'\u00e9ducation<\/h4>\n\n\n\n<p class=\"\">Les \u00e9ducateurs et les formateurs utilisent des changeurs de voix pour cr\u00e9er des contenus audio attrayants pour les \u00e9tudiants.<\/p>\n\n\n\n<h4 class=\"wp-block-heading\" id=\"marketing\">Marketing<\/h4>\n\n\n\n<p class=\"\">Les professionnels du marketing utilisent des changeurs de voix pour cr\u00e9er des voix off uniques pour les publicit\u00e9s et le contenu promotionnel.<\/p>\n\n\n\n<h3 class=\"wp-block-heading\" id=\"how-to-use-a-voice-changer\">Comment utiliser un changeur de voix<\/h3>\n\n\n\n<ol class=\"wp-block-list\">\n<li class=\"\"><strong>T\u00e9l\u00e9charger et installer<\/strong>: Choisissez un changeur de voix comme Clownfish Voice Changer et t\u00e9l\u00e9chargez-le \u00e0 partir d'une source fiable.<\/li>\n\n\n\n<li class=\"\"><strong>Mise en place<\/strong>: Installez le logiciel sur votre PC et suivez les instructions d'installation.<\/li>\n\n\n\n<li class=\"\"><strong>S\u00e9lectionner l'effet vocal<\/strong>: Ouvrez le changeur de voix et s\u00e9lectionnez l'effet vocal souhait\u00e9 ou cr\u00e9ez une nouvelle voix \u00e0 l'aide de l'IA.<\/li>\n\n\n\n<li class=\"\"><strong>Int\u00e9gration aux applications<\/strong>: Connectez le changeur de voix \u00e0 des applications telles que Discord pour modifier la voix en temps r\u00e9el.<\/li>\n\n\n\n<li class=\"\"><strong>Commencer \u00e0 utiliser<\/strong>: Commencer \u00e0 utiliser le changeur de voix pendant les appels, les flux ou les enregistrements.<\/li>\n<\/ol>\n\n\n\n<h3 class=\"wp-block-heading\" id=\"voice-changer-use-cases\">Cas d'utilisation du changeur de voix<\/h3>\n\n\n\n<h4 class=\"wp-block-heading\" id=\"gaming\">Jeux<\/h4>\n\n\n\n<p class=\"\">Les changeurs de voix sont couramment utilis\u00e9s dans les jeux en ligne pour divertir les co\u00e9quipiers et am\u00e9liorer l'exp\u00e9rience de jeu.<\/p>\n\n\n\n<h4 class=\"wp-block-heading\" id=\"content-creation\">Cr\u00e9ation de contenu<\/h4>\n\n\n\n<p class=\"\">Les cr\u00e9ateurs de contenu utilisent des changeurs de voix pour cr\u00e9er un contenu vari\u00e9 et attrayant pour leur public.<\/p>\n\n\n\n<h4 class=\"wp-block-heading\" id=\"professional-communication\">Communication professionnelle<\/h4>\n\n\n\n<p class=\"\">Les professionnels utilisent les changeurs de voix pour normaliser leur communication dans le cadre du service \u00e0 la client\u00e8le ou du t\u00e9l\u00e9marketing.<\/p>\n\n\n\n<h4 class=\"wp-block-heading\" id=\"educational-content\">Contenu \u00e9ducatif<\/h4>\n\n\n\n<p class=\"\">Les \u00e9ducateurs utilisent des changeurs de voix pour cr\u00e9er des contenus audio attrayants et diversifi\u00e9s pour les \u00e9l\u00e8ves.<\/p>\n\n\n\n<h3 class=\"wp-block-heading\" id=\"information-and-tools-comparison\">Comparaison des informations et des outils<\/h3>\n\n\n\n<figure class=\"wp-block-table\"><table class=\"has-fixed-layout\"><thead><tr><th>Outil\/site web<\/th><th>Caract\u00e9ristiques<\/th><th>Pour<\/th><th>Cons<\/th><\/tr><\/thead><tbody><tr><td>Changeur de voix pour poisson-clown<\/td><td>Gratuit, illimit\u00e9, effets vari\u00e9s<\/td><td>Facile \u00e0 utiliser, s'int\u00e8gre aux applications<\/td><td>Options vocales limit\u00e9es<\/td><\/tr><tr><td>Voicemod<\/td><td>Changeur de voix AI, en temps r\u00e9el<\/td><td>Voix de haute qualit\u00e9, convivialit\u00e9<\/td><td>N\u00e9cessite un abonnement pour b\u00e9n\u00e9ficier de toutes les fonctionnalit\u00e9s<\/td><\/tr><tr><td>MorphVOX<\/td><td>Changeur de voix en temps r\u00e9el, effets sonores<\/td><td>De qualit\u00e9 professionnelle, personnalisable<\/td><td>Pas gratuit, configuration complexe<\/td><\/tr><tr><td>Changeur de voix Voxal<\/td><td>Gratuit pour une utilisation non commerciale, en temps r\u00e9el<\/td><td>Polyvalent, facile \u00e0 utiliser<\/td><td>Version gratuite limit\u00e9e<\/td><\/tr><tr><td>Changeur de voix AV<\/td><td>Enregistrement vocal en temps r\u00e9el<\/td><td>Complet et de haute qualit\u00e9<\/td><td>Co\u00fbteux<\/td><\/tr><tr><td>Changeur de voix avec effets<\/td><td>Application mobile, effets divers<\/td><td>Gratuit, facile \u00e0 utiliser<\/td><td>Fonctionnalit\u00e9 limit\u00e9e<\/td><\/tr><tr><td>iMyFone MagicMic<\/td><td>Temps r\u00e9el, caisse de r\u00e9sonance<\/td><td>Convivialit\u00e9 et polyvalence<\/td><td>Abonnement obligatoire<\/td><\/tr><tr><td>Fausse voix<\/td><td>Simple, gratuit<\/td><td>Facile \u00e0 utiliser, l\u00e9ger<\/td><td>Caract\u00e9ristiques de base, obsol\u00e8tes<\/td><\/tr><tr><td>Skype Voice Changer<\/td><td>Int\u00e9gration de Skype en temps r\u00e9el<\/td><td>Simple, efficace<\/td><td>Limit\u00e9 \u00e0 Skype<\/td><\/tr><tr><td>Audio4Fun Changeur de voix<\/td><td>Effets sonores en temps r\u00e9el<\/td><td>De qualit\u00e9 professionnelle, complet<\/td><td>Co\u00fbteux<\/td><\/tr><\/tbody><\/table><\/figure>\n\n\n\n<h3 class=\"wp-block-heading\" id=\"industry-insights\">Aper\u00e7us de l'industrie<\/h3>\n\n\n\n<h4 class=\"wp-block-heading\" id=\"advantages\">Avantages<\/h4>\n\n\n\n<ul class=\"wp-block-list\">\n<li class=\"\"><strong>Polyvalence<\/strong>: Les changeurs de voix peuvent \u00eatre utilis\u00e9s dans diff\u00e9rents secteurs et pour de multiples applications.<\/li>\n\n\n\n<li class=\"\"><strong>Anonymat<\/strong>: Ils assurent la confidentialit\u00e9 et la s\u00e9curit\u00e9 des communications en ligne.<\/li>\n\n\n\n<li class=\"\"><strong>Cr\u00e9ativit\u00e9<\/strong>: Am\u00e9liorez le contenu avec des effets vocaux uniques et attrayants.<\/li>\n<\/ul>\n\n\n\n<h4 class=\"wp-block-heading\" id=\"disadvantages\">Inconv\u00e9nients<\/h4>\n\n\n\n<ul class=\"wp-block-list\">\n<li class=\"\"><strong>Variabilit\u00e9 de la qualit\u00e9<\/strong>: La qualit\u00e9 de la sortie vocale peut varier d'un outil \u00e0 l'autre.<\/li>\n\n\n\n<li class=\"\"><strong>Courbe d'apprentissage<\/strong>: Certains changeurs de voix peuvent avoir une courbe d'apprentissage abrupte.<\/li>\n<\/ul>\n\n\n\n<h4 class=\"wp-block-heading\" id=\"advantages-1\">Avantages<\/h4>\n\n\n\n<ul class=\"wp-block-list\">\n<li class=\"\"><strong>Fonctionnalit\u00e9s avanc\u00e9es<\/strong>: Les changeurs de voix modernes offrent des fonctionnalit\u00e9s avanc\u00e9es telles que des voix g\u00e9n\u00e9r\u00e9es par l'IA et des modifications en temps r\u00e9el.<\/li>\n\n\n\n<li class=\"\"><strong>Int\u00e9gration<\/strong>: Ils s'int\u00e8grent bien \u00e0 diverses applications et plateformes.<\/li>\n<\/ul>\n\n\n\n<h4 class=\"wp-block-heading\" id=\"challenges\">D\u00e9fis<\/h4>\n\n\n\n<ul class=\"wp-block-list\">\n<li class=\"\"><strong>Co\u00fbt<\/strong>: Les changeurs de voix de haute qualit\u00e9 peuvent \u00eatre co\u00fbteux.<\/li>\n\n\n\n<li class=\"\"><strong>Compatibilit\u00e9<\/strong>: Assurer la compatibilit\u00e9 avec diff\u00e9rents syst\u00e8mes d'exploitation et applications peut s'av\u00e9rer difficile.<\/li>\n<\/ul>\n\n\n\n<h3 class=\"wp-block-heading\" id=\"faq\">FAQ<\/h3>\n\n\n\n<ol class=\"wp-block-list\">\n<li class=\"\"><strong>Comment changer la voix de Siri ?<\/strong>\n<ul class=\"wp-block-list\">\n<li class=\"\">Allez dans R\u00e9glages &gt; Siri &amp; Recherche &gt; Voix Siri, et choisissez la voix souhait\u00e9e.<\/li>\n<\/ul>\n<\/li>\n\n\n\n<li class=\"\"><strong>Comment changer la voix TTS de Discord en TTS Brian ?<\/strong>\n<ul class=\"wp-block-list\">\n<li class=\"\">Discord TTS utilise les param\u00e8tres par d\u00e9faut du syst\u00e8me. Modifiez la voix TTS par d\u00e9faut en fonction des param\u00e8tres de votre syst\u00e8me d'exploitation.<\/li>\n<\/ul>\n<\/li>\n\n\n\n<li class=\"\"><strong>Comment modifier la voix de Siri ?<\/strong>\n<ul class=\"wp-block-list\">\n<li class=\"\">M\u00eame chose que pr\u00e9c\u00e9demment : Allez dans R\u00e9glages &gt; Siri et recherche &gt; Voix Siri, et choisissez la voix souhait\u00e9e.<\/li>\n<\/ul>\n<\/li>\n\n\n\n<li class=\"\"><strong>Comment modifier la voix de Siri ?<\/strong>\n<ul class=\"wp-block-list\">\n<li class=\"\">Comme indiqu\u00e9, r\u00e9glez les param\u00e8tres sous Siri &amp; Recherche sur votre appareil iOS.<\/li>\n<\/ul>\n<\/li>\n\n\n\n<li class=\"\"><strong>Comment modifier la voix de Siri ?<\/strong>\n<ul class=\"wp-block-list\">\n<li class=\"\">R\u00e9glez les param\u00e8tres de Siri &amp; Recherche comme d\u00e9crit ci-dessus.<\/li>\n<\/ul>\n<\/li>\n\n\n\n<li class=\"\"><strong>Comment changer de voix sur Discord ?<\/strong>\n<ul class=\"wp-block-list\">\n<li class=\"\">Utilisez un logiciel de changement de voix comme Clownfish Voice Changer int\u00e9gr\u00e9 \u00e0 Discord.<\/li>\n<\/ul>\n<\/li>\n\n\n\n<li class=\"\"><strong>L'assistant Google peut-il changer de voix ?<\/strong>\n<ul class=\"wp-block-list\">\n<li class=\"\">Oui, acc\u00e9dez aux param\u00e8tres de Google Assistant &gt; Assistant &gt; Voix de l'assistant, puis s\u00e9lectionnez une nouvelle voix.<\/li>\n<\/ul>\n<\/li>\n\n\n\n<li class=\"\"><strong>Comment utiliser un changeur de voix sur Zoom ?<\/strong>\n<ul class=\"wp-block-list\">\n<li class=\"\">Installez un changeur de voix comme Voicemod, et s\u00e9lectionnez-le comme microphone dans les param\u00e8tres de Zoom.<\/li>\n<\/ul>\n<\/li>\n\n\n\n<li class=\"\"><strong>Comment changer de voix sur PC ?<\/strong>\n<ul class=\"wp-block-list\">\n<li class=\"\">T\u00e9l\u00e9chargez et installez un logiciel de changement de voix, puis s\u00e9lectionnez-le comme p\u00e9riph\u00e9rique d'entr\u00e9e.<\/li>\n<\/ul>\n<\/li>\n\n\n\n<li class=\"\"><strong>Un changeur de voix peut-il fonctionner avec des enregistrements audio ?<\/strong>\n<ul class=\"wp-block-list\">\n<li class=\"\">Oui, de nombreux changeurs de voix vous permettent de t\u00e9l\u00e9charger et de modifier des enregistrements audio.<\/li>\n<\/ul>\n<\/li>\n<\/ol>\n\n\n\n<h3 class=\"wp-block-heading\" id=\"summary\">R\u00e9sum\u00e9<\/h3>\n\n\n\n<p class=\"\">Les changeurs de voix sont des outils polyvalents qui am\u00e9liorent la confidentialit\u00e9, la cr\u00e9ativit\u00e9 et l'accessibilit\u00e9 dans diverses applications. Qu'il s'agisse de jeux, de cr\u00e9ation de contenu ou de communication professionnelle, ils offrent de nombreuses fonctionnalit\u00e9s pour r\u00e9pondre \u00e0 des besoins vari\u00e9s. Des outils tels que <a href=\"https:\/\/aiartfree.online\/fr\/changeur-de-voix\/\">https:\/\/aiartfree.online\/voice-changer\/<\/a> fournissent gratuitement des modifications vocales de haute qualit\u00e9 g\u00e9n\u00e9r\u00e9es par l'IA, les rendant ainsi accessibles \u00e0 tous. Commencez \u00e0 utiliser un modificateur de voix d\u00e8s aujourd'hui pour explorer son potentiel dans votre contenu et votre communication.<\/p>\n\n\n\n<p class=\"\">D\u00e9couvrez les meilleurs outils de changement de voix et am\u00e9liorez votre exp\u00e9rience de cr\u00e9ation de contenu et de communication gr\u00e2ce \u00e0 des voix g\u00e9n\u00e9r\u00e9es par l'IA ultra r\u00e9alistes. Essayer <a href=\"https:\/\/aiartfree.online\/fr\/changeur-de-voix\/\">https:\/\/aiartfree.online\/voice-changer\/<\/a> pour 100% utilisation gratuite et illimit\u00e9e sans inscription !<\/p>\n\n\n\n<p class=\"\">Si vous avez d'autres questions, vous pouvez les poser \u00e0 l'adresse suivante <a href=\"https:\/\/chatgpt4o.space\/\" target=\"_blank\" rel=\"noreferrer noopener\">Chat en ligne gratuit GPT 4o<\/a>.<\/p>","protected":false},"excerpt":{"rendered":"<p>How to use the Voice Changer * Feel free to try our examples below if you don&#8217;t have any thoughts in your mind *&nbsp;Depending on your internet speed, loading the model may take up to 10 seconds \u2193 Enhance Your Audio Experience with the Best Voice Changer Tools What is a Voice Changer? A voice &#8230; <a title=\"Changeur de voix\" class=\"read-more\" href=\"https:\/\/aiartfree.online\/fr\/changeur-de-voix\/\" aria-label=\"En savoir plus sur Voice Changer\">Lire la suite<\/a><\/p>","protected":false},"author":1,"featured_media":3460,"parent":0,"menu_order":0,"comment_status":"open","ping_status":"closed","template":"","meta":{"nf_dc_page":"","footnotes":""},"class_list":["post-3388","page","type-page","status-publish","has-post-thumbnail"],"jetpack_sharing_enabled":true,"_links":{"self":[{"href":"https:\/\/aiartfree.online\/fr\/wp-json\/wp\/v2\/pages\/3388","targetHints":{"allow":["GET"]}}],"collection":[{"href":"https:\/\/aiartfree.online\/fr\/wp-json\/wp\/v2\/pages"}],"about":[{"href":"https:\/\/aiartfree.online\/fr\/wp-json\/wp\/v2\/types\/page"}],"author":[{"embeddable":true,"href":"https:\/\/aiartfree.online\/fr\/wp-json\/wp\/v2\/users\/1"}],"replies":[{"embeddable":true,"href":"https:\/\/aiartfree.online\/fr\/wp-json\/wp\/v2\/comments?post=3388"}],"version-history":[{"count":0,"href":"https:\/\/aiartfree.online\/fr\/wp-json\/wp\/v2\/pages\/3388\/revisions"}],"wp:featuredmedia":[{"embeddable":true,"href":"https:\/\/aiartfree.online\/fr\/wp-json\/wp\/v2\/media\/3460"}],"wp:attachment":[{"href":"https:\/\/aiartfree.online\/fr\/wp-json\/wp\/v2\/media?parent=3388"}],"curies":[{"name":"wp","href":"https:\/\/api.w.org\/{rel}","templated":true}]}}