{"id":3382,"date":"2024-07-31T11:37:49","date_gmt":"2024-07-31T11:37:49","guid":{"rendered":"https:\/\/aiartfree.online\/?page_id=3382"},"modified":"2024-08-02T09:24:10","modified_gmt":"2024-08-02T09:24:10","slug":"ai-clothes-changer","status":"publish","type":"page","link":"https:\/\/aiartfree.online\/fr\/changeur-de-vetements-ai\/","title":{"rendered":"Changeur de v\u00eatements AI"},"content":{"rendered":"<h2 class=\"wp-block-heading has-text-align-center\" id=\"before-vs-after\">Avant et apr\u00e8s<\/h2>\n\n\n\n<figure class=\"gb-block-image gb-block-image-1822da1f\"><img data-recalc-dims=\"1\" decoding=\"async\" loading=\"lazy\" width=\"1200\" height=\"388\" class=\"gb-image gb-image-1822da1f\" src=\"https:\/\/i0.wp.com\/aiartfree.online\/wp-content\/uploads\/2024\/07\/WX20240731-151956%402x-scaled.webp?resize=1200%2C388&#038;ssl=1\" alt=\"AI Clothes Changer - Changez de v\u00eatements avec l&#039;IA [gratuit, sans limite].\" title=\"WX20240731-151956@2x\" srcset=\"https:\/\/i0.wp.com\/aiartfree.online\/wp-content\/uploads\/2024\/07\/WX20240731-151956%402x-scaled.webp?w=2560&amp;ssl=1 2560w, https:\/\/i0.wp.com\/aiartfree.online\/wp-content\/uploads\/2024\/07\/WX20240731-151956%402x-scaled.webp?resize=300%2C97&amp;ssl=1 300w, https:\/\/i0.wp.com\/aiartfree.online\/wp-content\/uploads\/2024\/07\/WX20240731-151956%402x-scaled.webp?resize=1024%2C331&amp;ssl=1 1024w, https:\/\/i0.wp.com\/aiartfree.online\/wp-content\/uploads\/2024\/07\/WX20240731-151956%402x-scaled.webp?resize=768%2C249&amp;ssl=1 768w, https:\/\/i0.wp.com\/aiartfree.online\/wp-content\/uploads\/2024\/07\/WX20240731-151956%402x-scaled.webp?resize=1536%2C497&amp;ssl=1 1536w, https:\/\/i0.wp.com\/aiartfree.online\/wp-content\/uploads\/2024\/07\/WX20240731-151956%402x-scaled.webp?resize=2048%2C663&amp;ssl=1 2048w, https:\/\/i0.wp.com\/aiartfree.online\/wp-content\/uploads\/2024\/07\/WX20240731-151956%402x-scaled.webp?resize=18%2C6&amp;ssl=1 18w, https:\/\/i0.wp.com\/aiartfree.online\/wp-content\/uploads\/2024\/07\/WX20240731-151956%402x-scaled.webp?resize=600%2C194&amp;ssl=1 600w, https:\/\/i0.wp.com\/aiartfree.online\/wp-content\/uploads\/2024\/07\/WX20240731-151956%402x-scaled.webp?w=2400&amp;ssl=1 2400w\" sizes=\"auto, (max-width: 1200px) 100vw, 1200px\" \/><\/figure>\n\n\n\n<h2 class=\"wp-block-heading\" id=\"how-to-use-the-ai-clothes-changer\">Comment utiliser le changeur de v\u00eatements AI ?<\/h2>\n\n\n\n<ol class=\"wp-block-list\">\n<li class=\"\">D\u00e9posez ou t\u00e9l\u00e9chargez votre image<\/li>\n\n\n\n<li class=\"\">D\u00e9posez ou t\u00e9l\u00e9chargez l'image de vos v\u00eatements<\/li>\n\n\n\n<li class=\"\">Cliquez sur \"Essai\"<\/li>\n\n\n\n<li class=\"\">Attendez, c'est \u00e7a !<\/li>\n<\/ol>\n\n\n\n<p class=\"\">* N'h\u00e9sitez pas \u00e0 essayer les exemples ci-dessous si vous n'avez aucune id\u00e9e en t\u00eate.<\/p>\n\n\n\n<p class=\"\"><em>* En fonction de votre vitesse d'acc\u00e8s \u00e0 Internet, le chargement du mod\u00e8le peut prendre <\/em>jusqu'\u00e0 10 secondes \u2193<\/p>\n\n\n\n<div class=\"iframe-wrapper\" style=\"position: relative; width: 100%; height: 1600px;\">\n  <div class=\"loading\" style=\"position: absolute; top: 50px; left: 50%; transform: translate(-50%, -50%); width: 40px; height: 40px; border: 3px solid #f0f0f0; border-top: 3px solid #db7093; border-radius: 50%; animation: spin 1s linear infinite;\"><\/div>\n  <iframe loading=\"lazy\" src=\"https:\/\/yisol-idm-vton.hf.space\" frameborder=\"0\" width=\"100%\" height=\"100%\" style=\"position: absolute; top: 0; left: 0; opacity: 0; transition: opacity 0.3s;\" onload=\"this.style.opacity=1;this.previousElementSibling.style.display='none';\"><\/iframe>\n<\/div>\n\n<style>\n@keyframes spin {\n  0% { transform: translate(-50%, -50%) rotate(0deg); }\n  100% { transform: translate(-50%, -50%) rotate(360deg); }\n}\n<\/style>\n\n\n\n<div style=\"height:80px\" aria-hidden=\"true\" class=\"wp-block-spacer\"><\/div>\n\n\n\n<h2 class=\"wp-block-heading\" id=\"ai-clothes-changer-the-ultimate-guide-to-virtual-fashion-transformation\">AI Clothes Changer : Le guide ultime de la transformation virtuelle de la mode<\/h2>\n\n\n\n<p class=\"\">Ce guide complet explore le monde de la technologie du changeur de v\u00eatements par IA, ses applications et la fa\u00e7on dont elle r\u00e9volutionne l'industrie de la mode. Nous aborderons tous les aspects de cette technologie, de sa d\u00e9finition aux cas d'utilisation pratiques, en passant par les meilleurs outils disponibles.<\/p>\n\n\n\n<div class=\"wp-block-rank-math-toc-block\" id=\"rank-math-toc\"><h2>Table des mati\u00e8res<\/h2><nav><ul><li><a href=\"#what-is-ai-clothes-changer\">Qu'est-ce que le changeur de v\u00eatements AI ?<\/a><\/li><li><a href=\"#why-use-ai-clothes-changer\">Pourquoi utiliser un changeur de v\u00eatements \u00e0 intelligence artificielle ?<\/a><\/li><li><a href=\"#main-features-of-ai-clothes-changer\">Principales caract\u00e9ristiques du changeur de v\u00eatements AI<\/a><ul><li><a href=\"#h-3-virtual-outfit-swapping\">H3 : \u00c9change de tenues virtuelles<\/a><\/li><li><a href=\"#h-3-color-modification\">H3 : Modification de la couleur<\/a><\/li><li><a href=\"#h-3-style-transfer\">H3 : Transfert de style<\/a><\/li><li><a href=\"#h-3-text-to-image-generation\">H3 : G\u00e9n\u00e9ration de texte \u00e0 partir d'images<\/a><\/li><\/ul><\/li><li><a href=\"#who-can-benefit-from-ai-clothes-changer\">Qui peut b\u00e9n\u00e9ficier du changeur de v\u00eatements \u00e0 intelligence artificielle ?<\/a><\/li><li><a href=\"#industries-utilizing-ai-clothes-changer\">Industries utilisant le changeur de v\u00eatements \u00e0 IA<\/a><\/li><li><a href=\"#how-to-use-ai-clothes-changer\">Comment utiliser le changeur de v\u00eatements AI<\/a><\/li><li><a href=\"#ai-clothes-changer-use-cases\">Cas d'utilisation d'un changeur de v\u00eatements par l'IA<\/a><ul><li><a href=\"#h-3-virtual-try-on-for-online-shopping\">H3 : Essai virtuel pour les achats en ligne<\/a><\/li><li><a href=\"#h-3-fashion-design-prototyping\">H3 : Prototypage de dessins de mode<\/a><\/li><li><a href=\"#h-3-social-media-content-creation\">H3 : Cr\u00e9ation de contenu pour les m\u00e9dias sociaux<\/a><\/li><li><a href=\"#h-3-virtual-makeovers\">H3 : Les m\u00e9tamorphoses virtuelles<\/a><\/li><\/ul><\/li><li><a href=\"#top-10-ai-clothes-changer-tools-and-information\">Les 10 meilleurs outils et informations sur le changeur de v\u00eatements AI<\/a><\/li><li><a href=\"#pros-cons-advantages-challenges-and-recommendations-for-the-ai-clothes-changer-industry\">Pour, contre, avantages, d\u00e9fis et recommandations pour l'industrie du changeur de v\u00eatements \u00e0 IA<\/a><\/li><li><a href=\"#pros\">Pour<\/a><ul><li><a href=\"#cons\">Cons<\/a><\/li><li><a href=\"#advantages\">Avantages<\/a><\/li><li><a href=\"#challenges\">D\u00e9fis<\/a><\/li><li><a href=\"#recommendations\">Recommandations<\/a><\/li><\/ul><\/li><li><a href=\"#frequently-asked-questions-faq\">Foire aux questions (FAQ)<\/a><\/li><li><a href=\"#conclusion\">Conclusion<\/a><\/li><\/ul><\/nav><\/div>\n\n\n\n<h3 class=\"wp-block-heading\" id=\"what-is-ai-clothes-changer\">Qu'est-ce que le changeur de v\u00eatements AI ?<\/h3>\n\n\n\n<p class=\"\">AI Clothes Changer est une technologie innovante qui utilise l'intelligence artificielle pour modifier ou remplacer num\u00e9riquement des v\u00eatements dans des images. Cet outil d'IA permet aux utilisateurs d'essayer virtuellement diff\u00e9rentes tenues, de changer la couleur des v\u00eatements et d'exp\u00e9rimenter diff\u00e9rents styles sans changer physiquement de v\u00eatements.<\/p>\n\n\n\n<h3 class=\"wp-block-heading\" id=\"why-use-ai-clothes-changer\">Pourquoi utiliser un changeur de v\u00eatements \u00e0 intelligence artificielle ?<\/h3>\n\n\n\n<p class=\"\">L'utilisation d'un changeur de v\u00eatements \u00e0 intelligence artificielle pr\u00e9sente de nombreux avantages :<\/p>\n\n\n\n<ul class=\"wp-block-list\">\n<li class=\"\">Gain de temps : Visualisation rapide des changements de tenue sans essayage physique<\/li>\n\n\n\n<li class=\"\">Rentable : Exp\u00e9rimentez les diff\u00e9rents styles avant d'acheter<\/li>\n\n\n\n<li class=\"\">Stimulez votre cr\u00e9ativit\u00e9 : Explorer de nouvelles combinaisons de mode sans effort<\/li>\n\n\n\n<li class=\"\">Personnalisation : Adapter les tenues aux pr\u00e9f\u00e9rences individuelles<\/li>\n\n\n\n<li class=\"\">D\u00e9veloppement durable : R\u00e9duire les d\u00e9chets de v\u00eatements physiques gr\u00e2ce \u00e0 des s\u00e9ances d'essayage virtuelles<\/li>\n<\/ul>\n\n\n\n<h3 class=\"wp-block-heading\" id=\"main-features-of-ai-clothes-changer\">Principales caract\u00e9ristiques du changeur de v\u00eatements AI<\/h3>\n\n\n\n<h4 class=\"wp-block-heading\" id=\"h-3-virtual-outfit-swapping\">H3 : \u00c9change de tenues virtuelles<\/h4>\n\n\n\n<p class=\"\">AI Clothes Changer permet aux utilisateurs de t\u00e9l\u00e9charger une image et d'\u00e9changer des tenues enti\u00e8res en quelques clics.<\/p>\n\n\n\n<h4 class=\"wp-block-heading\" id=\"h-3-color-modification\">H3 : Modification de la couleur<\/h4>\n\n\n\n<p class=\"\">Changez instantan\u00e9ment la couleur des v\u00eatements pour visualiser les diff\u00e9rentes variations d'un m\u00eame v\u00eatement.<\/p>\n\n\n\n<h4 class=\"wp-block-heading\" id=\"h-3-style-transfer\">H3 : Transfert de style<\/h4>\n\n\n\n<p class=\"\">Appliquez le style d'une tenue \u00e0 une autre, cr\u00e9ant ainsi des combinaisons de mode uniques.<\/p>\n\n\n\n<h4 class=\"wp-block-heading\" id=\"h-3-text-to-image-generation\">H3 : G\u00e9n\u00e9ration de texte \u00e0 partir d'images<\/h4>\n\n\n\n<p class=\"\">Certains changeurs de v\u00eatements IA avanc\u00e9s utilisent des invites textuelles pour g\u00e9n\u00e9rer des tenues enti\u00e8rement nouvelles.<\/p>\n\n\n\n<h3 class=\"wp-block-heading\" id=\"who-can-benefit-from-ai-clothes-changer\">Qui peut b\u00e9n\u00e9ficier du changeur de v\u00eatements \u00e0 intelligence artificielle ?<\/h3>\n\n\n\n<ul class=\"wp-block-list\">\n<li class=\"\">Les passionn\u00e9s de mode<\/li>\n\n\n\n<li class=\"\">Acheteurs en ligne<\/li>\n\n\n\n<li class=\"\">Cr\u00e9ateurs de mode<\/li>\n\n\n\n<li class=\"\">Entreprises de commerce \u00e9lectronique<\/li>\n\n\n\n<li class=\"\">Influenceurs des m\u00e9dias sociaux<\/li>\n\n\n\n<li class=\"\">Photographes et mod\u00e8les<\/li>\n<\/ul>\n\n\n\n<h3 class=\"wp-block-heading\" id=\"industries-utilizing-ai-clothes-changer\">Industries utilisant le changeur de v\u00eatements \u00e0 IA<\/h3>\n\n\n\n<ul class=\"wp-block-list\">\n<li class=\"\">Commerce de d\u00e9tail de la mode<\/li>\n\n\n\n<li class=\"\">Commerce \u00e9lectronique<\/li>\n\n\n\n<li class=\"\">Publicit\u00e9 et marketing<\/li>\n\n\n\n<li class=\"\">Divertissement et m\u00e9dias<\/li>\n\n\n\n<li class=\"\">Services de stylisme personnel<\/li>\n\n\n\n<li class=\"\">\u00c9ducation \u00e0 la mode<\/li>\n<\/ul>\n\n\n\n<h3 class=\"wp-block-heading\" id=\"how-to-use-ai-clothes-changer\">Comment utiliser le changeur de v\u00eatements AI<\/h3>\n\n\n\n<ol class=\"wp-block-list\">\n<li class=\"\">Choisir un outil de changement de v\u00eatements par l'IA (par exemple, https:\/\/aiartfree.online\/ai-clothes-changer\/)<\/li>\n\n\n\n<li class=\"\">T\u00e9l\u00e9chargez votre photo ou s\u00e9lectionnez un mod\u00e8le d'image<\/li>\n\n\n\n<li class=\"\">Choisir la tenue ou le style d\u00e9sir\u00e9<\/li>\n\n\n\n<li class=\"\">Utiliser des invites textuelles ou des s\u00e9lections visuelles pour sp\u00e9cifier les changements.<\/li>\n\n\n\n<li class=\"\">Appliquer les changements g\u00e9n\u00e9r\u00e9s par l'IA<\/li>\n\n\n\n<li class=\"\">Affiner et ajuster si n\u00e9cessaire<\/li>\n\n\n\n<li class=\"\">Enregistrez et partagez votre image transform\u00e9e<\/li>\n<\/ol>\n\n\n\n<h3 class=\"wp-block-heading\" id=\"ai-clothes-changer-use-cases\">Cas d'utilisation d'un changeur de v\u00eatements par l'IA<\/h3>\n\n\n\n<h4 class=\"wp-block-heading\" id=\"h-3-virtual-try-on-for-online-shopping\">H3 : Essai virtuel pour les achats en ligne<\/h4>\n\n\n\n<p class=\"\">Les clients peuvent visualiser comment les v\u00eatements leur iront avant de les acheter.<\/p>\n\n\n\n<h4 class=\"wp-block-heading\" id=\"h-3-fashion-design-prototyping\">H3 : Prototypage de dessins de mode<\/h4>\n\n\n\n<p class=\"\">Les concepteurs peuvent rapidement it\u00e9rer et visualiser de nouveaux mod\u00e8les de v\u00eatements.<\/p>\n\n\n\n<h4 class=\"wp-block-heading\" id=\"h-3-social-media-content-creation\">H3 : Cr\u00e9ation de contenu pour les m\u00e9dias sociaux<\/h4>\n\n\n\n<p class=\"\">Les influenceurs peuvent cr\u00e9er des contenus de mode diversifi\u00e9s sans avoir \u00e0 changer de nombreuses tenues physiques.<\/p>\n\n\n\n<h4 class=\"wp-block-heading\" id=\"h-3-virtual-makeovers\">H3 : Les m\u00e9tamorphoses virtuelles<\/h4>\n\n\n\n<p class=\"\">Les utilisateurs peuvent exp\u00e9rimenter diff\u00e9rents styles et looks \u00e0 des fins personnelles ou professionnelles.<\/p>\n\n\n\n<h3 class=\"wp-block-heading\" id=\"top-10-ai-clothes-changer-tools-and-information\">Les 10 meilleurs outils et informations sur le changeur de v\u00eatements AI<\/h3>\n\n\n\n<figure class=\"wp-block-table\"><table class=\"has-fixed-layout\"><thead><tr><th>Outil\/site web<\/th><th>Pour<\/th><th>Cons<\/th><th>Caract\u00e9ristiques<\/th><th>URL<\/th><\/tr><\/thead><tbody><tr><td>Changeur de v\u00eatements AI AIArtFree<\/td><td>100% Gratuit, utilisation illimit\u00e9e, pas d'inscription n\u00e9cessaire<\/td><td>Les fonctions avanc\u00e9es peuvent \u00eatre limit\u00e9es<\/td><td>Interface facile \u00e0 utiliser, large \u00e9ventail d'options vestimentaires<\/td><td><a href=\"https:\/\/aiartfree.online\/fr\/changeur-de-vetements-ai\/\">https:\/\/aiartfree.online\/ai-clothes-changer\/<\/a><\/td><\/tr><tr><td>DALL-E 2<\/td><td>Des images puissantes g\u00e9n\u00e9r\u00e9es par l'IA<\/td><td>N\u00e9cessite un compte OpenAI<\/td><td>G\u00e9n\u00e9ration texte-image, transfert de style<\/td><td><a href=\"https:\/\/openai.com\/dall-e-2\" target=\"_blank\" rel=\"noopener\">https:\/\/openai.com\/dall-e-2<\/a><\/td><\/tr><tr><td>Voyage \u00e0 mi-parcours<\/td><td>Mode de haute qualit\u00e9 g\u00e9n\u00e9r\u00e9e par l'IA<\/td><td>Service payant, courbe d'apprentissage<\/td><td>Messages-guides avanc\u00e9s, style unique<\/td><td>https:\/\/www.midjourney.com<\/td><\/tr><tr><td>Diffusion stable<\/td><td>Open-source, personnalisable<\/td><td>N\u00e9cessite des connaissances techniques<\/td><td>Tr\u00e8s flexible, ax\u00e9 sur la communaut\u00e9<\/td><td>https:\/\/stability.ai<\/td><\/tr><tr><td>Dress Up AI<\/td><td>Sp\u00e9cialis\u00e9 dans l'essayage virtuel<\/td><td>Options gratuites limit\u00e9es<\/td><td>Simulation r\u00e9aliste de v\u00eatements<\/td><td>https:\/\/dressupaionline.com<\/td><\/tr><tr><td>Vue.ai<\/td><td>Solution au niveau de l'entreprise<\/td><td>Co\u00fbteux pour les particuliers<\/td><td>Fonctions avanc\u00e9es d'intelligence artificielle, int\u00e9gration du commerce \u00e9lectronique<\/td><td>https:\/\/vue.ai<\/td><\/tr><tr><td>Pixlr<\/td><td>Fonctionnalit\u00e9s de base gratuites<\/td><td>Les fonctionnalit\u00e9s Premium n\u00e9cessitent un abonnement<\/td><td>Interface conviviale, outils de retouche photo<\/td><td>https:\/\/pixlr.com<\/td><\/tr><tr><td>Canva<\/td><td>Plate-forme de conception polyvalente<\/td><td>Fonctions limit\u00e9es de changement de v\u00eatements par l'IA<\/td><td>Facilit\u00e9 d'utilisation, mod\u00e8les disponibles<\/td><td>https:\/\/www.canva.com<\/td><\/tr><tr><td>Adobe Firefly<\/td><td>G\u00e9n\u00e9ration d'images \u00e0 l'aide de l'IA<\/td><td>N\u00e9cessite un abonnement \u00e0 Creative Cloud<\/td><td>Sorties de haute qualit\u00e9, int\u00e9gration avec la suite Adobe<\/td><td>https:\/\/www.adobe.com\/sensei\/generative-ai\/firefly.html<\/td><\/tr><tr><td>Piste ML<\/td><td>Des outils d'IA avanc\u00e9s pour les cr\u00e9ateurs<\/td><td>Courbe d'apprentissage abrupte<\/td><td>Montage vid\u00e9o, g\u00e9n\u00e9ration d'images<\/td><td>https:\/\/runwayml.com<\/td><\/tr><\/tbody><\/table><\/figure>\n\n\n\n<h3 class=\"wp-block-heading\" id=\"pros-cons-advantages-challenges-and-recommendations-for-the-ai-clothes-changer-industry\">Pour, contre, avantages, d\u00e9fis et recommandations pour l'industrie du changeur de v\u00eatements \u00e0 IA<\/h3>\n\n\n\n<h3 class=\"wp-block-heading\" id=\"pros\">Pour<\/h3>\n\n\n\n<ul class=\"wp-block-list\">\n<li class=\"\">Am\u00e9liorer l'exp\u00e9rience d'achat en ligne<\/li>\n\n\n\n<li class=\"\">R\u00e9duction des taux de retour dans le commerce \u00e9lectronique<\/li>\n\n\n\n<li class=\"\">Favorise la cr\u00e9ativit\u00e9 dans le domaine de la cr\u00e9ation de mode<\/li>\n<\/ul>\n\n\n\n<h4 class=\"wp-block-heading\" id=\"cons\">Cons<\/h4>\n\n\n\n<ul class=\"wp-block-list\">\n<li class=\"\">Probl\u00e8mes potentiels de protection de la vie priv\u00e9e li\u00e9s aux images des utilisateurs<\/li>\n\n\n\n<li class=\"\">Ne repr\u00e9sente pas toujours avec exactitude l'ad\u00e9quation au monde r\u00e9el<\/li>\n<\/ul>\n\n\n\n<h4 class=\"wp-block-heading\" id=\"advantages\">Avantages<\/h4>\n\n\n\n<ul class=\"wp-block-list\">\n<li class=\"\">Une alternative durable aux d\u00e9chets physiques de la mode<\/li>\n\n\n\n<li class=\"\">D\u00e9mocratiser l'exp\u00e9rimentation de la mode<\/li>\n<\/ul>\n\n\n\n<h4 class=\"wp-block-heading\" id=\"challenges\">D\u00e9fis<\/h4>\n\n\n\n<ul class=\"wp-block-list\">\n<li class=\"\">Garantir des r\u00e9sultats photor\u00e9alistes<\/li>\n\n\n\n<li class=\"\">\u00c9quilibrer la facilit\u00e9 d'utilisation et les fonctionnalit\u00e9s avanc\u00e9es<\/li>\n<\/ul>\n\n\n\n<h4 class=\"wp-block-heading\" id=\"recommendations\">Recommandations<\/h4>\n\n\n\n<ul class=\"wp-block-list\">\n<li class=\"\">Investir dans l'am\u00e9lioration de la pr\u00e9cision et du r\u00e9alisme de l'IA<\/li>\n\n\n\n<li class=\"\">Priorit\u00e9 \u00e0 la protection de la vie priv\u00e9e et des donn\u00e9es des utilisateurs<\/li>\n\n\n\n<li class=\"\">Collaborer avec des marques de mode pour cr\u00e9er des catalogues num\u00e9riques authentiques<\/li>\n<\/ul>\n\n\n\n<h3 class=\"wp-block-heading\" id=\"frequently-asked-questions-faq\">Foire aux questions (FAQ)<\/h3>\n\n\n\n<ol class=\"wp-block-list\">\n<li class=\"\">Q : L'utilisation de AI Clothes Changer est-elle gratuite ?<br>R : Certains outils comme AIArtFree offrent 100% une utilisation gratuite et illimit\u00e9e, tandis que d'autres ont des fonctions payantes.<\/li>\n\n\n\n<li class=\"\">Q : Dois-je m'inscrire pour utiliser un changeur de v\u00eatements AI ?<br>R : Pas toujours. Des outils comme AIArtFree (https:\/\/aiartfree.online\/ai-clothes-changer\/) offrent des services sans inscription pr\u00e9alable.<\/li>\n\n\n\n<li class=\"\">Q : Le changeur de v\u00eatements AI peut-il fonctionner avec n'importe quelle photo ?<br>R : La plupart des outils fonctionnent mieux avec des photos claires et de face. Toutefois, l'IA avanc\u00e9e peut g\u00e9rer diff\u00e9rentes poses et diff\u00e9rents arri\u00e8re-plans.<\/li>\n\n\n\n<li class=\"\">Q : Quelle est la pr\u00e9cision des changeurs de v\u00eatements AI en ce qui concerne la repr\u00e9sentation de v\u00eatements r\u00e9els ?<br>R : La pr\u00e9cision varie selon l'outil, mais les principales technologies d'IA sont de plus en plus r\u00e9alistes dans leurs repr\u00e9sentations.<\/li>\n\n\n\n<li class=\"\">Q : Le changeur de v\u00eatements AI peut-il cr\u00e9er des mod\u00e8les personnalis\u00e9s ?<br>R : Oui, certains outils avanc\u00e9s permettent aux utilisateurs de cr\u00e9er des motifs uniques \u00e0 l'aide d'invites textuelles ou de motifs g\u00e9n\u00e9r\u00e9s par l'IA.<\/li>\n\n\n\n<li class=\"\">Q : Est-il possible de changer uniquement la couleur des v\u00eatements \u00e0 l'aide de ces outils ?<br>R : Absolument ! De nombreux changeurs de v\u00eatements intelligents offrent la possibilit\u00e9 de modifier uniquement la couleur des v\u00eatements existants.<\/li>\n\n\n\n<li class=\"\">Q : Existe-t-il des changeurs de v\u00eatements \u00e0 IA sp\u00e9cifiquement destin\u00e9s aux cr\u00e9ateurs de mode ?<br>R : Oui, des outils comme Vue.ai et Adobe Firefly s'adressent aux concepteurs professionnels avec des fonctionnalit\u00e9s avanc\u00e9es.<\/li>\n\n\n\n<li class=\"\">Q : Le changeur de v\u00eatements AI peut-il \u00eatre utilis\u00e9 pour du contenu vid\u00e9o ?<br>R : Certains outils avanc\u00e9s comme Runway ML offrent des capacit\u00e9s d'\u00e9dition vid\u00e9o avec des fonctions de changement de v\u00eatements par l'IA.<\/li>\n\n\n\n<li class=\"\">Q : Comment les changeurs de v\u00eatements AI g\u00e8rent-ils les accessoires et les v\u00eatements superpos\u00e9s ?<br>R : Les outils d'IA les plus sophistiqu\u00e9s peuvent g\u00e9rer des tenues complexes, y compris des accessoires et des couches, mais les outils plus simples peuvent avoir des limites.<\/li>\n\n\n\n<li class=\"\">Q : L'utilisation des changeurs de v\u00eatements intelligents pose-t-elle des probl\u00e8mes \u00e9thiques ?<br>R : Les principales pr\u00e9occupations concernent la confidentialit\u00e9 des donn\u00e9es des utilisateurs et le risque d'utilisation abusive pour cr\u00e9er des images trompeuses. Il est important d'utiliser ces outils de mani\u00e8re responsable.<\/li>\n<\/ol>\n\n\n\n<h3 class=\"wp-block-heading\" id=\"conclusion\">Conclusion<\/h3>\n\n\n\n<p class=\"\">La technologie du changeur de v\u00eatements par IA r\u00e9volutionne l'industrie de la mode, offrant des possibilit\u00e9s sans pr\u00e9c\u00e9dent en mati\u00e8re de cr\u00e9ativit\u00e9, de durabilit\u00e9 et de personnalisation. Qu'il s'agisse d'utilisateurs individuels ou de grandes marques de mode, les applications sont tr\u00e8s vari\u00e9es et ont un impact consid\u00e9rable. En tant que premier choix pour beaucoup, des outils comme AI Clothes Changer d'AIArtFree (https:\/\/aiartfree.online\/ai-clothes-changer\/) offrent des options accessibles, gratuites et conviviales pour explorer cette technologie passionnante. Que vous soyez un passionn\u00e9 de mode, un cr\u00e9ateur ou un professionnel du commerce \u00e9lectronique, l'utilisation de AI Clothes Changer peut consid\u00e9rablement am\u00e9liorer votre exp\u00e9rience de la mode et votre flux de travail. Commencez d\u00e8s aujourd'hui \u00e0 exp\u00e9rimenter cet \u00e9diteur de photos innovant et transformez votre approche de la mode !<\/p>\n\n\n\n<p class=\"\"><\/p>","protected":false},"excerpt":{"rendered":"<p>Avant vs Apr\u00e8s Comment utiliser le changeur de v\u00eatements AI * N'h\u00e9sitez pas \u00e0 essayer nos exemples ci-dessous si vous n'avez aucune id\u00e9e en t\u00eate * Selon votre vitesse Internet, le chargement du mod\u00e8le peut prendre jusqu'\u00e0 10 secondes \u2193 Changeur de v\u00eatements AI : Le guide ultime de la transformation virtuelle de la mode Ce guide complet ... <a title=\"Changeur de v\u00eatements AI\" class=\"read-more\" href=\"https:\/\/aiartfree.online\/fr\/changeur-de-vetements-ai\/\" aria-label=\"En savoir plus sur AI Clothes Changer\">Lire la suite<\/a><\/p>","protected":false},"author":1,"featured_media":3386,"parent":0,"menu_order":0,"comment_status":"open","ping_status":"closed","template":"","meta":{"nf_dc_page":"","footnotes":""},"class_list":["post-3382","page","type-page","status-publish","has-post-thumbnail"],"jetpack_sharing_enabled":true,"_links":{"self":[{"href":"https:\/\/aiartfree.online\/fr\/wp-json\/wp\/v2\/pages\/3382","targetHints":{"allow":["GET"]}}],"collection":[{"href":"https:\/\/aiartfree.online\/fr\/wp-json\/wp\/v2\/pages"}],"about":[{"href":"https:\/\/aiartfree.online\/fr\/wp-json\/wp\/v2\/types\/page"}],"author":[{"embeddable":true,"href":"https:\/\/aiartfree.online\/fr\/wp-json\/wp\/v2\/users\/1"}],"replies":[{"embeddable":true,"href":"https:\/\/aiartfree.online\/fr\/wp-json\/wp\/v2\/comments?post=3382"}],"version-history":[{"count":0,"href":"https:\/\/aiartfree.online\/fr\/wp-json\/wp\/v2\/pages\/3382\/revisions"}],"wp:featuredmedia":[{"embeddable":true,"href":"https:\/\/aiartfree.online\/fr\/wp-json\/wp\/v2\/media\/3386"}],"wp:attachment":[{"href":"https:\/\/aiartfree.online\/fr\/wp-json\/wp\/v2\/media?parent=3382"}],"curies":[{"name":"wp","href":"https:\/\/api.w.org\/{rel}","templated":true}]}}