{"id":3372,"date":"2024-07-31T11:06:08","date_gmt":"2024-07-31T11:06:08","guid":{"rendered":"https:\/\/aiartfree.online\/?page_id=3372"},"modified":"2024-08-02T09:05:56","modified_gmt":"2024-08-02T09:05:56","slug":"ai-photo-editor","status":"publish","type":"page","link":"https:\/\/aiartfree.online\/fr\/editeur-de-photos-en-ligne-gratuit\/","title":{"rendered":"\u00c9diteur de photos AI"},"content":{"rendered":"<h2 class=\"wp-block-heading has-text-align-center\" id=\"before-vs-after\">Avant et apr\u00e8s<\/h2>\n\n\n\n<figure class=\"gb-block-image gb-block-image-1822da1f\"><img data-recalc-dims=\"1\" decoding=\"async\" loading=\"lazy\" width=\"1200\" height=\"604\" class=\"gb-image gb-image-1822da1f\" src=\"https:\/\/i0.wp.com\/aiartfree.online\/wp-content\/uploads\/2024\/07\/WX20240731-145937%402x-jpg.webp?resize=1200%2C604&#038;ssl=1\" alt=\"\u00c9diteur de photos - 100% \u00c9dition d&#039;images en ligne gratuite avec AI, aucune limite\" title=\"WX20240731-145937@2x\" srcset=\"https:\/\/i0.wp.com\/aiartfree.online\/wp-content\/uploads\/2024\/07\/WX20240731-145937%402x-jpg.webp?w=2018&amp;ssl=1 2018w, https:\/\/i0.wp.com\/aiartfree.online\/wp-content\/uploads\/2024\/07\/WX20240731-145937%402x-jpg.webp?resize=300%2C151&amp;ssl=1 300w, https:\/\/i0.wp.com\/aiartfree.online\/wp-content\/uploads\/2024\/07\/WX20240731-145937%402x-jpg.webp?resize=1024%2C516&amp;ssl=1 1024w, https:\/\/i0.wp.com\/aiartfree.online\/wp-content\/uploads\/2024\/07\/WX20240731-145937%402x-jpg.webp?resize=768%2C387&amp;ssl=1 768w, https:\/\/i0.wp.com\/aiartfree.online\/wp-content\/uploads\/2024\/07\/WX20240731-145937%402x-jpg.webp?resize=1536%2C773&amp;ssl=1 1536w, https:\/\/i0.wp.com\/aiartfree.online\/wp-content\/uploads\/2024\/07\/WX20240731-145937%402x-jpg.webp?resize=18%2C9&amp;ssl=1 18w, https:\/\/i0.wp.com\/aiartfree.online\/wp-content\/uploads\/2024\/07\/WX20240731-145937%402x-jpg.webp?resize=600%2C302&amp;ssl=1 600w\" sizes=\"auto, (max-width: 1200px) 100vw, 1200px\" \/><\/figure>\n\n\n\n<figure class=\"gb-block-image gb-block-image-0c36f3d3\"><img data-recalc-dims=\"1\" decoding=\"async\" loading=\"lazy\" width=\"1200\" height=\"607\" class=\"gb-image gb-image-0c36f3d3\" src=\"https:\/\/i0.wp.com\/aiartfree.online\/wp-content\/uploads\/2024\/07\/WX20240731-151103%402x.jpg?resize=1200%2C607&#038;ssl=1\" alt=\"\u00c9diteur de photos - 100% \u00c9dition d&#039;images en ligne gratuite avec AI, aucune limite\" title=\"WX20240731-151103@2x\" srcset=\"https:\/\/i0.wp.com\/aiartfree.online\/wp-content\/uploads\/2024\/07\/WX20240731-151103%402x.jpg?w=1408&amp;ssl=1 1408w, https:\/\/i0.wp.com\/aiartfree.online\/wp-content\/uploads\/2024\/07\/WX20240731-151103%402x.jpg?resize=300%2C152&amp;ssl=1 300w, https:\/\/i0.wp.com\/aiartfree.online\/wp-content\/uploads\/2024\/07\/WX20240731-151103%402x.jpg?resize=1024%2C518&amp;ssl=1 1024w, https:\/\/i0.wp.com\/aiartfree.online\/wp-content\/uploads\/2024\/07\/WX20240731-151103%402x.jpg?resize=768%2C388&amp;ssl=1 768w, https:\/\/i0.wp.com\/aiartfree.online\/wp-content\/uploads\/2024\/07\/WX20240731-151103%402x.jpg?resize=18%2C9&amp;ssl=1 18w, https:\/\/i0.wp.com\/aiartfree.online\/wp-content\/uploads\/2024\/07\/WX20240731-151103%402x.jpg?resize=600%2C303&amp;ssl=1 600w\" sizes=\"auto, (max-width: 1200px) 100vw, 1200px\" \/><\/figure>\n\n\n\n<h2 class=\"wp-block-heading\" id=\"how-to-use-the-photo-editor\">Comment utiliser l'\u00e9diteur de photos<\/h2>\n\n\n\n<ol class=\"wp-block-list\">\n<li class=\"\">D\u00e9posez ou t\u00e9l\u00e9chargez votre image<\/li>\n\n\n\n<li class=\"\">Saisissez vos instructions sur ce que vous souhaitez modifier<\/li>\n\n\n\n<li class=\"\">Cliquez sur \"Soumettre\"<\/li>\n\n\n\n<li class=\"\">Attendez, c'est \u00e7a !<\/li>\n<\/ol>\n\n\n\n<p class=\"\">* N'h\u00e9sitez pas \u00e0 essayer les exemples ci-dessous si vous n'avez aucune id\u00e9e en t\u00eate.<\/p>\n\n\n\n<p class=\"\"><em>* En fonction de votre vitesse d'acc\u00e8s \u00e0 Internet, le chargement du mod\u00e8le peut prendre <\/em>jusqu'\u00e0 10 secondes \u2193<\/p>\n\n\n\n<div class=\"iframe-wrapper\" style=\"position: relative; width: 100%; height: 1600px;\">\n  <div class=\"loading\" style=\"position: absolute; top: 50px; left: 50%; transform: translate(-50%, -50%); width: 40px; height: 40px; border: 3px solid #f0f0f0; border-top: 3px solid #db7093; border-radius: 50%; animation: spin 1s linear infinite;\"><\/div>\n  <iframe loading=\"lazy\" src=\"https:\/\/tsujuifu-ml-mgie.hf.space\" frameborder=\"0\" width=\"100%\" height=\"100%\" style=\"position: absolute; top: 0; left: 0; opacity: 0; transition: opacity 0.3s;\" onload=\"this.style.opacity=1;this.previousElementSibling.style.display='none';\"><\/iframe>\n<\/div>\n\n<style>\n@keyframes spin {\n  0% { transform: translate(-50%, -50%) rotate(0deg); }\n  100% { transform: translate(-50%, -50%) rotate(360deg); }\n}\n<\/style>\n\n\n\n<div style=\"height:80px\" aria-hidden=\"true\" class=\"wp-block-spacer\"><\/div>\n\n\n\n<h2 class=\"wp-block-heading\" id=\"ai-photo-editor-revolutionizing-image-editing-with-advanced-ai-technology\">AI Photo Editor : R\u00e9volutionner l'\u00e9dition d'images gr\u00e2ce \u00e0 la technologie avanc\u00e9e de l'IA<\/h2>\n\n\n\n<p class=\"\">Cet article explore le monde des \u00e9diteurs de photos \u00e0 intelligence artificielle, en se concentrant sur leurs caract\u00e9ristiques, leurs avantages et leurs applications. Nous aborderons tous les sujets, des d\u00e9finitions de base aux techniques avanc\u00e9es, pour vous aider \u00e0 comprendre comment ces outils peuvent transformer votre exp\u00e9rience de la retouche photo.<\/p>\n\n\n\n<div class=\"wp-block-rank-math-toc-block\" id=\"rank-math-toc\"><h3>Table des mati\u00e8res<\/h3><nav><ul><li><a href=\"#what-is-an-ai-photo-editor\">Qu'est-ce qu'un \u00e9diteur de photos IA ?<\/a><\/li><li><a href=\"#why-use-an-ai-photo-editor\">Pourquoi utiliser un \u00e9diteur de photos IA ?<\/a><\/li><li><a href=\"#main-features-of-ai-photo-editors\">Principales caract\u00e9ristiques des \u00e9diteurs de photos AI<\/a><ul><li><a href=\"#1-background-removal\">1. Suppression de l'arri\u00e8re-plan<\/a><\/li><li><a href=\"#2-object-removal-magic-eraser\">2. Suppression d'objets (gomme magique)<\/a><\/li><li><a href=\"#3-photo-enhancement\">3. Am\u00e9lioration des photos<\/a><\/li><li><a href=\"#4-style-transfer\">4. Transfert de style<\/a><\/li><li><a href=\"#5-face-retouching\">5. Retouche du visage<\/a><\/li><\/ul><\/li><li><a href=\"#who-should-use-ai-photo-editors\">\u00c0 qui s'adressent les \u00e9diteurs de photos \u00e0 base d'IA ?<\/a><\/li><li><a href=\"#industries-benefiting-from-ai-photo-editors\">Les secteurs d'activit\u00e9 qui b\u00e9n\u00e9ficient des \u00e9diteurs de photos \u00e0 base d'IA<\/a><\/li><li><a href=\"#how-to-use-an-ai-photo-editor\">Comment utiliser un \u00e9diteur de photos IA<\/a><\/li><li><a href=\"#ai-photo-editor-use-cases\">Cas d'utilisation de l'\u00e9diteur de photos AI<\/a><ul><li><a href=\"#personal-use\">Usage personnel<\/a><\/li><li><a href=\"#professional-use\">Usage professionnel<\/a><\/li><li><a href=\"#creative-projects\">Projets cr\u00e9atifs<\/a><\/li><\/ul><\/li><li><a href=\"#10-ai-photo-editor-tools-pros-cons-and-features\">10 outils d'\u00e9dition de photos AI : Avantages, inconv\u00e9nients et caract\u00e9ristiques<\/a><\/li><li><a href=\"#advantages-and-challenges-in-the-ai-photo-editing-industry\">Avantages et d\u00e9fis de l'industrie de la retouche photo par IA<\/a><\/li><li><a href=\"#frequently-asked-questions\">Questions fr\u00e9quemment pos\u00e9es<\/a><\/li><li><a href=\"#conclusion\">Conclusion<\/a><\/li><\/ul><\/nav><\/div>\n\n\n\n<h3 class=\"wp-block-heading\" id=\"what-is-an-ai-photo-editor\">Qu'est-ce qu'un \u00e9diteur de photos IA ?<\/h3>\n\n\n\n<p class=\"\">Un \u00e9diteur de photos \u00e0 intelligence artificielle est un outil de retouche d'images avanc\u00e9 qui exploite l'intelligence artificielle pour am\u00e9liorer, modifier et transformer les photos. Ces \u00e9diteurs utilisent des algorithmes d'apprentissage automatique pour automatiser des t\u00e2ches d'\u00e9dition complexes, rendant l'\u00e9dition de photos de qualit\u00e9 professionnelle accessible aux utilisateurs de tous niveaux.<\/p>\n\n\n\n<h3 class=\"wp-block-heading\" id=\"why-use-an-ai-photo-editor\">Pourquoi utiliser un \u00e9diteur de photos IA ?<\/h3>\n\n\n\n<p class=\"\">Les \u00e9diteurs de photos IA offrent de nombreux avantages par rapport aux logiciels d'\u00e9dition traditionnels :<\/p>\n\n\n\n<ul class=\"wp-block-list\">\n<li class=\"\">Automatisation permettant de gagner du temps<\/li>\n\n\n\n<li class=\"\">Pr\u00e9cision accrue dans les \u00e9ditions<\/li>\n\n\n\n<li class=\"\">Interfaces conviviales<\/li>\n\n\n\n<li class=\"\">Fonctions avanc\u00e9es telles que la suppression de l'arri\u00e8re-plan et la d\u00e9tection d'objets<\/li>\n\n\n\n<li class=\"\">Des r\u00e9sultats coh\u00e9rents sur plusieurs images<\/li>\n\n\n\n<li class=\"\">Capacit\u00e9 \u00e0 traiter des t\u00e2ches d'\u00e9dition complexes avec aisance<\/li>\n<\/ul>\n\n\n\n<h3 class=\"wp-block-heading\" id=\"main-features-of-ai-photo-editors\">Principales caract\u00e9ristiques des \u00e9diteurs de photos AI<\/h3>\n\n\n\n<h4 class=\"wp-block-heading\" id=\"1-background-removal\">1. Suppression de l'arri\u00e8re-plan<\/h4>\n\n\n\n<p class=\"\">Les outils de suppression d'arri\u00e8re-plan aliment\u00e9s par l'IA peuvent automatiquement s\u00e9parer les sujets de leur arri\u00e8re-plan avec une pr\u00e9cision remarquable.<\/p>\n\n\n\n<h4 class=\"wp-block-heading\" id=\"2-object-removal-magic-eraser\">2. Suppression d'objets (gomme magique)<\/h4>\n\n\n\n<p class=\"\">Des algorithmes d'IA avanc\u00e9s peuvent identifier et supprimer les objets ind\u00e9sirables des photos, en remplissant de mani\u00e8re transparente l'espace laiss\u00e9 derri\u00e8re.<\/p>\n\n\n\n<h4 class=\"wp-block-heading\" id=\"3-photo-enhancement\">3. Am\u00e9lioration des photos<\/h4>\n\n\n\n<p class=\"\">Les \u00e9diteurs de photos IA peuvent ajuster automatiquement l'\u00e9clairage, la couleur et le contraste afin d'am\u00e9liorer la qualit\u00e9 globale de l'image.<\/p>\n\n\n\n<h4 class=\"wp-block-heading\" id=\"4-style-transfer\">4. Transfert de style<\/h4>\n\n\n\n<p class=\"\">Ces outils peuvent appliquer des styles artistiques aux photos, les transformant en diverses formes d'art ou imitant des techniques photographiques sp\u00e9cifiques.<\/p>\n\n\n\n<h4 class=\"wp-block-heading\" id=\"5-face-retouching\">5. Retouche du visage<\/h4>\n\n\n\n<p class=\"\">Les algorithmes d'IA peuvent d\u00e9tecter et am\u00e9liorer les traits du visage, lisser la peau, blanchir les dents et m\u00eame ajuster les expressions.<\/p>\n\n\n\n<h3 class=\"wp-block-heading\" id=\"who-should-use-ai-photo-editors\">\u00c0 qui s'adressent les \u00e9diteurs de photos \u00e0 base d'IA ?<\/h3>\n\n\n\n<p class=\"\">Les \u00e9diteurs de photos AI conviennent pour :<\/p>\n\n\n\n<ul class=\"wp-block-list\">\n<li class=\"\">Photographes professionnels<\/li>\n\n\n\n<li class=\"\">Graphistes<\/li>\n\n\n\n<li class=\"\">Gestionnaires de m\u00e9dias sociaux<\/li>\n\n\n\n<li class=\"\">Entreprises de commerce \u00e9lectronique<\/li>\n\n\n\n<li class=\"\">Professionnels du marketing<\/li>\n\n\n\n<li class=\"\">Photographes amateurs<\/li>\n\n\n\n<li class=\"\">Toute personne souhaitant am\u00e9liorer ses photos rapidement et facilement<\/li>\n<\/ul>\n\n\n\n<h3 class=\"wp-block-heading\" id=\"industries-benefiting-from-ai-photo-editors\">Les secteurs d'activit\u00e9 qui b\u00e9n\u00e9ficient des \u00e9diteurs de photos \u00e0 base d'IA<\/h3>\n\n\n\n<ul class=\"wp-block-list\">\n<li class=\"\">Publicit\u00e9 et marketing<\/li>\n\n\n\n<li class=\"\">Commerce \u00e9lectronique et photographie de produits<\/li>\n\n\n\n<li class=\"\">Immobilier<\/li>\n\n\n\n<li class=\"\">Mode et beaut\u00e9<\/li>\n\n\n\n<li class=\"\">Voyages et tourisme<\/li>\n\n\n\n<li class=\"\">M\u00e9dias et \u00e9dition<\/li>\n<\/ul>\n\n\n\n<h3 class=\"wp-block-heading\" id=\"how-to-use-an-ai-photo-editor\">Comment utiliser un \u00e9diteur de photos IA<\/h3>\n\n\n\n<ol class=\"wp-block-list\">\n<li class=\"\">Choisissez un \u00e9diteur de photos AI (par exemple, https:\/\/aiartfree.online\/ai-photo-editor\/)<\/li>\n\n\n\n<li class=\"\">T\u00e9l\u00e9chargez votre image dans l'\u00e9diteur<\/li>\n\n\n\n<li class=\"\">S\u00e9lectionnez la fonction d'\u00e9dition souhait\u00e9e (par exemple, suppression de l'arri\u00e8re-plan, am\u00e9lioration).<\/li>\n\n\n\n<li class=\"\">Appliquer des modifications pilot\u00e9es par l'IA automatiquement ou avec un minimum d'intervention<\/li>\n\n\n\n<li class=\"\">Affiner les r\u00e9sultats si n\u00e9cessaire<\/li>\n\n\n\n<li class=\"\">T\u00e9l\u00e9chargez ou partagez votre image modifi\u00e9e<\/li>\n<\/ol>\n\n\n\n<h3 class=\"wp-block-heading\" id=\"ai-photo-editor-use-cases\">Cas d'utilisation de l'\u00e9diteur de photos AI<\/h3>\n\n\n\n<h4 class=\"wp-block-heading\" id=\"personal-use\">Usage personnel<\/h4>\n\n\n\n<ul class=\"wp-block-list\">\n<li class=\"\">Am\u00e9liorer les selfies pour les m\u00e9dias sociaux<\/li>\n\n\n\n<li class=\"\">Cr\u00e9er de superbes albums photos de voyage<\/li>\n\n\n\n<li class=\"\">Am\u00e9liorer les portraits de famille<\/li>\n<\/ul>\n\n\n\n<h4 class=\"wp-block-heading\" id=\"professional-use\">Usage professionnel<\/h4>\n\n\n\n<ul class=\"wp-block-list\">\n<li class=\"\">Retouche de photos de produits pour le commerce \u00e9lectronique<\/li>\n\n\n\n<li class=\"\">\u00c9dition d'images immobili\u00e8res pour mettre en \u00e9vidence les caract\u00e9ristiques des biens<\/li>\n\n\n\n<li class=\"\">Cr\u00e9er des supports marketing accrocheurs<\/li>\n<\/ul>\n\n\n\n<h4 class=\"wp-block-heading\" id=\"creative-projects\">Projets cr\u00e9atifs<\/h4>\n\n\n\n<ul class=\"wp-block-list\">\n<li class=\"\">Cr\u00e9ation d'\u0153uvres d'art uniques \u00e0 partir de photos<\/li>\n\n\n\n<li class=\"\">Combinaison de plusieurs images pour des compositions surr\u00e9alistes<\/li>\n\n\n\n<li class=\"\">Appliquer des filtres artistiques pour l'expression cr\u00e9ative<\/li>\n<\/ul>\n\n\n\n<h3 class=\"wp-block-heading\" id=\"10-ai-photo-editor-tools-pros-cons-and-features\">10 outils d'\u00e9dition de photos AI : Avantages, inconv\u00e9nients et caract\u00e9ristiques<\/h3>\n\n\n\n<figure class=\"wp-block-table\"><table class=\"has-fixed-layout\"><thead><tr><th>Outil<\/th><th>Pour<\/th><th>Cons<\/th><th>Caract\u00e9ristiques principales<\/th><th>Site web<\/th><\/tr><\/thead><tbody><tr><td>AIArtFree en ligne<\/td><td>100% Gratuit, pas d'inscription, utilisation illimit\u00e9e<\/td><td>Fonctionnalit\u00e9s avanc\u00e9es limit\u00e9es<\/td><td>Suppression de l'arri\u00e8re-plan, \u00e9dition de base<\/td><td><a href=\"https:\/\/aiartfree.online\/fr\/editeur-de-photos-en-ligne-gratuit\/\">https:\/\/aiartfree.online\/ai-photo-editor\/<\/a><\/td><\/tr><tr><td>Adobe Photoshop (compatible avec l'IA)<\/td><td>Ensemble complet d'outils, norme industrielle<\/td><td>Courbe d'apprentissage abrupte, sur abonnement<\/td><td>Fonctionnalit\u00e9s avanc\u00e9es d'IA, capacit\u00e9s d'\u00e9dition \u00e9tendues<\/td><td>https:\/\/www.adobe.com\/products\/photoshop.html<\/td><\/tr><tr><td>Luminar AI<\/td><td>Convivialit\u00e9 et puissance des outils d'IA<\/td><td>Logiciel payant<\/td><td>Remplacement du ciel, Am\u00e9lioration du portrait<\/td><td>https:\/\/skylum.com\/luminar-ai<\/td><\/tr><tr><td>Pixlr X<\/td><td>\u00c9diteur en ligne gratuit, outils assist\u00e9s par l'IA<\/td><td>Limit\u00e9 par rapport aux logiciels de bureau<\/td><td>Am\u00e9liorations en un clic, suppression de l'arri\u00e8re-plan AI<\/td><td>https:\/\/pixlr.com\/x\/<\/td><\/tr><tr><td>Fotor<\/td><td>Facilit\u00e9 d'utilisation, fonctions aliment\u00e9es par l'IA<\/td><td>Certaines fonctionnalit\u00e9s n\u00e9cessitent un abonnement<\/td><td>Am\u00e9lioration de l'IA en un seul geste, suppression de l'arri\u00e8re-plan<\/td><td>https:\/\/www.fotor.com\/<\/td><\/tr><tr><td>Suppression.AI<\/td><td>Sp\u00e9cialis\u00e9 dans la suppression des ant\u00e9c\u00e9dents<\/td><td>Limit\u00e9 \u00e0 la suppression de l'arri\u00e8re-plan<\/td><td>Suppression pr\u00e9cise de l'arri\u00e8re-plan par l'IA<\/td><td>https:\/\/removal.ai\/<\/td><\/tr><tr><td>Am\u00e9liorons<\/td><td>Mise \u00e0 l'\u00e9chelle et am\u00e9lioration de l'IA<\/td><td>Service payant<\/td><td>Conversion d'image, R\u00e9duction du bruit<\/td><td>https:\/\/letsenhance.io\/<\/td><\/tr><tr><td>Topaz Labs<\/td><td>Des outils de haute qualit\u00e9 aliment\u00e9s par l'IA<\/td><td>Achats s\u00e9par\u00e9s pour diff\u00e9rents outils<\/td><td>R\u00e9duction du bruit, accentuation de la nettet\u00e9, mise \u00e0 l'\u00e9chelle<\/td><td>https:\/\/www.topazlabs.com\/<\/td><\/tr><tr><td>Remini<\/td><td>Sp\u00e9cialis\u00e9 dans la restauration de photos<\/td><td>Application mobile, fonctionnalit\u00e9s limit\u00e9es pour l'ordinateur de bureau<\/td><td>Restauration de photos assist\u00e9e par l'IA<\/td><td>https:\/\/remini.ai\/<\/td><\/tr><tr><td>Anthropique<\/td><td>Capacit\u00e9s avanc\u00e9es en mati\u00e8re d'IA<\/td><td>Bas\u00e9 sur l'API, n\u00e9cessite une int\u00e9gration<\/td><td>Traitement polyvalent des images d'IA<\/td><td><a href=\"https:\/\/www.anthropic.com\/\" target=\"_blank\" rel=\"noopener\">https:\/\/www.anthropic.com\/<\/a><\/td><\/tr><\/tbody><\/table><\/figure>\n\n\n\n<h3 class=\"wp-block-heading\" id=\"advantages-and-challenges-in-the-ai-photo-editing-industry\">Avantages et d\u00e9fis de l'industrie de la retouche photo par IA<\/h3>\n\n\n\n<p class=\"\">Avantages :<\/p>\n\n\n\n<ul class=\"wp-block-list\">\n<li class=\"\">Progr\u00e8s technologiques rapides<\/li>\n\n\n\n<li class=\"\">Am\u00e9liorer l'accessibilit\u00e9 pour les non-professionnels<\/li>\n\n\n\n<li class=\"\">Int\u00e9gration avec d'autres technologies d'IA<\/li>\n<\/ul>\n\n\n\n<p class=\"\">D\u00e9fis :<\/p>\n\n\n\n<ul class=\"wp-block-list\">\n<li class=\"\">Pr\u00e9occupations \u00e9thiques concernant la manipulation d'images<\/li>\n\n\n\n<li class=\"\">Risque de perte d'emploi dans le secteur de l'\u00e9dition photographique traditionnelle<\/li>\n\n\n\n<li class=\"\">Maintenir l'\u00e9quilibre entre l'automatisation et le contr\u00f4le artistique<\/li>\n<\/ul>\n\n\n\n<h3 class=\"wp-block-heading\" id=\"frequently-asked-questions\">Questions fr\u00e9quemment pos\u00e9es<\/h3>\n\n\n\n<ol class=\"wp-block-list\">\n<li class=\"\">Comment utiliser l'\u00e9diteur de photos AI ?<br>T\u00e9l\u00e9chargez votre photo vers un \u00e9diteur de photos IA, s\u00e9lectionnez la fonction d'\u00e9dition souhait\u00e9e et laissez l'IA appliquer les modifications automatiquement.<\/li>\n\n\n\n<li class=\"\">Comment utiliser l'\u00e9diteur de photos Google AI ?<br>Les fonctions d'\u00e9dition de photos par l'IA de Google sont int\u00e9gr\u00e9es \u00e0 Google Photos. Ouvrez l'application, s\u00e9lectionnez une photo et utilisez la fonction \"Modifier\" pour acc\u00e9der aux am\u00e9liorations apport\u00e9es par l'IA.<\/li>\n\n\n\n<li class=\"\">Quel est le meilleur \u00e9diteur de photos AI ?<br>Le meilleur \u00e9diteur de photos AI d\u00e9pend de vos besoins. Pour une option gratuite et sans inscription, https:\/\/aiartfree.online\/ai-photo-editor\/ est excellent. Pour un usage professionnel, Adobe Photoshop ou Luminar AI sont les meilleurs choix.<\/li>\n\n\n\n<li class=\"\">Quelle est la meilleure application pour l'\u00e9diteur de photos AI ?<br>Pour les utilisateurs mobiles, Snapseed (de Google) et VSCO offrent de puissantes fonctions d'\u00e9dition assist\u00e9es par l'IA. Pour les ordinateurs de bureau, Adobe Photoshop et Luminar AI sont des options de premier plan.<\/li>\n\n\n\n<li class=\"\">Comment utiliser l'\u00e9diteur de photos AI ?<br>Pour utiliser un \u00e9diteur de photos IA, il vous suffit de t\u00e9l\u00e9charger votre image, de choisir la fonction d'\u00e9dition souhait\u00e9e (par exemple, suppression de l'arri\u00e8re-plan, am\u00e9lioration) et de laisser l'IA faire le travail. Affinez les r\u00e9sultats si n\u00e9cessaire.<\/li>\n\n\n\n<li class=\"\">Les \u00e9diteurs de photos IA remplacent-ils les logiciels de retouche traditionnels ?<br>Les \u00e9diteurs de photos assist\u00e9s par ordinateur compl\u00e8tent plut\u00f4t qu'ils ne remplacent les logiciels traditionnels, en offrant des fonctionnalit\u00e9s qui permettent de gagner du temps et qui sont accessibles aux non-professionnels.<\/li>\n\n\n\n<li class=\"\">Les \u00e9diteurs de photos \u00e0 base d'IA peuvent-ils cr\u00e9er des modifications r\u00e9alistes ?<br>Oui, les \u00e9diteurs de photos \u00e0 intelligence artificielle avanc\u00e9s peuvent produire des modifications tr\u00e8s r\u00e9alistes, en particulier pour des t\u00e2ches telles que la suppression d'objets et le remplacement de l'arri\u00e8re-plan.<\/li>\n\n\n\n<li class=\"\">Les \u00e9diteurs de photos \u00e0 base d'IA posent-ils des probl\u00e8mes de protection de la vie priv\u00e9e ?<br>Certains utilisateurs s'inqui\u00e8tent de la confidentialit\u00e9 des donn\u00e9es lorsqu'ils utilisent des \u00e9diteurs de photos IA en ligne. V\u00e9rifiez toujours la politique de confidentialit\u00e9 de l'outil que vous utilisez.<\/li>\n\n\n\n<li class=\"\">Les \u00e9diteurs de photos IA peuvent-ils g\u00e9rer le traitement par lots ?<br>De nombreux \u00e9diteurs de photos IA offrent des capacit\u00e9s de traitement par lots, ce qui permet aux utilisateurs d'appliquer rapidement des modifications coh\u00e9rentes \u00e0 plusieurs images.<\/li>\n\n\n\n<li class=\"\">Comment les \u00e9diteurs de photos IA se comparent-ils aux \u00e9diteurs humains ?<br>Les \u00e9diteurs IA excellent dans l'automatisation des t\u00e2ches r\u00e9p\u00e9titives et l'application de modifications coh\u00e9rentes, mais les \u00e9diteurs humains conservent un avantage dans la prise de d\u00e9cision cr\u00e9ative et les modifications complexes et nuanc\u00e9es.<\/li>\n<\/ol>\n\n\n\n<h3 class=\"wp-block-heading\" id=\"conclusion\">Conclusion<\/h3>\n\n\n\n<p class=\"\">Les \u00e9diteurs de photos IA r\u00e9volutionnent la mani\u00e8re dont nous am\u00e9liorons et manipulons les images. Gr\u00e2ce \u00e0 leur capacit\u00e9 \u00e0 automatiser des t\u00e2ches complexes, \u00e0 fournir des interfaces conviviales et \u00e0 produire des r\u00e9sultats de qualit\u00e9 professionnelle, ces outils deviennent indispensables pour les photographes amateurs et professionnels. La technologie continuant d'\u00e9voluer, nous pouvons nous attendre \u00e0 des fonctionnalit\u00e9s et des capacit\u00e9s encore plus impressionnantes \u00e0 l'avenir.<\/p>\n\n\n\n<p class=\"\">Pour ceux qui souhaitent d\u00e9couvrir la retouche photo assist\u00e9e par ordinateur, commencez par un outil gratuit et sans inscription tel que https:\/\/aiartfree.online\/ai-photo-editor\/. D\u00e9couvrez la puissance de l'IA pour transformer vos photos et rationaliser votre flux de travail d'\u00e9dition. Que vous soyez un passionn\u00e9 des m\u00e9dias sociaux, un photographe professionnel ou un chef d'entreprise, les \u00e9diteurs de photos \u00e0 base d'IA vous offrent les outils dont vous avez besoin pour cr\u00e9er facilement des visuels \u00e9poustouflants.<\/p>\n\n\n\n<p class=\"\"><\/p>","protected":false},"excerpt":{"rendered":"<p>Before vs After How to use the Photo Editor * Feel free to try our examples below if you don&#8217;t have any thoughts in your mind *&nbsp;Depending on your internet speed, loading the model may take up to 10 seconds \u2193 AI Photo Editor: Revolutionizing Image Editing with Advanced AI Technology This article explores the &#8230; <a title=\"\u00c9diteur de photos AI\" class=\"read-more\" href=\"https:\/\/aiartfree.online\/fr\/editeur-de-photos-en-ligne-gratuit\/\" aria-label=\"En savoir plus sur AI Photo Editor\">Lire la suite<\/a><\/p>","protected":false},"author":1,"featured_media":3380,"parent":0,"menu_order":0,"comment_status":"open","ping_status":"closed","template":"","meta":{"nf_dc_page":"","footnotes":""},"class_list":["post-3372","page","type-page","status-publish","has-post-thumbnail"],"jetpack_sharing_enabled":true,"_links":{"self":[{"href":"https:\/\/aiartfree.online\/fr\/wp-json\/wp\/v2\/pages\/3372","targetHints":{"allow":["GET"]}}],"collection":[{"href":"https:\/\/aiartfree.online\/fr\/wp-json\/wp\/v2\/pages"}],"about":[{"href":"https:\/\/aiartfree.online\/fr\/wp-json\/wp\/v2\/types\/page"}],"author":[{"embeddable":true,"href":"https:\/\/aiartfree.online\/fr\/wp-json\/wp\/v2\/users\/1"}],"replies":[{"embeddable":true,"href":"https:\/\/aiartfree.online\/fr\/wp-json\/wp\/v2\/comments?post=3372"}],"version-history":[{"count":0,"href":"https:\/\/aiartfree.online\/fr\/wp-json\/wp\/v2\/pages\/3372\/revisions"}],"wp:featuredmedia":[{"embeddable":true,"href":"https:\/\/aiartfree.online\/fr\/wp-json\/wp\/v2\/media\/3380"}],"wp:attachment":[{"href":"https:\/\/aiartfree.online\/fr\/wp-json\/wp\/v2\/media?parent=3372"}],"curies":[{"name":"wp","href":"https:\/\/api.w.org\/{rel}","templated":true}]}}