{"id":3366,"date":"2024-07-31T07:54:51","date_gmt":"2024-07-31T07:54:51","guid":{"rendered":"https:\/\/aiartfree.online\/?page_id=3366"},"modified":"2024-08-02T10:41:37","modified_gmt":"2024-08-02T10:41:37","slug":"ai-background-generator","status":"publish","type":"page","link":"https:\/\/aiartfree.online\/fr\/generateur-darriere-plan-ai\/","title":{"rendered":"G\u00e9n\u00e9rateur d'arri\u00e8re-plan AI"},"content":{"rendered":"<h2 class=\"wp-block-heading has-text-align-center\" id=\"before-vs-after\">Avant et apr\u00e8s<\/h2>\n\n\n\n<figure class=\"gb-block-image gb-block-image-1822da1f\"><img data-recalc-dims=\"1\" decoding=\"async\" loading=\"lazy\" width=\"1200\" height=\"423\" class=\"gb-image gb-image-1822da1f\" src=\"https:\/\/i0.wp.com\/aiartfree.online\/wp-content\/uploads\/2024\/07\/WX20240731-145349%402x-scaled.webp?resize=1200%2C423&#038;ssl=1\" alt=\"AI Background Generator | Free Background Changer, Unlimited\" title=\"WX20240731-145349@2x\" srcset=\"https:\/\/i0.wp.com\/aiartfree.online\/wp-content\/uploads\/2024\/07\/WX20240731-145349%402x-scaled.webp?w=2560&amp;ssl=1 2560w, https:\/\/i0.wp.com\/aiartfree.online\/wp-content\/uploads\/2024\/07\/WX20240731-145349%402x-scaled.webp?resize=300%2C106&amp;ssl=1 300w, https:\/\/i0.wp.com\/aiartfree.online\/wp-content\/uploads\/2024\/07\/WX20240731-145349%402x-scaled.webp?resize=1024%2C361&amp;ssl=1 1024w, https:\/\/i0.wp.com\/aiartfree.online\/wp-content\/uploads\/2024\/07\/WX20240731-145349%402x-scaled.webp?resize=768%2C271&amp;ssl=1 768w, https:\/\/i0.wp.com\/aiartfree.online\/wp-content\/uploads\/2024\/07\/WX20240731-145349%402x-scaled.webp?resize=1536%2C541&amp;ssl=1 1536w, https:\/\/i0.wp.com\/aiartfree.online\/wp-content\/uploads\/2024\/07\/WX20240731-145349%402x-scaled.webp?resize=2048%2C721&amp;ssl=1 2048w, https:\/\/i0.wp.com\/aiartfree.online\/wp-content\/uploads\/2024\/07\/WX20240731-145349%402x-scaled.webp?resize=18%2C6&amp;ssl=1 18w, https:\/\/i0.wp.com\/aiartfree.online\/wp-content\/uploads\/2024\/07\/WX20240731-145349%402x-scaled.webp?resize=600%2C211&amp;ssl=1 600w, https:\/\/i0.wp.com\/aiartfree.online\/wp-content\/uploads\/2024\/07\/WX20240731-145349%402x-scaled.webp?w=2400&amp;ssl=1 2400w\" sizes=\"auto, (max-width: 1200px) 100vw, 1200px\" \/><\/figure>\n\n\n\n<h2 class=\"wp-block-heading\" id=\"how-to-use-the-ai-background-generator\">Comment utiliser le g\u00e9n\u00e9rateur d'arri\u00e8re-plan AI<\/h2>\n\n\n\n<ol class=\"wp-block-list\">\n<li class=\"\">D\u00e9posez ou t\u00e9l\u00e9chargez votre image<\/li>\n\n\n\n<li class=\"\">Saisissez votre invite (S\u00e9lectionnez <strong>Supprimer l'arri\u00e8re-plan<\/strong> si votre image a un arri\u00e8re-plan pour obtenir un meilleur r\u00e9sultat)<\/li>\n\n\n\n<li class=\"\">Cliquez sur \"G\u00e9n\u00e9rer\"<\/li>\n\n\n\n<li class=\"\">Attendez, c'est \u00e7a !<\/li>\n<\/ol>\n\n\n\n<p class=\"\">* N'h\u00e9sitez pas \u00e0 essayer les exemples ci-dessous si vous n'avez aucune id\u00e9e en t\u00eate.<\/p>\n\n\n\n<p class=\"\"><em>* Le chargement du mod\u00e8le peut prendre quelques secondes en fonction de la vitesse de l'internet.<br>* Il y aura une mise en cache pendant la g\u00e9n\u00e9ration continue, et la nouvelle image appara\u00eetra apr\u00e8s environ 3 secondes.<\/em><\/p>\n\n\n<div class=\"gb-container gb-container-968be51b\">\n\n<div class=\"iframe-wrapper\" style=\"position: relative; width: 100%; height: 2650px;\">\n  <div class=\"loading\" style=\"position: absolute; top: 100px; left: 50%; transform: translate(-50%, -50%); width: 40px; height: 40px; border: 3px solid #f0f0f0; border-top: 3px solid #db7093; border-radius: 50%; animation: spin 1s linear infinite;\"><\/div>\n  <iframe loading=\"lazy\" src=\"https:\/\/fotographerai-fai-fuzer.hf.space\" frameborder=\"0\" width=\"100%\" height=\"100%\" style=\"position: absolute; top: 0; left: 0; opacity: 0; transition: opacity 0.3s;\" onload=\"this.style.opacity=1;this.previousElementSibling.style.display='none';\"><\/iframe>\n<\/div>\n\n<style>\n@keyframes spin {\n  0% { transform: translate(-50%, -50%) rotate(0deg); }\n  100% { transform: translate(-50%, -50%) rotate(360deg); }\n}\n<\/style>\n\n<\/div>\n\n\n<div style=\"height:100px\" aria-hidden=\"true\" class=\"wp-block-spacer\"><\/div>\n\n\n\n<h2 class=\"wp-block-heading\" id=\"ai-background-generator-revolutionizing-image-creation\">G\u00e9n\u00e9rateur d'arri\u00e8re-plan AI : R\u00e9volutionner la cr\u00e9ation d'images<\/h2>\n\n\n\n<p class=\"\">Cet article explore le monde des g\u00e9n\u00e9rateurs d'arri\u00e8re-plan d'IA, leurs avantages et la fa\u00e7on dont ils transforment l'imagerie num\u00e9rique. Nous aborderons tous les sujets, des concepts de base aux applications avanc\u00e9es, pour vous aider \u00e0 comprendre pourquoi cet outil est devenu indispensable aux cr\u00e9ateurs et aux entreprises.<\/p>\n\n\n\n<div class=\"wp-block-rank-math-toc-block\" id=\"rank-math-toc\"><h3>Table des mati\u00e8res<\/h3><nav><ul><li><a href=\"#what-is-an-ai-background-generator\">Qu'est-ce qu'un g\u00e9n\u00e9rateur d'ant\u00e9c\u00e9dents d'IA ?<\/a><\/li><li><a href=\"#why-use-an-ai-background-generator\">Pourquoi utiliser un g\u00e9n\u00e9rateur d'ant\u00e9c\u00e9dents d'IA ?<\/a><\/li><li><a href=\"#main-features-of-ai-background-generators\">Principales caract\u00e9ristiques des g\u00e9n\u00e9rateurs d'arri\u00e8re-plans d'IA<\/a><ul><li><a href=\"#1-image-generation-from-text\">1. G\u00e9n\u00e9ration d'images \u00e0 partir de textes<\/a><\/li><li><a href=\"#2-style-transfer\">2. Transfert de style<\/a><\/li><li><a href=\"#3-background-removal-and-replacement\">3. Suppression et remplacement de l'arri\u00e8re-plan<\/a><\/li><li><a href=\"#4-resolution-enhancement\">4. Am\u00e9lioration de la r\u00e9solution<\/a><\/li><\/ul><\/li><li><a href=\"#who-should-use-ai-background-generators\">\u00c0 qui s'adressent les g\u00e9n\u00e9rateurs d'ant\u00e9c\u00e9dents d'IA ?<\/a><\/li><li><a href=\"#industries-benefiting-from-ai-background-generators\">Industries b\u00e9n\u00e9ficiant des g\u00e9n\u00e9rateurs d'arri\u00e8re-plan d'IA<\/a><\/li><li><a href=\"#how-to-use-an-ai-background-generator\">Comment utiliser un g\u00e9n\u00e9rateur d'arri\u00e8re-plan pour l'IA<\/a><\/li><li><a href=\"#use-cases-for-ai-background-generators\">Cas d'utilisation des g\u00e9n\u00e9rateurs d'arri\u00e8re-plan d'IA<\/a><ul><li><a href=\"#e-commerce-product-images\">Images de produits pour le commerce \u00e9lectronique<\/a><\/li><li><a href=\"#social-media-content\">Contenu des m\u00e9dias sociaux<\/a><\/li><li><a href=\"#video-production\">Production vid\u00e9o<\/a><\/li><li><a href=\"#website-design\">Conception du site web<\/a><\/li><\/ul><\/li><li><a href=\"#10-ai-background-generator-tools-pros-cons-and-features\">10 outils de g\u00e9n\u00e9ration d'arri\u00e8re-plans pour l'IA : Avantages, inconv\u00e9nients et caract\u00e9ristiques<\/a><\/li><li><a href=\"#advantages-challenges-and-recommendations-for-the-ai-background-generation-industry\">Avantages, d\u00e9fis et recommandations pour l'industrie de la g\u00e9n\u00e9ration d'arri\u00e8re-plan par l'IA<\/a><ul><li><a href=\"#advantages\">Avantages<\/a><\/li><li><a href=\"#challenges\">D\u00e9fis<\/a><\/li><li><a href=\"#recommendations\">Recommandations<\/a><\/li><\/ul><\/li><li><a href=\"#faq\">FAQ<\/a><\/li><li><a href=\"#conclusion\">Conclusion<\/a><\/li><\/ul><\/nav><\/div>\n\n\n\n<h3 class=\"wp-block-heading\" id=\"what-is-an-ai-background-generator\">Qu'est-ce qu'un g\u00e9n\u00e9rateur d'ant\u00e9c\u00e9dents d'IA ?<\/h3>\n\n\n\n<p class=\"\">Un g\u00e9n\u00e9rateur d'arri\u00e8re-plan AI est un outil de pointe qui utilise l'intelligence artificielle pour cr\u00e9er des arri\u00e8re-plans \u00e9tonnants et uniques pour divers projets num\u00e9riques. Cette technologie de pointe permet aux utilisateurs de produire des images de haute qualit\u00e9 sans avoir besoin de comp\u00e9tences approfondies en mati\u00e8re de conception graphique ou de logiciels co\u00fbteux.<\/p>\n\n\n\n<h3 class=\"wp-block-heading\" id=\"why-use-an-ai-background-generator\">Pourquoi utiliser un g\u00e9n\u00e9rateur d'ant\u00e9c\u00e9dents d'IA ?<\/h3>\n\n\n\n<p class=\"\">L'utilisation d'un g\u00e9n\u00e9rateur d'arri\u00e8re-plan AI pr\u00e9sente de nombreux avantages :<\/p>\n\n\n\n<ol class=\"wp-block-list\">\n<li class=\"\">Gain de temps : G\u00e9n\u00e9rer des arri\u00e8re-plans en quelques secondes<\/li>\n\n\n\n<li class=\"\">Rentable : De nombreuses options sont 100% gratuites et illimit\u00e9es<\/li>\n\n\n\n<li class=\"\">Polyvalent : cr\u00e9ez des arri\u00e8re-plans \u00e0 des fins diverses<\/li>\n\n\n\n<li class=\"\">Aucune comp\u00e9tence en mati\u00e8re de conception n'est requise : L'IA fait le gros du travail<\/li>\n\n\n\n<li class=\"\">Personnalisable : Adapter les r\u00e9sultats \u00e0 vos besoins sp\u00e9cifiques<\/li>\n<\/ol>\n\n\n\n<h3 class=\"wp-block-heading\" id=\"main-features-of-ai-background-generators\">Principales caract\u00e9ristiques des g\u00e9n\u00e9rateurs d'arri\u00e8re-plans d'IA<\/h3>\n\n\n\n<h4 class=\"wp-block-heading\" id=\"1-image-generation-from-text\">1. G\u00e9n\u00e9ration d'images \u00e0 partir de textes<\/h4>\n\n\n\n<p class=\"\">Les g\u00e9n\u00e9rateurs d'arri\u00e8re-plan IA peuvent cr\u00e9er des images \u00e0 partir de descriptions textuelles, ce qui permet d'obtenir des r\u00e9sultats incroyablement sp\u00e9cifiques et personnalis\u00e9s.<\/p>\n\n\n\n<h4 class=\"wp-block-heading\" id=\"2-style-transfer\">2. Transfert de style<\/h4>\n\n\n\n<p class=\"\">Appliquez des styles artistiques \u00e0 des images existantes ou cr\u00e9ez-en de nouvelles dans des styles sp\u00e9cifiques, du photor\u00e9alisme \u00e0 l'abstraction.<\/p>\n\n\n\n<h4 class=\"wp-block-heading\" id=\"3-background-removal-and-replacement\">3. Suppression et remplacement de l'arri\u00e8re-plan<\/h4>\n\n\n\n<p class=\"\">Supprimez et modifiez facilement l'arri\u00e8re-plan de vos photos, ce qui est parfait pour les images de produits ou les portraits.<\/p>\n\n\n\n<h4 class=\"wp-block-heading\" id=\"4-resolution-enhancement\">4. Am\u00e9lioration de la r\u00e9solution<\/h4>\n\n\n\n<p class=\"\">Rehaussez et am\u00e9liorez la qualit\u00e9 des images existantes ou cr\u00e9ez des arri\u00e8re-plans haute r\u00e9solution \u00e0 partir de z\u00e9ro.<\/p>\n\n\n\n<h3 class=\"wp-block-heading\" id=\"who-should-use-ai-background-generators\">\u00c0 qui s'adressent les g\u00e9n\u00e9rateurs d'ant\u00e9c\u00e9dents d'IA ?<\/h3>\n\n\n\n<ul class=\"wp-block-list\">\n<li class=\"\">Graphistes<\/li>\n\n\n\n<li class=\"\">Les sp\u00e9cialistes du marketing des m\u00e9dias sociaux<\/li>\n\n\n\n<li class=\"\">Entreprises de commerce \u00e9lectronique<\/li>\n\n\n\n<li class=\"\">D\u00e9veloppeurs de jeux (par exemple, pour le g\u00e9n\u00e9rateur d'arri\u00e8re-plan dnd ai)<\/li>\n\n\n\n<li class=\"\">Cr\u00e9ateurs de contenu<\/li>\n\n\n\n<li class=\"\">Photographes<\/li>\n<\/ul>\n\n\n\n<h3 class=\"wp-block-heading\" id=\"industries-benefiting-from-ai-background-generators\">Industries b\u00e9n\u00e9ficiant des g\u00e9n\u00e9rateurs d'arri\u00e8re-plan d'IA<\/h3>\n\n\n\n<ul class=\"wp-block-list\">\n<li class=\"\">Publicit\u00e9 et marketing<\/li>\n\n\n\n<li class=\"\">Commerce \u00e9lectronique et photographie de produits<\/li>\n\n\n\n<li class=\"\">Jeux et divertissements<\/li>\n\n\n\n<li class=\"\">Immobilier<\/li>\n\n\n\n<li class=\"\">Mode et style de vie<\/li>\n\n\n\n<li class=\"\">\u00c9ducation et apprentissage en ligne<\/li>\n<\/ul>\n\n\n\n<h3 class=\"wp-block-heading\" id=\"how-to-use-an-ai-background-generator\">Comment utiliser un g\u00e9n\u00e9rateur d'arri\u00e8re-plan pour l'IA<\/h3>\n\n\n\n<ol class=\"wp-block-list\">\n<li class=\"\">Choisir un outil fiable de g\u00e9n\u00e9ration d'arri\u00e8re-plans d'IA<\/li>\n\n\n\n<li class=\"\">S\u00e9lectionnez la fonction souhait\u00e9e (par exemple, g\u00e9n\u00e9rer une nouvelle image, supprimer l'arri\u00e8re-plan).<\/li>\n\n\n\n<li class=\"\">Saisir une description textuelle ou t\u00e9l\u00e9charger une image<\/li>\n\n\n\n<li class=\"\">Ajuster les param\u00e8tres si n\u00e9cessaire<\/li>\n\n\n\n<li class=\"\">G\u00e9n\u00e9rer l'arri\u00e8re-plan<\/li>\n\n\n\n<li class=\"\">T\u00e9l\u00e9chargez et utilisez votre nouveau fond d'\u00e9cran<\/li>\n<\/ol>\n\n\n\n<h3 class=\"wp-block-heading\" id=\"use-cases-for-ai-background-generators\">Cas d'utilisation des g\u00e9n\u00e9rateurs d'arri\u00e8re-plan d'IA<\/h3>\n\n\n\n<h4 class=\"wp-block-heading\" id=\"e-commerce-product-images\">Images de produits pour le commerce \u00e9lectronique<\/h4>\n\n\n\n<p class=\"\">Cr\u00e9ez des images de produits d'aspect professionnel avec de belles images de fleurs g\u00e9n\u00e9r\u00e9es automatiquement sur fond flou ou dans d'autres contextes appropri\u00e9s.<\/p>\n\n\n\n<h4 class=\"wp-block-heading\" id=\"social-media-content\">Contenu des m\u00e9dias sociaux<\/h4>\n\n\n\n<p class=\"\">Cr\u00e9ez des arri\u00e8re-plans attrayants pour les articles, les r\u00e9cits et les publicit\u00e9s.<\/p>\n\n\n\n<h4 class=\"wp-block-heading\" id=\"video-production\">Production vid\u00e9o<\/h4>\n\n\n\n<p class=\"\">Cr\u00e9ez des toiles de fond uniques pour des projets vid\u00e9o, des d\u00e9cors virtuels ou des remplacements d'\u00e9crans verts.<\/p>\n\n\n\n<h4 class=\"wp-block-heading\" id=\"website-design\">Conception du site web<\/h4>\n\n\n\n<p class=\"\">D\u00e9velopper des arri\u00e8re-plans personnalis\u00e9s pour les pages web, les en-t\u00eates et les banni\u00e8res.<\/p>\n\n\n\n<h3 class=\"wp-block-heading\" id=\"10-ai-background-generator-tools-pros-cons-and-features\">10 outils de g\u00e9n\u00e9ration d'arri\u00e8re-plans pour l'IA : Avantages, inconv\u00e9nients et caract\u00e9ristiques<\/h3>\n\n\n\n<figure class=\"wp-block-table\"><table class=\"has-fixed-layout\"><thead><tr><th>Outil<\/th><th>Pour<\/th><th>Cons<\/th><th>Caract\u00e9ristiques<\/th><th>URL<\/th><\/tr><\/thead><tbody><tr><td>AIArtFree<\/td><td>100% Gratuit, pas d'inscription, utilisation illimit\u00e9e<\/td><td>Fonctionnalit\u00e9s avanc\u00e9es limit\u00e9es<\/td><td>G\u00e9n\u00e9rateur d'arri\u00e8re-plan AI, Suppression de l'arri\u00e8re-plan<\/td><td><a href=\"https:\/\/aiartfree.online\/fr\/generateur-darriere-plan-ai\/\">https:\/\/aiartfree.online\/ai-background-generator\/<\/a><\/td><\/tr><tr><td>DALL-E 2<\/td><td>Sorties de haute qualit\u00e9, Polyvalence<\/td><td>Service payant, n\u00e9cessite un compte OpenAI<\/td><td>G\u00e9n\u00e9ration texte-image, \u00c9dition d'images<\/td><td><a href=\"https:\/\/openai.com\/dall-e-2\" target=\"_blank\" rel=\"noreferrer noopener\">https:\/\/openai.com\/dall-e-2<\/a><\/td><\/tr><tr><td>Voyage \u00e0 mi-parcours<\/td><td>R\u00e9sultats artistiques, initiative communautaire<\/td><td>Service payant, interface bas\u00e9e sur Discord<\/td><td>G\u00e9n\u00e9ration texte-image, Personnalisation du style<\/td><td>https:\/\/www.midjourney.com<\/td><\/tr><tr><td>Diffusion stable<\/td><td>Open-source, personnalisable<\/td><td>L'installation n\u00e9cessite des connaissances techniques<\/td><td>G\u00e9n\u00e9ration texte-image, Traduction image-image<\/td><td>https:\/\/stability.ai<\/td><\/tr><tr><td>Canva<\/td><td>Interface conviviale, outils de conception int\u00e9gr\u00e9s<\/td><td>Fonctionnalit\u00e9s limit\u00e9es de l'IA dans la version gratuite<\/td><td>Suppression de l'arri\u00e8re-plan, g\u00e9n\u00e9ration d'images (avec Magic Studio)<\/td><td>https:\/\/www.canva.com<\/td><\/tr><tr><td>Supprimer.bg<\/td><td>Sp\u00e9cialis\u00e9 dans l'\u00e9limination des ant\u00e9c\u00e9dents, API disponible<\/td><td>Limit\u00e9 \u00e0 la suppression de l'arri\u00e8re-plan<\/td><td>Suppression automatique de l'arri\u00e8re-plan, d\u00e9tection des personnes<\/td><td>https:\/\/www.remove.bg<\/td><\/tr><tr><td>Pixlr<\/td><td>Version de base gratuite, bas\u00e9e sur le Web<\/td><td>Les fonctions avanc\u00e9es n\u00e9cessitent un abonnement<\/td><td>Suppression de l'arri\u00e8re-plan AI, Outils de retouche d'image<\/td><td>https:\/\/pixlr.com<\/td><\/tr><tr><td>PhotoRoom<\/td><td>Adapt\u00e9 aux mobiles, Bon pour les photos de produits<\/td><td>Les fonctionnalit\u00e9s compl\u00e8tes n\u00e9cessitent un abonnement<\/td><td>Suppression de l'arri\u00e8re-plan, Suppression des objets, G\u00e9n\u00e9ration d'images d'IA<\/td><td>https:\/\/www.photoroom.com<\/td><\/tr><tr><td>Artbreeder<\/td><td>Capacit\u00e9s uniques de m\u00e9lange d'images<\/td><td>Courbe d'apprentissage pour de meilleurs r\u00e9sultats<\/td><td>M\u00e9lange d'images, transfert de style<\/td><td>https:\/\/www.artbreeder.com<\/td><\/tr><tr><td>Fotor<\/td><td>Facile \u00e0 utiliser, outils d'IA multiples<\/td><td>Certaines fonctionnalit\u00e9s sont bloqu\u00e9es derri\u00e8re un mur payant<\/td><td>Suppression de l'arri\u00e8re-plan, G\u00e9n\u00e9rateur d'art AI, Effets photo<\/td><td>https:\/\/www.fotor.com<\/td><\/tr><\/tbody><\/table><figcaption class=\"wp-element-caption\">Ce tableau fournit une vue d'ensemble plus compl\u00e8te des diff\u00e9rents outils de g\u00e9n\u00e9ration d'arri\u00e8re-plan d'IA, y compris leurs avantages, leurs inconv\u00e9nients, leurs principales caract\u00e9ristiques et leurs URL.<\/figcaption><\/figure>\n\n\n\n<h3 class=\"wp-block-heading\" id=\"advantages-challenges-and-recommendations-for-the-ai-background-generation-industry\">Avantages, d\u00e9fis et recommandations pour l'industrie de la g\u00e9n\u00e9ration d'arri\u00e8re-plan par l'IA<\/h3>\n\n\n\n<h4 class=\"wp-block-heading\" id=\"advantages\">Avantages<\/h4>\n\n\n\n<ul class=\"wp-block-list\">\n<li class=\"\">Innovation rapide dans la technologie de l'IA<\/li>\n\n\n\n<li class=\"\">Demande croissante dans divers secteurs<\/li>\n\n\n\n<li class=\"\">Possibilit\u00e9 d'int\u00e9gration avec d'autres outils d'IA<\/li>\n<\/ul>\n\n\n\n<h4 class=\"wp-block-heading\" id=\"challenges\">D\u00e9fis<\/h4>\n\n\n\n<ul class=\"wp-block-list\">\n<li class=\"\">Droits d'auteur et pr\u00e9occupations \u00e9thiques<\/li>\n\n\n\n<li class=\"\">Garantir la qualit\u00e9 et la coh\u00e9rence de l'image<\/li>\n\n\n\n<li class=\"\">Concilier l'automatisation et la cr\u00e9ativit\u00e9 humaine<\/li>\n<\/ul>\n\n\n\n<h4 class=\"wp-block-heading\" id=\"recommendations\">Recommandations<\/h4>\n\n\n\n<ul class=\"wp-block-list\">\n<li class=\"\">L'accent est mis sur des interfaces conviviales<\/li>\n\n\n\n<li class=\"\">D\u00e9velopper des fonctionnalit\u00e9s sp\u00e9cifiques \u00e0 l'industrie<\/li>\n\n\n\n<li class=\"\">Priorit\u00e9 aux pratiques \u00e9thiques en mati\u00e8re d'IA et \u00e0 la transparence<\/li>\n<\/ul>\n\n\n\n<h3 class=\"wp-block-heading\" id=\"faq\">FAQ<\/h3>\n\n\n\n<ol class=\"wp-block-list\">\n<li class=\"\">Comment g\u00e9n\u00e9rer un arri\u00e8re-plan AI dans Photoshop ?<br>Bien que Photoshop offre certaines fonctions d'IA, l'utilisation d'un outil d\u00e9di\u00e9 tel que https:\/\/aiartfree.online\/ai-background-generator\/ est plus rapide, plus facile et gratuite.<\/li>\n\n\n\n<li class=\"\">Comment g\u00e9n\u00e9rer un arri\u00e8re-plan dans Photoshop ?<br>Au lieu d'utiliser Photoshop, essayez notre g\u00e9n\u00e9rateur d'arri\u00e8re-plan AI gratuit pour des r\u00e9sultats plus rapides et plus simples.<\/li>\n\n\n\n<li class=\"\">Comment l'IA g\u00e9n\u00e8re-t-elle un arri\u00e8re-plan ?<br>Visitez le site https:\/\/aiartfree.online\/ai-background-generator\/, saisissez la description de votre choix ou t\u00e9l\u00e9chargez une image, et laissez l'intelligence artificielle cr\u00e9er un arri\u00e8re-plan pour vous.<\/li>\n\n\n\n<li class=\"\">Puis-je utiliser des arri\u00e8re-plans g\u00e9n\u00e9r\u00e9s par l'IA \u00e0 des fins commerciales ?<br>Cela d\u00e9pend de l'outil et de ses conditions d'utilisation. V\u00e9rifiez toujours l'accord de licence avant toute utilisation commerciale.<\/li>\n\n\n\n<li class=\"\">Les g\u00e9n\u00e9rateurs d'arri\u00e8re-plans d'IA sont-ils gratuits ?<br>De nombreux outils proposent des options gratuites, comme notre g\u00e9n\u00e9rateur 100% gratuit et illimit\u00e9 sur https:\/\/aiartfree.online\/ai-background-generator\/.<\/li>\n\n\n\n<li class=\"\">Les g\u00e9n\u00e9rateurs d'arri\u00e8re-plans IA peuvent-ils cr\u00e9er des images r\u00e9alistes ?<br>Oui, de nombreux outils d'IA peuvent cr\u00e9er des arri\u00e8re-plans et des images tr\u00e8s r\u00e9alistes.<\/li>\n\n\n\n<li class=\"\">Comment supprimer l'arri\u00e8re-plan d'une image existante ?<br>La plupart des g\u00e9n\u00e9rateurs d'arri\u00e8re-plans AI proposent des fonctions de suppression de l'arri\u00e8re-plan. Il vous suffit de t\u00e9l\u00e9charger votre image et de s\u00e9lectionner l'option de suppression de l'arri\u00e8re-plan.<\/li>\n\n\n\n<li class=\"\">Puis-je g\u00e9n\u00e9rer des arri\u00e8re-plans pour des th\u00e8mes sp\u00e9cifiques tels que le fantastique ou la science-fiction ?<br>Absolument ! Les g\u00e9n\u00e9rateurs d'IA peuvent cr\u00e9er des arri\u00e8re-plans pour diff\u00e9rents th\u00e8mes sur la base de vos descriptions textuelles.<\/li>\n\n\n\n<li class=\"\">Existe-t-il des limites aux arri\u00e8re-plans g\u00e9n\u00e9r\u00e9s par l'IA ?<br>Bien que puissants, les g\u00e9n\u00e9rateurs d'IA peuvent parfois produire des incoh\u00e9rences ou des \u00e9l\u00e9ments irr\u00e9alistes. Examinez toujours les r\u00e9sultats et modifiez-les \u00e9ventuellement.<\/li>\n\n\n\n<li class=\"\">Comment puis-je garantir le caract\u00e8re unique de mes arri\u00e8re-plans g\u00e9n\u00e9r\u00e9s par l'IA ?<br>Utilisez des invites sp\u00e9cifiques, combinez plusieurs g\u00e9n\u00e9rations ou ajoutez des touches personnelles pour rendre vos arri\u00e8re-plans vraiment uniques.<\/li>\n<\/ol>\n\n\n\n<h3 class=\"wp-block-heading\" id=\"conclusion\">Conclusion<\/h3>\n\n\n\n<p class=\"\">Les g\u00e9n\u00e9rateurs d'arri\u00e8re-plans AI r\u00e9volutionnent la fa\u00e7on dont nous cr\u00e9ons et manipulons l'imagerie num\u00e9rique. Avec des outils tels que https:\/\/aiartfree.online\/ai-background-generator\/ qui offrent 100% des options gratuites, illimit\u00e9es et sans inscription, il est plus facile que jamais de produire des visuels \u00e9poustouflants pour n'importe quel projet. Que vous soyez un designer professionnel ou un cr\u00e9ateur occasionnel, les g\u00e9n\u00e9rateurs d'arri\u00e8re-plans AI constituent une solution accessible, efficace et puissante pour vos besoins en images. Essayez-en un d\u00e8s aujourd'hui et d\u00e9couvrez l'avenir de la cr\u00e9ativit\u00e9 num\u00e9rique !<\/p>","protected":false},"excerpt":{"rendered":"<p>Avant vs Apr\u00e8s Comment utiliser le g\u00e9n\u00e9rateur de fond d'\u00e9cran * N'h\u00e9sitez pas \u00e0 essayer nos exemples ci-dessous si vous n'avez aucune id\u00e9e en t\u00eate * En fonction de votre vitesse Internet, le chargement du mod\u00e8le peut prendre quelques secondes * Il y aura une mise en cache pendant la g\u00e9n\u00e9ration continue, et la nouvelle image appara\u00eetra apr\u00e8s environ ... <a title=\"G\u00e9n\u00e9rateur d&#039;arri\u00e8re-plan AI\" class=\"read-more\" href=\"https:\/\/aiartfree.online\/fr\/generateur-darriere-plan-ai\/\" aria-label=\"En savoir plus sur AI Background Generator\">Lire la suite<\/a><\/p>","protected":false},"author":1,"featured_media":3377,"parent":0,"menu_order":0,"comment_status":"open","ping_status":"closed","template":"","meta":{"nf_dc_page":"","footnotes":""},"class_list":["post-3366","page","type-page","status-publish","has-post-thumbnail"],"jetpack_sharing_enabled":true,"_links":{"self":[{"href":"https:\/\/aiartfree.online\/fr\/wp-json\/wp\/v2\/pages\/3366","targetHints":{"allow":["GET"]}}],"collection":[{"href":"https:\/\/aiartfree.online\/fr\/wp-json\/wp\/v2\/pages"}],"about":[{"href":"https:\/\/aiartfree.online\/fr\/wp-json\/wp\/v2\/types\/page"}],"author":[{"embeddable":true,"href":"https:\/\/aiartfree.online\/fr\/wp-json\/wp\/v2\/users\/1"}],"replies":[{"embeddable":true,"href":"https:\/\/aiartfree.online\/fr\/wp-json\/wp\/v2\/comments?post=3366"}],"version-history":[{"count":0,"href":"https:\/\/aiartfree.online\/fr\/wp-json\/wp\/v2\/pages\/3366\/revisions"}],"wp:featuredmedia":[{"embeddable":true,"href":"https:\/\/aiartfree.online\/fr\/wp-json\/wp\/v2\/media\/3377"}],"wp:attachment":[{"href":"https:\/\/aiartfree.online\/fr\/wp-json\/wp\/v2\/media?parent=3366"}],"curies":[{"name":"wp","href":"https:\/\/api.w.org\/{rel}","templated":true}]}}