{"id":3351,"date":"2024-07-30T17:07:44","date_gmt":"2024-07-30T17:07:44","guid":{"rendered":"https:\/\/aiartfree.online\/?page_id=3351"},"modified":"2024-08-16T10:09:07","modified_gmt":"2024-08-16T10:09:07","slug":"ai-voice-generator","status":"publish","type":"page","link":"https:\/\/aiartfree.online\/fr\/generateur-de-voix\/","title":{"rendered":"G\u00e9n\u00e9rateur de voix AI"},"content":{"rendered":"<h2 class=\"wp-block-heading\" id=\"how-to-use-the-ai-voice-generator\">Comment utiliser le g\u00e9n\u00e9rateur de voix AI<\/h2>\n\n\n\n<ol class=\"wp-block-list\">\n<li class=\"\">Saisissez votre texte<\/li>\n\n\n\n<li class=\"\">S\u00e9lectionner une voix<\/li>\n\n\n\n<li class=\"\">Cliquez sur \"Soumettre\"<\/li>\n\n\n\n<li class=\"\">Attendez, c'est \u00e7a !<\/li>\n<\/ol>\n\n\n\n<p class=\"\">* N'h\u00e9sitez pas \u00e0 essayer les exemples ci-dessous si vous n'avez aucune id\u00e9e en t\u00eate.<\/p>\n\n\n\n<p class=\"\"><em>* En fonction de votre vitesse d'acc\u00e8s \u00e0 Internet, le chargement du mod\u00e8le peut prendre <\/em>jusqu'\u00e0 10 secondes \u2193<\/p>\n\n\n\n<div class=\"iframe-wrapper\" style=\"position: relative; width: 100%; height: 1000px;\">\n  <div class=\"loading\" style=\"position: absolute; top: 50px; left: 50%; transform: translate(-50%, -50%); width: 40px; height: 40px; border: 3px solid #f0f0f0; border-top: 3px solid #db7093; border-radius: 50%; animation: spin 1s linear infinite;\"><\/div>\n  <iframe loading=\"lazy\" src=\"https:\/\/innoai-edge-tts-text-to-speech.hf.space\" frameborder=\"0\" width=\"100%\" height=\"100%\" style=\"position: absolute; top: 0; left: 0; opacity: 0; transition: opacity 0.3s;\" onload=\"this.style.opacity=1;this.previousElementSibling.style.display='none';\"><\/iframe>\n<\/div>\n\n<style>\n@keyframes spin {\n  0% { transform: translate(-50%, -50%) rotate(0deg); }\n  100% { transform: translate(-50%, -50%) rotate(360deg); }\n}\n<\/style>\n\n\n\n<div style=\"height:80px\" aria-hidden=\"true\" class=\"wp-block-spacer\"><\/div>\n\n\n\n<h2 class=\"wp-block-heading\" id=\"the-ultimate-guide-to-ai-voice-generators\">Le guide ultime des g\u00e9n\u00e9rateurs de voix d'IA<\/h2>\n\n\n\n<h3 class=\"wp-block-heading\" id=\"outline\">Aper\u00e7u<\/h3>\n\n\n\n<p class=\"\">Les g\u00e9n\u00e9rateurs de voix d'IA ont r\u00e9volutionn\u00e9 la fa\u00e7on dont nous cr\u00e9ons du contenu audio, en offrant des voix de haute qualit\u00e9 et ultra r\u00e9alistes qui ressemblent \u00e0 la parole humaine. Ce guide explore la d\u00e9finition, les avantages, les fonctions, le public cible, les utilisations industrielles, les instructions \u00e9tape par \u00e9tape, les cas d'utilisation, les outils, les avantages et les inconv\u00e9nients de l'industrie et les questions fr\u00e9quemment pos\u00e9es sur les g\u00e9n\u00e9rateurs de voix d'IA.<\/p>\n\n\n\n<figure class=\"wp-block-image size-large is-resized\"><img data-recalc-dims=\"1\" data-dominant-color=\"52455b\" data-has-transparency=\"false\" decoding=\"async\" width=\"1024\" height=\"585\"   loading=\"lazy\" src=\"https:\/\/i0.wp.com\/aiartfree.online\/wp-content\/uploads\/2024\/08\/out-0-1.webp?resize=1024%2C585&#038;ssl=1\" alt=\"D\u00e9couvrez le meilleur g\u00e9n\u00e9rateur de voix AI sur AIArtFree. G\u00e9n\u00e9rez des voix de haute qualit\u00e9 et ultra r\u00e9alistes sans effort pour la cr\u00e9ation de contenu et les voix off. Aucune limite. Meilleur g\u00e9n\u00e9rateur de voix d&#039;IA - 100% Gratuit, illimit\u00e9, sans inscription\" class=\"wp-image-3458 not-transparent\" style=\"--dominant-color: #52455b; width:598px;height:auto\" srcset=\"https:\/\/i0.wp.com\/aiartfree.online\/wp-content\/uploads\/2024\/08\/out-0-1.webp?resize=1024%2C585&amp;ssl=1 1024w, https:\/\/i0.wp.com\/aiartfree.online\/wp-content\/uploads\/2024\/08\/out-0-1.webp?resize=300%2C171&amp;ssl=1 300w, https:\/\/i0.wp.com\/aiartfree.online\/wp-content\/uploads\/2024\/08\/out-0-1.webp?resize=768%2C439&amp;ssl=1 768w, https:\/\/i0.wp.com\/aiartfree.online\/wp-content\/uploads\/2024\/08\/out-0-1.webp?resize=18%2C10&amp;ssl=1 18w, https:\/\/i0.wp.com\/aiartfree.online\/wp-content\/uploads\/2024\/08\/out-0-1.webp?resize=600%2C343&amp;ssl=1 600w, https:\/\/i0.wp.com\/aiartfree.online\/wp-content\/uploads\/2024\/08\/out-0-1.webp?w=1344&amp;ssl=1 1344w\" sizes=\"auto, (max-width: 1024px) 100vw, 1024px\" \/><\/figure>\n\n\n\n<div class=\"wp-block-rank-math-toc-block\" id=\"rank-math-toc\"><h3>Table des mati\u00e8res<\/h3><nav><ul><li><a href=\"#outline\">Aper\u00e7u<\/a><\/li><li><a href=\"#what-is-an-ai-voice-generator\">Qu'est-ce qu'un g\u00e9n\u00e9rateur de voix d'IA ?<\/a><\/li><li><a href=\"#why-use-an-ai-voice-generator\">Pourquoi utiliser un g\u00e9n\u00e9rateur de voix d'IA ?<\/a><\/li><li><a href=\"#main-features-of-ai-voice-generators\">Principales caract\u00e9ristiques des g\u00e9n\u00e9rateurs de voix AI<\/a><ul><li><a href=\"#text-to-speech-ai\">Synth\u00e8se vocale AI<\/a><\/li><li><a href=\"#ultra-realistic-voices\">Voix ultra r\u00e9alistes<\/a><\/li><li><a href=\"#generative-ai\">IA g\u00e9n\u00e9rative<\/a><\/li><li><a href=\"#multiple-languages-and-accents\">Plusieurs langues et accents<\/a><\/li><li><a href=\"#high-quality-voiceovers\">Voix off de haute qualit\u00e9<\/a><\/li><\/ul><\/li><li><a href=\"#who-should-use-ai-voice-generators\">\u00c0 qui s'adressent les g\u00e9n\u00e9rateurs vocaux d'IA ?<\/a><\/li><li><a href=\"#industry-uses-of-ai-voice-generators\">Utilisations industrielles des g\u00e9n\u00e9rateurs vocaux d'IA<\/a><ul><li><a href=\"#media-and-entertainment\">M\u00e9dias et divertissements<\/a><\/li><li><a href=\"#education\">L'\u00e9ducation<\/a><\/li><li><a href=\"#customer-service\">Service client\u00e8le<\/a><\/li><li><a href=\"#marketing\">Marketing<\/a><\/li><\/ul><\/li><li><a href=\"#how-to-use-an-ai-voice-generator\">Comment utiliser un g\u00e9n\u00e9rateur de voix d'IA<\/a><\/li><li><a href=\"#ai-voice-generator-usage-cases\">Cas d'utilisation du g\u00e9n\u00e9rateur de voix d'IA<\/a><ul><li><a href=\"#content-creation\">Cr\u00e9ation de contenu<\/a><\/li><li><a href=\"#education-1\">L'\u00e9ducation<\/a><\/li><li><a href=\"#business-communication\">Communication d'entreprise<\/a><\/li><li><a href=\"#marketing-2\">Marketing<\/a><\/li><\/ul><\/li><li><a href=\"#top-10-ai-voice-generator-tools\">Les 10 meilleurs outils de g\u00e9n\u00e9ration de voix d'IA<\/a><\/li><li><a href=\"#industry-pros-and-cons\">Avantages et inconv\u00e9nients de l'industrie<\/a><ul><li><a href=\"#pros\">Pour<\/a><\/li><li><a href=\"#cons\">Cons<\/a><\/li><li><a href=\"#advantages\">Avantages<\/a><\/li><li><a href=\"#challenges\">D\u00e9fis<\/a><\/li><li><a href=\"#suggestions\">Suggestions<\/a><\/li><\/ul><\/li><li><a href=\"#frequently-asked-questions\">Questions fr\u00e9quemment pos\u00e9es<\/a><\/li><\/ul><\/nav><\/div>\n\n\n\n<h3 class=\"wp-block-heading\" id=\"what-is-an-ai-voice-generator\">Qu'est-ce qu'un g\u00e9n\u00e9rateur de voix d'IA ?<\/h3>\n\n\n\n<p class=\"\">Un g\u00e9n\u00e9rateur de voix AI est une application logicielle qui utilise l'intelligence artificielle pour convertir un texte en une parole r\u00e9aliste de type humain. Il s'appuie sur des r\u00e9seaux neuronaux avanc\u00e9s et sur l'IA g\u00e9n\u00e9rative pour cr\u00e9er un son de haute qualit\u00e9 pouvant \u00eatre utilis\u00e9 dans diverses applications, de la cr\u00e9ation de contenu aux voix off et autres.<\/p>\n\n\n\n<h3 class=\"wp-block-heading\" id=\"why-use-an-ai-voice-generator\">Pourquoi utiliser un g\u00e9n\u00e9rateur de voix d'IA ?<\/h3>\n\n\n\n<p class=\"\">L'utilisation d'un g\u00e9n\u00e9rateur de voix d'IA offre de nombreux avantages :<\/p>\n\n\n\n<ul class=\"wp-block-list\">\n<li class=\"\"><strong>100% Gratuit<\/strong>: De nombreuses plateformes proposent des versions gratuites pour les utilisateurs.<\/li>\n\n\n\n<li class=\"\"><strong>Utilisation illimit\u00e9e<\/strong>: Cr\u00e9ez autant de voix off que n\u00e9cessaire sans aucune restriction.<\/li>\n\n\n\n<li class=\"\"><strong>Pas d'inscription n\u00e9cessaire<\/strong>: Facilement accessible sans avoir besoin d'un compte.<\/li>\n\n\n\n<li class=\"\"><strong>Sortie de haute qualit\u00e9<\/strong>: Produit des voix dont le son est presque identique \u00e0 celui de la parole humaine.<\/li>\n\n\n\n<li class=\"\"><strong>Prise en charge \u00e9tendue des langues et des accents<\/strong>: Capable de g\u00e9n\u00e9rer des voix dans plusieurs langues et accents.<\/li>\n\n\n\n<li class=\"\"><strong>Efficacit\u00e9 et rapidit\u00e9<\/strong>: G\u00e9n\u00e8re rapidement de l'audio \u00e0 partir d'un texte, ce qui permet d'\u00e9conomiser du temps et des efforts.<\/li>\n\n\n\n<li class=\"\"><strong>Une audience mondiale<\/strong>: Rend le contenu accessible \u00e0 un public plus large en prenant en charge plusieurs langues.<\/li>\n<\/ul>\n\n\n\n<h3 class=\"wp-block-heading\" id=\"main-features-of-ai-voice-generators\">Principales caract\u00e9ristiques des g\u00e9n\u00e9rateurs de voix AI<\/h3>\n\n\n\n<h4 class=\"wp-block-heading\" id=\"text-to-speech-ai\">Synth\u00e8se vocale AI<\/h4>\n\n\n\n<p class=\"\">Convertit le texte \u00e9crit en mots parl\u00e9s avec des voix naturelles.<\/p>\n\n\n\n<h4 class=\"wp-block-heading\" id=\"ultra-realistic-voices\">Voix ultra r\u00e9alistes<\/h4>\n\n\n\n<p class=\"\">G\u00e9n\u00e8re des voix qu'il est impossible de distinguer des voix humaines r\u00e9elles, ce qui am\u00e9liore l'exp\u00e9rience de l'auditeur.<\/p>\n\n\n\n<h4 class=\"wp-block-heading\" id=\"generative-ai\">IA g\u00e9n\u00e9rative<\/h4>\n\n\n\n<p class=\"\">Utilise des mod\u00e8les d'intelligence artificielle avanc\u00e9s pour produire des sorties audio vari\u00e9es et de haute qualit\u00e9.<\/p>\n\n\n\n<h4 class=\"wp-block-heading\" id=\"multiple-languages-and-accents\">Plusieurs langues et accents<\/h4>\n\n\n\n<p class=\"\">Prise en charge d'un large \u00e9ventail de langues et d'accents, pour r\u00e9pondre aux besoins d'un public mondial.<\/p>\n\n\n\n<h4 class=\"wp-block-heading\" id=\"high-quality-voiceovers\">Voix off de haute qualit\u00e9<\/h4>\n\n\n\n<p class=\"\">Cr\u00e9ez des voix off de qualit\u00e9 professionnelle adapt\u00e9es \u00e0 diverses applications, y compris les vid\u00e9os et les pr\u00e9sentations.<\/p>\n\n\n\n<h3 class=\"wp-block-heading\" id=\"who-should-use-ai-voice-generators\">\u00c0 qui s'adressent les g\u00e9n\u00e9rateurs vocaux d'IA ?<\/h3>\n\n\n\n<ul class=\"wp-block-list\">\n<li class=\"\"><strong>Cr\u00e9ateurs de contenu<\/strong>: Am\u00e9liore les vid\u00e9os, les podcasts et autres contenus multim\u00e9dias avec des voix off r\u00e9alistes.<\/li>\n\n\n\n<li class=\"\"><strong>\u00c9ducateurs<\/strong>: Convertit le mat\u00e9riel p\u00e9dagogique en format audio, rendant ainsi l'apprentissage plus accessible.<\/li>\n\n\n\n<li class=\"\"><strong>Entreprises<\/strong>: Am\u00e9liore le service \u00e0 la client\u00e8le gr\u00e2ce \u00e0 des r\u00e9ponses automatis\u00e9es mais humaines.<\/li>\n\n\n\n<li class=\"\"><strong>Les sp\u00e9cialistes du marketing<\/strong>: Cr\u00e9e du contenu audio attrayant pour les publicit\u00e9s et les m\u00e9dias sociaux.<\/li>\n<\/ul>\n\n\n\n<h3 class=\"wp-block-heading\" id=\"industry-uses-of-ai-voice-generators\">Utilisations industrielles des g\u00e9n\u00e9rateurs vocaux d'IA<\/h3>\n\n\n\n<h4 class=\"wp-block-heading\" id=\"media-and-entertainment\">M\u00e9dias et divertissements<\/h4>\n\n\n\n<p class=\"\">Utilis\u00e9 pour les voix off dans les vid\u00e9os, les films et les animations.<\/p>\n\n\n\n<h4 class=\"wp-block-heading\" id=\"education\">L'\u00e9ducation<\/h4>\n\n\n\n<p class=\"\">Aide \u00e0 la cr\u00e9ation de livres audio et de contenus d'apprentissage en ligne.<\/p>\n\n\n\n<h4 class=\"wp-block-heading\" id=\"customer-service\">Service client\u00e8le<\/h4>\n\n\n\n<p class=\"\">Pouvoirs des assistants vocaux et des syst\u00e8mes automatis\u00e9s d'assistance \u00e0 la client\u00e8le.<\/p>\n\n\n\n<h4 class=\"wp-block-heading\" id=\"marketing\">Marketing<\/h4>\n\n\n\n<p class=\"\">G\u00e9n\u00e8re des publicit\u00e9s audio et du contenu promotionnel.<\/p>\n\n\n\n<h3 class=\"wp-block-heading\" id=\"how-to-use-an-ai-voice-generator\">Comment utiliser un g\u00e9n\u00e9rateur de voix d'IA<\/h3>\n\n\n\n<ol class=\"wp-block-list\">\n<li class=\"\"><strong>Choisir un outil<\/strong>: S\u00e9lectionnez un outil tel que&nbsp;<a href=\"https:\/\/aiartfree.online\/fr\/generateur-de-voix\/\">G\u00e9n\u00e9rateur de voix AI<\/a>.<\/li>\n\n\n\n<li class=\"\"><strong>Texte d'entr\u00e9e<\/strong>: Saisissez le texte que vous souhaitez convertir en parole.<\/li>\n\n\n\n<li class=\"\"><strong>S\u00e9lectionner la voix et la langue<\/strong>: Choisissez les param\u00e8tres de voix et de langue souhait\u00e9s.<\/li>\n\n\n\n<li class=\"\"><strong>G\u00e9n\u00e9rer de l'audio<\/strong>: Cliquez sur le bouton \"g\u00e9n\u00e9rer\" pour cr\u00e9er la voix off.<\/li>\n\n\n\n<li class=\"\"><strong>T\u00e9l\u00e9charger et utiliser<\/strong>: T\u00e9l\u00e9chargez le fichier audio g\u00e9n\u00e9r\u00e9 pour votre projet.<\/li>\n<\/ol>\n\n\n\n<h3 class=\"wp-block-heading\" id=\"ai-voice-generator-usage-cases\">Cas d'utilisation du g\u00e9n\u00e9rateur de voix d'IA<\/h3>\n\n\n\n<h4 class=\"wp-block-heading\" id=\"content-creation\">Cr\u00e9ation de contenu<\/h4>\n\n\n\n<p class=\"\">Cr\u00e9ation de voix off pour des vid\u00e9os YouTube, des podcasts et d'autres contenus multim\u00e9dias.<\/p>\n\n\n\n<h4 class=\"wp-block-heading\" id=\"education-1\">L'\u00e9ducation<\/h4>\n\n\n\n<p class=\"\">G\u00e9n\u00e9rer des versions audio de manuels et de mat\u00e9riel d'apprentissage.<\/p>\n\n\n\n<h4 class=\"wp-block-heading\" id=\"business-communication\">Communication d'entreprise<\/h4>\n\n\n\n<p class=\"\">Am\u00e9liorer les syst\u00e8mes de r\u00e9ponse vocale interactive (IVR) avec des voix r\u00e9alistes.<\/p>\n\n\n\n<h4 class=\"wp-block-heading\" id=\"marketing-2\">Marketing<\/h4>\n\n\n\n<p class=\"\">Produire des publicit\u00e9s audio pour diff\u00e9rentes plateformes.<\/p>\n\n\n\n<h3 class=\"wp-block-heading\" id=\"top-10-ai-voice-generator-tools\">Les 10 meilleurs outils de g\u00e9n\u00e9ration de voix d'IA<\/h3>\n\n\n\n<figure class=\"wp-block-table\"><table class=\"has-fixed-layout\"><thead><tr><th>Outil<\/th><th>Caract\u00e9ristiques<\/th><th>Avantages<\/th><th>D\u00e9fis<\/th><th>URL<\/th><\/tr><\/thead><tbody><tr><td><strong>G\u00e9n\u00e9rateur de voix AI<\/strong><\/td><td>100% Gratuit, sans inscription, voix de haute qualit\u00e9<\/td><td>Utilisation illimit\u00e9e, facile \u00e0 utiliser<\/td><td>Fonctionnalit\u00e9s avanc\u00e9es limit\u00e9es<\/td><td><a href=\"https:\/\/aiartfree.online\/fr\/generateur-de-voix\/\">aiartfree.online\/ai-voice-generator<\/a><\/td><\/tr><tr><td><strong>Google Text-to-Speech<\/strong><\/td><td>Prise en charge de plusieurs langues et accents<\/td><td>Production de haute qualit\u00e9<\/td><td>Compte Google requis<\/td><td>cloud.google.com\/text-to-speech<\/td><\/tr><tr><td><strong>Amazon Polly<\/strong><\/td><td>Large \u00e9ventail de voix, traitement en temps r\u00e9el<\/td><td>\u00c9volutivit\u00e9<\/td><td>Les co\u00fbts peuvent s'additionner<\/td><td>aws.amazon.com\/polly<\/td><\/tr><tr><td><strong>IBM Watson Text to Speech<\/strong><\/td><td>Voix personnalisables, haute qualit\u00e9<\/td><td>Fonctionnalit\u00e9s avanc\u00e9es<\/td><td>Structure des prix<\/td><td>ibm.com\/cloud\/watson-text-to-speech<\/td><\/tr><tr><td><strong>Microsoft Azure TTS<\/strong><\/td><td>Voix neuronales, prise en charge \u00e9tendue des langues<\/td><td>Int\u00e9gration avec les services Azure<\/td><td>Tarification<\/td><td>azure.microsoft.com\/services\/cognitive-services\/text-to-speech<\/td><\/tr><tr><td><strong>iSpeech<\/strong><\/td><td>Facile \u00e0 utiliser, plusieurs langues<\/td><td>Version gratuite limit\u00e9e<\/td><td>&#8211;<\/td><td>ispeech.org<\/td><\/tr><tr><td><strong>ResponsiveVoice<\/strong><\/td><td>Bas\u00e9 sur le web, int\u00e9gration facile<\/td><td>Voix de base<\/td><td>Fonctionnalit\u00e9s limit\u00e9es dans la version gratuite<\/td><td>responsivevoice.org<\/td><\/tr><tr><td><strong>NaturalReader<\/strong><\/td><td>Interface simple, voix de haute qualit\u00e9<\/td><td>Acc\u00e8s hors ligne<\/td><td>Personnalisation limit\u00e9e<\/td><td>naturalreaders.com<\/td><\/tr><tr><td><strong>Balabolka<\/strong><\/td><td>Gratuit, prend en charge diff\u00e9rents formats<\/td><td>Interface de base<\/td><td>&#8211;<\/td><td>balabolka.site<\/td><\/tr><tr><td><strong>ReadSpeaker<\/strong><\/td><td>Voix personnalisables de haute qualit\u00e9<\/td><td>Fonctionnalit\u00e9s avanc\u00e9es<\/td><td>Co\u00fbt<\/td><td><a href=\"https:\/\/readspeaker.com\/\" target=\"_blank\" rel=\"noopener\">readspeaker.com<\/a><\/td><\/tr><\/tbody><\/table><\/figure>\n\n\n\n<h3 class=\"wp-block-heading\" id=\"industry-pros-and-cons\">Avantages et inconv\u00e9nients de l'industrie<\/h3>\n\n\n\n<h4 class=\"wp-block-heading\" id=\"pros\">Pour<\/h4>\n\n\n\n<ul class=\"wp-block-list\">\n<li class=\"\"><strong>Accessibilit\u00e9<\/strong>: Rend le contenu accessible aux utilisateurs malvoyants.<\/li>\n\n\n\n<li class=\"\"><strong>Efficacit\u00e9<\/strong>: Gain de temps dans la cr\u00e9ation de contenu.<\/li>\n\n\n\n<li class=\"\"><strong>Rentabilit\u00e9<\/strong>: R\u00e9duit la n\u00e9cessit\u00e9 d'avoir recours \u00e0 des acteurs vocaux humains.<\/li>\n\n\n\n<li class=\"\"><strong>\u00c9volutivit\u00e9<\/strong>: S'adapte facilement aux projets de grande envergure.<\/li>\n<\/ul>\n\n\n\n<h4 class=\"wp-block-heading\" id=\"cons\">Cons<\/h4>\n\n\n\n<ul class=\"wp-block-list\">\n<li class=\"\"><strong>Variation de la qualit\u00e9<\/strong>: La qualit\u00e9 peut varier d'un outil \u00e0 l'autre.<\/li>\n\n\n\n<li class=\"\"><strong>Limites de l'accent et de la langue<\/strong>: Tous les accents et toutes les langues ne sont pas pris en charge de la m\u00eame mani\u00e8re.<\/li>\n\n\n\n<li class=\"\"><strong>Configuration initiale<\/strong>: Certains outils n\u00e9cessitent une courbe d'apprentissage.<\/li>\n<\/ul>\n\n\n\n<h4 class=\"wp-block-heading\" id=\"advantages\">Avantages<\/h4>\n\n\n\n<ul class=\"wp-block-list\">\n<li class=\"\"><strong>Sortie de haute qualit\u00e9<\/strong>: Produit un son de qualit\u00e9 professionnelle.<\/li>\n\n\n\n<li class=\"\"><strong>Personnalisation<\/strong>: Permet de personnaliser la voix et la langue.<\/li>\n\n\n\n<li class=\"\"><strong>Int\u00e9gration<\/strong>: Peut \u00eatre int\u00e9gr\u00e9 \u00e0 diverses applications.<\/li>\n<\/ul>\n\n\n\n<h4 class=\"wp-block-heading\" id=\"challenges\">D\u00e9fis<\/h4>\n\n\n\n<ul class=\"wp-block-list\">\n<li class=\"\"><strong>Co\u00fbt<\/strong>: Les fonctions avanc\u00e9es peuvent avoir un prix.<\/li>\n\n\n\n<li class=\"\"><strong>Exigences techniques<\/strong>: Certains outils peuvent n\u00e9cessiter des connaissances techniques.<\/li>\n\n\n\n<li class=\"\"><strong>Naturel de la voix<\/strong>: Il n'est pas toujours facile d'obtenir un r\u00e9sultat parfaitement naturel.<\/li>\n<\/ul>\n\n\n\n<h4 class=\"wp-block-heading\" id=\"suggestions\">Suggestions<\/h4>\n\n\n\n<ul class=\"wp-block-list\">\n<li class=\"\"><strong>Choisir le bon outil<\/strong>: Choisissez un outil adapt\u00e9 \u00e0 vos besoins et \u00e0 votre budget.<\/li>\n\n\n\n<li class=\"\"><strong>Exp\u00e9rience<\/strong>: Testez diff\u00e9rents r\u00e9glages pour obtenir les meilleurs r\u00e9sultats.<\/li>\n\n\n\n<li class=\"\"><strong>Restez inform\u00e9<\/strong>: Restez au fait des derni\u00e8res avanc\u00e9es en mati\u00e8re de technologie vocale d'IA.<\/li>\n<\/ul>\n\n\n\n<h3 class=\"wp-block-heading\" id=\"frequently-asked-questions\">Questions fr\u00e9quemment pos\u00e9es<\/h3>\n\n\n\n<ol class=\"wp-block-list\">\n<li class=\"\"><strong>Quel est le g\u00e9n\u00e9rateur de voix d'IA que tout le monde utilise ?<\/strong><br>La plupart des gens utilisent des outils tels que Google Text-to-Speech et Amazon Polly pour la qualit\u00e9 et la fiabilit\u00e9 de leurs r\u00e9sultats.<\/li>\n\n\n\n<li class=\"\"><strong>Comment utiliser un g\u00e9n\u00e9rateur de voix d'IA ?<\/strong><br>Choisissez un outil, saisissez votre texte, s\u00e9lectionnez les param\u00e8tres de voix et de langue, g\u00e9n\u00e9rez l'audio et t\u00e9l\u00e9chargez-le.<\/li>\n\n\n\n<li class=\"\"><strong>Quel est le meilleur g\u00e9n\u00e9rateur de voix d'IA ?<\/strong><br>Le meilleur g\u00e9n\u00e9rateur de voix d'IA d\u00e9pend de vos besoins, mais les meilleures options sont AI Voice Generator, Google Text-to-Speech et Amazon Polly.<\/li>\n\n\n\n<li class=\"\"><strong>Comment g\u00e9n\u00e9rer une voix d'IA ?<\/strong><br>Utilisez un outil de g\u00e9n\u00e9ration de voix d'IA, saisissez votre texte, s\u00e9lectionnez les param\u00e8tres et g\u00e9n\u00e9rez la voix.<\/li>\n\n\n\n<li class=\"\"><strong>Comment cr\u00e9er un g\u00e9n\u00e9rateur de voix d'IA ?<\/strong><br>La cr\u00e9ation d'un g\u00e9n\u00e9rateur de voix d'IA n\u00e9cessite des comp\u00e9tences de programmation avanc\u00e9es et des connaissances en mati\u00e8re d'apprentissage automatique et de r\u00e9seaux neuronaux.<\/li>\n\n\n\n<li class=\"\"><strong>Quels sont les meilleurs g\u00e9n\u00e9rateurs de voix d'IA gratuits ?<\/strong><br>AI Voice Generator et iSpeech sont des options gratuites tr\u00e8s r\u00e9pandues.<\/li>\n\n\n\n<li class=\"\"><strong>Les g\u00e9n\u00e9rateurs de voix IA peuvent-ils lire un texte \u00e0 haute voix ?<\/strong><br>Oui, les g\u00e9n\u00e9rateurs de voix d'IA peuvent convertir un texte en parole et le lire \u00e0 haute voix.<\/li>\n<\/ol>","protected":false},"excerpt":{"rendered":"<p>Comment utiliser le g\u00e9n\u00e9rateur de voix * N'h\u00e9sitez pas \u00e0 essayer nos exemples ci-dessous si vous n'avez aucune id\u00e9e en t\u00eate * En fonction de votre vitesse Internet, le chargement du mod\u00e8le peut prendre jusqu'\u00e0 10 secondes \u2193 Le guide ultime des g\u00e9n\u00e9rateurs de voix Les g\u00e9n\u00e9rateurs de voix ont r\u00e9volutionn\u00e9 la fa\u00e7on dont nous ... <a title=\"G\u00e9n\u00e9rateur de voix AI\" class=\"read-more\" href=\"https:\/\/aiartfree.online\/fr\/generateur-de-voix\/\" aria-label=\"En savoir plus sur AI Voice Generator\">Lire la suite<\/a><\/p>","protected":false},"author":1,"featured_media":3458,"parent":0,"menu_order":0,"comment_status":"open","ping_status":"closed","template":"","meta":{"nf_dc_page":"","footnotes":""},"class_list":["post-3351","page","type-page","status-publish","has-post-thumbnail"],"jetpack_sharing_enabled":true,"_links":{"self":[{"href":"https:\/\/aiartfree.online\/fr\/wp-json\/wp\/v2\/pages\/3351","targetHints":{"allow":["GET"]}}],"collection":[{"href":"https:\/\/aiartfree.online\/fr\/wp-json\/wp\/v2\/pages"}],"about":[{"href":"https:\/\/aiartfree.online\/fr\/wp-json\/wp\/v2\/types\/page"}],"author":[{"embeddable":true,"href":"https:\/\/aiartfree.online\/fr\/wp-json\/wp\/v2\/users\/1"}],"replies":[{"embeddable":true,"href":"https:\/\/aiartfree.online\/fr\/wp-json\/wp\/v2\/comments?post=3351"}],"version-history":[{"count":0,"href":"https:\/\/aiartfree.online\/fr\/wp-json\/wp\/v2\/pages\/3351\/revisions"}],"wp:featuredmedia":[{"embeddable":true,"href":"https:\/\/aiartfree.online\/fr\/wp-json\/wp\/v2\/media\/3458"}],"wp:attachment":[{"href":"https:\/\/aiartfree.online\/fr\/wp-json\/wp\/v2\/media?parent=3351"}],"curies":[{"name":"wp","href":"https:\/\/api.w.org\/{rel}","templated":true}]}}