{"id":3340,"date":"2024-07-30T15:52:48","date_gmt":"2024-07-30T15:52:48","guid":{"rendered":"https:\/\/aiartfree.online\/?page_id=3340"},"modified":"2024-08-02T10:02:12","modified_gmt":"2024-08-02T10:02:12","slug":"transcript","status":"publish","type":"page","link":"https:\/\/aiartfree.online\/fr\/transcription\/","title":{"rendered":"Transcription"},"content":{"rendered":"<h2 class=\"wp-block-heading\" id=\"how-to-use-transcript\" style=\"font-size:23px\">Comment utiliser la transcription<\/h2>\n\n\n\n<ol class=\"wp-block-list\">\n<li class=\"\">S\u00e9lectionner <strong>Microphone<\/strong> ou <strong>Fichier audio<\/strong> ou <strong>YouTube<\/strong> \u00e0 partir de l'onglet sup\u00e9rieur<\/li>\n\n\n\n<li class=\"\">T\u00e9l\u00e9chargez votre contenu<\/li>\n\n\n\n<li class=\"\">S\u00e9lectionnez \"Retourner les horodatages\"<\/li>\n\n\n\n<li class=\"\">Cliquez sur \"Soumettre\"<\/li>\n\n\n\n<li class=\"\">Attendez, c'est \u00e7a !<\/li>\n<\/ol>\n\n\n\n<p class=\"\">* <em>Le chargement du mod\u00e8le peut prendre quelques secondes, en fonction de la vitesse de votre Internet.<\/em> \u2193<\/p>\n\n\n\n<div class=\"iframe-wrapper\" style=\"position: relative; width: 100%; height: 1400px;\">\n  <div class=\"loading\" style=\"position: absolute; top: 50px; left: 50%; transform: translate(-50%, -50%); width: 40px; height: 40px; border: 3px solid #f0f0f0; border-top: 3px solid #db7093; border-radius: 50%; animation: spin 1s linear infinite;\"><\/div>\n  <iframe loading=\"lazy\" src=\"https:\/\/sanchit-gandhi-whisper-jax.hf.space\" frameborder=\"0\" width=\"100%\" height=\"100%\" style=\"position: absolute; top: 0; left: 0; opacity: 0; transition: opacity 0.3s;\" onload=\"this.style.opacity=1;this.previousElementSibling.style.display='none';\"><\/iframe>\n<\/div>\n\n<style>\n@keyframes spin {\n  0% { transform: translate(-50%, -50%) rotate(0deg); }\n  100% { transform: translate(-50%, -50%) rotate(360deg); }\n}\n<\/style>\n\n\n\n<div style=\"height:60px\" aria-hidden=\"true\" class=\"wp-block-spacer\"><\/div>\n\n\n\n<h2 class=\"wp-block-heading\" id=\"how-to-use-transcript-services-your-ultimate-guide\">Comment utiliser les services de transcription : Votre guide ultime<\/h2>\n\n\n\n<h3 class=\"wp-block-heading\" id=\"introduction\">Introduction<\/h3>\n\n\n\n<p class=\"\">Les services de transcription ont r\u00e9volutionn\u00e9 la fa\u00e7on dont nous traitons les contenus audio et vid\u00e9o en convertissant les mots prononc\u00e9s en texte \u00e9crit. Que vous soyez \u00e9tudiant, professionnel ou cr\u00e9ateur de contenu, comprendre les tenants et les aboutissants de la transcription peut consid\u00e9rablement am\u00e9liorer votre productivit\u00e9 et votre accessibilit\u00e9.<\/p>\n\n\n\n<figure class=\"wp-block-image size-large is-resized\"><img data-recalc-dims=\"1\" data-dominant-color=\"b7aaa7\" data-has-transparency=\"false\" decoding=\"async\" width=\"1024\" height=\"640\"   loading=\"lazy\" src=\"https:\/\/i0.wp.com\/aiartfree.online\/wp-content\/uploads\/2024\/07\/WX20240730-200353%402x-1024x640.webp?resize=1024%2C640&#038;ssl=1\" alt=\"Premier service de transcription gratuit et illimit\u00e9. Pas d&#039;inscription. Convertir l&#039;audio en texte, transcription de vid\u00e9os YouTube, obtenir vos relev\u00e9s de notes du lyc\u00e9e et de l&#039;universit\u00e9 en ligne.\" class=\"wp-image-3345 not-transparent\" style=\"--dominant-color: #b7aaa7; width:578px;height:auto\" srcset=\"https:\/\/i0.wp.com\/aiartfree.online\/wp-content\/uploads\/2024\/07\/WX20240730-200353%402x.jpg?resize=1024%2C640&amp;ssl=1 1024w, https:\/\/i0.wp.com\/aiartfree.online\/wp-content\/uploads\/2024\/07\/WX20240730-200353%402x.jpg?resize=300%2C188&amp;ssl=1 300w, https:\/\/i0.wp.com\/aiartfree.online\/wp-content\/uploads\/2024\/07\/WX20240730-200353%402x.jpg?resize=768%2C480&amp;ssl=1 768w, https:\/\/i0.wp.com\/aiartfree.online\/wp-content\/uploads\/2024\/07\/WX20240730-200353%402x.jpg?resize=1536%2C960&amp;ssl=1 1536w, https:\/\/i0.wp.com\/aiartfree.online\/wp-content\/uploads\/2024\/07\/WX20240730-200353%402x.jpg?resize=18%2C12&amp;ssl=1 18w, https:\/\/i0.wp.com\/aiartfree.online\/wp-content\/uploads\/2024\/07\/WX20240730-200353%402x.jpg?resize=600%2C375&amp;ssl=1 600w, https:\/\/i0.wp.com\/aiartfree.online\/wp-content\/uploads\/2024\/07\/WX20240730-200353%402x.jpg?w=1808&amp;ssl=1 1808w\" sizes=\"auto, (max-width: 1024px) 100vw, 1024px\" \/><\/figure>\n\n\n\n<div class=\"wp-block-rank-math-toc-block\" id=\"rank-math-toc\"><h3>Table des mati\u00e8res<\/h3><nav><ul><li><a href=\"#introduction\">Introduction<\/a><\/li><li><a href=\"#what-is-transcript\">Qu'est-ce que la transcription ?<\/a><\/li><li><a href=\"#why-use-transcript-services\">Pourquoi utiliser les services de transcription ?<\/a><\/li><li><a href=\"#main-features-of-transcript-services\">Principales caract\u00e9ristiques des services de transcription<\/a><ul><li><a href=\"#100-free\">100% Gratuit<\/a><\/li><li><a href=\"#unlimited-transcription\">Transcription illimit\u00e9e<\/a><\/li><li><a href=\"#no-1-choice\">Choix n\u00b0 1<\/a><\/li><li><a href=\"#no-sign-up-required\">Pas d'inscription n\u00e9cessaire<\/a><\/li><\/ul><\/li><li><a href=\"#who-should-use-transcription-services\">Qui devrait utiliser les services de transcription ?<\/a><\/li><li><a href=\"#industries-benefiting-from-transcription-services\">Secteurs d'activit\u00e9 b\u00e9n\u00e9ficiant de services de transcription<\/a><\/li><li><a href=\"#how-to-use-transcription-services-step-by-step\">Comment utiliser les services de transcription : Pas \u00e0 pas<\/a><\/li><li><a href=\"#use-cases-of-transcription-services\">Cas d'utilisation des services de transcription<\/a><\/li><li><a href=\"#top-10-transcription-tools-and-resources\">Les 10 meilleurs outils et ressources de transcription<\/a><\/li><li><a href=\"#advantages-disadvantages-and-challenges-in-the-transcription-industry\">Avantages, inconv\u00e9nients et d\u00e9fis de l'industrie de la transcription<\/a><ul><li><a href=\"#advantages\">Avantages<\/a><\/li><li><a href=\"#disadvantages\">Inconv\u00e9nients<\/a><\/li><li><a href=\"#challenges\">D\u00e9fis<\/a><\/li><\/ul><\/li><li><a href=\"#frequently-asked-questions-faq\">Foire aux questions (FAQ)<\/a><\/li><li><a href=\"#conclusion\">Conclusion<\/a><\/li><\/ul><\/nav><\/div>\n\n\n\n<h3 class=\"wp-block-heading\" id=\"what-is-transcript\">Qu'est-ce que la transcription ?<\/h3>\n\n\n\n<p class=\"\">La transcription est le processus de conversion de la langue parl\u00e9e en texte \u00e9crit. Ce service peut \u00eatre utilis\u00e9 pour transcrire en documents lisibles diverses formes d'audio, y compris des interviews, des conf\u00e9rences, des podcasts et des vid\u00e9os.<\/p>\n\n\n\n<h3 class=\"wp-block-heading\" id=\"why-use-transcript-services\">Pourquoi utiliser les services de transcription ?<\/h3>\n\n\n\n<p class=\"\">Les services de transcription offrent de nombreux avantages :<\/p>\n\n\n\n<ul class=\"wp-block-list\">\n<li class=\"\"><strong>Accessibilit\u00e9 :<\/strong> Les transcriptions rendent le contenu accessible aux personnes souffrant de d\u00e9ficiences auditives.<\/li>\n\n\n\n<li class=\"\"><strong>Possibilit\u00e9 de recherche :<\/strong> Les documents textuels peuvent \u00eatre facilement recherch\u00e9s, index\u00e9s et r\u00e9f\u00e9renc\u00e9s.<\/li>\n\n\n\n<li class=\"\"><strong>Pr\u00e9cision :<\/strong> Les services de transcription professionnels garantissent une grande pr\u00e9cision du contenu transcrit.<\/li>\n\n\n\n<li class=\"\"><strong>Efficacit\u00e9 :<\/strong> Gain de temps par rapport \u00e0 la transcription manuelle.<\/li>\n<\/ul>\n\n\n\n<h3 class=\"wp-block-heading\" id=\"main-features-of-transcript-services\">Principales caract\u00e9ristiques des services de transcription<\/h3>\n\n\n\n<h4 class=\"wp-block-heading\" id=\"100-free\">100% Gratuit<\/h4>\n\n\n\n<p class=\"\">De nombreux services de transcription proposent des forfaits gratuits, ce qui les rend accessibles \u00e0 tous ceux qui n'ont pas de contraintes financi\u00e8res.<\/p>\n\n\n\n<h4 class=\"wp-block-heading\" id=\"unlimited-transcription\">Transcription illimit\u00e9e<\/h4>\n\n\n\n<p class=\"\">Certains services offrent des capacit\u00e9s de transcription illimit\u00e9es, permettant aux utilisateurs de transcrire autant de fichiers que n\u00e9cessaire.<\/p>\n\n\n\n<h4 class=\"wp-block-heading\" id=\"no-1-choice\">Choix n\u00b0 1<\/h4>\n\n\n\n<p class=\"\">Les principaux services de transcription sont souvent consid\u00e9r\u00e9s comme le meilleur choix en raison de leur fiabilit\u00e9, de leur pr\u00e9cision et de leur facilit\u00e9 d'utilisation.<\/p>\n\n\n\n<h4 class=\"wp-block-heading\" id=\"no-sign-up-required\">Pas d'inscription n\u00e9cessaire<\/h4>\n\n\n\n<p class=\"\">La commodit\u00e9 est un \u00e9l\u00e9ment cl\u00e9, certaines plateformes offrant des services de transcription sans qu'il soit n\u00e9cessaire de s'enregistrer.<\/p>\n\n\n\n<h3 class=\"wp-block-heading\" id=\"who-should-use-transcription-services\">Qui devrait utiliser les services de transcription ?<\/h3>\n\n\n\n<p class=\"\">Les services de transcription sont id\u00e9aux pour :<\/p>\n\n\n\n<ul class=\"wp-block-list\">\n<li class=\"\"><strong>Les \u00e9tudiants :<\/strong> Convertir les cours et les discussions en notes.<\/li>\n\n\n\n<li class=\"\"><strong>Professionnels :<\/strong> Pour la r\u00e9daction de comptes rendus de r\u00e9unions et la transcription d'entretiens.<\/li>\n\n\n\n<li class=\"\"><strong>Cr\u00e9ateurs de contenu :<\/strong> G\u00e9n\u00e9rer du contenu textuel \u00e0 partir de podcasts et de vid\u00e9os.<\/li>\n\n\n\n<li class=\"\"><strong>Chercheurs :<\/strong> Pour documenter les histoires orales et les entretiens.<\/li>\n<\/ul>\n\n\n\n<h3 class=\"wp-block-heading\" id=\"industries-benefiting-from-transcription-services\">Secteurs d'activit\u00e9 b\u00e9n\u00e9ficiant de services de transcription<\/h3>\n\n\n\n<p class=\"\">Les services de transcription sont utiles dans divers secteurs d'activit\u00e9 tels que :<\/p>\n\n\n\n<ul class=\"wp-block-list\">\n<li class=\"\"><strong>\u00c9ducation :<\/strong> Pour les transcriptions de conf\u00e9rences et la documentation de recherche.<\/li>\n\n\n\n<li class=\"\"><strong>Les m\u00e9dias :<\/strong> Transcrire des interviews et cr\u00e9er des sous-titres.<\/li>\n\n\n\n<li class=\"\"><strong>Juridique :<\/strong> Pour les transcriptions judiciaires et la documentation juridique.<\/li>\n\n\n\n<li class=\"\"><strong>Soins de sant\u00e9<\/strong> Pour la transcription de dict\u00e9es m\u00e9dicales et de dossiers de patients.<\/li>\n<\/ul>\n\n\n\n<h3 class=\"wp-block-heading\" id=\"how-to-use-transcription-services-step-by-step\">Comment utiliser les services de transcription : Pas \u00e0 pas<\/h3>\n\n\n\n<ol class=\"wp-block-list\">\n<li class=\"\"><strong>Choisissez un service :<\/strong> S\u00e9lectionnez un service de transcription adapt\u00e9 \u00e0 vos besoins. Outil recommand\u00e9 : <a href=\"https:\/\/aiartfree.online\/fr\/transcription\/\">https:\/\/aiartfree.online\/transcript<\/a>.<\/li>\n\n\n\n<li class=\"\"><strong>T\u00e9l\u00e9charger un fichier audio\/vid\u00e9o :<\/strong> T\u00e9l\u00e9chargez le fichier \u00e0 transcrire.<\/li>\n\n\n\n<li class=\"\"><strong>D\u00e9finir les pr\u00e9f\u00e9rences :<\/strong> Choisissez les param\u00e8tres souhait\u00e9s, tels que la langue, le format et toute exigence particuli\u00e8re.<\/li>\n\n\n\n<li class=\"\"><strong>Commencer la transcription :<\/strong> Lancer le processus de transcription.<\/li>\n\n\n\n<li class=\"\"><strong>R\u00e9viser et \u00e9diter :<\/strong> Une fois la transcription termin\u00e9e, relisez-la et apportez les modifications n\u00e9cessaires.<\/li>\n\n\n\n<li class=\"\"><strong>T\u00e9l\u00e9charger et utiliser :<\/strong> T\u00e9l\u00e9chargez la transcription finale pour votre usage.<\/li>\n<\/ol>\n\n\n\n<h3 class=\"wp-block-heading\" id=\"use-cases-of-transcription-services\">Cas d'utilisation des services de transcription<\/h3>\n\n\n\n<ul class=\"wp-block-list\">\n<li class=\"\"><strong>Recherche acad\u00e9mique :<\/strong> Transcription d'entretiens pour la recherche qualitative.<\/li>\n\n\n\n<li class=\"\"><strong>Cr\u00e9ation de contenu :<\/strong> G\u00e9n\u00e9rer des articles de blog et des articles \u00e0 partir de podcasts.<\/li>\n\n\n\n<li class=\"\"><strong>Documentation juridique :<\/strong> Transcription de d\u00e9positions et de proc\u00e9dures judiciaires.<\/li>\n\n\n\n<li class=\"\"><strong>R\u00e9unions d'affaires :<\/strong> R\u00e9diger des comptes rendus de r\u00e9union d\u00e9taill\u00e9s.<\/li>\n<\/ul>\n\n\n\n<h3 class=\"wp-block-heading\" id=\"top-10-transcription-tools-and-resources\">Les 10 meilleurs outils et ressources de transcription<\/h3>\n\n\n\n<p class=\"\">Voici un tableau r\u00e9capitulatif des 10 principaux outils de transcription et de leurs caract\u00e9ristiques :<\/p>\n\n\n\n<figure class=\"wp-block-table\"><table class=\"has-fixed-layout\"><thead><tr><th>Outil\/site web<\/th><th>Caract\u00e9ristiques<\/th><th>Pour<\/th><th>Cons<\/th><th>URL<\/th><\/tr><\/thead><tbody><tr><td><strong>AI Art Gratuit<\/strong><\/td><td>Transcription audio vers texte, transcription vid\u00e9o<\/td><td>Gratuit, sans inscription, illimit\u00e9<\/td><td>Personnalisation limit\u00e9e<\/td><td><a href=\"https:\/\/aiartfree.online\/fr\/transcription\/\">Lien<\/a><\/td><\/tr><tr><td><strong>TranscribeMe<\/strong><\/td><td>Transcription humaine et IA de haute pr\u00e9cision<\/td><td>Fiable, plusieurs formats<\/td><td>Service payant<\/td><td><a href=\"https:\/\/www.transcribeme.com\" target=\"_blank\" rel=\"noopener\">Lien<\/a><\/td><\/tr><tr><td><strong>Loutre.ai<\/strong><\/td><td>Transcription en temps r\u00e9el, outils de collaboration<\/td><td>Facile \u00e0 utiliser, application mobile<\/td><td>Plan gratuit limit\u00e9<\/td><td><a href=\"https:\/\/otter.ai\" target=\"_blank\" rel=\"noopener\">Lien<\/a><\/td><\/tr><tr><td><strong>Sonix<\/strong><\/td><td>Transcription automatis\u00e9e, support multilingue<\/td><td>Rapide et pr\u00e9cis<\/td><td>Abonnement obligatoire<\/td><td><a href=\"https:\/\/sonix.ai\" target=\"_blank\" rel=\"noopener\">Lien<\/a><\/td><\/tr><tr><td><strong>Rev<\/strong><\/td><td>Transcription humaine, sous-titrage<\/td><td>Haute qualit\u00e9, d\u00e9lais rapides<\/td><td>Co\u00fbteux<\/td><td><a href=\"https:\/\/www.rev.com\" target=\"_blank\" rel=\"noopener\">Lien<\/a><\/td><\/tr><tr><td><strong>Temi<\/strong><\/td><td>Transcription automatis\u00e9e \u00e0 un prix abordable<\/td><td>Rapide et convivial<\/td><td>Pas toujours exact<\/td><td><a href=\"https:\/\/www.temi.com\" target=\"_blank\" rel=\"noopener\">Lien<\/a><\/td><\/tr><tr><td><strong>Description<\/strong><\/td><td>Montage audio et vid\u00e9o, transcription<\/td><td>Polyvalent, puissant<\/td><td>Courbe d'apprentissage<\/td><td><a href=\"https:\/\/www.descript.com\" target=\"_blank\" rel=\"noopener\">Lien<\/a><\/td><\/tr><tr><td><strong>Trint<\/strong><\/td><td>Outils de transcription et d'\u00e9dition aliment\u00e9s par l'IA<\/td><td>Pr\u00e9cision, flexibilit\u00e9<\/td><td>Prix \u00e9lev\u00e9<\/td><td><a href=\"https:\/\/trint.com\" target=\"_blank\" rel=\"noopener\">Lien<\/a><\/td><\/tr><tr><td><strong>Scribe heureux<\/strong><\/td><td>Outils collaboratifs multilingues<\/td><td>Pr\u00e9cision, bonne assistance<\/td><td>Abonnement n\u00e9cessaire<\/td><td><a href=\"https:\/\/www.happyscribe.com\" target=\"_blank\" rel=\"noopener\">Lien<\/a><\/td><\/tr><tr><td><strong>Scribe<\/strong><\/td><td>Transcription manuelle et automatis\u00e9e<\/td><td>Abordable, pr\u00e9cis<\/td><td>Plan gratuit limit\u00e9<\/td><td><a href=\"https:\/\/www.scribie.com\" target=\"_blank\" rel=\"noopener\">Lien<\/a><\/td><\/tr><\/tbody><\/table><\/figure>\n\n\n\n<h3 class=\"wp-block-heading\" id=\"advantages-disadvantages-and-challenges-in-the-transcription-industry\">Avantages, inconv\u00e9nients et d\u00e9fis de l'industrie de la transcription<\/h3>\n\n\n\n<h4 class=\"wp-block-heading\" id=\"advantages\">Avantages<\/h4>\n\n\n\n<ul class=\"wp-block-list\">\n<li class=\"\"><strong>Am\u00e9lioration de l'accessibilit\u00e9 :<\/strong> Rend le contenu accessible \u00e0 tous.<\/li>\n\n\n\n<li class=\"\"><strong>Am\u00e9lioration de la productivit\u00e9 :<\/strong> Permet d'\u00e9conomiser du temps et des efforts lors de la conversion de la parole en texte.<\/li>\n\n\n\n<li class=\"\"><strong>Une meilleure documentation :<\/strong> Des comptes rendus pr\u00e9cis des r\u00e9unions, des entretiens, etc.<\/li>\n<\/ul>\n\n\n\n<h4 class=\"wp-block-heading\" id=\"disadvantages\">Inconv\u00e9nients<\/h4>\n\n\n\n<ul class=\"wp-block-list\">\n<li class=\"\"><strong>Co\u00fbt :<\/strong> Certains services peuvent \u00eatre co\u00fbteux.<\/li>\n\n\n\n<li class=\"\"><strong>Probl\u00e8mes de pr\u00e9cision :<\/strong> Les services automatis\u00e9s ne sont pas toujours exacts.<\/li>\n\n\n\n<li class=\"\"><strong>Pr\u00e9occupations en mati\u00e8re de protection de la vie priv\u00e9e :<\/strong> Le traitement d'informations sensibles peut \u00eatre une source de pr\u00e9occupation.<\/li>\n<\/ul>\n\n\n\n<h4 class=\"wp-block-heading\" id=\"challenges\">D\u00e9fis<\/h4>\n\n\n\n<ul class=\"wp-block-list\">\n<li class=\"\"><strong>Variabilit\u00e9 de la parole :<\/strong> Les accents, les dialectes et une mauvaise qualit\u00e9 audio peuvent affecter la pr\u00e9cision.<\/li>\n\n\n\n<li class=\"\"><strong>Limites techniques :<\/strong> La transcription par l'IA a encore des difficult\u00e9s avec le contexte et les homophones.<\/li>\n<\/ul>\n\n\n\n<h3 class=\"wp-block-heading\" id=\"frequently-asked-questions-faq\">Foire aux questions (FAQ)<\/h3>\n\n\n\n<ol class=\"wp-block-list\">\n<li class=\"\"><strong>O\u00f9 se produit la transcription ?<\/strong> La transcription intervient chaque fois qu'il est n\u00e9cessaire de convertir la langue parl\u00e9e en texte, souvent par le biais de services de transcription et de logiciels.<\/li>\n\n\n\n<li class=\"\"><strong>Comment obtenir les relev\u00e9s de notes de l'enseignement secondaire ?<\/strong> Vous pouvez obtenir les relev\u00e9s de notes de votre \u00e9cole secondaire en contactant le bureau administratif de votre \u00e9cole ou en acc\u00e9dant \u00e0 son portail en ligne.<\/li>\n\n\n\n<li class=\"\"><strong>Qu'est-ce que la transcription ?<\/strong> La transcription est le processus de conversion de la langue parl\u00e9e en texte \u00e9crit.<\/li>\n\n\n\n<li class=\"\"><strong>O\u00f9 a lieu la transcription ?<\/strong> La transcription s'effectue dans diff\u00e9rents contextes, notamment dans les \u00e9coles, les bureaux et les prestataires de services de transcription.<\/li>\n\n\n\n<li class=\"\"><strong>Comment obtenir un relev\u00e9 de notes d'Aeries ?<\/strong> Pour obtenir un relev\u00e9 de notes \u00e0 partir d'Aeries, connectez-vous \u00e0 votre compte Aeries, acc\u00e9dez \u00e0 la section des relev\u00e9s de notes et suivez les instructions pour demander votre relev\u00e9 de notes.<\/li>\n\n\n\n<li class=\"\"><strong>Quels sont les types de transcriptions ?<\/strong> Les types de transcriptions comprennent les transcriptions acad\u00e9miques, les transcriptions m\u00e9dicales, les transcriptions juridiques et les transcriptions m\u00e9diatiques.<\/li>\n\n\n\n<li class=\"\"><strong>Comment transcrire des vid\u00e9os YouTube ?<\/strong> Utilisez des outils tels que <a href=\"https:\/\/aiartfree.online\/fr\/transcription\/\">https:\/\/aiartfree.online\/transcript<\/a> pour t\u00e9l\u00e9charger des vid\u00e9os YouTube et obtenir des transcriptions.<\/li>\n\n\n\n<li class=\"\"><strong>Qu'est-ce qu'une transcription de l'IRS ?<\/strong> Une transcription de l'IRS est un r\u00e9sum\u00e9 des informations de votre d\u00e9claration d'imp\u00f4ts fourni par l'Internal Revenue Service.<\/li>\n\n\n\n<li class=\"\"><strong>Comment obtenir des relev\u00e9s de notes ?<\/strong> Demandez vos relev\u00e9s de notes au bureau d'enregistrement de votre \u00e9tablissement ou \u00e0 leurs services en ligne.<\/li>\n\n\n\n<li class=\"\"><strong>Qu'est-ce que la transcription ?<\/strong> Les emplois de transcription impliquent l'\u00e9coute d'enregistrements audio et la transcription de ce qui a \u00e9t\u00e9 entendu dans un format \u00e9crit.<\/li>\n<\/ol>\n\n\n\n<h3 class=\"wp-block-heading\" id=\"conclusion\">Conclusion<\/h3>\n\n\n\n<p class=\"\">Les services de transcription offrent une myriade d'avantages, allant de l'am\u00e9lioration de l'accessibilit\u00e9 \u00e0 l'accroissement de la productivit\u00e9. Avec des outils tels que <a href=\"https:\/\/aiartfree.online\/fr\/transcription\/\">https:\/\/aiartfree.online\/transcript<\/a>Vous pouvez convertir sans effort vos fichiers audio et vid\u00e9o en texte. D\u00e9couvrez les meilleurs outils, comprenez leurs caract\u00e9ristiques et choisissez le service le mieux adapt\u00e9 \u00e0 vos besoins. Commencez \u00e0 transcrire d\u00e8s aujourd'hui et exploitez tout le potentiel de votre contenu !<\/p>\n\n\n\n<p class=\"\">Visiter <a href=\"https:\/\/aiartfree.online\/fr\/transcription\/\">https:\/\/aiartfree.online\/transcript<\/a> maintenant pour b\u00e9n\u00e9ficier du meilleur service de transcription gratuit et illimit\u00e9 sans avoir \u00e0 s'inscrire !<\/p>","protected":false},"excerpt":{"rendered":"<p>How to use Transcript * Depending on your internet speed, loading the model may take a few seconds. \u2193 How to Use Transcript Services: Your Ultimate Guide Introduction Transcription services have revolutionized the way we handle audio and video content by converting spoken words into written text. Whether you&#8217;re a student, professional, or content creator, &#8230; <a title=\"Transcription\" class=\"read-more\" href=\"https:\/\/aiartfree.online\/fr\/transcription\/\" aria-label=\"En savoir plus sur Transcript\">Lire la suite<\/a><\/p>","protected":false},"author":1,"featured_media":3345,"parent":0,"menu_order":0,"comment_status":"open","ping_status":"closed","template":"","meta":{"nf_dc_page":"","footnotes":""},"class_list":["post-3340","page","type-page","status-publish","has-post-thumbnail"],"jetpack_sharing_enabled":true,"_links":{"self":[{"href":"https:\/\/aiartfree.online\/fr\/wp-json\/wp\/v2\/pages\/3340","targetHints":{"allow":["GET"]}}],"collection":[{"href":"https:\/\/aiartfree.online\/fr\/wp-json\/wp\/v2\/pages"}],"about":[{"href":"https:\/\/aiartfree.online\/fr\/wp-json\/wp\/v2\/types\/page"}],"author":[{"embeddable":true,"href":"https:\/\/aiartfree.online\/fr\/wp-json\/wp\/v2\/users\/1"}],"replies":[{"embeddable":true,"href":"https:\/\/aiartfree.online\/fr\/wp-json\/wp\/v2\/comments?post=3340"}],"version-history":[{"count":0,"href":"https:\/\/aiartfree.online\/fr\/wp-json\/wp\/v2\/pages\/3340\/revisions"}],"wp:featuredmedia":[{"embeddable":true,"href":"https:\/\/aiartfree.online\/fr\/wp-json\/wp\/v2\/media\/3345"}],"wp:attachment":[{"href":"https:\/\/aiartfree.online\/fr\/wp-json\/wp\/v2\/media?parent=3340"}],"curies":[{"name":"wp","href":"https:\/\/api.w.org\/{rel}","templated":true}]}}