{"id":3319,"date":"2024-07-30T11:47:20","date_gmt":"2024-07-30T11:47:20","guid":{"rendered":"https:\/\/aiartfree.online\/?page_id=3319"},"modified":"2025-03-07T08:27:06","modified_gmt":"2025-03-07T08:27:06","slug":"youtube-transcript","status":"publish","type":"page","link":"https:\/\/aiartfree.online\/fr\/transcription-youtube\/","title":{"rendered":"Transcription YouTube"},"content":{"rendered":"<h2 class=\"wp-block-heading\" style=\"font-size:23px\">Comment utiliser YouTube Transcript<\/h2>\n\n\n\n<ol class=\"wp-block-list\">\n<li class=\"\">S\u00e9lectionner <strong>YouTube<\/strong> \u00e0 partir de l'onglet sup\u00e9rieur<\/li>\n\n\n\n<li class=\"\">Collez votre URL YouTube<\/li>\n\n\n\n<li class=\"\">S\u00e9lectionnez \"Retourner les horodatages\"<\/li>\n\n\n\n<li class=\"\">Cliquez sur \"Soumettre\"<\/li>\n\n\n\n<li class=\"\">Attendez, c'est \u00e7a !<\/li>\n<\/ol>\n\n\n\n<figure class=\"gb-block-image gb-block-image-4dfafe81\"><a href=\"https:\/\/fas.st\/t\/XmtmoHSk\" target=\"_blank\" rel=\"noopener noreferrer\"><img data-recalc-dims=\"1\" decoding=\"async\" loading=\"lazy\" width=\"1200\" height=\"368\" class=\"gb-image gb-image-4dfafe81\" src=\"https:\/\/i0.wp.com\/aiartfree.online\/wp-content\/uploads\/2025\/03\/WX20250307-114300%402x.webp?resize=1200%2C368&#038;ssl=1\" alt=\"\" title=\"WX20250307-114300@2x\" srcset=\"https:\/\/i0.wp.com\/aiartfree.online\/wp-content\/uploads\/2025\/03\/WX20250307-114300%402x.webp?w=1900&amp;ssl=1 1900w, https:\/\/i0.wp.com\/aiartfree.online\/wp-content\/uploads\/2025\/03\/WX20250307-114300%402x.webp?resize=300%2C92&amp;ssl=1 300w, https:\/\/i0.wp.com\/aiartfree.online\/wp-content\/uploads\/2025\/03\/WX20250307-114300%402x.webp?resize=1024%2C314&amp;ssl=1 1024w, https:\/\/i0.wp.com\/aiartfree.online\/wp-content\/uploads\/2025\/03\/WX20250307-114300%402x.webp?resize=768%2C235&amp;ssl=1 768w, https:\/\/i0.wp.com\/aiartfree.online\/wp-content\/uploads\/2025\/03\/WX20250307-114300%402x.webp?resize=1536%2C471&amp;ssl=1 1536w, https:\/\/i0.wp.com\/aiartfree.online\/wp-content\/uploads\/2025\/03\/WX20250307-114300%402x.webp?resize=18%2C6&amp;ssl=1 18w, https:\/\/i0.wp.com\/aiartfree.online\/wp-content\/uploads\/2025\/03\/WX20250307-114300%402x.webp?resize=600%2C184&amp;ssl=1 600w\" sizes=\"auto, (max-width: 1200px) 100vw, 1200px\" \/><\/a><\/figure>\n\n\n\n<p class=\"\">* <em>Le chargement du mod\u00e8le peut prendre quelques secondes, en fonction de la vitesse de votre Internet.<\/em> \u2193<\/p>\n\n\n\n<style>\n  .iframe-container {\n    text-align: center;\n    border: 2px solid;\n    border-image-source: linear-gradient(to right, #16b86c, #912899);\n    border-image-slice: 1;\n    box-shadow: 0 0 10px rgba(0, 0, 0, 0.1);\n    border-radius: 15px;\n    position: relative; \/* \u4f7f loader \u7edd\u5bf9\u5b9a\u4f4d\u6709\u6548 *\/\n  }\n  .loader {\n    position: absolute;\n    top: 100px;\n    left: 50%;\n    transform: translate(-50%, -50%);\n    width: 40px;\n    height: 40px;\n    border: 4px solid #f3f3f3;\n    border-top: 4px solid #9834db;\n    border-radius: 50%;\n    animation: spin 1s linear infinite;\n  }\n  @keyframes spin {\n    0% { transform: translate(-50%, -50%) rotate(0deg); }\n    100% { transform: translate(-50%, -50%) rotate(360deg); }\n  }\n  iframe {\n    width: 100%;\n    height: 1550px;\n    border: none;\n    display: inline-block;\n    margin: 0 auto;\n    opacity: 0;\n    transition: opacity 0.3s ease;\n  }\n<\/style>\n\n<div class=\"iframe-container\">\n  <div id=\"loader\" class=\"loader\"><\/div>\n  <iframe\n    src=\"https:\/\/sanchit-gandhi-whisper-jax.hf.space\"\n    frameborder=\"0\"\n    onload=\"this.style.opacity=1;document.getElementById('loader').style.display='none';\"\n  ><\/iframe>\n<\/div>\n\n\n\n<div style=\"height:60px\" aria-hidden=\"true\" class=\"wp-block-spacer\"><\/div>\n\n\n\n<h2 class=\"wp-block-heading\">Le guide ultime pour la transcription sur YouTube<\/h2>\n\n\n\n<h3 class=\"wp-block-heading\">Table des mati\u00e8res<\/h3>\n\n\n\n<ol class=\"wp-block-list\">\n<li class=\"\"><a href=\"#introduction\">Introduction<\/a><\/li>\n\n\n\n<li class=\"\"><a href=\"#what-is-a-youtube-transcript\">Qu'est-ce qu'une transcription YouTube ?<\/a><\/li>\n\n\n\n<li class=\"\"><a href=\"#why-use-youtube-transcripts\">Pourquoi utiliser les transcriptions de YouTube ?<\/a><\/li>\n\n\n\n<li class=\"\"><a href=\"#main-features-of-youtube-transcripts\">Principales fonctionnalit\u00e9s de YouTube Transcripts<\/a>\n<ul class=\"wp-block-list\">\n<li class=\"\"><a href=\"#transcription-accuracy\">Pr\u00e9cision de la transcription<\/a><\/li>\n\n\n\n<li class=\"\"><a href=\"#time-stamped-transcripts\">Transcriptions horodat\u00e9es<\/a><\/li>\n\n\n\n<li class=\"\"><a href=\"#download-options\">T\u00e9l\u00e9charger les options<\/a><\/li>\n\n\n\n<li class=\"\"><a href=\"#editing-and-customization\">Edition et personnalisation<\/a><\/li>\n<\/ul>\n<\/li>\n\n\n\n<li class=\"\"><a href=\"#who-should-use-youtube-transcripts\">\u00c0 qui s'adresse la transcription sur YouTube ?<\/a><\/li>\n\n\n\n<li class=\"\"><a href=\"#industries-benefiting-from-youtube-transcripts\">Les secteurs d'activit\u00e9 qui b\u00e9n\u00e9ficient des transcriptions de YouTube<\/a><\/li>\n\n\n\n<li class=\"\"><a href=\"#how-to-use-youtube-transcripts\">Comment utiliser les transcriptions de YouTube<\/a><\/li>\n\n\n\n<li class=\"\"><a href=\"#use-cases-of-youtube-transcripts\">Cas d'utilisation des transcriptions de YouTube<\/a>\n<ul class=\"wp-block-list\">\n<li class=\"\"><a href=\"#content-creators\">Cr\u00e9ateurs de contenu<\/a><\/li>\n\n\n\n<li class=\"\"><a href=\"#educators\">\u00c9ducateurs<\/a><\/li>\n\n\n\n<li class=\"\"><a href=\"#marketers\">Les sp\u00e9cialistes du marketing<\/a><\/li>\n<\/ul>\n<\/li>\n\n\n\n<li class=\"\"><a href=\"#top-10-youtube-transcript-tools-and-information\">Les 10 meilleurs outils et informations pour la transcription sur YouTube<\/a><\/li>\n\n\n\n<li class=\"\"><a href=\"#advantages-disadvantages-and-challenges-in-the-industry\">Avantages, inconv\u00e9nients et d\u00e9fis de l'industrie<\/a><\/li>\n\n\n\n<li class=\"\"><a href=\"#faq\">FAQ<\/a><\/li>\n\n\n\n<li class=\"\"><a href=\"#conclusion\">Conclusion<\/a><\/li>\n<\/ol>\n\n\n\n<h3 class=\"wp-block-heading\">Introduction<\/h3>\n\n\n\n<p class=\"\">\u00c0 l'\u00e8re num\u00e9rique, l'accessibilit\u00e9 des contenus est primordiale. L'un des outils les plus utiles pour am\u00e9liorer l'accessibilit\u00e9 et l'engagement est la transcription YouTube. Ce guide explique ce qu'est une transcription YouTube, pourquoi elle est essentielle et comment l'utiliser efficacement. Nous explorerons \u00e9galement les meilleurs outils disponibles, y compris notre meilleure recommandation, <a href=\"https:\/\/aiartfree.online\/fr\/transcription-youtube\/\">https:\/\/aiartfree.online\/youtube-transcript\/<\/a>et propose une section FAQ compl\u00e8te pour r\u00e9pondre aux questions les plus courantes.<\/p>\n\n\n\n<figure class=\"wp-block-image size-full is-resized\"><img data-recalc-dims=\"1\" data-dominant-color=\"987d7b\" data-has-transparency=\"false\" decoding=\"async\" width=\"1024\" height=\"710\"   loading=\"lazy\" src=\"https:\/\/i0.wp.com\/aiartfree.online\/wp-content\/uploads\/2024\/07\/image-28-jpg.webp?resize=1024%2C710&#038;ssl=1\" alt=\"Transcription YouTube\" class=\"wp-image-3337 not-transparent\" style=\"--dominant-color: #987d7b; width:561px;height:auto\" srcset=\"https:\/\/i0.wp.com\/aiartfree.online\/wp-content\/uploads\/2024\/07\/image-28-jpg.webp?w=1024&amp;ssl=1 1024w, https:\/\/i0.wp.com\/aiartfree.online\/wp-content\/uploads\/2024\/07\/image-28-jpg.webp?resize=300%2C208&amp;ssl=1 300w, https:\/\/i0.wp.com\/aiartfree.online\/wp-content\/uploads\/2024\/07\/image-28-jpg.webp?resize=768%2C533&amp;ssl=1 768w, https:\/\/i0.wp.com\/aiartfree.online\/wp-content\/uploads\/2024\/07\/image-28-jpg.webp?resize=18%2C12&amp;ssl=1 18w, https:\/\/i0.wp.com\/aiartfree.online\/wp-content\/uploads\/2024\/07\/image-28-jpg.webp?resize=600%2C416&amp;ssl=1 600w\" sizes=\"auto, (max-width: 1024px) 100vw, 1024px\" \/><\/figure>\n\n\n\n<h3 class=\"wp-block-heading\">Qu'est-ce qu'une transcription YouTube ?<\/h3>\n\n\n\n<p class=\"\">Une transcription YouTube est une repr\u00e9sentation textuelle du contenu parl\u00e9 d'une vid\u00e9o YouTube. Elle reprend chaque mot prononc\u00e9, souvent avec un horodatage, ce qui permet aux spectateurs de suivre plus facilement, de rechercher un contenu sp\u00e9cifique et d'utiliser les informations de diverses mani\u00e8res.<\/p>\n\n\n\n<h3 class=\"wp-block-heading\">Pourquoi utiliser les transcriptions de YouTube ?<\/h3>\n\n\n\n<p class=\"\">L'utilisation des transcriptions de YouTube pr\u00e9sente de nombreux avantages :<\/p>\n\n\n\n<ol class=\"wp-block-list\">\n<li class=\"\"><strong>Accessibilit\u00e9<\/strong>: Les transcriptions rendent le contenu accessible aux personnes souffrant de d\u00e9ficiences auditives.<\/li>\n\n\n\n<li class=\"\"><strong>Possibilit\u00e9 de recherche<\/strong>: Les transcriptions textuelles am\u00e9liorent l'optimisation des moteurs de recherche (SEO) en rendant le contenu vid\u00e9o consultable par mots-cl\u00e9s.<\/li>\n\n\n\n<li class=\"\"><strong>R\u00e9utilisation du contenu<\/strong>: Les transcriptions peuvent \u00eatre r\u00e9utilis\u00e9es pour r\u00e9diger des billets de blog, des articles ou du contenu pour les m\u00e9dias sociaux.<\/li>\n\n\n\n<li class=\"\"><strong>Compr\u00e9hension<\/strong>: Les personnes dont ce n'est pas la langue maternelle peuvent mieux comprendre le contenu de la vid\u00e9o en lisant le texte.<\/li>\n\n\n\n<li class=\"\"><strong>Engagement<\/strong>: Les transcriptions maintiennent l'int\u00e9r\u00eat des spectateurs en leur permettant de suivre la vid\u00e9o sous forme de texte.<\/li>\n<\/ol>\n\n\n\n<h3 class=\"wp-block-heading\">Principales fonctionnalit\u00e9s de YouTube Transcripts<\/h3>\n\n\n\n<h4 class=\"wp-block-heading\">Pr\u00e9cision de la transcription<\/h4>\n\n\n\n<p class=\"\">La pr\u00e9cision de la transcription est cruciale pour l'utilit\u00e9 d'une transcription. Les meilleurs outils offrent des taux de pr\u00e9cision \u00e9lev\u00e9s, ce qui r\u00e9duit la n\u00e9cessit\u00e9 d'effectuer des corrections manuelles approfondies.<\/p>\n\n\n\n<h4 class=\"wp-block-heading\">Transcriptions horodat\u00e9es<\/h4>\n\n\n\n<p class=\"\">Les horodatages permettent aux utilisateurs de naviguer facilement dans la vid\u00e9o, en acc\u00e9dant \u00e0 des parties sp\u00e9cifiques du contenu si n\u00e9cessaire.<\/p>\n\n\n\n<h4 class=\"wp-block-heading\">T\u00e9l\u00e9charger les options<\/h4>\n\n\n\n<p class=\"\">Les meilleurs outils proposent diff\u00e9rents formats de t\u00e9l\u00e9chargement (par exemple, SRT, TXT) afin d'assurer la compatibilit\u00e9 avec les diff\u00e9rentes plateformes et les diff\u00e9rents logiciels.<\/p>\n\n\n\n<h4 class=\"wp-block-heading\">Edition et personnalisation<\/h4>\n\n\n\n<p class=\"\">La possibilit\u00e9 d'\u00e9diter et de personnaliser les transcriptions garantit qu'elles r\u00e9pondent aux besoins sp\u00e9cifiques des utilisateurs, comme l'ajout de notes ou la correction d'inexactitudes.<\/p>\n\n\n\n<h3 class=\"wp-block-heading\">\u00c0 qui s'adresse la transcription sur YouTube ?<\/h3>\n\n\n\n<ul class=\"wp-block-list\">\n<li class=\"\"><strong>Cr\u00e9ateurs de contenu<\/strong>: Am\u00e9liorer le r\u00e9f\u00e9rencement et l'engagement.<\/li>\n\n\n\n<li class=\"\"><strong>\u00c9ducateurs<\/strong>: Fournir du mat\u00e9riel p\u00e9dagogique accessible.<\/li>\n\n\n\n<li class=\"\"><strong>Les sp\u00e9cialistes du marketing<\/strong>: Extraire le contenu pour les campagnes et l'analyse.<\/li>\n\n\n\n<li class=\"\"><strong>Chercheurs<\/strong>: Transcrire les entretiens et les pr\u00e9sentations pour l'analyse des donn\u00e9es.<\/li>\n\n\n\n<li class=\"\"><strong>T\u00e9l\u00e9spectateurs<\/strong>: Pour suivre les vid\u00e9os et am\u00e9liorer la compr\u00e9hension.<\/li>\n<\/ul>\n\n\n\n<h3 class=\"wp-block-heading\">Les secteurs d'activit\u00e9 qui b\u00e9n\u00e9ficient des transcriptions de YouTube<\/h3>\n\n\n\n<ul class=\"wp-block-list\">\n<li class=\"\"><strong>L'\u00e9ducation<\/strong>: Am\u00e9liorer les ressources p\u00e9dagogiques.<\/li>\n\n\n\n<li class=\"\"><strong>Marketing<\/strong>: Am\u00e9liorer la port\u00e9e et l'engagement du contenu.<\/li>\n\n\n\n<li class=\"\"><strong>Divertissement<\/strong>: Rendre le contenu accessible \u00e0 un public plus large.<\/li>\n\n\n\n<li class=\"\"><strong>Recherche<\/strong>: Faciliter l'analyse et la documentation des donn\u00e9es.<\/li>\n\n\n\n<li class=\"\"><strong>Soins de sant\u00e9<\/strong>: Transcription de conf\u00e9rences et de s\u00e9minaires m\u00e9dicaux pour le d\u00e9veloppement professionnel.<\/li>\n<\/ul>\n\n\n\n<h3 class=\"wp-block-heading\">Comment utiliser les transcriptions de YouTube<\/h3>\n\n\n\n<ol class=\"wp-block-list\">\n<li class=\"\"><strong>Outil de recherche de transcription<\/strong>: Utilisez un outil fiable comme <a href=\"https:\/\/aiartfree.online\/fr\/transcription-youtube\/\">https:\/\/aiartfree.online\/youtube-transcript\/<\/a>.<\/li>\n\n\n\n<li class=\"\"><strong>T\u00e9l\u00e9charger ou lier la vid\u00e9o<\/strong>: Fournir le lien de la vid\u00e9o YouTube.<\/li>\n\n\n\n<li class=\"\"><strong>G\u00e9n\u00e9rer une transcription<\/strong>: Permettre \u00e0 l'outil de traiter la vid\u00e9o et de g\u00e9n\u00e9rer la transcription.<\/li>\n\n\n\n<li class=\"\"><strong>Modifier et personnaliser<\/strong>: Apporter les modifications n\u00e9cessaires \u00e0 la transcription.<\/li>\n\n\n\n<li class=\"\"><strong>T\u00e9l\u00e9charger<\/strong>: Enregistrez la transcription dans le format de votre choix.<\/li>\n<\/ol>\n\n\n\n<h3 class=\"wp-block-heading\">Cas d'utilisation des transcriptions de YouTube<\/h3>\n\n\n\n<h4 class=\"wp-block-heading\">Cr\u00e9ateurs de contenu<\/h4>\n\n\n\n<p class=\"\">Les cr\u00e9ateurs de contenu peuvent utiliser les transcriptions pour am\u00e9liorer le r\u00e9f\u00e9rencement, en rendant leurs vid\u00e9os plus faciles \u00e0 d\u00e9couvrir. Les transcriptions peuvent \u00e9galement \u00eatre r\u00e9utilis\u00e9es dans des articles de blog ou du contenu pour les m\u00e9dias sociaux.<\/p>\n\n\n\n<h4 class=\"wp-block-heading\">\u00c9ducateurs<\/h4>\n\n\n\n<p class=\"\">Les \u00e9ducateurs peuvent fournir des transcriptions aux \u00e9tudiants afin d'am\u00e9liorer l'apprentissage et l'accessibilit\u00e9. Les transcriptions sont \u00e9galement utiles pour cr\u00e9er du mat\u00e9riel d'\u00e9tude et des documents de r\u00e9f\u00e9rence.<\/p>\n\n\n\n<h4 class=\"wp-block-heading\">Les sp\u00e9cialistes du marketing<\/h4>\n\n\n\n<p class=\"\">Les sp\u00e9cialistes du marketing peuvent utiliser les transcriptions pour extraire des informations cl\u00e9s pour les campagnes, cr\u00e9er des articles de blog et analyser le comportement et les pr\u00e9f\u00e9rences des consommateurs.<\/p>\n\n\n\n<h3 class=\"wp-block-heading\">Les 10 meilleurs outils et informations pour la transcription sur YouTube<\/h3>\n\n\n\n<figure class=\"wp-block-table\"><table class=\"has-fixed-layout\"><thead><tr><th>Site web<\/th><th>Avantages<\/th><th>Inconv\u00e9nients<\/th><th>D\u00e9fis<\/th><th>Suggestions<\/th><\/tr><\/thead><tbody><tr><td><a href=\"https:\/\/aiartfree.online\/fr\/transcription-youtube\/\">Transcription YouTube<\/a><\/td><td>100% Gratuit, illimit\u00e9, sans inscription, haute pr\u00e9cision<\/td><td>Soutien linguistique limit\u00e9<\/td><td>Assurer une grande pr\u00e9cision dans toutes les vid\u00e9os<\/td><td>\u00c9largir le support linguistique<\/td><\/tr><tr><td>loutre.ai<\/td><td>Pr\u00e9cision, fonctions collaboratives<\/td><td>Abonnement obligatoire<\/td><td>Gestion des co\u00fbts pour les grandes \u00e9quipes<\/td><td>Proposer des plans plus abordables<\/td><\/tr><tr><td>rev.com<\/td><td>Pr\u00e9cision professionnelle, d\u00e9lai d'ex\u00e9cution rapide<\/td><td>Co\u00fbteux pour les vid\u00e9os de longue dur\u00e9e<\/td><td>Maintenir l'accessibilit\u00e9 financi\u00e8re<\/td><td>Introduire une tarification diff\u00e9renci\u00e9e<\/td><\/tr><tr><td>temi.com<\/td><td>Abordable, convivial<\/td><td>La pr\u00e9cision peut varier<\/td><td>\u00c9quilibrer le co\u00fbt et la qualit\u00e9<\/td><td>Am\u00e9liorer la pr\u00e9cision<\/td><\/tr><tr><td>transcribeme.com<\/td><td>Haute pr\u00e9cision, transcription humaine disponible<\/td><td>Co\u00fbteux<\/td><td>Gestion des co\u00fbts de transcription<\/td><td>Offrir des remises pour les commandes en gros<\/td><\/tr><tr><td>sonix.ai<\/td><td>Rapide, s'int\u00e8gre aux logiciels d'\u00e9dition<\/td><td>Abonnement obligatoire<\/td><td>Justifier les co\u00fbts d'abonnement<\/td><td>Offrir plus d'options d'essai<\/td><\/tr><tr><td>scribie.com<\/td><td>Abordable, transcription manuelle disponible<\/td><td>Caract\u00e9ristiques limit\u00e9es<\/td><td>Am\u00e9lioration de l'ensemble des fonctionnalit\u00e9s<\/td><td>\u00c9largir les caract\u00e9ristiques<\/td><\/tr><tr><td>happyscribe.com<\/td><td>Support multilingue, Convivialit\u00e9<\/td><td>Abonnement obligatoire<\/td><td>Gestion des co\u00fbts<\/td><td>Introduire une tarification plus souple<\/td><\/tr><tr><td>descript.com<\/td><td>Fonctions d'\u00e9dition, haute pr\u00e9cision<\/td><td>Courbe d'apprentissage plus prononc\u00e9e<\/td><td>Interface conviviale<\/td><td>Simplifier l'interface<\/td><\/tr><tr><td><a href=\"https:\/\/trint.com\" target=\"_blank\" rel=\"noopener\">trint.com<\/a><\/td><td>Rapide, Outils de collaboration<\/td><td>Prix \u00e9lev\u00e9 pour les utilisateurs individuels<\/td><td>Rentabilit\u00e9<\/td><td>Proposer davantage de plans d'utilisation individuels<\/td><\/tr><\/tbody><\/table><\/figure>\n\n\n\n<h3 class=\"wp-block-heading\">Avantages, inconv\u00e9nients et d\u00e9fis de l'industrie<\/h3>\n\n\n\n<h4 class=\"wp-block-heading\">Avantages<\/h4>\n\n\n\n<ul class=\"wp-block-list\">\n<li class=\"\">Am\u00e9lioration de l'accessibilit\u00e9 et de l'engagement.<\/li>\n\n\n\n<li class=\"\">Am\u00e9lioration du r\u00e9f\u00e9rencement et de la d\u00e9couvrabilit\u00e9.<\/li>\n\n\n\n<li class=\"\">R\u00e9utilisation polyvalente du contenu.<\/li>\n<\/ul>\n\n\n\n<h4 class=\"wp-block-heading\">Inconv\u00e9nients<\/h4>\n\n\n\n<ul class=\"wp-block-list\">\n<li class=\"\">Pr\u00e9cision variable d'un outil \u00e0 l'autre.<\/li>\n\n\n\n<li class=\"\">Co\u00fbts associ\u00e9s \u00e0 des services de transcription de haute qualit\u00e9.<\/li>\n<\/ul>\n\n\n\n<h4 class=\"wp-block-heading\">D\u00e9fis<\/h4>\n\n\n\n<ul class=\"wp-block-list\">\n<li class=\"\">\u00c9quilibrer le co\u00fbt et la pr\u00e9cision.<\/li>\n\n\n\n<li class=\"\">Assurer un support multilingue et des options de personnalisation.<\/li>\n<\/ul>\n\n\n\n<h4 class=\"wp-block-heading\">Suggestions<\/h4>\n\n\n\n<ul class=\"wp-block-list\">\n<li class=\"\">\u00c9largir le soutien linguistique.<\/li>\n\n\n\n<li class=\"\">Proposer des plans tarifaires plus souples et plus abordables.<\/li>\n\n\n\n<li class=\"\">Am\u00e9liorer les interfaces utilisateurs pour une meilleure convivialit\u00e9.<\/li>\n<\/ul>\n\n\n\n<h3 class=\"wp-block-heading\">FAQ<\/h3>\n\n\n\n<ol class=\"wp-block-list\">\n<li class=\"\"><strong>Comment obtenir la transcription d'une vid\u00e9o YouTube ?<\/strong>\n<ul class=\"wp-block-list\">\n<li class=\"\">Utilisez un outil comme <a href=\"https:\/\/aiartfree.online\/fr\/transcription-youtube\/\">https:\/\/aiartfree.online\/youtube-transcript\/<\/a> pour g\u00e9n\u00e9rer facilement des transcriptions.<\/li>\n<\/ul>\n<\/li>\n\n\n\n<li class=\"\"><strong>Comment t\u00e9l\u00e9charger une transcription sur YouTube ?<\/strong>\n<ul class=\"wp-block-list\">\n<li class=\"\">Utilisez la fonction de transcription int\u00e9gr\u00e9e de YouTube ou un outil tiers pour t\u00e9l\u00e9charger la transcription.<\/li>\n<\/ul>\n<\/li>\n\n\n\n<li class=\"\"><strong>Comment obtenir une transcription d'une vid\u00e9o YouTube ?<\/strong>\n<ul class=\"wp-block-list\">\n<li class=\"\">Copiez le lien de la vid\u00e9o et utilisez un outil de transcription pour g\u00e9n\u00e9rer et t\u00e9l\u00e9charger la transcription.<\/li>\n<\/ul>\n<\/li>\n\n\n\n<li class=\"\"><strong>Comment obtenir la transcription d'une vid\u00e9o YouTube ?<\/strong>\n<ul class=\"wp-block-list\">\n<li class=\"\">Utiliser des outils en ligne tels que <a href=\"https:\/\/aiartfree.online\/fr\/\">aiartfree.online<\/a> pour faciliter la g\u00e9n\u00e9ration de transcriptions.<\/li>\n<\/ul>\n<\/li>\n\n\n\n<li class=\"\"><strong>Comment obtenir une transcription d'une vid\u00e9o YouTube ?<\/strong>\n<ul class=\"wp-block-list\">\n<li class=\"\">Collez le lien de la vid\u00e9o dans un outil de g\u00e9n\u00e9ration de transcription et t\u00e9l\u00e9chargez le r\u00e9sultat.<\/li>\n<\/ul>\n<\/li>\n\n\n\n<li class=\"\"><strong>Comment t\u00e9l\u00e9charger une transcription de YouTube ?<\/strong>\n<ul class=\"wp-block-list\">\n<li class=\"\">Utiliser des services tiers pour t\u00e9l\u00e9charger la transcription dans diff\u00e9rents formats.<\/li>\n<\/ul>\n<\/li>\n\n\n\n<li class=\"\"><strong>Comment obtenir une transcription de YouTube ?<\/strong>\n<ul class=\"wp-block-list\">\n<li class=\"\">Acc\u00e9dez \u00e0 la transcription de la vid\u00e9o par l'interm\u00e9diaire de YouTube ou utilisez des outils externes pour obtenir des fonctionnalit\u00e9s am\u00e9lior\u00e9es.<\/li>\n<\/ul>\n<\/li>\n\n\n\n<li class=\"\"><strong>Comment g\u00e9n\u00e9rer une transcription pour les vid\u00e9os YouTube ?<\/strong>\n<ul class=\"wp-block-list\">\n<li class=\"\">Utilisez les services de transcription automatique pour obtenir des r\u00e9sultats rapides et pr\u00e9cis.<\/li>\n<\/ul>\n<\/li>\n\n\n\n<li class=\"\"><strong>Comment modifier la transcription de YouTube ?<\/strong>\n<ul class=\"wp-block-list\">\n<li class=\"\">T\u00e9l\u00e9chargez la transcription et utilisez un logiciel d'\u00e9dition de texte pour apporter des modifications.<\/li>\n<\/ul>\n<\/li>\n\n\n\n<li class=\"\"><strong>Comment utiliser la transcription de YouTube ?<\/strong>\n<ul class=\"wp-block-list\">\n<li class=\"\">Suivez la vid\u00e9o, recherchez des termes sp\u00e9cifiques ou r\u00e9utilisez le contenu \u00e0 d'autres fins.<\/li>\n<\/ul>\n<\/li>\n<\/ol>\n\n\n\n<figure class=\"wp-block-image size-large is-resized\"><img data-recalc-dims=\"1\" data-dominant-color=\"888685\" data-has-transparency=\"false\" decoding=\"async\" width=\"1024\" height=\"490\"   loading=\"lazy\" src=\"https:\/\/i0.wp.com\/aiartfree.online\/wp-content\/uploads\/2024\/07\/WX20240730-201649%402x-1024x490.webp?resize=1024%2C490&#038;ssl=1\" alt=\"\" class=\"wp-image-3349 not-transparent\" style=\"--dominant-color: #888685; width:700px;height:auto\" srcset=\"https:\/\/i0.wp.com\/aiartfree.online\/wp-content\/uploads\/2024\/07\/WX20240730-201649%402x.jpg?resize=1024%2C490&amp;ssl=1 1024w, https:\/\/i0.wp.com\/aiartfree.online\/wp-content\/uploads\/2024\/07\/WX20240730-201649%402x.jpg?resize=300%2C144&amp;ssl=1 300w, https:\/\/i0.wp.com\/aiartfree.online\/wp-content\/uploads\/2024\/07\/WX20240730-201649%402x.jpg?resize=768%2C367&amp;ssl=1 768w, https:\/\/i0.wp.com\/aiartfree.online\/wp-content\/uploads\/2024\/07\/WX20240730-201649%402x.jpg?resize=1536%2C735&amp;ssl=1 1536w, https:\/\/i0.wp.com\/aiartfree.online\/wp-content\/uploads\/2024\/07\/WX20240730-201649%402x.jpg?resize=18%2C9&amp;ssl=1 18w, https:\/\/i0.wp.com\/aiartfree.online\/wp-content\/uploads\/2024\/07\/WX20240730-201649%402x.jpg?resize=600%2C287&amp;ssl=1 600w, https:\/\/i0.wp.com\/aiartfree.online\/wp-content\/uploads\/2024\/07\/WX20240730-201649%402x.jpg?w=1944&amp;ssl=1 1944w\" sizes=\"auto, (max-width: 1024px) 100vw, 1024px\" \/><\/figure>\n\n\n\n<h3 class=\"wp-block-heading\">Conclusion<\/h3>\n\n\n\n<p class=\"\">Les transcriptions de YouTube sont inestimables pour am\u00e9liorer l'accessibilit\u00e9, le r\u00e9f\u00e9rencement et la r\u00e9utilisation du contenu. En utilisant des outils fiables comme <a href=\"https:\/\/aiartfree.online\/fr\/transcription-youtube\/\">https:\/\/aiartfree.online\/youtube-transcript\/<\/a>Gr\u00e2ce \u00e0 l'outil de cr\u00e9ation de transcriptions, vous pouvez facilement g\u00e9n\u00e9rer, \u00e9diter et t\u00e9l\u00e9charger des transcriptions. Profitez de la puissance des transcriptions pour am\u00e9liorer votre contenu vid\u00e9o et atteindre un public plus large.<\/p>\n\n\n\n<p class=\"\"><\/p>","protected":false},"excerpt":{"rendered":"<p>How to use YouTube Transcript * Depending on your internet speed, loading the model may take a few seconds. \u2193 The Ultimate Guide For YouTube Transcript Table of Contents Introduction In the digital age, content accessibility is paramount. One of the most useful tools for enhancing accessibility and engagement is the YouTube transcript. This guide &#8230; <a title=\"Transcription YouTube\" class=\"read-more\" href=\"https:\/\/aiartfree.online\/fr\/transcription-youtube\/\" aria-label=\"En savoir plus sur YouTube Transcript\">Lire la suite<\/a><\/p>","protected":false},"author":1,"featured_media":3349,"parent":0,"menu_order":0,"comment_status":"open","ping_status":"closed","template":"","meta":{"nf_dc_page":"","footnotes":""},"class_list":["post-3319","page","type-page","status-publish","has-post-thumbnail"],"jetpack_sharing_enabled":true,"_links":{"self":[{"href":"https:\/\/aiartfree.online\/fr\/wp-json\/wp\/v2\/pages\/3319","targetHints":{"allow":["GET"]}}],"collection":[{"href":"https:\/\/aiartfree.online\/fr\/wp-json\/wp\/v2\/pages"}],"about":[{"href":"https:\/\/aiartfree.online\/fr\/wp-json\/wp\/v2\/types\/page"}],"author":[{"embeddable":true,"href":"https:\/\/aiartfree.online\/fr\/wp-json\/wp\/v2\/users\/1"}],"replies":[{"embeddable":true,"href":"https:\/\/aiartfree.online\/fr\/wp-json\/wp\/v2\/comments?post=3319"}],"version-history":[{"count":1,"href":"https:\/\/aiartfree.online\/fr\/wp-json\/wp\/v2\/pages\/3319\/revisions"}],"predecessor-version":[{"id":3604,"href":"https:\/\/aiartfree.online\/fr\/wp-json\/wp\/v2\/pages\/3319\/revisions\/3604"}],"wp:featuredmedia":[{"embeddable":true,"href":"https:\/\/aiartfree.online\/fr\/wp-json\/wp\/v2\/media\/3349"}],"wp:attachment":[{"href":"https:\/\/aiartfree.online\/fr\/wp-json\/wp\/v2\/media?parent=3319"}],"curies":[{"name":"wp","href":"https:\/\/api.w.org\/{rel}","templated":true}]}}