{"id":3292,"date":"2024-07-29T12:48:46","date_gmt":"2024-07-29T12:48:46","guid":{"rendered":"https:\/\/aiartfree.online\/?page_id=3292"},"modified":"2024-08-02T10:03:15","modified_gmt":"2024-08-02T10:03:15","slug":"vocal-remover","status":"publish","type":"page","link":"https:\/\/aiartfree.online\/fr\/correcteur-vocal\/","title":{"rendered":"Suppresseur de voix"},"content":{"rendered":"<h2 class=\"wp-block-heading\" id=\"how-to-use-vocal-remover\">Comment utiliser Vocal Remover<\/h2>\n\n\n\n<ol class=\"wp-block-list\">\n<li class=\"\">Choisir la m\u00e9thode de traitement<\/li>\n\n\n\n<li class=\"\">Choisir le mod\u00e8le de RV<\/li>\n\n\n\n<li class=\"\">S\u00e9lectionner la taille de la fen\u00eatre<\/li>\n\n\n\n<li class=\"\">T\u00e9l\u00e9chargez ou d\u00e9posez votre fichier audio<\/li>\n\n\n\n<li class=\"\">Cliquez sur \"D\u00e9marrer le traitement\"<\/li>\n\n\n\n<li class=\"\">Attendez, c'est \u00e7a !<\/li>\n<\/ol>\n\n\n\n<p class=\"\"><em>* Le chargement du mod\u00e8le peut prendre quelques secondes en fonction de la vitesse de l'internet.<br>* Il y aura une mise en cache pendant la g\u00e9n\u00e9ration continue, et la nouvelle image appara\u00eetra apr\u00e8s environ 3 secondes.<\/em><\/p>\n\n\n\n<div class=\"iframe-wrapper\" style=\"position: relative; width: 100%; height: 1300px;\">\n  <div class=\"loading\" style=\"position: absolute; top: 50px; left: 50%; transform: translate(-50%, -50%); width: 40px; height: 40px; border: 3px solid #f0f0f0; border-top: 3px solid #db7093; border-radius: 50%; animation: spin 1s linear infinite;\"><\/div>\n  <iframe loading=\"lazy\" src=\"https:\/\/r3gm-ultimate-vocal-remover-webui.hf.space\" frameborder=\"0\" width=\"100%\" height=\"100%\" style=\"position: absolute; top: 0; left: 0; opacity: 0; transition: opacity 0.3s;\" onload=\"this.style.opacity=1;this.previousElementSibling.style.display='none';\"><\/iframe>\n<\/div>\n\n<style>\n@keyframes spin {\n  0% { transform: translate(-50%, -50%) rotate(0deg); }\n  100% { transform: translate(-50%, -50%) rotate(360deg); }\n}\n<\/style>\n\n\n\n<div style=\"height:50px\" aria-hidden=\"true\" class=\"wp-block-spacer\"><\/div>\n\n\n\n<h2 class=\"wp-block-heading\" id=\"vocal-remover-the-ultimate-guide-to-removing-vocals-from-songs\">Vocal Remover : Le guide ultime pour supprimer les voix des chansons<\/h2>\n\n\n\n<div class=\"wp-block-rank-math-toc-block\" id=\"rank-math-toc\"><h3>Table des mati\u00e8res<\/h3><nav><ul><li><a href=\"#introduction\">Introduction<\/a><\/li><li><a href=\"#what-is-a-vocal-remover\">Qu'est-ce qu'un suppresseur de voix ?<\/a><\/li><li><a href=\"#why-use-a-vocal-remover\">Pourquoi utiliser un suppresseur de voix ?<\/a><\/li><li><a href=\"#who-can-benefit-from-using-a-vocal-remover\">Qui peut b\u00e9n\u00e9ficier de l'utilisation d'un suppresseur de voix ?<\/a><\/li><li><a href=\"#top-10-vocal-remover-tools-pros-cons-advantages-challenges-and-recommendations\">Les 10 meilleurs outils d'extraction vocale : Pour, Contre, Avantages, D\u00e9fis et Recommandations<\/a><\/li><li><a href=\"#faq-frequently-asked-questions-about-vocal-removers\">FAQ : Questions fr\u00e9quemment pos\u00e9es \u00e0 propos des \u00e9liminateurs vocaux<\/a><\/li><li><a href=\"#conclusion\">Conclusion<\/a><\/li><\/ul><\/nav><\/div>\n\n\n\n<h3 class=\"wp-block-heading\" id=\"introduction\">Introduction<\/h3>\n\n\n\n<p class=\"\">L'extraction des voix des chansons peut changer la donne pour les musiciens, les producteurs et les amateurs. Qu'il s'agisse de cr\u00e9er des pistes de karaok\u00e9, de remixer des chansons ou d'extraire des voix \u00e0 des fins p\u00e9dagogiques, les extracteurs de voix peuvent rendre le processus simple et efficace. Cet article explore les tenants et les aboutissants des extracteurs de voix, pr\u00e9sente les meilleurs outils disponibles et fournit une section FAQ d\u00e9taill\u00e9e pour r\u00e9pondre aux questions les plus courantes.<\/p>\n\n\n\n<figure class=\"wp-block-image size-full is-resized\"><img data-recalc-dims=\"1\" data-dominant-color=\"58514d\" data-has-transparency=\"false\" decoding=\"async\" width=\"1024\" height=\"1024\"   loading=\"lazy\" src=\"https:\/\/i0.wp.com\/aiartfree.online\/wp-content\/uploads\/2024\/07\/image-31-2.webp?resize=1024%2C1024&#038;ssl=1\" alt=\"D\u00e9couvrez les meilleurs outils de suppression de voix pour supprimer les voix d&#039;une chanson. Explorez les options gratuites, illimit\u00e9es et sans inscription, ainsi que l&#039;outil AI Vocal Remover dot\u00e9 d&#039;une intelligence artificielle.\" class=\"wp-image-3297 not-transparent\" style=\"--dominant-color: #58514d; width:536px;height:auto\" srcset=\"https:\/\/i0.wp.com\/aiartfree.online\/wp-content\/uploads\/2024\/07\/image-31-2.webp?w=1024&amp;ssl=1 1024w, https:\/\/i0.wp.com\/aiartfree.online\/wp-content\/uploads\/2024\/07\/image-31-2.webp?resize=300%2C300&amp;ssl=1 300w, https:\/\/i0.wp.com\/aiartfree.online\/wp-content\/uploads\/2024\/07\/image-31-2.webp?resize=150%2C150&amp;ssl=1 150w, https:\/\/i0.wp.com\/aiartfree.online\/wp-content\/uploads\/2024\/07\/image-31-2.webp?resize=768%2C768&amp;ssl=1 768w, https:\/\/i0.wp.com\/aiartfree.online\/wp-content\/uploads\/2024\/07\/image-31-2.webp?resize=12%2C12&amp;ssl=1 12w, https:\/\/i0.wp.com\/aiartfree.online\/wp-content\/uploads\/2024\/07\/image-31-2.webp?resize=600%2C600&amp;ssl=1 600w, https:\/\/i0.wp.com\/aiartfree.online\/wp-content\/uploads\/2024\/07\/image-31-2.webp?resize=100%2C100&amp;ssl=1 100w\" sizes=\"auto, (max-width: 1024px) 100vw, 1024px\" \/><\/figure>\n\n\n\n<h3 class=\"wp-block-heading\" id=\"what-is-a-vocal-remover\">Qu'est-ce qu'un suppresseur de voix ?<\/h3>\n\n\n\n<p class=\"\">Un suppresseur de voix est un logiciel ou un outil qui utilise des algorithmes de traitement audio pour isoler et supprimer les voix d'une piste musicale. Ce processus implique g\u00e9n\u00e9ralement des techniques d'annulation de phase et de filtrage de fr\u00e9quence pour diff\u00e9rencier les composantes vocales et instrumentales d'une chanson.<\/p>\n\n\n\n<h3 class=\"wp-block-heading\" id=\"why-use-a-vocal-remover\">Pourquoi utiliser un suppresseur de voix ?<\/h3>\n\n\n\n<p class=\"\">L'utilisation d'un d\u00e9racineur vocal pr\u00e9sente plusieurs avantages :<\/p>\n\n\n\n<ul class=\"wp-block-list\">\n<li class=\"\"><strong>Libert\u00e9 de cr\u00e9ation :<\/strong> Permet aux musiciens et aux producteurs de cr\u00e9er des versions instrumentales ou des remix de chansons.<\/li>\n\n\n\n<li class=\"\"><strong>Pistes de karaok\u00e9 :<\/strong> Permet de cr\u00e9er des pistes karaok\u00e9 en supprimant les voix originales.<\/li>\n\n\n\n<li class=\"\"><strong>Outil d'apprentissage :<\/strong> Aide les \u00e9tudiants en musique et les chanteurs \u00e0 s'entra\u00eener en chantant sur des pistes instrumentales.<\/li>\n\n\n\n<li class=\"\"><strong>Cr\u00e9ation de contenu :<\/strong> Utile pour les cr\u00e9ateurs de contenu qui ont besoin d'une musique de fond sans voix.<\/li>\n<\/ul>\n\n\n\n<h3 class=\"wp-block-heading\" id=\"who-can-benefit-from-using-a-vocal-remover\">Qui peut b\u00e9n\u00e9ficier de l'utilisation d'un suppresseur de voix ?<\/h3>\n\n\n\n<p class=\"\">Les \u00e9liminateurs de voix sont b\u00e9n\u00e9fiques pour diff\u00e9rents groupes, notamment :<\/p>\n\n\n\n<ul class=\"wp-block-list\">\n<li class=\"\"><strong>Musiciens et producteurs :<\/strong> Pour la cr\u00e9ation de remixes et d'instrumentaux.<\/li>\n\n\n\n<li class=\"\"><strong>Les amateurs de karaok\u00e9 :<\/strong> Pour cr\u00e9er des pistes de karaok\u00e9 \u00e0 chanter.<\/li>\n\n\n\n<li class=\"\"><strong>\u00c9tudiants et enseignants en musique :<\/strong> A des fins \u00e9ducatives.<\/li>\n\n\n\n<li class=\"\"><strong>Cr\u00e9ateurs de contenu :<\/strong> Pour utiliser de la musique de fond dans des vid\u00e9os ou des pr\u00e9sentations.<\/li>\n\n\n\n<li class=\"\"><strong>DJs :<\/strong> Cr\u00e9er des m\u00e9langes et des mashups uniques.<\/li>\n<\/ul>\n\n\n\n<h3 class=\"wp-block-heading\" id=\"top-10-vocal-remover-tools-pros-cons-advantages-challenges-and-recommendations\">Les 10 meilleurs outils d'extraction vocale : Pour, Contre, Avantages, D\u00e9fis et Recommandations<\/h3>\n\n\n\n<figure class=\"wp-block-table\"><table class=\"has-fixed-layout\"><thead><tr><th>Outil\/site web<\/th><th>Pour<\/th><th>Cons<\/th><th>Avantages<\/th><th>D\u00e9fis<\/th><th>Recommandations<\/th><\/tr><\/thead><tbody><tr><td><a href=\"https:\/\/aiartfree.online\/fr\/correcteur-vocal\/\">AI Art Free Vocal Remover<\/a><\/td><td>Gratuit, illimit\u00e9, sans inscription, haute qualit\u00e9 audio<\/td><td>Options de personnalisation limit\u00e9es<\/td><td>Facile \u00e0 utiliser, aliment\u00e9 par l'IA<\/td><td>Peut ne pas prendre en charge tous les formats audio<\/td><td>Id\u00e9al pour une \u00e9limination rapide et de haute qualit\u00e9 des voix<\/td><\/tr><tr><td>Noteburner AI Vocal Remover<\/td><td>Extraction vocale de haute qualit\u00e9, interface conviviale<\/td><td>Achat obligatoire apr\u00e8s la p\u00e9riode d'essai<\/td><td>Algorithmes d'IA avanc\u00e9s, bon support client<\/td><td>Co\u00fbt plus \u00e9lev\u00e9 que celui d'autres outils<\/td><td>Id\u00e9al pour les professionnels \u00e0 la recherche d'une \u00e9limination pr\u00e9cise de la voix<\/td><\/tr><tr><td>PhonicMind<\/td><td>Prise en charge de diff\u00e9rents formats, capacit\u00e9s de traitement par lots<\/td><td>Service payant<\/td><td>S\u00e9paration pr\u00e9cise des voix et des instruments<\/td><td>N\u00e9cessite une forte connexion internet<\/td><td>Id\u00e9al pour le traitement par lots et la haute pr\u00e9cision<\/td><\/tr><tr><td>Lalal.ai<\/td><td>Etapes simples, aucune installation de logiciel n'est n\u00e9cessaire<\/td><td>Utilisation gratuite limit\u00e9e<\/td><td>Traitement rapide, prise en charge des fichiers audio et vid\u00e9o<\/td><td>Limit\u00e9 aux pistes courtes dans la version gratuite<\/td><td>Convient aux utilisateurs qui ont besoin d'une \u00e9limination rapide et directe de la voix.<\/td><\/tr><tr><td>Audacity<\/td><td>Gratuit et open-source, Nombreuses possibilit\u00e9s d'\u00e9dition audio<\/td><td>Courbe d'apprentissage plus prononc\u00e9e, processus manuel<\/td><td>Personnalisable, supporte plusieurs formats<\/td><td>N\u00e9cessite des connaissances techniques<\/td><td>Id\u00e9al pour les utilisateurs qui ont besoin de fonctions d'\u00e9dition audio avanc\u00e9es<\/td><\/tr><tr><td>Spleeter<\/td><td>Open-source, bas\u00e9 sur Python, hautement personnalisable<\/td><td>N\u00e9cessite une expertise technique, outil en ligne de commande<\/td><td>Algorithmes d'IA puissants, gratuits<\/td><td>L'installation et la configuration peuvent \u00eatre complexes<\/td><td>Id\u00e9al pour les utilisateurs et les d\u00e9veloppeurs avertis<\/td><\/tr><tr><td>VocalRemover.org<\/td><td>Outil en ligne gratuit, interface conviviale<\/td><td>Limit\u00e9 \u00e0 l'utilisation en ligne, les publicit\u00e9s peuvent \u00eatre intrusives<\/td><td>Rapide et facile \u00e0 utiliser, aucun t\u00e9l\u00e9chargement de logiciel n'est n\u00e9cessaire<\/td><td>La qualit\u00e9 audio peut varier en fonction de la piste<\/td><td>Parfait pour les utilisateurs occasionnels et les t\u00e2ches rapides<\/td><\/tr><tr><td><a href=\"http:\/\/X-Minus.pro\" target=\"_blank\" data-type=\"link\" data-id=\"X-Minus.pro\" rel=\"noreferrer noopener\">X-Minus.pro<\/a><\/td><td>Sortie de haute qualit\u00e9, Prise en charge de plusieurs langues<\/td><td>Sur abonnement<\/td><td>Haute pr\u00e9cision, traitement par lots<\/td><td>N\u00e9cessite un abonnement pour b\u00e9n\u00e9ficier de toutes les fonctionnalit\u00e9s<\/td><td>Id\u00e9al pour les utilisateurs fr\u00e9quents qui ont besoin d'une qualit\u00e9 constante<\/td><\/tr><tr><td>Karaok\u00e9 n'importe quoi<\/td><td>Logiciel gratuit, Interface simple<\/td><td>Fonctionnalit\u00e9s limit\u00e9es, Windows uniquement<\/td><td>Facile \u00e0 utiliser, efficace pour l'\u00e9limination de la voix de base<\/td><td>Uniquement disponible sous Windows<\/td><td>Bon pour les d\u00e9butants<\/td><\/tr><tr><td>Editeur audio WavePad<\/td><td>Suite compl\u00e8te d'\u00e9dition audio, prise en charge de plusieurs formats<\/td><td>Logiciel payant<\/td><td>Polyvalent, inclut de nombreux effets audio<\/td><td>Peut \u00eatre accablant pour les nouveaux utilisateurs<\/td><td>Excellent pour les utilisateurs qui ont besoin d'une suite d'\u00e9dition audio compl\u00e8te<\/td><\/tr><\/tbody><\/table><\/figure>\n\n\n\n<h3 class=\"wp-block-heading\" id=\"faq-frequently-asked-questions-about-vocal-removers\">FAQ : Questions fr\u00e9quemment pos\u00e9es \u00e0 propos des \u00e9liminateurs vocaux<\/h3>\n\n\n\n<ol class=\"wp-block-list\">\n<li class=\"\"><strong>Comment supprimer les voix d'une chanson ?<\/strong>\n<ul class=\"wp-block-list\">\n<li class=\"\">Vous pouvez utiliser des outils de suppression de voix comme AI Art Free Vocal Remover ou Audacity pour isoler et supprimer les voix d'une piste.<\/li>\n<\/ul>\n<\/li>\n\n\n\n<li class=\"\"><strong>Comment supprimer les voix d'une chanson ?<\/strong>\n<ul class=\"wp-block-list\">\n<li class=\"\">La plupart des outils utilisent des techniques d'annulation de phase et de filtrage de fr\u00e9quence pour supprimer les voix. Il suffit de t\u00e9l\u00e9charger votre piste et de suivre les instructions de l'outil.<\/li>\n<\/ul>\n<\/li>\n\n\n\n<li class=\"\"><strong>Comment supprimer les voix d'une chanson ?<\/strong>\n<ul class=\"wp-block-list\">\n<li class=\"\">Choisissez un outil de suppression des voix, t\u00e9l\u00e9chargez votre fichier audio et laissez l'outil traiter le fichier pour supprimer les voix.<\/li>\n<\/ul>\n<\/li>\n\n\n\n<li class=\"\"><strong>Comment supprimer les voix d'une piste ?<\/strong>\n<ul class=\"wp-block-list\">\n<li class=\"\">Utilisez un logiciel comme Noteburner AI Vocal Remover ou des outils en ligne comme Lalal.ai pour traiter et supprimer les voix de votre piste.<\/li>\n<\/ul>\n<\/li>\n\n\n\n<li class=\"\"><strong>Comment supprimer les voix de la musique ?<\/strong>\n<ul class=\"wp-block-list\">\n<li class=\"\">Des outils tels que PhonicMind et VocalRemover.org permettent de supprimer facilement les voix des pistes musicales en ligne.<\/li>\n<\/ul>\n<\/li>\n\n\n\n<li class=\"\"><strong>Est-il possible de supprimer compl\u00e8tement les voix d'une chanson ?<\/strong>\n<ul class=\"wp-block-list\">\n<li class=\"\">Bien qu'il soit difficile de supprimer compl\u00e8tement les voix sans affecter la qualit\u00e9 audio, des outils avanc\u00e9s permettent d'obtenir une grande pr\u00e9cision.<\/li>\n<\/ul>\n<\/li>\n\n\n\n<li class=\"\"><strong>Quel est le meilleur d\u00e9tachant vocal ?<\/strong>\n<ul class=\"wp-block-list\">\n<li class=\"\">Le meilleur outil de suppression vocale d\u00e9pend de vos besoins. AI Art Free Vocal Remover est parfait pour une utilisation rapide, tandis que Noteburner AI Vocal Remover est excellent pour les professionnels.<\/li>\n<\/ul>\n<\/li>\n\n\n\n<li class=\"\"><strong>Les extracteurs de voix peuvent-ils s\u00e9parer avec pr\u00e9cision les voix de la musique de fond ?<\/strong>\n<ul class=\"wp-block-list\">\n<li class=\"\">Oui, de nombreux extracteurs de voix, en particulier ceux qui utilisent des algorithmes d'intelligence artificielle, peuvent s\u00e9parer avec pr\u00e9cision les voix de la musique de fond.<\/li>\n<\/ul>\n<\/li>\n\n\n\n<li class=\"\"><strong>Existe-t-il des outils gratuits de suppression des voix ?<\/strong>\n<ul class=\"wp-block-list\">\n<li class=\"\">Oui, des outils tels que VocalRemover.org et Audacity offrent des options gratuites pour supprimer les voix des chansons.<\/li>\n<\/ul>\n<\/li>\n\n\n\n<li class=\"\"><strong>Les suppresseurs de voix fonctionnent-ils sur tous les fichiers audio ?<\/strong>\n<ul class=\"wp-block-list\">\n<li class=\"\">La plupart des suppresseurs de voix prennent en charge les formats audio courants, mais leur efficacit\u00e9 peut varier en fonction de la qualit\u00e9 et de la complexit\u00e9 de la piste.<\/li>\n<\/ul>\n<\/li>\n<\/ol>\n\n\n\n<h3 class=\"wp-block-heading\" id=\"conclusion\">Conclusion<\/h3>\n\n\n\n<p class=\"\">Les extracteurs de voix sont des outils pr\u00e9cieux pour les musiciens, les producteurs et les cr\u00e9ateurs de contenu. Avec le bon outil, vous pouvez facilement cr\u00e9er des versions instrumentales, des remixes et des pistes de karaok\u00e9. Ce guide pr\u00e9sente une vue d'ensemble des meilleurs outils de suppression vocale disponibles, ainsi que leurs avantages, leurs inconv\u00e9nients et leurs recommandations, afin de vous aider \u00e0 faire un choix \u00e9clair\u00e9.<\/p>","protected":false},"excerpt":{"rendered":"<p>Comment utiliser Vocal Remover * En fonction de votre vitesse Internet, le chargement du mod\u00e8le peut prendre quelques secondes. * Il y aura une mise en cache pendant la g\u00e9n\u00e9ration continue, et la nouvelle image appara\u00eetra apr\u00e8s environ 3 secondes. Vocal Remover : Le guide ultime pour supprimer les voix des chansons Introduction Supprimer les voix des chansons peut changer la donne pour ... <a title=\"Suppresseur de voix\" class=\"read-more\" href=\"https:\/\/aiartfree.online\/fr\/correcteur-vocal\/\" aria-label=\"En savoir plus sur Vocal Remover\">Lire la suite<\/a><\/p>","protected":false},"author":1,"featured_media":3297,"parent":0,"menu_order":0,"comment_status":"closed","ping_status":"closed","template":"","meta":{"nf_dc_page":"","footnotes":""},"class_list":["post-3292","page","type-page","status-publish","has-post-thumbnail"],"jetpack_sharing_enabled":true,"_links":{"self":[{"href":"https:\/\/aiartfree.online\/fr\/wp-json\/wp\/v2\/pages\/3292","targetHints":{"allow":["GET"]}}],"collection":[{"href":"https:\/\/aiartfree.online\/fr\/wp-json\/wp\/v2\/pages"}],"about":[{"href":"https:\/\/aiartfree.online\/fr\/wp-json\/wp\/v2\/types\/page"}],"author":[{"embeddable":true,"href":"https:\/\/aiartfree.online\/fr\/wp-json\/wp\/v2\/users\/1"}],"replies":[{"embeddable":true,"href":"https:\/\/aiartfree.online\/fr\/wp-json\/wp\/v2\/comments?post=3292"}],"version-history":[{"count":0,"href":"https:\/\/aiartfree.online\/fr\/wp-json\/wp\/v2\/pages\/3292\/revisions"}],"wp:featuredmedia":[{"embeddable":true,"href":"https:\/\/aiartfree.online\/fr\/wp-json\/wp\/v2\/media\/3297"}],"wp:attachment":[{"href":"https:\/\/aiartfree.online\/fr\/wp-json\/wp\/v2\/media?parent=3292"}],"curies":[{"name":"wp","href":"https:\/\/api.w.org\/{rel}","templated":true}]}}