{"id":3281,"date":"2024-07-28T12:00:16","date_gmt":"2024-07-28T12:00:16","guid":{"rendered":"https:\/\/aiartfree.online\/?page_id=3281"},"modified":"2024-08-02T11:09:05","modified_gmt":"2024-08-02T11:09:05","slug":"watermark-remover","status":"publish","type":"page","link":"https:\/\/aiartfree.online\/fr\/suppression-du-filigrane\/","title":{"rendered":"Suppression des filigranes"},"content":{"rendered":"<h2 class=\"wp-block-heading has-text-align-center\" id=\"before-vs-after\">Avant et apr\u00e8s<\/h2>\n\n\n\n<figure class=\"gb-block-image gb-block-image-1822da1f\"><img data-recalc-dims=\"1\" decoding=\"async\" loading=\"lazy\" width=\"1024\" height=\"518\" class=\"gb-image gb-image-1822da1f\" src=\"https:\/\/i0.wp.com\/aiartfree.online\/wp-content\/uploads\/2024\/07\/WX20240729-171649%402x-1024x518.webp?resize=1024%2C518&#038;ssl=1\" alt=\"Un d\u00e9colleur de filigrane utilise l&#039;IA pour effacer les logos, les textes ou les graphiques superpos\u00e9s sur les photos ou les vid\u00e9os, restaurant ainsi le support original en supprimant les marques de propri\u00e9t\u00e9.\" title=\"WX20240729-171649@2x\" srcset=\"https:\/\/i0.wp.com\/aiartfree.online\/wp-content\/uploads\/2024\/07\/WX20240729-171649%402x-scaled.webp?resize=1024%2C518&amp;ssl=1 1024w, https:\/\/i0.wp.com\/aiartfree.online\/wp-content\/uploads\/2024\/07\/WX20240729-171649%402x-scaled.webp?resize=300%2C152&amp;ssl=1 300w, https:\/\/i0.wp.com\/aiartfree.online\/wp-content\/uploads\/2024\/07\/WX20240729-171649%402x-scaled.webp?resize=768%2C388&amp;ssl=1 768w, https:\/\/i0.wp.com\/aiartfree.online\/wp-content\/uploads\/2024\/07\/WX20240729-171649%402x-scaled.webp?resize=1536%2C777&amp;ssl=1 1536w, https:\/\/i0.wp.com\/aiartfree.online\/wp-content\/uploads\/2024\/07\/WX20240729-171649%402x-scaled.webp?resize=2048%2C1036&amp;ssl=1 2048w, https:\/\/i0.wp.com\/aiartfree.online\/wp-content\/uploads\/2024\/07\/WX20240729-171649%402x-scaled.webp?resize=18%2C9&amp;ssl=1 18w, https:\/\/i0.wp.com\/aiartfree.online\/wp-content\/uploads\/2024\/07\/WX20240729-171649%402x-scaled.webp?resize=600%2C303&amp;ssl=1 600w, https:\/\/i0.wp.com\/aiartfree.online\/wp-content\/uploads\/2024\/07\/WX20240729-171649%402x-scaled.webp?w=2400&amp;ssl=1 2400w\" sizes=\"auto, (max-width: 1024px) 100vw, 1024px\" \/><\/figure>\n\n\n\n<h2 class=\"wp-block-heading\" id=\"how-to-use-watermark-remover\">Comment utiliser Watermark Remover<\/h2>\n\n\n\n<ol class=\"wp-block-list\">\n<li class=\"\">D\u00e9posez ou t\u00e9l\u00e9chargez votre image<\/li>\n\n\n\n<li class=\"\"><strong>Dessinez (pinceau) la partie de l'image que vous souhaitez supprimer.<\/strong><\/li>\n\n\n\n<li class=\"\">Cliquez sur \"Soumettre\"<\/li>\n\n\n\n<li class=\"\">Attendez, c'est \u00e7a !<\/li>\n<\/ol>\n\n\n\n<p class=\"\"><em>* Le chargement du mod\u00e8le peut prendre quelques secondes en fonction de la vitesse de l'internet.<br>* Il y aura une mise en cache pendant la g\u00e9n\u00e9ration continue, et la nouvelle image appara\u00eetra apr\u00e8s environ 3 secondes.<\/em><\/p>\n\n\n\n<div style=\"text-align: center; border: 2px solid; border-image-source: linear-gradient(to right, #16b86c, #912899); border-image-slice: 1; box-shadow: 0 0 10px rgba(0, 0, 0, 0.1); border-radius: 15px; position: relative;\">\n  <div id=\"loading\" style=\"position: absolute; top: 100px; left: 50%; transform: translate(-50%, -50%); z-index: 1000;\">\n    <div style=\"width: 50px; height: 50px; border: 5px solid #f3f3f3; border-top: 5px solid #16b86c; border-radius: 50%; animation: spin 1s linear infinite;\"><\/div>\n  <\/div>\n  <iframe loading=\"lazy\"\n    src=\"https:\/\/rooc-remove-photo-object.hf.space\"\n    frameborder=\"0\"\n    width=\"100%\"\n    height=\"2500\"\n    style=\"display: inline-block; margin: 0 auto;\"\n    onload=\"document.getElementById('loading').style.display='none';\"\n  ><\/iframe>\n<\/div>\n\n<style>\n  @keyframes spin {\n    0% { transform: rotate(0deg); }\n    100% { transform: rotate(360deg); }\n  }\n<\/style>\n\n\n\n<div style=\"height:50px\" aria-hidden=\"true\" class=\"wp-block-spacer\"><\/div>\n\n\n\n<h2 class=\"wp-block-heading\" id=\"introduction-of-watermark-remover\">Pr\u00e9sentation de Watermark Remover<\/h2>\n\n\n\n<div class=\"wp-block-rank-math-toc-block\" id=\"rank-math-toc\"><h3>Table des mati\u00e8res<\/h3><nav><ul><li><a href=\"#what-is-a-watermark-remover\">Qu'est-ce qu'un suppresseur de filigrane ?<\/a><\/li><li><a href=\"#why-use-a-watermark-remover\">Pourquoi utiliser un outil de suppression des filigranes ?<\/a><\/li><li><a href=\"#who-can-benefit-from-using-a-watermark-remover\">Qui peut b\u00e9n\u00e9ficier de l'utilisation d'un outil de suppression des filigranes ?<\/a><\/li><li><a href=\"#top-10-watermark-remover-tools-features-pros-cons-advantages-challenges-and-suggestions\">Les 10 meilleurs outils de suppression de filigrane : Caract\u00e9ristiques, avantages, inconv\u00e9nients, avantages, d\u00e9fis et suggestions<\/a><\/li><li><a href=\"#frequently-asked-questions-faq\">Foire aux questions (FAQ)<\/a><\/li><\/ul><\/nav><\/div>\n\n\n\n<h3 class=\"wp-block-heading\" id=\"what-is-a-watermark-remover\">Qu'est-ce qu'un suppresseur de filigrane ?<\/h3>\n\n\n\n<p class=\"\">Un outil de suppression de filigrane est un outil ou un logiciel con\u00e7u pour supprimer les filigranes des photos ou des vid\u00e9os. Les filigranes sont g\u00e9n\u00e9ralement des logos, du texte ou d'autres graphiques qui sont superpos\u00e9s sur des images ou des vid\u00e9os pour en indiquer la propri\u00e9t\u00e9 ou les droits d'auteur. Un outil de suppression de filigrane utilise des algorithmes avanc\u00e9s, souvent bas\u00e9s sur l'intelligence artificielle, pour identifier et effacer ces filigranes, laissant l'image ou la vid\u00e9o originale intacte.<\/p>\n\n\n\n<h3 class=\"wp-block-heading\" id=\"why-use-a-watermark-remover\">Pourquoi utiliser un outil de suppression des filigranes ?<\/h3>\n\n\n\n<p class=\"\">L'utilisation d'un outil de suppression des filigranes peut s'av\u00e9rer cruciale pour plusieurs raisons :<\/p>\n\n\n\n<ul class=\"wp-block-list\">\n<li class=\"\"><strong>Restauration<\/strong>: Aide \u00e0 restaurer le support d'origine sans aucune obstruction.<\/li>\n\n\n\n<li class=\"\"><strong>Usage professionnel<\/strong>: Indispensable aux photographes, vid\u00e9astes et concepteurs qui ont besoin d'images et de vid\u00e9os propres pour leur travail.<\/li>\n\n\n\n<li class=\"\"><strong>\u00c9dition de contenu<\/strong>: Permet aux utilisateurs de modifier et de r\u00e9utiliser les m\u00e9dias sans \u00eatre g\u00ean\u00e9s par les filigranes.<\/li>\n\n\n\n<li class=\"\"><strong>Utilisation l\u00e9gale<\/strong>: Il est important de supprimer les filigranes des m\u00e9dias dont vous avez les droits, mais qui ont \u00e9t\u00e9 marqu\u00e9s en raison d'une utilisation ou d'une distribution ant\u00e9rieure.<\/li>\n<\/ul>\n\n\n\n<h3 class=\"wp-block-heading\" id=\"who-can-benefit-from-using-a-watermark-remover\">Qui peut b\u00e9n\u00e9ficier de l'utilisation d'un outil de suppression des filigranes ?<\/h3>\n\n\n\n<p class=\"\">Diverses personnes et secteurs d'activit\u00e9 peuvent tirer profit de l'utilisation d'un d\u00e9colleur de filigrane, notamment :<\/p>\n\n\n\n<ul class=\"wp-block-list\">\n<li class=\"\"><strong>Photographes<\/strong>: Nettoyer leurs images pour la pr\u00e9sentation du portfolio.<\/li>\n\n\n\n<li class=\"\"><strong>Cr\u00e9ateurs de contenu<\/strong>: Pour cr\u00e9er du contenu sans filigrane pour les m\u00e9dias sociaux et les sites web.<\/li>\n\n\n\n<li class=\"\"><strong>Professionnels du marketing<\/strong>: Veiller \u00e0 ce que le mat\u00e9riel promotionnel soit propre et d'aspect professionnel.<\/li>\n\n\n\n<li class=\"\"><strong>\u00c9ducateurs<\/strong>: Pour utiliser des images et des vid\u00e9os dans des pr\u00e9sentations et du mat\u00e9riel p\u00e9dagogique sans distraction.<\/li>\n\n\n\n<li class=\"\"><strong>Entreprises<\/strong>: Maintenir une image professionnelle dans les supports de marketing et de marque.<\/li>\n<\/ul>\n\n\n\n<h3 class=\"wp-block-heading\" id=\"top-10-watermark-remover-tools-features-pros-cons-advantages-challenges-and-suggestions\">Les 10 meilleurs outils de suppression de filigrane : Caract\u00e9ristiques, avantages, inconv\u00e9nients, avantages, d\u00e9fis et suggestions<\/h3>\n\n\n\n<figure class=\"wp-block-table\"><table class=\"has-fixed-layout\"><thead><tr><th>Nom de l'outil<\/th><th>URL<\/th><th>Caract\u00e9ristiques<\/th><th>Pour<\/th><th>Cons<\/th><th>Avantages<\/th><th>D\u00e9fis<\/th><th>Suggestions<\/th><\/tr><\/thead><tbody><tr><td>AI Art Free Watermark Remover (suppression du filigrane)<\/td><td><a href=\"https:\/\/aiartfree.online\/fr\/suppression-du-filigrane\/\">AI Art Gratuit<\/a><\/td><td>Gratuit, illimit\u00e9, sans inscription, aliment\u00e9 par l'IA, convivial<\/td><td>Facile \u00e0 utiliser, Gratuit, Pas d'inscription n\u00e9cessaire, R\u00e9sultats de haute qualit\u00e9<\/td><td>Fonctionnalit\u00e9s avanc\u00e9es limit\u00e9es<\/td><td>Excellent pour un retrait rapide et facile<\/td><td>Peut ne pas fonctionner correctement sur des fonds complexes<\/td><td>Id\u00e9al pour les utilisateurs occasionnels souhaitant supprimer rapidement les filigranes<\/td><\/tr><tr><td>Supprimer.bg<\/td><td>Supprimer.bg<\/td><td>Photos support\u00e9es par l'IA<\/td><td>Haute pr\u00e9cision, convivialit\u00e9<\/td><td>Limit\u00e9 aux photos, Non gratuit<\/td><td>Id\u00e9al pour les photographes<\/td><td>Abonnement requis pour les fonctionnalit\u00e9s premium<\/td><td>Parfait pour les utilisateurs qui se concentrent sur les photos<\/td><\/tr><tr><td>Inpaint<\/td><td>Inpaint<\/td><td>S\u00e9lection manuelle, Prise en charge de diff\u00e9rents formats<\/td><td>Contr\u00f4le \u00e9lev\u00e9, Polyvalence<\/td><td>Le processus manuel peut prendre du temps<\/td><td>Id\u00e9al pour les travaux minutieux<\/td><td>Courbe d'apprentissage abrupte<\/td><td>Recommand\u00e9 pour les utilisateurs avanc\u00e9s<\/td><\/tr><tr><td>Apowersoft Watermark Remover<\/td><td>Apowersoft<\/td><td>Traitement par lots, Prise en charge des photos et des vid\u00e9os<\/td><td>Efficace, polyvalent<\/td><td>Abonnement n\u00e9cessaire pour b\u00e9n\u00e9ficier de toutes les fonctionnalit\u00e9s<\/td><td>Bon pour les t\u00e2ches volumineuses<\/td><td>Peut \u00eatre co\u00fbteux<\/td><td>Id\u00e9al pour les utilisateurs fr\u00e9quents ayant des besoins importants<\/td><\/tr><tr><td>HitPaw Watermark Remover<\/td><td>HitPaw<\/td><td>Prend en charge les photos et les vid\u00e9os, aliment\u00e9 par l'IA<\/td><td>Haute qualit\u00e9, Polyvalence<\/td><td>Abonnement n\u00e9cessaire pour b\u00e9n\u00e9ficier de toutes les fonctionnalit\u00e9s<\/td><td>Convient pour les photos et les vid\u00e9os<\/td><td>Peut \u00eatre co\u00fbteux<\/td><td>Id\u00e9al pour les professionnels<\/td><\/tr><tr><td>SoftOrbits Photo Stamp Remover (en anglais)<\/td><td>SoftOrbits<\/td><td>Fonctionne avec l'IA, prend en charge le traitement par lots<\/td><td>Efficace, pr\u00e9cis<\/td><td>Abonnement requis pour les fonctionnalit\u00e9s premium<\/td><td>Id\u00e9al pour les t\u00e2ches volumineuses<\/td><td>Co\u00fbteux pour les utilisateurs occasionnels<\/td><td>Recommand\u00e9 pour les utilisateurs fr\u00e9quents<\/td><\/tr><tr><td>Wondershare Fotophire<\/td><td>Fotophire<\/td><td>Prend en charge diff\u00e9rents formats, facile \u00e0 utiliser<\/td><td>Polyvalent, convivial<\/td><td>Abonnement n\u00e9cessaire pour b\u00e9n\u00e9ficier de toutes les fonctionnalit\u00e9s<\/td><td>Id\u00e9al pour les d\u00e9butants<\/td><td>Co\u00fbteux<\/td><td>Id\u00e9al pour les nouveaux utilisateurs<\/td><\/tr><tr><td>GIMP<\/td><td>GIMP<\/td><td>Gratuit, Open-source, Edition manuelle<\/td><td>Hautement personnalisable, Gratuit<\/td><td>Courbe d'apprentissage abrupte<\/td><td>Id\u00e9al pour l'\u00e9dition d\u00e9taill\u00e9e<\/td><td>Interface complexe<\/td><td>Id\u00e9al pour les utilisateurs avanc\u00e9s<\/td><\/tr><tr><td>PhotoWorks<\/td><td>PhotoWorks<\/td><td>Fonctionne avec l'IA, prend en charge diff\u00e9rents formats<\/td><td>Pr\u00e9cis, facile \u00e0 utiliser<\/td><td>Abonnement n\u00e9cessaire pour b\u00e9n\u00e9ficier de toutes les fonctionnalit\u00e9s<\/td><td>Id\u00e9al pour une utilisation d\u00e9contract\u00e9e ou professionnelle<\/td><td>Peut \u00eatre co\u00fbteux<\/td><td>Parfait pour tous les niveaux d'utilisation<\/td><\/tr><tr><td>Pixlr<\/td><td><a href=\"https:\/\/bingimagecreator.online\/\" target=\"_blank\" data-type=\"link\" data-id=\"https:\/\/bingimagecreator.online\/\" rel=\"noreferrer noopener\">Pixlr<\/a><\/td><td>Gratuit, Outil en ligne, Edition manuelle<\/td><td>Accessible, Gratuit<\/td><td>Fonctionnalit\u00e9s avanc\u00e9es limit\u00e9es<\/td><td>Bon pour les modifications rapides<\/td><td>Fonctionnalit\u00e9s limit\u00e9es<\/td><td>Id\u00e9al pour les t\u00e2ches simples et rapides<\/td><\/tr><\/tbody><\/table><\/figure>\n\n\n\n<h3 class=\"wp-block-heading\" id=\"frequently-asked-questions-faq\">Foire aux questions (FAQ)<\/h3>\n\n\n\n<ol class=\"wp-block-list\">\n<li class=\"\"><strong>Comment supprimer le filigrane d'une photo ?<\/strong>\n<ul class=\"wp-block-list\">\n<li class=\"\">Pour supprimer un filigrane d'une photo, vous pouvez utiliser des outils en ligne tels que AI Art Free Watermark Remover. Il vous suffit de t\u00e9l\u00e9charger la photo, de s\u00e9lectionner la zone du filigrane et l'outil le supprimera automatiquement.<\/li>\n<\/ul>\n<\/li>\n\n\n\n<li class=\"\"><strong>Comment supprimer le filigrane d'une vid\u00e9o ?<\/strong>\n<ul class=\"wp-block-list\">\n<li class=\"\">Utilisez des outils comme Apowersoft Watermark Remover qui prennent en charge les formats vid\u00e9o. T\u00e9l\u00e9chargez la vid\u00e9o, s\u00e9lectionnez la zone du filigrane et l'outil traitera la vid\u00e9o pour supprimer le filigrane.<\/li>\n<\/ul>\n<\/li>\n\n\n\n<li class=\"\"><strong>Existe-t-il un outil gratuit de suppression des filigranes ?<\/strong>\n<ul class=\"wp-block-list\">\n<li class=\"\">Oui, AI Art Free Watermark Remover est un outil gratuit qui permet une utilisation illimit\u00e9e sans inscription.<\/li>\n<\/ul>\n<\/li>\n\n\n\n<li class=\"\"><strong>L'IA peut-elle supprimer les filigranes ?<\/strong>\n<ul class=\"wp-block-list\">\n<li class=\"\">Oui, les outils aliment\u00e9s par l'IA comme AI Art Free Watermark Remover et Remove.bg peuvent supprimer efficacement les filigranes des images \u00e0 l'aide d'algorithmes avanc\u00e9s.<\/li>\n<\/ul>\n<\/li>\n\n\n\n<li class=\"\"><strong>Quel est le meilleur outil de suppression des filigranes pour les photos ?<\/strong>\n<ul class=\"wp-block-list\">\n<li class=\"\">AI Art Free Watermark Remover et Remove.bg comptent parmi les meilleurs outils pour supprimer les filigranes des photos en raison de leur grande pr\u00e9cision et de leur facilit\u00e9 d'utilisation.<\/li>\n<\/ul>\n<\/li>\n\n\n\n<li class=\"\"><strong>Quel est le meilleur outil de suppression des filigranes pour les vid\u00e9os ?<\/strong>\n<ul class=\"wp-block-list\">\n<li class=\"\">Apowersoft Watermark Remover et HitPaw Watermark Remover sont d'excellents choix pour supprimer les filigranes des vid\u00e9os.<\/li>\n<\/ul>\n<\/li>\n\n\n\n<li class=\"\"><strong>Existe-t-il des suppresseurs de filigrane \u00e0 usage illimit\u00e9 ?<\/strong>\n<ul class=\"wp-block-list\">\n<li class=\"\">Oui, AI Art Free Watermark Remover offre une utilisation illimit\u00e9e sans inscription ni abonnement.<\/li>\n<\/ul>\n<\/li>\n\n\n\n<li class=\"\"><strong>Comment supprimer les objets ind\u00e9sirables des images ?<\/strong>\n<ul class=\"wp-block-list\">\n<li class=\"\">Des outils comme Inpaint permettent de s\u00e9lectionner et de supprimer manuellement les objets ind\u00e9sirables des images, offrant ainsi un contr\u00f4le pr\u00e9cis sur le processus d'\u00e9dition.<\/li>\n<\/ul>\n<\/li>\n\n\n\n<li class=\"\"><strong>Existe-t-il des outils conviviaux pour supprimer les filigranes ?<\/strong>\n<ul class=\"wp-block-list\">\n<li class=\"\">Oui, des outils comme AI Art Free Watermark Remover et Wondershare Fotophire sont connus pour leurs interfaces conviviales.<\/li>\n<\/ul>\n<\/li>\n\n\n\n<li class=\"\"><strong>Les outils de suppression des filigranes permettent-ils de conserver la qualit\u00e9 d'origine ?<\/strong>\n<ul class=\"wp-block-list\">\n<li class=\"\">Des outils de haute qualit\u00e9 tels que AI Art Free Watermark Remover et HitPaw Watermark Remover sont con\u00e7us pour pr\u00e9server la qualit\u00e9 d'origine des images et des vid\u00e9os apr\u00e8s la suppression des filigranes.<\/li>\n<\/ul>\n<\/li>\n<\/ol>","protected":false},"excerpt":{"rendered":"<p>Before vs After How to use Watermark Remover *&nbsp;Depending on your internet speed, loading the model may take a few seconds.* There will be caching during continuous generation, and the new image will appear after about 3 seconds. Introduction of Watermark Remover What is a Watermark Remover? A watermark remover is a tool or software &#8230; <a title=\"Suppression des filigranes\" class=\"read-more\" href=\"https:\/\/aiartfree.online\/fr\/suppression-du-filigrane\/\" aria-label=\"En savoir plus sur Watermark Remover\">Lire la suite<\/a><\/p>","protected":false},"author":1,"featured_media":3304,"parent":0,"menu_order":0,"comment_status":"open","ping_status":"closed","template":"","meta":{"nf_dc_page":"","footnotes":""},"class_list":["post-3281","page","type-page","status-publish","has-post-thumbnail"],"jetpack_sharing_enabled":true,"_links":{"self":[{"href":"https:\/\/aiartfree.online\/fr\/wp-json\/wp\/v2\/pages\/3281","targetHints":{"allow":["GET"]}}],"collection":[{"href":"https:\/\/aiartfree.online\/fr\/wp-json\/wp\/v2\/pages"}],"about":[{"href":"https:\/\/aiartfree.online\/fr\/wp-json\/wp\/v2\/types\/page"}],"author":[{"embeddable":true,"href":"https:\/\/aiartfree.online\/fr\/wp-json\/wp\/v2\/users\/1"}],"replies":[{"embeddable":true,"href":"https:\/\/aiartfree.online\/fr\/wp-json\/wp\/v2\/comments?post=3281"}],"version-history":[{"count":0,"href":"https:\/\/aiartfree.online\/fr\/wp-json\/wp\/v2\/pages\/3281\/revisions"}],"wp:featuredmedia":[{"embeddable":true,"href":"https:\/\/aiartfree.online\/fr\/wp-json\/wp\/v2\/media\/3304"}],"wp:attachment":[{"href":"https:\/\/aiartfree.online\/fr\/wp-json\/wp\/v2\/media?parent=3281"}],"curies":[{"name":"wp","href":"https:\/\/api.w.org\/{rel}","templated":true}]}}