{"id":3270,"date":"2024-07-28T10:35:14","date_gmt":"2024-07-28T10:35:14","guid":{"rendered":"https:\/\/aiartfree.online\/?page_id=3270"},"modified":"2024-07-31T13:03:11","modified_gmt":"2024-07-31T13:03:11","slug":"ai-photo-generator","status":"publish","type":"page","link":"https:\/\/aiartfree.online\/fr\/generateur-de-photos-ai\/","title":{"rendered":"G\u00e9n\u00e9rateur de photos AI"},"content":{"rendered":"<h2 class=\"wp-block-heading has-text-align-center\">Ce que nos utilisateurs ont cr\u00e9\u00e9<\/h2>\n\n\n\n<figure class=\"gb-block-image gb-block-image-1822da1f\"><img data-recalc-dims=\"1\" decoding=\"async\" loading=\"lazy\" width=\"1200\" height=\"823\" class=\"gb-image gb-image-1822da1f\" src=\"https:\/\/i0.wp.com\/aiartfree.online\/wp-content\/uploads\/2024\/07\/WX20240731-165815%402x.jpg?resize=1200%2C823&#038;ssl=1\" alt=\"G\u00e9n\u00e9rateur de photos AI\" title=\"WX20240731-165815@2x\" srcset=\"https:\/\/i0.wp.com\/aiartfree.online\/wp-content\/uploads\/2024\/07\/WX20240731-165815%402x.jpg?w=1630&amp;ssl=1 1630w, https:\/\/i0.wp.com\/aiartfree.online\/wp-content\/uploads\/2024\/07\/WX20240731-165815%402x.jpg?resize=300%2C206&amp;ssl=1 300w, https:\/\/i0.wp.com\/aiartfree.online\/wp-content\/uploads\/2024\/07\/WX20240731-165815%402x.jpg?resize=1024%2C702&amp;ssl=1 1024w, https:\/\/i0.wp.com\/aiartfree.online\/wp-content\/uploads\/2024\/07\/WX20240731-165815%402x.jpg?resize=768%2C527&amp;ssl=1 768w, https:\/\/i0.wp.com\/aiartfree.online\/wp-content\/uploads\/2024\/07\/WX20240731-165815%402x.jpg?resize=1536%2C1054&amp;ssl=1 1536w, https:\/\/i0.wp.com\/aiartfree.online\/wp-content\/uploads\/2024\/07\/WX20240731-165815%402x.jpg?resize=18%2C12&amp;ssl=1 18w, https:\/\/i0.wp.com\/aiartfree.online\/wp-content\/uploads\/2024\/07\/WX20240731-165815%402x.jpg?resize=600%2C412&amp;ssl=1 600w\" sizes=\"auto, (max-width: 1200px) 100vw, 1200px\" \/><\/figure>\n\n\n\n<h2 class=\"wp-block-heading\">Comment utiliser AI Photo Generator<\/h2>\n\n\n\n<ol class=\"wp-block-list\">\n<li class=\"\">Saisissez votre invite ou choisissez l'un des exemples d'invites.<\/li>\n\n\n\n<li class=\"\">Cliquez sur \"G\u00e9n\u00e9rer\"<\/li>\n\n\n\n<li class=\"\">Attendez, c'est \u00e7a !<\/li>\n<\/ol>\n\n\n\n<h3 class=\"wp-block-heading has-medium-font-size\">Exemples d'invites<\/h3>\n\n\n\n<ul class=\"wp-block-list has-small-font-size\">\n<li class=\"\">belle femme, nuit, avec des \u00e9toiles, complexe, \u00e9l\u00e9gant, tr\u00e8s d\u00e9taill\u00e9, lisse, mise au point nette<\/li>\n\n\n\n<li class=\"\">belle femme, nuit, science-fiction, fantastique, complexe, \u00e9l\u00e9gante, robe bleue, magique, tr\u00e8s d\u00e9taill\u00e9, lisse, mise au point nette, illustration<\/li>\n\n\n\n<li class=\"\">belle femme \u00e0 la plage, relaxante, \u00e9th\u00e9r\u00e9e, r\u00eaveuse, en contre-jour, tr\u00e8s d\u00e9taill\u00e9e, \u00e9clairage r\u00e9aliste, mise au point nette, r\u00e8gle des tiers, hd, octane, 4k<\/li>\n\n\n\n<li class=\"\">belle femme, gros seins, domme maitresse, steampunk, timide souriant, 4k, Peu de d\u00e9tails<\/li>\n\n\n\n<li class=\"\">belle femme, nuit, avec des \u00e9toiles, complexe, \u00e9l\u00e9gant, tr\u00e8s d\u00e9taill\u00e9, lisse, mise au point nette<\/li>\n<\/ul>\n\n\n\n<p class=\"\">Utilisation&nbsp;<a href=\"https:\/\/aiartfree.online\/fr\/generateur-dinvite\/\" target=\"_blank\" data-type=\"page\" data-id=\"3164\" rel=\"noreferrer noopener\">G\u00e9n\u00e9rateur d'invites<\/a>&nbsp;pour repousser les limites de votre imagination<\/p>\n\n\n\n<p class=\"\"><em>* Le chargement du mod\u00e8le peut prendre quelques secondes en fonction de la vitesse de l'internet.<br>* Il y aura une mise en cache pendant la g\u00e9n\u00e9ration continue, et la nouvelle image appara\u00eetra apr\u00e8s environ 3 secondes.<\/em><\/p>\n\n\n\n<div class=\"iframe-wrapper\" style=\"position: relative; width: 100%; height: 950px;\">\n  <div class=\"loading\" style=\"position: absolute; top: 50px; left: 50%; transform: translate(-50%, -50%); width: 40px; height: 40px; border: 3px solid #f0f0f0; border-top: 3px solid #db7093; border-radius: 50%; animation: spin 1s linear infinite;\"><\/div>\n  <iframe loading=\"lazy\" src=\"https:\/\/playgroundai-playground-v2-5.hf.space\" frameborder=\"0\" width=\"100%\" height=\"100%\" style=\"position: absolute; top: 0; left: 0; opacity: 0; transition: opacity 0.3s;\" onload=\"this.style.opacity=1;this.previousElementSibling.style.display='none';\"><\/iframe>\n<\/div>\n\n<style>\n@keyframes spin {\n  0% { transform: translate(-50%, -50%) rotate(0deg); }\n  100% { transform: translate(-50%, -50%) rotate(360deg); }\n}\n<\/style>\n\n\n\n<div style=\"height:50px\" aria-hidden=\"true\" class=\"wp-block-spacer\"><\/div>\n\n\n\n<h2 class=\"wp-block-heading\">Introduction du g\u00e9n\u00e9rateur de photos AI<\/h2>\n\n\n\n<p class=\"\">Dans un monde num\u00e9rique en constante \u00e9volution, les g\u00e9n\u00e9rateurs de photos IA sont devenus des outils essentiels pour les artistes, les sp\u00e9cialistes du marketing et les cr\u00e9ateurs de contenu. Cet article se penche sur ce que sont les g\u00e9n\u00e9rateurs de photos d'IA, sur leur importance et sur la mani\u00e8re dont ils peuvent \u00eatre utilis\u00e9s dans diff\u00e9rents secteurs d'activit\u00e9. En outre, nous explorerons les meilleurs g\u00e9n\u00e9rateurs de photos d'IA disponibles aujourd'hui, y compris l'outil hautement recommand\u00e9 de <a href=\"https:\/\/aiartfree.online\/fr\/generateur-de-photos-ai\/\">AI Art Gratuit<\/a>.<\/p>\n\n\n\n<figure class=\"wp-block-image size-full is-resized\"><img data-recalc-dims=\"1\" data-dominant-color=\"70574e\" data-has-transparency=\"false\" decoding=\"async\" width=\"1024\" height=\"1024\"   loading=\"lazy\" src=\"https:\/\/i0.wp.com\/aiartfree.online\/wp-content\/uploads\/2024\/07\/image-30.webp?resize=1024%2C1024&#038;ssl=1\" alt=\"Dans un monde num\u00e9rique en constante \u00e9volution, les g\u00e9n\u00e9rateurs de photos IA sont devenus des outils essentiels pour les artistes, les sp\u00e9cialistes du marketing et les cr\u00e9ateurs de contenu. Cet article se penche sur ce que sont les g\u00e9n\u00e9rateurs de photos d&#039;IA, sur leur importance et sur la mani\u00e8re dont ils peuvent \u00eatre utilis\u00e9s dans diff\u00e9rents secteurs d&#039;activit\u00e9. En outre, nous explorerons les meilleurs g\u00e9n\u00e9rateurs de photos d&#039;IA disponibles aujourd&#039;hui, y compris l&#039;outil hautement recommand\u00e9 d&#039;AI Art Free.\" class=\"wp-image-3278 not-transparent\" style=\"--dominant-color: #70574e; width:436px;height:auto\" srcset=\"https:\/\/i0.wp.com\/aiartfree.online\/wp-content\/uploads\/2024\/07\/image-30.webp?w=1024&amp;ssl=1 1024w, https:\/\/i0.wp.com\/aiartfree.online\/wp-content\/uploads\/2024\/07\/image-30.webp?resize=300%2C300&amp;ssl=1 300w, https:\/\/i0.wp.com\/aiartfree.online\/wp-content\/uploads\/2024\/07\/image-30.webp?resize=150%2C150&amp;ssl=1 150w, https:\/\/i0.wp.com\/aiartfree.online\/wp-content\/uploads\/2024\/07\/image-30.webp?resize=768%2C768&amp;ssl=1 768w, https:\/\/i0.wp.com\/aiartfree.online\/wp-content\/uploads\/2024\/07\/image-30.webp?resize=12%2C12&amp;ssl=1 12w, https:\/\/i0.wp.com\/aiartfree.online\/wp-content\/uploads\/2024\/07\/image-30.webp?resize=600%2C600&amp;ssl=1 600w, https:\/\/i0.wp.com\/aiartfree.online\/wp-content\/uploads\/2024\/07\/image-30.webp?resize=100%2C100&amp;ssl=1 100w\" sizes=\"auto, (max-width: 1024px) 100vw, 1024px\" \/><\/figure>\n\n\n\n<h3 class=\"wp-block-heading\">Table des mati\u00e8res<\/h3>\n\n\n\n<ol class=\"wp-block-list\">\n<li class=\"\"><a href=\"#what-is-an-ai-photo-generator\">Qu'est-ce qu'un g\u00e9n\u00e9rateur de photos IA ?<\/a><\/li>\n\n\n\n<li class=\"\"><a href=\"#why-use-an-ai-photo-generator\">Pourquoi utiliser un g\u00e9n\u00e9rateur de photos d'IA ?<\/a><\/li>\n\n\n\n<li class=\"\"><a href=\"#who-can-benefit-from-ai-photo-generators\">Qui peut b\u00e9n\u00e9ficier des g\u00e9n\u00e9rateurs de photos par IA ?<\/a><\/li>\n\n\n\n<li class=\"\"><a href=\"#top-10-ai-photo-generators\">Les 10 meilleurs g\u00e9n\u00e9rateurs de photos AI<\/a><\/li>\n\n\n\n<li class=\"\"><a href=\"#faq\">FAQ<\/a><\/li>\n<\/ol>\n\n\n\n<h3 class=\"wp-block-heading\">Qu'est-ce qu'un g\u00e9n\u00e9rateur de photos IA ?<\/h3>\n\n\n\n<p class=\"\">Un g\u00e9n\u00e9rateur de photos d'IA, \u00e9galement connu sous le nom de g\u00e9n\u00e9rateur d'images d'IA, est un outil aliment\u00e9 par l'intelligence artificielle et l'apprentissage automatique qui convertit des invites textuelles en images uniques. Ces outils utilisent l'IA g\u00e9n\u00e9rative pour cr\u00e9er des images vivantes et vari\u00e9es \u00e0 partir des descriptions textuelles fournies par l'utilisateur.<\/p>\n\n\n\n<h3 class=\"wp-block-heading\">Pourquoi utiliser un g\u00e9n\u00e9rateur de photos d'IA ?<\/h3>\n\n\n\n<p class=\"\">Les g\u00e9n\u00e9rateurs de photos AI sont essentiels pour cr\u00e9er des images uniques rapidement et efficacement. Ils offrent de nombreux avantages :<\/p>\n\n\n\n<ul class=\"wp-block-list\">\n<li class=\"\"><strong>Cr\u00e9ativit\u00e9 :<\/strong> Ils aident \u00e0 g\u00e9n\u00e9rer des images uniques et cr\u00e9atives qui se d\u00e9marquent.<\/li>\n\n\n\n<li class=\"\"><strong>Efficacit\u00e9 :<\/strong> Ils permettent de gagner du temps en produisant instantan\u00e9ment des images de haute qualit\u00e9.<\/li>\n\n\n\n<li class=\"\"><strong>Polyvalence :<\/strong> Ils peuvent \u00eatre utilis\u00e9s \u00e0 des fins diverses, qu'il s'agisse de messages sur les m\u00e9dias sociaux ou de mat\u00e9riel de marketing.<\/li>\n<\/ul>\n\n\n\n<h3 class=\"wp-block-heading\">Qui peut b\u00e9n\u00e9ficier des g\u00e9n\u00e9rateurs de photos par IA ?<\/h3>\n\n\n\n<ul class=\"wp-block-list\">\n<li class=\"\"><strong>Les artistes :<\/strong> Pour cr\u00e9er des \u0153uvres d'art num\u00e9rique uniques.<\/li>\n\n\n\n<li class=\"\"><strong>Les sp\u00e9cialistes du marketing :<\/strong> Pour g\u00e9n\u00e9rer des images de qualit\u00e9 pour les campagnes.<\/li>\n\n\n\n<li class=\"\"><strong>Cr\u00e9ateurs de contenu :<\/strong> Pour am\u00e9liorer les articles de blog, le contenu des m\u00e9dias sociaux, etc.<\/li>\n\n\n\n<li class=\"\"><strong>Entreprises :<\/strong> Pour la conception de mat\u00e9riel de marketing, de sites web et de publicit\u00e9s.<\/li>\n<\/ul>\n\n\n\n<h3 class=\"wp-block-heading\">Les 10 meilleurs g\u00e9n\u00e9rateurs de photos AI<\/h3>\n\n\n\n<figure class=\"wp-block-table\"><table class=\"has-fixed-layout\"><thead><tr><th><strong>Outil<\/strong><\/th><th><strong>Site web<\/strong><\/th><th><strong>Avantages<\/strong><\/th><th><strong>Inconv\u00e9nients<\/strong><\/th><th><strong>D\u00e9fis<\/strong><\/th><th><strong>Suggestions<\/strong><\/th><\/tr><\/thead><tbody><tr><td><strong>AI Art Gratuit<\/strong><\/td><td><a href=\"https:\/\/aiartfree.online\/fr\/generateur-de-photos-ai\/\">aiartfree.online<\/a><\/td><td>Gratuit, facile \u00e0 utiliser, produit des images de haute qualit\u00e9<\/td><td>Personnalisation limit\u00e9e<\/td><td>N\u00e9cessite une connexion internet permanente<\/td><td>Mises \u00e0 jour r\u00e9guli\u00e8res pour am\u00e9liorer les fonctionnalit\u00e9s<\/td><\/tr><tr><td><strong>DeepArt<\/strong><\/td><td><a href=\"https:\/\/deepart.io\" target=\"_blank\" rel=\"noopener\">deepart.io<\/a><\/td><td>De superbes filtres artistiques<\/td><td>Lenteur du traitement<\/td><td>Pas toujours exact<\/td><td>Am\u00e9liorer la vitesse de traitement<\/td><\/tr><tr><td><strong>Piste ML<\/strong><\/td><td><a href=\"https:\/\/runwayml.com\" target=\"_blank\" rel=\"noopener\">runwayml.com<\/a><\/td><td>Polyvalent, de qualit\u00e9 professionnelle<\/td><td>Co\u00fbteux<\/td><td>Courbe d'apprentissage abrupte<\/td><td>Fournir des tutoriels<\/td><\/tr><tr><td><strong>Artbreeder<\/strong><\/td><td><a href=\"https:\/\/artbreeder.com\" target=\"_blank\" rel=\"noopener\">artbreeder.com<\/a><\/td><td>Des r\u00e9sultats uniques et collaboratifs<\/td><td>Version gratuite limit\u00e9e<\/td><td>L'interface peut \u00eatre complexe<\/td><td>Simplifier l'interface utilisateur<\/td><\/tr><tr><td><strong>DALL-E<\/strong><\/td><td><a href=\"https:\/\/aiartfree.online\/fr\/libre-dalle-3\/\" data-type=\"page\" data-id=\"2889\">openai.com\/dall-e<\/a><\/td><td>Des images de haute qualit\u00e9, innovantes<\/td><td>Acc\u00e8s restreint<\/td><td>Forte demande<\/td><td>Am\u00e9liorer l'accessibilit\u00e9<\/td><\/tr><tr><td><strong>G\u00e9n\u00e9rateur de r\u00eaves profonds<\/strong><\/td><td><a href=\"https:\/\/deepdreamgenerator.com\" target=\"_blank\" rel=\"noopener\">deepdreamgenerator.com<\/a><\/td><td>Images surr\u00e9alistes et artistiques<\/td><td>Peut \u00eatre abstrait<\/td><td>Ne convient pas \u00e0 tous les usages<\/td><td>Offrir plus de styles<\/td><\/tr><tr><td><strong>NightCafe<\/strong><\/td><td><a href=\"https:\/\/nightcafe.studio\" target=\"_blank\" rel=\"noopener\">nightcafe.studio<\/a><\/td><td>Facilit\u00e9 d'utilisation, fonctionnalit\u00e9s communautaires<\/td><td>Options gratuites limit\u00e9es<\/td><td>Peut \u00eatre co\u00fbteux<\/td><td>Plus de fonctionnalit\u00e9s gratuites<\/td><\/tr><tr><td><strong>Grand sommeil<\/strong><\/td><td><a href=\"https:\/\/bigsleep.dev\" target=\"_blank\" rel=\"noopener\">bigsleep.dev<\/a><\/td><td>Open-source, personnalisable<\/td><td>N\u00e9cessite des connaissances techniques<\/td><td>Configuration complexe<\/td><td>Fournir plus de guides<\/td><\/tr><tr><td><strong>Ganbreeder<\/strong><\/td><td><a href=\"https:\/\/ganbreeder.app\" target=\"_blank\" rel=\"noopener\">ganbreeder.app<\/a><\/td><td>Collaboratif, cr\u00e9atif<\/td><td>Peut \u00eatre impr\u00e9visible<\/td><td>L'interface pourrait \u00eatre am\u00e9lior\u00e9e<\/td><td>Am\u00e9liorer la pr\u00e9visibilit\u00e9<\/td><\/tr><tr><td><strong>StyleGAN2<\/strong><\/td><td><a href=\"https:\/\/github.com\/NVlabs\/stylegan2\" target=\"_blank\" rel=\"noopener\">github.com\/NVlabs\/stylegan2<\/a><\/td><td>Des r\u00e9sultats de haute qualit\u00e9<\/td><td>N\u00e9cessite des comp\u00e9tences techniques<\/td><td>Difficile \u00e0 mettre en place<\/td><td>Des tutoriels plus conviviaux<\/td><\/tr><\/tbody><\/table><\/figure>\n\n\n\n<h3 class=\"wp-block-heading\">FAQ<\/h3>\n\n\n\n<h4 class=\"wp-block-heading\">Comment savoir si une photo est g\u00e9n\u00e9r\u00e9e par l'IA ?<\/h4>\n\n\n\n<p class=\"\">Pour d\u00e9terminer si une photo a \u00e9t\u00e9 g\u00e9n\u00e9r\u00e9e par l'IA, il faut rechercher les anomalies subtiles, les motifs non naturels et l'absence de d\u00e9tails fins qui sont courants dans les images g\u00e9n\u00e9r\u00e9es par l'IA.<\/p>\n\n\n\n<h4 class=\"wp-block-heading\">Comment g\u00e9n\u00e9rer des photos d'IA ?<\/h4>\n\n\n\n<p class=\"\">Vous pouvez g\u00e9n\u00e9rer des photos d'IA en utilisant un g\u00e9n\u00e9rateur de photos d'IA tel que <a href=\"https:\/\/aiartfree.online\/fr\/generateur-de-photos-ai\/\">AI Art Gratuit<\/a>. Il suffit de saisir un texte et de laisser l'IA cr\u00e9er l'image.<\/p>\n\n\n\n<h4 class=\"wp-block-heading\">Cette photo est-elle g\u00e9n\u00e9r\u00e9e par l'IA ?<\/h4>\n\n\n\n<p class=\"\">Pour v\u00e9rifier si une photo est g\u00e9n\u00e9r\u00e9e par l'IA, utilisez des outils con\u00e7us pour d\u00e9tecter les contenus g\u00e9n\u00e9r\u00e9s par l'IA ou analysez l'image pour y d\u00e9celer des incoh\u00e9rences.<\/p>\n\n\n\n<h4 class=\"wp-block-heading\">Quel est le meilleur g\u00e9n\u00e9rateur de photos AI ?<\/h4>\n\n\n\n<p class=\"\">Le meilleur g\u00e9n\u00e9rateur de photos AI varie en fonction de vos besoins, mais <a href=\"https:\/\/aiartfree.online\/fr\/generateur-de-photos-ai\/\">AI Art Gratuit<\/a> est fortement recommand\u00e9 pour sa facilit\u00e9 d'utilisation et la qualit\u00e9 de ses r\u00e9sultats.<\/p>\n\n\n\n<h4 class=\"wp-block-heading\">Comment cr\u00e9er des photos g\u00e9n\u00e9r\u00e9es par l'IA ?<\/h4>\n\n\n\n<p class=\"\">Vous pouvez cr\u00e9er des photos g\u00e9n\u00e9r\u00e9es par l'IA en saisissant des textes descriptifs dans un g\u00e9n\u00e9rateur de photos d'IA, qui cr\u00e9era des images sur la base de vos descriptions.<\/p>\n\n\n\n<h3 class=\"wp-block-heading\">Modules suppl\u00e9mentaires<\/h3>\n\n\n\n<h4 class=\"wp-block-heading\">Comprendre l'IA g\u00e9n\u00e9rative et son impact<\/h4>\n\n\n\n<p class=\"\">L'IA g\u00e9n\u00e9rative, qui alimente les g\u00e9n\u00e9rateurs de photos d'IA, est un type d'intelligence artificielle capable de cr\u00e9er un nouveau contenu \u00e0 partir de donn\u00e9es existantes. Cette technologie r\u00e9volutionne les industries cr\u00e9atives en permettant la cr\u00e9ation d'images, de musiques et de textes uniques.<\/p>\n\n\n\n<h4 class=\"wp-block-heading\">Avantages de l'utilisation de g\u00e9n\u00e9rateurs de photos IA pour les m\u00e9dias sociaux<\/h4>\n\n\n\n<p class=\"\">Les g\u00e9n\u00e9rateurs de photos par IA sont inestimables pour les m\u00e9dias sociaux car ils permettent de cr\u00e9er des visuels attrayants et uniques qui captent l'attention du public et stimulent l'engagement.<\/p>\n\n\n\n<h4 class=\"wp-block-heading\">Le r\u00f4le de l'apprentissage automatique dans les g\u00e9n\u00e9rateurs de photos par IA<\/h4>\n\n\n\n<p class=\"\">L'apprentissage automatique est l'\u00e9pine dorsale des g\u00e9n\u00e9rateurs de photos par IA. Il permet \u00e0 ces outils d'apprendre \u00e0 partir de vastes ensembles de donn\u00e9es et d'am\u00e9liorer la qualit\u00e9 et la pertinence des images qu'ils produisent au fil du temps.<\/p>\n\n\n\n<h3 class=\"wp-block-heading\">Conclusion<\/h3>\n\n\n\n<p class=\"\">Les g\u00e9n\u00e9rateurs de photos AI sont des outils puissants qui exploitent les capacit\u00e9s de l'intelligence artificielle et de l'apprentissage automatique pour cr\u00e9er des images uniques et de haute qualit\u00e9. Que vous soyez un artiste, un sp\u00e9cialiste du marketing ou un cr\u00e9ateur de contenu, ces outils peuvent consid\u00e9rablement am\u00e9liorer votre processus cr\u00e9atif et votre production. En comprenant leurs avantages et leurs d\u00e9fis, vous pouvez tirer le meilleur parti de ces outils innovants pour produire des visuels \u00e9poustouflants qui se d\u00e9marquent sur n'importe quel support.<\/p>\n\n\n\n<p class=\"\">Pour une exp\u00e9rience optimale, commencez par le <a href=\"https:\/\/aiartfree.online\/fr\/generateur-de-photos-ai\/\">AI Art Gratuit<\/a> qui offre un moyen simple et gratuit de g\u00e9n\u00e9rer des photos AI de haute qualit\u00e9.<\/p>","protected":false},"excerpt":{"rendered":"<p>Ce que nos utilisateurs ont cr\u00e9\u00e9 Comment utiliser AI Photo Generator Exemples d'invites Utilisez le g\u00e9n\u00e9rateur d'invites pour repousser les limites de votre imagination * En fonction de votre vitesse Internet, le chargement du mod\u00e8le peut prendre quelques secondes.* Il y aura une mise en cache pendant la g\u00e9n\u00e9ration continue, et la nouvelle image appara\u00eetra apr\u00e8s environ 3 secondes. Introduction du g\u00e9n\u00e9rateur de photos AI ... <a title=\"G\u00e9n\u00e9rateur de photos AI\" class=\"read-more\" href=\"https:\/\/aiartfree.online\/fr\/generateur-de-photos-ai\/\" aria-label=\"En savoir plus sur AI Photo Generator\">Lire la suite<\/a><\/p>","protected":false},"author":1,"featured_media":3392,"parent":0,"menu_order":0,"comment_status":"open","ping_status":"closed","template":"","meta":{"nf_dc_page":"","footnotes":""},"class_list":["post-3270","page","type-page","status-publish","has-post-thumbnail"],"jetpack_sharing_enabled":true,"_links":{"self":[{"href":"https:\/\/aiartfree.online\/fr\/wp-json\/wp\/v2\/pages\/3270","targetHints":{"allow":["GET"]}}],"collection":[{"href":"https:\/\/aiartfree.online\/fr\/wp-json\/wp\/v2\/pages"}],"about":[{"href":"https:\/\/aiartfree.online\/fr\/wp-json\/wp\/v2\/types\/page"}],"author":[{"embeddable":true,"href":"https:\/\/aiartfree.online\/fr\/wp-json\/wp\/v2\/users\/1"}],"replies":[{"embeddable":true,"href":"https:\/\/aiartfree.online\/fr\/wp-json\/wp\/v2\/comments?post=3270"}],"version-history":[{"count":0,"href":"https:\/\/aiartfree.online\/fr\/wp-json\/wp\/v2\/pages\/3270\/revisions"}],"wp:featuredmedia":[{"embeddable":true,"href":"https:\/\/aiartfree.online\/fr\/wp-json\/wp\/v2\/media\/3392"}],"wp:attachment":[{"href":"https:\/\/aiartfree.online\/fr\/wp-json\/wp\/v2\/media?parent=3270"}],"curies":[{"name":"wp","href":"https:\/\/api.w.org\/{rel}","templated":true}]}}