{"id":3117,"date":"2024-07-21T07:42:10","date_gmt":"2024-07-21T07:42:10","guid":{"rendered":"https:\/\/aiartfree.online\/?page_id=3117"},"modified":"2024-07-21T07:47:21","modified_gmt":"2024-07-21T07:47:21","slug":"free-ai-art-generator","status":"publish","type":"page","link":"https:\/\/aiartfree.online\/fr\/generateur-dart-gratuit\/","title":{"rendered":"G\u00e9n\u00e9rateur gratuit d'art AI"},"content":{"rendered":"<p class=\"has-text-align-center\">Cr\u00e9ez de superbes \u0153uvres d'art g\u00e9n\u00e9r\u00e9es par l'IA \u00e0 l'aide d'outils artistiques de pointe et gratuits.<\/p>\n\n\n<div class=\"gb-grid-wrapper gb-grid-wrapper-cd9cd360\">\n<div class=\"gb-grid-column gb-grid-column-11112ac1\"><div class=\"gb-container gb-container-11112ac1\">\n\n<figure class=\"gb-block-image gb-block-image-3cedc626\"><a href=\"https:\/\/aiartfree.online\/fr\/generateur-de-caracteres-ai\/\" target=\"_blank\" rel=\"noopener noreferrer\"><img data-recalc-dims=\"1\" decoding=\"async\" loading=\"lazy\" width=\"1200\" height=\"1190\" class=\"gb-image gb-image-3cedc626\" src=\"https:\/\/i0.wp.com\/aiartfree.online\/wp-content\/uploads\/2024\/07\/WX20240719-144752%402x.jpg?resize=1200%2C1190&#038;ssl=1\" alt=\"G\u00e9n\u00e9rateur de caract\u00e8res AI\" title=\"WX20240719-144752@2x\" srcset=\"https:\/\/i0.wp.com\/aiartfree.online\/wp-content\/uploads\/2024\/07\/WX20240719-144752%402x.jpg?w=1632&amp;ssl=1 1632w, https:\/\/i0.wp.com\/aiartfree.online\/wp-content\/uploads\/2024\/07\/WX20240719-144752%402x.jpg?resize=300%2C297&amp;ssl=1 300w, https:\/\/i0.wp.com\/aiartfree.online\/wp-content\/uploads\/2024\/07\/WX20240719-144752%402x.jpg?resize=1024%2C1015&amp;ssl=1 1024w, https:\/\/i0.wp.com\/aiartfree.online\/wp-content\/uploads\/2024\/07\/WX20240719-144752%402x.jpg?resize=150%2C150&amp;ssl=1 150w, https:\/\/i0.wp.com\/aiartfree.online\/wp-content\/uploads\/2024\/07\/WX20240719-144752%402x.jpg?resize=768%2C761&amp;ssl=1 768w, https:\/\/i0.wp.com\/aiartfree.online\/wp-content\/uploads\/2024\/07\/WX20240719-144752%402x.jpg?resize=1536%2C1523&amp;ssl=1 1536w, https:\/\/i0.wp.com\/aiartfree.online\/wp-content\/uploads\/2024\/07\/WX20240719-144752%402x.jpg?resize=12%2C12&amp;ssl=1 12w, https:\/\/i0.wp.com\/aiartfree.online\/wp-content\/uploads\/2024\/07\/WX20240719-144752%402x.jpg?resize=600%2C595&amp;ssl=1 600w, https:\/\/i0.wp.com\/aiartfree.online\/wp-content\/uploads\/2024\/07\/WX20240719-144752%402x.jpg?resize=100%2C100&amp;ssl=1 100w\" sizes=\"auto, (max-width: 1200px) 100vw, 1200px\" \/><\/a><\/figure>\n\n\n\n<h3 class=\"gb-headline gb-headline-efcb9b85 gb-headline-text\">G\u00e9n\u00e9rateur de caract\u00e8res AI<\/h3>\n\n\n\n<p class=\"gb-headline gb-headline-f3afe0a5 gb-headline-text\">AI Character Generator vous permet de concevoir des personnages uniques \u00e0 l'aide d'algorithmes d'IA et de la technologie d'IA g\u00e9n\u00e9rative.<\/p>\n\n<\/div><\/div>\n\n<div class=\"gb-grid-column gb-grid-column-d5a6cb82\"><div class=\"gb-container gb-container-d5a6cb82\">\n\n<figure class=\"gb-block-image gb-block-image-b9b8fce6\"><a href=\"https:\/\/aiartfree.online\/fr\/generateur-dai-pixar-gratuit\/\" target=\"_blank\" rel=\"noopener noreferrer\"><img data-recalc-dims=\"1\" decoding=\"async\" loading=\"lazy\" width=\"938\" height=\"626\" class=\"gb-image gb-image-b9b8fce6\" src=\"https:\/\/i0.wp.com\/aiartfree.online\/wp-content\/uploads\/2024\/07\/WX20240717-174206%402x.jpg?resize=938%2C626&#038;ssl=1\" alt=\"pixar ai generator\" title=\"WX20240717-174206@2x\" srcset=\"https:\/\/i0.wp.com\/aiartfree.online\/wp-content\/uploads\/2024\/07\/WX20240717-174206%402x.jpg?w=938&amp;ssl=1 938w, https:\/\/i0.wp.com\/aiartfree.online\/wp-content\/uploads\/2024\/07\/WX20240717-174206%402x.jpg?resize=300%2C200&amp;ssl=1 300w, https:\/\/i0.wp.com\/aiartfree.online\/wp-content\/uploads\/2024\/07\/WX20240717-174206%402x.jpg?resize=768%2C513&amp;ssl=1 768w, https:\/\/i0.wp.com\/aiartfree.online\/wp-content\/uploads\/2024\/07\/WX20240717-174206%402x.jpg?resize=18%2C12&amp;ssl=1 18w, https:\/\/i0.wp.com\/aiartfree.online\/wp-content\/uploads\/2024\/07\/WX20240717-174206%402x.jpg?resize=600%2C400&amp;ssl=1 600w\" sizes=\"auto, (max-width: 938px) 100vw, 938px\" \/><\/a><\/figure>\n\n\n\n<h3 class=\"gb-headline gb-headline-0c51996c gb-headline-text\">G\u00e9n\u00e9rateur d'IA Pixar<\/h3>\n\n\n\n<p class=\"gb-headline gb-headline-83bb38c0 gb-headline-text\">Transformez vos id\u00e9es en \u0153uvres d'art g\u00e9n\u00e9r\u00e9es par l'IA \u00e0 la mani\u00e8re de Pixar gr\u00e2ce \u00e0 l'IA g\u00e9n\u00e9rative de pointe en ligne gratuite.<\/p>\n\n<\/div><\/div>\n\n<div class=\"gb-grid-column gb-grid-column-bdb1b3f6\"><div class=\"gb-container gb-container-bdb1b3f6\">\n\n<figure class=\"gb-block-image gb-block-image-129ad6ad\"><a href=\"https:\/\/aiartfree.online\/fr\/anime-ai-generator\/\" target=\"_blank\" rel=\"noopener noreferrer\"><img data-recalc-dims=\"1\" decoding=\"async\" loading=\"lazy\" width=\"1200\" height=\"718\" class=\"gb-image gb-image-129ad6ad\" src=\"https:\/\/i0.wp.com\/aiartfree.online\/wp-content\/uploads\/2024\/07\/WX20240719-123748%402x.jpg?resize=1200%2C718&#038;ssl=1\" alt=\"anime-ai-generator\/\" title=\"WX20240719-123748@2x\" srcset=\"https:\/\/i0.wp.com\/aiartfree.online\/wp-content\/uploads\/2024\/07\/WX20240719-123748%402x.jpg?w=1314&amp;ssl=1 1314w, https:\/\/i0.wp.com\/aiartfree.online\/wp-content\/uploads\/2024\/07\/WX20240719-123748%402x.jpg?resize=300%2C179&amp;ssl=1 300w, https:\/\/i0.wp.com\/aiartfree.online\/wp-content\/uploads\/2024\/07\/WX20240719-123748%402x.jpg?resize=1024%2C613&amp;ssl=1 1024w, https:\/\/i0.wp.com\/aiartfree.online\/wp-content\/uploads\/2024\/07\/WX20240719-123748%402x.jpg?resize=768%2C459&amp;ssl=1 768w, https:\/\/i0.wp.com\/aiartfree.online\/wp-content\/uploads\/2024\/07\/WX20240719-123748%402x.jpg?resize=18%2C12&amp;ssl=1 18w, https:\/\/i0.wp.com\/aiartfree.online\/wp-content\/uploads\/2024\/07\/WX20240719-123748%402x.jpg?resize=600%2C359&amp;ssl=1 600w\" sizes=\"auto, (max-width: 1200px) 100vw, 1200px\" \/><\/a><\/figure>\n\n\n\n<h3 class=\"gb-headline gb-headline-3dd3b4a8 gb-headline-text\">G\u00e9n\u00e9rateur d'IA d'anime<\/h3>\n\n\n\n<p class=\"gb-headline gb-headline-9bb27b5a gb-headline-text\">G\u00e9n\u00e9rez des dessins anim\u00e9s \u00e9clatants \u00e0 l'aide du g\u00e9n\u00e9rateur d'IA d'anime aliment\u00e9 par des algorithmes d'IA avanc\u00e9s.<\/p>\n\n<\/div><\/div>\n\n<div class=\"gb-grid-column gb-grid-column-cd81c4c8\"><div class=\"gb-container gb-container-cd81c4c8\">\n\n<figure class=\"gb-block-image gb-block-image-420788f4\"><a href=\"https:\/\/aiartfree.online\/fr\/ai-cartoon-generator\/\" target=\"_blank\" rel=\"noopener noreferrer\"><img data-recalc-dims=\"1\" decoding=\"async\" loading=\"lazy\" width=\"1200\" height=\"596\" class=\"gb-image gb-image-420788f4\" src=\"https:\/\/i0.wp.com\/aiartfree.online\/wp-content\/uploads\/2024\/07\/WX20240717-175407%402x-1-1-1-scaled.jpg?resize=1200%2C596&#038;ssl=1\" alt=\"G\u00e9n\u00e9rateur de dessins anim\u00e9s AI\" title=\"WX20240717-175407@2x (1) (1) (1)\" srcset=\"https:\/\/i0.wp.com\/aiartfree.online\/wp-content\/uploads\/2024\/07\/WX20240717-175407%402x-1-1-1-scaled.jpg?w=2560&amp;ssl=1 2560w, https:\/\/i0.wp.com\/aiartfree.online\/wp-content\/uploads\/2024\/07\/WX20240717-175407%402x-1-1-1-scaled.jpg?resize=300%2C149&amp;ssl=1 300w, https:\/\/i0.wp.com\/aiartfree.online\/wp-content\/uploads\/2024\/07\/WX20240717-175407%402x-1-1-1-scaled.jpg?resize=1024%2C508&amp;ssl=1 1024w, https:\/\/i0.wp.com\/aiartfree.online\/wp-content\/uploads\/2024\/07\/WX20240717-175407%402x-1-1-1-scaled.jpg?resize=768%2C381&amp;ssl=1 768w, https:\/\/i0.wp.com\/aiartfree.online\/wp-content\/uploads\/2024\/07\/WX20240717-175407%402x-1-1-1-scaled.jpg?resize=1536%2C763&amp;ssl=1 1536w, https:\/\/i0.wp.com\/aiartfree.online\/wp-content\/uploads\/2024\/07\/WX20240717-175407%402x-1-1-1-scaled.jpg?resize=2048%2C1017&amp;ssl=1 2048w, https:\/\/i0.wp.com\/aiartfree.online\/wp-content\/uploads\/2024\/07\/WX20240717-175407%402x-1-1-1-scaled.jpg?resize=18%2C9&amp;ssl=1 18w, https:\/\/i0.wp.com\/aiartfree.online\/wp-content\/uploads\/2024\/07\/WX20240717-175407%402x-1-1-1-scaled.jpg?resize=600%2C298&amp;ssl=1 600w, https:\/\/i0.wp.com\/aiartfree.online\/wp-content\/uploads\/2024\/07\/WX20240717-175407%402x-1-1-1-scaled.jpg?w=2400&amp;ssl=1 2400w\" sizes=\"auto, (max-width: 1200px) 100vw, 1200px\" \/><\/a><\/figure>\n\n\n\n<h3 class=\"gb-headline gb-headline-3b87d18c gb-headline-text\">G\u00e9n\u00e9rateur de dessins anim\u00e9s AI<\/h3>\n\n\n\n<p class=\"gb-headline gb-headline-51b4b755 gb-headline-text\">Convertissez vos photos en images de style anim\u00e9 \u00e0 l'aide d'algorithmes avanc\u00e9s aliment\u00e9s par l'IA et amusez-vous \u00e0 cr\u00e9er des \u0153uvres d'art uniques g\u00e9n\u00e9r\u00e9es par l'IA.<\/p>\n\n<\/div><\/div>\n\n<div class=\"gb-grid-column gb-grid-column-b86d2319\"><div class=\"gb-container gb-container-b86d2319\">\n\n<figure class=\"gb-block-image gb-block-image-5898855b\"><a href=\"https:\/\/aiartfree.online\/fr\/generateur-de-modele-3d-ai\/\" target=\"_blank\" rel=\"noopener noreferrer\"><img data-recalc-dims=\"1\" decoding=\"async\" loading=\"lazy\" width=\"1200\" height=\"787\" class=\"gb-image gb-image-5898855b\" src=\"https:\/\/i0.wp.com\/aiartfree.online\/wp-content\/uploads\/2024\/07\/WX20240719-153337%402x-1-1.jpg?resize=1200%2C787&#038;ssl=1\" alt=\"G\u00e9n\u00e9rateur de mod\u00e8les 2D \u00e0 3D\" title=\"WX20240719-153337@2x (1) (1)\" srcset=\"https:\/\/i0.wp.com\/aiartfree.online\/wp-content\/uploads\/2024\/07\/WX20240719-153337%402x-1-1.jpg?w=1768&amp;ssl=1 1768w, https:\/\/i0.wp.com\/aiartfree.online\/wp-content\/uploads\/2024\/07\/WX20240719-153337%402x-1-1.jpg?resize=300%2C197&amp;ssl=1 300w, https:\/\/i0.wp.com\/aiartfree.online\/wp-content\/uploads\/2024\/07\/WX20240719-153337%402x-1-1.jpg?resize=1024%2C672&amp;ssl=1 1024w, https:\/\/i0.wp.com\/aiartfree.online\/wp-content\/uploads\/2024\/07\/WX20240719-153337%402x-1-1.jpg?resize=768%2C504&amp;ssl=1 768w, https:\/\/i0.wp.com\/aiartfree.online\/wp-content\/uploads\/2024\/07\/WX20240719-153337%402x-1-1.jpg?resize=1536%2C1008&amp;ssl=1 1536w, https:\/\/i0.wp.com\/aiartfree.online\/wp-content\/uploads\/2024\/07\/WX20240719-153337%402x-1-1.jpg?resize=18%2C12&amp;ssl=1 18w, https:\/\/i0.wp.com\/aiartfree.online\/wp-content\/uploads\/2024\/07\/WX20240719-153337%402x-1-1.jpg?resize=600%2C394&amp;ssl=1 600w\" sizes=\"auto, (max-width: 1200px) 100vw, 1200px\" \/><\/a><\/figure>\n\n\n\n<h3 class=\"gb-headline gb-headline-d9fff2b4 gb-headline-text\">G\u00e9n\u00e9rateur de mod\u00e8les 3d AI<\/h3>\n\n\n\n<p class=\"gb-headline gb-headline-0faba709 gb-headline-text\">AI 3D Model Generator vous aide \u00e0 cr\u00e9er des mod\u00e8les 3D de pointe gr\u00e2ce \u00e0 une mise au point assist\u00e9e par ordinateur.<\/p>\n\n<\/div><\/div>\n\n<div class=\"gb-grid-column gb-grid-column-bb7fbb28\"><div class=\"gb-container gb-container-bb7fbb28\">\n\n<figure class=\"gb-block-image gb-block-image-b44f128d\"><a href=\"https:\/\/aiartfree.online\/fr\/generateur-de-dessins-ai\/\" target=\"_blank\" rel=\"noopener noreferrer\"><img data-recalc-dims=\"1\" decoding=\"async\" loading=\"lazy\" width=\"1200\" height=\"1200\" class=\"gb-image gb-image-b44f128d\" src=\"https:\/\/i0.wp.com\/aiartfree.online\/wp-content\/uploads\/2024\/07\/WX20240719-141958%402x.jpg?resize=1200%2C1200&#038;ssl=1\" alt=\"G\u00e9n\u00e9rateur de dessins\" title=\"WX20240719-141958@2x\" srcset=\"https:\/\/i0.wp.com\/aiartfree.online\/wp-content\/uploads\/2024\/07\/WX20240719-141958%402x.jpg?w=1414&amp;ssl=1 1414w, https:\/\/i0.wp.com\/aiartfree.online\/wp-content\/uploads\/2024\/07\/WX20240719-141958%402x.jpg?resize=300%2C300&amp;ssl=1 300w, https:\/\/i0.wp.com\/aiartfree.online\/wp-content\/uploads\/2024\/07\/WX20240719-141958%402x.jpg?resize=1024%2C1024&amp;ssl=1 1024w, https:\/\/i0.wp.com\/aiartfree.online\/wp-content\/uploads\/2024\/07\/WX20240719-141958%402x.jpg?resize=150%2C150&amp;ssl=1 150w, https:\/\/i0.wp.com\/aiartfree.online\/wp-content\/uploads\/2024\/07\/WX20240719-141958%402x.jpg?resize=768%2C768&amp;ssl=1 768w, https:\/\/i0.wp.com\/aiartfree.online\/wp-content\/uploads\/2024\/07\/WX20240719-141958%402x.jpg?resize=12%2C12&amp;ssl=1 12w, https:\/\/i0.wp.com\/aiartfree.online\/wp-content\/uploads\/2024\/07\/WX20240719-141958%402x.jpg?resize=600%2C600&amp;ssl=1 600w, https:\/\/i0.wp.com\/aiartfree.online\/wp-content\/uploads\/2024\/07\/WX20240719-141958%402x.jpg?resize=100%2C100&amp;ssl=1 100w\" sizes=\"auto, (max-width: 1200px) 100vw, 1200px\" \/><\/a><\/figure>\n\n\n\n<h3 class=\"gb-headline gb-headline-fc2626d2 gb-headline-text\">G\u00e9n\u00e9rateur de dessins AI<\/h3>\n\n\n\n<p class=\"gb-headline gb-headline-83918771 gb-headline-text\">AI Drawing Generator transforme des messages textuels en \u0153uvres d'art g\u00e9n\u00e9r\u00e9es par l'IA gr\u00e2ce \u00e0 l'apprentissage automatique.<\/p>\n\n<\/div><\/div>\n<\/div>\n\n\n<div style=\"height:100px\" aria-hidden=\"true\" class=\"wp-block-spacer\"><\/div>\n\n\n\n<h2 class=\"wp-block-heading\" id=\"free-ai-art-generator-unlocking-the-power-of-artificial-intelligence-in-art\"><strong>Gratuit AI Art Generator : Lib\u00e9rer le pouvoir de l'intelligence artificielle dans l'art<\/strong><\/h2>\n\n\n\n<h3 class=\"wp-block-heading\" id=\"outline\"><a href=\"https:\/\/dromerosm-groq-llama3.hf.space\/#outline\" target=\"_blank\" rel=\"noopener\"><\/a>Sch\u00e9ma :<\/h3>\n\n\n\n<ul class=\"wp-block-list\">\n<li class=\"\">Qu'est-ce qu'un g\u00e9n\u00e9rateur d'art AI gratuit ?<\/li>\n\n\n\n<li class=\"\">Importance des g\u00e9n\u00e9rateurs gratuits d'images de synth\u00e8se<\/li>\n\n\n\n<li class=\"\">Avantages de l'utilisation d'un g\u00e9n\u00e9rateur d'art AI gratuit<\/li>\n\n\n\n<li class=\"\">Sc\u00e9narios appropri\u00e9s pour l'utilisation d'un g\u00e9n\u00e9rateur d'art AI gratuit<\/li>\n\n\n\n<li class=\"\">Qui peut utiliser un g\u00e9n\u00e9rateur d'art AI gratuit ?<\/li>\n\n\n\n<li class=\"\">Top 10 des outils connexes et des avantages et inconv\u00e9nients<\/li>\n\n\n\n<li class=\"\">10 FAQ<\/li>\n<\/ul>\n\n\n\n<h3 class=\"wp-block-heading\" id=\"what-is-a-free-ai-art-generator\"><a href=\"https:\/\/dromerosm-groq-llama3.hf.space\/#what-is-a-free-ai-art-generator\" target=\"_blank\" rel=\"noopener\"><\/a><strong>Qu'est-ce qu'un g\u00e9n\u00e9rateur d'art AI gratuit ?<\/strong><\/h3>\n\n\n\n<p class=\"\">Un g\u00e9n\u00e9rateur d'art AI gratuit est un outil en ligne qui utilise l'intelligence artificielle (IA) pour g\u00e9n\u00e9rer des \u0153uvres d'art \u00e0 partir d'entr\u00e9es utilisateur, telles que des invites textuelles ou des images. Ces outils utilisent des algorithmes d'apprentissage automatique et des techniques d'IA g\u00e9n\u00e9rative, comme la diffusion stable, pour cr\u00e9er des \u0153uvres d'art uniques et vivantes.<\/p>\n\n\n\n<p class=\"\">L'essor des g\u00e9n\u00e9rateurs d'art IA gratuits a d\u00e9mocratis\u00e9 le monde de l'art, permettant \u00e0 tout un chacun de cr\u00e9er des \u0153uvres d'art \u00e9tonnantes sans avoir besoin de comp\u00e9tences ou d'exp\u00e9riences artistiques approfondies.<\/p>\n\n\n\n<h3 class=\"wp-block-heading\" id=\"importance-of-free-ai-art-generators\"><a href=\"https:\/\/dromerosm-groq-llama3.hf.space\/#importance-of-free-ai-art-generators\" target=\"_blank\" rel=\"noopener\"><\/a><strong>Importance des g\u00e9n\u00e9rateurs gratuits d'images de synth\u00e8se<\/strong><\/h3>\n\n\n\n<p class=\"\">Les g\u00e9n\u00e9rateurs gratuits d'art AI sont devenus essentiels pour divers secteurs, notamment les m\u00e9dias sociaux, la publicit\u00e9 et la conception. Ils offrent toute une s\u00e9rie d'avantages, notamment<\/p>\n\n\n\n<ul class=\"wp-block-list\">\n<li class=\"\"><strong>Gain de temps<\/strong>: Les g\u00e9n\u00e9rateurs gratuits d'art AI peuvent produire des \u0153uvres d'art de haute qualit\u00e9 en quelques minutes, \u00e9pargnant ainsi aux utilisateurs des heures de travail manuel.<\/li>\n\n\n\n<li class=\"\"><strong>Rentabilit\u00e9<\/strong>: Ces outils \u00e9liminent la n\u00e9cessit\u00e9 d'embaucher des artistes ou d'acheter des logiciels de conception co\u00fbteux.<\/li>\n\n\n\n<li class=\"\"><strong>Libert\u00e9 de cr\u00e9ation<\/strong>: Les g\u00e9n\u00e9rateurs gratuits d'art AI permettent aux utilisateurs d'exp\u00e9rimenter diff\u00e9rents styles, th\u00e8mes et id\u00e9es, encourageant ainsi la cr\u00e9ativit\u00e9 et l'innovation.<\/li>\n<\/ul>\n\n\n\n<h3 class=\"wp-block-heading\" id=\"benefits-of-using-a-free-ai-art-generator\"><a href=\"https:\/\/dromerosm-groq-llama3.hf.space\/#benefits-of-using-a-free-ai-art-generator\" target=\"_blank\" rel=\"noopener\"><\/a><strong>Avantages de l'utilisation d'un g\u00e9n\u00e9rateur d'art AI gratuit<\/strong><\/h3>\n\n\n\n<p class=\"\">L'utilisation d'un g\u00e9n\u00e9rateur d'art AI gratuit peut apporter de nombreux avantages, notamment<\/p>\n\n\n\n<ul class=\"wp-block-list\">\n<li class=\"\"><strong>Un travail artistique de qualit\u00e9 professionnelle<\/strong>: Les g\u00e9n\u00e9rateurs d'art IA gratuits peuvent produire des \u0153uvres d'art qui rivalisent avec celles des artistes humains, offrant aux utilisateurs un r\u00e9sultat de qualit\u00e9 professionnelle sans avoir \u00e0 payer le prix fort.<\/li>\n\n\n\n<li class=\"\"><strong>Augmentation de la productivit\u00e9<\/strong>: Gr\u00e2ce \u00e0 la possibilit\u00e9 de g\u00e9n\u00e9rer des illustrations rapidement et efficacement, les utilisateurs peuvent se concentrer sur d'autres aspects de leurs projets, am\u00e9liorant ainsi leur productivit\u00e9 globale.<\/li>\n\n\n\n<li class=\"\"><strong>Une cr\u00e9ativit\u00e9 sans limite<\/strong>: Les g\u00e9n\u00e9rateurs d'art AI gratuits offrent un large \u00e9ventail de possibilit\u00e9s cr\u00e9atives, permettant aux utilisateurs d'exp\u00e9rimenter diff\u00e9rents styles, th\u00e8mes et id\u00e9es.<\/li>\n<\/ul>\n\n\n\n<h3 class=\"wp-block-heading\" id=\"suitable-scenarios-for-using-a-free-ai-art-generator\"><a href=\"https:\/\/dromerosm-groq-llama3.hf.space\/#suitable-scenarios-for-using-a-free-ai-art-generator\" target=\"_blank\" rel=\"noopener\"><\/a><strong>Sc\u00e9narios appropri\u00e9s pour l'utilisation d'un g\u00e9n\u00e9rateur d'art AI gratuit<\/strong><\/h3>\n\n\n\n<p class=\"\">Les g\u00e9n\u00e9rateurs gratuits d'art AI conviennent \u00e0 divers sc\u00e9narios, notamment :<\/p>\n\n\n\n<ul class=\"wp-block-list\">\n<li class=\"\"><strong>Cr\u00e9ation de contenu pour les m\u00e9dias sociaux<\/strong>: Cr\u00e9ez facilement des posts, des banni\u00e8res et des publicit\u00e9s accrocheuses sur les m\u00e9dias sociaux.<\/li>\n\n\n\n<li class=\"\"><strong>Publicit\u00e9 et marketing<\/strong>: Utilisez des g\u00e9n\u00e9rateurs d'art AI gratuits pour cr\u00e9er des publicit\u00e9s, des prospectus et du mat\u00e9riel promotionnel \u00e9poustouflants.<\/li>\n\n\n\n<li class=\"\"><strong>Projets de design et d'art<\/strong>: Exp\u00e9rimentez diff\u00e9rents styles et th\u00e8mes pour cr\u00e9er des \u0153uvres d'art, des illustrations et des dessins uniques.<\/li>\n<\/ul>\n\n\n\n<h3 class=\"wp-block-heading\" id=\"who-can-use-a-free-ai-art-generator\"><a href=\"https:\/\/dromerosm-groq-llama3.hf.space\/#who-can-use-a-free-ai-art-generator\" target=\"_blank\" rel=\"noopener\"><\/a><strong>Qui peut utiliser un g\u00e9n\u00e9rateur d'art AI gratuit ?<\/strong><\/h3>\n\n\n\n<p class=\"\">Tout le monde peut utiliser un g\u00e9n\u00e9rateur d'art AI gratuit, quelles que soient ses comp\u00e9tences artistiques ou son exp\u00e9rience. Ces outils sont parfaits pour :<\/p>\n\n\n\n<ul class=\"wp-block-list\">\n<li class=\"\"><strong>Professionnels du marketing<\/strong>: Cr\u00e9ez facilement du contenu et des publicit\u00e9s attrayants sur les m\u00e9dias sociaux.<\/li>\n\n\n\n<li class=\"\"><strong>Designers et artistes<\/strong>: Exp\u00e9rimenter de nouveaux styles et th\u00e8mes, ou utiliser des g\u00e9n\u00e9rateurs d'art AI gratuits comme point de d\u00e9part pour leurs projets.<\/li>\n\n\n\n<li class=\"\"><strong>Propri\u00e9taires de petites entreprises<\/strong>: Produisez des \u0153uvres d'art de qualit\u00e9 professionnelle sans vous ruiner.<\/li>\n<\/ul>\n\n\n\n<h3 class=\"wp-block-heading\" id=\"top-10-related-tools-and-pros-cons\"><a href=\"https:\/\/dromerosm-groq-llama3.hf.space\/#top-10-related-tools-and-pros-cons\" target=\"_blank\" rel=\"noopener\"><\/a><strong>Top 10 des outils connexes et des avantages et inconv\u00e9nients<\/strong><\/h3>\n\n\n\n<p class=\"\">Voici les 10 principaux outils li\u00e9s aux g\u00e9n\u00e9rateurs gratuits d'images d'IA, avec leurs avantages et leurs inconv\u00e9nients :<\/p>\n\n\n\n<figure class=\"wp-block-table\"><table class=\"has-fixed-layout\"><thead><tr><th>Outil<\/th><th>Pour<\/th><th>Cons<\/th><\/tr><\/thead><tbody><tr><td><a href=\"https:\/\/aiartfree.online\/fr\/generateur-dart-gratuit\/\" target=\"_blank\" rel=\"noreferrer noopener\">AI Art gratuit en ligne<\/a><\/td><td>Interface conviviale, sortie de haute qualit\u00e9<\/td><td>Options de personnalisation limit\u00e9es<\/td><\/tr><tr><td>G\u00e9n\u00e9rateur de r\u00eaves profonds<\/td><td>Une \u0153uvre d'art unique et onirique<\/td><td>Contr\u00f4le limit\u00e9 de la production<\/td><\/tr><tr><td>Prisma<\/td><td>Convertit les photos en \u0153uvres d'art de diff\u00e9rents styles<\/td><td>Options de personnalisation limit\u00e9es<\/td><\/tr><tr><td>Artbreeder<\/td><td>Cr\u00e9ation d'\u0153uvres d'art interactives et pilot\u00e9es par l'utilisateur<\/td><td>Courbe d'apprentissage abrupte<\/td><\/tr><tr><td>Dreamscope<\/td><td>G\u00e9n\u00e9rateur d'\u0153uvres d'art aliment\u00e9 par l'IA avec diff\u00e9rents styles<\/td><td>Contr\u00f4le limit\u00e9 de la production<\/td><\/tr><tr><td>AI Painter<\/td><td>Cr\u00e9e des \u0153uvres d'art r\u00e9alistes de type peinture \u00e0 l'huile<\/td><td>Options de personnalisation limit\u00e9es<\/td><\/tr><tr><td>Portraits AI<\/td><td>Convertit les photos en portraits g\u00e9n\u00e9r\u00e9s par l'IA<\/td><td>Contr\u00f4le limit\u00e9 de la production<\/td><\/tr><tr><td>MyDeepArt<\/td><td>Interface conviviale, sortie de haute qualit\u00e9<\/td><td>Options de personnalisation limit\u00e9es<\/td><\/tr><tr><td>AI Art Maker<\/td><td>Cr\u00e9e des \u0153uvres d'art abstraites et uniques<\/td><td>Contr\u00f4le limit\u00e9 de la production<\/td><\/tr><tr><td>PeinturesChainer<\/td><td>G\u00e9n\u00e9rateur de peinture aliment\u00e9 par l'IA avec diff\u00e9rents styles<\/td><td>Courbe d'apprentissage abrupte<\/td><\/tr><\/tbody><\/table><\/figure>\n\n\n\n<h3 class=\"wp-block-heading\" id=\"10-faqs\"><a href=\"https:\/\/dromerosm-groq-llama3.hf.space\/#10-faqs\" target=\"_blank\" rel=\"noopener\"><\/a><strong>10 FAQ<\/strong><\/h3>\n\n\n\n<p class=\"\">Voici les 10 questions les plus fr\u00e9quemment pos\u00e9es sur les g\u00e9n\u00e9rateurs gratuits d'images d'IA :<\/p>\n\n\n\n<ol class=\"wp-block-list\">\n<li class=\"\"><strong>Qu'est-ce qu'un g\u00e9n\u00e9rateur d'art AI gratuit ?<\/strong>\u00a0Un g\u00e9n\u00e9rateur d'art AI gratuit est un outil en ligne qui utilise l'intelligence artificielle pour g\u00e9n\u00e9rer des \u0153uvres d'art sur la base des donn\u00e9es fournies par l'utilisateur.<\/li>\n\n\n\n<li class=\"\"><strong>Comment fonctionnent les g\u00e9n\u00e9rateurs gratuits de dessins d'IA ?<\/strong>\u00a0Les g\u00e9n\u00e9rateurs d'\u0153uvres d'art gratuits utilisent des algorithmes d'apprentissage automatique et des techniques d'IA g\u00e9n\u00e9rative pour cr\u00e9er des \u0153uvres d'art uniques \u00e0 partir des donn\u00e9es fournies par l'utilisateur.<\/li>\n\n\n\n<li class=\"\"><strong>Quels sont les avantages de l'utilisation d'un g\u00e9n\u00e9rateur gratuit d'images d'IA ?<\/strong>\u00a0Les g\u00e9n\u00e9rateurs gratuits d'art AI permettent de gagner du temps, de l'argent et de la libert\u00e9 de cr\u00e9ation.<\/li>\n\n\n\n<li class=\"\"><strong>Quelqu'un peut-il utiliser un g\u00e9n\u00e9rateur gratuit d'images d'IA ?<\/strong>\u00a0Oui, tout le monde peut utiliser un g\u00e9n\u00e9rateur d'art AI gratuit, quelles que soient ses comp\u00e9tences artistiques ou son exp\u00e9rience.<\/li>\n\n\n\n<li class=\"\"><strong>Quels sont les sc\u00e9narios appropri\u00e9s pour l'utilisation d'un g\u00e9n\u00e9rateur d'art AI gratuit ?<\/strong>\u00a0Les g\u00e9n\u00e9rateurs d'art AI gratuits conviennent \u00e0 la cr\u00e9ation de contenu pour les m\u00e9dias sociaux, \u00e0 la publicit\u00e9, \u00e0 la conception et aux projets artistiques.<\/li>\n\n\n\n<li class=\"\"><strong>Comment utiliser un g\u00e9n\u00e9rateur d'art AI gratuit ?<\/strong>\u00a0Il suffit de saisir un texte ou une image pour que l'outil g\u00e9n\u00e8re une \u0153uvre d'art unique.<\/li>\n\n\n\n<li class=\"\"><strong>Quelle est la qualit\u00e9 des \u0153uvres d'art g\u00e9n\u00e9r\u00e9es par les g\u00e9n\u00e9rateurs gratuits d'\u0153uvres d'art en IA ?<\/strong>\u00a0Les g\u00e9n\u00e9rateurs d'art AI gratuits peuvent produire des \u0153uvres d'art de qualit\u00e9 professionnelle qui rivalisent avec celles des artistes humains.<\/li>\n\n\n\n<li class=\"\"><strong>Puis-je personnaliser le r\u00e9sultat d'un g\u00e9n\u00e9rateur d'art AI gratuit ?<\/strong>\u00a0Certains g\u00e9n\u00e9rateurs gratuits de dessins d'IA offrent des options de personnalisation limit\u00e9es, tandis que d'autres proposent des contr\u00f4les plus avanc\u00e9s.<\/li>\n\n\n\n<li class=\"\"><strong>Les g\u00e9n\u00e9rateurs d'art AI gratuits sont-ils faciles \u00e0 utiliser ?<\/strong>\u00a0Oui, la plupart des g\u00e9n\u00e9rateurs d'art AI gratuits ont des interfaces conviviales qui facilitent la cr\u00e9ation d'\u0153uvres d'art.<\/li>\n\n\n\n<li class=\"\"><strong>L'utilisation des g\u00e9n\u00e9rateurs d'images d'IA est-elle gratuite ?<\/strong>\u00a0Oui, la plupart des g\u00e9n\u00e9rateurs d'images d'IA sont gratuits, mais certains proposent des fonctions payantes ou des abonnements.<\/li>\n<\/ol>","protected":false},"excerpt":{"rendered":"<p>Cr\u00e9ez de superbes \u0153uvres d'art g\u00e9n\u00e9r\u00e9es par l'IA \u00e0 l'aide d'outils d'art de pointe gratuits. G\u00e9n\u00e9rateur gratuit d'\u0153uvres d'art g\u00e9n\u00e9r\u00e9es par l'IA : Exploiter la puissance de l'intelligence artificielle dans l'art : Qu'est-ce qu'un g\u00e9n\u00e9rateur d'\u0153uvres d'art IA gratuit ? Un g\u00e9n\u00e9rateur d'art IA gratuit est un outil en ligne qui utilise l'intelligence artificielle (IA) pour g\u00e9n\u00e9rer des \u0153uvres d'art \u00e0 partir des donn\u00e9es fournies par l'utilisateur, telles que des textes ... <a title=\"G\u00e9n\u00e9rateur gratuit d&#039;art AI\" class=\"read-more\" href=\"https:\/\/aiartfree.online\/fr\/generateur-dart-gratuit\/\" aria-label=\"En savoir plus sur Free AI Art Generator\">Lire la suite<\/a><\/p>","protected":false},"author":1,"featured_media":0,"parent":0,"menu_order":0,"comment_status":"closed","ping_status":"closed","template":"","meta":{"nf_dc_page":"","footnotes":""},"class_list":["post-3117","page","type-page","status-publish"],"jetpack_sharing_enabled":true,"_links":{"self":[{"href":"https:\/\/aiartfree.online\/fr\/wp-json\/wp\/v2\/pages\/3117","targetHints":{"allow":["GET"]}}],"collection":[{"href":"https:\/\/aiartfree.online\/fr\/wp-json\/wp\/v2\/pages"}],"about":[{"href":"https:\/\/aiartfree.online\/fr\/wp-json\/wp\/v2\/types\/page"}],"author":[{"embeddable":true,"href":"https:\/\/aiartfree.online\/fr\/wp-json\/wp\/v2\/users\/1"}],"replies":[{"embeddable":true,"href":"https:\/\/aiartfree.online\/fr\/wp-json\/wp\/v2\/comments?post=3117"}],"version-history":[{"count":0,"href":"https:\/\/aiartfree.online\/fr\/wp-json\/wp\/v2\/pages\/3117\/revisions"}],"wp:attachment":[{"href":"https:\/\/aiartfree.online\/fr\/wp-json\/wp\/v2\/media?parent=3117"}],"curies":[{"name":"wp","href":"https:\/\/api.w.org\/{rel}","templated":true}]}}