{"id":2993,"date":"2024-07-19T18:13:29","date_gmt":"2024-07-19T18:13:29","guid":{"rendered":"https:\/\/aiartfree.online\/?page_id=2993"},"modified":"2025-03-07T08:22:54","modified_gmt":"2025-03-07T08:22:54","slug":"ai-video-generator","status":"publish","type":"page","link":"https:\/\/aiartfree.online\/fr\/generateur-de-video-ia\/","title":{"rendered":"G\u00e9n\u00e9rateur de vid\u00e9os AI"},"content":{"rendered":"<h2 class=\"wp-block-heading has-text-align-center\">Ce que les autres utilisateurs ont fait de AI Video Generator<\/h2>\n\n\n\n<p class=\"has-text-align-center\">Prompt : 1 fille, \u00e9paule nue, sourire l\u00e9ger, peau brillante meilleure qualit\u00e9, chef d'oeuvre, photor\u00e9aliste, retournement<\/p>\n\n\n\n<figure class=\"gb-block-image gb-block-image-1822da1f\"><img data-recalc-dims=\"1\" decoding=\"async\" loading=\"lazy\" width=\"512\" height=\"512\" class=\"gb-image gb-image-1822da1f\" src=\"https:\/\/i0.wp.com\/aiartfree.online\/wp-content\/uploads\/2024\/08\/ezgif-3-82e27c0ca1.gif?resize=512%2C512&#038;ssl=1\" alt=\"Cr\u00e9ez des vid\u00e9os \u00e9poustouflantes sans effort avec notre g\u00e9n\u00e9rateur de vid\u00e9os AI. Profitez de 100% gratuitement, en utilisation illimit\u00e9e et sans inscription. Parfait pour les cr\u00e9ateurs de contenu, les sp\u00e9cialistes du marketing et les \u00e9ducateurs \u00e0 la recherche d&#039;une production vid\u00e9o de haute qualit\u00e9 aliment\u00e9e par l&#039;IA.\" title=\"ezgif-3-82e27c0ca1\"\/><\/figure>\n\n\n\n<h2 class=\"wp-block-heading\">3 \u00e9tapes pour utiliser le g\u00e9n\u00e9rateur de vid\u00e9os d'IA<\/h2>\n\n\n\n<ol class=\"wp-block-list\">\n<li class=\"\">Saisissez votre message<\/li>\n\n\n\n<li class=\"\">Cliquez sur \"Animer\"<\/li>\n\n\n\n<li class=\"\">Attendez, c'est \u00e7a !<\/li>\n<\/ol>\n\n\n\n<figure class=\"gb-block-image gb-block-image-4dfafe81\"><a href=\"https:\/\/fas.st\/t\/XmtmoHSk\" target=\"_blank\" rel=\"noopener noreferrer\"><img data-recalc-dims=\"1\" decoding=\"async\" loading=\"lazy\" width=\"1200\" height=\"368\" class=\"gb-image gb-image-4dfafe81\" src=\"https:\/\/i0.wp.com\/aiartfree.online\/wp-content\/uploads\/2025\/03\/WX20250307-114300%402x.webp?resize=1200%2C368&#038;ssl=1\" alt=\"\" title=\"WX20250307-114300@2x\" srcset=\"https:\/\/i0.wp.com\/aiartfree.online\/wp-content\/uploads\/2025\/03\/WX20250307-114300%402x.webp?w=1900&amp;ssl=1 1900w, https:\/\/i0.wp.com\/aiartfree.online\/wp-content\/uploads\/2025\/03\/WX20250307-114300%402x.webp?resize=300%2C92&amp;ssl=1 300w, https:\/\/i0.wp.com\/aiartfree.online\/wp-content\/uploads\/2025\/03\/WX20250307-114300%402x.webp?resize=1024%2C314&amp;ssl=1 1024w, https:\/\/i0.wp.com\/aiartfree.online\/wp-content\/uploads\/2025\/03\/WX20250307-114300%402x.webp?resize=768%2C235&amp;ssl=1 768w, https:\/\/i0.wp.com\/aiartfree.online\/wp-content\/uploads\/2025\/03\/WX20250307-114300%402x.webp?resize=1536%2C471&amp;ssl=1 1536w, https:\/\/i0.wp.com\/aiartfree.online\/wp-content\/uploads\/2025\/03\/WX20250307-114300%402x.webp?resize=18%2C6&amp;ssl=1 18w, https:\/\/i0.wp.com\/aiartfree.online\/wp-content\/uploads\/2025\/03\/WX20250307-114300%402x.webp?resize=600%2C184&amp;ssl=1 600w\" sizes=\"auto, (max-width: 1200px) 100vw, 1200px\" \/><\/a><\/figure>\n\n\n\n<p class=\"\"><em>* En fonction de votre vitesse d'acc\u00e8s \u00e0 Internet, le chargement du mod\u00e8le peut prendre <\/em>jusqu'\u00e0 10 secondes \u2193<\/p>\n\n\n\n<div class=\"iframe-wrapper\" style=\"position: relative; width: 100%; height: 2300px;\">\n  <div class=\"loading\" style=\"position: absolute; top: 50px; left: 50%; transform: translate(-50%, -50%); width: 40px; height: 40px; border: 3px solid #f0f0f0; border-top: 3px solid #db7093; border-radius: 50%; animation: spin 1s linear infinite;\"><\/div>\n  <iframe loading=\"lazy\" src=\"https:\/\/guoyww-animatediff.hf.space\" frameborder=\"0\" width=\"100%\" height=\"100%\" style=\"position: absolute; top: 0; left: 0; opacity: 0; transition: opacity 0.3s;\" onload=\"this.style.opacity=1;this.previousElementSibling.style.display='none';\"><\/iframe>\n<\/div>\n\n<style>\n@keyframes spin {\n  0% { transform: translate(-50%, -50%) rotate(0deg); }\n  100% { transform: translate(-50%, -50%) rotate(360deg); }\n}\n<\/style>\n\n\n\n<div style=\"height:50px\" aria-hidden=\"true\" class=\"wp-block-spacer\"><\/div>\n\n\n\n<h2 class=\"wp-block-heading\">Introduction du g\u00e9n\u00e9rateur de vid\u00e9os d'IA<\/h2>\n\n\n\n<p class=\"\">Dans le paysage num\u00e9rique moderne, les g\u00e9n\u00e9rateurs vid\u00e9o d'IA r\u00e9volutionnent la cr\u00e9ation de contenu. Ces outils avanc\u00e9s exploitent la puissance de l'intelligence artificielle pour rationaliser et am\u00e9liorer la production vid\u00e9o, en la rendant accessible \u00e0 un public plus large. Dans cet article, nous allons explorer le concept des g\u00e9n\u00e9rateurs de vid\u00e9os d'IA, leur importance et leurs applications dans diff\u00e9rents secteurs. Nous donnerons \u00e9galement un aper\u00e7u complet des meilleurs outils disponibles, en mettant l'accent sur le g\u00e9n\u00e9rateur de vid\u00e9os d'IA le mieux class\u00e9, <a href=\"https:\/\/aiartfree.online\/fr\/generateur-de-video-ia\/\">AI Art Gratuit<\/a>.<\/p>\n\n\n\n<figure class=\"gb-block-image gb-block-image-94da07aa\"><img data-recalc-dims=\"1\" decoding=\"async\" loading=\"lazy\" width=\"300\" height=\"170\" class=\"gb-image gb-image-94da07aa\" src=\"https:\/\/i0.wp.com\/aiartfree.online\/wp-content\/uploads\/2024\/07\/WX20240720-101347%402x.jpg?resize=300%2C170&#038;ssl=1\" alt=\"Un g\u00e9n\u00e9rateur de vid\u00e9os d&#039;IA est une application logicielle sophistiqu\u00e9e qui utilise l&#039;intelligence artificielle pour cr\u00e9er des vid\u00e9os automatiquement. Ces outils peuvent transformer des textes, des images ou m\u00eame des s\u00e9quences vid\u00e9o brutes en vid\u00e9os soign\u00e9es de qualit\u00e9 professionnelle. Ils int\u00e8grent diverses technologies d&#039;IA telles que le traitement du langage naturel (NLP), la vision par ordinateur et l&#039;apprentissage automatique afin d&#039;analyser et d&#039;interpr\u00e9ter les donn\u00e9es d&#039;entr\u00e9e, g\u00e9n\u00e9rant ainsi un contenu \u00e0 la fois engageant et visuellement attrayant.\" title=\"WX20240720-101347@2x\" srcset=\"https:\/\/i0.wp.com\/aiartfree.online\/wp-content\/uploads\/2024\/07\/WX20240720-101347%402x.jpg?resize=300%2C170&amp;ssl=1 300w, https:\/\/i0.wp.com\/aiartfree.online\/wp-content\/uploads\/2024\/07\/WX20240720-101347%402x.jpg?resize=1024%2C579&amp;ssl=1 1024w, https:\/\/i0.wp.com\/aiartfree.online\/wp-content\/uploads\/2024\/07\/WX20240720-101347%402x.jpg?resize=768%2C434&amp;ssl=1 768w, https:\/\/i0.wp.com\/aiartfree.online\/wp-content\/uploads\/2024\/07\/WX20240720-101347%402x.jpg?resize=18%2C10&amp;ssl=1 18w, https:\/\/i0.wp.com\/aiartfree.online\/wp-content\/uploads\/2024\/07\/WX20240720-101347%402x.jpg?resize=600%2C339&amp;ssl=1 600w, https:\/\/i0.wp.com\/aiartfree.online\/wp-content\/uploads\/2024\/07\/WX20240720-101347%402x.jpg?w=1030&amp;ssl=1 1030w\" sizes=\"auto, (max-width: 300px) 100vw, 300px\" \/><\/figure>\n\n\n\n<h3 class=\"wp-block-heading\">Table des mati\u00e8res<\/h3>\n\n\n\n<ol class=\"wp-block-list\">\n<li class=\"\"><a href=\"#what-is-an-ai-video-generator\">Qu'est-ce qu'un g\u00e9n\u00e9rateur de vid\u00e9os d'IA ?<\/a><\/li>\n\n\n\n<li class=\"\"><a href=\"#why-use-an-ai-video-generator\">Pourquoi utiliser un g\u00e9n\u00e9rateur de vid\u00e9os d'IA ?<\/a><\/li>\n\n\n\n<li class=\"\"><a href=\"#suitable-industries-and-people\">Industries et personnes appropri\u00e9es<\/a><\/li>\n\n\n\n<li class=\"\"><a href=\"#related-tools-and-information\">Outils et informations connexes<\/a><\/li>\n\n\n\n<li class=\"\"><a href=\"#frequently-asked-questions-faq\">Foire aux questions (FAQ)<\/a><\/li>\n<\/ol>\n\n\n\n<h3 class=\"wp-block-heading\">Qu'est-ce qu'un g\u00e9n\u00e9rateur de vid\u00e9os d'IA ?<\/h3>\n\n\n\n<p class=\"\">Un g\u00e9n\u00e9rateur de vid\u00e9os d'IA est une application logicielle sophistiqu\u00e9e qui utilise l'intelligence artificielle pour cr\u00e9er des vid\u00e9os automatiquement. Ces outils peuvent transformer des textes, des images ou m\u00eame des s\u00e9quences vid\u00e9o brutes en vid\u00e9os soign\u00e9es de qualit\u00e9 professionnelle. Ils int\u00e8grent diverses technologies d'IA telles que le traitement du langage naturel (NLP), la vision par ordinateur et l'apprentissage automatique afin d'analyser et d'interpr\u00e9ter les donn\u00e9es d'entr\u00e9e, g\u00e9n\u00e9rant ainsi un contenu \u00e0 la fois engageant et visuellement attrayant.<\/p>\n\n\n\n<h3 class=\"wp-block-heading\">Pourquoi utiliser un g\u00e9n\u00e9rateur de vid\u00e9os d'IA ?<\/h3>\n\n\n\n<p class=\"\">Les g\u00e9n\u00e9rateurs vid\u00e9o IA offrent de nombreux avantages qui les rendent indispensables dans le domaine de la production vid\u00e9o :<\/p>\n\n\n\n<ul class=\"wp-block-list\">\n<li class=\"\"><strong>Efficacit\u00e9<\/strong>: Ces outils r\u00e9duisent consid\u00e9rablement le temps et les efforts n\u00e9cessaires \u00e0 la cr\u00e9ation de vid\u00e9os, ce qui permet des cycles de production rapides.<\/li>\n\n\n\n<li class=\"\"><strong>Rentabilit\u00e9<\/strong>: En automatisant de nombreux aspects de la cr\u00e9ation vid\u00e9o, les g\u00e9n\u00e9rateurs vid\u00e9o IA peuvent r\u00e9duire les co\u00fbts de production, rendant ainsi le contenu vid\u00e9o de haute qualit\u00e9 accessible aux entreprises et aux particuliers dont les budgets sont limit\u00e9s.<\/li>\n\n\n\n<li class=\"\"><strong>Coh\u00e9rence<\/strong>: AI assure l'uniformit\u00e9 du style et de la qualit\u00e9, en maintenant la coh\u00e9rence de la marque dans tous les contenus vid\u00e9o.<\/li>\n\n\n\n<li class=\"\"><strong>Accessibilit\u00e9<\/strong>: M\u00eame les personnes n'ayant que peu ou pas d'exp\u00e9rience en mati\u00e8re de montage vid\u00e9o peuvent produire des vid\u00e9os de qualit\u00e9 professionnelle, d\u00e9mocratisant ainsi la cr\u00e9ation de contenu.<\/li>\n\n\n\n<li class=\"\"><strong>Personnalisation<\/strong>: Les g\u00e9n\u00e9rateurs de vid\u00e9os IA permettent une personnalisation facile, permettant aux cr\u00e9ateurs d'adapter les vid\u00e9os \u00e0 des publics sp\u00e9cifiques ou \u00e0 des campagnes de marketing.<\/li>\n<\/ul>\n\n\n\n<h3 class=\"wp-block-heading\">Industries et personnes appropri\u00e9es<\/h3>\n\n\n\n<p class=\"\">Les g\u00e9n\u00e9rateurs de vid\u00e9os d'IA sont des outils polyvalents qui peuvent b\u00e9n\u00e9ficier \u00e0 un large \u00e9ventail d'utilisateurs dans diff\u00e9rents secteurs :<\/p>\n\n\n\n<ul class=\"wp-block-list\">\n<li class=\"\"><strong>Professionnels du marketing<\/strong>: Pour cr\u00e9er des vid\u00e9os promotionnelles, des publicit\u00e9s et des contenus de m\u00e9dias sociaux attrayants.<\/li>\n\n\n\n<li class=\"\"><strong>\u00c9ducateurs et formateurs<\/strong>: Pour d\u00e9velopper des vid\u00e9os p\u00e9dagogiques, des tutoriels et des contenus d'apprentissage en ligne.<\/li>\n\n\n\n<li class=\"\"><strong>Cr\u00e9ateurs de contenu et influenceurs<\/strong>: Pour produire des vid\u00e9os YouTube, des vlogs et d'autres contenus de m\u00e9dias sociaux de haute qualit\u00e9.<\/li>\n\n\n\n<li class=\"\"><strong>Entreprises<\/strong>: Pour les communications d'entreprise, les d\u00e9monstrations de produits et les vid\u00e9os de formation interne.<\/li>\n\n\n\n<li class=\"\"><strong>Production de films et de m\u00e9dias<\/strong>: Pour rationaliser le processus de post-production et g\u00e9n\u00e9rer des effets sp\u00e9ciaux ou des s\u00e9quences anim\u00e9es.<\/li>\n<\/ul>\n\n\n\n<h3 class=\"wp-block-heading\">Outils et informations connexes<\/h3>\n\n\n\n<p class=\"\">Vous trouverez ci-dessous un tableau r\u00e9capitulatif de 10 outils de g\u00e9n\u00e9ration de vid\u00e9os par l'IA, avec un bref aper\u00e7u de chacun d'entre eux, ainsi que leurs avantages, inconv\u00e9nients, d\u00e9fis et recommandations.<\/p>\n\n\n\n<figure class=\"wp-block-table\"><table class=\"has-fixed-layout\"><thead><tr><th>Nom de l'outil<\/th><th>URL<\/th><th>R\u00e9sum\u00e9<\/th><th>Pour<\/th><th>Cons<\/th><th>Avantages<\/th><th>D\u00e9fis<\/th><th>Recommandations<\/th><\/tr><\/thead><tbody><tr><td><strong>Pictoire<\/strong><\/td><td><a href=\"https:\/\/pictory.ai\" target=\"_blank\" rel=\"noopener\">Pictoire<\/a><\/td><td>Cr\u00e9ation de vid\u00e9os \u00e0 partir de textes gr\u00e2ce \u00e0 l'IA<\/td><td>Convivialit\u00e9, rapidit\u00e9<\/td><td>Personnalisation limit\u00e9e<\/td><td>G\u00e9n\u00e9ration rapide de vid\u00e9os<\/td><td>Courbe d'apprentissage<\/td><td>Le meilleur pour les d\u00e9butants<\/td><\/tr><tr><td><strong>Animoto<\/strong><\/td><td><a href=\"https:\/\/animoto.com\" target=\"_blank\" rel=\"noopener\">Animoto<\/a><\/td><td>Cr\u00e9ation de vid\u00e9os par simple glisser-d\u00e9poser<\/td><td>Facile \u00e0 utiliser, Mod\u00e8les<\/td><td>Moins de contr\u00f4le sur les d\u00e9tails<\/td><td>Des mod\u00e8les qui font gagner du temps<\/td><td>Caract\u00e9ristiques de base<\/td><td>Id\u00e9al pour les projets simples<\/td><\/tr><tr><td><strong>Synth\u00e8se<\/strong><\/td><td><a href=\"https:\/\/synthesia.io\" target=\"_blank\" rel=\"noopener\">Synth\u00e8se<\/a><\/td><td>Cr\u00e9ation de vid\u00e9os par l'IA avec des avatars<\/td><td>Avatars r\u00e9alistes, multilingue<\/td><td>Co\u00fbt plus \u00e9lev\u00e9<\/td><td>Avatars personnalisables<\/td><td>N\u00e9cessite l'utilisation de scripts<\/td><td>Id\u00e9al pour les vid\u00e9os d'entreprise<\/td><\/tr><tr><td><strong>Lumen5<\/strong><\/td><td><a href=\"https:\/\/lumen5.com\" target=\"_blank\" rel=\"noopener\">Lumen5<\/a><\/td><td>Cr\u00e9ation de vid\u00e9os \u00e0 partir d'articles gr\u00e2ce \u00e0 l'IA<\/td><td>Int\u00e9gration dans les blogs, Rapide<\/td><td>Filigrane sur la version gratuite<\/td><td>Cr\u00e9ation automatis\u00e9e de contenu<\/td><td>Options gratuites limit\u00e9es<\/td><td>Le meilleur pour les blogueurs<\/td><\/tr><tr><td><strong>Magisto<\/strong><\/td><td><a href=\"https:\/\/magisto.com\" target=\"_blank\" rel=\"noopener\">Magisto<\/a><\/td><td>Un \u00e9diteur vid\u00e9o intelligent gr\u00e2ce \u00e0 l'IA<\/td><td>Edition intelligente, Biblioth\u00e8que musicale<\/td><td>Abonnement obligatoire<\/td><td>\u00c9dition automatis\u00e9e<\/td><td>Contr\u00f4le manuel limit\u00e9<\/td><td>Id\u00e9al pour les m\u00e9dias sociaux<\/td><\/tr><tr><td><strong>Wibbitz<\/strong><\/td><td><a href=\"https:\/\/wibbitz.com\" target=\"_blank\" rel=\"noopener\">Wibbitz<\/a><\/td><td>Plate-forme de cr\u00e9ation vid\u00e9o pour les \u00e9quipes<\/td><td>Collaboratif, rapide<\/td><td>Co\u00fbteux<\/td><td>Collaboration d'\u00e9quipe<\/td><td>Courbe d'apprentissage abrupte<\/td><td>Le meilleur pour les \u00e9quipes de marketing<\/td><\/tr><tr><td><strong>FlexClip<\/strong><\/td><td><a href=\"https:\/\/flexclip.com\" target=\"_blank\" rel=\"noopener\">FlexClip<\/a><\/td><td>Cr\u00e9ateur de vid\u00e9os en ligne avec mod\u00e8les<\/td><td>Facile \u00e0 utiliser, Mod\u00e8les<\/td><td>Fonctionnalit\u00e9s avanc\u00e9es limit\u00e9es<\/td><td>Convivialit\u00e9<\/td><td>Caract\u00e9ristiques de base<\/td><td>Bon pour les modifications rapides<\/td><\/tr><tr><td><strong>InVideo<\/strong><\/td><td><a href=\"https:\/\/invideo.io\" target=\"_blank\" rel=\"noopener\">InVideo<\/a><\/td><td>\u00c9diteur vid\u00e9o en ligne avec IA<\/td><td>Biblioth\u00e8que de m\u00e9dias \u00e9tendue, Mod\u00e8les<\/td><td>Filigrane sur la version gratuite<\/td><td>Options de m\u00e9dias enrichis<\/td><td>Frais d'abonnement<\/td><td>Le meilleur pour les sp\u00e9cialistes du marketing<\/td><\/tr><tr><td><strong>Designs.ai<\/strong><\/td><td><a href=\"https:\/\/designs.ai\" target=\"_blank\" rel=\"noopener\">Designs.ai<\/a><\/td><td>Outils cr\u00e9atifs aliment\u00e9s par l'IA<\/td><td>Polyvalent, rapide<\/td><td>Abonnement obligatoire<\/td><td>De nombreux outils cr\u00e9atifs<\/td><td>N\u00e9cessite l'internet<\/td><td>Id\u00e9al pour les cr\u00e9ateurs de contenu<\/td><\/tr><tr><td><strong>DeepBrain<\/strong><\/td><td><a href=\"https:\/\/deepbrain.io\" target=\"_blank\" rel=\"noopener\">DeepBrain<\/a><\/td><td>G\u00e9n\u00e9rateur de vid\u00e9os d'IA avec apprentissage profond<\/td><td>Haute qualit\u00e9, personnalisable<\/td><td>Interface complexe<\/td><td>Production de haute qualit\u00e9<\/td><td>N\u00e9cessite une formation<\/td><td>Id\u00e9al pour les utilisateurs avanc\u00e9s<\/td><\/tr><\/tbody><\/table><\/figure>\n\n\n\n<h3 class=\"wp-block-heading\">Foire aux questions (FAQ)<\/h3>\n\n\n\n<ol class=\"wp-block-list\">\n<li class=\"\"><strong>Qu'est-ce qu'un g\u00e9n\u00e9rateur de vid\u00e9os d'IA ?<\/strong>\n<ul class=\"wp-block-list\">\n<li class=\"\">Un g\u00e9n\u00e9rateur de vid\u00e9os d'IA est un outil qui utilise l'intelligence artificielle pour cr\u00e9er des vid\u00e9os automatiquement \u00e0 partir de diff\u00e9rentes entr\u00e9es telles que du texte, des images ou des s\u00e9quences brutes.<\/li>\n<\/ul>\n<\/li>\n\n\n\n<li class=\"\"><strong>Comment fonctionne un g\u00e9n\u00e9rateur de vid\u00e9os d'IA ?<\/strong>\n<ul class=\"wp-block-list\">\n<li class=\"\">Il utilise des technologies d'IA telles que le traitement du langage naturel et la vision par ordinateur pour interpr\u00e9ter les donn\u00e9es d'entr\u00e9e et g\u00e9n\u00e9rer du contenu vid\u00e9o.<\/li>\n<\/ul>\n<\/li>\n\n\n\n<li class=\"\"><strong>Quels sont les avantages de l'utilisation d'un g\u00e9n\u00e9rateur de vid\u00e9os d'IA ?<\/strong>\n<ul class=\"wp-block-list\">\n<li class=\"\">Les avantages sont notamment une efficacit\u00e9 accrue, des \u00e9conomies, une qualit\u00e9 constante, l'accessibilit\u00e9 et une personnalisation ais\u00e9e.<\/li>\n<\/ul>\n<\/li>\n\n\n\n<li class=\"\"><strong>Qui peut b\u00e9n\u00e9ficier des g\u00e9n\u00e9rateurs vid\u00e9o d'IA ?<\/strong>\n<ul class=\"wp-block-list\">\n<li class=\"\">Les professionnels du marketing, les \u00e9ducateurs, les cr\u00e9ateurs de contenu, les entreprises et les \u00e9quipes de production m\u00e9diatique peuvent tous en b\u00e9n\u00e9ficier.<\/li>\n<\/ul>\n<\/li>\n\n\n\n<li class=\"\"><strong>Les g\u00e9n\u00e9rateurs de vid\u00e9os d'IA sont-ils co\u00fbteux ?<\/strong>\n<ul class=\"wp-block-list\">\n<li class=\"\">Les prix varient, mais de nombreux outils offrent des options rentables qui sont moins ch\u00e8res que les m\u00e9thodes de production vid\u00e9o traditionnelles.<\/li>\n<\/ul>\n<\/li>\n\n\n\n<li class=\"\"><strong>Les d\u00e9butants peuvent-ils utiliser des g\u00e9n\u00e9rateurs de vid\u00e9os d'IA ?<\/strong>\n<ul class=\"wp-block-list\">\n<li class=\"\">Oui, de nombreux g\u00e9n\u00e9rateurs de vid\u00e9os d'IA sont con\u00e7us pour \u00eatre conviviaux, ce qui les rend accessibles aux d\u00e9butants.<\/li>\n<\/ul>\n<\/li>\n\n\n\n<li class=\"\"><strong>Quel est le meilleur g\u00e9n\u00e9rateur de vid\u00e9os d'IA ?<\/strong>\n<ul class=\"wp-block-list\">\n<li class=\"\">Le meilleur outil peut varier en fonction des besoins, mais <a href=\"https:\/\/aiartfree.online\/fr\/generateur-de-video-ia\/\">AI Art Gratuit<\/a> est fortement recommand\u00e9 pour ses fonctionnalit\u00e9s et sa facilit\u00e9 d'utilisation.<\/li>\n<\/ul>\n<\/li>\n\n\n\n<li class=\"\"><strong>Les g\u00e9n\u00e9rateurs de vid\u00e9os d'IA n\u00e9cessitent-ils des comp\u00e9tences particuli\u00e8res ?<\/strong>\n<ul class=\"wp-block-list\">\n<li class=\"\">La plupart ne requi\u00e8rent pas de comp\u00e9tences particuli\u00e8res et sont con\u00e7ues pour \u00eatre intuitives, m\u00eame si une certaine familiarit\u00e9 avec le montage vid\u00e9o peut s'av\u00e9rer utile.<\/li>\n<\/ul>\n<\/li>\n\n\n\n<li class=\"\"><strong>Comment choisir le bon g\u00e9n\u00e9rateur de vid\u00e9os d'IA ?<\/strong>\n<ul class=\"wp-block-list\">\n<li class=\"\">Tenez compte de facteurs tels que la facilit\u00e9 d'utilisation, les options de personnalisation, le co\u00fbt et les besoins sp\u00e9cifiques de votre projet.<\/li>\n<\/ul>\n<\/li>\n\n\n\n<li class=\"\"><strong>Les g\u00e9n\u00e9rateurs de vid\u00e9os par IA peuvent-ils cr\u00e9er des vid\u00e9os de haute qualit\u00e9 ?<\/strong>\n<ul class=\"wp-block-list\">\n<li class=\"\">Oui, de nombreux g\u00e9n\u00e9rateurs de vid\u00e9os d'IA produisent des vid\u00e9os de qualit\u00e9 professionnelle qui conviennent \u00e0 diverses applications, du marketing \u00e0 l'\u00e9ducation.<\/li>\n<\/ul>\n<\/li>\n<\/ol>\n\n\n\n<p class=\"\">En conclusion, les g\u00e9n\u00e9rateurs vid\u00e9o d'IA transforment la mani\u00e8re dont les vid\u00e9os sont cr\u00e9\u00e9es, offrant de nombreux avantages et rendant la production vid\u00e9o plus accessible \u00e0 tous. Pour ceux qui souhaitent explorer ces outils, <a href=\"https:\/\/aiartfree.online\/fr\/generateur-de-video-ia\/\">AI Art Gratuit<\/a> s'impose comme un choix de premier ordre, offrant un ensemble de fonctionnalit\u00e9s robustes et une grande facilit\u00e9 d'utilisation.<\/p>","protected":false},"excerpt":{"rendered":"<p>What other users made with AI Video Generator Prompt: 1 girl, off-shoulder, light smile, shiny skin best quality, masterpiece, photorealistic, turn around 3 Steps to Use AI Video Generator *&nbsp;Depending on your internet speed, loading the model may take up to 10 seconds \u2193 Introduction of AI Video Generator In the modern digital landscape, AI &#8230; <a title=\"G\u00e9n\u00e9rateur de vid\u00e9os AI\" class=\"read-more\" href=\"https:\/\/aiartfree.online\/fr\/generateur-de-video-ia\/\" aria-label=\"En savoir plus sur AI Video Generator\">Lire la suite<\/a><\/p>","protected":false},"author":1,"featured_media":3463,"parent":0,"menu_order":0,"comment_status":"open","ping_status":"closed","template":"","meta":{"nf_dc_page":"","footnotes":""},"class_list":["post-2993","page","type-page","status-publish","has-post-thumbnail"],"jetpack_sharing_enabled":true,"_links":{"self":[{"href":"https:\/\/aiartfree.online\/fr\/wp-json\/wp\/v2\/pages\/2993","targetHints":{"allow":["GET"]}}],"collection":[{"href":"https:\/\/aiartfree.online\/fr\/wp-json\/wp\/v2\/pages"}],"about":[{"href":"https:\/\/aiartfree.online\/fr\/wp-json\/wp\/v2\/types\/page"}],"author":[{"embeddable":true,"href":"https:\/\/aiartfree.online\/fr\/wp-json\/wp\/v2\/users\/1"}],"replies":[{"embeddable":true,"href":"https:\/\/aiartfree.online\/fr\/wp-json\/wp\/v2\/comments?post=2993"}],"version-history":[{"count":1,"href":"https:\/\/aiartfree.online\/fr\/wp-json\/wp\/v2\/pages\/2993\/revisions"}],"predecessor-version":[{"id":3601,"href":"https:\/\/aiartfree.online\/fr\/wp-json\/wp\/v2\/pages\/2993\/revisions\/3601"}],"wp:featuredmedia":[{"embeddable":true,"href":"https:\/\/aiartfree.online\/fr\/wp-json\/wp\/v2\/media\/3463"}],"wp:attachment":[{"href":"https:\/\/aiartfree.online\/fr\/wp-json\/wp\/v2\/media?parent=2993"}],"curies":[{"name":"wp","href":"https:\/\/api.w.org\/{rel}","templated":true}]}}