{"id":2986,"date":"2024-07-19T17:43:48","date_gmt":"2024-07-19T17:43:48","guid":{"rendered":"https:\/\/aiartfree.online\/?page_id=2986"},"modified":"2025-03-07T08:22:52","modified_gmt":"2025-03-07T08:22:52","slug":"video-to-gif","status":"publish","type":"page","link":"https:\/\/aiartfree.online\/fr\/video-vers-gif\/","title":{"rendered":"Vid\u00e9o gratuite au format GIF"},"content":{"rendered":"<h2 class=\"wp-block-heading\">Comment utiliser Video to GIF<\/h2>\n\n\n\n<ol class=\"wp-block-list\">\n<li class=\"\">D\u00e9posez ou t\u00e9l\u00e9chargez votre vid\u00e9o pr\u00e9f\u00e9r\u00e9e<\/li>\n\n\n\n<li class=\"\">Faites d\u00e9filer vers le bas et cliquez sur \"G\u00e9n\u00e9rer un GIF anim\u00e9\".<\/li>\n\n\n\n<li class=\"\">Attendez environ 9 \u00e0 14 secondes, c'est tout !<\/li>\n\n\n\n<li class=\"\">T\u00e9l\u00e9chargez-le pour le partager avec vos amis<\/li>\n<\/ol>\n\n\n\n<figure class=\"gb-block-image gb-block-image-4dfafe81\"><a href=\"https:\/\/fas.st\/t\/XmtmoHSk\" target=\"_blank\" rel=\"noopener noreferrer\"><img data-recalc-dims=\"1\" decoding=\"async\" loading=\"lazy\" width=\"1200\" height=\"368\" class=\"gb-image gb-image-4dfafe81\" src=\"https:\/\/i0.wp.com\/aiartfree.online\/wp-content\/uploads\/2025\/03\/WX20250307-114300%402x.webp?resize=1200%2C368&#038;ssl=1\" alt=\"\" title=\"WX20250307-114300@2x\" srcset=\"https:\/\/i0.wp.com\/aiartfree.online\/wp-content\/uploads\/2025\/03\/WX20250307-114300%402x.webp?w=1900&amp;ssl=1 1900w, https:\/\/i0.wp.com\/aiartfree.online\/wp-content\/uploads\/2025\/03\/WX20250307-114300%402x.webp?resize=300%2C92&amp;ssl=1 300w, https:\/\/i0.wp.com\/aiartfree.online\/wp-content\/uploads\/2025\/03\/WX20250307-114300%402x.webp?resize=1024%2C314&amp;ssl=1 1024w, https:\/\/i0.wp.com\/aiartfree.online\/wp-content\/uploads\/2025\/03\/WX20250307-114300%402x.webp?resize=768%2C235&amp;ssl=1 768w, https:\/\/i0.wp.com\/aiartfree.online\/wp-content\/uploads\/2025\/03\/WX20250307-114300%402x.webp?resize=1536%2C471&amp;ssl=1 1536w, https:\/\/i0.wp.com\/aiartfree.online\/wp-content\/uploads\/2025\/03\/WX20250307-114300%402x.webp?resize=18%2C6&amp;ssl=1 18w, https:\/\/i0.wp.com\/aiartfree.online\/wp-content\/uploads\/2025\/03\/WX20250307-114300%402x.webp?resize=600%2C184&amp;ssl=1 600w\" sizes=\"auto, (max-width: 1200px) 100vw, 1200px\" \/><\/a><\/figure>\n\n\n\n<p class=\"\"><em>* Le chargement du mod\u00e8le peut prendre quelques secondes en fonction de la vitesse de l'internet.<br>* Il y aura une mise en cache pendant la g\u00e9n\u00e9ration continue, et la nouvelle image appara\u00eetra apr\u00e8s environ 3 secondes.<\/em><\/p>\n\n\n\n<div style=\"text-align: center;\">\n  <iframe loading=\"lazy\"\n    src=\"https:\/\/fariyan-gif-studio.hf.space\"\n    frameborder=\"0\"\n    width=\"1200\"\n    height=\"2500\"\n    style=\"display: inline-block; margin: 0 auto;\"\n  ><\/iframe>\n<\/div>\n\n\n\n<div style=\"height:50px\" aria-hidden=\"true\" class=\"wp-block-spacer\"><\/div>\n\n\n\n<h2 class=\"wp-block-heading\">Introduction de la vid\u00e9o au GIF<\/h2>\n\n\n\n<p class=\"\">\u00c0 l'\u00e8re de la cr\u00e9ation de contenu num\u00e9rique, la transformation de vid\u00e9os en GIF est devenue un moyen populaire de partager des moments dans un format dynamique mais compact. Ce guide explore le concept de la conversion de vid\u00e9os en GIFs, l'importance de ce processus, les meilleurs outils disponibles et r\u00e9pond aux questions les plus fr\u00e9quentes.<\/p>\n\n\n\n<h3 class=\"wp-block-heading\">Table des mati\u00e8res<\/h3>\n\n\n\n<ol class=\"wp-block-list\">\n<li class=\"\">Qu'est-ce que la conversion de vid\u00e9os en GIF ?<\/li>\n\n\n\n<li class=\"\">Pourquoi utiliser Video to GIF ?<\/li>\n\n\n\n<li class=\"\">Utilisateurs ou secteurs d'activit\u00e9 concern\u00e9s<\/li>\n\n\n\n<li class=\"\">Les 10 meilleurs outils et informations<\/li>\n\n\n\n<li class=\"\">Questions fr\u00e9quemment pos\u00e9es<\/li>\n<\/ol>\n\n\n\n<h3 class=\"wp-block-heading\">Qu'est-ce que la conversion de vid\u00e9os en GIF ?<\/h3>\n\n\n\n<p class=\"\">La conversion d'une vid\u00e9o en GIF consiste \u00e0 transformer un fichier vid\u00e9o en une image GIF. Les GIF, ou images Graphics Interchange Format, sont largement utilis\u00e9s sur les m\u00e9dias sociaux et les sites web en raison de leur capacit\u00e9 \u00e0 r\u00e9aliser des animations en boucle et de leur taille de fichier relativement r\u00e9duite. Ce processus permet aux utilisateurs de prendre un segment d'une vid\u00e9o et de le convertir en une image anim\u00e9e, qui peut \u00eatre facilement partag\u00e9e et visualis\u00e9e sur diff\u00e9rentes plateformes.<\/p>\n\n\n\n<h3 class=\"wp-block-heading\">Pourquoi utiliser Video to GIF ?<\/h3>\n\n\n\n<p class=\"\">La conversion de vid\u00e9os en GIF pr\u00e9sente plusieurs avantages :<\/p>\n\n\n\n<ul class=\"wp-block-list\">\n<li class=\"\"><strong>Engagement<\/strong>: Les GIF attirent l'attention et peuvent rapidement capter l'attention des spectateurs.<\/li>\n\n\n\n<li class=\"\"><strong>Compatibilit\u00e9<\/strong>: Les GIF sont pris en charge par la plupart des plateformes de m\u00e9dias sociaux et des applications de messagerie.<\/li>\n\n\n\n<li class=\"\"><strong>Taille du fichier<\/strong>: Par rapport aux vid\u00e9os, les GIF sont plus petits, ce qui les rend plus faciles \u00e0 t\u00e9l\u00e9charger et \u00e0 partager.<\/li>\n\n\n\n<li class=\"\"><strong>Cr\u00e9ativit\u00e9<\/strong>: Les GIF permettent une expression cr\u00e9ative en soulignant des moments sp\u00e9cifiques ou en ajoutant de l'humour gr\u00e2ce \u00e0 des animations en boucle.<\/li>\n<\/ul>\n\n\n\n<h3 class=\"wp-block-heading\">Utilisateurs ou secteurs d'activit\u00e9 concern\u00e9s<\/h3>\n\n\n\n<p class=\"\">La conversion de vid\u00e9os en GIF est b\u00e9n\u00e9fique pour divers utilisateurs et secteurs d'activit\u00e9, notamment :<\/p>\n\n\n\n<ul class=\"wp-block-list\">\n<li class=\"\"><strong>Influenceurs des m\u00e9dias sociaux<\/strong>: Cr\u00e9er un contenu attrayant qui se d\u00e9marque.<\/li>\n\n\n\n<li class=\"\"><strong>Les sp\u00e9cialistes du marketing<\/strong>: Pour am\u00e9liorer les publicit\u00e9s et le mat\u00e9riel promotionnel.<\/li>\n\n\n\n<li class=\"\"><strong>\u00c9ducateurs<\/strong>: Cr\u00e9er des animations p\u00e9dagogiques simples et en boucle.<\/li>\n\n\n\n<li class=\"\"><strong>Cr\u00e9ateurs de contenu<\/strong>: Pour partager les moments forts ou amusants de vid\u00e9os plus longues.<\/li>\n\n\n\n<li class=\"\"><strong>Entreprises<\/strong>: Cr\u00e9er des visuels attrayants pour les sites web et les pr\u00e9sentations.<\/li>\n<\/ul>\n\n\n\n<h3 class=\"wp-block-heading\">Les 10 meilleurs outils et informations<\/h3>\n\n\n\n<p class=\"\">Vous trouverez ci-dessous un tableau r\u00e9capitulatif des 10 meilleurs outils de conversion de vid\u00e9os en GIF, avec leur URL, leurs avantages, leurs inconv\u00e9nients, leurs atouts, leurs d\u00e9fis et leurs recommandations.<\/p>\n\n\n\n<figure class=\"wp-block-table\"><table class=\"has-fixed-layout\"><thead><tr><th>Nom de l'outil<\/th><th>URL<\/th><th>Pour<\/th><th>Cons<\/th><th>Avantages<\/th><th>D\u00e9fis<\/th><th>Recommandations<\/th><\/tr><\/thead><tbody><tr><td><strong>Vid\u00e9o gratuite au format GIF<\/strong><\/td><td><a href=\"https:\/\/aiartfree.online\/fr\/video-vers-gif\/\" data-type=\"link\" data-id=\"https:\/\/aiartfree.online\/video-to-gif\/\">aiartfree.online<\/a><\/td><td>Facilit\u00e9 d'utilisation, r\u00e9sultats de haute qualit\u00e9<\/td><td>Fonctionnalit\u00e9s avanc\u00e9es limit\u00e9es<\/td><td>Id\u00e9al pour les conversions rapides<\/td><td>Peut ne pas convenir aux r\u00e9dacteurs professionnels<\/td><td>Le meilleur outil pour les utilisateurs g\u00e9n\u00e9raux<\/td><\/tr><tr><td><strong>Giphy<\/strong><\/td><td><a href=\"https:\/\/giphy.com\" rel=\"nofollow noopener\" target=\"_blank\">giphy.com<\/a><\/td><td>Biblioth\u00e8que \u00e9tendue, partage facile<\/td><td>Filigrane sur la version gratuite<\/td><td>Id\u00e9al pour les m\u00e9dias sociaux<\/td><td>Inscription obligatoire<\/td><td>Id\u00e9al pour les m\u00e9dias sociaux<\/td><\/tr><tr><td><strong>Imgur<\/strong><\/td><td><a href=\"https:\/\/imgur.com\" rel=\"nofollow noopener\" target=\"_blank\">imgur.com<\/a><\/td><td>Gratuit, interface simple<\/td><td>Options d'\u00e9dition limit\u00e9es<\/td><td>Bon pour les modifications rapides<\/td><td>Pas de fonctions avanc\u00e9es<\/td><td>Bon pour les utilisateurs occasionnels<\/td><\/tr><tr><td><strong>EZGIF<\/strong><\/td><td><a href=\"https:\/\/ezgif.com\" rel=\"nofollow noopener\" target=\"_blank\">ezgif.com<\/a><\/td><td>Fonctionnalit\u00e9s compl\u00e8tes, gratuites<\/td><td>L'interface peut \u00eatre \u00e9crasante<\/td><td>Convient pour des \u00e9ditions d\u00e9taill\u00e9es<\/td><td>Peut \u00eatre complexe pour les d\u00e9butants<\/td><td>Recommand\u00e9 pour l'\u00e9dition d\u00e9taill\u00e9e<\/td><\/tr><tr><td><strong>Convertio<\/strong><\/td><td><a href=\"https:\/\/convertio.co\" rel=\"nofollow noopener\" target=\"_blank\">convertio.c<\/a><a href=\"https:\/\/convertio.co\" target=\"_blank\" rel=\"noopener\">o<\/a><\/td><td>Prise en charge de plusieurs formats<\/td><td>La version gratuite a des limites<\/td><td>Polyvalence et flexibilit\u00e9<\/td><td>Limitation de la taille de la version gratuite<\/td><td>Bon pour diff\u00e9rents types de fichiers<\/td><\/tr><tr><td><strong>Conversion en ligne<\/strong><\/td><td><a href=\"https:\/\/online-convert.com\" rel=\"nofollow noopener\" target=\"_blank\">online-convert.com<\/a><\/td><td>Pas d'installation de logiciel<\/td><td>Publicit\u00e9s dans la version gratuite<\/td><td>Pratique et rapide<\/td><td>Connexion Internet requise<\/td><td>La meilleure solution pour une conversion rapide en ligne<\/td><\/tr><tr><td><strong>MakeAGIF<\/strong><\/td><td><a href=\"https:\/\/makeagif.com\" rel=\"nofollow noopener\" target=\"_blank\">makeagif.com<\/a><\/td><td>Facile \u00e0 utiliser, int\u00e9gration sociale<\/td><td>Filigrane sur la version gratuite<\/td><td>Interface conviviale<\/td><td>Options d'\u00e9dition limit\u00e9es<\/td><td>Id\u00e9al pour les publications rapides sur les m\u00e9dias sociaux<\/td><\/tr><tr><td><strong>GIFMaker<\/strong><\/td><td><a href=\"https:\/\/gifmaker.me\" rel=\"nofollow noopener\" target=\"_blank\">gifmaker.me<\/a><\/td><td>Pas d'inscription n\u00e9cessaire, gratuit<\/td><td>Caract\u00e9ristiques limit\u00e9es<\/td><td>Rapide et facile<\/td><td>Ne convient pas pour les \u00e9ditions complexes<\/td><td>Id\u00e9al pour une utilisation d\u00e9contract\u00e9e<\/td><\/tr><tr><td><strong>CloudConvert<\/strong><\/td><td><a href=\"https:\/\/cloudconvert.com\" rel=\"nofollow noopener\" target=\"_blank\">cloudconvert.com<\/a><\/td><td>Des conversions de haute qualit\u00e9<\/td><td>Limites de la version gratuite<\/td><td>Haute personnalisation<\/td><td>Inscription obligatoire pour b\u00e9n\u00e9ficier de toutes les fonctionnalit\u00e9s<\/td><td>Le meilleur pour des sorties de haute qualit\u00e9<\/td><\/tr><tr><td><strong>Kapwing<\/strong><\/td><td><a href=\"https:\/\/kapwing.com\" rel=\"nofollow noopener\" target=\"_blank\">kapwing.com<\/a><\/td><td>Interface moderne, collaboration<\/td><td>N\u00e9cessite un compte<\/td><td>Bon pour le travail d'\u00e9quipe<\/td><td>Certaines fonctionnalit\u00e9s derri\u00e8re un paywall<\/td><td>Excellent pour les projets d'\u00e9quipe<\/td><\/tr><\/tbody><\/table><\/figure>\n\n\n\n<h3 class=\"wp-block-heading\">Questions fr\u00e9quemment pos\u00e9es<\/h3>\n\n\n\n<ol class=\"wp-block-list\">\n<li class=\"\"><strong>Quel est le meilleur outil pour convertir une vid\u00e9o en GIF ?<\/strong>\n<ul class=\"wp-block-list\">\n<li class=\"\">Le meilleur outil est Free Online Auto Draft. Il est convivial et produit des GIF de haute qualit\u00e9.<\/li>\n<\/ul>\n<\/li>\n\n\n\n<li class=\"\"><strong>Comment convertir un MP4 en GIF ?<\/strong>\n<ul class=\"wp-block-list\">\n<li class=\"\">Vous pouvez utiliser des convertisseurs en ligne comme EZGIF ou Giphy. Il vous suffit de t\u00e9l\u00e9charger votre fichier MP4 et de suivre les instructions pour le convertir en GIF.<\/li>\n<\/ul>\n<\/li>\n\n\n\n<li class=\"\"><strong>Puis-je cr\u00e9er des GIF de haute qualit\u00e9 \u00e0 partir de vid\u00e9os ?<\/strong>\n<ul class=\"wp-block-list\">\n<li class=\"\">Oui, des outils comme Free Online Auto Draft et CloudConvert offrent des conversions de haute qualit\u00e9.<\/li>\n<\/ul>\n<\/li>\n\n\n\n<li class=\"\"><strong>Que sont les cr\u00e9ateurs de GIF anim\u00e9s ?<\/strong>\n<ul class=\"wp-block-list\">\n<li class=\"\">Il s'agit d'outils qui permettent de cr\u00e9er des GIF \u00e0 partir de vid\u00e9os ou d'une s\u00e9rie d'images, souvent avec des fonctions d'\u00e9dition suppl\u00e9mentaires.<\/li>\n<\/ul>\n<\/li>\n\n\n\n<li class=\"\"><strong>Existe-t-il un cr\u00e9ateur de GIF gratuit pour cr\u00e9er des GIF de haute qualit\u00e9 ?<\/strong>\n<ul class=\"wp-block-list\">\n<li class=\"\">Oui, des outils comme Giphy et EZGIF proposent des versions gratuites qui permettent de cr\u00e9er des GIF de haute qualit\u00e9.<\/li>\n<\/ul>\n<\/li>\n\n\n\n<li class=\"\"><strong>Comment cr\u00e9er un GIF \u00e0 partir d'un clip vid\u00e9o ?<\/strong>\n<ul class=\"wp-block-list\">\n<li class=\"\">Utilisez un outil comme Free Online Auto Draft, t\u00e9l\u00e9chargez votre clip vid\u00e9o, s\u00e9lectionnez le segment souhait\u00e9 et convertissez-le en GIF.<\/li>\n<\/ul>\n<\/li>\n\n\n\n<li class=\"\"><strong>Quels formats de fichiers vid\u00e9o peuvent \u00eatre convertis en GIF ?<\/strong>\n<ul class=\"wp-block-list\">\n<li class=\"\">La plupart des outils prennent en charge les formats MP4, AVI et MOV pour la conversion en GIF.<\/li>\n<\/ul>\n<\/li>\n\n\n\n<li class=\"\"><strong>Puis-je modifier le GIF apr\u00e8s la conversion ?<\/strong>\n<ul class=\"wp-block-list\">\n<li class=\"\">Oui, de nombreux outils comme EZGIF offrent des fonctions d'\u00e9dition permettant d'ajuster le GIF apr\u00e8s la conversion.<\/li>\n<\/ul>\n<\/li>\n\n\n\n<li class=\"\"><strong>Quelle est la dur\u00e9e maximale d'une vid\u00e9o que je peux convertir en GIF ?<\/strong>\n<ul class=\"wp-block-list\">\n<li class=\"\">Cela d\u00e9pend de l'outil. Free Online Auto Draft prend en charge des vid\u00e9os de longueur standard convenant \u00e0 la plupart des utilisations.<\/li>\n<\/ul>\n<\/li>\n\n\n\n<li class=\"\"><strong>Ai-je besoin d'un compte pour convertir des vid\u00e9os en GIFs ?<\/strong>\n<ul class=\"wp-block-list\">\n<li class=\"\">Certains outils n\u00e9cessitent un compte pour b\u00e9n\u00e9ficier de toutes les fonctionnalit\u00e9s, mais beaucoup, comme Free Online Auto Draft et GIFMaker, ne n\u00e9cessitent pas de compte pour une utilisation de base.<\/li>\n<\/ul>\n<\/li>\n<\/ol>\n\n\n\n<p class=\"\">En utilisant les informations fournies, vous pouvez convertir efficacement des vid\u00e9os en GIFs, am\u00e9liorant ainsi votre contenu et votre engagement sur diverses plateformes.<\/p>\n\n\n\n<p class=\"\"><\/p>","protected":false},"excerpt":{"rendered":"<p>How to use Video to GIF *&nbsp;Depending on your internet speed, loading the model may take a few seconds.* There will be caching during continuous generation, and the new image will appear after about 3 seconds. Introduction of Video to GIF In the age of digital content creation, transforming videos into GIFs has become a &#8230; <a title=\"Vid\u00e9o gratuite au format GIF\" class=\"read-more\" href=\"https:\/\/aiartfree.online\/fr\/video-vers-gif\/\" aria-label=\"En savoir plus sur Free Video to GIF\">Lire la suite<\/a><\/p>","protected":false},"author":1,"featured_media":0,"parent":0,"menu_order":0,"comment_status":"open","ping_status":"closed","template":"","meta":{"nf_dc_page":"","footnotes":""},"class_list":["post-2986","page","type-page","status-publish"],"jetpack_sharing_enabled":true,"_links":{"self":[{"href":"https:\/\/aiartfree.online\/fr\/wp-json\/wp\/v2\/pages\/2986","targetHints":{"allow":["GET"]}}],"collection":[{"href":"https:\/\/aiartfree.online\/fr\/wp-json\/wp\/v2\/pages"}],"about":[{"href":"https:\/\/aiartfree.online\/fr\/wp-json\/wp\/v2\/types\/page"}],"author":[{"embeddable":true,"href":"https:\/\/aiartfree.online\/fr\/wp-json\/wp\/v2\/users\/1"}],"replies":[{"embeddable":true,"href":"https:\/\/aiartfree.online\/fr\/wp-json\/wp\/v2\/comments?post=2986"}],"version-history":[{"count":1,"href":"https:\/\/aiartfree.online\/fr\/wp-json\/wp\/v2\/pages\/2986\/revisions"}],"predecessor-version":[{"id":3600,"href":"https:\/\/aiartfree.online\/fr\/wp-json\/wp\/v2\/pages\/2986\/revisions\/3600"}],"wp:attachment":[{"href":"https:\/\/aiartfree.online\/fr\/wp-json\/wp\/v2\/media?parent=2986"}],"curies":[{"name":"wp","href":"https:\/\/api.w.org\/{rel}","templated":true}]}}