{"id":2983,"date":"2024-07-19T13:17:41","date_gmt":"2024-07-19T13:17:41","guid":{"rendered":"https:\/\/aiartfree.online\/?page_id=2983"},"modified":"2025-03-07T08:28:23","modified_gmt":"2025-03-07T08:28:23","slug":"free-ai-logo-generator","status":"publish","type":"page","link":"https:\/\/aiartfree.online\/fr\/generateur-de-logo-ai-gratuit\/","title":{"rendered":"G\u00e9n\u00e9rateur de logo AI gratuit"},"content":{"rendered":"<h2 class=\"wp-block-heading\">Comment utiliser Free AI Logo Generator<\/h2>\n\n\n\n<ol class=\"wp-block-list\">\n<li class=\"\">D\u00e9posez ou t\u00e9l\u00e9chargez votre image<\/li>\n\n\n\n<li class=\"\">Cliquez sur \"Soumettre\"<\/li>\n\n\n\n<li class=\"\">Attendez, c'est \u00e7a ! <\/li>\n<\/ol>\n\n\n\n<figure class=\"gb-block-image gb-block-image-032aac41\"><a href=\"https:\/\/fas.st\/t\/9U4PYbm7\" target=\"_blank\" rel=\"noopener noreferrer\"><img data-recalc-dims=\"1\" decoding=\"async\" loading=\"lazy\" width=\"1200\" height=\"365\" class=\"gb-image gb-image-032aac41\" src=\"https:\/\/i0.wp.com\/aiartfree.online\/wp-content\/uploads\/2025\/03\/WX20250307-115412%402x.webp?resize=1200%2C365&#038;ssl=1\" alt=\"\" title=\"WX20250307-115412@2x\" srcset=\"https:\/\/i0.wp.com\/aiartfree.online\/wp-content\/uploads\/2025\/03\/WX20250307-115412%402x.webp?w=1942&amp;ssl=1 1942w, https:\/\/i0.wp.com\/aiartfree.online\/wp-content\/uploads\/2025\/03\/WX20250307-115412%402x.webp?resize=300%2C91&amp;ssl=1 300w, https:\/\/i0.wp.com\/aiartfree.online\/wp-content\/uploads\/2025\/03\/WX20250307-115412%402x.webp?resize=1024%2C312&amp;ssl=1 1024w, https:\/\/i0.wp.com\/aiartfree.online\/wp-content\/uploads\/2025\/03\/WX20250307-115412%402x.webp?resize=768%2C234&amp;ssl=1 768w, https:\/\/i0.wp.com\/aiartfree.online\/wp-content\/uploads\/2025\/03\/WX20250307-115412%402x.webp?resize=1536%2C467&amp;ssl=1 1536w, https:\/\/i0.wp.com\/aiartfree.online\/wp-content\/uploads\/2025\/03\/WX20250307-115412%402x.webp?resize=18%2C5&amp;ssl=1 18w, https:\/\/i0.wp.com\/aiartfree.online\/wp-content\/uploads\/2025\/03\/WX20250307-115412%402x.webp?resize=600%2C183&amp;ssl=1 600w\" sizes=\"auto, (max-width: 1200px) 100vw, 1200px\" \/><\/a><\/figure>\n\n\n\n<p class=\"\"><em>* Le chargement du mod\u00e8le peut prendre quelques secondes en fonction de la vitesse de l'internet.<br>* Il y aura une mise en cache pendant la g\u00e9n\u00e9ration continue, et la nouvelle image appara\u00eetra apr\u00e8s environ 3 secondes.<\/em><\/p>\n\n\n\n<div style=\"text-align: center; border: 2px solid; border-image-source: linear-gradient(to right, #16b86c, #912899); border-image-slice: 1; box-shadow: 0 0 10px rgba(0, 0, 0, 0.1); border-radius: 15px;\">\n  <iframe loading=\"lazy\"\n    src=\"https:\/\/artificialguybr-logo-sdxl-lora-free-demo.hf.space\"\n    frameborder=\"0\"\n    width=\"1100\"\n    height=\"800\"\n    style=\"display: inline-block; margin: 0 auto;\"\n  ><\/iframe>\n<\/div>\n\n\n\n<div style=\"height:49px\" aria-hidden=\"true\" class=\"wp-block-spacer\"><\/div>\n\n\n\n<h2 class=\"wp-block-heading\" id=\"introduction-of-free-ai-logo-generator\">Introduction du g\u00e9n\u00e9rateur gratuit de logos AI<\/h2>\n\n\n\n<p class=\"\">En tant que chef d'entreprise, la cr\u00e9ation d'un logo professionnel est essentielle pour \u00e9tablir l'identit\u00e9 de votre marque. Avec l'essor de l'intelligence artificielle, la cr\u00e9ation d'un logo est devenue plus accessible et plus efficace. Dans cet article, nous allons explorer les merveilles d'un g\u00e9n\u00e9rateur de logo IA gratuit et les avantages qu'il peut apporter \u00e0 votre entreprise.<\/p>\n\n\n\n<figure class=\"wp-block-image size-large is-resized\"><img data-recalc-dims=\"1\" decoding=\"async\" width=\"1024\" height=\"562\"   loading=\"lazy\" src=\"https:\/\/i0.wp.com\/aiartfree.online\/wp-content\/uploads\/2024\/07\/1_mL5ZQFtjfXkQdHh6qz_13w.jpg?resize=1024%2C562&#038;ssl=1\" alt=\"G\u00e9n\u00e9rateur de logo AI gratuit\" class=\"wp-image-2987\" style=\"width:585px;height:auto\" srcset=\"https:\/\/i0.wp.com\/aiartfree.online\/wp-content\/uploads\/2024\/07\/1_mL5ZQFtjfXkQdHh6qz_13w.jpg?resize=1024%2C562&amp;ssl=1 1024w, https:\/\/i0.wp.com\/aiartfree.online\/wp-content\/uploads\/2024\/07\/1_mL5ZQFtjfXkQdHh6qz_13w.jpg?resize=300%2C165&amp;ssl=1 300w, https:\/\/i0.wp.com\/aiartfree.online\/wp-content\/uploads\/2024\/07\/1_mL5ZQFtjfXkQdHh6qz_13w.jpg?resize=768%2C421&amp;ssl=1 768w, https:\/\/i0.wp.com\/aiartfree.online\/wp-content\/uploads\/2024\/07\/1_mL5ZQFtjfXkQdHh6qz_13w.jpg?resize=18%2C10&amp;ssl=1 18w, https:\/\/i0.wp.com\/aiartfree.online\/wp-content\/uploads\/2024\/07\/1_mL5ZQFtjfXkQdHh6qz_13w.jpg?resize=600%2C329&amp;ssl=1 600w, https:\/\/i0.wp.com\/aiartfree.online\/wp-content\/uploads\/2024\/07\/1_mL5ZQFtjfXkQdHh6qz_13w.jpg?w=1400&amp;ssl=1 1400w\" sizes=\"auto, (max-width: 1024px) 100vw, 1024px\" \/><\/figure>\n\n\n\n<p class=\"\"><strong>Table des mati\u00e8res<\/strong><\/p>\n\n\n\n<ul class=\"wp-block-list\">\n<li class=\"\">Introduction du g\u00e9n\u00e9rateur gratuit de logos AI<\/li>\n\n\n\n<li class=\"\">Pourquoi utiliser un g\u00e9n\u00e9rateur de logo AI gratuit ?<\/li>\n\n\n\n<li class=\"\">Avantages de l'utilisation d'un g\u00e9n\u00e9rateur gratuit de logos AI<\/li>\n\n\n\n<li class=\"\">Quand utiliser un g\u00e9n\u00e9rateur de logo AI gratuit<\/li>\n\n\n\n<li class=\"\">Qui peut utiliser un g\u00e9n\u00e9rateur de logo AI gratuit ?<\/li>\n\n\n\n<li class=\"\">Comparaison des g\u00e9n\u00e9rateurs de logos AI gratuits<\/li>\n\n\n\n<li class=\"\">FAQ<\/li>\n<\/ul>\n\n\n\n<h3 class=\"wp-block-heading\" id=\"what-is-a-free-ai-logo-generator\"><a href=\"https:\/\/dromerosm-groq-llama3.hf.space\/#what-is-a-free-ai-logo-generator\" target=\"_blank\" rel=\"noopener\"><\/a>Qu'est-ce qu'un g\u00e9n\u00e9rateur gratuit de logos AI ?<\/h3>\n\n\n\n<p class=\"\">Un g\u00e9n\u00e9rateur de logo AI gratuit est un outil en ligne qui utilise l'intelligence artificielle pour cr\u00e9er un logo personnalis\u00e9 pour votre entreprise. Ces outils utilisent des algorithmes d'apprentissage automatique pour g\u00e9n\u00e9rer des logos uniques \u00e0 partir de vos donn\u00e9es, telles que le nom de l'entreprise, le slogan, les couleurs et les polices pr\u00e9f\u00e9r\u00e9es. En quelques clics, vous pouvez cr\u00e9er un logo de qualit\u00e9 professionnelle en quelques minutes.<\/p>\n\n\n\n<h3 class=\"wp-block-heading\" id=\"why-use-a-free-ai-logo-generator\"><a href=\"https:\/\/dromerosm-groq-llama3.hf.space\/#why-use-a-free-ai-logo-generator\" target=\"_blank\" rel=\"noopener\"><\/a>Pourquoi utiliser un g\u00e9n\u00e9rateur de logo AI gratuit ?<\/h3>\n\n\n\n<p class=\"\">L'utilisation d'un g\u00e9n\u00e9rateur de logo AI gratuit peut vous faire gagner du temps et de l'argent par rapport \u00e0 l'embauche d'un concepteur de logo professionnel. Avec la conception de logo aliment\u00e9e par l'IA, il vous suffit de saisir les informations relatives \u00e0 votre entreprise et vos pr\u00e9f\u00e9rences, et l'outil g\u00e9n\u00e9rera un logo qui r\u00e9pond \u00e0 vos besoins.<\/p>\n\n\n\n<h3 class=\"wp-block-heading\" id=\"benefits-of-using-a-free-ai-logo-generator\"><a href=\"https:\/\/dromerosm-groq-llama3.hf.space\/#benefits-of-using-a-free-ai-logo-generator\" target=\"_blank\" rel=\"noopener\"><\/a>Avantages de l'utilisation d'un g\u00e9n\u00e9rateur gratuit de logos AI<\/h3>\n\n\n\n<p class=\"\">Voici quelques avantages de l'utilisation d'un g\u00e9n\u00e9rateur de logo AI gratuit :<\/p>\n\n\n\n<p class=\"\">Rapide et efficace Cr\u00e9ez un logo en quelques minutes avec notre g\u00e9n\u00e9rateur de logo AI.<\/p>\n\n\n\n<p class=\"\">Rentabilit\u00e9 \u00c9conomisez de l'argent en n'engageant pas un concepteur de logo professionnel.<\/p>\n\n\n\n<p class=\"\">Designs uniques Obtenez des logos uniques g\u00e9n\u00e9r\u00e9s par l'intelligence artificielle.<\/p>\n\n\n\n<p class=\"\">Haute r\u00e9solution T\u00e9l\u00e9chargez des fichiers de logo en haute r\u00e9solution pour diverses utilisations.<\/p>\n\n\n\n<p class=\"\">Facile \u00e0 utiliser Il suffit de saisir les informations relatives \u00e0 votre entreprise et vos pr\u00e9f\u00e9rences, et l'outil fait le reste.<\/p>\n\n\n\n<h3 class=\"wp-block-heading\" id=\"when-to-use-a-free-ai-logo-generator\"><a href=\"https:\/\/dromerosm-groq-llama3.hf.space\/#when-to-use-a-free-ai-logo-generator\" target=\"_blank\" rel=\"noopener\"><\/a>Quand utiliser un g\u00e9n\u00e9rateur de logo AI gratuit<\/h3>\n\n\n\n<p class=\"\">Un g\u00e9n\u00e9rateur de logo AI gratuit est parfait pour :<\/p>\n\n\n\n<p class=\"\">Startups ou petites entreprises au budget serr\u00e9 Entrepreneurs souhaitant cr\u00e9er rapidement un logo professionnel Entreprises souhaitant changer de marque ou actualiser leur logo<\/p>\n\n\n\n<h3 class=\"wp-block-heading\" id=\"who-can-use-a-free-ai-logo-generator\"><a href=\"https:\/\/dromerosm-groq-llama3.hf.space\/#who-can-use-a-free-ai-logo-generator\" target=\"_blank\" rel=\"noopener\"><\/a>Qui peut utiliser un g\u00e9n\u00e9rateur de logo AI gratuit ?<\/h3>\n\n\n\n<p class=\"\">Tout le monde peut utiliser un g\u00e9n\u00e9rateur de logo AI gratuit, y compris :<\/p>\n\n\n\n<p class=\"\">Entrepreneurs Propri\u00e9taires de petites entreprises Professionnels du marketing Graphistes<\/p>\n\n\n\n<h3 class=\"wp-block-heading\" id=\"comparison-of-free-ai-logo-generators\"><a href=\"https:\/\/dromerosm-groq-llama3.hf.space\/#comparison-of-free-ai-logo-generators\" target=\"_blank\" rel=\"noopener\"><\/a>Comparaison des g\u00e9n\u00e9rateurs de logos AI gratuits<\/h3>\n\n\n\n<p class=\"\">Voici quelques g\u00e9n\u00e9rateurs de logos AI gratuits populaires, ainsi que leurs caract\u00e9ristiques et avantages :<\/p>\n\n\n\n<figure class=\"wp-block-table\"><table class=\"has-fixed-layout\"><thead><tr><th>Outil<\/th><th>Caract\u00e9ristiques<\/th><th>Avantages<\/th><th>Site web<\/th><\/tr><\/thead><tbody><tr><td>AI Art gratuit en ligne<\/td><td>Conception de logo assist\u00e9e par IA, 100+ mod\u00e8les, couleurs vibrantes<\/td><td>Rapide et efficace, rentable<\/td><td><a href=\"https:\/\/aiartfree.online\/fr\/generateur-de-logo-ai-gratuit\/\" target=\"_blank\" rel=\"noreferrer noopener\">https:\/\/aiartfree.online\/free-ai-logo-generator<\/a><\/td><\/tr><tr><td>Logojoy<\/td><td>Conception de logo assist\u00e9e par IA, plus de 10 000 mod\u00e8les, g\u00e9n\u00e9rateur de palette de couleurs<\/td><td>Mod\u00e8les uniques, fichiers haute r\u00e9solution<\/td><td><a href=\"https:\/\/logojoy.com\/\" target=\"_blank\" rel=\"noreferrer noopener\">https:\/\/logojoy.com<\/a><\/td><\/tr><tr><td>Marques de tailleur<\/td><td>Conception de logo assist\u00e9e par IA, plus de 10 000 mod\u00e8les, kit de m\u00e9dias sociaux<\/td><td>Des conceptions professionnelles, faciles \u00e0 utiliser<\/td><td><a href=\"https:\/\/tailorbrands.com\/\" target=\"_blank\" rel=\"noreferrer noopener\">https:\/\/tailorbrands.com<\/a><\/td><\/tr><\/tbody><\/table><\/figure>\n\n\n\n<h3 class=\"wp-block-heading\" id=\"advantages-and-disadvantages-of-free-ai-logo-generators\"><a href=\"https:\/\/dromerosm-groq-llama3.hf.space\/#advantages-and-disadvantages-of-free-ai-logo-generators\" target=\"_blank\" rel=\"noopener\"><\/a>Avantages et inconv\u00e9nients des g\u00e9n\u00e9rateurs de logos AI gratuits<\/h3>\n\n\n\n<p class=\"\">Voici quelques avantages et inconv\u00e9nients de l'utilisation de g\u00e9n\u00e9rateurs de logos AI gratuits :<\/p>\n\n\n\n<p class=\"\"><strong>Avantages<\/strong>:<\/p>\n\n\n\n<p class=\"\">Rapide et efficace Rentable Conceptions uniques Fichiers haute r\u00e9solution<\/p>\n\n\n\n<p class=\"\"><strong>Inconv\u00e9nients<\/strong>:<\/p>\n\n\n\n<p class=\"\">Options de personnalisation limit\u00e9es Mod\u00e8les de conception limit\u00e9s Peuvent ne pas r\u00e9pondre \u00e0 des exigences de conception complexes<\/p>\n\n\n\n<h3 class=\"wp-block-heading\" id=\"best-free-ai-logo-generator\"><a href=\"https:\/\/dromerosm-groq-llama3.hf.space\/#best-free-ai-logo-generator\" target=\"_blank\" rel=\"noopener\"><\/a>Meilleur g\u00e9n\u00e9rateur gratuit de logos AI<\/h3>\n\n\n\n<p class=\"\">Apr\u00e8s avoir recherch\u00e9 et compar\u00e9 plusieurs g\u00e9n\u00e9rateurs de logos AI gratuits, nous recommandons vivement AI Art Free Online. Avec son design de logo aliment\u00e9 par l'IA, plus de 100 mod\u00e8les et des couleurs vibrantes, c'est l'outil parfait pour cr\u00e9er un logo professionnel rapidement et efficacement.<\/p>\n\n\n\n<h3 class=\"wp-block-heading\" id=\"faq\"><a href=\"https:\/\/dromerosm-groq-llama3.hf.space\/#faq\" target=\"_blank\" rel=\"noopener\"><\/a>FAQ<\/h3>\n\n\n<div id=\"rank-math-faq\" class=\"rank-math-block\">\n<div class=\"rank-math-list\">\n<div id=\"faq-question-1721394932020\" class=\"rank-math-list-item\">\n<h3 class=\"rank-math-question\">Puis-je utiliser un g\u00e9n\u00e9rateur de logo AI gratuit \u00e0 des fins commerciales ?<\/h3>\n<div class=\"rank-math-answer\">\n\n<p>Oui, la plupart des g\u00e9n\u00e9rateurs de logos AI gratuits autorisent l'utilisation commerciale des logos g\u00e9n\u00e9r\u00e9s.<\/p>\n\n<\/div>\n<\/div>\n<div id=\"faq-question-1721394940919\" class=\"rank-math-list-item\">\n<h3 class=\"rank-math-question\">Les logos g\u00e9n\u00e9r\u00e9s par l'IA sont-ils uniques ?<\/h3>\n<div class=\"rank-math-answer\">\n\n<p>Oui, les logos g\u00e9n\u00e9r\u00e9s par l'IA sont uniques et personnalis\u00e9s en fonction de vos donn\u00e9es.<\/p>\n\n<\/div>\n<\/div>\n<div id=\"faq-question-1721394949679\" class=\"rank-math-list-item\">\n<h3 class=\"rank-math-question\">Puis-je modifier le logo g\u00e9n\u00e9r\u00e9 ?<\/h3>\n<div class=\"rank-math-answer\">\n\n<p>Oui, la plupart des g\u00e9n\u00e9rateurs de logos AI gratuits vous permettent de modifier le logo g\u00e9n\u00e9r\u00e9.<\/p>\n\n<\/div>\n<\/div>\n<div id=\"faq-question-1721394962503\" class=\"rank-math-list-item\">\n<h3 class=\"rank-math-question\">Les fichiers du logo sont-ils en haute r\u00e9solution ?<\/h3>\n<div class=\"rank-math-answer\">\n\n<p>Oui, la plupart des g\u00e9n\u00e9rateurs de logos AI gratuits fournissent des fichiers de logo en haute r\u00e9solution pour diverses utilisations.<\/p>\n\n<\/div>\n<\/div>\n<\/div>\n<\/div>","protected":false},"excerpt":{"rendered":"<p>How to use Free AI Logo Generator *&nbsp;Depending on your internet speed, loading the model may take a few seconds.* There will be caching during continuous generation, and the new image will appear after about 3 seconds. Introduction of Free AI Logo Generator As a business owner, creating a professional logo is essential to establish &#8230; <a title=\"G\u00e9n\u00e9rateur de logo AI gratuit\" class=\"read-more\" href=\"https:\/\/aiartfree.online\/fr\/generateur-de-logo-ai-gratuit\/\" aria-label=\"En savoir plus sur Free AI Logo Generator\">Lire la suite<\/a><\/p>","protected":false},"author":1,"featured_media":0,"parent":0,"menu_order":0,"comment_status":"open","ping_status":"closed","template":"","meta":{"nf_dc_page":"","footnotes":""},"class_list":["post-2983","page","type-page","status-publish"],"jetpack_sharing_enabled":true,"_links":{"self":[{"href":"https:\/\/aiartfree.online\/fr\/wp-json\/wp\/v2\/pages\/2983","targetHints":{"allow":["GET"]}}],"collection":[{"href":"https:\/\/aiartfree.online\/fr\/wp-json\/wp\/v2\/pages"}],"about":[{"href":"https:\/\/aiartfree.online\/fr\/wp-json\/wp\/v2\/types\/page"}],"author":[{"embeddable":true,"href":"https:\/\/aiartfree.online\/fr\/wp-json\/wp\/v2\/users\/1"}],"replies":[{"embeddable":true,"href":"https:\/\/aiartfree.online\/fr\/wp-json\/wp\/v2\/comments?post=2983"}],"version-history":[{"count":1,"href":"https:\/\/aiartfree.online\/fr\/wp-json\/wp\/v2\/pages\/2983\/revisions"}],"predecessor-version":[{"id":3605,"href":"https:\/\/aiartfree.online\/fr\/wp-json\/wp\/v2\/pages\/2983\/revisions\/3605"}],"wp:attachment":[{"href":"https:\/\/aiartfree.online\/fr\/wp-json\/wp\/v2\/media?parent=2983"}],"curies":[{"name":"wp","href":"https:\/\/api.w.org\/{rel}","templated":true}]}}