{"id":2968,"date":"2024-07-19T12:42:38","date_gmt":"2024-07-19T12:42:38","guid":{"rendered":"https:\/\/aiartfree.online\/?page_id=2968"},"modified":"2024-08-02T12:10:12","modified_gmt":"2024-08-02T12:10:12","slug":"ai-3d-model-generator","status":"publish","type":"page","link":"https:\/\/aiartfree.online\/fr\/generateur-de-modele-3d-ai\/","title":{"rendered":"G\u00e9n\u00e9rateur de mod\u00e8les 3d AI"},"content":{"rendered":"<h2 class=\"wp-block-heading has-text-align-center\" id=\"what-our-users-made\">Ce que nos utilisateurs ont fait<\/h2>\n\n\n\n<figure class=\"gb-block-image gb-block-image-1822da1f\"><img data-recalc-dims=\"1\" decoding=\"async\" loading=\"lazy\" width=\"1024\" height=\"672\" class=\"gb-image gb-image-1822da1f\" src=\"https:\/\/i0.wp.com\/aiartfree.online\/wp-content\/uploads\/2024\/07\/WX20240719-153337%402x-1-1.jpg?resize=1024%2C672&#038;ssl=1\" alt=\"G\u00e9n\u00e9rateur de mod\u00e8les 3D AI\" title=\"WX20240719-153337@2x (1) (1)\" srcset=\"https:\/\/i0.wp.com\/aiartfree.online\/wp-content\/uploads\/2024\/07\/WX20240719-153337%402x-1-1.jpg?resize=1024%2C672&amp;ssl=1 1024w, https:\/\/i0.wp.com\/aiartfree.online\/wp-content\/uploads\/2024\/07\/WX20240719-153337%402x-1-1.jpg?resize=300%2C197&amp;ssl=1 300w, https:\/\/i0.wp.com\/aiartfree.online\/wp-content\/uploads\/2024\/07\/WX20240719-153337%402x-1-1.jpg?resize=768%2C504&amp;ssl=1 768w, https:\/\/i0.wp.com\/aiartfree.online\/wp-content\/uploads\/2024\/07\/WX20240719-153337%402x-1-1.jpg?resize=1536%2C1008&amp;ssl=1 1536w, https:\/\/i0.wp.com\/aiartfree.online\/wp-content\/uploads\/2024\/07\/WX20240719-153337%402x-1-1.jpg?resize=18%2C12&amp;ssl=1 18w, https:\/\/i0.wp.com\/aiartfree.online\/wp-content\/uploads\/2024\/07\/WX20240719-153337%402x-1-1.jpg?resize=600%2C394&amp;ssl=1 600w, https:\/\/i0.wp.com\/aiartfree.online\/wp-content\/uploads\/2024\/07\/WX20240719-153337%402x-1-1.jpg?w=1768&amp;ssl=1 1768w\" sizes=\"auto, (max-width: 1024px) 100vw, 1024px\" \/><\/figure>\n\n\n\n<h2 class=\"wp-block-heading\" id=\"how-to-use-ai-3-d-model-generator\">Comment utiliser AI 3d Model Generator<\/h2>\n\n\n\n<ol class=\"wp-block-list\">\n<li class=\"\">D\u00e9posez \/ t\u00e9l\u00e9chargez votre image ou s\u00e9lectionnez l'une des images propos\u00e9es \u00e0 titre d'exemple.<\/li>\n\n\n\n<li class=\"\">Cliquez sur \"G\u00e9n\u00e9rer 4 vues\"<\/li>\n\n\n\n<li class=\"\">Cliquez sur \"G\u00e9n\u00e9rer un maillage 3D\" ci-dessous<\/li>\n\n\n\n<li class=\"\">Attendez, \u00e7a y est ! Votre mod\u00e8le 3D est presque pr\u00eat !<\/li>\n<\/ol>\n\n\n\n<p class=\"\"><em>* Le chargement du mod\u00e8le peut prendre quelques secondes en fonction de la vitesse de l'internet.<br>* Il y aura une mise en cache pendant la g\u00e9n\u00e9ration continue, et la nouvelle image appara\u00eetra apr\u00e8s environ 3 secondes.<\/em><\/p>\n\n\n\n<div class=\"iframe-wrapper\" style=\"position: relative; width: 100%; height: 2050px;\">\n  <div class=\"loading\" style=\"position: absolute; top: 50px; left: 50%; transform: translate(-50%, -50%); width: 40px; height: 40px; border: 3px solid #f0f0f0; border-top: 3px solid #db7093; border-radius: 50%; animation: spin 1s linear infinite;\"><\/div>\n  <iframe loading=\"lazy\" src=\"https:\/\/vast-ai-charactergen.hf.space\" frameborder=\"0\" width=\"100%\" height=\"100%\" style=\"position: absolute; top: 0; left: 0; opacity: 0; transition: opacity 0.3s;\" onload=\"this.style.opacity=1;this.previousElementSibling.style.display='none';\"><\/iframe>\n<\/div>\n\n<style>\n@keyframes spin {\n  0% { transform: translate(-50%, -50%) rotate(0deg); }\n  100% { transform: translate(-50%, -50%) rotate(360deg); }\n}\n<\/style>\n\n\n\n<div style=\"height:50px\" aria-hidden=\"true\" class=\"wp-block-spacer\"><\/div>\n\n\n\n<h2 class=\"wp-block-heading\" id=\"introduction-of-ai-3-d-model-generator\">Introduction du g\u00e9n\u00e9rateur de mod\u00e8les 3D AI<\/h2>\n\n\n\n<p class=\"\">La cr\u00e9ation de mod\u00e8les 3D n'a jamais \u00e9t\u00e9 aussi facile depuis l'av\u00e8nement des g\u00e9n\u00e9rateurs de mod\u00e8les 3D IA. Cet article fournit un guide complet sur les g\u00e9n\u00e9rateurs de mod\u00e8les 3D IA, leurs utilisations, leurs avantages et les meilleurs outils disponibles sur le march\u00e9. Que vous souhaitiez convertir des images 2D en mod\u00e8les 3D ou g\u00e9n\u00e9rer des mod\u00e8les 3D \u00e0 partir de textes, nous avons tout ce qu'il vous faut.<\/p>\n\n\n\n<div class=\"wp-block-rank-math-toc-block\" id=\"rank-math-toc\"><h3>Table des mati\u00e8res<\/h3><nav><ul><li><a href=\"#what-is-an-ai-3-d-model-generator\">Qu'est-ce qu'un g\u00e9n\u00e9rateur de mod\u00e8les 3D IA ?<\/a><\/li><li><a href=\"#why-use-an-ai-3-d-model-generator\">Pourquoi utiliser un g\u00e9n\u00e9rateur de mod\u00e8les 3D pour l'IA ?<\/a><\/li><li><a href=\"#benefits-of-using-an-ai-3-d-model-generator\">Avantages de l'utilisation d'un g\u00e9n\u00e9rateur de mod\u00e8les 3D d'IA<\/a><\/li><li><a href=\"#when-to-use-an-ai-3-d-model-generator\">Quand utiliser un g\u00e9n\u00e9rateur de mod\u00e8les 3D pour l'IA<\/a><\/li><li><a href=\"#who-should-use-an-ai-3-d-model-generator\">\u00c0 qui s'adresse un g\u00e9n\u00e9rateur de mod\u00e8les 3D pour l'IA ?<\/a><\/li><li><a href=\"#comparison-of-ai-3-d-model-generators\">Comparaison des g\u00e9n\u00e9rateurs de mod\u00e8les 3D d'IA<\/a><\/li><li><a href=\"#faq\">FAQ<\/a><\/li><\/ul><\/nav><\/div>\n\n\n\n<h3 class=\"wp-block-heading\" id=\"what-is-an-ai-3-d-model-generator\">Qu'est-ce qu'un g\u00e9n\u00e9rateur de mod\u00e8les 3D IA ?<\/h3>\n\n\n\n<p class=\"\">Un g\u00e9n\u00e9rateur de mod\u00e8les 3D par IA est un outil logiciel qui utilise des algorithmes d'intelligence artificielle pour cr\u00e9er des mod\u00e8les tridimensionnels \u00e0 partir de diverses donn\u00e9es d'entr\u00e9e, telles que des images 2D, des invites textuelles ou des photos. Ces outils s'appuient sur des techniques avanc\u00e9es d'apprentissage automatique pour produire des repr\u00e9sentations 3D d\u00e9taill\u00e9es et pr\u00e9cises.<\/p>\n\n\n\n<h3 class=\"wp-block-heading\" id=\"why-use-an-ai-3-d-model-generator\">Pourquoi utiliser un g\u00e9n\u00e9rateur de mod\u00e8les 3D pour l'IA ?<\/h3>\n\n\n\n<p class=\"\">L'utilisation d'un g\u00e9n\u00e9rateur de mod\u00e8les 3D IA peut consid\u00e9rablement rationaliser le processus de cr\u00e9ation de mod\u00e8les 3D. Ces outils peuvent :<\/p>\n\n\n\n<ul class=\"wp-block-list\">\n<li class=\"\">Gagnez du temps et de l'\u00e9nergie par rapport aux techniques traditionnelles de mod\u00e9lisation 3D.<\/li>\n\n\n\n<li class=\"\">Fournir des mod\u00e8les de haute qualit\u00e9 et pr\u00e9cis.<\/li>\n\n\n\n<li class=\"\">Permettre aux utilisateurs ayant peu ou pas d'exp\u00e9rience en mati\u00e8re de mod\u00e9lisation 3D de cr\u00e9er des mod\u00e8les complexes.<\/li>\n<\/ul>\n\n\n\n<h3 class=\"wp-block-heading\" id=\"benefits-of-using-an-ai-3-d-model-generator\">Avantages de l'utilisation d'un g\u00e9n\u00e9rateur de mod\u00e8les 3D d'IA<\/h3>\n\n\n\n<ul class=\"wp-block-list\">\n<li class=\"\"><strong>Efficacit\u00e9<\/strong>: Convertissez rapidement des images 2D en mod\u00e8les 3D ou g\u00e9n\u00e9rez des mod\u00e8les 3D \u00e0 partir de descriptions textuelles.<\/li>\n\n\n\n<li class=\"\"><strong>Accessibilit\u00e9<\/strong>: Rendre la mod\u00e9lisation 3D accessible aux non-experts.<\/li>\n\n\n\n<li class=\"\"><strong>Rentabilit\u00e9<\/strong>: R\u00e9duire les besoins en logiciels de mod\u00e9lisation 3D co\u00fbteux et en main-d'\u0153uvre qualifi\u00e9e.<\/li>\n\n\n\n<li class=\"\"><strong>Polyvalence<\/strong>: Cr\u00e9er des mod\u00e8les pour diverses applications, des jeux vid\u00e9o aux conceptions architecturales.<\/li>\n<\/ul>\n\n\n\n<h3 class=\"wp-block-heading\" id=\"when-to-use-an-ai-3-d-model-generator\">Quand utiliser un g\u00e9n\u00e9rateur de mod\u00e8les 3D pour l'IA<\/h3>\n\n\n\n<p class=\"\">Les g\u00e9n\u00e9rateurs de mod\u00e8les 3D AI sont id\u00e9aux pour :<\/p>\n\n\n\n<ul class=\"wp-block-list\">\n<li class=\"\">Prototypage rapide dans la conception et la fabrication.<\/li>\n\n\n\n<li class=\"\">Cr\u00e9ation d'actifs pour les jeux vid\u00e9o et les exp\u00e9riences de r\u00e9alit\u00e9 virtuelle.<\/li>\n\n\n\n<li class=\"\">Am\u00e9liorer le contenu visuel pour le marketing et les m\u00e9dias sociaux.<\/li>\n\n\n\n<li class=\"\">\u00e0 des fins \u00e9ducatives, par exemple pour visualiser des concepts complexes.<\/li>\n<\/ul>\n\n\n\n<h3 class=\"wp-block-heading\" id=\"who-should-use-an-ai-3-d-model-generator\">\u00c0 qui s'adresse un g\u00e9n\u00e9rateur de mod\u00e8les 3D pour l'IA ?<\/h3>\n\n\n\n<p class=\"\">Ces outils sont utiles pour :<\/p>\n\n\n\n<ul class=\"wp-block-list\">\n<li class=\"\">Les concepteurs et les artistes qui cherchent \u00e0 rationaliser leur flux de travail.<\/li>\n\n\n\n<li class=\"\">Les \u00e9ducateurs et les \u00e9tudiants dans des domaines tels que l'ing\u00e9nierie et l'architecture.<\/li>\n\n\n\n<li class=\"\">Les professionnels du marketing qui cherchent \u00e0 cr\u00e9er un contenu visuel attrayant.<\/li>\n\n\n\n<li class=\"\">Hobbyistes et passionn\u00e9s explorant la mod\u00e9lisation 3D.<\/li>\n<\/ul>\n\n\n\n<h3 class=\"wp-block-heading\" id=\"comparison-of-ai-3-d-model-generators\">Comparaison des g\u00e9n\u00e9rateurs de mod\u00e8les 3D d'IA<\/h3>\n\n\n\n<p class=\"\">Vous trouverez ci-dessous une comparaison des g\u00e9n\u00e9rateurs de mod\u00e8les 3D d'IA les plus populaires, bas\u00e9e sur des r\u00e9sultats r\u00e9cents provenant de diverses sources :<\/p>\n\n\n\n<figure class=\"wp-block-table\"><table class=\"has-fixed-layout\"><thead><tr><th>Outil<\/th><th>Pour<\/th><th>Cons<\/th><th>Avantages<\/th><th>D\u00e9fis<\/th><th>Recommandations<\/th><\/tr><\/thead><tbody><tr><td><a href=\"https:\/\/aiartfree.online\/fr\/generateur-de-modele-3d-ai\/\">AI 3D Model Generator par Free AI Art Generator<\/a><\/td><td>Mod\u00e8les de haute qualit\u00e9<\/td><td>Personnalisation limit\u00e9e<\/td><td>Facile \u00e0 utiliser<\/td><td>Requiert une connexion internet<\/td><td>Le meilleur pour les d\u00e9butants<\/td><\/tr><tr><td><a href=\"https:\/\/www.openai.com\/dall-e-3\" target=\"_blank\" rel=\"noopener\">DALL-E 3<\/a><\/td><td>Mod\u00e8les de haute qualit\u00e9<\/td><td>Personnalisation limit\u00e9e<\/td><td>Facile \u00e0 utiliser<\/td><td>Requiert une connexion internet<\/td><td>Le meilleur pour les d\u00e9butants<\/td><\/tr><tr><td><a href=\"https:\/\/www.nvidia.com\/en-us\/research\/ai-playground\/\" target=\"_blank\" rel=\"noopener\">NVIDIA GauGAN<\/a><\/td><td>Traitement rapide<\/td><td>Co\u00fbteux<\/td><td>Fonctionnalit\u00e9s avanc\u00e9es<\/td><td>Courbe d'apprentissage abrupte<\/td><td>Id\u00e9al pour les professionnels<\/td><\/tr><tr><td><a href=\"https:\/\/deepart.io\/\" target=\"_blank\" rel=\"noopener\">DeepArt.io<\/a><\/td><td>Version gratuite disponible<\/td><td>Publicit\u00e9s dans la version gratuite<\/td><td>Un soutien important de la part de la communaut\u00e9<\/td><td>Options d'exportation limit\u00e9es<\/td><td>Bon pour les amateurs<\/td><\/tr><tr><td><a href=\"https:\/\/www.artbreeder.com\/\" target=\"_blank\" rel=\"noopener\">Artbreeder<\/a><\/td><td>Des mod\u00e8les pr\u00e9cis<\/td><td>Abonnement n\u00e9cessaire<\/td><td>Interface conviviale<\/td><td>Limit\u00e9 \u00e0 des cas d'utilisation sp\u00e9cifiques<\/td><td>Adapt\u00e9 \u00e0 des industries sp\u00e9cifiques<\/td><\/tr><tr><td><a href=\"https:\/\/spline.design\/\" target=\"_blank\" rel=\"noopener\">Spline<\/a><\/td><td>Des caract\u00e9ristiques robustes<\/td><td>Co\u00fbt \u00e9lev\u00e9<\/td><td>Biblioth\u00e8que compl\u00e8te<\/td><td>N\u00e9cessite un mat\u00e9riel puissant<\/td><td>Id\u00e9al pour les grands projets<\/td><\/tr><tr><td><a href=\"https:\/\/www.blender.org\/\" target=\"_blank\" rel=\"noopener\">M\u00e9langeur<\/a><\/td><td>Gratuit et libre<\/td><td>Courbe d'apprentissage abrupte<\/td><td>Tr\u00e8s polyvalent<\/td><td>Complexe pour les d\u00e9butants<\/td><td>Id\u00e9al pour les utilisateurs avanc\u00e9s<\/td><\/tr><tr><td><a>Salle d'exposition<\/a><\/td><td>Gratuit et libre<\/td><td>N\u00e9cessite un mat\u00e9riel puissant<\/td><td>Bas\u00e9 sur la photogramm\u00e9trie<\/td><td>Peut \u00eatre lent<\/td><td>Id\u00e9al pour les projets de photogramm\u00e9trie<\/td><\/tr><tr><td><a href=\"https:\/\/pixologic.com\/\" target=\"_blank\" rel=\"noopener\">ZBrush<\/a><\/td><td>Norme industrielle<\/td><td>Co\u00fbt \u00e9lev\u00e9<\/td><td>Outils de qualit\u00e9 professionnelle<\/td><td>N\u00e9cessite une formation<\/td><td>Le meilleur pour les professionnels<\/td><\/tr><tr><td><a href=\"https:\/\/www.tinkercad.com\/\" target=\"_blank\" rel=\"noopener\">Tinkercad<\/a><\/td><td>Facile \u00e0 utiliser<\/td><td>Fonctionnalit\u00e9s avanc\u00e9es limit\u00e9es<\/td><td>Bas\u00e9 sur le web<\/td><td>Fonctionnalit\u00e9 de base<\/td><td>Id\u00e9al pour les d\u00e9butants et les \u00e9ducateurs<\/td><\/tr><\/tbody><\/table><\/figure>\n\n\n\n<p class=\"\"><strong>Recommandation du meilleur outil<\/strong>: Le meilleur outil pour la g\u00e9n\u00e9ration de mod\u00e8les 3D d'IA est <a href=\"https:\/\/aiartfree.online\/fr\/generateur-de-modele-3d-ai\/\">AI 3D Model Generator par Free AI Art Generator<\/a>. Il offre un \u00e9quilibre entre la facilit\u00e9 d'utilisation, un r\u00e9sultat de haute qualit\u00e9 et des fonctions robustes, ce qui le rend adapt\u00e9 aux d\u00e9butants comme aux professionnels.<\/p>\n\n\n\n<h3 class=\"wp-block-heading\" id=\"faq\">FAQ<\/h3>\n\n\n\n<ol class=\"wp-block-list\">\n<li class=\"\"><strong>Quel est le meilleur g\u00e9n\u00e9rateur de mod\u00e8les 3D pour l'IA ?<\/strong> Le meilleur g\u00e9n\u00e9rateur de mod\u00e8les 3D d'IA est celui propos\u00e9 par Free AI Art Generator, disponible <a href=\"https:\/\/aiartfree.online\/fr\/generateur-de-modele-3d-ai\/\">ici<\/a>.<\/li>\n\n\n\n<li class=\"\"><strong>Comment fonctionnent les g\u00e9n\u00e9rateurs de mod\u00e8les 3D IA ?<\/strong> Ils utilisent des algorithmes d'IA pour traiter les donn\u00e9es d'entr\u00e9e (comme des images 2D ou du texte) et cr\u00e9er des mod\u00e8les 3D bas\u00e9s sur des mod\u00e8les appris.<\/li>\n\n\n\n<li class=\"\"><strong>Puis-je convertir une image 2D en un mod\u00e8le 3D ?<\/strong> Oui, de nombreux g\u00e9n\u00e9rateurs de mod\u00e8les 3D IA peuvent convertir des images 2D en mod\u00e8les 3D.<\/li>\n\n\n\n<li class=\"\"><strong>Existe-t-il un g\u00e9n\u00e9rateur gratuit de mod\u00e8les 3D d'IA ?<\/strong> Oui, certains outils proposent des versions gratuites aux fonctionnalit\u00e9s limit\u00e9es.<\/li>\n\n\n\n<li class=\"\"><strong>Quels sont les avantages de l'utilisation d'un g\u00e9n\u00e9rateur de mod\u00e8les 3D IA ?<\/strong> Les avantages sont l'efficacit\u00e9, l'accessibilit\u00e9, la rentabilit\u00e9 et la polyvalence.<\/li>\n\n\n\n<li class=\"\"><strong>L'IA peut-elle g\u00e9n\u00e9rer des mod\u00e8les 3D \u00e0 partir de descriptions textuelles ?<\/strong> Oui, certains outils d'IA avanc\u00e9s peuvent g\u00e9n\u00e9rer des mod\u00e8les 3D \u00e0 partir d'invites textuelles.<\/li>\n\n\n\n<li class=\"\"><strong>Quels sont les secteurs qui utilisent les g\u00e9n\u00e9rateurs de mod\u00e8les 3D IA ?<\/strong> Les industries comprennent les jeux, l'architecture, la fabrication et l'\u00e9ducation.<\/li>\n\n\n\n<li class=\"\"><strong>Les g\u00e9n\u00e9rateurs de mod\u00e8les 3D IA sont-ils pr\u00e9cis ?<\/strong> Ils peuvent produire des mod\u00e8les tr\u00e8s pr\u00e9cis, bien que la qualit\u00e9 puisse varier en fonction de l'outil.<\/li>\n\n\n\n<li class=\"\"><strong>Ai-je besoin de comp\u00e9tences avanc\u00e9es pour utiliser les g\u00e9n\u00e9rateurs de mod\u00e8les 3D d'IA ?<\/strong> Non, de nombreux outils sont con\u00e7us pour \u00eatre faciles \u00e0 utiliser, m\u00eame pour les non-experts.<\/li>\n\n\n\n<li class=\"\"><strong>O\u00f9 puis-je trouver plus d'informations sur les g\u00e9n\u00e9rateurs de mod\u00e8les 3D d'IA ?<\/strong> Vous trouverez plus d'informations et les meilleurs outils \u00e0 l'adresse suivante <a href=\"https:\/\/aiartfree.online\/fr\/generateur-de-modele-3d-ai\/\">AI Art Gratuit<\/a>.<\/li>\n<\/ol>","protected":false},"excerpt":{"rendered":"<p>What our users made How to use AI 3d Model Generator *&nbsp;Depending on your internet speed, loading the model may take a few seconds.* There will be caching during continuous generation, and the new image will appear after about 3 seconds. Introduction of AI 3D Model Generator Creating 3D models has never been easier with &#8230; <a title=\"G\u00e9n\u00e9rateur de mod\u00e8les 3d AI\" class=\"read-more\" href=\"https:\/\/aiartfree.online\/fr\/generateur-de-modele-3d-ai\/\" aria-label=\"En savoir plus sur AI 3d Model Generator\">Lire la suite<\/a><\/p>","protected":false},"author":1,"featured_media":0,"parent":0,"menu_order":0,"comment_status":"open","ping_status":"closed","template":"","meta":{"nf_dc_page":"","footnotes":""},"class_list":["post-2968","page","type-page","status-publish"],"jetpack_sharing_enabled":true,"_links":{"self":[{"href":"https:\/\/aiartfree.online\/fr\/wp-json\/wp\/v2\/pages\/2968","targetHints":{"allow":["GET"]}}],"collection":[{"href":"https:\/\/aiartfree.online\/fr\/wp-json\/wp\/v2\/pages"}],"about":[{"href":"https:\/\/aiartfree.online\/fr\/wp-json\/wp\/v2\/types\/page"}],"author":[{"embeddable":true,"href":"https:\/\/aiartfree.online\/fr\/wp-json\/wp\/v2\/users\/1"}],"replies":[{"embeddable":true,"href":"https:\/\/aiartfree.online\/fr\/wp-json\/wp\/v2\/comments?post=2968"}],"version-history":[{"count":0,"href":"https:\/\/aiartfree.online\/fr\/wp-json\/wp\/v2\/pages\/2968\/revisions"}],"wp:attachment":[{"href":"https:\/\/aiartfree.online\/fr\/wp-json\/wp\/v2\/media?parent=2968"}],"curies":[{"name":"wp","href":"https:\/\/api.w.org\/{rel}","templated":true}]}}