{"id":2964,"date":"2024-07-19T11:19:39","date_gmt":"2024-07-19T11:19:39","guid":{"rendered":"https:\/\/aiartfree.online\/?page_id=2964"},"modified":"2024-08-02T11:27:30","modified_gmt":"2024-08-02T11:27:30","slug":"ai-drawing-generator","status":"publish","type":"page","link":"https:\/\/aiartfree.online\/fr\/generateur-de-dessins-ai\/","title":{"rendered":"G\u00e9n\u00e9rateur de dessins AI"},"content":{"rendered":"<h2 class=\"wp-block-heading has-text-align-center\" id=\"before-vs-after\">Avant et apr\u00e8s<\/h2>\n\n\n\n<figure class=\"gb-block-image gb-block-image-1822da1f\"><img data-recalc-dims=\"1\" decoding=\"async\" loading=\"lazy\" width=\"1200\" height=\"273\" class=\"gb-image gb-image-1822da1f\" src=\"https:\/\/i0.wp.com\/aiartfree.online\/wp-content\/uploads\/2024\/07\/WX20240731-180407%402x-scaled.webp?resize=1200%2C273&#038;ssl=1\" alt=\"G\u00e9n\u00e9rateur de dessins AI\" title=\"WX20240731-180407@2x\" srcset=\"https:\/\/i0.wp.com\/aiartfree.online\/wp-content\/uploads\/2024\/07\/WX20240731-180407%402x-scaled.webp?w=2560&amp;ssl=1 2560w, https:\/\/i0.wp.com\/aiartfree.online\/wp-content\/uploads\/2024\/07\/WX20240731-180407%402x-scaled.webp?resize=300%2C68&amp;ssl=1 300w, https:\/\/i0.wp.com\/aiartfree.online\/wp-content\/uploads\/2024\/07\/WX20240731-180407%402x-scaled.webp?resize=1024%2C233&amp;ssl=1 1024w, https:\/\/i0.wp.com\/aiartfree.online\/wp-content\/uploads\/2024\/07\/WX20240731-180407%402x-scaled.webp?resize=768%2C175&amp;ssl=1 768w, https:\/\/i0.wp.com\/aiartfree.online\/wp-content\/uploads\/2024\/07\/WX20240731-180407%402x-scaled.webp?resize=1536%2C349&amp;ssl=1 1536w, https:\/\/i0.wp.com\/aiartfree.online\/wp-content\/uploads\/2024\/07\/WX20240731-180407%402x-scaled.webp?resize=2048%2C465&amp;ssl=1 2048w, https:\/\/i0.wp.com\/aiartfree.online\/wp-content\/uploads\/2024\/07\/WX20240731-180407%402x-scaled.webp?resize=18%2C4&amp;ssl=1 18w, https:\/\/i0.wp.com\/aiartfree.online\/wp-content\/uploads\/2024\/07\/WX20240731-180407%402x-scaled.webp?resize=600%2C136&amp;ssl=1 600w, https:\/\/i0.wp.com\/aiartfree.online\/wp-content\/uploads\/2024\/07\/WX20240731-180407%402x-scaled.webp?w=2400&amp;ssl=1 2400w\" sizes=\"auto, (max-width: 1200px) 100vw, 1200px\" \/><\/figure>\n\n\n\n<h2 class=\"wp-block-heading\" id=\"how-to-use-ai-drawing-generator\">Comment utiliser AI Drawing Generator<\/h2>\n\n\n\n<ol class=\"wp-block-list\">\n<li class=\"\">R\u00e9alisez votre simple dessin au trait<\/li>\n\n\n\n<li class=\"\">Cliquez sur \"diffuser le reste\"<\/li>\n\n\n\n<li class=\"\">Attendez, puis choisissez celui qui vous convient<\/li>\n\n\n\n<li class=\"\">Cliquez \u00e0 nouveau sur \"diffuser le reste\" !<\/li>\n\n\n\n<li class=\"\">R\u00e9p\u00e9tez les \u00e9tapes 3 et 4 jusqu'\u00e0 ce que vous soyez satisfait du r\u00e9sultat.<\/li>\n<\/ol>\n\n\n\n<p class=\"\"><em>* Le chargement du mod\u00e8le peut prendre quelques secondes en fonction de la vitesse de l'internet.<\/em><\/p>\n\n\n\n<div class=\"iframe-wrapper\" style=\"position: relative; width: 100%; height: 1200px;\">\n  <div class=\"loading\" style=\"position: absolute; top: 50px; left: 50%; transform: translate(-50%, -50%); width: 40px; height: 40px; border: 3px solid #f0f0f0; border-top: 3px solid #db7093; border-radius: 50%; animation: spin 1s linear infinite;\"><\/div>\n  <iframe loading=\"lazy\" src=\"https:\/\/huggingface-projects-diffuse-the-rest.static.hf.space\" frameborder=\"0\" width=\"100%\" height=\"100%\" style=\"position: absolute; top: 0; left: 0; opacity: 0; transition: opacity 0.3s;\" onload=\"this.style.opacity=1;this.previousElementSibling.style.display='none';\"><\/iframe>\n<\/div>\n\n<style>\n@keyframes spin {\n  0% { transform: translate(-50%, -50%) rotate(0deg); }\n  100% { transform: translate(-50%, -50%) rotate(360deg); }\n}\n<\/style>\n\n\n\n<div style=\"height:50px\" aria-hidden=\"true\" class=\"wp-block-spacer\"><\/div>\n\n\n\n<h2 class=\"wp-block-heading\" id=\"introduction-of-ai-drawing-generator\">Introduction du g\u00e9n\u00e9rateur de dessins AI<\/h2>\n\n\n\n<p class=\"\">Les g\u00e9n\u00e9rateurs de dessins AI ont r\u00e9volutionn\u00e9 le processus de cr\u00e9ation artistique en tirant parti de l'intelligence artificielle pour g\u00e9n\u00e9rer des images \u00e9tonnantes sur la base des donn\u00e9es fournies par l'utilisateur. Cette technologie a ouvert de nouvelles possibilit\u00e9s aux artistes, aux designers et aux passionn\u00e9s de cr\u00e9ation.<\/p>\n\n\n\n<div class=\"wp-block-rank-math-toc-block\" id=\"rank-math-toc\"><h3>Table des mati\u00e8res<\/h3><nav><ul><li><a href=\"#what-is-an-ai-drawing-generator\">Qu'est-ce qu'un g\u00e9n\u00e9rateur de dessins d'IA ?<\/a><\/li><li><a href=\"#why-use-an-ai-drawing-generator\">Pourquoi utiliser un g\u00e9n\u00e9rateur de dessins d'IA ?<\/a><\/li><li><a href=\"#benefits-of-using-an-ai-drawing-generator\">Avantages de l'utilisation d'un g\u00e9n\u00e9rateur de dessins d'IA<\/a><\/li><li><a href=\"#when-to-use-an-ai-drawing-generator\">Quand utiliser un g\u00e9n\u00e9rateur de dessins d'IA<\/a><\/li><li><a href=\"#who-should-use-an-ai-drawing-generator\">Qui devrait utiliser un g\u00e9n\u00e9rateur de dessins d'IA ?<\/a><\/li><li><a href=\"#tools-and-resources-for-ai-drawing-generators\">Outils et ressources pour les g\u00e9n\u00e9rateurs de dessins d'IA<\/a><\/li><li><a href=\"#frequently-asked-questions-faq\">Foire aux questions (FAQ)<\/a><\/li><\/ul><\/nav><\/div>\n\n\n\n<h3 class=\"wp-block-heading\" id=\"what-is-an-ai-drawing-generator\">Qu'est-ce qu'un g\u00e9n\u00e9rateur de dessins d'IA ?<\/h3>\n\n\n\n<p class=\"\">Un g\u00e9n\u00e9rateur de dessins d'IA est un outil qui utilise des algorithmes d'intelligence artificielle pour cr\u00e9er des images \u00e0 partir d'invites textuelles ou d'autres entr\u00e9es. Ces g\u00e9n\u00e9rateurs peuvent produire un large \u00e9ventail de styles artistiques, des dessins abstraits aux images r\u00e9alistes, en traitant de vastes ensembles de donn\u00e9es d'\u0153uvres d'art existantes et en apprenant des mod\u00e8les et des styles.<\/p>\n\n\n\n<h3 class=\"wp-block-heading\" id=\"why-use-an-ai-drawing-generator\">Pourquoi utiliser un g\u00e9n\u00e9rateur de dessins d'IA ?<\/h3>\n\n\n\n<p class=\"\">Les g\u00e9n\u00e9rateurs de dessins AI offrent un moyen unique et efficace de cr\u00e9er des \u0153uvres d'art. Ils permettent aux utilisateurs d'exp\u00e9rimenter diff\u00e9rents styles et id\u00e9es sans avoir besoin de comp\u00e9tences techniques avanc\u00e9es. En outre, ils permettent de gagner du temps et d'\u00e9conomiser des ressources en automatisant le processus de cr\u00e9ation artistique.<\/p>\n\n\n\n<h3 class=\"wp-block-heading\" id=\"benefits-of-using-an-ai-drawing-generator\">Avantages de l'utilisation d'un g\u00e9n\u00e9rateur de dessins d'IA<\/h3>\n\n\n\n<ol class=\"wp-block-list\">\n<li class=\"\"><strong>Am\u00e9lioration de la cr\u00e9ativit\u00e9<\/strong>: Les g\u00e9n\u00e9rateurs d'IA offrent de nouvelles perspectives et id\u00e9es, contribuant ainsi \u00e0 am\u00e9liorer la cr\u00e9ativit\u00e9.<\/li>\n\n\n\n<li class=\"\"><strong>Efficacit\u00e9 temporelle<\/strong>: G\u00e9n\u00e9rer rapidement plusieurs conceptions et concepts.<\/li>\n\n\n\n<li class=\"\"><strong>Rentabilit\u00e9<\/strong>: R\u00e9duit la n\u00e9cessit\u00e9 d'acheter des fournitures artistiques co\u00fbteuses ou d'engager des artistes professionnels.<\/li>\n\n\n\n<li class=\"\"><strong>Polyvalence<\/strong>: Capable de produire diff\u00e9rents styles et types d'\u0153uvres d'art.<\/li>\n\n\n\n<li class=\"\"><strong>Accessibilit\u00e9<\/strong>: Rendre la cr\u00e9ation artistique accessible \u00e0 tous, quel que soit leur niveau de comp\u00e9tence.<\/li>\n<\/ol>\n\n\n\n<h3 class=\"wp-block-heading\" id=\"when-to-use-an-ai-drawing-generator\">Quand utiliser un g\u00e9n\u00e9rateur de dessins d'IA<\/h3>\n\n\n\n<p class=\"\">Les g\u00e9n\u00e9rateurs de dessins d'IA conviennent \u00e0 diff\u00e9rents sc\u00e9narios :<\/p>\n\n\n\n<ul class=\"wp-block-list\">\n<li class=\"\"><strong>Projets cr\u00e9atifs<\/strong>: Pour cr\u00e9er des \u0153uvres d'art uniques pour des projets personnels ou professionnels.<\/li>\n\n\n\n<li class=\"\"><strong>Marketing et publicit\u00e9<\/strong>: Cr\u00e9ation de visuels accrocheurs pour les campagnes.<\/li>\n\n\n\n<li class=\"\"><strong>Contenu des m\u00e9dias sociaux<\/strong>: Produire des images attrayantes et partageables.<\/li>\n\n\n\n<li class=\"\"><strong>Objectifs \u00e9ducatifs<\/strong>: Enseignement et d\u00e9monstration de l'IA et des concepts artistiques.<\/li>\n\n\n\n<li class=\"\"><strong>Conception de prototypes<\/strong>: Visualisation rapide des concepts et des id\u00e9es.<\/li>\n<\/ul>\n\n\n\n<h3 class=\"wp-block-heading\" id=\"who-should-use-an-ai-drawing-generator\">Qui devrait utiliser un g\u00e9n\u00e9rateur de dessins d'IA ?<\/h3>\n\n\n\n<ul class=\"wp-block-list\">\n<li class=\"\"><strong>Artistes<\/strong>: Pour explorer de nouveaux styles et de nouvelles id\u00e9es.<\/li>\n\n\n\n<li class=\"\"><strong>Concepteurs<\/strong>: Rationaliser le processus de conception.<\/li>\n\n\n\n<li class=\"\"><strong>Les sp\u00e9cialistes du marketing<\/strong>: Pour cr\u00e9er des visuels convaincants.<\/li>\n\n\n\n<li class=\"\"><strong>\u00c9ducateurs<\/strong>: Illustrer les th\u00e8mes de l'IA et de l'art.<\/li>\n\n\n\n<li class=\"\"><strong>Hobbyistes<\/strong>: Toute personne int\u00e9ress\u00e9e par la cr\u00e9ation artistique sans avoir besoin de comp\u00e9tences avanc\u00e9es.<\/li>\n<\/ul>\n\n\n\n<h3 class=\"wp-block-heading\" id=\"tools-and-resources-for-ai-drawing-generators\">Outils et ressources pour les g\u00e9n\u00e9rateurs de dessins d'IA<\/h3>\n\n\n\n<p class=\"\">Afin de fournir des informations compl\u00e8tes, nous avons recherch\u00e9 les derniers g\u00e9n\u00e9rateurs de dessins d'IA disponibles en ligne. Vous trouverez ci-dessous les 10 meilleurs outils, ainsi qu'un r\u00e9sum\u00e9 de leurs forces et de leurs faiblesses :<\/p>\n\n\n\n<figure class=\"wp-block-table\"><table class=\"has-fixed-layout\"><thead><tr><th>Outil<\/th><th>URL<\/th><th>Avantages<\/th><th>Inconv\u00e9nients<\/th><\/tr><\/thead><tbody><tr><td>DeepArt<\/td><td><a href=\"https:\/\/deepart.io\" target=\"_blank\" rel=\"noopener\">deepart.io<\/a><\/td><td>Des r\u00e9sultats de haute qualit\u00e9, des styles vari\u00e9s<\/td><td>Le d\u00e9lai de traitement peut \u00eatre lent<\/td><\/tr><tr><td>Artbreeder<\/td><td><a href=\"https:\/\/artbreeder.com\" target=\"_blank\" rel=\"noopener\">artbreeder.com<\/a><\/td><td>Plate-forme collaborative, facile \u00e0 utiliser<\/td><td>Options de personnalisation limit\u00e9es<\/td><\/tr><tr><td>RunwayML<\/td><td><a href=\"https:\/\/runwayml.com\" target=\"_blank\" rel=\"noopener\">runwayml.com<\/a><\/td><td>Int\u00e9gration avec diff\u00e9rents mod\u00e8les d'IA, convivialit\u00e9<\/td><td>N\u00e9cessite un abonnement pour b\u00e9n\u00e9ficier de toutes les fonctionnalit\u00e9s<\/td><\/tr><tr><td>DALL-E 2<\/td><td><a href=\"https:\/\/openai.com\/dall-e-2\" target=\"_blank\" rel=\"noopener\">openai.com\/dall-e-2<\/a><\/td><td>G\u00e9n\u00e8re des images \u00e0 haute r\u00e9solution<\/td><td>Disponibilit\u00e9 limit\u00e9e, co\u00fbt \u00e9lev\u00e9<\/td><\/tr><tr><td>G\u00e9n\u00e9rateur de r\u00eaves profonds<\/td><td><a href=\"https:\/\/deepdreamgenerator.com\" target=\"_blank\" rel=\"noopener\">deepdreamgenerator.com<\/a><\/td><td>Effets cr\u00e9atifs et surr\u00e9alistes<\/td><td>Les r\u00e9sultats peuvent \u00eatre impr\u00e9visibles<\/td><\/tr><tr><td>PeinturesChainer<\/td><td><a>paintschainer.preferred.tech<\/a><\/td><td>Facile \u00e0 utiliser, coloration automatique<\/td><td>Limit\u00e9 aux dessins anim\u00e9s<\/td><\/tr><tr><td>NightCafe Studio<\/td><td><a href=\"https:\/\/nightcafe.studio\" target=\"_blank\" rel=\"noopener\">nightcafe.studio<\/a><\/td><td>Convivialit\u00e9, fonctionnalit\u00e9s communautaires<\/td><td>Certaines fonctionnalit\u00e9s sont payantes<\/td><\/tr><tr><td>VQ-VAE-2<\/td><td><a href=\"https:\/\/github.com\/deepmind\/vq-vae-2\" target=\"_blank\" rel=\"noopener\">github.com\/deepmind\/vq-vae-2<\/a><\/td><td>Mod\u00e8le g\u00e9n\u00e9ratif de haute qualit\u00e9<\/td><td>L'utilisation n\u00e9cessite des connaissances techniques<\/td><\/tr><tr><td>GANPaint Studio<\/td><td><a href=\"https:\/\/ganpaint.io\" target=\"_blank\" rel=\"noopener\">ganpaint.io<\/a><\/td><td>Edition interactive, images r\u00e9alistes<\/td><td>Limit\u00e9 \u00e0 certains types d'images<\/td><\/tr><tr><td><a href=\"https:\/\/aiartfree.online\/fr\/generateur-de-dessins-ai\/\">https:\/\/aiartfree.online\/ai-drawing-generator<\/a><\/td><td><a href=\"https:\/\/aiartfree.online\/fr\/generateur-de-dessins-ai\/\">aiartfree.online<\/a><\/td><td>Gratuit, facile \u00e0 utiliser, polyvalent<\/td><td>Fonctionnalit\u00e9s avanc\u00e9es limit\u00e9es<\/td><\/tr><\/tbody><\/table><\/figure>\n\n\n\n<p class=\"\"><strong>Recommandation du meilleur outil<\/strong>: Le meilleur outil pour la plupart des utilisateurs est <a href=\"https:\/\/aiartfree.online\/fr\/generateur-de-dessins-ai\/\">AI Art Free's AI Drawing Generator (G\u00e9n\u00e9rateur de dessins AI)<\/a> en raison de son accessibilit\u00e9, de sa facilit\u00e9 d'utilisation et de sa polyvalence.<\/p>\n\n\n\n<h3 class=\"wp-block-heading\" id=\"frequently-asked-questions-faq\">Foire aux questions (FAQ)<\/h3>\n\n\n\n<ol class=\"wp-block-list\">\n<li class=\"\"><strong>Qu'est-ce qu'un g\u00e9n\u00e9rateur de dessins d'IA ?<\/strong> Un g\u00e9n\u00e9rateur de dessins d'IA est un outil qui cr\u00e9e des images bas\u00e9es sur les entr\u00e9es de l'utilisateur \u00e0 l'aide d'algorithmes d'intelligence artificielle.<\/li>\n\n\n\n<li class=\"\"><strong>Comment fonctionne un g\u00e9n\u00e9rateur de dessins d'IA ?<\/strong> Il traite de vastes ensembles de donn\u00e9es d'\u0153uvres d'art existantes pour apprendre des mod\u00e8les et des styles, puis utilise ces connaissances pour g\u00e9n\u00e9rer de nouvelles images.<\/li>\n\n\n\n<li class=\"\"><strong>L'utilisation des AI Drawing Generators est-elle gratuite ?<\/strong> Certains sont gratuits, comme <a href=\"https:\/\/aiartfree.online\/fr\/generateur-de-dessins-ai\/\">AI Art Free's AI Drawing Generator (G\u00e9n\u00e9rateur de dessins AI)<\/a>D'autres peuvent n\u00e9cessiter un abonnement ou un paiement unique.<\/li>\n\n\n\n<li class=\"\"><strong>Les g\u00e9n\u00e9rateurs de dessins d'IA peuvent-ils produire des images r\u00e9alistes ?<\/strong> Oui, de nombreux g\u00e9n\u00e9rateurs de dessins d'IA peuvent produire des images tr\u00e8s r\u00e9alistes en fonction du mod\u00e8le et des donn\u00e9es fournies.<\/li>\n\n\n\n<li class=\"\"><strong>Dois-je savoir dessiner pour utiliser un g\u00e9n\u00e9rateur de dessins d'IA ?<\/strong> Non, ces outils sont con\u00e7us pour \u00eatre conviviaux et accessibles \u00e0 tous, quelles que soient leurs comp\u00e9tences artistiques.<\/li>\n\n\n\n<li class=\"\"><strong>Quels types d'images puis-je cr\u00e9er avec un AI Drawing Generator ?<\/strong> Vous pouvez cr\u00e9er un large \u00e9ventail d'images, y compris de l'art abstrait, des portraits, des paysages, etc.<\/li>\n\n\n\n<li class=\"\"><strong>Comment les g\u00e9n\u00e9rateurs de dessins d'IA peuvent-ils profiter \u00e0 mon entreprise ?<\/strong> Ils permettent d'\u00e9conomiser du temps et des ressources lors de la cr\u00e9ation de contenu visuel, d'am\u00e9liorer la cr\u00e9ativit\u00e9 et de fournir du mat\u00e9riel de marketing unique.<\/li>\n\n\n\n<li class=\"\"><strong>Les images g\u00e9n\u00e9r\u00e9es par AI Drawing Generators sont-elles prot\u00e9g\u00e9es par des droits d'auteur ?<\/strong> Cela d\u00e9pend des conditions d'utilisation de l'outil. Certains autorisent l'utilisation libre des images g\u00e9n\u00e9r\u00e9es, tandis que d'autres peuvent imposer des restrictions.<\/li>\n\n\n\n<li class=\"\"><strong>Quelles sont les limites des g\u00e9n\u00e9rateurs de dessins d'IA ?<\/strong> Les limites peuvent \u00eatre le temps de traitement, le manque d'options de personnalisation et la variabilit\u00e9 de la qualit\u00e9 des r\u00e9sultats.<\/li>\n\n\n\n<li class=\"\"><strong>Quel est le meilleur g\u00e9n\u00e9rateur de dessins d'IA ?<\/strong> Sur la base de nos recherches, <a href=\"https:\/\/aiartfree.online\/fr\/generateur-de-dessins-ai\/\">AI Art Free's AI Drawing Generator (G\u00e9n\u00e9rateur de dessins AI)<\/a> offre la meilleure combinaison de fonctionnalit\u00e9s, d'accessibilit\u00e9 et de facilit\u00e9 d'utilisation.<\/li>\n<\/ol>\n\n\n\n<p class=\"\">Gr\u00e2ce aux g\u00e9n\u00e9rateurs de dessins AI, vous pouvez cr\u00e9er des \u0153uvres d'art \u00e9tonnantes avec un minimum d'efforts, ce qui rend ces outils inestimables pour un large \u00e9ventail d'applications.<\/p>","protected":false},"excerpt":{"rendered":"<p>Before vs After How to use AI Drawing Generator *&nbsp;Depending on your internet speed, loading the model may take a few seconds. Introduction of AI Drawing Generator AI Drawing Generators have revolutionized the art creation process by leveraging artificial intelligence to generate stunning images based on user inputs. This technology has opened new possibilities for &#8230; <a title=\"G\u00e9n\u00e9rateur de dessins AI\" class=\"read-more\" href=\"https:\/\/aiartfree.online\/fr\/generateur-de-dessins-ai\/\" aria-label=\"En savoir plus sur AI Drawing Generator\">Lire la suite<\/a><\/p>","protected":false},"author":1,"featured_media":3408,"parent":0,"menu_order":0,"comment_status":"open","ping_status":"closed","template":"","meta":{"nf_dc_page":"","footnotes":""},"class_list":["post-2964","page","type-page","status-publish","has-post-thumbnail"],"jetpack_sharing_enabled":true,"_links":{"self":[{"href":"https:\/\/aiartfree.online\/fr\/wp-json\/wp\/v2\/pages\/2964","targetHints":{"allow":["GET"]}}],"collection":[{"href":"https:\/\/aiartfree.online\/fr\/wp-json\/wp\/v2\/pages"}],"about":[{"href":"https:\/\/aiartfree.online\/fr\/wp-json\/wp\/v2\/types\/page"}],"author":[{"embeddable":true,"href":"https:\/\/aiartfree.online\/fr\/wp-json\/wp\/v2\/users\/1"}],"replies":[{"embeddable":true,"href":"https:\/\/aiartfree.online\/fr\/wp-json\/wp\/v2\/comments?post=2964"}],"version-history":[{"count":0,"href":"https:\/\/aiartfree.online\/fr\/wp-json\/wp\/v2\/pages\/2964\/revisions"}],"wp:featuredmedia":[{"embeddable":true,"href":"https:\/\/aiartfree.online\/fr\/wp-json\/wp\/v2\/media\/3408"}],"wp:attachment":[{"href":"https:\/\/aiartfree.online\/fr\/wp-json\/wp\/v2\/media?parent=2964"}],"curies":[{"name":"wp","href":"https:\/\/api.w.org\/{rel}","templated":true}]}}