{"id":2888,"date":"2024-07-18T11:45:49","date_gmt":"2024-07-18T11:45:49","guid":{"rendered":"https:\/\/aiartfree.online\/?page_id=2888"},"modified":"2025-03-07T08:01:42","modified_gmt":"2025-03-07T08:01:42","slug":"free-online-stable-diffusion-3","status":"publish","type":"page","link":"https:\/\/aiartfree.online\/fr\/diffusion-stable-en-ligne-gratuite-3\/","title":{"rendered":"Diffusion stable en ligne gratuite 3"},"content":{"rendered":"<h2 class=\"wp-block-heading has-text-align-center\" id=\"what-our-users-made\">Ce que nos utilisateurs ont fait<\/h2>\n\n\n\n<figure class=\"gb-block-image gb-block-image-1822da1f\"><img data-recalc-dims=\"1\" decoding=\"async\" loading=\"lazy\" width=\"1200\" height=\"199\" class=\"gb-image gb-image-1822da1f\" src=\"https:\/\/i0.wp.com\/aiartfree.online\/wp-content\/uploads\/2024\/08\/WX20240802-163255%402x-scaled.webp?resize=1200%2C199&#038;ssl=1\" alt=\"Stable Diffusion 3 est un mod\u00e8le d&#039;IA qui permet aux utilisateurs de g\u00e9n\u00e9rer des images de haute qualit\u00e9 \u00e0 l&#039;aide d&#039;invites textuelles, ce qui leur permet de cr\u00e9er des visuels sans comp\u00e9tences artistiques.\" title=\"WX20240802-163255@2x\" srcset=\"https:\/\/i0.wp.com\/aiartfree.online\/wp-content\/uploads\/2024\/08\/WX20240802-163255%402x-scaled.webp?w=2560&amp;ssl=1 2560w, https:\/\/i0.wp.com\/aiartfree.online\/wp-content\/uploads\/2024\/08\/WX20240802-163255%402x-scaled.webp?resize=300%2C50&amp;ssl=1 300w, https:\/\/i0.wp.com\/aiartfree.online\/wp-content\/uploads\/2024\/08\/WX20240802-163255%402x-scaled.webp?resize=1024%2C170&amp;ssl=1 1024w, https:\/\/i0.wp.com\/aiartfree.online\/wp-content\/uploads\/2024\/08\/WX20240802-163255%402x-scaled.webp?resize=768%2C127&amp;ssl=1 768w, https:\/\/i0.wp.com\/aiartfree.online\/wp-content\/uploads\/2024\/08\/WX20240802-163255%402x-scaled.webp?resize=1536%2C254&amp;ssl=1 1536w, https:\/\/i0.wp.com\/aiartfree.online\/wp-content\/uploads\/2024\/08\/WX20240802-163255%402x-scaled.webp?resize=2048%2C339&amp;ssl=1 2048w, https:\/\/i0.wp.com\/aiartfree.online\/wp-content\/uploads\/2024\/08\/WX20240802-163255%402x-scaled.webp?resize=18%2C3&amp;ssl=1 18w, https:\/\/i0.wp.com\/aiartfree.online\/wp-content\/uploads\/2024\/08\/WX20240802-163255%402x-scaled.webp?resize=600%2C99&amp;ssl=1 600w, https:\/\/i0.wp.com\/aiartfree.online\/wp-content\/uploads\/2024\/08\/WX20240802-163255%402x-scaled.webp?w=2400&amp;ssl=1 2400w\" sizes=\"auto, (max-width: 1200px) 100vw, 1200px\" \/><\/figure>\n\n\n\n<h2 class=\"wp-block-heading\" id=\"how-to-use-the-free-free-online-stable-diffusion-3\">Comment utiliser la diffusion stable en ligne gratuite 3<\/h2>\n\n\n\n<ol class=\"wp-block-list\">\n<li class=\"\">Saisissez vos invites<\/li>\n\n\n\n<li class=\"\">Cliquez sur \"Ex\u00e9cuter\"<\/li>\n\n\n\n<li class=\"\">Attendez, c'est \u00e7a !<\/li>\n\n\n\n<li class=\"\">Vous n'\u00eates pas satisfait du r\u00e9sultat ? <br>Pas de probl\u00e8me ! Utilisez le g\u00e9n\u00e9rateur de messages ci-dessous pour obtenir des messages r\u00e9volutionnaires\uff5e.<\/li>\n\n\n\n<li class=\"\">Aucune id\u00e9e ne vous vient \u00e0 l'esprit ?<br>Pas de probl\u00e8me ! <a href=\"#maodian\" data-type=\"internal\" data-id=\"#maodian\">Cliquez pour consulter notre galerie d'id\u00e9es<\/a><\/li>\n<\/ol>\n\n\n\n<p class=\"\">* N'h\u00e9sitez pas \u00e0 essayer les exemples ci-dessous si vous n'avez aucune id\u00e9e en t\u00eate.<\/p>\n\n\n\n<h3 class=\"wp-block-heading\" id=\"prompt-examples\">Exemples d'invites<\/h3>\n\n\n\n<ol style=\"font-size:16px\" class=\"wp-block-list\">\n<li class=\"\">illustration \u00e9poustouflante de morgan freeman sur une moto harley davidson, sombre et grin\u00e7ante.<\/li>\n\n\n\n<li class=\"\">Au milieu de la vaste \u00e9tendue d'une n\u00e9buleuse, un astronaute solitaire flotte, attach\u00e9 \u00e0 un vaisseau lumineux. Les gaz rayonnants de la n\u00e9buleuse dansent autour de lui, refl\u00e9tant des couleurs vibrantes sur le scaphandre, cr\u00e9ant un ballet de lumi\u00e8re et de mouvement.<\/li>\n\n\n\n<li class=\"\">Illustration de roman graphique \u00e0 couper le souffle de \u00c0 un carrefour d'une terre d\u00e9sol\u00e9e post-apocalyptique, un vagabond muni d'une guitare faite de ferraille chante des contes de l'ancien monde. Des cr\u00e9atures mutantes se rassemblent autour du feu de camp, les yeux remplis de nostalgie.<\/li>\n\n\n\n<li class=\"\">Illustration de roman graphique \u00e0 couper le souffle d'un enfant chassant des papillons color\u00e9s dans une prairie vibrante.<\/li>\n\n\n\n<li class=\"\">Illustration de roman graphique \u00e0 couper le souffle Sur une plage o\u00f9 les vagues sont tiss\u00e9es d'histoires, un conteur, avec un m\u00e9tier \u00e0 tisser au clair de lune, fabrique des contes \u00e0 partir des mar\u00e9es. Les coquillages chuchotent des l\u00e9gendes et l'horizon est une tapisserie d'aventures \u00e0 raconter.<\/li>\n\n\n\n<li class=\"\">Illustration de roman graphique \u00e0 couper le souffle d'un faucon planant au-dessus d'un d\u00e9sert, \u00e0 la recherche d'une proie.<\/li>\n\n\n\n<li class=\"\">Illustration de roman graphique \u00e0 couper le souffle Au plus profond du cercle arctique, une aurore peint le ciel de teintes vibrantes de vert, de rose et de violet. La neige en contrebas refl\u00e8te cette danse de lumi\u00e8res et le monde est envelopp\u00e9 d'une symphonie de couleurs envo\u00fbtante.<\/li>\n\n\n\n<li class=\"\">Illustration de roman graphique \u00e0 couper le souffle d'un tatoueur d\u00e9taillant un motif complexe sur le dos d'un client.<\/li>\n\n\n\n<li class=\"\">Illustration de roman graphique \u00e0 couper le souffle d'une femme, drap\u00e9e dans des soies color\u00e9es, lisant des cartes de tarot dans une tente \u00e9clair\u00e9e \u00e0 la bougie.<\/li>\n\n\n\n<li class=\"\">Illustration de roman graphique \u00e0 couper le souffle repr\u00e9sentant deux sp\u00e9l\u00e9ologues tra\u00e7ant la carte d'une caverne profonde, des torches \u00e9clairant le chemin.<\/li>\n<\/ol>\n\n\n\n<figure class=\"gb-block-image gb-block-image-032aac41\"><a href=\"https:\/\/fas.st\/t\/9U4PYbm7\" target=\"_blank\" rel=\"noopener noreferrer\"><img data-recalc-dims=\"1\" decoding=\"async\" loading=\"lazy\" width=\"1200\" height=\"365\" class=\"gb-image gb-image-032aac41\" src=\"https:\/\/i0.wp.com\/aiartfree.online\/wp-content\/uploads\/2025\/03\/WX20250307-115412%402x.webp?resize=1200%2C365&#038;ssl=1\" alt=\"\" title=\"WX20250307-115412@2x\" srcset=\"https:\/\/i0.wp.com\/aiartfree.online\/wp-content\/uploads\/2025\/03\/WX20250307-115412%402x.webp?w=1942&amp;ssl=1 1942w, https:\/\/i0.wp.com\/aiartfree.online\/wp-content\/uploads\/2025\/03\/WX20250307-115412%402x.webp?resize=300%2C91&amp;ssl=1 300w, https:\/\/i0.wp.com\/aiartfree.online\/wp-content\/uploads\/2025\/03\/WX20250307-115412%402x.webp?resize=1024%2C312&amp;ssl=1 1024w, https:\/\/i0.wp.com\/aiartfree.online\/wp-content\/uploads\/2025\/03\/WX20250307-115412%402x.webp?resize=768%2C234&amp;ssl=1 768w, https:\/\/i0.wp.com\/aiartfree.online\/wp-content\/uploads\/2025\/03\/WX20250307-115412%402x.webp?resize=1536%2C467&amp;ssl=1 1536w, https:\/\/i0.wp.com\/aiartfree.online\/wp-content\/uploads\/2025\/03\/WX20250307-115412%402x.webp?resize=18%2C5&amp;ssl=1 18w, https:\/\/i0.wp.com\/aiartfree.online\/wp-content\/uploads\/2025\/03\/WX20250307-115412%402x.webp?resize=600%2C183&amp;ssl=1 600w\" sizes=\"auto, (max-width: 1200px) 100vw, 1200px\" \/><\/a><\/figure>\n\n\n\n<p class=\"\"><em>* Le chargement du mod\u00e8le peut prendre quelques secondes en fonction de la vitesse de l'internet.<br>* Il y aura une mise en cache pendant la g\u00e9n\u00e9ration continue, et la nouvelle image appara\u00eetra apr\u00e8s environ 3 secondes.<\/em><\/p>\n\n\n\n<div class=\"iframe-wrapper\" style=\"position: relative; width: 100%; height: 1260px;\">\n  <div class=\"loading\" style=\"position: absolute; top: 50px; left: 50%; transform: translate(-50%, -50%); width: 40px; height: 40px; border: 3px solid #f0f0f0; border-top: 3px solid #db7093; border-radius: 50%; animation: spin 1s linear infinite;\"><\/div>\n  <iframe loading=\"lazy\" src=\"https:\/\/prodia-fast-stable-diffusion.hf.space\" frameborder=\"0\" width=\"100%\" height=\"100%\" style=\"position: absolute; top: 0; left: 0; opacity: 0; transition: opacity 0.3s;\" onload=\"this.style.opacity=1;this.previousElementSibling.style.display='none';\"><\/iframe>\n<\/div>\n\n<style>\n@keyframes spin {\n  0% { transform: translate(-50%, -50%) rotate(0deg); }\n  100% { transform: translate(-50%, -50%) rotate(360deg); }\n}\n<\/style>\n\n\n\n<div style=\"text-align: center; border: 2px solid; border-image-source: linear-gradient(to right, #16b86c, #912899); border-image-slice: 1; box-shadow: 0 0 10px rgba(0, 0, 0, 0.1); border-radius: 15px;\">\n  <iframe loading=\"lazy\"\n    src=\"https:\/\/doevent-stable-diffusion-prompt-generator.hf.space\"\n    frameborder=\"0\"\n    width=\"100%\"\n    height=\"900\"\n    style=\"display: inline-block; margin: 0 auto;\"\n  ><\/iframe>\n<\/div>\n\n\n\n<div style=\"height:50px\" aria-hidden=\"true\" class=\"wp-block-spacer\"><\/div>\n\n\n\n<h2 class=\"wp-block-heading has-text-align-center\" id=\"drawing-prompts-gallery-of-stable-diffusion\">Galerie de dessins d'incitation \u00e0 la diffusion stable<\/h2>\n\n\n\n<h3 class=\"wp-block-heading\" id=\"how-to-use-it\">Comment l'utiliser ?<\/h3>\n\n\n\n<ol class=\"wp-block-list\">\n<li class=\"\">Cliquez sur l'ic\u00f4ne en haut \u00e0 droite de l'image pour dupliquer l'invite.<\/li>\n\n\n\n<li class=\"\">Faites d\u00e9filer la page vers le haut et collez votre message r\u00e9volutionnaire pour la g\u00e9n\u00e9ration<\/li>\n<\/ol>\n\n\n\n<div style=\"text-align: center; border: 2px solid; border-image-source: linear-gradient(to right, #16b86c, #912899); border-image-slice: 1; box-shadow: 0 0 10px rgba(0, 0, 0, 0.1); border-radius: 15px; position: relative;\">\n  <div id=\"loading\" style=\"position: absolute; top: 100px; left: 50%; transform: translate(-50%, -50%); z-index: 1000;\">\n    <div style=\"width: 50px; height: 50px; border: 5px solid #f3f3f3; border-top: 5px solid #16b86c; border-radius: 50%; animation: spin 1s linear infinite;\"><\/div>\n  <\/div>\n  <iframe loading=\"lazy\"\n    src=\"https:\/\/prithivmlmods-top-prompt-collection.static.hf.space\"\n    frameborder=\"0\"\n    width=\"100%\"\n    height=\"2600\"\n    style=\"display: inline-block; margin: 0 auto;\"\n    onload=\"document.getElementById('loading').style.display='none';\"\n  ><\/iframe>\n<\/div>\n\n<style>\n  @keyframes spin {\n    0% { transform: rotate(0deg); }\n    100% { transform: rotate(360deg); }\n  }\n<\/style>\n\n\n\n<div style=\"height:50px\" aria-hidden=\"true\" class=\"wp-block-spacer\"><\/div>\n\n\n\n<h2 class=\"wp-block-heading\" id=\"introduction-of-free-online-stable-diffusion-3\">Introduction de la diffusion stable en ligne 3<\/h2>\n\n\n\n<p class=\"\">D\u00e9couvrez comment Free Online Stable Diffusion 3 r\u00e9volutionne le monde de l'art g\u00e9n\u00e9r\u00e9 par l'IA. Ce guide couvre tout ce que vous devez savoir sur ce puissant outil, de sa d\u00e9finition et ses avantages \u00e0 ses utilisateurs id\u00e9aux et aux questions les plus fr\u00e9quemment pos\u00e9es.<\/p>\n\n\n\n<div class=\"wp-block-rank-math-toc-block\" id=\"rank-math-toc\"><h3>Table des mati\u00e8res<\/h3><nav><ul><li><a href=\"#how-to-use-it\">Comment l'utiliser ?<\/a><\/li><li><a href=\"#\ufffc-what-is-free-online-stable-diffusion-3\">Qu'est-ce que la diffusion stable en ligne gratuite 3 ?<\/a><\/li><li><a href=\"#\ufffc-why-use-free-online-stable-diffusion-3\">Pourquoi utiliser la diffusion stable gratuite en ligne 3 ?<\/a><\/li><li><a href=\"#\ufffc-benefits-of-using-free-online-stable-diffusion-3\">Avantages de l'utilisation de la diffusion stable en ligne gratuite 3<\/a><\/li><li><a href=\"#\ufffc-when-to-use-free-online-stable-diffusion-3\">Quand utiliser la diffusion stable gratuite en ligne 3<\/a><\/li><li><a href=\"#\ufffc-who-can-benefit-from-free-online-stable-diffusion-3\">Qui peut b\u00e9n\u00e9ficier de la diffusion stable gratuite en ligne 3<\/a><\/li><li><a href=\"#\ufffc-free-online-stable-diffusion-3-tools-and-resources\">Outils et ressources en ligne gratuits pour la diffusion stable 3<\/a><\/li><li><a href=\"#\ufffcfaq-frequently-asked-questions-about-free-online-stable-diffusion-3\">\ufffcFAQ : Foire aux questions sur la diffusion stable en ligne gratuite 3<\/a><\/li><\/ul><\/nav><\/div>\n\n\n\n<h3 class=\"wp-block-heading\" id=\"\ufffc-what-is-free-online-stable-diffusion-3\"><a href=\"https:\/\/dromerosm-groq-llama3.hf.space\/#57aaf246\" target=\"_blank\" rel=\"noopener\"><\/a>Qu'est-ce que la diffusion stable en ligne gratuite 3 ?<\/h3>\n\n\n\n<p class=\"\">Free Online Stable Diffusion 3 est un type de mod\u00e8le d'intelligence artificielle (IA) qui permet aux utilisateurs de g\u00e9n\u00e9rer des images et des vid\u00e9os de haute qualit\u00e9 \u00e0 l'aide d'invites textuelles. Cette technologie innovante a r\u00e9volutionn\u00e9 le domaine du contenu g\u00e9n\u00e9r\u00e9 par l'IA, en permettant aux utilisateurs de cr\u00e9er des visuels \u00e9tonnants sans avoir besoin de comp\u00e9tences artistiques approfondies.<\/p>\n\n\n\n<h3 class=\"wp-block-heading\" id=\"\ufffc-why-use-free-online-stable-diffusion-3\"><a href=\"https:\/\/dromerosm-groq-llama3.hf.space\/#1b6e5ba1\" target=\"_blank\" rel=\"noopener\"><\/a>Pourquoi utiliser le logiciel gratuit en ligne Stable Diffusion 3 ?<\/h3>\n\n\n\n<p class=\"\">Free Online Stable Diffusion 3 offre de nombreux avantages aux particuliers comme aux entreprises. Cette technologie peut \u00eatre utilis\u00e9e pour cr\u00e9er des publicit\u00e9s accrocheuses, du contenu pour les m\u00e9dias sociaux et m\u00eame des histoires enti\u00e8res. Ses applications sont illimit\u00e9es et sa capacit\u00e9 \u00e0 g\u00e9n\u00e9rer des visuels de haute qualit\u00e9 en a fait un outil essentiel pour de nombreux secteurs, notamment le marketing, le divertissement et l'\u00e9ducation.<\/p>\n\n\n\n<h3 class=\"wp-block-heading\" id=\"\ufffc-benefits-of-using-free-online-stable-diffusion-3\"><a href=\"https:\/\/dromerosm-groq-llama3.hf.space\/#10ad74a\" target=\"_blank\" rel=\"noopener\"><\/a>Avantages de l'utilisation de la diffusion stable en ligne gratuite 3<\/h3>\n\n\n\n<p class=\"\">Voici quelques-uns des avantages de l'utilisation de Free Online Stable Diffusion 3 :<\/p>\n\n\n\n<ul class=\"wp-block-list\">\n<li class=\"\"><strong>Qualit\u00e9 d'image in\u00e9gal\u00e9e<\/strong>: Free Online Stable Diffusion 3 g\u00e9n\u00e8re des images comparables \u00e0 celles cr\u00e9\u00e9es par des artistes professionnels.<\/li>\n\n\n\n<li class=\"\"><strong>Efficacit\u00e9 temporelle<\/strong>: Cette technologie permet aux utilisateurs de cr\u00e9er des visuels de haute qualit\u00e9 en quelques minutes, ce qui repr\u00e9sente un gain de temps et d'efforts.<\/li>\n\n\n\n<li class=\"\"><strong>Rentabilit\u00e9<\/strong>: Free Online Stable Diffusion 3 \u00e9limine la n\u00e9cessit\u00e9 d'engager des artistes professionnels ou d'acheter des logiciels co\u00fbteux.<\/li>\n<\/ul>\n\n\n\n<h3 class=\"wp-block-heading\" id=\"\ufffc-when-to-use-free-online-stable-diffusion-3\"><a href=\"https:\/\/dromerosm-groq-llama3.hf.space\/#fa570b08\" target=\"_blank\" rel=\"noopener\"><\/a>Quand utiliser la diffusion stable en ligne gratuite 3<\/h3>\n\n\n\n<p class=\"\">Free Online Stable Diffusion 3 est adapt\u00e9 \u00e0 divers sc\u00e9narios, notamment :<\/p>\n\n\n\n<ul class=\"wp-block-list\">\n<li class=\"\"><strong>Campagnes de marketing<\/strong>: Cr\u00e9ez des publicit\u00e9s accrocheuses et du contenu pour les m\u00e9dias sociaux afin d'attirer l'attention de votre public cible.<\/li>\n\n\n\n<li class=\"\"><strong>R\u00e9cit de l'histoire<\/strong>: Utilisez Free Online Stable Diffusion 3 pour cr\u00e9er des histoires enti\u00e8res, y compris des personnages, des arri\u00e8re-plans et des accessoires.<\/li>\n\n\n\n<li class=\"\"><strong>L'\u00e9ducation<\/strong>: Utilisez cette technologie pour cr\u00e9er un contenu \u00e9ducatif interactif et attrayant.<\/li>\n<\/ul>\n\n\n\n<h3 class=\"wp-block-heading\" id=\"\ufffc-who-can-benefit-from-free-online-stable-diffusion-3\"><a href=\"https:\/\/dromerosm-groq-llama3.hf.space\/#8a0a08f4\" target=\"_blank\" rel=\"noopener\"><\/a>Qui peut b\u00e9n\u00e9ficier de la diffusion stable en ligne gratuite 3<\/h3>\n\n\n\n<p class=\"\">Free Online Stable Diffusion 3 peut b\u00e9n\u00e9ficier \u00e0 divers individus et industries, notamment :<\/p>\n\n\n\n<ul class=\"wp-block-list\">\n<li class=\"\"><strong>Les sp\u00e9cialistes du marketing<\/strong>: Cr\u00e9er des visuels de haute qualit\u00e9 pour les campagnes de marketing.<\/li>\n\n\n\n<li class=\"\"><strong>Artistes<\/strong>: G\u00e9n\u00e9rer de l'inspiration pour leur travail artistique ou l'utiliser comme un outil pour cr\u00e9er de nouvelles pi\u00e8ces.<\/li>\n\n\n\n<li class=\"\"><strong>\u00c9ducateurs<\/strong>: Cr\u00e9er des contenus \u00e9ducatifs interactifs et attrayants.<\/li>\n<\/ul>\n\n\n\n<h3 class=\"wp-block-heading\" id=\"\ufffc-free-online-stable-diffusion-3-tools-and-resources\"><a href=\"https:\/\/dromerosm-groq-llama3.hf.space\/#d1f9532f\" target=\"_blank\" rel=\"noopener\"><\/a>Outils et ressources gratuits en ligne pour la diffusion stable 3<\/h3>\n\n\n\n<p class=\"\">Voici quelques ressources et outils en ligne qui peuvent vous aider \u00e0 d\u00e9marrer avec Diffusion stable en ligne gratuite 3 :<\/p>\n\n\n\n<figure class=\"wp-block-table\"><table class=\"has-fixed-layout\"><thead><tr><th>Ressources<\/th><th>Description<\/th><th>Site web<\/th><\/tr><\/thead><tbody><tr><td>AI Art gratuit en ligne<\/td><td>Une plateforme offrant un mod\u00e8le gratuit de diffusion stable en ligne 3<\/td><td><a href=\"https:\/\/aiartfree.online\/fr\/diffusion-stable-en-ligne-gratuite-3\/\" target=\"_blank\" rel=\"noreferrer noopener\">https:\/\/aiartfree.online\/free-online-stable-diffusion-3<\/a><\/td><\/tr><tr><td>Diffusion stable 3 GitHub<\/td><td>Le d\u00e9p\u00f4t officiel GitHub pour Stable Diffusion 3<\/td><td><a href=\"https:\/\/github.com\/stablediffusion\/stablediffusion-3\" target=\"_blank\" rel=\"noreferrer noopener\">https:\/\/github.com\/stablediffusion\/stablediffusion-3<\/a><\/td><\/tr><tr><td>Communaut\u00e9 artistique g\u00e9n\u00e9r\u00e9e par l'IA<\/td><td>Une communaut\u00e9 discutant de l'art g\u00e9n\u00e9r\u00e9 par l'IA et de la diffusion stable 3<\/td><td><a href=\"https:\/\/www.ai-generated-art.com\/\" target=\"_blank\" rel=\"noreferrer noopener\">https:\/\/www.ai-generated-art.com\/<\/a><\/td><\/tr><tr><td>&#8230;<\/td><td>&#8230;<\/td><td>&#8230;<\/td><\/tr><\/tbody><\/table><\/figure>\n\n\n\n<p class=\"\"><strong>Avantages :<\/strong><\/p>\n\n\n\n<ul class=\"wp-block-list\">\n<li class=\"\">Interface conviviale<\/li>\n\n\n\n<li class=\"\">G\u00e9n\u00e9ration d'images de haute qualit\u00e9<\/li>\n\n\n\n<li class=\"\">Rentabilit\u00e9<\/li>\n<\/ul>\n\n\n\n<p class=\"\"><strong>Inconv\u00e9nients :<\/strong><\/p>\n\n\n\n<ul class=\"wp-block-list\">\n<li class=\"\">Options de personnalisation limit\u00e9es<\/li>\n\n\n\n<li class=\"\">N\u00e9cessite des connaissances techniques<\/li>\n<\/ul>\n\n\n\n<p class=\"\"><strong>D\u00e9fis :<\/strong><\/p>\n\n\n\n<ul class=\"wp-block-list\">\n<li class=\"\">S'assurer que les images g\u00e9n\u00e9r\u00e9es ne sont pas biais\u00e9es<\/li>\n\n\n\n<li class=\"\">Aborder les questions de droits d'auteur et de propri\u00e9t\u00e9<\/li>\n<\/ul>\n\n\n\n<p class=\"\"><strong>Recommandation :<\/strong><\/p>\n\n\n\n<p class=\"\">Sur la base de nos recherches, nous recommandons d'utiliser&nbsp;<a href=\"https:\/\/aiartfree.online\/fr\/diffusion-stable-en-ligne-gratuite-3\/\" target=\"_blank\" rel=\"noreferrer noopener\">AI Art gratuit en ligne<\/a>&nbsp;pour son interface conviviale et sa g\u00e9n\u00e9ration d'images de haute qualit\u00e9.<\/p>\n\n\n\n<h3 class=\"wp-block-heading\" id=\"\ufffcfaq-frequently-asked-questions-about-free-online-stable-diffusion-3\"><a href=\"https:\/\/dromerosm-groq-llama3.hf.space\/#5a006b1f\" target=\"_blank\" rel=\"noopener\"><\/a>FAQ : Questions fr\u00e9quemment pos\u00e9es sur la diffusion stable en ligne gratuite 3<\/h3>\n\n\n\n<p class=\"\">Voici quelques questions fr\u00e9quemment pos\u00e9es \u00e0 propos de Free Online Stable Diffusion 3 :<\/p>\n\n\n\n<p class=\"\"><strong>Q1 : L'utilisation de Free Online Stable Diffusion 3 est-elle gratuite ?<\/strong>&nbsp;A1 : Oui, Free Online Stable Diffusion 3 est gratuit, avec des mises \u00e0 jour optionnelles payantes.<\/p>\n\n\n\n<p class=\"\"><strong>Q2 : Puis-je utiliser Free Online Stable Diffusion 3 \u00e0 des fins commerciales ?<\/strong>&nbsp;A2 : Oui, vous pouvez utiliser Free Online Stable Diffusion 3 \u00e0 des fins commerciales, mais veillez \u00e0 respecter les conditions d'utilisation.<\/p>\n\n\n\n<p class=\"\"><strong>Q3 : Combien de temps faut-il pour g\u00e9n\u00e9rer une image \u00e0 l'aide de Free Online Stable Diffusion 3 ?<\/strong>&nbsp;A3 : Le temps de g\u00e9n\u00e9ration d\u00e9pend de la complexit\u00e9 de l'image et des ressources informatiques utilis\u00e9es. En moyenne, il faut compter entre 1 et 5 minutes pour g\u00e9n\u00e9rer une image.<\/p>\n\n\n\n<p class=\"\"><strong>Q4 : Puis-je personnaliser les images g\u00e9n\u00e9r\u00e9es ?<\/strong>&nbsp;A4 : Oui, vous pouvez personnaliser les images g\u00e9n\u00e9r\u00e9es \u00e0 l'aide de divers outils et techniques, notamment des logiciels d'\u00e9dition et des algorithmes de transfert de style.<\/p>\n\n\n\n<p class=\"\"><strong>Q5 : Est-ce que Free Online Stable Diffusion 3 convient aux d\u00e9butants ?<\/strong>&nbsp;A5 : Oui, Free Online Stable Diffusion 3 est adapt\u00e9 aux d\u00e9butants, avec une interface intuitive et des infobulles pour vous guider tout au long du processus.<\/p>\n\n\n\n<p class=\"\"><strong>Q6 : Puis-je utiliser Free Online Stable Diffusion 3 pour g\u00e9n\u00e9rer des vid\u00e9os ?<\/strong>&nbsp;R6 : Oui, Free Online Stable Diffusion 3 peut \u00eatre utilis\u00e9 pour la g\u00e9n\u00e9ration de vid\u00e9os, ce qui vous permet de cr\u00e9er des vid\u00e9os \u00e9poustouflantes avec un minimum d'effort.<\/p>\n\n\n\n<p class=\"\"><strong>Q7 : Existe-t-il des limitations \u00e0 l'utilisation de Free Online Stable Diffusion 3 ?<\/strong>&nbsp;R7 : Oui, il y a des limites \u00e0 l'utilisation de Free Online Stable Diffusion 3, notamment des options de personnalisation limit\u00e9es et des biais potentiels dans les images g\u00e9n\u00e9r\u00e9es.<\/p>\n\n\n\n<p class=\"\"><strong>Q8 : Puis-je utiliser Free Online Stable Diffusion 3 pour raconter des histoires ?<\/strong>&nbsp;R8 : Oui, Free Online Stable Diffusion 3 peut \u00eatre utilis\u00e9 pour raconter des histoires, vous permettant de cr\u00e9er des histoires enti\u00e8res avec des personnages, des d\u00e9cors et des accessoires.<\/p>\n\n\n\n<p class=\"\"><strong>Q9 : Le logiciel Free Online Stable Diffusion 3 est-il adapt\u00e9 \u00e0 l'\u00e9ducation ?<\/strong>&nbsp;R9 : Oui, Free Online Stable Diffusion 3 est adapt\u00e9 \u00e0 l'\u00e9ducation, permettant aux \u00e9ducateurs de cr\u00e9er des contenus \u00e9ducatifs interactifs et attrayants.<\/p>\n\n\n\n<p class=\"\"><strong>Q10 : Comment puis-je commencer \u00e0 utiliser le logiciel gratuit en ligne Stable Diffusion 3 ?<\/strong>&nbsp;R10 : Pour commencer \u00e0 utiliser Free Online Stable Diffusion 3, il suffit de se rendre sur le site web, de s'inscrire pour obtenir un compte et de suivre les tutoriels et les directives fournis.<\/p>","protected":false},"excerpt":{"rendered":"<p>Ce que nos utilisateurs ont fait Comment utiliser le mod\u00e8le gratuit Diffusion stable en ligne 3 * N'h\u00e9sitez pas \u00e0 essayer nos exemples ci-dessous si vous n'avez pas d'id\u00e9es en t\u00eate Exemples d'invites * En fonction de votre vitesse Internet, le chargement du mod\u00e8le peut prendre quelques secondes.* Il y aura une mise en cache pendant la g\u00e9n\u00e9ration continue, et la ... <a title=\"Diffusion stable en ligne gratuite 3\" class=\"read-more\" href=\"https:\/\/aiartfree.online\/fr\/diffusion-stable-en-ligne-gratuite-3\/\" aria-label=\"En savoir plus sur Free Online Stable Diffusion 3\">Lire la suite<\/a><\/p>","protected":false},"author":1,"featured_media":0,"parent":0,"menu_order":0,"comment_status":"open","ping_status":"closed","template":"","meta":{"nf_dc_page":"","footnotes":""},"class_list":["post-2888","page","type-page","status-publish"],"jetpack_sharing_enabled":true,"_links":{"self":[{"href":"https:\/\/aiartfree.online\/fr\/wp-json\/wp\/v2\/pages\/2888","targetHints":{"allow":["GET"]}}],"collection":[{"href":"https:\/\/aiartfree.online\/fr\/wp-json\/wp\/v2\/pages"}],"about":[{"href":"https:\/\/aiartfree.online\/fr\/wp-json\/wp\/v2\/types\/page"}],"author":[{"embeddable":true,"href":"https:\/\/aiartfree.online\/fr\/wp-json\/wp\/v2\/users\/1"}],"replies":[{"embeddable":true,"href":"https:\/\/aiartfree.online\/fr\/wp-json\/wp\/v2\/comments?post=2888"}],"version-history":[{"count":1,"href":"https:\/\/aiartfree.online\/fr\/wp-json\/wp\/v2\/pages\/2888\/revisions"}],"predecessor-version":[{"id":3592,"href":"https:\/\/aiartfree.online\/fr\/wp-json\/wp\/v2\/pages\/2888\/revisions\/3592"}],"wp:attachment":[{"href":"https:\/\/aiartfree.online\/fr\/wp-json\/wp\/v2\/media?parent=2888"}],"curies":[{"name":"wp","href":"https:\/\/api.w.org\/{rel}","templated":true}]}}