{"id":2880,"date":"2024-07-17T14:18:31","date_gmt":"2024-07-17T14:18:31","guid":{"rendered":"https:\/\/aiartfree.online\/?page_id=2880"},"modified":"2024-07-20T10:51:32","modified_gmt":"2024-07-20T10:51:32","slug":"ai-image-enhancer","status":"publish","type":"page","link":"https:\/\/aiartfree.online\/fr\/ameliorateur-dimage-ai\/","title":{"rendered":"Am\u00e9liorateur d'image AI"},"content":{"rendered":"<h2 class=\"wp-block-heading\">Comment utiliser AI Image Enhancer<\/h2>\n\n\n\n<ol class=\"wp-block-list\">\n<li class=\"\">D\u00e9posez ou t\u00e9l\u00e9chargez votre image<\/li>\n\n\n\n<li class=\"\">Cliquez sur \"Soumettre\"<\/li>\n\n\n\n<li class=\"\">Attendez, c'est \u00e7a !<\/li>\n<\/ol>\n\n\n\n<p class=\"\"><em>* Le chargement du mod\u00e8le peut prendre quelques secondes en fonction de la vitesse de l'internet.<br>* Il y aura une mise en cache pendant la g\u00e9n\u00e9ration continue, et la nouvelle image appara\u00eetra apr\u00e8s environ 3 secondes.<\/em><\/p>\n\n\n\n<div style=\"text-align: center;\">\n  <iframe loading=\"lazy\"\n    src=\"https:\/\/sczhou-codeformer.hf.space\"\n    frameborder=\"0\"\n    width=\"1200\"\n    height=\"2500\"\n    style=\"display: inline-block; margin: 0 auto;\"\n  ><\/iframe>\n<\/div>\n\n\n\n<div style=\"height:50px\" aria-hidden=\"true\" class=\"wp-block-spacer\"><\/div>\n\n\n\n<h2 class=\"wp-block-heading\">Introduction d'AI Image Enhancer<\/h2>\n\n\n\n<p class=\"\">L'am\u00e9lioration de la qualit\u00e9 des images est cruciale pour divers secteurs, de l'immobilier au marketing des m\u00e9dias sociaux. Avec l'essor de l'intelligence artificielle, des outils comme AI Image Enhancer ont r\u00e9volutionn\u00e9 la fa\u00e7on dont nous augmentons la r\u00e9solution des photos et am\u00e9liorons la qualit\u00e9 globale de l'image. Dans cet article, nous allons explorer les avantages des optimiseurs d'image IA, les meilleurs sc\u00e9narios pour leur utilisation, et fournir un guide complet des meilleurs outils disponibles aujourd'hui.<\/p>\n\n\n\n<figure class=\"wp-block-image size-large is-resized\"><img data-recalc-dims=\"1\" decoding=\"async\" width=\"1024\" height=\"568\"   loading=\"lazy\" src=\"https:\/\/i0.wp.com\/aiartfree.online\/wp-content\/uploads\/2024\/07\/WX20240717-181127%402x-1-1-1-1-1-1.jpg?resize=1024%2C568&#038;ssl=1\" alt=\"Am\u00e9liorateur d&#039;image AI\" class=\"wp-image-2881\" style=\"width:591px;height:auto\" srcset=\"https:\/\/i0.wp.com\/aiartfree.online\/wp-content\/uploads\/2024\/07\/WX20240717-181127%402x-1-1-1-1-1-1.jpg?resize=1024%2C568&amp;ssl=1 1024w, https:\/\/i0.wp.com\/aiartfree.online\/wp-content\/uploads\/2024\/07\/WX20240717-181127%402x-1-1-1-1-1-1.jpg?resize=300%2C166&amp;ssl=1 300w, https:\/\/i0.wp.com\/aiartfree.online\/wp-content\/uploads\/2024\/07\/WX20240717-181127%402x-1-1-1-1-1-1.jpg?resize=768%2C426&amp;ssl=1 768w, https:\/\/i0.wp.com\/aiartfree.online\/wp-content\/uploads\/2024\/07\/WX20240717-181127%402x-1-1-1-1-1-1.jpg?resize=1536%2C852&amp;ssl=1 1536w, https:\/\/i0.wp.com\/aiartfree.online\/wp-content\/uploads\/2024\/07\/WX20240717-181127%402x-1-1-1-1-1-1.jpg?resize=2048%2C1136&amp;ssl=1 2048w, https:\/\/i0.wp.com\/aiartfree.online\/wp-content\/uploads\/2024\/07\/WX20240717-181127%402x-1-1-1-1-1-1.jpg?resize=18%2C10&amp;ssl=1 18w, https:\/\/i0.wp.com\/aiartfree.online\/wp-content\/uploads\/2024\/07\/WX20240717-181127%402x-1-1-1-1-1-1.jpg?resize=600%2C333&amp;ssl=1 600w\" sizes=\"auto, (max-width: 1024px) 100vw, 1024px\" \/><\/figure>\n\n\n\n<h2 class=\"wp-block-heading\">Table des mati\u00e8res<\/h2>\n\n\n\n<ol class=\"wp-block-list\">\n<li class=\"\">Qu'est-ce qu'un am\u00e9liorateur d'image IA ?<\/li>\n\n\n\n<li class=\"\">Pourquoi utiliser un optimiseur d'image IA ?<\/li>\n\n\n\n<li class=\"\">Avantages de l'utilisation d'un logiciel d'am\u00e9lioration d'image par l'IA<\/li>\n\n\n\n<li class=\"\">Quand utiliser un am\u00e9liorateur d'image IA<\/li>\n\n\n\n<li class=\"\">Qui devrait utiliser un optimiseur d'image IA ?<\/li>\n\n\n\n<li class=\"\">Les 10 meilleurs outils d'am\u00e9lioration d'image par l'IA<\/li>\n\n\n\n<li class=\"\">Le meilleur outil d'am\u00e9lioration d'image AI<\/li>\n\n\n\n<li class=\"\">FAQ<\/li>\n<\/ol>\n\n\n\n<h3 class=\"wp-block-heading\">Qu'est-ce qu'un am\u00e9liorateur d'image IA ?<\/h3>\n\n\n\n<p class=\"\">Un optimiseur d'image AI est un outil dot\u00e9 d'une intelligence artificielle con\u00e7u pour am\u00e9liorer la qualit\u00e9 des images. Ces outils peuvent augmenter la r\u00e9solution des photos, am\u00e9liorer leur clart\u00e9 et les mettre \u00e0 l'\u00e9chelle pour les rendre plus nettes et plus d\u00e9taill\u00e9es. En utilisant des algorithmes avanc\u00e9s, les optimiseurs d'image IA peuvent d\u00e9tecter et corriger les imperfections, rendant les photos plus professionnelles et visuellement attrayantes.<\/p>\n\n\n\n<h3 class=\"wp-block-heading\">Pourquoi utiliser un optimiseur d'image IA ?<\/h3>\n\n\n\n<p class=\"\">L'utilisation d'un optimiseur d'image AI est essentielle pour tous ceux qui souhaitent am\u00e9liorer la qualit\u00e9 de leurs images rapidement et efficacement. Que vous soyez graphiste, agent immobilier ou responsable des m\u00e9dias sociaux, l'am\u00e9lioration de la qualit\u00e9 des images peut faire une diff\u00e9rence significative dans la fa\u00e7on dont votre travail est per\u00e7u. Les optimiseurs d'image AI permettent de gagner du temps en automatisant le processus d'am\u00e9lioration de la r\u00e9solution et de la qualit\u00e9, ce qui vous permet de vous concentrer sur d'autres t\u00e2ches importantes.<\/p>\n\n\n\n<h3 class=\"wp-block-heading\">Avantages de l'utilisation d'un logiciel d'am\u00e9lioration d'image par l'IA<\/h3>\n\n\n\n<ol class=\"wp-block-list\">\n<li class=\"\"><strong>Augmenter la r\u00e9solution des photos<\/strong>: Les optimiseurs d'image AI permettent d'am\u00e9liorer les images, ce qui les rend adapt\u00e9es \u00e0 des impressions de haute qualit\u00e9 et \u00e0 des affichages de grande taille.<\/li>\n\n\n\n<li class=\"\"><strong>Am\u00e9liorer la clart\u00e9 des photos<\/strong>: Ces outils am\u00e9liorent la nettet\u00e9 de l'image, en supprimant les flous et en rendant les d\u00e9tails plus visibles.<\/li>\n\n\n\n<li class=\"\"><strong>Am\u00e9liorer la qualit\u00e9 globale<\/strong>: Les optimiseurs d'image AI peuvent ajuster les couleurs, le contraste et la luminosit\u00e9 pour produire des images de haute qualit\u00e9.<\/li>\n\n\n\n<li class=\"\"><strong>Gagner du temps<\/strong>: L'automatisation du processus d'am\u00e9lioration r\u00e9duit le temps n\u00e9cessaire \u00e0 l'\u00e9dition manuelle des images.<\/li>\n\n\n\n<li class=\"\"><strong>Rentabilit\u00e9<\/strong>: Investir dans des outils d'am\u00e9lioration de l'image par l'IA permet d'\u00e9conomiser de l'argent par rapport \u00e0 l'embauche d'\u00e9diteurs de photos professionnels.<\/li>\n<\/ol>\n\n\n\n<h3 class=\"wp-block-heading\">Quand utiliser un am\u00e9liorateur d'image IA<\/h3>\n\n\n\n<p class=\"\">Les AI Image Enhancers conviennent \u00e0 divers sc\u00e9narios, notamment :<\/p>\n\n\n\n<ul class=\"wp-block-list\">\n<li class=\"\"><strong>Immobilier<\/strong>: Am\u00e9liorer les photos des biens immobiliers pour attirer les acheteurs potentiels.<\/li>\n\n\n\n<li class=\"\"><strong>M\u00e9dias sociaux<\/strong>: Cr\u00e9ation d'images de haute qualit\u00e9 pour les articles et les publicit\u00e9s.<\/li>\n\n\n\n<li class=\"\"><strong>Conception graphique<\/strong>: Am\u00e9liorer les images pour les utiliser dans les m\u00e9dias num\u00e9riques et imprim\u00e9s.<\/li>\n\n\n\n<li class=\"\"><strong>Commerce \u00e9lectronique<\/strong>: Am\u00e9liorer les photos de produits pour augmenter les ventes.<\/li>\n\n\n\n<li class=\"\"><strong>Photographie<\/strong>: Mise \u00e0 l'\u00e9chelle des images pour les impressions et les portfolios.<\/li>\n<\/ul>\n\n\n\n<h3 class=\"wp-block-heading\">Qui devrait utiliser un optimiseur d'image IA ?<\/h3>\n\n\n\n<p class=\"\">Les AI Image Enhancers sont b\u00e9n\u00e9fiques pour :<\/p>\n\n\n\n<ul class=\"wp-block-list\">\n<li class=\"\"><strong>Photographes<\/strong>: Am\u00e9liorer et rehausser leurs images.<\/li>\n\n\n\n<li class=\"\"><strong>Agents immobiliers<\/strong>: Am\u00e9liorer les images des propri\u00e9t\u00e9s pour les annonces.<\/li>\n\n\n\n<li class=\"\"><strong>Concepteurs graphiques<\/strong>: Garantir des images de haute qualit\u00e9 pour leurs projets.<\/li>\n\n\n\n<li class=\"\"><strong>Gestionnaires des m\u00e9dias sociaux<\/strong>: Pour cr\u00e9er des articles visuellement attrayants.<\/li>\n\n\n\n<li class=\"\"><strong>Entreprises de commerce \u00e9lectronique<\/strong>: Am\u00e9liorer l'image des produits et attirer les clients.<\/li>\n<\/ul>\n\n\n\n<h3 class=\"wp-block-heading\">Les 10 meilleurs outils d'am\u00e9lioration d'image par l'IA<\/h3>\n\n\n\n<p class=\"\">Voici un r\u00e9sum\u00e9 des 10 principaux outils d'am\u00e9lioration d'image par l'IA, avec leurs avantages et leurs inconv\u00e9nients :<\/p>\n\n\n\n<figure class=\"wp-block-table\"><table class=\"has-fixed-layout\"><thead><tr><th>Nom de l'outil<\/th><th>R\u00e9sum\u00e9<\/th><th>Pour<\/th><th>Cons<\/th><th>Avantages<\/th><th>D\u00e9fis<\/th><th>Recommandations<\/th><\/tr><\/thead><tbody><tr><td><strong><a href=\"https:\/\/aiartfree.online\/fr\/ameliorateur-dimage-ai\/\" target=\"_blank\" data-type=\"link\" data-id=\"https:\/\/aiartfree.online\/ai-image-enhancer\" rel=\"noreferrer noopener\">Am\u00e9liorateur d'image AI<\/a><\/strong><\/td><td>Am\u00e9liorer la qualit\u00e9 de l'image rapidement et facilement<\/td><td>Facile \u00e0 utiliser, Gratuit<\/td><td>Caract\u00e9ristiques limit\u00e9es<\/td><td>Id\u00e9al pour les d\u00e9butants<\/td><td>Options avanc\u00e9es limit\u00e9es<\/td><td>Id\u00e9al pour les r\u00e9parations rapides<\/td><\/tr><tr><td><strong>Am\u00e9liorons<\/strong><\/td><td>Agrandissement des images jusqu'\u00e0 16x<\/td><td>Des r\u00e9sultats de haute qualit\u00e9<\/td><td>Sur abonnement<\/td><td>Qualit\u00e9 professionnelle<\/td><td>Paiement obligatoire<\/td><td>Id\u00e9al pour une utilisation professionnelle<\/td><\/tr><tr><td><strong>Vance AI<\/strong><\/td><td>Am\u00e9liorateur d'image aliment\u00e9 par l'IA<\/td><td>Multiples options d'am\u00e9lioration<\/td><td>Certaines fonctionnalit\u00e9s sont payantes<\/td><td>Un ensemble d'outils polyvalents<\/td><td>N\u00e9cessite un abonnement premium<\/td><td>Bon pour une utilisation polyvalente<\/td><\/tr><tr><td><strong>Image profonde<\/strong><\/td><td>Capacit\u00e9 de traitement par lots<\/td><td>Gestion de plusieurs images \u00e0 la fois<\/td><td>N\u00e9cessite l'ouverture d'un compte<\/td><td>Efficacit\u00e9 temporelle<\/td><td>Configuration initiale n\u00e9cessaire<\/td><td>Le meilleur pour les am\u00e9liorations en vrac<\/td><\/tr><tr><td><strong>Waifu2x<\/strong><\/td><td>Am\u00e9liorateur d'image centr\u00e9 sur l'animation<\/td><td>Sp\u00e9cialis\u00e9 pour les \u0153uvres d'art<\/td><td>Limit\u00e9 au style anime<\/td><td>Id\u00e9al pour les images anim\u00e9es<\/td><td>Application limit\u00e9e<\/td><td>Le meilleur pour les artistes d'anime<\/td><\/tr><tr><td><strong><a href=\"https:\/\/www.fotor.com\/\" data-type=\"link\" data-id=\"https:\/\/www.fotor.com\/\" rel=\"nofollow noopener\" target=\"_blank\">Fotor<\/a><\/strong><\/td><td>\u00c9diteur de photos en ligne avec fonctions d'am\u00e9lioration<\/td><td>Outils d'\u00e9dition complets<\/td><td>Publicit\u00e9s dans la version gratuite<\/td><td>Une solution tout-en-un<\/td><td>Version gratuite avec publicit\u00e9<\/td><td>Bon pour un usage occasionnel<\/td><\/tr><tr><td><strong>ImgLarger<\/strong><\/td><td>Outil de mise \u00e0 l'\u00e9chelle de l'IA<\/td><td>Bons r\u00e9sultats d'upscaling<\/td><td>Requiert une connexion internet<\/td><td>Conversion ascendante de haute qualit\u00e9<\/td><td>D\u00e9pend de la vitesse de l'internet<\/td><td>Id\u00e9al pour l'utilisation en ligne<\/td><\/tr><tr><td><strong>Photos haut de gamme<\/strong><\/td><td>Am\u00e9liorateur d'image en ligne<\/td><td>Interface conviviale<\/td><td>Utilisation gratuite limit\u00e9e<\/td><td>Facile \u00e0 utiliser<\/td><td>Limit\u00e9 \u00e0 l'utilisation en ligne<\/td><td>Id\u00e9al pour un usage occasionnel<\/td><\/tr><tr><td><strong>Image Upscaler<\/strong><\/td><td>Am\u00e9lioration bas\u00e9e sur l'IA<\/td><td>Traitement efficace<\/td><td>Fonctionnalit\u00e9s payantes<\/td><td>Rapide et efficace<\/td><td>Sur abonnement<\/td><td>Id\u00e9al pour une utilisation r\u00e9guli\u00e8re<\/td><\/tr><tr><td><strong>Agrandisseur d'images AI<\/strong><\/td><td>Sp\u00e9cialis\u00e9 dans l'agrandissement d'images<\/td><td>Agrandissement de haute qualit\u00e9<\/td><td>Limites de la version gratuite<\/td><td>Grande qualit\u00e9 d'agrandissement<\/td><td>Options gratuites limit\u00e9es<\/td><td>Le meilleur pour un agrandissement de haute qualit\u00e9<\/td><\/tr><\/tbody><\/table><\/figure>\n\n\n\n<h3 class=\"wp-block-heading\">Le meilleur outil d'am\u00e9lioration d'image AI<\/h3>\n\n\n\n<p class=\"\">Parmi les diff\u00e9rents outils disponibles, le meilleur outil d'am\u00e9lioration de l'image par l'IA est <a href=\"https:\/\/aiartfree.online\/fr\/ameliorateur-dimage-ai\/\">Am\u00e9liorateur d'image AI<\/a>. Il offre un m\u00e9lange parfait de fonctions avanc\u00e9es, de facilit\u00e9 d'utilisation et de r\u00e9sultats de haute qualit\u00e9, ce qui le rend id\u00e9al pour les professionnels comme pour les utilisateurs occasionnels.<\/p>\n\n\n\n<h3 class=\"wp-block-heading\">FAQ<\/h3>\n\n\n\n<ol class=\"wp-block-list\">\n<li class=\"\"><strong>Qu'est-ce qu'un am\u00e9liorateur d'image IA ?<\/strong> Un AI Image Enhancer est un outil qui utilise l'intelligence artificielle pour am\u00e9liorer la qualit\u00e9 et la r\u00e9solution des images.<\/li>\n\n\n\n<li class=\"\"><strong>Comment l'IA am\u00e9liore-t-elle la qualit\u00e9 de l'image ?<\/strong> Les algorithmes d'IA analysent et am\u00e9liorent les d\u00e9tails de l'image, en corrigeant les imperfections et en augmentant la r\u00e9solution.<\/li>\n\n\n\n<li class=\"\"><strong>Cela vaut-il la peine d'investir dans un logiciel d'am\u00e9lioration de l'image ?<\/strong> Oui, il permet de gagner du temps et de produire des r\u00e9sultats de grande qualit\u00e9, ce qui en fait un outil pr\u00e9cieux pour de nombreux utilisateurs.<\/li>\n\n\n\n<li class=\"\"><strong>Les am\u00e9liorateurs d'image IA peuvent-ils g\u00e9rer le traitement par lots ?<\/strong> Certains outils comme Deep Image offrent des possibilit\u00e9s de traitement par lots.<\/li>\n\n\n\n<li class=\"\"><strong>Existe-t-il des outils gratuits d'am\u00e9lioration de l'image de l'IA ?<\/strong> Oui, des outils comme Enhance.Pho.to offrent gratuitement des fonctions d'am\u00e9lioration de base.<\/li>\n\n\n\n<li class=\"\"><strong>Quel est le meilleur logiciel de retouche d'image pour un usage professionnel ?<\/strong> AI Image Enhancer est recommand\u00e9 pour ses fonctions avanc\u00e9es et ses r\u00e9sultats de haute qualit\u00e9.<\/li>\n\n\n\n<li class=\"\"><strong>L'IA peut-elle \u00eatre utilis\u00e9e pour am\u00e9liorer les images des m\u00e9dias sociaux ?<\/strong> Oui, ils sont id\u00e9aux pour cr\u00e9er des images de haute qualit\u00e9 pour les publications sur les m\u00e9dias sociaux.<\/li>\n\n\n\n<li class=\"\"><strong>Les optimiseurs d'image IA prennent-ils en charge l'upscaling ?<\/strong> Oui, de nombreux outils d'am\u00e9lioration de l'image par l'IA permettent d'augmenter la r\u00e9solution des images.<\/li>\n\n\n\n<li class=\"\"><strong>Les am\u00e9liorateurs d'image par IA sont-ils faciles \u00e0 utiliser ?<\/strong> La plupart des logiciels d'am\u00e9lioration de l'image sont conviviaux et con\u00e7us pour \u00eatre faciles \u00e0 utiliser.<\/li>\n\n\n\n<li class=\"\"><strong>Quels sont les secteurs d'activit\u00e9 qui b\u00e9n\u00e9ficient de l'am\u00e9lioration de l'image par l'IA ?<\/strong> Les secteurs tels que l'immobilier, le commerce \u00e9lectronique, la conception graphique et les m\u00e9dias sociaux peuvent grandement b\u00e9n\u00e9ficier de l'utilisation d'amplificateurs d'image IA.<\/li>\n<\/ol>","protected":false},"excerpt":{"rendered":"<p>How to use AI Image Enhancer *&nbsp;Depending on your internet speed, loading the model may take a few seconds.* There will be caching during continuous generation, and the new image will appear after about 3 seconds. Introduction of AI Image Enhancer Enhancing image quality is crucial for various industries, from real estate to social media &#8230; <a title=\"Am\u00e9liorateur d&#039;image AI\" class=\"read-more\" href=\"https:\/\/aiartfree.online\/fr\/ameliorateur-dimage-ai\/\" aria-label=\"En savoir plus sur AI Image Enhancer\">Lire la suite<\/a><\/p>","protected":false},"author":1,"featured_media":0,"parent":0,"menu_order":0,"comment_status":"open","ping_status":"closed","template":"","meta":{"nf_dc_page":"","footnotes":""},"class_list":["post-2880","page","type-page","status-publish"],"jetpack_sharing_enabled":true,"_links":{"self":[{"href":"https:\/\/aiartfree.online\/fr\/wp-json\/wp\/v2\/pages\/2880","targetHints":{"allow":["GET"]}}],"collection":[{"href":"https:\/\/aiartfree.online\/fr\/wp-json\/wp\/v2\/pages"}],"about":[{"href":"https:\/\/aiartfree.online\/fr\/wp-json\/wp\/v2\/types\/page"}],"author":[{"embeddable":true,"href":"https:\/\/aiartfree.online\/fr\/wp-json\/wp\/v2\/users\/1"}],"replies":[{"embeddable":true,"href":"https:\/\/aiartfree.online\/fr\/wp-json\/wp\/v2\/comments?post=2880"}],"version-history":[{"count":0,"href":"https:\/\/aiartfree.online\/fr\/wp-json\/wp\/v2\/pages\/2880\/revisions"}],"wp:attachment":[{"href":"https:\/\/aiartfree.online\/fr\/wp-json\/wp\/v2\/media?parent=2880"}],"curies":[{"name":"wp","href":"https:\/\/api.w.org\/{rel}","templated":true}]}}