{"id":2876,"date":"2024-07-17T14:02:17","date_gmt":"2024-07-17T14:02:17","guid":{"rendered":"https:\/\/aiartfree.online\/?page_id=2876"},"modified":"2025-03-07T08:07:03","modified_gmt":"2025-03-07T08:07:03","slug":"anime-ai-generator","status":"publish","type":"page","link":"https:\/\/aiartfree.online\/fr\/anime-ai-generator\/","title":{"rendered":"G\u00e9n\u00e9rateur d'IA d'anime"},"content":{"rendered":"<h2 class=\"wp-block-heading has-text-align-center\">Avant et apr\u00e8s<\/h2>\n\n\n\n<figure class=\"gb-block-image gb-block-image-1822da1f\"><img data-recalc-dims=\"1\" decoding=\"async\" loading=\"lazy\" width=\"300\" height=\"179\" class=\"gb-image gb-image-1822da1f\" src=\"https:\/\/i0.wp.com\/aiartfree.online\/wp-content\/uploads\/2024\/07\/WX20240719-123748%402x.jpg?resize=300%2C179&#038;ssl=1\" alt=\"anime-ai-generator\/\" title=\"WX20240719-123748@2x\" srcset=\"https:\/\/i0.wp.com\/aiartfree.online\/wp-content\/uploads\/2024\/07\/WX20240719-123748%402x.jpg?resize=300%2C179&amp;ssl=1 300w, https:\/\/i0.wp.com\/aiartfree.online\/wp-content\/uploads\/2024\/07\/WX20240719-123748%402x.jpg?resize=1024%2C613&amp;ssl=1 1024w, https:\/\/i0.wp.com\/aiartfree.online\/wp-content\/uploads\/2024\/07\/WX20240719-123748%402x.jpg?resize=768%2C459&amp;ssl=1 768w, https:\/\/i0.wp.com\/aiartfree.online\/wp-content\/uploads\/2024\/07\/WX20240719-123748%402x.jpg?resize=18%2C12&amp;ssl=1 18w, https:\/\/i0.wp.com\/aiartfree.online\/wp-content\/uploads\/2024\/07\/WX20240719-123748%402x.jpg?resize=600%2C359&amp;ssl=1 600w, https:\/\/i0.wp.com\/aiartfree.online\/wp-content\/uploads\/2024\/07\/WX20240719-123748%402x.jpg?w=1314&amp;ssl=1 1314w\" sizes=\"auto, (max-width: 300px) 100vw, 300px\" \/><\/figure>\n\n\n\n<h2 class=\"wp-block-heading\">Comment utiliser Anime AI Generator<\/h2>\n\n\n\n<ol class=\"wp-block-list\">\n<li class=\"\">Saisissez votre invite ou choisissez l'un des exemples d'invites.<\/li>\n\n\n\n<li class=\"\">Cliquez sur \"G\u00e9n\u00e9rer\"<\/li>\n\n\n\n<li class=\"\">Attendez, c'est \u00e7a !<\/li>\n<\/ol>\n\n\n\n<h3 class=\"wp-block-heading\">Exemples d'invites<\/h3>\n\n\n\n<ul class=\"wp-block-list has-small-font-size\">\n<li class=\"\">belle femme, nuit, avec \u00e9toiles, complexe, \u00e9l\u00e9gant, tr\u00e8s d\u00e9taill\u00e9, peinture num\u00e9rique, artstation, concept art, lisse, nettet\u00e9, illustration, art par ( ( ( artgerm ) ) ) et greg rutkowski ! et ( ( ( alphonse mucha ) ), fortement influenc\u00e9 par frank frazetta et boris vallejo, sword and<\/li>\n\n\n\n<li class=\"\">belle femme, nuit, sci - fi, fantastique, complexe, \u00e9l\u00e9gant, takato yamamoto, robe bleue, magique, tr\u00e8s d\u00e9taill\u00e9, peinture num\u00e9rique, artstation, concept art, lisse,b nettet\u00e9, illustration, art par artgerm et greg rutkowski et alphonse mucha<\/li>\n\n\n\n<li class=\"\">belle femme\uff0cbig boobs at beach, relaxing, ethereal, dreamy, backlit, highly detailed, realistic lighting, sharp focus, rule of thirds, artgerm, wlop, arney freytag, rossdraws, frank frazetta, andrei riabovitchev, hd, octane, 4 k,<\/li>\n\n\n\n<li class=\"\">belle femme\uff0cbig boobs, domme mistress, steampunk, shy smiling, 4k, stunning 3d render inspired art by Prenz Cushart and WLOP\uff0cMatte painting, masterpiece | Alphonse Mucha\uff0ctrending on artstation and pixiv\uff0cLittle detail<\/li>\n\n\n\n<li class=\"\">belle femme, nuit, avec \u00e9toiles, complexe, \u00e9l\u00e9gant, tr\u00e8s d\u00e9taill\u00e9, peinture num\u00e9rique, artstation, concept art, lisse, nettet\u00e9, illustration, art par ( ( ( artgerm ) ) ) et greg rutkowski ! et ( ( ( alphonse mucha ) ), fortement influenc\u00e9 par frank frazetta et boris vallejo, \u00e9p\u00e9e<\/li>\n<\/ul>\n\n\n\n<figure class=\"gb-block-image gb-block-image-032aac41\"><a href=\"https:\/\/fas.st\/t\/9U4PYbm7\" target=\"_blank\" rel=\"noopener noreferrer\"><img data-recalc-dims=\"1\" decoding=\"async\" loading=\"lazy\" width=\"1200\" height=\"365\" class=\"gb-image gb-image-032aac41\" src=\"https:\/\/i0.wp.com\/aiartfree.online\/wp-content\/uploads\/2025\/03\/WX20250307-115412%402x.webp?resize=1200%2C365&#038;ssl=1\" alt=\"\" title=\"WX20250307-115412@2x\" srcset=\"https:\/\/i0.wp.com\/aiartfree.online\/wp-content\/uploads\/2025\/03\/WX20250307-115412%402x.webp?w=1942&amp;ssl=1 1942w, https:\/\/i0.wp.com\/aiartfree.online\/wp-content\/uploads\/2025\/03\/WX20250307-115412%402x.webp?resize=300%2C91&amp;ssl=1 300w, https:\/\/i0.wp.com\/aiartfree.online\/wp-content\/uploads\/2025\/03\/WX20250307-115412%402x.webp?resize=1024%2C312&amp;ssl=1 1024w, https:\/\/i0.wp.com\/aiartfree.online\/wp-content\/uploads\/2025\/03\/WX20250307-115412%402x.webp?resize=768%2C234&amp;ssl=1 768w, https:\/\/i0.wp.com\/aiartfree.online\/wp-content\/uploads\/2025\/03\/WX20250307-115412%402x.webp?resize=1536%2C467&amp;ssl=1 1536w, https:\/\/i0.wp.com\/aiartfree.online\/wp-content\/uploads\/2025\/03\/WX20250307-115412%402x.webp?resize=18%2C5&amp;ssl=1 18w, https:\/\/i0.wp.com\/aiartfree.online\/wp-content\/uploads\/2025\/03\/WX20250307-115412%402x.webp?resize=600%2C183&amp;ssl=1 600w\" sizes=\"auto, (max-width: 1200px) 100vw, 1200px\" \/><\/a><\/figure>\n\n\n\n<p class=\"\"><em>* Le chargement du mod\u00e8le peut prendre quelques secondes en fonction de la vitesse de l'internet.<br>* Il y aura une mise en cache pendant la g\u00e9n\u00e9ration continue, et la nouvelle image appara\u00eetra apr\u00e8s environ 3 secondes.<\/em><\/p>\n\n\n\n<div class=\"iframe-wrapper\" style=\"position: relative; width: 100%; height: 1600px;\">\n  <div class=\"loading\" style=\"position: absolute; top: 50px; left: 50%; transform: translate(-50%, -50%); width: 40px; height: 40px; border: 3px solid #f0f0f0; border-top: 3px solid #db7093; border-radius: 50%; animation: spin 1s linear infinite;\"><\/div>\n  <iframe loading=\"lazy\" src=\"https:\/\/cagliostrolab-animagine-xl-3-1.hf.space\" frameborder=\"0\" width=\"100%\" height=\"100%\" style=\"position: absolute; top: 0; left: 0; opacity: 0; transition: opacity 0.3s;\" onload=\"this.style.opacity=1;this.previousElementSibling.style.display='none';\"><\/iframe>\n<\/div>\n\n<style>\n@keyframes spin {\n  0% { transform: translate(-50%, -50%) rotate(0deg); }\n  100% { transform: translate(-50%, -50%) rotate(360deg); }\n}\n<\/style>\n\n\n\n<div style=\"height:50px\" aria-hidden=\"true\" class=\"wp-block-spacer\"><\/div>\n\n\n\n<h2 class=\"wp-block-heading\">Pr\u00e9sentation du g\u00e9n\u00e9rateur d'IA d'anime<\/h2>\n\n\n\n<p class=\"\">Les g\u00e9n\u00e9rateurs d'IA d'anime r\u00e9volutionnent la fa\u00e7on dont nous cr\u00e9ons des \u0153uvres d'art de style anime en utilisant des algorithmes d'intelligence artificielle sophistiqu\u00e9s. Ces outils peuvent transformer des photos en images d'anime, g\u00e9n\u00e9rer des personnages d'anime uniques, et bien plus encore. Dans cet article, nous verrons ce que sont les g\u00e9n\u00e9rateurs d'IA d'anime, leurs avantages et la mani\u00e8re de les utiliser efficacement.<\/p>\n\n\n\n<figure class=\"wp-block-image size-large is-resized\"><img data-recalc-dims=\"1\" decoding=\"async\" width=\"1024\" height=\"829\"   loading=\"lazy\" src=\"https:\/\/i0.wp.com\/aiartfree.online\/wp-content\/uploads\/2024\/07\/WX120240719-122659%402x-1-1-1.jpg?resize=1024%2C829&#038;ssl=1\" alt=\"G\u00e9n\u00e9rateur d&#039;IA d&#039;anime\" class=\"wp-image-2952\" style=\"width:630px;height:auto\" srcset=\"https:\/\/i0.wp.com\/aiartfree.online\/wp-content\/uploads\/2024\/07\/WX120240719-122659%402x-1-1-1.jpg?resize=1024%2C829&amp;ssl=1 1024w, https:\/\/i0.wp.com\/aiartfree.online\/wp-content\/uploads\/2024\/07\/WX120240719-122659%402x-1-1-1.jpg?resize=300%2C243&amp;ssl=1 300w, https:\/\/i0.wp.com\/aiartfree.online\/wp-content\/uploads\/2024\/07\/WX120240719-122659%402x-1-1-1.jpg?resize=768%2C622&amp;ssl=1 768w, https:\/\/i0.wp.com\/aiartfree.online\/wp-content\/uploads\/2024\/07\/WX120240719-122659%402x-1-1-1.jpg?resize=1536%2C1244&amp;ssl=1 1536w, https:\/\/i0.wp.com\/aiartfree.online\/wp-content\/uploads\/2024\/07\/WX120240719-122659%402x-1-1-1.jpg?resize=2048%2C1659&amp;ssl=1 2048w, https:\/\/i0.wp.com\/aiartfree.online\/wp-content\/uploads\/2024\/07\/WX120240719-122659%402x-1-1-1.jpg?resize=15%2C12&amp;ssl=1 15w, https:\/\/i0.wp.com\/aiartfree.online\/wp-content\/uploads\/2024\/07\/WX120240719-122659%402x-1-1-1.jpg?resize=600%2C486&amp;ssl=1 600w\" sizes=\"auto, (max-width: 1024px) 100vw, 1024px\" \/><\/figure>\n\n\n\n<h3 class=\"wp-block-heading\">Table des mati\u00e8res<\/h3>\n\n\n\n<ol class=\"wp-block-list\">\n<li class=\"\"><a href=\"#what-is-an-anime-ai-generator\">Qu'est-ce qu'un g\u00e9n\u00e9rateur d'IA d'anime ?<\/a><\/li>\n\n\n\n<li class=\"\"><a href=\"#why-use-an-anime-ai-generator\">Pourquoi utiliser un g\u00e9n\u00e9rateur d'IA d'anime ?<\/a><\/li>\n\n\n\n<li class=\"\"><a href=\"#benefits-of-using-an-anime-ai-generator\">Avantages de l'utilisation d'un g\u00e9n\u00e9rateur d'IA d'anime<\/a><\/li>\n\n\n\n<li class=\"\"><a href=\"#when-to-use-an-anime-ai-generator\">Quand utiliser un g\u00e9n\u00e9rateur d'IA d'anime ?<\/a><\/li>\n\n\n\n<li class=\"\"><a href=\"#who-should-use-an-anime-ai-generator\">\u00c0 qui s'adresse le g\u00e9n\u00e9rateur d'IA d'anime ?<\/a><\/li>\n\n\n\n<li class=\"\"><a href=\"#anime-ai-generator-tools-and-information\">Outils et informations sur le g\u00e9n\u00e9rateur d'IA d'anime<\/a><\/li>\n\n\n\n<li class=\"\"><a href=\"#frequently-asked-questions\">Questions fr\u00e9quemment pos\u00e9es<\/a><\/li>\n\n\n\n<li class=\"\"><a href=\"#conclusion\">Conclusion<\/a><\/li>\n<\/ol>\n\n\n\n<h3 class=\"wp-block-heading\">Qu'est-ce qu'un g\u00e9n\u00e9rateur d'IA d'anime ?<\/h3>\n\n\n\n<p class=\"\">Un g\u00e9n\u00e9rateur d'IA d'anime est un outil qui utilise des algorithmes d'IA avanc\u00e9s pour cr\u00e9er des images de style anime \u00e0 partir de diverses donn\u00e9es d'entr\u00e9e, telles que des photos ou des invites textuelles. En s'appuyant sur des techniques d'apprentissage automatique, ces g\u00e9n\u00e9rateurs peuvent produire rapidement et efficacement des dessins anim\u00e9s stylis\u00e9s de grande qualit\u00e9.<\/p>\n\n\n\n<h3 class=\"wp-block-heading\">Pourquoi utiliser un g\u00e9n\u00e9rateur d'IA d'anime ?<\/h3>\n\n\n\n<p class=\"\">Les g\u00e9n\u00e9rateurs d'IA d'anime sont essentiels pour tous ceux qui souhaitent cr\u00e9er des \u0153uvres d'art de style anime sans avoir besoin de comp\u00e9tences artistiques avanc\u00e9es. Ces outils peuvent \u00eatre utilis\u00e9s pour des projets personnels d'IA, pour g\u00e9n\u00e9rer des \u0153uvres d'art d'IA pour les m\u00e9dias sociaux, ou m\u00eame \u00e0 des fins professionnelles dans la conception de jeux et l'animation.<\/p>\n\n\n\n<h3 class=\"wp-block-heading\">Avantages de l'utilisation d'un g\u00e9n\u00e9rateur d'IA d'anime<\/h3>\n\n\n\n<ul class=\"wp-block-list\">\n<li class=\"\"><strong>Efficacit\u00e9<\/strong>: G\u00e9n\u00e8re rapidement des images anim\u00e9es de haute qualit\u00e9.<\/li>\n\n\n\n<li class=\"\"><strong>Cr\u00e9ativit\u00e9<\/strong>: Permet de cr\u00e9er des dessins anim\u00e9s uniques et personnalis\u00e9s.<\/li>\n\n\n\n<li class=\"\"><strong>Accessibilit\u00e9<\/strong>: Rend la cr\u00e9ation artistique d'anime accessible aux non-artistes.<\/li>\n\n\n\n<li class=\"\"><strong>Rentabilit\u00e9<\/strong>: R\u00e9duit la n\u00e9cessit\u00e9 de recourir \u00e0 des logiciels artistiques co\u00fbteux ou d'engager des artistes.<\/li>\n\n\n\n<li class=\"\"><strong>Polyvalence<\/strong>: Peut \u00eatre utilis\u00e9 \u00e0 des fins diverses, qu'il s'agisse de projets personnels ou d'un usage professionnel.<\/li>\n<\/ul>\n\n\n\n<h3 class=\"wp-block-heading\">Quand utiliser un g\u00e9n\u00e9rateur d'IA d'anime ?<\/h3>\n\n\n\n<p class=\"\">Les g\u00e9n\u00e9rateurs d'IA d'anime sont id\u00e9aux dans plusieurs sc\u00e9narios :<\/p>\n\n\n\n<ul class=\"wp-block-list\">\n<li class=\"\"><strong>Cr\u00e9ation d'\u0153uvres d'art personnelles<\/strong>: Pour le plaisir ou comme passe-temps.<\/li>\n\n\n\n<li class=\"\"><strong>Contenu des m\u00e9dias sociaux<\/strong>: G\u00e9n\u00e9rer du contenu unique pour les plateformes de m\u00e9dias sociaux.<\/li>\n\n\n\n<li class=\"\"><strong>Conception de jeux<\/strong>: Cr\u00e9ation de personnages et de sc\u00e8nes pour les jeux vid\u00e9o.<\/li>\n\n\n\n<li class=\"\"><strong>Projets d'animation<\/strong>: Production d'\u00e9l\u00e9ments pour des projets d'animation.<\/li>\n\n\n\n<li class=\"\"><strong>Marketing<\/strong>: Cr\u00e9ation de mat\u00e9riel promotionnel et de visuels attrayants.<\/li>\n<\/ul>\n\n\n\n<h3 class=\"wp-block-heading\">Qui doit l'utiliser ?<\/h3>\n\n\n\n<p class=\"\">Convient pour :<\/p>\n\n\n\n<ul class=\"wp-block-list\">\n<li class=\"\"><strong>Artistes<\/strong>: Cherche \u00e0 \u00e9largir sa panoplie d'outils.<\/li>\n\n\n\n<li class=\"\"><strong>Non-artistes<\/strong>: Vouloir cr\u00e9er des \u0153uvres d'art anim\u00e9es sans avoir suivi une formation approfondie.<\/li>\n\n\n\n<li class=\"\"><strong>D\u00e9veloppeurs de jeux<\/strong>: Besoin d'actifs pour les jeux.<\/li>\n\n\n\n<li class=\"\"><strong>Cr\u00e9ateurs de contenu<\/strong>: Recherche de visuels attrayants pour leurs plateformes.<\/li>\n\n\n\n<li class=\"\"><strong>Professionnels du marketing<\/strong>: R\u00e9diger un contenu promotionnel attrayant.<\/li>\n<\/ul>\n\n\n\n<h3 class=\"wp-block-heading\">Outils et informations sur le g\u00e9n\u00e9rateur d'IA d'anime<\/h3>\n\n\n\n<p class=\"\">Vous trouverez ci-dessous un tableau r\u00e9capitulatif des principaux outils Anime AI Generator, de leurs avantages, de leurs inconv\u00e9nients et de bien d'autres choses encore :<\/p>\n\n\n\n<figure class=\"wp-block-table\"><table class=\"has-fixed-layout\"><thead><tr><th>Outil\/site web<\/th><th>Pour<\/th><th>Cons<\/th><th>Avantages<\/th><th>D\u00e9fis<\/th><th>Recommandations<\/th><\/tr><\/thead><tbody><tr><td><a href=\"https:\/\/aiartfree.online\/fr\/anime-ai-generator\/\" target=\"_blank\" rel=\"noreferrer noopener\">AIArtFree<\/a><\/td><td>Gratuit, facile \u00e0 utiliser<\/td><td>Caract\u00e9ristiques limit\u00e9es<\/td><td>Id\u00e9al pour les d\u00e9butants<\/td><td>N\u00e9cessite l'internet<\/td><td>Id\u00e9al pour les projets rapides<\/td><\/tr><tr><td><a href=\"https:\/\/deepart.io\" rel=\"nofollow noopener\" target=\"_blank\">DeepArt<\/a><\/td><td>Production de haute qualit\u00e9<\/td><td>Abonnement obligatoire<\/td><td>R\u00e9sultats professionnels<\/td><td>Co\u00fbteux<\/td><td>Id\u00e9al pour les projets s\u00e9rieux<\/td><\/tr><tr><td><a href=\"https:\/\/artbreeder.com\" rel=\"nofollow noopener\" target=\"_blank\">Artbreeder<\/a><\/td><td>Collaboratif, polyvalent<\/td><td>Courbe d'apprentissage<\/td><td>Flexibilit\u00e9 cr\u00e9ative<\/td><td>Interface complexe<\/td><td>Le meilleur pour l'art collaboratif<\/td><\/tr><tr><td><a href=\"https:\/\/toonme.com\" rel=\"nofollow noopener\" target=\"_blank\">ToonMe<\/a><\/td><td>Simple, amusant<\/td><td>Publicit\u00e9s dans la version gratuite<\/td><td>Id\u00e9al pour les m\u00e9dias sociaux<\/td><td>Mod\u00e8les limit\u00e9s<\/td><td>Id\u00e9al pour une utilisation occasionnelle<\/td><\/tr><tr><td><a href=\"https:\/\/nudeai.beauty\/en\/nude-anime\/\" data-type=\"link\" data-id=\"https:\/\/nudeai.beauty\/en\/nude-anime\/\" target=\"_blank\" rel=\"noreferrer noopener\">Anime Labs<\/a><\/td><td>Personnalisation des personnages<\/td><td>Limit\u00e9 aux filles de l'anime<\/td><td>Tr\u00e8s d\u00e9taill\u00e9<\/td><td>Le choix d'un cr\u00e9neau<\/td><td>Le meilleur pour la cr\u00e9ation de personnages<\/td><\/tr><tr><td><a>PeinturesChainer<\/a><\/td><td>Libre, polyvalent<\/td><td>Interface en japonais<\/td><td>Coloration automatique<\/td><td>Barri\u00e8re linguistique<\/td><td>Le meilleur pour l'auto-coloration<\/td><\/tr><tr><td><a href=\"https:\/\/crypko.ai\" rel=\"nofollow noopener\" target=\"_blank\">Crypko<\/a><\/td><td>Visages anim\u00e9s professionnels<\/td><td>Requiert des jetons<\/td><td>R\u00e9sultats d\u00e9taill\u00e9s<\/td><td>Syst\u00e8me de jetons<\/td><td>Le meilleur pour les traits du visage<\/td><\/tr><tr><td><a href=\"https:\/\/pixiv.net\" rel=\"nofollow noopener\" target=\"_blank\">Pixiv<\/a><\/td><td>Grande communaut\u00e9<\/td><td>Adh\u00e9sion obligatoire<\/td><td>Des ressources \u00e9tendues<\/td><td>Accablant<\/td><td>Meilleur pour l'art communautaire<\/td><\/tr><tr><td><a href=\"https:\/\/www.thiswaifudoesnotexist.net\" rel=\"nofollow noopener\" target=\"_blank\">Ce Waifu n'existe pas<\/a><\/td><td>Des waifus uniques<\/td><td>Personnalisation limit\u00e9e<\/td><td>Une vari\u00e9t\u00e9 infinie<\/td><td>Objectif sp\u00e9cifique<\/td><td>Le meilleur pour les visages uniques<\/td><\/tr><tr><td><a href=\"https:\/\/gansketch.com\" rel=\"nofollow noopener\" target=\"_blank\">GanSketch<\/a><\/td><td>G\u00e9n\u00e9ration en temps r\u00e9el<\/td><td>Version b\u00eata<\/td><td>Des r\u00e9sultats rapides<\/td><td>Stade de d\u00e9veloppement<\/td><td>Le meilleur pour l'exp\u00e9rimentation<\/td><\/tr><\/tbody><\/table><\/figure>\n\n\n\n<p class=\"\"><strong>Meilleur outil : <a href=\"https:\/\/aiartfree.online\/fr\/anime-ai-generator\/\">AIArtFree<\/a><\/strong><\/p>\n\n\n\n<h3 class=\"wp-block-heading\">Questions fr\u00e9quemment pos\u00e9es<\/h3>\n\n\n\n<p class=\"\"><strong>Q : Quel est le meilleur g\u00e9n\u00e9rateur d'IA d'anime pour les d\u00e9butants ?<\/strong> R : AIArtFree est recommand\u00e9 aux d\u00e9butants en raison de sa facilit\u00e9 d'utilisation et de son acc\u00e8s gratuit.<\/p>\n\n\n\n<p class=\"\"><strong>Q : Puis-je utiliser un g\u00e9n\u00e9rateur d'IA d'anime \u00e0 des fins commerciales ?<\/strong> R : Oui, de nombreux g\u00e9n\u00e9rateurs d'IA Anime peuvent \u00eatre utilis\u00e9s pour des projets commerciaux, mais il est essentiel de v\u00e9rifier les conditions d'utilisation sp\u00e9cifiques de chaque outil.<\/p>\n\n\n\n<p class=\"\"><strong>Q : Comment fonctionnent les g\u00e9n\u00e9rateurs d'IA d'Anime ?<\/strong> R : Ils utilisent des algorithmes d'apprentissage automatique form\u00e9s sur de grands ensembles de dessins anim\u00e9s pour g\u00e9n\u00e9rer de nouvelles images en fonction des donn\u00e9es fournies par l'utilisateur.<\/p>\n\n\n\n<p class=\"\"><strong>Q : L'utilisation des g\u00e9n\u00e9rateurs d'IA d'Anime est-elle gratuite ?<\/strong> R : Certains outils sont gratuits, comme AIArtFree, tandis que d'autres peuvent n\u00e9cessiter un abonnement ou un achat.<\/p>\n\n\n\n<p class=\"\"><strong>Q : Quels types d'entr\u00e9es puis-je utiliser avec un g\u00e9n\u00e9rateur d'IA d'anime ?<\/strong> R : Les entr\u00e9es les plus courantes sont les photos, les croquis et les textes.<\/p>\n\n\n\n<p class=\"\"><strong>Q : Puis-je personnaliser les images anim\u00e9es g\u00e9n\u00e9r\u00e9es ?<\/strong> R : Oui, la plupart des g\u00e9n\u00e9rateurs offrent des options de personnalisation permettant d'ajuster le style et les caract\u00e9ristiques de l'art g\u00e9n\u00e9r\u00e9.<\/p>\n\n\n\n<p class=\"\"><strong>Q : Quelle est la diff\u00e9rence entre un g\u00e9n\u00e9rateur d'images AI et un g\u00e9n\u00e9rateur d'images Anime AI ?<\/strong> R : Un g\u00e9n\u00e9rateur Anime AI est sp\u00e9cifiquement con\u00e7u pour cr\u00e9er des images de style anim\u00e9, tandis qu'un g\u00e9n\u00e9rateur d'images AI g\u00e9n\u00e9ral peut produire diff\u00e9rents styles.<\/p>\n\n\n\n<p class=\"\"><strong>Q : Ai-je besoin de comp\u00e9tences particuli\u00e8res pour utiliser un g\u00e9n\u00e9rateur d'IA d'anime ?<\/strong> R : Non, ces outils sont con\u00e7us pour \u00eatre conviviaux et accessibles \u00e0 tous.<\/p>\n\n\n\n<p class=\"\"><strong>Q : Combien de temps faut-il pour g\u00e9n\u00e9rer une image anim\u00e9e ?<\/strong> R : Le temps de g\u00e9n\u00e9ration varie selon l'outil, mais il est g\u00e9n\u00e9ralement compris entre quelques secondes et quelques minutes.<\/p>\n\n\n\n<p class=\"\"><strong>Q : Puis-je g\u00e9n\u00e9rer des personnages d'anime pour mon jeu \u00e0 l'aide d'un g\u00e9n\u00e9rateur d'IA d'anime ?<\/strong> R : Oui, ces outils sont excellents pour cr\u00e9er des personnages et d'autres \u00e9l\u00e9ments pour les jeux vid\u00e9o.<\/p>\n\n\n\n<h3 class=\"wp-block-heading\">Conclusion<\/h3>\n\n\n\n<p class=\"\">Les g\u00e9n\u00e9rateurs Anime AI sont des outils puissants qui permettent de cr\u00e9er des dessins anim\u00e9s sans effort. Que vous soyez un artiste professionnel ou un amateur, ces g\u00e9n\u00e9rateurs peuvent vous aider \u00e0 donner vie \u00e0 vos visions cr\u00e9atives. Pour une exp\u00e9rience optimale, essayez d'utiliser <a href=\"https:\/\/aiartfree.online\/fr\/anime-ai-generator\/\">AIArtFree<\/a> pour explorer le monde de l'art anim\u00e9 g\u00e9n\u00e9r\u00e9 par l'IA.<\/p>","protected":false},"excerpt":{"rendered":"<p>Before vs After How to use Anime AI Generator Prompt Examples *&nbsp;Depending on your internet speed, loading the model may take a few seconds.* There will be caching during continuous generation, and the new image will appear after about 3 seconds. Introduction of Anime AI Generator Anime AI Generators are revolutionizing the way we create &#8230; <a title=\"G\u00e9n\u00e9rateur d&#039;IA d&#039;anime\" class=\"read-more\" href=\"https:\/\/aiartfree.online\/fr\/anime-ai-generator\/\" aria-label=\"En savoir plus sur Anime AI Generator\">Lire la suite<\/a><\/p>","protected":false},"author":1,"featured_media":0,"parent":0,"menu_order":0,"comment_status":"open","ping_status":"closed","template":"","meta":{"nf_dc_page":"","footnotes":""},"class_list":["post-2876","page","type-page","status-publish"],"jetpack_sharing_enabled":true,"_links":{"self":[{"href":"https:\/\/aiartfree.online\/fr\/wp-json\/wp\/v2\/pages\/2876","targetHints":{"allow":["GET"]}}],"collection":[{"href":"https:\/\/aiartfree.online\/fr\/wp-json\/wp\/v2\/pages"}],"about":[{"href":"https:\/\/aiartfree.online\/fr\/wp-json\/wp\/v2\/types\/page"}],"author":[{"embeddable":true,"href":"https:\/\/aiartfree.online\/fr\/wp-json\/wp\/v2\/users\/1"}],"replies":[{"embeddable":true,"href":"https:\/\/aiartfree.online\/fr\/wp-json\/wp\/v2\/comments?post=2876"}],"version-history":[{"count":1,"href":"https:\/\/aiartfree.online\/fr\/wp-json\/wp\/v2\/pages\/2876\/revisions"}],"predecessor-version":[{"id":3595,"href":"https:\/\/aiartfree.online\/fr\/wp-json\/wp\/v2\/pages\/2876\/revisions\/3595"}],"wp:attachment":[{"href":"https:\/\/aiartfree.online\/fr\/wp-json\/wp\/v2\/media?parent=2876"}],"curies":[{"name":"wp","href":"https:\/\/api.w.org\/{rel}","templated":true}]}}