{"id":2853,"date":"2024-07-17T13:47:43","date_gmt":"2024-07-17T13:47:43","guid":{"rendered":"https:\/\/aiartfree.online\/?page_id=2853"},"modified":"2024-07-20T09:39:23","modified_gmt":"2024-07-20T09:39:23","slug":"free-pixar-ai-generator","status":"publish","type":"page","link":"https:\/\/aiartfree.online\/fr\/generateur-dai-pixar-gratuit\/","title":{"rendered":"G\u00e9n\u00e9rateur d'IA Pixar gratuit"},"content":{"rendered":"<h2 class=\"wp-block-heading\">Comment utiliser le g\u00e9n\u00e9rateur gratuit d'IA Pixar<\/h2>\n\n\n\n<ol class=\"wp-block-list\">\n<li class=\"\">Saisissez vos invites<\/li>\n\n\n\n<li class=\"\">Cliquez sur \"Ex\u00e9cuter\"<\/li>\n\n\n\n<li class=\"\">Attendez, c'est \u00e7a !<\/li>\n<\/ol>\n\n\n\n<p class=\"\"><em>* Le chargement du mod\u00e8le peut prendre quelques secondes en fonction de la vitesse de l'internet.<br>* Il y aura une mise en cache pendant la g\u00e9n\u00e9ration continue, et la nouvelle image appara\u00eetra apr\u00e8s environ 3 secondes.<\/em><\/p>\n\n\n\n<h3 class=\"wp-block-heading\">Exemple d'entr\u00e9e<\/h3>\n\n\n\n<ul class=\"wp-block-list\">\n<li class=\"\">Un jeune homme aux cheveux ondul\u00e9s et aux yeux marron clair assis dans un fauteuil et regardant directement la cam\u00e9ra, style pixar, disney pixar, fond de bureau, ultra d\u00e9taill\u00e9, 1 homme<\/li>\n\n\n\n<li class=\"\">Dessin anim\u00e9 3D ensoleill\u00e9 image lumineuse de style Pixar : super h\u00e9ros : costume complet : cin\u00e9matique -ar 68:128 -stylize 750 -v 5.2<\/li>\n\n\n\n<li class=\"\">Image 3d, fille mignonne, dans le style de Pixar, -ar 1:2 ,-stylize 750.<\/li>\n<\/ul>\n\n\n\n<div style=\"text-align: center; border: 2px solid; border-image-source: linear-gradient(to right, #16b86c, #912899); border-image-slice: 1; box-shadow: 0 0 10px rgba(0, 0, 0, 0.1); border-radius: 15px;\">\n  <iframe loading=\"lazy\"\n    src=\"https:\/\/ucanbaklava-stablediffusionapi-disney-pixar-cartoon.hf.space\"\n    frameborder=\"0\"\n    width=\"800\"\n    height=\"500\"\n    style=\"display: inline-block; margin: 0 auto;\"\n  ><\/iframe>\n<\/div>\n\n\n\n<div style=\"height:50px\" aria-hidden=\"true\" class=\"wp-block-spacer\"><\/div>\n\n\n\n<h2 class=\"wp-block-heading\" id=\"introduction-of-free-online-pixar-ai-generator\"><strong>Introduction du g\u00e9n\u00e9rateur gratuit d'IA Pixar<\/strong><\/h2>\n\n\n\n<figure class=\"wp-block-image size-full is-resized\"><img data-recalc-dims=\"1\" decoding=\"async\" width=\"938\" height=\"626\"   loading=\"lazy\" src=\"https:\/\/i0.wp.com\/aiartfree.online\/wp-content\/uploads\/2024\/07\/WX20240717-174206%402x.jpg?resize=938%2C626&#038;ssl=1\" alt=\"G\u00e9n\u00e9rateur d&#039;IA Pixar gratuit en ligne\" class=\"wp-image-2852\" style=\"width:530px;height:auto\" srcset=\"https:\/\/i0.wp.com\/aiartfree.online\/wp-content\/uploads\/2024\/07\/WX20240717-174206%402x.jpg?w=938&amp;ssl=1 938w, https:\/\/i0.wp.com\/aiartfree.online\/wp-content\/uploads\/2024\/07\/WX20240717-174206%402x.jpg?resize=300%2C200&amp;ssl=1 300w, https:\/\/i0.wp.com\/aiartfree.online\/wp-content\/uploads\/2024\/07\/WX20240717-174206%402x.jpg?resize=768%2C513&amp;ssl=1 768w, https:\/\/i0.wp.com\/aiartfree.online\/wp-content\/uploads\/2024\/07\/WX20240717-174206%402x.jpg?resize=18%2C12&amp;ssl=1 18w, https:\/\/i0.wp.com\/aiartfree.online\/wp-content\/uploads\/2024\/07\/WX20240717-174206%402x.jpg?resize=600%2C400&amp;ssl=1 600w\" sizes=\"auto, (max-width: 938px) 100vw, 938px\" \/><\/figure>\n\n\n\n<h3 class=\"wp-block-heading\" id=\"what-is-a-free-online-pixar-ai-generator\"><a href=\"https:\/\/dromerosm-groq-llama3.hf.space\/#what-is-a-free-online-pixar-ai-generator\" target=\"_blank\" rel=\"noopener\"><\/a><strong>Qu'est-ce qu'un g\u00e9n\u00e9rateur gratuit d'IA Pixar ?<\/strong><\/h3>\n\n\n\n<p class=\"\">Un g\u00e9n\u00e9rateur d'IA Pixar gratuit en ligne est un outil qui permet aux utilisateurs de g\u00e9n\u00e9rer des \u0153uvres d'art de style Pixar \u00e0 l'aide de l'intelligence artificielle (IA) sans aucun co\u00fbt financier. Cette technologie innovante utilise des algorithmes d'apprentissage automatique pour cr\u00e9er des animations et des images \u00e9tonnantes rappelant les films bien-aim\u00e9s de Pixar.<\/p>\n\n\n\n<p class=\"\"><strong>Table des mati\u00e8res<\/strong><\/p>\n\n\n\n<ol class=\"wp-block-list\">\n<li class=\"\"><a href=\"https:\/\/dromerosm-groq-llama3.hf.space\/#what-is-a-free-online-pixar-ai-generator\" target=\"_blank\" rel=\"noopener\">Qu'est-ce qu'un g\u00e9n\u00e9rateur d'IA Pixar gratuit en ligne ?<\/a><\/li>\n\n\n\n<li class=\"\"><a href=\"https:\/\/dromerosm-groq-llama3.hf.space\/#why-use-a-free-online-pixar-ai-generator\" target=\"_blank\" rel=\"noopener\">Pourquoi utiliser un g\u00e9n\u00e9rateur d'IA Pixar gratuit en ligne ?<\/a><\/li>\n\n\n\n<li class=\"\"><a href=\"https:\/\/dromerosm-groq-llama3.hf.space\/#benefits-of-using-a-free-online-pixar-ai-generator\" target=\"_blank\" rel=\"noopener\">Avantages de l'utilisation d'un g\u00e9n\u00e9rateur d'IA Pixar gratuit en ligne<\/a><\/li>\n\n\n\n<li class=\"\"><a href=\"https:\/\/dromerosm-groq-llama3.hf.space\/#when-to-use-a-free-online-pixar-ai-generator\" target=\"_blank\" rel=\"noopener\">Quand utiliser un g\u00e9n\u00e9rateur d'IA Pixar gratuit en ligne ?<\/a><\/li>\n\n\n\n<li class=\"\"><a href=\"https:\/\/dromerosm-groq-llama3.hf.space\/#who-can-benefit-from-a-free-online-pixar-ai-generator\" target=\"_blank\" rel=\"noopener\">Qui peut b\u00e9n\u00e9ficier d'un g\u00e9n\u00e9rateur d'IA Pixar gratuit en ligne ?<\/a><\/li>\n\n\n\n<li class=\"\"><a href=\"https:\/\/dromerosm-groq-llama3.hf.space\/#related-information-and-tools\" target=\"_blank\" rel=\"noopener\">Informations et outils connexes<\/a><\/li>\n\n\n\n<li class=\"\"><a href=\"https:\/\/dromerosm-groq-llama3.hf.space\/#faqs\" target=\"_blank\" rel=\"noopener\">FAQ<\/a><\/li>\n<\/ol>\n\n\n\n<h3 class=\"wp-block-heading\" id=\"why-use-a-free-online-pixar-ai-generator\"><a href=\"https:\/\/dromerosm-groq-llama3.hf.space\/#why-use-a-free-online-pixar-ai-generator\" target=\"_blank\" rel=\"noopener\"><\/a><strong>Pourquoi utiliser un g\u00e9n\u00e9rateur d'IA Pixar gratuit ?<\/strong><\/h3>\n\n\n\n<p class=\"\">Face \u00e0 la demande croissante de visuels de haute qualit\u00e9 dans divers secteurs, un g\u00e9n\u00e9rateur d'IA Pixar gratuit en ligne peut changer la donne. Cet outil permet aux individus de cr\u00e9er des animations et des images \u00e9poustouflantes sans avoir besoin d'une exp\u00e9rience approfondie en mati\u00e8re de conception graphique. En outre, il permet d'\u00e9conomiser du temps et des ressources, ce qui en fait une option int\u00e9ressante pour les professionnels et les entrepreneurs tr\u00e8s occup\u00e9s.<\/p>\n\n\n\n<h3 class=\"wp-block-heading\" id=\"benefits-of-using-a-free-online-pixar-ai-generator\"><a href=\"https:\/\/dromerosm-groq-llama3.hf.space\/#benefits-of-using-a-free-online-pixar-ai-generator\" target=\"_blank\" rel=\"noopener\"><\/a><strong>Avantages de l'utilisation d'un g\u00e9n\u00e9rateur d'IA Pixar gratuit<\/strong><\/h3>\n\n\n\n<p class=\"\">Voici quelques-uns des avantages de l'utilisation d'un g\u00e9n\u00e9rateur d'IA Pixar en ligne gratuit :<\/p>\n\n\n\n<ul class=\"wp-block-list\">\n<li class=\"\"><strong>Rentabilit\u00e9<\/strong>: Pas besoin de d\u00e9penser de l'argent pour un logiciel de conception graphique co\u00fbteux ou d'engager un concepteur professionnel.<\/li>\n\n\n\n<li class=\"\"><strong>Gain de temps<\/strong>: G\u00e9n\u00e9rer rapidement des visuels de haute qualit\u00e9 avec un minimum d'effort.<\/li>\n\n\n\n<li class=\"\"><strong>Accessibilit\u00e9<\/strong>: Aucune exp\u00e9rience pr\u00e9alable en mati\u00e8re de conception graphique n'est requise pour utiliser l'outil.<\/li>\n\n\n\n<li class=\"\"><strong>Flexibilit\u00e9<\/strong>: Peut \u00eatre utilis\u00e9 \u00e0 des fins diverses, telles que les m\u00e9dias sociaux, la publicit\u00e9 et l'\u00e9ducation.<\/li>\n<\/ul>\n\n\n\n<h3 class=\"wp-block-heading\" id=\"when-to-use-a-free-online-pixar-ai-generator\"><a href=\"https:\/\/dromerosm-groq-llama3.hf.space\/#when-to-use-a-free-online-pixar-ai-generator\" target=\"_blank\" rel=\"noopener\"><\/a><strong>Quand utiliser un g\u00e9n\u00e9rateur d'IA Pixar gratuit ?<\/strong><\/h3>\n\n\n\n<p class=\"\">Un g\u00e9n\u00e9rateur d'IA Pixar en ligne gratuit peut \u00eatre utilis\u00e9 dans divers sc\u00e9narios, notamment :<\/p>\n\n\n\n<ul class=\"wp-block-list\">\n<li class=\"\"><strong>Marketing des m\u00e9dias sociaux<\/strong>: Cr\u00e9er des visuels attrayants pour les campagnes de m\u00e9dias sociaux.<\/li>\n\n\n\n<li class=\"\"><strong>Publicit\u00e9<\/strong>: \u00c9laborer des publicit\u00e9s accrocheuses pour les promotions en ligne et hors ligne.<\/li>\n\n\n\n<li class=\"\"><strong>L'\u00e9ducation<\/strong>: Utilisez l'outil pour cr\u00e9er du mat\u00e9riel p\u00e9dagogique, tel que des vid\u00e9os et des infographies.<\/li>\n\n\n\n<li class=\"\"><strong>Cr\u00e9ation de contenu<\/strong>: G\u00e9n\u00e9rer des visuels pour des articles de blog, des vid\u00e9os et d'autres contenus en ligne.<\/li>\n<\/ul>\n\n\n\n<h3 class=\"wp-block-heading\" id=\"who-can-benefit-from-a-free-online-pixar-ai-generator\"><a href=\"https:\/\/dromerosm-groq-llama3.hf.space\/#who-can-benefit-from-a-free-online-pixar-ai-generator\" target=\"_blank\" rel=\"noopener\"><\/a><strong>Qui peut b\u00e9n\u00e9ficier d'un g\u00e9n\u00e9rateur d'IA Pixar gratuit ?<\/strong><\/h3>\n\n\n\n<p class=\"\">Des personnes issues de divers secteurs et professions peuvent b\u00e9n\u00e9ficier de l'utilisation d'un g\u00e9n\u00e9rateur d'IA Pixar gratuit en ligne :<\/p>\n\n\n\n<ul class=\"wp-block-list\">\n<li class=\"\"><strong>Les sp\u00e9cialistes du marketing<\/strong>: Cr\u00e9er des visuels attrayants pour les m\u00e9dias sociaux et les campagnes publicitaires.<\/li>\n\n\n\n<li class=\"\"><strong>\u00c9ducateurs<\/strong>: \u00c9laborer des supports p\u00e9dagogiques interactifs et attrayants.<\/li>\n\n\n\n<li class=\"\"><strong>Cr\u00e9ateurs de contenu<\/strong>: G\u00e9n\u00e9rer des visuels de haute qualit\u00e9 pour des articles de blog, des vid\u00e9os et d'autres contenus en ligne.<\/li>\n\n\n\n<li class=\"\"><strong>Entrepreneurs<\/strong>: Utilisez l'outil pour cr\u00e9er des visuels \u00e9poustouflants pour les promotions et la publicit\u00e9 des entreprises.<\/li>\n<\/ul>\n\n\n\n<h3 class=\"wp-block-heading\" id=\"related-information-and-tools\"><a href=\"https:\/\/dromerosm-groq-llama3.hf.space\/#related-information-and-tools\" target=\"_blank\" rel=\"noopener\"><\/a><strong>Informations et outils connexes<\/strong><\/h3>\n\n\n\n<p class=\"\">Voici 10 sites web qui fournissent des informations et des outils li\u00e9s aux g\u00e9n\u00e9rateurs d'IA Pixar gratuits en ligne :<\/p>\n\n\n\n<figure class=\"wp-block-table\"><table class=\"has-fixed-layout\"><thead><tr><th>Site web<\/th><th>Description<\/th><\/tr><\/thead><tbody><tr><td><a href=\"https:\/\/aiartfree.online\/fr\/free-online-pixar-ai-generator\/\" target=\"_blank\" rel=\"noreferrer noopener\">aiartfree.online<\/a><\/td><td>Propose un g\u00e9n\u00e9rateur Pixar AI gratuit en ligne avec diff\u00e9rents mod\u00e8les et designs.<\/td><\/tr><tr><td><a href=\"https:\/\/pix2pix.io\/\" target=\"_blank\" rel=\"noreferrer noopener nofollow\">pix2pix.io<\/a><\/td><td>Une plateforme qui utilise l'IA pour g\u00e9n\u00e9rer des images \u00e0 partir de croquis.<\/td><\/tr><tr><td><a href=\"https:\/\/deepdreamgenerator.com\/\" target=\"_blank\" rel=\"noreferrer noopener nofollow\">deepdreamgenerator.com<\/a><\/td><td>Un outil en ligne qui utilise l'intelligence artificielle pour g\u00e9n\u00e9rer des images surr\u00e9alistes.<\/td><\/tr><tr><td><a href=\"https:\/\/www.artbreeder.com\/\" target=\"_blank\" rel=\"noreferrer noopener nofollow\">artbreeder.com<\/a><\/td><td>Une plateforme qui permet aux utilisateurs de cr\u00e9er et de faire \u00e9voluer des \u0153uvres d'art originales gr\u00e2ce \u00e0 l'IA.<\/td><\/tr><tr><td><a href=\"https:\/\/ganbreeder.app\/\" target=\"_blank\" rel=\"noreferrer noopener nofollow\">ganbreeder.app<\/a><\/td><td>Un outil en ligne qui utilise l'IA pour g\u00e9n\u00e9rer des \u0153uvres d'art.<\/td><\/tr><tr><td><a href=\"https:\/\/prism.app\/\" target=\"_blank\" rel=\"noreferrer noopener nofollow\">prism.app<\/a><\/td><td>Une plateforme qui offre des outils de conception aliment\u00e9s par l'IA, y compris un g\u00e9n\u00e9rateur de type Pixar.<\/td><\/tr><tr><td><a href=\"https:\/\/adicraft.org\/\" target=\"_blank\" rel=\"noreferrer noopener nofollow\">adicraft.org<\/a><\/td><td>Une organisation \u00e0 but non lucratif qui fournit des outils de conception aliment\u00e9s par l'IA, y compris un g\u00e9n\u00e9rateur de type Pixar.<\/td><\/tr><tr><td><a href=\"https:\/\/aiartist.io\/\" target=\"_blank\" rel=\"noreferrer noopener nofollow\">aiartist.io<\/a><\/td><td>Une plateforme qui offre des outils de conception aliment\u00e9s par l'IA, y compris un g\u00e9n\u00e9rateur de type Pixar.<\/td><\/tr><tr><td><a href=\"https:\/\/ai-generated-art.org\/\" target=\"_blank\" rel=\"noreferrer noopener nofollow\">Art g\u00e9n\u00e9r\u00e9 par l'IA<\/a><\/td><td>Un site web qui fournit des informations et des ressources sur l'art g\u00e9n\u00e9r\u00e9 par l'IA.<\/td><\/tr><tr><td><a href=\"https:\/\/generative-art.org\/\" target=\"_blank\" rel=\"noreferrer noopener nofollow\">generative-art.org<\/a><\/td><td>Un site web qui fournit des informations et des ressources sur l'art g\u00e9n\u00e9ratif.<\/td><\/tr><\/tbody><\/table><\/figure>\n\n\n\n<p class=\"\"><strong>Avantages, inconv\u00e9nients, forces, faiblesses et recommandations<\/strong><\/p>\n\n\n\n<ul class=\"wp-block-list\">\n<li class=\"\"><strong>Avantages<\/strong>: Rentabilit\u00e9, gain de temps, accessibilit\u00e9 et flexibilit\u00e9.<\/li>\n\n\n\n<li class=\"\"><strong>Inconv\u00e9nients<\/strong>: Options de personnalisation limit\u00e9es, d\u00e9pendance \u00e0 l'\u00e9gard des algorithmes d'IA et probl\u00e8mes de qualit\u00e9 potentiels.<\/li>\n\n\n\n<li class=\"\"><strong>Points forts<\/strong>: Peut g\u00e9n\u00e9rer des visuels de haute qualit\u00e9, id\u00e9al pour les professionnels et les entrepreneurs occup\u00e9s.<\/li>\n\n\n\n<li class=\"\"><strong>Faiblesses<\/strong>: Peut n\u00e9cessiter quelques connaissances en mati\u00e8re de conception graphique, contr\u00f4le limit\u00e9 des r\u00e9sultats.<\/li>\n\n\n\n<li class=\"\"><strong>Recommandation<\/strong>: Utilisez une plateforme en ligne r\u00e9put\u00e9e comme aiartfree.online pour obtenir des visuels de haute qualit\u00e9 de type Pixar.<\/li>\n<\/ul>\n\n\n\n<h3 class=\"wp-block-heading\" id=\"faqs\"><a href=\"https:\/\/dromerosm-groq-llama3.hf.space\/#faqs\" target=\"_blank\" rel=\"noopener\"><\/a><strong>FAQ<\/strong><\/h3>\n\n\n\n<ol class=\"wp-block-list\">\n<li class=\"\"><strong>Q : Le g\u00e9n\u00e9rateur gratuit d'IA Pixar est-il facile \u00e0 utiliser ?<\/strong>&nbsp;R : Oui, la plupart des plateformes en ligne offrent des interfaces conviviales qui ne n\u00e9cessitent qu'une exp\u00e9rience minimale en mati\u00e8re de conception graphique.<\/li>\n\n\n\n<li class=\"\"><strong>Q : Puis-je personnaliser le r\u00e9sultat d'un g\u00e9n\u00e9rateur d'IA Pixar gratuit ?<\/strong>&nbsp;R : Oui, la plupart des plateformes offrent des options de personnalisation, telles que des sch\u00e9mas de couleurs et des mod\u00e8les.<\/li>\n\n\n\n<li class=\"\"><strong>Q : Les g\u00e9n\u00e9rateurs d'IA Pixar gratuits sont-ils r\u00e9serv\u00e9s aux professionnels ?<\/strong>&nbsp;R : Non, tout le monde peut utiliser ces outils, y compris les particuliers, les entrepreneurs et les \u00e9ducateurs.<\/li>\n\n\n\n<li class=\"\"><strong>Q : Puis-je utiliser un g\u00e9n\u00e9rateur d'IA Pixar gratuit \u00e0 des fins commerciales ?<\/strong>&nbsp;R : Oui, la plupart des plateformes autorisent l'utilisation commerciale, mais il convient de v\u00e9rifier les conditions g\u00e9n\u00e9rales.<\/li>\n\n\n\n<li class=\"\"><strong>Q : Combien de temps faut-il pour g\u00e9n\u00e9rer une image \u00e0 l'aide d'un g\u00e9n\u00e9rateur Pixar AI gratuit ?<\/strong>&nbsp;R : Le temps de traitement varie en fonction de la plate-forme et de la complexit\u00e9 de la conception.<\/li>\n\n\n\n<li class=\"\"><strong>Q : Puis-je t\u00e9l\u00e9charger mes propres images dans un g\u00e9n\u00e9rateur d'IA Pixar gratuit ?<\/strong>&nbsp;R : Oui, certaines plateformes permettent aux utilisateurs de t\u00e9l\u00e9charger leurs propres images pour les modifier et les am\u00e9liorer.<\/li>\n\n\n\n<li class=\"\"><strong>Q : Les g\u00e9n\u00e9rateurs d'IA Pixar gratuits en ligne sont-ils chers ?<\/strong>&nbsp;R : Non, la plupart des plateformes offrent des services gratuits ou peu co\u00fbteux, et certaines proposent des fonctions premium payantes.<\/li>\n\n\n\n<li class=\"\"><strong>Q : Puis-je utiliser un g\u00e9n\u00e9rateur d'IA Pixar gratuit en ligne \u00e0 des fins \u00e9ducatives ?<\/strong>&nbsp;R : Oui, de nombreuses plateformes proposent des ressources et des outils \u00e9ducatifs pour les \u00e9l\u00e8ves et les enseignants.<\/li>\n\n\n\n<li class=\"\"><strong>Q : Comment fonctionne un g\u00e9n\u00e9rateur d'IA Pixar gratuit en ligne ?<\/strong>&nbsp;R : Ces outils utilisent des algorithmes d'apprentissage automatique pour g\u00e9n\u00e9rer des images sur la base des donn\u00e9es fournies par l'utilisateur et des mod\u00e8les de conception.<\/li>\n\n\n\n<li class=\"\"><strong>Q : Un g\u00e9n\u00e9rateur d'IA Pixar en ligne gratuit est-il adapt\u00e9 au marketing des m\u00e9dias sociaux ?<\/strong>&nbsp;R : Oui, ces outils peuvent \u00eatre utilis\u00e9s pour cr\u00e9er des visuels attrayants pour les campagnes de m\u00e9dias sociaux.<\/li>\n<\/ol>","protected":false},"excerpt":{"rendered":"<p>How to use the Free Pixar AI Generator *&nbsp;Depending on your internet speed, loading the model may take a few seconds.* There will be caching during continuous generation, and the new image will appear after about 3 seconds. Example Input Introduction of Free Pixar AI Generator What is a Free Pixar AI Generator? A Free &#8230; <a title=\"G\u00e9n\u00e9rateur d&#039;IA Pixar gratuit\" class=\"read-more\" href=\"https:\/\/aiartfree.online\/fr\/generateur-dai-pixar-gratuit\/\" aria-label=\"En savoir plus sur Free Pixar AI Generator\">Lire la suite<\/a><\/p>","protected":false},"author":1,"featured_media":0,"parent":0,"menu_order":0,"comment_status":"open","ping_status":"closed","template":"","meta":{"nf_dc_page":"","footnotes":""},"class_list":["post-2853","page","type-page","status-publish"],"jetpack_sharing_enabled":true,"_links":{"self":[{"href":"https:\/\/aiartfree.online\/fr\/wp-json\/wp\/v2\/pages\/2853","targetHints":{"allow":["GET"]}}],"collection":[{"href":"https:\/\/aiartfree.online\/fr\/wp-json\/wp\/v2\/pages"}],"about":[{"href":"https:\/\/aiartfree.online\/fr\/wp-json\/wp\/v2\/types\/page"}],"author":[{"embeddable":true,"href":"https:\/\/aiartfree.online\/fr\/wp-json\/wp\/v2\/users\/1"}],"replies":[{"embeddable":true,"href":"https:\/\/aiartfree.online\/fr\/wp-json\/wp\/v2\/comments?post=2853"}],"version-history":[{"count":0,"href":"https:\/\/aiartfree.online\/fr\/wp-json\/wp\/v2\/pages\/2853\/revisions"}],"wp:attachment":[{"href":"https:\/\/aiartfree.online\/fr\/wp-json\/wp\/v2\/media?parent=2853"}],"curies":[{"name":"wp","href":"https:\/\/api.w.org\/{rel}","templated":true}]}}