{"id":2807,"date":"2022-05-10T20:36:42","date_gmt":"2022-05-10T19:36:42","guid":{"rendered":"https:\/\/gp-inbound.wordifysites.com\/?page_id=82"},"modified":"2024-07-18T10:49:06","modified_gmt":"2024-07-18T10:49:06","slug":"contact-free-ai-art-generator","status":"publish","type":"page","link":"https:\/\/aiartfree.online\/fr\/contact-free-ai-art-generator\/","title":{"rendered":"Nous contacter"},"content":{"rendered":"<figure class=\"gb-block-image gb-block-image-6abc9adb\"><img data-recalc-dims=\"1\" decoding=\"async\" loading=\"lazy\" width=\"1200\" height=\"675\" class=\"gb-image gb-image-6abc9adb\" src=\"https:\/\/i0.wp.com\/aiartfree.online\/wp-content\/uploads\/2023\/03\/map.jpg?resize=1200%2C675&#038;ssl=1\" alt=\"\" title=\"carte\" srcset=\"https:\/\/i0.wp.com\/aiartfree.online\/wp-content\/uploads\/2023\/03\/map.jpg?w=1980&amp;ssl=1 1980w, https:\/\/i0.wp.com\/aiartfree.online\/wp-content\/uploads\/2023\/03\/map.jpg?resize=600%2C338&amp;ssl=1 600w, https:\/\/i0.wp.com\/aiartfree.online\/wp-content\/uploads\/2023\/03\/map.jpg?resize=300%2C169&amp;ssl=1 300w, https:\/\/i0.wp.com\/aiartfree.online\/wp-content\/uploads\/2023\/03\/map.jpg?resize=1024%2C576&amp;ssl=1 1024w, https:\/\/i0.wp.com\/aiartfree.online\/wp-content\/uploads\/2023\/03\/map.jpg?resize=768%2C432&amp;ssl=1 768w, https:\/\/i0.wp.com\/aiartfree.online\/wp-content\/uploads\/2023\/03\/map.jpg?resize=1536%2C864&amp;ssl=1 1536w, https:\/\/i0.wp.com\/aiartfree.online\/wp-content\/uploads\/2023\/03\/map.jpg?resize=18%2C10&amp;ssl=1 18w\" sizes=\"auto, (max-width: 1200px) 100vw, 1200px\" \/><\/figure>\n\n\n<section class=\"gb-container gb-container-efcc007f\">\n\n<h2 class=\"gb-headline gb-headline-887ae2d8 gb-headline-text\">Prendre contact<\/h2>\n\n\n\n<p class=\"gb-headline gb-headline-c307d429 gb-headline-text\">Bienvenue sur Free AI Art Generator, o\u00f9 les limites de la cr\u00e9ativit\u00e9 rencontrent la puissance de l'intelligence artificielle ! \ud83e\udd16<br>Nous sommes passionn\u00e9s par l'id\u00e9e de rendre les algorithmes et les outils d'IA avanc\u00e9s accessibles \u00e0 tous, en permettant aux artistes et aux cr\u00e9ateurs de g\u00e9n\u00e9rer gratuitement des images et des \u0153uvres d'art \u00e9poustouflantes \u00e0 partir d'IA. Gr\u00e2ce \u00e0 notre technologie de pointe, vous pouvez explorer le monde de l'IA g\u00e9n\u00e9rative, de la diffusion stable et bien plus encore, et lib\u00e9rer votre imagination comme jamais auparavant.<\/p>\n\n\n<div class=\"gb-container gb-container-93e859dc\">\n<div class=\"gb-container gb-container-16e44cdc\">\n\n<h2 class=\"gb-headline gb-headline-387184d6 gb-headline-text\">Contactez nous pour<\/h2>\n\n\n\n<ul class=\"wp-block-list\">\n<li class=\"\">Questions g\u00e9n\u00e9rales ou commentaires sur nos outils et g\u00e9n\u00e9rateurs d'art aliment\u00e9s par l'IA<\/li>\n\n\n\n<li class=\"\">Possibilit\u00e9s de partenariat ou de collaboration<\/li>\n\n\n\n<li class=\"\">Assistance technique ou aide \u00e0 la cr\u00e9ation d'\u0153uvres d'art g\u00e9n\u00e9r\u00e9es par l'IA<\/li>\n\n\n\n<li class=\"\">Suggestions de nouvelles fonctionnalit\u00e9s ou d'algorithmes d'IA \u00e0 int\u00e9grer<\/li>\n\n\n\n<li class=\"\">Autres questions ou commentaires<\/li>\n<\/ul>\n\n\n\n<p class=\"gb-headline gb-headline-5b255efd\"><span class=\"gb-icon\"><svg viewbox=\"0 0 368.666 368.666\" xmlns=\"http:\/\/www.w3.org\/2000\/svg\"><path d=\"M184.333 0C102.011 0 35.037 66.974 35.037 149.297c0 33.968 11.132 65.959 32.193 92.515C94.5 276.195 173.8 357.833 177.164 361.291l7.169 7.375 7.17-7.374c3.363-3.459 82.688-85.116 109.963-119.51 21.042-26.534 32.164-58.515 32.164-92.485C333.63 66.974 266.656 0 184.333 0zm101.464 229.355c-21.957 27.687-80.921 89.278-101.463 110.581-20.54-21.302-79.482-82.875-101.434-110.552-18.23-22.984-27.863-50.677-27.863-80.087C55.037 78.002 113.039 20 184.333 20S313.63 78.002 313.63 149.297c0 29.411-9.625 57.095-27.833 80.058z\"><\/path><path d=\"M184.333 59.265c-48.729 0-88.374 39.645-88.374 88.374s39.644 88.374 88.374 88.374 88.374-39.644 88.374-88.374c.001-48.73-39.644-88.374-88.374-88.374zm0 156.748c-37.701 0-68.374-30.672-68.374-68.374s30.672-68.374 68.374-68.374 68.374 30.672 68.374 68.374c.001 37.701-30.673 68.374-68.374 68.374z\"><\/path><path d=\"m180.672 154.314-25.112-19.98-12.453 15.652 40.69 32.371 43.333-53.934-15.593-12.526z\"><\/path><\/svg><\/span><span class=\"gb-headline-text\">12 Princes Street, \u00c9dimbourg, EH6 1AL, Royaume-Uni<\/span><\/p>\n\n<\/div>\n\n<div class=\"gb-container gb-container-d4701180\">\n\n<h3 class=\"gb-headline gb-headline-8c73a68a gb-headline-text\">Envoyez-nous un e-mail<\/h3>\n\n\n\n<p class=\"gb-headline gb-headline-b1839c0f gb-headline-text\">Nous aimerions avoir de vos nouvelles ! Que vous soyez un artiste en qu\u00eate d'inspiration, une entreprise \u00e0 la recherche de solutions innovantes ou simplement une personne fascin\u00e9e par l'intersection de l'art et de la technologie, nous sommes l\u00e0 pour vous \u00e9couter et vous aider.<\/p>\n\n\n<div class=\"wpforms-container wpforms-container-full wpforms-block wpforms-block-f9bd5ff9-c080-4a61-b9d1-8c53773b3bdc wpforms-render-modern\" id=\"wpforms-2489\"><form id=\"wpforms-form-2489\" class=\"wpforms-validate wpforms-form\" data-formid=\"2489\" method=\"post\" enctype=\"multipart\/form-data\" action=\"\/fr\/wp-json\/wp\/v2\/pages\/2807\" data-token=\"5297f783885c807ff9921114f96bfa8a\" data-token-time=\"1776967605\" data-trp-original-action=\"\/fr\/wp-json\/wp\/v2\/pages\/2807\"><noscript class=\"wpforms-error-noscript\">Veuillez activer JavaScript dans votre navigateur pour remplir ce formulaire.<\/noscript><div id=\"wpforms-error-noscript\" style=\"display: none;\">Veuillez activer JavaScript dans votre navigateur pour remplir ce formulaire.<\/div><div class=\"wpforms-field-container\"><div id=\"wpforms-2489-field_0-container\" class=\"wpforms-field wpforms-field-name\" data-field-id=\"0\"><label class=\"wpforms-field-label\" for=\"wpforms-2489-field_0\">Nom <span class=\"wpforms-required-label\" aria-hidden=\"true\">*<\/span><\/label><input type=\"text\" id=\"wpforms-2489-field_0\" class=\"wpforms-field-medium wpforms-field-required\" name=\"wpforms[fields][0]\" aria-errormessage=\"wpforms-2489-field_0-error\" required><\/div><div id=\"wpforms-2489-field_1-container\" class=\"wpforms-field wpforms-field-email\" data-field-id=\"1\"><label class=\"wpforms-field-label\" for=\"wpforms-2489-field_1\">Courriel <span class=\"wpforms-required-label\" aria-hidden=\"true\">*<\/span><\/label><input type=\"email\" id=\"wpforms-2489-field_1\" class=\"wpforms-field-medium wpforms-field-required\" name=\"wpforms[fields][1]\" spellcheck=\"false\" aria-errormessage=\"wpforms-2489-field_1-error\" required><\/div><div id=\"wpforms-2489-field_2-container\" class=\"wpforms-field wpforms-field-textarea\" data-field-id=\"2\"><label class=\"wpforms-field-label\" for=\"wpforms-2489-field_2\">Commentaire ou message <span class=\"wpforms-required-label\" aria-hidden=\"true\">*<\/span><\/label><textarea id=\"wpforms-2489-field_2\" class=\"wpforms-field-medium wpforms-field-required\" name=\"wpforms[fields][2]\" aria-errormessage=\"wpforms-2489-field_2-error\" required><\/textarea><\/div><\/div><!-- .wpforms-field-container --><div class=\"wpforms-submit-container\" ><input type=\"hidden\" name=\"wpforms[id]\" value=\"2489\"><input type=\"hidden\" name=\"page_title\" value=\"\"><input type=\"hidden\" name=\"page_url\" value=\"https:\/\/aiartfree.online\/fr\/wp-json\/wp\/v2\/pages\/2807\"><input type=\"hidden\" name=\"url_referer\" value=\"\"><button type=\"submit\" name=\"wpforms[submit]\" id=\"wpforms-submit-2489\" class=\"wpforms-submit\" data-alt-text=\"Sending...\" data-submit-text=\"Submit\" aria-live=\"assertive\" value=\"wpforms-submit\">Soumettre<\/button><\/div><input type=\"hidden\" name=\"trp-form-language\" value=\"fr\"\/><\/form><\/div>  <!-- .wpforms-container -->\n<\/div>\n<\/div>\n\n\n<div style=\"height:40px\" aria-hidden=\"true\" class=\"wp-block-spacer\"><\/div>\n\n\n\n<h2 class=\"gb-headline gb-headline-f952b484 gb-headline-text\"><strong>Pourquoi choisir le g\u00e9n\u00e9rateur gratuit d'images AI ?<\/strong><\/h2>\n\n\n\n<p class=\"has-text-align-center\">Notre engagement \u00e0 fournir des outils et des g\u00e9n\u00e9rateurs d'art AI gratuits, combin\u00e9 \u00e0 notre passion pour l'innovation et l'exp\u00e9rience utilisateur, nous distingue. Gr\u00e2ce \u00e0 nos algorithmes d'IA de pointe et \u00e0 notre interface intuitive, vous pouvez cr\u00e9er facilement de superbes \u0153uvres d'art g\u00e9n\u00e9r\u00e9es par l'IA, en explorant tout le potentiel des invites textuelles, de la mise \u00e0 l'\u00e9chelle des images, et bien plus encore.<br><\/p>\n\n\n\n<div style=\"height:40px\" aria-hidden=\"true\" class=\"wp-block-spacer\"><\/div>\n\n\n\n<h2 class=\"gb-headline gb-headline-04a855f0 gb-headline-text\"><strong>Commencez \u00e0 cr\u00e9er avec le g\u00e9n\u00e9rateur d'art AI gratuit d\u00e8s aujourd'hui !<\/strong><\/h2>\n\n\n\n<p class=\"has-text-align-center\">Visitez notre <a href=\"https:\/\/aiartfree.online\/fr\/\" target=\"_blank\" data-type=\"page\" data-id=\"2853\" rel=\"noreferrer noopener\">page d'accueil<\/a> pour explorer le monde de la g\u00e9n\u00e9ration gratuite d'art par l'IA, et d\u00e9couvrir les possibilit\u00e9s infinies des images g\u00e9n\u00e9r\u00e9es par l'IA, des couleurs vibrantes et de l'expression artistique !<\/p>\n\n\n\n<p class=\"has-text-align-center\">N'oubliez pas que chez Free AI Art Generator, nous nous effor\u00e7ons de stimuler la cr\u00e9ativit\u00e9 et de repousser les limites de ce qui est possible avec les outils d'art aliment\u00e9s par l'IA. Prenez contact avec nous et cr\u00e9ons ensemble quelque chose d'extraordinaire ! \ud83c\udfa8<\/p>\n\n\n\n<p class=\"has-text-align-center\">Ce projet incorpore les mots-cl\u00e9s requis tout en conservant une fluidit\u00e9 et un ton naturels. N'h\u00e9sitez pas \u00e0 la modifier si n\u00e9cessaire pour qu'elle corresponde \u00e0 la voix et au style de votre marque. Bonne chance avec votre site web \ud83d\ude0a<\/p>\n\n<\/section>\n\n\n<p class=\"\"><\/p>","protected":false},"excerpt":{"rendered":"<p>Get in touch Welcome to Free AI Art Generator, where the boundaries of creativity meet the power of artificial intelligence! \ud83e\udd16We&#8217;re passionate about making advanced AI algorithms and tools accessible to everyone, empowering artists and creatives to generate stunning AI-generated images and artwork for free. With our cutting-edge technology, you can explore the world of &#8230; <a title=\"Nous contacter\" class=\"read-more\" href=\"https:\/\/aiartfree.online\/fr\/contact-free-ai-art-generator\/\" aria-label=\"En savoir plus sur Contact Us\">Lire la suite<\/a><\/p>","protected":false},"author":1,"featured_media":0,"parent":0,"menu_order":0,"comment_status":"closed","ping_status":"closed","template":"","meta":{"nf_dc_page":"","footnotes":""},"class_list":["post-2807","page","type-page","status-publish"],"jetpack_sharing_enabled":true,"_links":{"self":[{"href":"https:\/\/aiartfree.online\/fr\/wp-json\/wp\/v2\/pages\/2807","targetHints":{"allow":["GET"]}}],"collection":[{"href":"https:\/\/aiartfree.online\/fr\/wp-json\/wp\/v2\/pages"}],"about":[{"href":"https:\/\/aiartfree.online\/fr\/wp-json\/wp\/v2\/types\/page"}],"author":[{"embeddable":true,"href":"https:\/\/aiartfree.online\/fr\/wp-json\/wp\/v2\/users\/1"}],"replies":[{"embeddable":true,"href":"https:\/\/aiartfree.online\/fr\/wp-json\/wp\/v2\/comments?post=2807"}],"version-history":[{"count":0,"href":"https:\/\/aiartfree.online\/fr\/wp-json\/wp\/v2\/pages\/2807\/revisions"}],"wp:attachment":[{"href":"https:\/\/aiartfree.online\/fr\/wp-json\/wp\/v2\/media?parent=2807"}],"curies":[{"name":"wp","href":"https:\/\/api.w.org\/{rel}","templated":true}]}}