{"id":78,"date":"2022-05-10T20:33:06","date_gmt":"2022-05-10T19:33:06","guid":{"rendered":"https:\/\/gp-inbound.wordifysites.com\/?page_id=78"},"modified":"2024-07-20T16:28:52","modified_gmt":"2024-07-20T16:28:52","slug":"about-us","status":"publish","type":"page","link":"https:\/\/aiartfree.online\/fi\/meista\/","title":{"rendered":"Tietoa meist\u00e4"},"content":{"rendered":"<section class=\"gb-container gb-container-8cf8b04f\">\n<div class=\"gb-container gb-container-dfac1555\">\n\n<h2 class=\"gb-headline gb-headline-608020c5 gb-headline-text\">Luovuuden vapauttaminen huippuluokan teko\u00e4lyty\u00f6kaluilla<\/h2>\n\n\n\n<p class=\"gb-headline gb-headline-7330c428 gb-headline-text\">Tervetuloa Free AI Art Generatoriin, jossa luovuus kohtaa huipputeknologian. Alustamme hy\u00f6dynt\u00e4\u00e4 huipputason teko\u00e4lyalgoritmeja ja generatiivista teko\u00e4ly\u00e4 muuttaakseen tekstikehotuksesi upeiksi, eloisiksi taideteoksiksi. <\/p>\n\n\n\n<p class=\"\">Teht\u00e4v\u00e4mme on demokratisoida taiteen luominen tarjoamalla joukko ilmaisia, teko\u00e4lyk\u00e4ytt\u00f6isi\u00e4 ty\u00f6kaluja, joiden avulla k\u00e4ytt\u00e4j\u00e4t voivat vaivattomasti luoda teko\u00e4lyll\u00e4 tuotettuja kuvia ja tutkia teko\u00e4lyn mahdollisuuksia taiteessa. Olitpa kokenut taiteilija tai utelias aloittelija, ty\u00f6kalumme on suunniteltu tehostamaan luovaa prosessiasi ja tuottamaan korkealaatuisia tuloksia saumattomalla k\u00e4ytt\u00f6kokemuksella. <\/p>\n\n\n\n<p class=\"\">Liity yhteis\u00f6\u00f6mme ja l\u00f6yd\u00e4 taiteen tulevaisuus Free AI Art Generatorin avulla, jossa mielikuvitus ja teknologia yhdistyv\u00e4t.<\/p>\n\n<\/div>\n\n<div class=\"gb-container gb-container-49e56edb\">\n\n<figure class=\"gb-block-image gb-block-image-ad6d2ba8\"><img data-recalc-dims=\"1\" decoding=\"async\" loading=\"lazy\" width=\"600\" height=\"430\" class=\"gb-image gb-image-ad6d2ba8\" src=\"https:\/\/i0.wp.com\/aiartfree.online\/wp-content\/uploads\/2024\/07\/work-stay-at-home-illustration-man-with-computer-6VFUTBK-1.png?resize=600%2C430&#038;ssl=1\" alt=\"Ilmainen AI Art Generator\" title=\"work-stay-at-home-illustration-man-with-computer-6VFUTBK-1.png\" srcset=\"https:\/\/i0.wp.com\/aiartfree.online\/wp-content\/uploads\/2024\/07\/work-stay-at-home-illustration-man-with-computer-6VFUTBK-1.png?w=600&amp;ssl=1 600w, https:\/\/i0.wp.com\/aiartfree.online\/wp-content\/uploads\/2024\/07\/work-stay-at-home-illustration-man-with-computer-6VFUTBK-1.png?resize=300%2C215&amp;ssl=1 300w, https:\/\/i0.wp.com\/aiartfree.online\/wp-content\/uploads\/2024\/07\/work-stay-at-home-illustration-man-with-computer-6VFUTBK-1.png?resize=18%2C12&amp;ssl=1 18w\" sizes=\"auto, (max-width: 600px) 100vw, 600px\" \/><\/figure>\n\n<\/div>\n<\/section>\n\n<section class=\"gb-container gb-container-e4cc5e2c\">\n<div class=\"gb-container gb-container-3ceba49d\">\n<div class=\"gb-container gb-container-c05d1bd2\">\n\n<p class=\"\"> <\/p>\n\n<\/div>\n\n<div class=\"gb-container gb-container-e687e67e\">\n\n<h2 class=\"gb-headline gb-headline-c10d1bd9 gb-headline-text\">Miksi valita meid\u00e4t<\/h2>\n\n\n\n<p class=\"gb-headline gb-headline-3ace5b05 gb-headline-text\">Free AI Art Generator tarjoaa poikkeuksellisen luovan alustan korkealaatuisten AI-taideteosten tuottamiseen. T\u00e4ss\u00e4 on syy, miksi palvelumme erottuu edukseen:<\/p>\n\n\n<div class=\"gb-container gb-container-2d10fbab\">\n<div class=\"gb-container gb-container-e7e2767f\">\n\n<div class=\"gb-headline gb-headline-4a6740d2\"><span class=\"gb-icon\"><svg xmlns=\"http:\/\/www.w3.org\/2000\/svg\" viewbox=\"0 0 512 512\" width=\"1em\" height=\"1em\" aria-hidden=\"true\"><path d=\"M173.898 439.404l-166.4-166.4c-9.997-9.997-9.997-26.206 0-36.204l36.203-36.204c9.997-9.998 26.207-9.998 36.204 0L192 312.69 432.095 72.596c9.997-9.997 26.207-9.997 36.204 0l36.203 36.204c9.997 9.997 9.997 26.206 0 36.204l-294.4 294.401c-9.998 9.997-26.207 9.997-36.204-.001z\" fill=\"currentColor\"><\/path><\/svg><\/span><\/div>\n\n<\/div>\n\n<div class=\"gb-container gb-container-0304ef5f\">\n\n<p class=\"gb-headline gb-headline-624d17cc gb-headline-text\">Kehittynyt teko\u00e4lyteknologia<\/p>\n\n\n\n<p class=\"gb-headline gb-headline-6875360d gb-headline-text\">Ty\u00f6kalumme hy\u00f6dynt\u00e4v\u00e4t uusimpia teko\u00e4lyalgoritmeja ja generatiivista teko\u00e4ly\u00e4 muuttaakseen tekstikehotteet eloisiksi, teko\u00e4lyn luomiksi kuviksi. Hienos\u00e4\u00e4d\u00f6n ja vakaan diffuusion kaltaisten ominaisuuksien avulla voit luoda upeita, yksityiskohtaisia taideteoksia helposti.<\/p>\n\n<\/div>\n<\/div>\n\n<div class=\"gb-container gb-container-42092c04\">\n<div class=\"gb-container gb-container-71ee177a\">\n\n<div class=\"gb-headline gb-headline-36fc3e3e\"><span class=\"gb-icon\"><svg xmlns=\"http:\/\/www.w3.org\/2000\/svg\" viewbox=\"0 0 512 512\" width=\"1em\" height=\"1em\" aria-hidden=\"true\"><path d=\"M173.898 439.404l-166.4-166.4c-9.997-9.997-9.997-26.206 0-36.204l36.203-36.204c9.997-9.998 26.207-9.998 36.204 0L192 312.69 432.095 72.596c9.997-9.997 26.207-9.997 36.204 0l36.203 36.204c9.997 9.997 9.997 26.206 0 36.204l-294.4 294.401c-9.998 9.997-26.207 9.997-36.204-.001z\" fill=\"currentColor\"><\/path><\/svg><\/span><\/div>\n\n<\/div>\n\n<div class=\"gb-container gb-container-bb23dd8a\">\n\n<p class=\"gb-headline gb-headline-11e332ea gb-headline-text\">K\u00e4ytt\u00e4j\u00e4yst\u00e4v\u00e4llinen kokemus<\/p>\n\n\n\n<p class=\"gb-headline gb-headline-1433451e gb-headline-text\">K\u00e4ytt\u00e4j\u00e4kokemusta ajatellen suunniteltu alustamme takaa saumattoman prosessin sy\u00f6t\u00f6st\u00e4 lopulliseen kuvaan. Olitpa sitten ammattitaiteilija tai aloittelija, l\u00f6yd\u00e4t teko\u00e4lyk\u00e4ytt\u00f6iset taidety\u00f6kalumme intuitiivisina ja helppok\u00e4ytt\u00f6isin\u00e4.<\/p>\n\n<\/div>\n<\/div>\n\n<div class=\"gb-container gb-container-6a2056be\">\n<div class=\"gb-container gb-container-aade45e2\">\n\n<div class=\"gb-headline gb-headline-87d36e38\"><span class=\"gb-icon\"><svg xmlns=\"http:\/\/www.w3.org\/2000\/svg\" viewbox=\"0 0 512 512\" width=\"1em\" height=\"1em\" aria-hidden=\"true\"><path d=\"M173.898 439.404l-166.4-166.4c-9.997-9.997-9.997-26.206 0-36.204l36.203-36.204c9.997-9.998 26.207-9.998 36.204 0L192 312.69 432.095 72.596c9.997-9.997 26.207-9.997 36.204 0l36.203 36.204c9.997 9.997 9.997 26.206 0 36.204l-294.4 294.401c-9.998 9.997-26.207 9.997-36.204-.001z\" fill=\"currentColor\"><\/path><\/svg><\/span><\/div>\n\n<\/div>\n\n<div class=\"gb-container gb-container-07d4fbf6\">\n\n<p class=\"gb-headline gb-headline-d1c00e48 gb-headline-text\">Ilmainen ja helppok\u00e4ytt\u00f6inen<\/p>\n\n\n\n<p class=\"gb-headline gb-headline-3a9ff30b gb-headline-text\">Tarjoamme huippuluokan taidety\u00f6kalujamme ilmaiseksi, jotta voit tutkia teko\u00e4lyn mahdollisuuksia taiteessa ilman kustannuksia. Jaa teko\u00e4lyn luomat luomuksesi sosiaalisessa mediassa ja nauti laadukkaan ja ilmaisen teko\u00e4lytaiteen eduista.<\/p>\n\n<\/div>\n<\/div>\n<\/div>\n<\/div>\n<\/section>","protected":false},"excerpt":{"rendered":"<p>Unleashing Creativity with Cutting-Edge AI Art Tools Welcome to Free AI Art Generator, where creativity meets cutting-edge technology. Our platform harnesses the power of state-of-the-art AI algorithms and generative AI to transform your text prompts into stunning, vibrant artworks. Our mission is to democratize art creation by offering a suite of free, AI-powered tools that &#8230; <a title=\"Tietoa meist\u00e4\" class=\"read-more\" href=\"https:\/\/aiartfree.online\/fi\/meista\/\" aria-label=\"Lue lis\u00e4\u00e4 aiheesta About Us\">Lue lis\u00e4\u00e4<\/a><\/p>","protected":false},"author":1,"featured_media":0,"parent":0,"menu_order":0,"comment_status":"open","ping_status":"closed","template":"","meta":{"nf_dc_page":"","footnotes":""},"class_list":["post-78","page","type-page","status-publish"],"jetpack_sharing_enabled":true,"_links":{"self":[{"href":"https:\/\/aiartfree.online\/fi\/wp-json\/wp\/v2\/pages\/78","targetHints":{"allow":["GET"]}}],"collection":[{"href":"https:\/\/aiartfree.online\/fi\/wp-json\/wp\/v2\/pages"}],"about":[{"href":"https:\/\/aiartfree.online\/fi\/wp-json\/wp\/v2\/types\/page"}],"author":[{"embeddable":true,"href":"https:\/\/aiartfree.online\/fi\/wp-json\/wp\/v2\/users\/1"}],"replies":[{"embeddable":true,"href":"https:\/\/aiartfree.online\/fi\/wp-json\/wp\/v2\/comments?post=78"}],"version-history":[{"count":0,"href":"https:\/\/aiartfree.online\/fi\/wp-json\/wp\/v2\/pages\/78\/revisions"}],"wp:attachment":[{"href":"https:\/\/aiartfree.online\/fi\/wp-json\/wp\/v2\/media?parent=78"}],"curies":[{"name":"wp","href":"https:\/\/api.w.org\/{rel}","templated":true}]}}